{"id":9938,"date":"2024-02-19T15:00:26","date_gmt":"2024-02-19T15:00:26","guid":{"rendered":"https:\/\/canaryvip.com\/?post_type=product&#038;p=9938"},"modified":"2025-08-13T23:29:03","modified_gmt":"2025-08-13T22:29:03","slug":"no-worries-private-yacht-charter-tenerife","status":"publish","type":"product","link":"https:\/\/canaryvip.com\/sl\/shop\/no-worries-private-yacht-charter-tenerife\/","title":{"rendered":"No Worries Yacht Charter Tenerife"},"content":{"rendered":"<h2><strong>\ud83c\udf0a Odkrijte zakup jahte brez skrbi na Tenerifih<\/strong><\/h2>\n<p>Korak na krov <strong>Brez skrbi,<\/strong> elegantno <strong>Antares 42 jahte,<\/strong>\u00a0in se odpravite na spektakularno potovanje po osupljivih obalah Tenerifov. Ta najem \u010dolna na Tenerifih je namenjen zagotavljanju intimne in prilagojene \u010darterske izku\u0161nje ter je va\u0161a osebna oaza razko\u0161ja, udobja in pustolov\u0161\u010din, ki i\u0161\u010dejo vznemirjenje.<\/p>\n<p>Privo\u0161\u010dite si \u0161tevilne vrhunske vsebine in zanimive dejavnosti, ki zagotavljajo, da je vsak trenutek na krovu ustvarjen tako, da prese\u017ee va\u0161a pri\u010dakovanja glede izjemne pomorske pustolov\u0161\u010dine.<\/p>\n<h3>\u2b50\ufe0f <strong>Vrhunsko udobje in ekskluzivna zasebnost<\/strong><\/h3>\n<p><span style=\"text-decoration: underline;\"><strong>Izjemno udobje, zaradi katerega je ta najem \u010dolna na Tenerifih edinstven:<\/strong><\/span><\/p>\n<ul>\n<li>Luksuzni sprednji \u010doln blazine in prostorno Fly Bridge, kot nala\u0161\u010d za sprostitev in son\u010denje.<\/li>\n<li>Sodobne kopalnice s prho.<\/li>\n<li>Razli\u010dne vrhunske vsebine, ki so namenjene izbolj\u0161anju va\u0161ega bivanja na krovu.<\/li>\n<\/ul>\n<h3>\ud83d\udd52 <strong>Prilagodljive mo\u017enosti zakupa, ki ustrezajo vsem \u017eeljam<\/strong><\/h3>\n<ul>\n<li><strong>2-urni izlet za odkrivanje<\/strong>: Kratek, a nepozaben vpogled v morske lepote Tenerifov, ki sprejme do 10 potnikov. Ta izlet vklju\u010duje vse pija\u010de, bagete, tapase, sve\u017ee sadje, opremo za potapljanje, vesla in posebnega natakarja.<\/li>\n<li><strong>3-urno podpisano potovanje<\/strong>: S tem triurnim izletom, ki vklju\u010duje tudi vse pija\u010de, bagete, tapase, sve\u017ee sadje, opremo za potapljanje, vesla in posebnega natakarja, se poglobite v obalno razko\u0161je Tenerifov.<\/li>\n<li><strong>4-urno podalj\u0161ano potovanje<\/strong>: Ta \u010darter ponuja ve\u010d \u010dasa na vodi in vklju\u010duje vse udobje kraj\u0161ih izletov ter plavajo\u010di klub na pla\u017ei za ve\u010djo sprostitev in u\u017eivanje. Na voljo so vse pija\u010de, bagete, tapasi, sve\u017ee sadje, oprema za potapljanje in deske za veslanje ter natakar, ki poskrbi za va\u0161e potrebe.<\/li>\n<li><strong>6-urno raziskovanje Premium<\/strong>: To podalj\u0161ano potovanje omogo\u010da globlje raziskovanje o\u010darljivih obal otoka, ponuja plavajo\u010di klub na pla\u017ei in dodatne menije, kot so kanarski pe\u010den pi\u0161\u010danec s krompirjem in solato ali paella, ter vse pija\u010de, bagete, tapase, opremo za potapljanje in vesla. Vklju\u010den je tudi poseben natakar, ki vam bo \u0161e polep\u0161al izku\u0161njo.<\/li>\n<li><strong>8-urna pustolov\u0161\u010dina Ultimate Adventure<\/strong>: Najobse\u017enej\u0161a mo\u017enost \u010darterja za najve\u010d 10 potnikov, ki ponuja enako razko\u0161no opremo kot \u0161esturni izlet, vklju\u010dno s plavajo\u010dim klubom na pla\u017ei, raznoliko ponudbo hrane in vso potrebno opremo za dan, poln razko\u0161ja in raziskovanja.<\/li>\n<li>Na voljo so prilagodljive mo\u017enosti in alternativni meniji, vklju\u010dno s su\u0161ijem, ribjimi jedmi, vegetarijanskimi meniji ter ekskluzivnimi \u0161ampanjci in \u017eganimi pija\u010dami, da bo va\u0161e potovanje popolnoma usklajeno z va\u0161imi \u017eeljami.<\/li>\n<\/ul>\n<h4>\ud83d\udea4 <strong>\ud83d\udea4 Jadralne pustolov\u0161\u010dine po meri z na\u0161o strokovno posadko<\/strong><\/h4>\n<p>Na\u0161a izku\u0161ena in ve\u010djezi\u010dna posadka se zavzema za to, da vam ponudi jadralno izku\u0161njo, ki je natan\u010dno prilagojena va\u0161im \u017eeljam, in vas popelje po nekaterih najbolj osupljivih znamenitostih Kanarskih otokov, kar je zelo osebno potovanje.<\/p>\n<h4>\ud83c\udf0a <strong>\ud83c\udf0a Napredna navigacijska oprema za brezskrbno jadranje<\/strong><\/h4>\n<p><strong>Brez skrbi<\/strong> ima najsodobnej\u0161o navigacijsko tehnologijo, ki zagotavlja gladko in mirno plovbo po azurnih vodah Tenerifa, tako da je va\u0161e potovanje vznemirljivo in mirno.<\/p>\n<h3>\u2705 <strong>Ekskluzivne funkcije Brez skrbi<\/strong><\/h3>\n<ul>\n<li>Popolno razko\u0161je all-inclusive: od neomejenih vrhunskih pija\u010d do gurmanskih jedi ter razli\u010dnih dejavnosti, kot sta veslanje z veslom in potapljanje, je vsaka podrobnost skrbno urejena za va\u0161e zadovoljstvo.<\/li>\n<li>Na zahtevo so na voljo posebne dietne namestitve, ki ponujajo prilagojeno kulinari\u010dno izku\u0161njo.<\/li>\n<li>Zlahka dostopna zbirna to\u010dka v <a href=\"https:\/\/www.google.com\/maps\/place\/Puerto+Col%C3%B3n\/@28.0780067,-16.7394902,17z\/data=!3m2!4b1!5s0xc6a97433884bdf9:0x76d293b7b99db23a!4m6!3m5!1s0xc6a9743509c9ebf:0xd62345524f768247!8m2!3d28.078002!4d-16.7369153!16s%2Fg%2F11c6cqryw_?entry=tts&amp;g_ep=EgoyMDI0MDUwNS4wKgBIAVAD\" target=\"_blank\" rel=\"noopener\">Puerto Col\u00f3n,<\/a> Costa Adeje, ki ga podpirajo preproste mo\u017enosti parkiranja.<\/li>\n<\/ul>\n<h4>\ud83d\udd53 <strong>Nezahtevni proces rezervacij in vkrcavanje<\/strong><\/h4>\n<ul>\n<li>Potovanje rezervirajte vnaprej, da si zagotovite \u017eeleni datum in do\u017eivite neprimerljivo razko\u0161je.<\/li>\n<li>Prihod 15 minut pred odhodom zagotavlja nemoten za\u010detek va\u0161ega luksuznega potovanja.<\/li>\n<\/ul>\n<h4>\ud83d\udcdc <strong>Celovita prilagodljivost rezervacij in odpovedi<\/strong><\/h4>\n<ul>\n<li><strong>zanesljiv na\u010drt za nepredvidljive vremenske razmere:<\/strong> \u010ce pogoji za plovbo niso ugodni, lahko izberete drug datum ali povrnete denar v celoti.<\/li>\n<li><strong>Prilagodljivi pogoji odpovedi:<\/strong> Brez kazni lahko prekli\u010dete kraj\u0161e izlete do 4 dni prej, dalj\u0161e izlete pa do 6 dni prej.<\/li>\n<li>Sporo\u010dite nam morebitne prehranske omejitve 48 ur pred \u010darterjem, da bomo lahko prilagodili va\u0161e kulinari\u010dno do\u017eivetje.<\/li>\n<\/ul>\n<p>Odpravite se na izjemno potovanje razko\u0161ja, zasebnosti in pustolov\u0161\u010dine z zasebno jahto No Worries.<\/p>\n<p><a href=\"https:\/\/canaryvip.com\/sl\/tenerife\/boat-hire-tenerife\/\">Najem \u010dolna na Tenerifih<\/a> \u0161e danes in spoznajte najbolj\u0161i na\u010din do\u017eivljanja veli\u010dastnih voda Tenerifov. \ud83c\udf1f\ud83d\udee5\ufe0f\ud83c\udf0a<\/p>","protected":false},"excerpt":{"rendered":"<p><strong>\ud83d\udd0d No Worries \u010coln:<\/strong><br \/>\n\u2705 Varno pla\u010dilo.<br \/>\n\ud83d\udee5\ufe0f 13.5m Yacht Comfort.<br \/>\n\u23f3 Dnevni ogledi od 2 do 12 ur.<br \/>\n\ud83d\udd59 Prilagodljivi \u010dasi odhoda.<br \/>\n\ud83c\udf74 Vklju\u010dena je prehrana in pija\u010da.<br \/>\n\ud83d\udc65 Do 10 gostov.<br \/>\n\ud83d\udedd Vodni tobogan za +6H ture.<br \/>\n\ud83c\udfc4\u200d\u2640\ufe0f Vklju\u010dena so vesla.<br \/>\n\ud83e\udd3f Oprema za potapljanje je na voljo.<br \/>\n\ud83d\udd0a Predvajajte glasbo.<br \/>\n\ud83e\udd11 Zagotovljena najbolj\u0161a cena.<br \/>\n\ud83d\udc6a Aktivirani popusti.<br \/>\n\ud83d\udd01 Do 4 dni odpovedi.<br \/>\n\ud83c\udf0d Ve\u010djezi\u010dna posadka.<br \/>\n\ud83c\udf1f Rezervirajte zgodaj in prihranite!<br \/>\n\ud83d\udccd Odhod iz\u00a0<a href=\"https:\/\/maps.app.goo.gl\/ocJuu7A8R1JWjPbS9\">Puerto Colon<\/a>.<\/p>","protected":false},"featured_media":13629,"comment_status":"open","ping_status":"closed","template":"","meta":{"_acf_changed":false},"product_brand":[],"product_cat":[47],"product_tag":[],"class_list":{"0":"post-9938","1":"product","2":"type-product","3":"status-publish","4":"has-post-thumbnail","6":"product_cat-boat-hire-tenerife","7":"wcpa_has_options","9":"first","10":"instock","11":"sale","12":"virtual","13":"purchasable","14":"product-type-simple"},"acf":[],"wcpa_form_fields":{"wcpaData":{"product":{"product_price":745,"price_html":"From&nbsp;<del aria-hidden=\"true\"><span class=\"woocommerce-Price-amount amount\"><bdi>800,00&nbsp;<span class=\"woocommerce-Price-currencySymbol\">&euro;<\/span><\/bdi><\/span><\/del> <span class=\"screen-reader-text\">Prvotna cena je bila: 800,00&nbsp;&euro;.<\/span><ins aria-hidden=\"true\"><span class=\"woocommerce-Price-amount amount\"><bdi>745,00&nbsp;<span class=\"woocommerce-Price-currencySymbol\">&euro;<\/span><\/bdi><\/span><\/ins><span class=\"screen-reader-text\">Trenutna cena je: 745,00&nbsp;&euro;.<\/span>","original_product_price":800,"price_including_tax":745,"price_excluding_tax":745,"product_id":{"parent":9938,"variation":false},"is_variable":false,"stock_status":"instock","stock_quantity":null,"parent_sku":"CV9938","product_attributes":[],"custom_fields":[],"is_taxable":false,"product_name":"No Worries Yacht Charter Tenerife","hasImage":false},"fields":{"sec_7663b89a2e2f8f":{"extra":{"key":"sec_7663b89a2e2f8f","section_id":"sec_7663b89a2e2f8f","name":"Default","status":1,"cl_rule":"show","enableCl":false,"relations":[],"toggle":true,"title_tag":"h3","show_title":false,"showPrice":"default","form_id":11415,"form_rules":{"exclude_from_discount":true,"fee_label":"Fee","disp_hide_options_price":true,"disp_show_section_price":false,"disp_show_field_price":true,"layout_option":"standard","pric_use_as_fee":false,"process_fee_as":"woo_fee"},"layout_option":"standard"},"fields":[[{"label":"\ud83d\udcc5 Date","active":true,"required":true,"elementId":"date_9663b89a2e2faf","picker_type":"custom","picker_mode":"single","placeholder":"","description":"","tooltip":"","name":"date_9663b89a2e2faf","label_position":"default","desc_position":"default","enablePrice":false,"className":"","enableCl":false,"relations":[{"operator":"and","rules":[{"operator":"AND","rules":{"cl_field":"radio-group_565c78ffa81208","cl_relation":"is","cl_val":"3 Hour Trip"}}]}],"date_pic_inline":true,"date_pic_inline_hide":true,"min_date":{"type":"days","val":"2"},"max_date":{"type":"days","val":"365"},"date_pic_conf":{"disabledWeeks":[],"disabledDates":["2025-08-25","2025-08-28 to 2025-08-29"]},"price":"","cl_rule":"show","col":6,"type":"date","error":false,"enableDesign":false,"LabelColor":"","isWeightTemplate":false,"isTemplate":false,"min_quantity":"1","quantity_decimal":false,"quantity_step":"1","quantity_label":"Quantity","repeater_field_label":"{field_label}","repeater_bind":"","gt_translate_keys":["label","placeholder","description","tooltip","repeater_field_label","quantity_label"],"price_dependency":false,"cl_dependency":false,"value":""}],[{"contentType":"rich","active":true,"label":"","elementId":"content_4663b89a2e2fbd","value":"<p>\ud83c\udf9f\ufe0f <strong>Reservation<\/strong>: Pay only a deposit now to reserve; the rest is due on the day of the activity upon arrival.<\/p>","inline":false,"name":"content_4663b89a2e2fbd","enablePrice":false,"className":"","subtype":"p","enableCl":false,"relations":false,"price":"","cl_rule":"show","col":6,"type":"content","error":false,"pricingType":"custom","isTemplate":false,"is_show_price":true,"show_in_checkout":true,"gt_translate_keys":["label","value"],"price_dependency":false,"cl_dependency":false}],[{"elementId":"separator_2663b89a2e2fc9","separatorType":"blank","className":"","height":"3","enableCl":false,"relations":false,"cl_rule":"show","col":6,"type":"separator","error":false,"gt_translate_keys":[],"price_dependency":false,"cl_dependency":false,"value":""}],[{"active":true,"col":6,"relations":false,"cl_rule":"show","enableCl":false,"price":"","enablePrice":true,"className":"","label_position":"default","desc_position":"default","type":"select","required":true,"elementId":"select_2663b89a2e2fd3","label":"\u23f3 Trip Duration","name":"select_2663b89a2e2fd3","values":[{"label":"2 Hours (745\u20ac)","value":"2","selected":false,"tempId":"aco_212","price":"745","gt_translate_keys":["label"]},{"label":"3 Hours (825\u20ac)","value":"3","selected":false,"tempId":"aco_556","price":"825","gt_translate_keys":["label"]},{"label":"4 Hours (1.065\u20ac)","value":"4","selected":false,"tempId":"aco_640","price":"1065","gt_translate_keys":["label"]},{"label":"5 Hours (1.330\u20ac","value":"5","selected":false,"tempId":"aco_100","price":"1330","gt_translate_keys":["label"]},{"label":"6 Hours (1.595\u20ac)","value":"6","selected":false,"tempId":"aco_660","price":"1595","gt_translate_keys":["label"]},{"label":"8 Hours (1.995\u20ac)","value":"8","selected":false,"tempId":"aco_19","price":"1995","gt_translate_keys":["label"]}],"dropdown_type":"basic","error":false,"placeholder":"Select Trip Duration","priceOptions":"different_for_all","pricingType":"fixed","is_show_price":true,"isWeightTemplate":false,"isTemplate":false,"min_quantity":"1","quantity_decimal":false,"quantity_step":"1","quantity_label":"Quantity","repeater_field_label":"{field_label}","repeater_bind":"","gt_translate_keys":["label","placeholder","repeater_field_label","quantity_label"],"price_dependency":["content_3663b89a2e2ff1","content_7663b89a2e2ffb"],"cl_dependency":false,"value":""}],[{"label":"\u2705 Number of People","active":true,"required":true,"elementId":"select_10663b89a2e2fdd","dropdown_type":"basic","placeholder":"Select Number of People","name":"select_10663b89a2e2fdd","label_position":"default","desc_position":"default","enablePrice":false,"className":"","enableCl":false,"relations":[{"operator":false,"rules":[{"operator":"AND","rules":{"cl_field":"radio-group_565c78ffa81208","cl_relation":"is","cl_val":"3 Hour Trip"}}]}],"values":[{"label":"1 person","value":"1","selected":false,"tempId":"aco_1471","price":"0","gt_translate_keys":["label"]},{"label":"2 people","value":"2","selected":false,"tempId":"aco_1472","price":"0","gt_translate_keys":["label"]},{"label":"3 people","value":"3","selected":false,"tempId":"aco_1500","price":"0","gt_translate_keys":["label"]},{"label":"4 people","value":"4","selected":false,"tempId":"aco_1510","price":"0","gt_translate_keys":["label"]},{"label":"5 people","value":"5","selected":false,"tempId":"aco_1520","price":"0","gt_translate_keys":["label"]},{"label":"6 people","value":"6","selected":false,"tempId":"aco_1728","price":"0","gt_translate_keys":["label"]},{"label":"7 people","value":"7","selected":false,"tempId":"aco_1738","price":"20","gt_translate_keys":["label"]},{"label":"8 people","value":"8","selected":false,"tempId":"aco_1748","price":"40","gt_translate_keys":["label"]},{"label":"9 people","value":"9","selected":false,"tempId":"aco_1912","price":"60","gt_translate_keys":["label"]},{"label":"10 people","value":"10","selected":false,"tempId":"aco_1922","price":"80","gt_translate_keys":["label"]}],"price":"","cl_rule":"show","col":6,"type":"select","error":false,"priceOptions":"different_for_all","pricingType":"fixed","is_show_price":true,"isWeightTemplate":false,"isTemplate":false,"min_quantity":"1","quantity_decimal":false,"quantity_step":"1","quantity_label":"Quantity","repeater_field_label":"{field_label}","repeater_bind":"","gt_translate_keys":["label","placeholder","repeater_field_label","quantity_label"],"price_dependency":false,"cl_dependency":false,"value":""}],[{"active":true,"col":6,"relations":false,"cl_rule":"show","enableCl":false,"price":"","enablePrice":true,"className":"","label_position":"default","desc_position":"default","type":"select","required":false,"elementId":"select_8764721131","label":"\ud83d\udca6 Add jet-skis?","name":"select_8764721131","values":[{"label":"1 JetSki for 1 Hour (250\u20ac)","value":"1JetSki 1H","selected":false,"tempId":"aco_167","price":"250","gt_translate_keys":["label"]},{"label":"2 JetSkis for 1 Hour (500\u20ac)","value":"2JetSkis 1H","selected":false,"tempId":"aco_168","price":"500","gt_translate_keys":["label"]}],"isWeightTemplate":false,"error":false,"isTemplate":false,"min_quantity":"1","quantity_decimal":false,"quantity_step":"1","quantity_label":"Quantity","repeater_field_label":"{field_label}","repeater_bind":"","dropdown_type":"basic","description":"Private JetSki tour from the boat with a JetSki instructor.","placeholder":"None","priceOptions":"different_for_all","pricingType":"fixed","is_show_price":true,"gt_translate_keys":["label","placeholder","description","repeater_field_label","quantity_label"],"price_dependency":["content_3663b89a2e2ff1"],"cl_dependency":false,"value":""}],[{"elementId":"separator_6663b89a2e2fe7","separatorType":"fill","className":"","height":"6","enableCl":false,"relations":false,"cl_rule":"show","col":6,"type":"separator","error":false,"separatorColor":"#66a6b6","gt_translate_keys":[],"price_dependency":false,"cl_dependency":false,"value":""}],[{"active":true,"col":6,"relations":false,"cl_rule":"show","enableCl":false,"price":"(({field.select_2663b89a2e2fd3.price})*0.20)+({field.select_8764721131.price})","enablePrice":true,"className":"","label_position":"default","desc_position":"default","type":"content","required":false,"elementId":"content_3663b89a2e2ff1","label":"Deposit Payment","name":"content_3663b89a2e2ff1","contentType":"plain","value":"","error":false,"pricingType":"custom","isTemplate":false,"is_show_price":false,"enableDesign":true,"scrollBar":false,"use_as_fee":false,"fee_label":"Payment Now","inline":true,"show_in_checkout":true,"subtype":"div","formulaId":"fmla_1708364241278155361","LabelSize":"14px","gt_translate_keys":["label","value"],"price_dependency":["content_3663b89a2e3004"],"cl_dependency":false}],[{"contentType":"plain","active":true,"label":"Payment at Arrival","elementId":"content_7663b89a2e2ffb","value":"","inline":true,"show_in_checkout":true,"name":"content_7663b89a2e2ffb","enablePrice":true,"className":"","fee_label":"Payment at Arrival","subtype":"div","enableCl":false,"relations":false,"scrollBar":false,"enableDesign":true,"pricingType":"custom","isTemplate":false,"price":"({field.select_2663b89a2e2fd3.price})*0.80","use_as_fee":false,"is_show_price":true,"cl_rule":"show","col":6,"type":"content","error":false,"formulaId":"fmla_1708360988969136756","LabelSize":"14px","gt_translate_keys":["label","value"],"price_dependency":["content_3663b89a2e3004"],"cl_dependency":false}],[{"contentType":"plain","active":true,"label":"Total Price","elementId":"content_3663b89a2e3004","value":"","inline":true,"show_in_checkout":true,"name":"content_3663b89a2e3004","enablePrice":true,"className":"","fee_label":"Payment at Arrival","subtype":"div","enableCl":false,"relations":false,"scrollBar":false,"enableDesign":true,"LabelSize":"14px","pricingType":"custom","isTemplate":false,"price":"({field.content_3663b89a2e2ff1.price}) + ({field.content_7663b89a2e2ffb.price})","formulaId":"fmla_1708360988969136756","use_as_fee":false,"is_show_price":true,"cl_rule":"show","col":6,"type":"content","error":false,"gt_translate_keys":["label","value"],"price_dependency":false,"cl_dependency":false}],[{"elementId":"separator_10663b89a2e300e","separatorType":"blank","className":"","height":"3","enableCl":false,"relations":false,"cl_rule":"show","col":6,"type":"separator","error":false,"gt_translate_keys":[],"price_dependency":false,"cl_dependency":false,"value":""}],[{"active":true,"col":6,"relations":[{"operator":false,"rules":[{"operator":"AND","rules":{"cl_field":"radio-group_565c78ffa81208","cl_relation":"is","cl_val":"3 Hour Trip"}}]}],"cl_rule":"show","enableCl":false,"price":"","enablePrice":false,"className":"","label_position":"default","desc_position":"default","type":"select","required":false,"elementId":"select_2663b89a2e3017","label":"\u23f0 Departure","name":"select_2663b89a2e3017","values":[{"label":"09:00","value":"09:00","selected":false,"tempId":"aco_1471","gt_translate_keys":["label"]},{"label":"10:00","value":"10:00","selected":false,"tempId":"aco_1472","gt_translate_keys":["label"]},{"label":"11:00","value":"11:00","selected":false,"tempId":"aco_1500","gt_translate_keys":["label"]},{"label":"12:00","value":"12:00","selected":false,"tempId":"aco_1510","gt_translate_keys":["label"]},{"label":"13:00 (1:00 PM)","value":"13:00","selected":false,"tempId":"aco_1520","gt_translate_keys":["label"]},{"label":"14:00 (2:00 PM)","value":"14:00","selected":false,"tempId":"aco_1728","gt_translate_keys":["label"]},{"label":"15:00 (3:00 PM)","value":"15:00","selected":false,"tempId":"aco_1738","gt_translate_keys":["label"]},{"label":"16:30 (4:30 PM)","value":"16:30","selected":false,"tempId":"aco_100","gt_translate_keys":["label"]}],"dropdown_type":"basic","error":false,"placeholder":"Whichever Time is Best","isWeightTemplate":false,"isTemplate":false,"min_quantity":"1","quantity_decimal":false,"quantity_step":"1","quantity_label":"Quantity","repeater_field_label":"{field_label}","repeater_bind":"","gt_translate_keys":["label","placeholder","repeater_field_label","quantity_label"],"price_dependency":false,"cl_dependency":false,"value":""}],[{"elementId":"separator_8663b89a2e3021","separatorType":"blank","className":"","height":"1","enableCl":false,"relations":false,"cl_rule":"show","col":6,"type":"separator","error":false,"gt_translate_keys":[],"price_dependency":false,"cl_dependency":false,"value":""}]]}},"config":{"price_override":"always","enable_recaptcha":false,"bind_quantity":false,"quantity_bind_formula":false,"disp_summ_show_option_price":true,"disp_summ_show_product_price":false,"disp_summ_show_total_price":false,"disp_summ_show_fee":true,"disp_summ_show_discount":true,"summary_title":"","options_total_label":"Options Price","total_label":"Deposit Amount","options_product_label":"Product Price","fee_label":"Fee","discount_label":"Discount","has_price":true,"has_quantity_formula":false},"mc_unit":1,"tax_rate":1,"tax_rate_real":1,"discount":{"percentage":0,"fixed":0},"design":{"conf":{"LabelPosition":"above","DescPosition":"above","UploadField":"custom_1","QuantityFieldStyle":"custom_1"},"css":{"LeftLabelWidth":"120px"}},"formulas":{"fmla_1708360988969136756":"(({field.select_2663a0ecdc488f.value}>=5)?(640):(({field.select_2663a0ecdc488f.value}>=4)?(520):(({field.select_2663a0ecdc488f.value}>=3)?(440):(0))))","fmla_1708364241278155361":"(({field.select_5841412719.value}>=8)?({field.select_5841412719.price}):(({field.select_5841412719.value}>=5)?({field.select_5841412719.price}):(({field.select_5841412719.value}>=3)?({field.select_5841412719.price}):(0))))"},"lookuptables":[],"clones":false,"cartKey":false}},"_links":{"self":[{"href":"https:\/\/canaryvip.com\/sl\/wp-json\/wp\/v2\/product\/9938","targetHints":{"allow":["GET"]}}],"collection":[{"href":"https:\/\/canaryvip.com\/sl\/wp-json\/wp\/v2\/product"}],"about":[{"href":"https:\/\/canaryvip.com\/sl\/wp-json\/wp\/v2\/types\/product"}],"replies":[{"embeddable":true,"href":"https:\/\/canaryvip.com\/sl\/wp-json\/wp\/v2\/comments?post=9938"}],"wp:featuredmedia":[{"embeddable":true,"href":"https:\/\/canaryvip.com\/sl\/wp-json\/wp\/v2\/media\/13629"}],"wp:attachment":[{"href":"https:\/\/canaryvip.com\/sl\/wp-json\/wp\/v2\/media?parent=9938"}],"wp:term":[{"taxonomy":"product_brand","embeddable":true,"href":"https:\/\/canaryvip.com\/sl\/wp-json\/wp\/v2\/product_brand?post=9938"},{"taxonomy":"product_cat","embeddable":true,"href":"https:\/\/canaryvip.com\/sl\/wp-json\/wp\/v2\/product_cat?post=9938"},{"taxonomy":"product_tag","embeddable":true,"href":"https:\/\/canaryvip.com\/sl\/wp-json\/wp\/v2\/product_tag?post=9938"}],"curies":[{"name":"wp","href":"https:\/\/api.w.org\/{rel}","templated":true}]}}