{"id":9834,"date":"2024-02-15T22:11:39","date_gmt":"2024-02-15T22:11:39","guid":{"rendered":"https:\/\/canaryvip.com\/?post_type=product&#038;p=9834"},"modified":"2025-08-09T12:53:55","modified_gmt":"2025-08-09T11:53:55","slug":"forestal-park-tenerife","status":"publish","type":"product","link":"https:\/\/canaryvip.com\/sl\/shop\/forestal-park-tenerife\/","title":{"rendered":"Park Forestal Tenerife"},"content":{"rendered":"<h2><strong>\ud83c\udf32 Gozdni park Tenerife: Potopite se na naravno igri\u0161\u010de!<\/strong><\/h2>\n<p>Podajte se na pustolov\u0161\u010dino, kakr\u0161ne \u0161e ni bilo, v <strong>Park Forestal Tenerife,<\/strong> kjer se vznemirjenje na prostem prepleta z mirno lepoto stoletnih borovih gozdov. Do\u017eivite vznemirjenje ob vo\u017enji po najve\u010dji zip liniji in pustolovskem parku na Kanarskih otokih. Z ve\u010d kot 90 edinstvenimi vi\u0161inskimi izzivi, vklju\u010dno z vise\u010dimi mostovi, mre\u017eami, lianami in dih jemajo\u010dimi zip linijami, se bo va\u0161 pustolovski duh dvignil v nove vi\u0161ave.<\/p>\n<h3><strong>\ud83c\udfa2 Zakaj izbrati na\u0161o pustolov\u0161\u010dino?<\/strong><\/h3>\n<ul>\n<li><strong>Zagotovljena zabava:<\/strong> Z vnaprej\u0161njo rezervacijo si zagotovite svoje mesto in se izognite razo\u010daranju zaradi polnega parka.<\/li>\n<li><strong>Ekskluzivni popusti:<\/strong> U\u017eivajte v ekskluzivnih popustih pri rezervaciji naslednje pustolov\u0161\u010dine z nami!<\/li>\n<li><strong>Prilagodljivi na\u010drti:<\/strong> Sprememba na\u010drtov? Na\u0161 ugoden pravilnik o odpovedi vas pokriva.<\/li>\n<li><strong>Notranji nasveti:<\/strong> Izkoristite na\u0161e izku\u0161nje iz prve roke in priporo\u010dila za najbolj\u0161o pustolov\u0161\u010dino.<\/li>\n<\/ul>\n<h3><strong>\ud83d\udc65 Team Building in skupinska do\u017eivetja<\/strong><\/h3>\n<p>Z na\u0161imi raznovrstnimi pustolov\u0161\u010dinami za team building izbolj\u0161ajte tovari\u0161tvo in ustvarite trajne vezi v vsaki skupini. <strong>Park Forestal Tenerife<\/strong> ponuja zna\u010dilno ozadje, ki je kot nala\u0161\u010d za krepitev ekipnega duha med <strong>skupine podjetij,<\/strong>\u00a0praznovanje posebnih trenutkov z <strong>prijatelji,<\/strong>\u00a0ozna\u010devanje mejnikov, kot so <strong>rojstni dnevi,<\/strong>\u00a0ali prina\u0161anje <strong>velika dru\u017einska sre\u010danja<\/strong> zbli\u017eali.<\/p>\n<p>zbli\u017eali. Na\u0161i skrbno pripravljeni izzivi ne le zabavajo, temve\u010d tudi spodbujajo timsko delo, komunikacijo ter skupni ob\u010dutek zmage in enotnosti v vseh vrstah skupin. Ne glede na to, ali \u017eelite okrepiti korporativne ekipe, ustvariti nepozabne spomine na rojstni dan, zdru\u017eiti prijatelje v pustolov\u0161\u010dini ali zbrati raz\u0161irjene dru\u017eine na dan zabave, na\u0161 park zagotavlja vklju\u010dujo\u010do, zanimivo in nepozabno izku\u0161njo za vse.<\/p>\n<h3><strong>\ud83d\udee0\ufe0f Priprava na pustolov\u0161\u010dino<\/strong><\/h3>\n<ul>\n<li><strong>Rezervirajte vnaprej:<\/strong> Vstop si zagotovite z vnaprej\u0161njo rezervacijo.<\/li>\n<li><strong>Nasveti ob prihodu<\/strong>: Gostom, ki bivajo v La Esperanzi, svetujemo, da svoj obisk na ju\u017enem Tenerifu skrbno na\u010drtujejo vnaprej, saj pot z avtomobilom traja vsaj eno uro. Upo\u0161tevajte morebitne zamude zaradi lokalnih kolesarjev in razmer na gorskih cestah, da zagotovite nemoten in pravo\u010dasen prihod.<\/li>\n<li><strong>Obleka Desno:<\/strong> Oblecite se v obla\u010dila, primerna za aktiven dan na prostem.<\/li>\n<li><strong>Pred obiskom:<\/strong> Prijavite se 30 minut pred rezervacijo, da se seznanite s ponudbo parka.<\/li>\n<\/ul>\n<h3><strong>\ud83c\udf33 Pustolov\u0161\u010dina \u010daka na vsakem koraku<\/strong><\/h3>\n<ul>\n<li><strong>Razli\u010dni izzivi:<\/strong> Na\u0161 park je namenjen vsem iskalcem pustolov\u0161\u010din, od mirnih sprehodov do ekstremnih u\u017eitkov.<\/li>\n<li><strong>Stalna varnost:<\/strong> Na\u0161a strokovna ekipa poskrbi, da ste ves \u010das varno povezani, kar vam zagotavlja brezskrbno izku\u0161njo.<\/li>\n<li><strong>Ve\u010d za raziskovanje:<\/strong> Odkrijte bogato paleto pustolov\u0161\u010din, ki jih Tenerife ponuja onkraj kro\u0161enj dreves.<\/li>\n<\/ul>\n<h3><strong>\ud83c\udfde\ufe0f Zna\u010dilnosti na\u0161ega zunanjega parka<\/strong><\/h3>\n<ul>\n<li><strong>Odli\u010dna narava:<\/strong> Potopite se v bujno biotsko raznovrstnost gozdov na Tenerifih.<\/li>\n<li><strong>Dejavnosti za vse:<\/strong> U\u017eivajte v razli\u010dnih izzivih v kro\u0161njah dreves, primernih za vse starosti in ravni spretnosti.<\/li>\n<li><strong>Strokovne smernice:<\/strong> Na\u0161i usposobljeni in\u0161truktorji poskrbijo za zabavno in varno pustolov\u0161\u010dino za vse.<\/li>\n<li><strong>Ekolo\u0161ko ozave\u0161\u010deni:<\/strong> Na\u0161a zavezanost k trajnosti pomeni, da u\u017eivamo v naravi, ne da bi ji \u0161kodovali.<\/li>\n<li><strong>Dodatki:<\/strong> V na\u0161i kavarni si lahko nato\u010dite gorivo in uporabite \u010diste prostore za prijeten dan.<\/li>\n<\/ul>\n<h3><strong>\ud83d\udcc5 Na\u010drtujte svoj obisk<\/strong><\/h3>\n<ul>\n<li><strong>Ure pustolov\u0161\u010dine:<\/strong> Odprto vsak dan od 10:00 do 18:00. Obvezno pridite do 16:30, da bo zadnji vstop.<\/li>\n<li><strong>Enostavna spletna rezervacija:<\/strong> Izognite se \u010dakalnim vrstam in si vstopnice rezervirajte prek spleta. Preverite posebne cene in popuste!<\/li>\n<\/ul>\n<h3><strong>\ud83d\udee1\ufe0f Rezervacije mirnega spanca<\/strong><\/h3>\n<ul>\n<li><strong>Takoj\u0161nja potrditev:<\/strong> Prejmite potrditveno e-po\u0161tno sporo\u010dilo s podatki o rezervaciji in edinstveno referen\u010dno \u0161tevilko.<\/li>\n<li><strong>Posebne ponudbe:<\/strong> Vse rezervacije so opremljene s posebnim popustom za va\u0161o naslednjo pustolov\u0161\u010dino in skupinskimi popusti.<\/li>\n<li><strong>Zavezanost k varnosti:<\/strong> Upo\u0161tevanje na\u0161ih varnostnih smernic je bistvenega pomena za zabaven in varen obisk.<\/li>\n<li><strong>Upo\u0161tevanje odpovedi:<\/strong> Prilagodljiva politika odpovedi, ki omogo\u010da brezpla\u010dne spremembe do 48 ur pred rezervacijo. Za odpovedi v 48 urah se zara\u010duna pristojbina 50%, odpovedi v 48 urah pa ni mogo\u010de povrniti.<\/li>\n<\/ul>\n<h4><strong>\ud83c\udf04 Ste pripravljeni do\u017eiveti najve\u010djo pustolov\u0161\u010dino na prostem?<\/strong><\/h4>\n<p>Pridru\u017eite se nam na potovanju med kro\u0161njami dreves in odkrijte naravne lepote Tenerifov od zgoraj. Rezervirajte svojo pustolov\u0161\u010dino zdaj in vstopite v svet vznemirjenja in odkrivanja! \ud83c\udf32\ud83c\udfde\ufe0f<\/p>","protected":false},"excerpt":{"rendered":"<p>\ud83d\udd0d <strong>Park Forestal Tenerife<\/strong>:<br \/>\n\u2705 Varno pla\u010dilo.<br \/>\n\ud83c\udf32 Najve\u010dji park zipline in pustolovski park.<br \/>\n\ud83d\udc64 Dejavnosti za vse starosti.<br \/>\n\ud83d\udd56 Odprto od 10:00 do 18:00.<br \/>\n\ud83d\udcc5 pet, sob in nedelja.<br \/>\n\ud83d\ude97 Na voljo je parkiri\u0161\u010de za obiskovalce.<br \/>\n\ud83e\udd7e Zagotovljena varnostna oprema.<br \/>\n\ud83e\udd11 Zagotovljena najbolj\u0161a cena.<br \/>\n\ud83d\udc68\u200d\ud83d\udc69\u200d\ud83d\udc67\u200d\ud83d\udc66 Skupinski in dru\u017einski popusti.<br \/>\n\ud83c\udf10 Ve\u010djezi\u010dno osebje.<br \/>\n\ud83c\udf32 Priporo\u010dena predhodna rezervacija.<br \/>\n\ud83d\udccd Nahaja se v <a href=\"https:\/\/maps.app.goo.gl\/JbRxgrnnevPucnau9\">La Esperanza, Tenerife<\/a>.<\/p>","protected":false},"featured_media":9837,"comment_status":"open","ping_status":"closed","template":"","meta":{"_acf_changed":false},"product_brand":[],"product_cat":[82],"product_tag":[],"class_list":{"0":"post-9834","1":"product","2":"type-product","3":"status-publish","4":"has-post-thumbnail","6":"product_cat-fun-activities","7":"wcpa_has_options","9":"first","10":"instock","11":"virtual","12":"purchasable","13":"product-type-simple"},"acf":[],"wcpa_form_fields":{"wcpaData":{"product":{"product_price":26,"price_html":"From&nbsp;<span class=\"woocommerce-Price-amount amount\"><bdi>26,00&nbsp;<span class=\"woocommerce-Price-currencySymbol\">&euro;<\/span><\/bdi><\/span>","original_product_price":26,"price_including_tax":26,"price_excluding_tax":26,"product_id":{"parent":9834,"variation":false},"is_variable":false,"stock_status":"instock","stock_quantity":null,"parent_sku":"CV9834","product_attributes":[],"custom_fields":[],"is_taxable":false,"product_name":"Forestal Park Tenerife","hasImage":false},"fields":{"sec_465e50fd642ff4":{"extra":{"key":"sec_465e50fd642ff4","section_id":"sec_465e50fd642ff4","name":"Default","status":1,"cl_rule":"show","enableCl":false,"relations":[],"toggle":true,"title_tag":"h3","show_title":false,"showPrice":"default","form_id":10220,"form_rules":{"exclude_from_discount":true,"fee_label":"Fee","disp_hide_options_price":true,"disp_show_section_price":false,"disp_show_field_price":true,"layout_option":"standard","pric_use_as_fee":false,"process_fee_as":"woo_fee"},"layout_option":"standard"},"fields":[[{"label":"\ud83d\udcc5 Date","active":true,"required":true,"elementId":"date_365e50fd643030","picker_type":"custom","picker_mode":"single","placeholder":"","description":"","tooltip":"","name":"date_365e50fd643030","label_position":"default","desc_position":"default","enablePrice":false,"className":"","enableCl":false,"relations":[{"operator":"and","rules":[{"operator":"AND","rules":{"cl_field":"radio-group_365e50fd643015","cl_relation":"is","cl_val":"3 Hour Trip"}}]}],"date_pic_inline":true,"date_pic_inline_hide":true,"min_date":{"type":"days","val":"2"},"max_date":{"type":"days","val":"365"},"date_pic_conf":{"disabledWeeks":[1,2,3,4]},"price":"","cl_rule":"show","col":6,"type":"date","error":false,"enableDesign":false,"LabelColor":"","gt_translate_keys":["label","placeholder","description","tooltip"],"price_dependency":false,"cl_dependency":false,"value":""}],[{"active":true,"col":6,"relations":[{"operator":false,"rules":[{"operator":"AND","rules":{"cl_field":"","cl_relation":"","cl_val":""}}]}],"cl_rule":"show","enableCl":false,"price":"","enablePrice":false,"className":"","label_position":"default","desc_position":"default","type":"radio-group","required":true,"elementId":"radio-group_365e50fd643015","label":"\ud83c\udf1f Type of Ticket","name":"radio-group_365e50fd643015","values":[{"label":"Regular Tickets (26\u20ac)","value":"Regular Tickets","selected":false,"tempId":"aco_28","description":"Regular Admission Tickets.","gt_translate_keys":["label","description"]},{"label":"Resident Tickets (22\u20ac)","value":"Resident Tickets","selected":false,"tempId":"aco_30","description":"Regular Tickets for Canary Island Residents. You must present a valid document as proof of residency.","gt_translate_keys":["label","description"]}],"layOut":"","error":false,"checkUi":"toggle","enableDesign":false,"scrollBar":false,"description":"","other":false,"options_description":true,"show_selected_option":false,"gt_translate_keys":["label","description"],"price_dependency":false,"cl_dependency":[false,false],"value":""}]]},"sec_665e50fd643017":{"extra":{"key":"sec_665e50fd643017","section_id":"sec_665e50fd643017","name":"Regular Tickets","status":1,"cl_rule":"show","enableCl":true,"relations":[{"operator":false,"rules":[{"operator":"AND","rules":{"cl_field":"radio-group_365e50fd643015","cl_relation":"is","cl_val":"Regular Tickets"}}]}],"toggle":true,"title_tag":"h4","show_title":false,"showPrice":"default","form_id":10220,"form_rules":{"exclude_from_discount":true,"fee_label":"Fee","disp_hide_options_price":true,"disp_show_section_price":false,"disp_show_field_price":true,"layout_option":"standard","pric_use_as_fee":false,"process_fee_as":"woo_fee"},"layout_option":"standard"},"fields":[[{"elementId":"separator_1065e50fd64303b","separatorType":"blank","className":"","height":"10","enableCl":false,"relations":false,"cl_rule":"show","col":6,"type":"separator","gt_translate_keys":[],"price_dependency":false,"cl_dependency":false,"value":""}],[{"active":true,"col":6,"relations":false,"cl_rule":"show","enableCl":false,"price":"","enablePrice":false,"className":"","label_position":"default","desc_position":"default","type":"content","required":false,"elementId":"content_565e50fd643045","label":"People","name":"content_565e50fd643045","contentType":"plain","value":"","error":false,"show_in_checkout":true,"inline":false,"gt_translate_keys":["label","value"],"price_dependency":false,"cl_dependency":false}],[{"active":true,"col":6,"relations":[{"operator":false,"rules":[{"operator":"AND","rules":{"cl_field":"","cl_relation":"","cl_val":""}}]}],"cl_rule":"show","enableCl":true,"price":"26","enablePrice":true,"className":"","label_position":"default","desc_position":"default","type":"radio-group","required":false,"elementId":"radio-group_565e50fd643051","label":"","name":"radio-group_565e50fd643051","values":[{"label":"\ud83d\udc64 Adult (26\u20ac)","value":"Adult (26<\u20ac)","selected":true,"tempId":"aco_32","tooltip":"+13 Years","description":"","gt_translate_keys":["label","tooltip","description"]}],"layOut":"","error":false,"checkUi":"button","priceOptions":"fixed_for_all","pricingType":"fixed","enable_quantity":true,"quantity_label":"","min_quantity":"0","options_tooltip":true,"options_description":true,"gt_translate_keys":["label","quantity_label"],"price_dependency":false,"cl_dependency":false,"value":""}],[{"label":"","active":true,"required":false,"elementId":"radio-group_965e50fd64305c","name":"radio-group_965e50fd64305c","label_position":"default","desc_position":"default","enablePrice":true,"className":"","enableCl":false,"relations":false,"enable_quantity":true,"quantity_label":"","min_quantity":"0","checkUi":"button","layOut":"","values":[{"label":"\ud83d\udc66 Child (21\u20ac)","value":"Child (21\u20ac)","selected":true,"tempId":"aco_32","tooltip":"5-12 Years","description":"","gt_translate_keys":["label","tooltip","description"]}],"priceOptions":"fixed_for_all","pricingType":"fixed","price":"21","cl_rule":"show","col":6,"type":"radio-group","error":false,"options_tooltip":true,"options_description":true,"gt_translate_keys":["label","quantity_label"],"price_dependency":false,"cl_dependency":false,"value":""}]]},"sec_965e50fd6430a4":{"extra":{"key":"sec_965e50fd6430a4","section_id":"sec_965e50fd6430a4","name":"Resident Tickets","status":1,"cl_rule":"show","enableCl":true,"relations":[{"operator":false,"rules":[{"operator":"AND","rules":{"cl_field":"radio-group_365e50fd643015","cl_relation":"is","cl_val":"Resident Tickets"}}]}],"toggle":true,"title_tag":"h4","show_title":false,"showPrice":"default","form_id":10220,"form_rules":{"exclude_from_discount":true,"fee_label":"Fee","disp_hide_options_price":true,"disp_show_section_price":false,"disp_show_field_price":true,"layout_option":"standard","pric_use_as_fee":false,"process_fee_as":"woo_fee"},"layout_option":"standard"},"fields":[[{"elementId":"separator_465e50fd6430c1","separatorType":"blank","className":"","height":"10","enableCl":false,"relations":false,"cl_rule":"show","col":6,"type":"separator","gt_translate_keys":[],"price_dependency":false,"cl_dependency":false,"value":""}],[{"contentType":"plain","active":true,"label":"People","elementId":"content_865e50fd6430cb","value":"","inline":false,"show_in_checkout":true,"name":"content_865e50fd6430cb","enablePrice":false,"className":"","enableCl":false,"relations":false,"price":"","cl_rule":"show","col":6,"type":"content","gt_translate_keys":["label","value"],"price_dependency":false,"cl_dependency":false}],[{"label":"","active":true,"required":false,"elementId":"radio-group_665e50fd6430d6","name":"radio-group_665e50fd6430d6","label_position":"default","desc_position":"default","enablePrice":true,"className":"","enableCl":true,"relations":[{"operator":false,"rules":[{"operator":"AND","rules":{"cl_field":"","cl_relation":"","cl_val":""}}]}],"enable_quantity":true,"quantity_label":"","min_quantity":"0","checkUi":"button","layOut":"","options_tooltip":true,"values":[{"label":"\ud83d\udc64 Adult (22\u20ac)","value":"Adult (22\u20ac)","selected":true,"tempId":"aco_32","tooltip":"+13 Years","gt_translate_keys":["label","tooltip"]}],"priceOptions":"fixed_for_all","pricingType":"fixed","price":"22","cl_rule":"show","col":6,"type":"radio-group","error":false,"gt_translate_keys":["label","quantity_label"],"price_dependency":false,"cl_dependency":false,"value":""}],[{"label":"","active":true,"required":false,"elementId":"radio-group_465e50fd6430e0","name":"radio-group_465e50fd6430e0","label_position":"default","desc_position":"default","enablePrice":true,"className":"","enableCl":false,"relations":false,"enable_quantity":true,"quantity_label":"","min_quantity":"0","checkUi":"button","layOut":"","options_tooltip":true,"values":[{"label":"\ud83d\udc66 Child (15\u20ac)","value":"Children (15\u20ac)","selected":true,"tempId":"aco_32","tooltip":"5-12 Years","gt_translate_keys":["label","tooltip"]}],"priceOptions":"fixed_for_all","pricingType":"fixed","price":"15","cl_rule":"show","col":6,"type":"radio-group","error":false,"gt_translate_keys":["label","quantity_label"],"price_dependency":false,"cl_dependency":false,"value":""}]]}},"config":{"price_override":"always","enable_recaptcha":false,"bind_quantity":false,"quantity_bind_formula":false,"disp_summ_show_option_price":true,"disp_summ_show_product_price":false,"disp_summ_show_total_price":true,"disp_summ_show_fee":true,"disp_summ_show_discount":true,"summary_title":"","options_total_label":"Options Price","total_label":"Total Amount","options_product_label":"Product Price","fee_label":"Fee","discount_label":"Discount","has_price":true,"has_quantity_formula":false},"mc_unit":1,"tax_rate":1,"tax_rate_real":1,"discount":{"percentage":0,"fixed":0},"design":{"conf":{"LabelPosition":"above","DescPosition":"above","UploadField":"custom_1","QuantityFieldStyle":"custom_1"},"css":{"LeftLabelWidth":"120px"}},"formulas":[],"lookuptables":[],"clones":false,"cartKey":false}},"_links":{"self":[{"href":"https:\/\/canaryvip.com\/sl\/wp-json\/wp\/v2\/product\/9834","targetHints":{"allow":["GET"]}}],"collection":[{"href":"https:\/\/canaryvip.com\/sl\/wp-json\/wp\/v2\/product"}],"about":[{"href":"https:\/\/canaryvip.com\/sl\/wp-json\/wp\/v2\/types\/product"}],"replies":[{"embeddable":true,"href":"https:\/\/canaryvip.com\/sl\/wp-json\/wp\/v2\/comments?post=9834"}],"wp:featuredmedia":[{"embeddable":true,"href":"https:\/\/canaryvip.com\/sl\/wp-json\/wp\/v2\/media\/9837"}],"wp:attachment":[{"href":"https:\/\/canaryvip.com\/sl\/wp-json\/wp\/v2\/media?parent=9834"}],"wp:term":[{"taxonomy":"product_brand","embeddable":true,"href":"https:\/\/canaryvip.com\/sl\/wp-json\/wp\/v2\/product_brand?post=9834"},{"taxonomy":"product_cat","embeddable":true,"href":"https:\/\/canaryvip.com\/sl\/wp-json\/wp\/v2\/product_cat?post=9834"},{"taxonomy":"product_tag","embeddable":true,"href":"https:\/\/canaryvip.com\/sl\/wp-json\/wp\/v2\/product_tag?post=9834"}],"curies":[{"name":"wp","href":"https:\/\/api.w.org\/{rel}","templated":true}]}}