{"id":9654,"date":"2024-02-11T16:27:15","date_gmt":"2024-02-11T16:27:15","guid":{"rendered":"https:\/\/canaryvip.com\/?post_type=product&#038;p=9654"},"modified":"2026-03-26T13:04:23","modified_gmt":"2026-03-26T13:04:23","slug":"book-scandal-dinner-show","status":"publish","type":"product","link":"https:\/\/canaryvip.com\/sl\/shop\/book-scandal-dinner-show\/","title":{"rendered":"Scandal Dinner Show Tenerife"},"content":{"rendered":"<h2><strong>\ud83c\udfad Scandal Burleskni ve\u010derni \u0161ov<\/strong><\/h2>\n<p>Ve\u010der razko\u0161ja, humorja in navdu\u0161ujo\u010dih predstav je na voljo v <strong>Scandal Burleskni ve\u010derni \u0161ov.<\/strong> Dogodek, namenjen vsem, ki si \u017eelijo pre\u017eiveti ve\u010der na vi\u0161ji ravni, zdru\u017euje privla\u010dnost burleske z zanimivimi komedijami, \u010darovnijami in glasbenimi nastopi. <strong>CanaryVIP<\/strong> vabi doma\u010dine in obiskovalce na nepozabno do\u017eivetje.<\/p>\n<h3><strong>\ud83c\udf7d\ufe0f Razko\u0161no prehranjevanje v hotelu GF Victoria 5*<\/strong><\/h3>\n<ul>\n<li><strong>Lokacija:<\/strong> Presti\u017ena <a href=\"https:\/\/www.google.com\/maps\/place\/GF+Victoria\/@28.0917871,-16.7412967,17z\/data=!3m1!4b1!4m9!3m8!1s0xc6a974d01c4268f:0x3c0e40669a61bb47!5m2!4m1!1i2!8m2!3d28.0917871!4d-16.7387218!16s%2Fg%2F11bvv59vv2?entry=tts&amp;g_ep=EgoyMDI0MDUwOC4wKgBIAVAD\" target=\"_blank\" rel=\"noopener\">GF Victoria<\/a> Hotel 5* v Costa Adejeju je prizori\u0161\u010de, ki zagotavlja popolno kombinacijo udobja in veli\u010dine za nepozaben ve\u010der.<\/li>\n<li><strong>Kuhinja:<\/strong> Gostje lahko u\u017eivajo v razko\u0161nem obroku s petimi hodi, ki je skrbno pripravljen iz najbolj\u0161ih sestavin in postre\u017een s profesionalno eleganco. Vsak hod bo o\u010daral brbon\u010dice s kulinari\u010dnimi u\u017eitki.<\/li>\n<\/ul>\n<h3><strong>\ud83d\udd70\ufe0f Ve\u010derni itinerarij<\/strong><\/h3>\n<ul>\n<li><strong>Urnik:<\/strong> Ve\u010der se za\u010dne ob 20.00, predstave se za\u010dnejo ob 20.30 in trajajo pribli\u017eno tri ure. Po predstavi so gostje povabljeni v hotelski bar Skybar na podalj\u0161ano no\u010d spro\u0161\u010danja in koktajlov v \u010dudoviti kulisi.<\/li>\n<li><strong>Obleka:<\/strong> Gostje so vabljeni, da no\u010d pre\u017eivijo v elegantnih ve\u010dernih obla\u010dilih, ki odra\u017eajo prefinjeno vzdu\u0161je dogodka. To sre\u010danje je namenjeno gostom, starej\u0161im od 16 let, kar zagotavlja zrelo in elegantno izku\u0161njo.<\/li>\n<\/ul>\n<h3><strong>\ud83c\udf9f\ufe0f Izberite svoj popoln ve\u010der<\/strong><\/h3>\n<ul>\n<li><strong>Golden Pass:<\/strong> Potopite se v predstavo z gurmanskim degustacijskim menijem, ki ga spremlja vrsta neomejenih pija\u010d za resni\u010dno razvajen ve\u010der.<\/li>\n<li><strong>Platinasta izku\u0161nja:<\/strong> Za dodatno raven razko\u0161ja vklju\u010duje Platinum Experience vse ugodnosti Golden Pass in zasebnost lastne mize, kar \u0161e pove\u010da posebnost ve\u010dera.<\/li>\n<\/ul>\n<h3><strong>\ud83d\udccd Va\u0161 sede\u017e na spektaklu<\/strong><\/h3>\n<ul>\n<li>Prizori\u0161\u010de je premi\u0161ljeno urejeno tako, da ima vsak gost jasen pogled na oder, zato je vsaka predstava izjemno prijetna iz katerega koli zornega kota.<\/li>\n<\/ul>\n<h3><strong>\ud83c\udf89 Praznovanja po meri<\/strong><\/h3>\n<ul>\n<li>Posebne prilo\u017enosti, od rojstnih dni do poslovnih sre\u010danj, ki sprejmejo skupine od 30 do 150 oseb, so lahko ozna\u010dene. Ekipa za dogodke je pripravljena prilagoditi ve\u010dere do popolnosti.<\/li>\n<\/ul>\n<h3><strong>\ud83c\udf1f Bistvo burleskne predstave:<\/strong><\/h3>\n<ul>\n<li><strong>Interaktivna zabava:<\/strong> Nastopajo\u010di neposredno sodelujejo z ob\u010dinstvom, kar ustvarja intimno in \u017eivahno vzdu\u0161je, ki o\u010dara in navdu\u0161i.<\/li>\n<li><strong>Bogata paleta dejanj:<\/strong> Predstava ponuja raznoliko in vznemirljivo izku\u0161njo z vsakim dejanjem, od klasi\u010dne burleske do sodobnih interpretacij.<\/li>\n<\/ul>\n<h3><strong>\ud83c\udf72 Jedilnik za vsak okus:<\/strong><\/h3>\n<p>Na voljo je pester izbor menijev za vse okuse, ki na zahtevo vklju\u010dujejo vegetarijanske in veganske jedi. Izvrstna ponudba vklju\u010duje:<\/p>\n<ul>\n<li>Hrustljave dobrote, ki jih spremljajo raita, krema iz dimljene koruze s kan\u010dkom koriandra in so\u010dna iberska svinjska ribica.<\/li>\n<li>Ne\u017eno pripravljene testenine paccheri z bogatim gobjim ragujem, obogatenim s pikantnimi dodatki.<\/li>\n<li>Ne\u017eno kuhan \u010drni pra\u0161i\u010d z omako satay in kreativno predstavljeno umetno ri\u017eoto.<\/li>\n<li>Finale sladice z makroni iz rde\u010dih jagod in bele \u010dokolade.<\/li>\n<\/ul>\n<h3><strong>\u2696\ufe0f Pravila rezervacije in odpovedi:<\/strong><\/h3>\n<ul>\n<li><strong>Rezervirajte vnaprej za ugodnosti:<\/strong> Z vnaprej\u0161njo rezervacijo si zagotovite najbolj\u0161e razpolo\u017eljive cene in poenostavite postopek na\u010drtovanja.<\/li>\n<li><strong>Prilagodljive odpovedi:<\/strong> Brezpla\u010dne odpovedi so na voljo do 48 ur pred na\u010drtovanim \u010dasom predstave, kar omogo\u010da prilagodljivost na\u010drtov.<\/li>\n<li><strong>Poenostavljene skupinske rezervacije:<\/strong> Za zabave, ve\u010dje od 6 oseb, velja enostavna pravica do odpovedi do 4 dni pred dogodkom. Pri odpovedi od 2 do 4 dni pred dogodkom se lahko povrne znesek 50%.<\/li>\n<\/ul>\n<h3><strong>\ud83c\udf92 Pripravimo se na no\u010d:<\/strong><\/h3>\n<ul>\n<li><strong>Pravila obla\u010denja:<\/strong> Gostom svetujemo, da se oble\u010dejo v najbolj\u0161o ve\u010derno obleko, ki se bo ujemala z elegantnim okoljem dogodka. D\u017eins in lepa majica sta sprejemljiva, \u0161portna obla\u010dila in mo\u0161ke kratke hla\u010de pa odsvetujemo, da bi ohranili presti\u017eno vzdu\u0161je.<\/li>\n<li><strong>Informacije o parkiranju:<\/strong> Udobno parkiri\u0161\u010de je na voljo v bli\u017eini nakupovalnega sredi\u0161\u010da Plaza del Duque, ki je od prizori\u0161\u010da oddaljeno le kratek sprehod, kar vsem gostom zagotavlja enostaven dostop.<\/li>\n<\/ul>\n<h4><strong>\ud83c\udf1f \u010caka vas nepozaben ve\u010der<\/strong><\/h4>\n<p>Scandal Burlesque <a href=\"https:\/\/canaryvip.com\/sl\/tenerife\/evening-shows\/\">Predstava z ve\u010derjo<\/a> obljublja, da bo vrhunec va\u0161ega obiska na Tenerifih z <strong>CanaryVIP.<\/strong>\u00a0\u017de zdaj si zagotovite vstopnice za neprimerljivo me\u0161anico zabave, kulinarike in razgledov. \ud83c\udf0c\ud83c\udf78<\/p>","protected":false},"excerpt":{"rendered":"<p><strong>\ud83d\udd0d Scandal Najpomembnej\u0161i dogodki:<\/strong><br \/>\n\u2705 Varno pla\u010dilo.<br \/>\n\ud83d\udc83 \u0160ov v slogu burleske.<br \/>\n\ud83d\udd59 Vsako soboto ob 20:30.<br \/>\n\ud83c\udf5b Vklju\u010dena ve\u010derja.<br \/>\n\ud83c\udf77 Vklju\u010deno vino in brezalkoholne pija\u010de.<br \/>\n\ud83c\udf0d Angle\u0161\u010dina in \u0161pan\u0161\u010dina Gostitelj.<br \/>\n\u2705 +16 Samo za odrasle.<br \/>\n\ud83d\ude80 Zelo priljubljeno!<br \/>\n\ud83e\udd11 Zagotovljena najbolj\u0161a cena.<br \/>\n\ud83d\udc6a Popusti za skupinske rezervacije.<br \/>\n\ud83d\udd01 Brezpla\u010dna odpoved do 48 ur.<br \/>\n\ud83c\udf1f Rezervirajte zgodaj, hitro se zapolni!<br \/>\n\ud83d\udccd Prizori\u0161\u010de na <a href=\"https:\/\/maps.app.goo.gl\/boB3JcWYHb8AiGY58\">Hotel GF Victoria<\/a>.<\/p>","protected":false},"featured_media":9659,"comment_status":"open","ping_status":"closed","template":"","meta":{"_acf_changed":false},"product_brand":[],"product_cat":[59],"product_tag":[],"class_list":{"0":"post-9654","1":"product","2":"type-product","3":"status-publish","4":"has-post-thumbnail","6":"product_cat-evening-shows","7":"wcpa_has_options","9":"first","10":"instock","11":"virtual","12":"purchasable","13":"product-type-simple"},"acf":[],"wcpa_form_fields":{"wcpaData":{"product":{"product_price":94,"price_html":"From&nbsp;<span class=\"woocommerce-Price-amount amount\"><bdi>94,00&nbsp;<span class=\"woocommerce-Price-currencySymbol\">&euro;<\/span><\/bdi><\/span>","original_product_price":94,"price_including_tax":94,"price_excluding_tax":94,"product_id":{"parent":9654,"variation":false},"is_variable":false,"stock_status":"instock","stock_quantity":null,"parent_sku":"CV9654","product_attributes":[],"custom_fields":[],"is_taxable":false,"product_name":"Scandal Dinner Show Tenerife","hasImage":false},"fields":{"sec_165e506ca90d2c":{"extra":{"key":"sec_165e506ca90d2c","section_id":"sec_165e506ca90d2c","name":"Default","status":1,"cl_rule":"show","enableCl":false,"relations":[],"toggle":true,"title_tag":"h3","show_title":false,"showPrice":"default","form_id":10217,"form_rules":{"exclude_from_discount":true,"fee_label":"Fee","disp_hide_options_price":true,"disp_show_section_price":false,"disp_show_field_price":true,"layout_option":"standard","pric_use_as_fee":false,"process_fee_as":"woo_fee"},"layout_option":"standard"},"fields":[[{"label":"\ud83d\udcc5 Date","active":true,"required":true,"elementId":"date_265e506ca90d6a","picker_type":"custom","picker_mode":"single","placeholder":"","description":"","tooltip":"","name":"date_265e506ca90d6a","label_position":"default","desc_position":"default","enablePrice":false,"className":"","enableCl":false,"relations":[{"operator":"and","rules":[{"operator":"AND","rules":{"cl_field":"radio-group_765e506ca90d4e","cl_relation":"is_not_empty","cl_val":"3 Hour Trip"}}]}],"date_pic_inline":true,"date_pic_inline_hide":true,"min_date":{"type":"days","val":"1"},"max_date":{"type":"days","val":"180"},"date_pic_conf":{"disabledWeeks":[0,1,2,3,4,5],"disabledDates":["2024-05-25","2024-08-10","2024-11-02","2024-12-14","2024-12-27 to 2024-12-28","2026-04-17"]},"price":"","cl_rule":"show","col":6,"type":"date","error":false,"enableDesign":false,"LabelColor":"","date_conf_custom":{"minDate":"let d = new Date();\nif (d.getHours() >= 18) {\n  d.setDate(d.getDate() + 3);\n} else if (d.getHours() >= 12) {\n  d.setDate(d.getDate() + 1);\n} else {\nd.setDate(d.getDate());\n}\nreturn d;"},"isWeightTemplate":false,"isTemplate":false,"min_quantity":"1","quantity_decimal":false,"quantity_step":"1","quantity_label":"Quantity","repeater_field_label":"{field_label}","repeater_bind":"","gt_translate_keys":["label","placeholder","description","tooltip","repeater_field_label","quantity_label"],"price_dependency":false,"cl_dependency":["radio-group_765e506ca90d4e","radio-group_765e506ca90d4e"],"value":""}],[{"active":true,"col":6,"relations":[{"operator":false,"rules":[{"operator":"AND","rules":{"cl_field":"","cl_relation":"","cl_val":""}}]}],"cl_rule":"show","enableCl":false,"price":"","enablePrice":false,"className":"","label_position":"default","desc_position":"default","type":"radio-group","required":true,"elementId":"radio-group_765e506ca90d4e","label":"\ud83c\udf1f Type of Ticket","name":"radio-group_765e506ca90d4e","values":[{"label":"Gold Entrance (94\u20ac)","value":"Gold Entrance","selected":false,"tempId":"aco_28","description":"Enjoy the live show, tasting menu, and unlimited drinks.","gt_translate_keys":["label","description"]},{"label":"Platinum Entrance (114\u20ac)","value":"Platinum Entrance","selected":false,"tempId":"aco_29","description":"Enjoy the live show, tasting menu, unlimited drinks, and a private table.","options_cl":true,"relations":[{"operator":false,"rules":[{"operator":"or","rules":{"cl_field":"date_265e506ca90d6a","cl_relation":"is","cl_val":"2026-04-02"}},{"operator":false,"rules":{"cl_field":"date_265e506ca90d6a","cl_relation":"is","cl_val":"2026-03-26"}}]}],"cl_rule":"hide","gt_translate_keys":["label","description"]}],"layOut":"","error":false,"checkUi":"toggle","enableDesign":false,"scrollBar":false,"description":"","other":false,"options_description":true,"show_selected_option":false,"isWeightTemplate":false,"isTemplate":false,"min_quantity":"1","quantity_decimal":false,"quantity_step":"1","quantity_label":"Quantity","repeater_field_label":"{field_label}","repeater_bind":"","gt_translate_keys":["label","description","repeater_field_label","quantity_label"],"price_dependency":false,"cl_dependency":[false,false],"value":""}]]},"sec_965e506ca90d50":{"extra":{"key":"sec_965e506ca90d50","section_id":"sec_965e506ca90d50","name":"Gold","status":1,"cl_rule":"show","enableCl":true,"relations":[{"operator":false,"rules":[{"operator":"AND","rules":{"cl_field":"radio-group_765e506ca90d4e","cl_relation":"is","cl_val":"Gold Entrance"}}]}],"toggle":true,"title_tag":"h4","show_title":false,"showPrice":"default","form_id":10217,"form_rules":{"exclude_from_discount":true,"fee_label":"Fee","disp_hide_options_price":true,"disp_show_section_price":false,"disp_show_field_price":true,"layout_option":"standard","pric_use_as_fee":false,"process_fee_as":"woo_fee"},"layout_option":"standard"},"fields":[[{"elementId":"separator_765e506ca90d74","separatorType":"blank","className":"","height":"10","enableCl":false,"relations":false,"cl_rule":"show","col":6,"type":"separator","gt_translate_keys":[],"price_dependency":false,"cl_dependency":false,"value":""}],[{"active":true,"col":6,"relations":false,"cl_rule":"show","enableCl":false,"price":"","enablePrice":false,"className":"","label_position":"default","desc_position":"default","type":"content","required":false,"elementId":"content_365e506ca90d7f","label":"People","name":"content_365e506ca90d7f","contentType":"plain","value":"","error":false,"show_in_checkout":true,"inline":false,"gt_translate_keys":["label","value"],"price_dependency":false,"cl_dependency":false}],[{"active":true,"col":6,"relations":[{"operator":false,"rules":[{"operator":"AND","rules":{"cl_field":"","cl_relation":"","cl_val":""}}]}],"cl_rule":"show","enableCl":true,"price":"94","enablePrice":true,"className":"","label_position":"default","desc_position":"default","type":"radio-group","required":false,"elementId":"radio-group_265e506ca90d8a","label":"","name":"radio-group_265e506ca90d8a","values":[{"label":"\ud83d\udc64 Adult (94\u20ac)","value":"Adult","selected":true,"tempId":"aco_32","tooltip":"+16 Years","description":"","gt_translate_keys":["label","tooltip","description"]}],"layOut":"","error":false,"checkUi":"button","priceOptions":"fixed_for_all","pricingType":"fixed","enable_quantity":true,"quantity_label":"","min_quantity":"0","options_tooltip":true,"options_description":true,"gt_translate_keys":["label","quantity_label"],"price_dependency":false,"cl_dependency":false,"value":""}]]},"sec_365e506ca90da0":{"extra":{"key":"sec_365e506ca90da0","section_id":"sec_365e506ca90da0","name":"Platinum","status":1,"cl_rule":"show","enableCl":true,"relations":[{"operator":false,"rules":[{"operator":"AND","rules":{"cl_field":"radio-group_765e506ca90d4e","cl_relation":"is","cl_val":"Platinum Entrance"}}]}],"toggle":true,"title_tag":"h4","show_title":false,"showPrice":"default","form_id":10217,"form_rules":{"exclude_from_discount":true,"fee_label":"Fee","disp_hide_options_price":true,"disp_show_section_price":false,"disp_show_field_price":true,"layout_option":"standard","pric_use_as_fee":false,"process_fee_as":"woo_fee"},"layout_option":"standard"},"fields":[[{"elementId":"separator_565e506ca90daa","separatorType":"blank","className":"","height":"8","enableCl":false,"relations":false,"cl_rule":"show","col":6,"type":"separator","error":false,"gt_translate_keys":[],"price_dependency":false,"cl_dependency":false,"value":""}],[{"contentType":"plain","active":true,"label":"People","elementId":"content_365e506ca90dc6","value":"","inline":false,"show_in_checkout":true,"name":"content_365e506ca90dc6","enablePrice":false,"className":"","enableCl":false,"relations":false,"price":"","cl_rule":"show","col":6,"type":"content","gt_translate_keys":["label","value"],"price_dependency":false,"cl_dependency":false}],[{"label":"","active":true,"required":false,"elementId":"radio-group_365e506ca90dd1","name":"radio-group_365e506ca90dd1","label_position":"default","desc_position":"default","enablePrice":true,"className":"","enableCl":false,"relations":[{"operator":false,"rules":[{"operator":"AND","rules":{"cl_field":"","cl_relation":"","cl_val":""}}]}],"enable_quantity":true,"quantity_label":"","min_quantity":"0","checkUi":"button","layOut":"","options_tooltip":true,"values":[{"label":"\ud83d\udc64 Adult (114\u20ac)","value":"Adult","selected":true,"tempId":"aco_32","tooltip":"+16 Years","gt_translate_keys":["label","tooltip"]}],"priceOptions":"fixed_for_all","pricingType":"fixed","price":"114","cl_rule":"show","col":6,"type":"radio-group","error":false,"isWeightTemplate":false,"isTemplate":false,"quantity_decimal":false,"quantity_step":"1","repeater_field_label":"{field_label}","repeater_bind":"","gt_translate_keys":["label","repeater_field_label","quantity_label"],"price_dependency":false,"cl_dependency":false,"value":""}]]}},"config":{"price_override":"always","enable_recaptcha":false,"bind_quantity":false,"quantity_bind_formula":false,"disp_summ_show_option_price":true,"disp_summ_show_product_price":false,"disp_summ_show_total_price":true,"disp_summ_show_fee":true,"disp_summ_show_discount":true,"summary_title":"","options_total_label":"Options Price","total_label":"Total Amount","options_product_label":"Product Price","fee_label":"Fee","discount_label":"Discount","has_price":true,"has_quantity_formula":false},"mc_unit":1,"tax_rate":1,"tax_rate_real":1,"discount":{"percentage":0,"fixed":0},"design":{"conf":{"LabelPosition":"above","DescPosition":"above","UploadField":"custom_1","QuantityFieldStyle":"custom_1"},"css":{"LeftLabelWidth":"120px"}},"formulas":[],"lookuptables":[],"clones":false,"cartKey":false}},"_links":{"self":[{"href":"https:\/\/canaryvip.com\/sl\/wp-json\/wp\/v2\/product\/9654","targetHints":{"allow":["GET"]}}],"collection":[{"href":"https:\/\/canaryvip.com\/sl\/wp-json\/wp\/v2\/product"}],"about":[{"href":"https:\/\/canaryvip.com\/sl\/wp-json\/wp\/v2\/types\/product"}],"replies":[{"embeddable":true,"href":"https:\/\/canaryvip.com\/sl\/wp-json\/wp\/v2\/comments?post=9654"}],"wp:featuredmedia":[{"embeddable":true,"href":"https:\/\/canaryvip.com\/sl\/wp-json\/wp\/v2\/media\/9659"}],"wp:attachment":[{"href":"https:\/\/canaryvip.com\/sl\/wp-json\/wp\/v2\/media?parent=9654"}],"wp:term":[{"taxonomy":"product_brand","embeddable":true,"href":"https:\/\/canaryvip.com\/sl\/wp-json\/wp\/v2\/product_brand?post=9654"},{"taxonomy":"product_cat","embeddable":true,"href":"https:\/\/canaryvip.com\/sl\/wp-json\/wp\/v2\/product_cat?post=9654"},{"taxonomy":"product_tag","embeddable":true,"href":"https:\/\/canaryvip.com\/sl\/wp-json\/wp\/v2\/product_tag?post=9654"}],"curies":[{"name":"wp","href":"https:\/\/api.w.org\/{rel}","templated":true}]}}