{"id":9623,"date":"2024-02-11T01:34:38","date_gmt":"2024-02-11T01:34:38","guid":{"rendered":"https:\/\/canaryvip.com\/?post_type=product&#038;p=9623"},"modified":"2025-08-09T12:57:36","modified_gmt":"2025-08-09T11:57:36","slug":"tenerife-island-guided-bus-tour","status":"publish","type":"product","link":"https:\/\/canaryvip.com\/sl\/shop\/tenerife-island-guided-bus-tour\/","title":{"rendered":"Ogled otoka Tenerife: Voden izlet z avtobusom"},"content":{"rendered":"<h2>\ud83d\ude8c <strong>Voden avtobusni izlet na otok Tenerife<\/strong><\/h2>\n<p>Odkrijte osr\u010dje Tenerifov z <strong>CanaryVIP<\/strong> na zanimivem celodnevnem vodenem avtobusnem izletu, ki zajema celoten otok. Od ob\u010dudovanja vrednega <a href=\"https:\/\/www.google.com\/maps\/place\/Acantilados+de+Los+Gigantes,+Santa+Cruz+de+Tenerife\/@28.244027,-16.8456497,15z\/data=!3m1!4b1!4m6!3m5!1s0xc6a8c153fdc6811:0xa0340f674cf6610!8m2!3d28.2408828!4d-16.8377834!16s%2Fm%2F026dqlb?entry=ttu\" target=\"_blank\" rel=\"noopener\">Klifi Los Gigantes<\/a> do zgodovinskih ulic <a href=\"https:\/\/www.google.com\/maps\/place\/La+Orotava,+Santa+Cruz+de+Tenerife\/@28.3929248,-16.5287568,15z\/data=!3m1!4b1!4m6!3m5!1s0xc402aae32ddf575:0x27206a076b427988!8m2!3d28.3892926!4d-16.525264!16zL20vMDdrcmx5?entry=ttu\" target=\"_blank\" rel=\"noopener\">La Orotava<\/a>, to potovanje obljublja bogato tapiserijo raznolikih pokrajin in kulturnih zakladov Tenerifov.<\/p>\n<h3><strong>Poudarki turneje: Raziskovanje celotnega otoka<\/strong><\/h3>\n<ul>\n<li>\ud83c\udf04 <strong>Klifi Los Gigantes<\/strong>: Svojo pustolov\u0161\u010dino za\u010dnite z obiskom dih jemajo\u010dih klifov Los Gigantes, kjer se v polni meri ka\u017ee veli\u010dina narave.<\/li>\n<li>\ud83d\udc40 <strong>Mirador de Garachico<\/strong>: Nadaljujte do razglednega stolpa Mirador de Garachico, ki ponuja \u010dudovit razgled na severno obalo Tenerifov.<\/li>\n<li>\ud83c\udf33 <strong>Icod de los Vinos<\/strong>: Razi\u0161\u010dite Icod de los Vinos in se \u010dudite tiso\u010dletnemu zmajevemu drevesu, naravnemu spomeniku z bogato zgodovino.<\/li>\n<li>\ud83c\udfd8\ufe0f <strong>La Orotava<\/strong>: Spoznajte \u010dare La Orotave in obi\u0161\u010dite znamenito hi\u0161o Casa de los Balcones, simbol kanarske arhitekture in tradicije.<\/li>\n<li>\ud83d\udecd\ufe0f <strong>Puerto de la Cruz<\/strong>: U\u017eivajte v prostem \u010dasu v Puerto de la Cruzu, kjer lahko nakupujete, si ogledate znamenitosti in kosite (hrana ni vklju\u010dena v izlet).<\/li>\n<li>\ud83d\ude4f <strong>Candelaria<\/strong>: Nazadnje se ustavite v Candelarii, kjer se poklonite svetemu zavetniku Kanarskih otokov in tako zaklju\u010dite dan raziskovanja in odkrivanja.<\/li>\n<\/ul>\n<h3><strong>Va\u0161e potovanje z CanaryVIP vklju\u010duje:<\/strong><\/h3>\n<ul>\n<li>\ud83d\ude8c A <strong>udobna in slikovita vo\u017enja z avtobusom<\/strong> na Tenerifih, ki zagotavlja tako prijetno potovanje kot same destinacije.<\/li>\n<li>\ud83c\udfe8 <strong>Priro\u010dna storitev prevzema in odvoza<\/strong> v va\u0161em hotelu, da bo potovanje od za\u010detka do konca potekalo brez stresa.<\/li>\n<li>\ud83d\udde3\ufe0f <strong>Zanimivo vodenje ve\u010djezi\u010dnih turisti\u010dnih vodnikov<\/strong>, kar bo va\u0161e do\u017eivetje obogatilo z zanimivim vpogledom v vsako lokacijo.<\/li>\n<li>\ud83d\udd52 An <strong>pribli\u017eno 8-urni izlet<\/strong>, ki je zasnovan tako, da boste kar najbolje spoznali osupljive pokrajine in kulturno dedi\u0161\u010dino Tenerifov.<\/li>\n<li>\ud83d\udcf8 Ne\u0161teto <strong>mo\u017enosti fotografiranja<\/strong> na razli\u010dnih terenih, kar zagotavlja spomine, ki bodo ostali za vse \u017eivljenje.<\/li>\n<li>\ud83d\udcb0 Obljuba CanaryVIP <strong>najbolj\u0161a cena<\/strong>, ki ga za va\u0161e udobje dopolnjuje prilagodljiv pravilnik o odpovedi.<\/li>\n<\/ul>\n<h3><strong>Osnovni podatki o turneji:<\/strong><\/h3>\n<ul>\n<li>\ud83c\udf9f\ufe0f Vstopnico CanaryVIP hranite v digitalni ali tiskani obliki, da bo va\u0161a izku\u0161nja s potovanjem brezhibna.<\/li>\n<li>\ud83e\udde5 Oblecite se udobno in si omislite ve\u010d plasti, saj se na otoku sre\u010dujete z razli\u010dnimi podnebnimi razmerami.<\/li>\n<li>\ud83c\udf7d\ufe0f V Puerto de la Cruz si privo\u0161\u010dite odmor za kosilo, saj lahko izbirate med razli\u010dnimi restavracijami. (kosilo ni vklju\u010deno v ceno)<\/li>\n<li>\ud83d\udccc \u010cas in lokacijo prevzema bomo potrdili po rezervaciji. Za nemoteno organizacijo potovanja se prepri\u010dajte, da so va\u0161i podatki o nastanitvi to\u010dni.<\/li>\n<\/ul>\n<h3><strong>Pravila odpovedi:<\/strong><\/h3>\n<ul>\n<li>\ud83d\udd04 <strong>Prilagodljiva odpoved za posameznike:<\/strong> Na\u0161a pravila upo\u0161tevajo nepredvidljivost \u017eivljenja in omogo\u010dajo odpovedi do 24 ur pred na\u010drtovanim potovanjem, pri \u010demer vam povrnemo stro\u0161ke v celoti. Ta prilagodljivost vam zagotavlja, da lahko po potrebi brez te\u017eav spremenite svoj na\u010drt potovanja.<\/li>\n<li>\ud83d\udd52 <strong>Mo\u017enosti odpovedi skupine:<\/strong> Za tiste, ki potujejo v skupinah, ponujamo prilagojene pogoje odpovedi. Manj\u0161e skupine od 5 do 7 oseb lahko do 48 ur pred potovanjem odpovedo potovanje brez kakr\u0161nih koli stro\u0161kov. Srednje velike skupine od 8 do 14 oseb lahko za vra\u010dilo celotne kupnine odpovejo potovanje do 4 dni pred potovanjem, ve\u010dje skupine od 15 oseb pa morajo potovanje odpovedati vsaj 6 dni prej, da se izognejo kakr\u0161nim koli stro\u0161kom odpovedi. Te smernice so dolo\u010dene za la\u017eje na\u010drtovanje za skupine vseh velikosti.<\/li>\n<li>\ud83d\udca1 <strong>Enostaven postopek preklica:<\/strong> Odpoved potovanja, ne glede na to, ali ga opravljate sami ali v skupini, je preprosta. Preprosto se obrnite na na\u0161o spletno stran, po\u0161ljite e-po\u0161to ali nas pokli\u010dite. Zagotavljamo hiter postopek vra\u010dila denarja, kar omogo\u010da gladko in brezskrbno odpoved.<\/li>\n<li>\ud83d\udd0d <strong>Preverjanje rezervacij:<\/strong> Pred datumom potovanja je pametno dvakrat preveriti podatke o rezervaciji. Tako boste lahko vse potrebne prilagoditve ali odpovedi opravili v dolo\u010denih rokih in se tako izognili morebitnim pristojbinam.<\/li>\n<\/ul>\n<h4><strong>Pomo\u010d in odgovornost na poti:<\/strong><\/h4>\n<ul>\n<li>\u2714\ufe0f CanaryVIP je namenjen zagotavljanju nepozabne in brezhibne turisti\u010dne izku\u0161nje, od rezervacije do raziskovanja.<\/li>\n<li>\ud83d\udde3\ufe0f <strong>Neposredno komuniciranje:<\/strong> Na\u0161i vodniki so vam na voljo za vsa vpra\u0161anja ali potrebe med potovanjem.<\/li>\n<li>\ud83d\udcb0 <strong>Pregleden pravilnik o vra\u010dilu:<\/strong> Prizadevamo si za pristop, ki je v prvi vrsti namenjen strankam, ter hitro in po\u0161teno re\u0161ujemo vse te\u017eave.<\/li>\n<\/ul>\n<h4><strong>\ud83d\ude8c\ud83c\udf04\ud83c\udfdb\ufe0f Rezervirajte svojo oto\u0161ko pustolov\u0161\u010dino zdaj!<\/strong><\/h4>\n<p>Izkoristite to edinstveno prilo\u017enost in s podjetjem CanaryVIP razi\u0161\u010dite bogate lepote in kulturo Tenerifov. Rezervirajte svoje mesto na otoku Tenerife <a href=\"https:\/\/canaryvip.com\/sl\/tenerife\/guided-tours\/bus-tours\/\">Voden avtobusni izlet<\/a> in se odpravite na nepozabno potovanje po najbolj znamenitih znamenitostih in skritih draguljih otoka.<\/p>\n<p>\u010caka vas pustolov\u0161\u010dina!<\/p>","protected":false},"excerpt":{"rendered":"<p><strong>\ud83d\udd0d Ogled otoka Tenerife:<\/strong><br \/>\n\u2705 Varno pla\u010dilo.<br \/>\n\u26f0\ufe0f Obi\u0161\u010dite pe\u010dino Los Gigantes.<br \/>\n\ud83d\udc09 Razi\u0161\u010dite Icodovo zmajevo drevo.<br \/>\n\ud83d\udca6 Odkrijte Garachico.<br \/>\n\ud83d\udee4\ufe0f Obi\u0161\u010dite La Orotavo.<br \/>\n\ud83d\udecd\ufe0f U\u017eivajte v Puerto de la Cruz.<br \/>\n\u26ea\ufe0f Obi\u0161\u010dite Candelario.<br \/>\n\ud83d\udcc5 ob torkih in sobotah.<br \/>\n\u23f0 Trajanje Pribli\u017eno 8 ur.<br \/>\n\ud83d\ude8c Prevzem in odvoz iz hotela.<br \/>\n\ud83d\udd04 24-urna brezpla\u010dna odpoved.<br \/>\n\ud83e\udd11 Zagotovljena najbolj\u0161a cena.<br \/>\n\ud83c\udf81 Skupinski popusti na voljo.<br \/>\n\ud83c\udf0d Vodnik v va\u0161em jeziku.<br \/>\n\ud83c\udf1f Rezervirajte zdaj in prihranite!<\/p>","protected":false},"featured_media":9624,"comment_status":"open","ping_status":"closed","template":"","meta":{"_acf_changed":false},"product_brand":[],"product_cat":[52,68],"product_tag":[],"class_list":{"0":"post-9623","1":"product","2":"type-product","3":"status-publish","4":"has-post-thumbnail","6":"product_cat-bus-tours","7":"product_cat-guided-tours","8":"wcpa_has_options","10":"first","11":"instock","12":"virtual","13":"purchasable","14":"product-type-simple"},"acf":[],"wcpa_form_fields":{"wcpaData":{"product":{"product_price":48,"price_html":"From&nbsp;<span class=\"woocommerce-Price-amount amount\"><bdi>48,00&nbsp;<span class=\"woocommerce-Price-currencySymbol\">&euro;<\/span><\/bdi><\/span>","original_product_price":48,"price_including_tax":48,"price_excluding_tax":48,"product_id":{"parent":9623,"variation":false},"is_variable":false,"stock_status":"instock","stock_quantity":null,"parent_sku":"CV9623","product_attributes":[],"custom_fields":[],"is_taxable":false,"product_name":"Tenerife Island Tour: Guided Bus Trip","hasImage":false},"fields":{"sec_265e50550df885":{"extra":{"key":"sec_265e50550df885","section_id":"sec_265e50550df885","name":"South Tenerife","status":1,"cl_rule":"show","enableCl":false,"relations":[{"operator":false,"rules":[{"operator":"AND","rules":{"cl_field":"radio-group_665df45fcbc30b","cl_relation":"is","cl_val":"Siam Park Regular Tickets"}}]}],"toggle":true,"title_tag":"h4","show_title":false,"showPrice":"default","form_id":10216,"form_rules":{"exclude_from_discount":true,"fee_label":"Fee","disp_hide_options_price":true,"disp_show_section_price":false,"disp_show_field_price":true,"layout_option":"standard","pric_use_as_fee":false,"process_fee_as":"woo_fee"},"layout_option":"standard"},"fields":[[{"label":"\ud83d\udcc5 Date","active":true,"required":true,"elementId":"date_365e50550df8bb","picker_type":"custom","picker_mode":"single","placeholder":"","description":"","tooltip":"","name":"date_365e50550df8bb","label_position":"default","desc_position":"default","enablePrice":false,"className":"","enableCl":false,"relations":[{"operator":"and","rules":[{"operator":"AND","rules":{"cl_field":"radio-group_665df45fcbc30b","cl_relation":"is","cl_val":"3 Hour Trip"}}]}],"date_pic_inline":true,"date_pic_inline_hide":true,"min_date":{"type":"days","val":"1"},"max_date":{"type":"days","val":"365"},"date_pic_conf":{"disabledWeeks":[0,1,3,4,5,6]},"price":"","cl_rule":"show","col":6,"type":"date","error":false,"enableDesign":false,"LabelColor":"","gt_translate_keys":["label","placeholder","description","tooltip"],"price_dependency":false,"cl_dependency":false,"value":""}],[{"elementId":"separator_665e50550df8cb","separatorType":"blank","className":"","height":"10","enableCl":false,"relations":false,"cl_rule":"show","col":6,"type":"separator","gt_translate_keys":[],"price_dependency":false,"cl_dependency":false,"value":""}],[{"active":true,"col":6,"relations":false,"cl_rule":"show","enableCl":false,"price":"","enablePrice":false,"className":"","label_position":"default","desc_position":"default","type":"content","required":false,"elementId":"content_565e50550df8e4","label":"People","name":"content_565e50550df8e4","contentType":"plain","value":"","error":false,"show_in_checkout":true,"inline":false,"gt_translate_keys":["label","value"],"price_dependency":false,"cl_dependency":false}],[{"active":true,"col":6,"relations":[{"operator":false,"rules":[{"operator":"AND","rules":{"cl_field":"","cl_relation":"","cl_val":""}}]}],"cl_rule":"show","enableCl":true,"price":"50","enablePrice":true,"className":"","label_position":"default","desc_position":"default","type":"radio-group","required":false,"elementId":"radio-group_665e50550df8f0","label":"","name":"radio-group_665e50550df8f0","values":[{"label":"\ud83d\udc64 Adult (50\u20ac)","value":"Adult","selected":true,"tempId":"aco_32","tooltip":"+12 Years","description":"","gt_translate_keys":["label","tooltip","description"]}],"layOut":"","error":false,"checkUi":"button","priceOptions":"fixed_for_all","pricingType":"fixed","enable_quantity":true,"quantity_label":"","min_quantity":"0","options_tooltip":true,"options_description":true,"gt_translate_keys":["label","quantity_label"],"price_dependency":false,"cl_dependency":false,"value":""}],[{"label":"","active":true,"required":false,"elementId":"radio-group_665e50550df8fb","name":"radio-group_665e50550df8fb","label_position":"default","desc_position":"default","enablePrice":true,"className":"","enableCl":false,"relations":false,"enable_quantity":true,"quantity_label":"","min_quantity":"0","checkUi":"button","layOut":"","values":[{"label":"\ud83d\udc66 Child (31\u20ac)","value":"Child","selected":true,"tempId":"aco_32","tooltip":"2-11 Years","description":"","gt_translate_keys":["label","tooltip","description"]}],"priceOptions":"fixed_for_all","pricingType":"fixed","price":"31","cl_rule":"show","col":6,"type":"radio-group","error":false,"options_tooltip":true,"options_description":true,"gt_translate_keys":["label","quantity_label"],"price_dependency":false,"cl_dependency":false,"value":""}],[{"active":true,"col":6,"relations":false,"cl_rule":"show","enableCl":false,"price":"","enablePrice":false,"className":"","label_position":"default","desc_position":"default","type":"select","required":false,"elementId":"select_265e50550df905","label":"\ud83c\udf0e Language","name":"select_265e50550df905","values":[{"label":"English","value":"English","selected":false,"tempId":"aco_310","gt_translate_keys":["label"]},{"label":"Spanish","value":"Spanish","selected":false,"tempId":"aco_311","gt_translate_keys":["label"]},{"label":"French","value":"French","selected":false,"tempId":"aco_312","gt_translate_keys":["label"]}],"dropdown_type":"basic","error":false,"gt_translate_keys":["label"],"price_dependency":false,"cl_dependency":false,"value":""}],[{"active":true,"col":6,"relations":false,"cl_rule":"show","enableCl":false,"price":"","enablePrice":false,"className":"","label_position":"default","desc_position":"default","type":"separator","required":false,"elementId":"separator_665e50550df90f","label":"Separator Field","height":"7","separatorType":"blank","error":false,"gt_translate_keys":["label"],"price_dependency":false,"cl_dependency":false,"value":""}],[{"active":true,"col":6,"relations":false,"cl_rule":"show","enableCl":false,"price":"","enablePrice":false,"className":"","label_position":"default","desc_position":"default","type":"text","subtype":"text","required":false,"elementId":"text_565e50550df918","label":"\ud83d\ude8c Pickup Location","name":"text_565e50550df918","value":"","description":"Pick-up service in South Tenerife. Simply provide your address or hotel name.","error":false,"gt_translate_keys":["label","description","value"],"price_dependency":false,"cl_dependency":false}]]}},"config":{"price_override":"always","enable_recaptcha":false,"bind_quantity":false,"quantity_bind_formula":false,"disp_summ_show_option_price":true,"disp_summ_show_product_price":false,"disp_summ_show_total_price":true,"disp_summ_show_fee":true,"disp_summ_show_discount":true,"summary_title":"","options_total_label":"Options Price","total_label":"Total Amount","options_product_label":"Product Price","fee_label":"Fee","discount_label":"Discount","has_price":true,"has_quantity_formula":false},"mc_unit":1,"tax_rate":1,"tax_rate_real":1,"discount":{"percentage":0,"fixed":0},"design":{"conf":{"LabelPosition":"above","DescPosition":"above","UploadField":"custom_1","QuantityFieldStyle":"custom_1"},"css":{"LeftLabelWidth":"120px"}},"formulas":[],"lookuptables":[],"clones":false,"cartKey":false}},"_links":{"self":[{"href":"https:\/\/canaryvip.com\/sl\/wp-json\/wp\/v2\/product\/9623","targetHints":{"allow":["GET"]}}],"collection":[{"href":"https:\/\/canaryvip.com\/sl\/wp-json\/wp\/v2\/product"}],"about":[{"href":"https:\/\/canaryvip.com\/sl\/wp-json\/wp\/v2\/types\/product"}],"replies":[{"embeddable":true,"href":"https:\/\/canaryvip.com\/sl\/wp-json\/wp\/v2\/comments?post=9623"}],"wp:featuredmedia":[{"embeddable":true,"href":"https:\/\/canaryvip.com\/sl\/wp-json\/wp\/v2\/media\/9624"}],"wp:attachment":[{"href":"https:\/\/canaryvip.com\/sl\/wp-json\/wp\/v2\/media?parent=9623"}],"wp:term":[{"taxonomy":"product_brand","embeddable":true,"href":"https:\/\/canaryvip.com\/sl\/wp-json\/wp\/v2\/product_brand?post=9623"},{"taxonomy":"product_cat","embeddable":true,"href":"https:\/\/canaryvip.com\/sl\/wp-json\/wp\/v2\/product_cat?post=9623"},{"taxonomy":"product_tag","embeddable":true,"href":"https:\/\/canaryvip.com\/sl\/wp-json\/wp\/v2\/product_tag?post=9623"}],"curies":[{"name":"wp","href":"https:\/\/api.w.org\/{rel}","templated":true}]}}