{"id":9493,"date":"2024-02-05T22:56:26","date_gmt":"2024-02-05T22:56:26","guid":{"rendered":"https:\/\/canaryvip.com\/?post_type=product&#038;p=9493"},"modified":"2025-08-09T12:59:18","modified_gmt":"2025-08-09T11:59:18","slug":"jungle-park-tickets","status":"publish","type":"product","link":"https:\/\/canaryvip.com\/sl\/shop\/jungle-park-tickets\/","title":{"rendered":"Nakup Jungle Park Vstopnice"},"content":{"rendered":"<h2>\ud83e\udd85 <strong>D\u017eungelski park Tenerife: Safari pustolov\u0161\u010dina in zato\u010di\u0161\u010de za divje \u017eivali<\/strong><\/h2>\n<p><strong>\u23f0 Raziskujte vsak dan:<\/strong> Od 10.00 do 17.30 vas \u010daka pustolov\u0161\u010dina, ki vam bo ponudila cel dan raziskovanja in odkrivanja.<\/p>\n<p>\ud83d\udccd <strong>\u010caka vas safari:<\/strong> Odkrijte divjo stran Tenerifov v parku Chayofa's Jungle Park, v katerem se \u017eivalski in botani\u010dni vrt prepletata z obse\u017eno d\u017eungelsko pokrajino. Obisk na\u010drtujte tako, da <a href=\"https:\/\/maps.app.goo.gl\/K7g47iUPFiKyfYdU9\" target=\"_blank\" rel=\"noopener\">iskanje parka na Google Maps<\/a>.<\/p>\n<p>\ud83c\udf92 <strong>Osnove za pustolov\u0161\u010dine:<\/strong> Za dan v d\u017eungli si pripravite kremo za son\u010denje, udobne \u010devlje za hojo in ne pozabite na fotoaparat za \u0161tevilne prilo\u017enosti za fotografiranje eksoti\u010dnih \u017eivali in bujne pokrajine.<\/p>\n<p>\ud83d\udca7 <strong>Osve\u017eite in napolnite z gorivom:<\/strong> V parku boste na\u0161li razli\u010dne mo\u017enosti, kjer se lahko napijete in okrep\u010date ter tako poskrbite za udoben in prijeten dan za vse.<\/p>\n<p>\ud83c\udfab <strong>Hitri dostop:<\/strong> Izognite se \u010dakanju z vnaprej kupljenimi vstopnicami CanaryVIP, ki pripravljenim obiskovalcem omogo\u010dajo hitrej\u0161i vstop v primerjavi z obiskovalci, ki vstopnice kupijo ob prihodu.<\/p>\n<p>\ud83d\ude8c <strong>Prevoz v d\u017eunglo:<\/strong> Izkoristite storitve brezpla\u010dnega avtobusnega prevoza, ki vozi iz ju\u017enega dela Tenerifa in zagotavlja neposredno in udobno pot do parka Jungle.<\/p>\n<p>\ud83c\udf1f <strong>CanaryVIP ekskluzivi:<\/strong> Rezervacija pri CanaryVIP vam ne zagotavlja le vstopa, temve\u010d tudi dostop do posebnih popustov, prednostnega vstopa in drugih ugodnosti, ki vam bodo popestrile obisk parka Jungle.<\/p>\n<ul>\n<li><strong>Takoj\u0161nji prihranki:<\/strong> Odklenite ekskluzivne popuste takoj po rezervaciji pri nas.<\/li>\n<li><strong>Ve\u010d za manj:<\/strong> Preverite na\u0161e ponudbe kombiniranih vstopnic za \u0161e ve\u010dje prihranke in dvojno zabavo.<\/li>\n<li><strong>Na\u010drtovanje brez skrbi:<\/strong> U\u017eivajte v miru z mo\u017enostjo odpovedi do 72 ur pred na\u010drtovanim obiskom.<\/li>\n<\/ul>\n<p>\ud83d\udc3e <strong>Spoznajte na\u0161e \u017eivalske zvezde:<\/strong> V parku Jungle Park \u017eivijo razli\u010dne divje \u017eivali, od igrivih orangutanov, gibonov in kapucinov v na\u0161em zaveti\u0161\u010du za primate do veli\u010dastnih leopardov in jaguarjev v zaveti\u0161\u010du za velike ma\u010dke. Ne spreglejte pingvinov, morskih levov, surikat, rakunov in na\u0161e impresivne zbirke plazilcev s ka\u010dami, \u017eelvami, krokodili in kajmani.<\/p>\n<p>\ud83e\udd9c <strong>Najpomembnej\u0161i trenutki v oddaji Showtime:<\/strong> Na\u0161 vsakodnevni \u0161ov z morskimi levi ob 13:30 je prava zabava, \u0161ov s pticami roparicami ob 12:30 pa prikazuje neverjetno spretnost na\u0161ih pernatih prijateljev, vklju\u010dno z veli\u010dastnim planinskim orlom. Te predstave niso le zabavne, ampak tudi pou\u010dne, saj ponujajo vpogled v \u017eivljenje teh neverjetnih bitij.<\/p>\n<p>\ud83d\udc68\u200d\ud83d\udc69\u200d\ud83d\udc67\u200d\ud83d\udc66 <strong>Dru\u017einska pustolov\u0161\u010dina:<\/strong> Jungle Park ponuja razburljive safarije, mirne sprehode po naravi in interaktivna sre\u010danja z \u017eivalmi, ki so kot nala\u0161\u010d za obiskovalce vseh starosti. Udele\u017eite se posebnih ogledov v parku, za dodatno vznemirjenje pa se preizkusite na bob stezi, ki se vije skozi d\u017eunglo.<\/p>\n<h3>\ud83d\ude8c Brezpla\u010dna storitev prevzema<\/h3>\n<p><strong>Brez\u0161ivni priklju\u010dek za shuttle:<\/strong> Izkoristite na\u0161 brezpla\u010dni prevoz in se brez stresa odpravite iz ju\u017enega dela Tenerifa v park Jungle. Poskrbite, da se va\u0161a pustolov\u0161\u010dina za\u010dne in kon\u010da brez te\u017eav.<\/p>\n<p><strong>Vozni red in povratki:<\/strong> U\u017eivajte v priro\u010dnih prevzemih iz mest Costa Adeje, Playa de Las Am\u00e9ricas in Los Cristianos, kar vam bo olaj\u0161alo obisk parka Jungle. Na\u0161 brezpla\u010dni dnevni avtobusni prevoz vas bo brez te\u017eav povezal:<\/p>\n<ul>\n<li><a href=\"https:\/\/canaryvip.com\/sl\/shop\/aqualand-tickets\/\">Aqualand<\/a> Costa Adeje: 9:30 | 10:45<\/li>\n<li>H. Labranda Suites Costa Adeje: 9:35 | 10:50<\/li>\n<li>Nakupovalno sredi\u0161\u010de The Duke Shops: 9:35 | 10:55<\/li>\n<li>Hotel Sunwing Fa\u00f1ab\u00e9: 9:40 | 11:00<\/li>\n<li>Hotel Allsun Hibiscos: 9:45 | 11:05<\/li>\n<li>Calle Llanos De Troya: 9:50 | 11:35<\/li>\n<li>Bar Leonardo's: 9:55 | 11:40<\/li>\n<li>Hotel Best Tenerife: 10:00 | 11:45<\/li>\n<li>Nakupovalno sredi\u0161\u010de Pasarela \"La Pepa\": 10:10 | 11:50<\/li>\n<li>Hotel Sol Arona Tenerife: 10:15 | 11:55<\/li>\n<\/ul>\n<p><strong>\u010cas vrnitve<\/strong>: 16:30 | 17:30.<\/p>\n<p>Upo\u0161tevajte, da je \u0161tevilo sede\u017eev v avtobusu omejeno in so na voljo po vrstnem redu brez predhodne rezervacije.<\/p>\n<h3>\ud83d\udd25 <strong>Rezervirajte zdaj za ekskluzivne ponudbe Jungle Parka<\/strong><\/h3>\n<p>Z dru\u017ebo CanaryVIP se potopite v divjo lepoto Tenerifskega parka d\u017eungle. Zagotovite si najbolj\u0161e ponudbe, u\u017eivajte v brezskrbnem dostopu in si ustvarite nepozabne spomine v bujnem okolju Chayofa.<\/p>\n<p>Potopite se v svet, kjer se zdru\u017eujejo divje \u017eivali in pustolov\u0161\u010dine v parku d\u017eungle na Tenerifih, kjer vsaka pot vodi do odkritja, vsako sre\u010danje pa je zgodba, ki \u010daka na pripoved. Rezervirajte svoje potovanje \u0161e danes in sprostite raziskovalca v sebi!<\/p>","protected":false},"excerpt":{"rendered":"<p><strong>\ud83d\udd0d Jungle Park Highligts:<\/strong><br \/>\n\u2705 Varno pla\u010dilo.<br \/>\n\ud83d\ude80 Hitri vstop za imetnike prepustnic.<br \/>\n\ud83e\udd85 Vstop na vse predstave.<br \/>\n\ud83d\udd59 Odprto od 10:00 do 17:30.<br \/>\n\ud83e\udd11 Zagotovljena najbolj\u0161a cena.<br \/>\n\ud83d\ude8d Brezpla\u010dni avtobusni prevoz.<br \/>\n\ud83d\udc6a Popusti za skupinske rezervacije.<br \/>\n\ud83d\udd01 Do 72h Preklic.<br \/>\n\ud83c\udf0d Podpora v ve\u010d jezikih.<br \/>\n\ud83c\udf1f Rezervirajte zdaj in prihranite!<br \/>\n\ud83d\udccd Najdi <a href=\"https:\/\/maps.app.goo.gl\/K7g47iUPFiKyfYdU9\">Jungle Park na zemljevidih<\/a>.<\/p>","protected":false},"featured_media":9501,"comment_status":"open","ping_status":"closed","template":"","meta":{"_acf_changed":false},"product_brand":[],"product_cat":[54],"product_tag":[],"class_list":{"0":"post-9493","1":"product","2":"type-product","3":"status-publish","4":"has-post-thumbnail","6":"product_cat-theme-parks","7":"wcpa_has_options","9":"first","10":"instock","11":"virtual","12":"purchasable","13":"product-type-simple"},"acf":[],"wcpa_form_fields":{"wcpaData":{"product":{"product_price":35,"price_html":"From&nbsp;<span class=\"woocommerce-Price-amount amount\"><bdi>35,00&nbsp;<span class=\"woocommerce-Price-currencySymbol\">&euro;<\/span><\/bdi><\/span>","original_product_price":35,"price_including_tax":35,"price_excluding_tax":35,"product_id":{"parent":9493,"variation":false},"is_variable":false,"stock_status":"instock","stock_quantity":null,"parent_sku":"CV9493","product_attributes":[],"custom_fields":[],"is_taxable":false,"product_name":"Buy Jungle Park Tickets","hasImage":false},"fields":{"sec_065df48f68f816":{"extra":{"key":"sec_065df48f68f816","section_id":"sec_065df48f68f816","name":"Jungle Park Tickets","status":1,"cl_rule":"show","enableCl":false,"relations":[{"operator":false,"rules":[{"operator":"AND","rules":{"cl_field":"radio-group_665df45fcbc30b","cl_relation":"is","cl_val":"Siam Park Regular Tickets"}}]}],"toggle":true,"title_tag":"h4","show_title":false,"showPrice":"default","form_id":10144,"form_rules":{"exclude_from_discount":true,"fee_label":"Fee","disp_hide_options_price":true,"disp_show_section_price":false,"disp_show_field_price":true,"layout_option":"standard","pric_use_as_fee":false,"process_fee_as":"woo_fee"},"layout_option":"standard"},"fields":[[{"label":"\ud83d\udcc5 Date","active":true,"required":true,"elementId":"date_365df48f68f836","picker_type":"custom","picker_mode":"single","placeholder":"","description":"","tooltip":"","name":"date_365df48f68f836","label_position":"default","desc_position":"default","enablePrice":false,"className":"","enableCl":false,"relations":[{"operator":"and","rules":[{"operator":"AND","rules":{"cl_field":"radio-group_665df45fcbc30b","cl_relation":"is","cl_val":"3 Hour Trip"}}]}],"date_pic_inline":true,"date_pic_inline_hide":true,"min_date":{"type":"days","val":"0"},"max_date":{"type":"days","val":"365"},"date_pic_conf":{"disabledWeeks":[]},"price":"","cl_rule":"show","col":6,"type":"date","error":false,"enableDesign":false,"LabelColor":"","gt_translate_keys":["label","placeholder","description","tooltip"],"price_dependency":false,"cl_dependency":false,"value":""}],[{"elementId":"separator_765df48f68f845","separatorType":"blank","className":"","height":"10","enableCl":false,"relations":false,"cl_rule":"show","col":6,"type":"separator","gt_translate_keys":[],"price_dependency":false,"cl_dependency":false,"value":""}],[{"active":true,"col":6,"relations":false,"cl_rule":"show","enableCl":false,"price":"","enablePrice":false,"className":"","label_position":"default","desc_position":"default","type":"content","required":false,"elementId":"content_265df48f68f851","label":"People","name":"content_265df48f68f851","contentType":"plain","value":"","error":false,"show_in_checkout":true,"inline":false,"gt_translate_keys":["label","value"],"price_dependency":false,"cl_dependency":false}],[{"active":true,"col":6,"relations":[{"operator":false,"rules":[{"operator":"AND","rules":{"cl_field":"","cl_relation":"","cl_val":""}}]}],"cl_rule":"show","enableCl":true,"price":"35","enablePrice":true,"className":"","label_position":"default","desc_position":"default","type":"radio-group","required":false,"elementId":"radio-group_165df48f68f85d","label":"","name":"radio-group_165df48f68f85d","values":[{"label":"\ud83d\udc64 Adult (35\u20ac)","value":"Adult","selected":true,"tempId":"aco_32","tooltip":"+11 Years","description":"","gt_translate_keys":["label","tooltip","description"]}],"layOut":"","error":false,"checkUi":"button","priceOptions":"fixed_for_all","pricingType":"fixed","enable_quantity":true,"quantity_label":"","min_quantity":"0","options_tooltip":true,"options_description":true,"gt_translate_keys":["label","quantity_label"],"price_dependency":false,"cl_dependency":false,"value":""}],[{"label":"","active":true,"required":false,"elementId":"radio-group_265df48f68f868","name":"radio-group_265df48f68f868","label_position":"default","desc_position":"default","enablePrice":true,"className":"","enableCl":false,"relations":false,"enable_quantity":true,"quantity_label":"","min_quantity":"0","checkUi":"button","layOut":"","values":[{"label":"\ud83d\udc66 Child (29\u20ac)","value":"Child","selected":true,"tempId":"aco_32","tooltip":"5-10 Years","description":"","gt_translate_keys":["label","tooltip","description"]}],"priceOptions":"fixed_for_all","pricingType":"fixed","price":"29","cl_rule":"show","col":6,"type":"radio-group","error":false,"options_tooltip":true,"options_description":true,"gt_translate_keys":["label","quantity_label"],"price_dependency":false,"cl_dependency":false,"value":""}],[{"label":"","active":true,"required":false,"elementId":"radio-group_1065df48f68f873","name":"radio-group_1065df48f68f873","label_position":"default","desc_position":"default","enablePrice":true,"className":"","enableCl":false,"relations":false,"enable_quantity":true,"quantity_label":"","min_quantity":"0","checkUi":"button","layOut":"","values":[{"label":"\ud83d\udc76 Toddler (16\u20ac)","value":"Toddler","selected":true,"tempId":"aco_32","tooltip":"3-4 Years","gt_translate_keys":["label","tooltip"]}],"priceOptions":"fixed_for_all","pricingType":"fixed","price":"16","cl_rule":"show","col":6,"type":"radio-group","error":false,"options_tooltip":true,"gt_translate_keys":["label","quantity_label"],"price_dependency":false,"cl_dependency":false,"value":""}]]}},"config":{"price_override":"always","enable_recaptcha":false,"bind_quantity":false,"quantity_bind_formula":false,"disp_summ_show_option_price":true,"disp_summ_show_product_price":false,"disp_summ_show_total_price":true,"disp_summ_show_fee":true,"disp_summ_show_discount":true,"summary_title":"","options_total_label":"Options Price","total_label":"Total Amount","options_product_label":"Product Price","fee_label":"Fee","discount_label":"Discount","has_price":true,"has_quantity_formula":false},"mc_unit":1,"tax_rate":1,"tax_rate_real":1,"discount":{"percentage":0,"fixed":0},"design":{"conf":{"LabelPosition":"above","DescPosition":"above","UploadField":"custom_1","QuantityFieldStyle":"custom_1"},"css":{"LeftLabelWidth":"120px"}},"formulas":[],"lookuptables":[],"clones":false,"cartKey":false}},"_links":{"self":[{"href":"https:\/\/canaryvip.com\/sl\/wp-json\/wp\/v2\/product\/9493","targetHints":{"allow":["GET"]}}],"collection":[{"href":"https:\/\/canaryvip.com\/sl\/wp-json\/wp\/v2\/product"}],"about":[{"href":"https:\/\/canaryvip.com\/sl\/wp-json\/wp\/v2\/types\/product"}],"replies":[{"embeddable":true,"href":"https:\/\/canaryvip.com\/sl\/wp-json\/wp\/v2\/comments?post=9493"}],"wp:featuredmedia":[{"embeddable":true,"href":"https:\/\/canaryvip.com\/sl\/wp-json\/wp\/v2\/media\/9501"}],"wp:attachment":[{"href":"https:\/\/canaryvip.com\/sl\/wp-json\/wp\/v2\/media?parent=9493"}],"wp:term":[{"taxonomy":"product_brand","embeddable":true,"href":"https:\/\/canaryvip.com\/sl\/wp-json\/wp\/v2\/product_brand?post=9493"},{"taxonomy":"product_cat","embeddable":true,"href":"https:\/\/canaryvip.com\/sl\/wp-json\/wp\/v2\/product_cat?post=9493"},{"taxonomy":"product_tag","embeddable":true,"href":"https:\/\/canaryvip.com\/sl\/wp-json\/wp\/v2\/product_tag?post=9493"}],"curies":[{"name":"wp","href":"https:\/\/api.w.org\/{rel}","templated":true}]}}