{"id":9488,"date":"2024-02-05T21:54:37","date_gmt":"2024-02-05T21:54:37","guid":{"rendered":"https:\/\/canaryvip.com\/?post_type=product&#038;p=9488"},"modified":"2025-08-09T13:00:03","modified_gmt":"2025-08-09T12:00:03","slug":"aqualand-tickets","status":"publish","type":"product","link":"https:\/\/canaryvip.com\/sl\/shop\/aqualand-tickets\/","title":{"rendered":"Kupi vstopnice za Aqualand"},"content":{"rendered":"<h2>\ud83c\udf0a <strong>Aqualand Costa Adeje: Potopite se v zabavo in pustolov\u0161\u010dino!<\/strong><\/h2>\n<ul>\n<li><strong>Odprto vsak dan:<\/strong> Plesajte in se igrajte od 10. do 17. ure ter si zagotovite dan, poln zabave in razburjenja.<\/li>\n<li><strong>Priro\u010dna lokacija:<\/strong> Aqualand se nahaja na \u017eivahnem obmo\u010dju Costa Adeje in ponuja lahko dostopen dan za vsakogar.<\/li>\n<li><strong>Prilagodljivost vozovnic:<\/strong> Va\u0161a pustolov\u0161\u010dina vas \u010daka z vstopnicami, ki veljajo 90 dni od nakupa, kar vam omogo\u010da, da izberete popoln dan za obisk.<\/li>\n<\/ul>\n<p>\ud83d\udccd <strong>Glavna to\u010dka:<\/strong> Aqualand se nahaja v \u017eivahnem letovi\u0161\u010du Costa Adeje, ki je klju\u010dna destinacija za ljubitelje vodnih parkov.<br \/>\nZa navodila, brez te\u017eav <a href=\"https:\/\/maps.app.goo.gl\/A5TcFcUtHUGD1ykJ7\" target=\"_blank\" rel=\"noopener\">poi\u0161\u010dite Aqualand na Googlovih zemljevidih<\/a> in vnaprej na\u010drtujte dan, ko se boste lahko razvajali.<\/p>\n<p>\ud83c\udf92 <strong>Pripravite se na pustolov\u0161\u010dino:<\/strong> Ne pozabite na kremo za son\u010denje, kopalke in brisa\u010do za dan zabave na soncu. Na voljo je najem omaric, da bodo va\u0161e stvari na varnem.<\/p>\n<p>\ud83d\udca7 <strong>Postaja za hidracijo:<\/strong> Vzemite s seboj vodo, da se boste pod soncem lahko hidrirali, v parku pa so vam na voljo tudi mo\u017enosti za hrano in pija\u010do.<\/p>\n<p>\ud83c\udfab <strong>Brezhiben vstop:<\/strong> Z vozovnicami CanaryVIP se izognite \u010dakalnim vrstam za nakup vozovnic na kraju samem in u\u017eivajte v hitrej\u0161em dostopu. Z vnaprej kupljenimi vstopnicami se lahko brez te\u017eav podate na pustolov\u0161\u010dino v Aqualandu.<\/p>\n<p>\ud83d\ude8c <strong>Brezpla\u010den prevoz do Aqualanda:<\/strong> Izkoristite ekskluzivni brezpla\u010dni prevoz Aqualanda, ki vam omogo\u010da enostaven prevoz z razli\u010dnih to\u010dk ju\u017enega Tenerifa.<\/p>\n<p>\ud83c\udf1f <strong>Ekskluzivne ugodnosti CanaryVIP:<\/strong> U\u017eivajte v posebnih popustih in ugodnostih, ko pri nas rezervirate vstopnice za Aqualand! Odrasli in otroci se lahko veselijo dneva neprimerljive zabave po konkuren\u010dnih cenah.<\/p>\n<ul>\n<li><strong>Takoj\u0161nji popusti:<\/strong> Zagotovite si vstopnice prek CanaryVIP in takoj prihranite.<\/li>\n<li><strong>Prednostni dostop:<\/strong> Izognite se \u010dakalnim vrstam in se potopite naravnost v dogajanje.<\/li>\n<li><strong>Vrednostni posli:<\/strong> Bodite pozorni na na\u0161e kombinirane ponudbe z <a href=\"https:\/\/canaryvip.com\/sl\/shop\/aqualand-jungle-park-2park\/\">Aqualand in Jungle Park<\/a>, s \u010dimer si boste zagotovili najve\u010djo mo\u017eno zabavo in hkrati prihranili denar.<\/li>\n<li><strong>Prilagodljiva odpoved:<\/strong> So se na\u010drti spremenili? Prekli\u010dite do 72 ur pred obiskom in dobite celotno nadomestilo.<\/li>\n<\/ul>\n<p>\ud83d\udc2c <strong>\u0160ov delfinov, ki si ga morate ogledati:<\/strong> Ne zamudite o\u010darljivih predstav delfinov, ki so vsak dan ob 15.30 in so vklju\u010dene v brezpla\u010dno vstopnino v park.<\/p>\n<p>\ud83d\udc6a <strong>Dru\u017einam prijazna zabava:<\/strong> Aqualand ponuja popolno me\u0161anico vznemirljivih toboganov za ljubitelje adrenalina in ne\u017enih igral za najmlaj\u0161e, kar zagotavlja nepozaben dan za vso dru\u017eino.<\/p>\n<h2>\ud83d\ude8c Ekskluzivni avtobusni prevoz Aqualand<\/h2>\n<p><strong>Brezhibna izku\u0161nja z raketoplani:<\/strong> Obisk Aqualanda lahko popestrite z brezpla\u010dnim prevozom, ki vam omogo\u010da brezskrbno pot do parka. U\u017eivajte v preprostosti na\u0161ega brezpla\u010dnega avtobusnega prevoza, ki nemoteno povezuje mesta Los Cristianos, Playa De las Am\u00e9ricas in Costa Adeje ter vam omogo\u010da brezskrbno pre\u017eivljanje prostega dne.<\/p>\n<p><span style=\"text-decoration: underline;\"><strong>Urnik brezpla\u010dnega prevoza:<\/strong><\/span><\/p>\n<ul>\n<li><strong>Poti:<\/strong> Los Cristianos - Playa De las Am\u00e9ricas - Costa Adeje<\/li>\n<li><strong>Avtobusna postajali\u0161\u010da in \u010dasi:<\/strong>\n<ul>\n<li>Nakupovalno sredi\u0161\u010de Pasarela: 9:30 | 10:30 | 11:30<\/li>\n<li>Hotel Sol Arona Tenerife: 9:35 | 10:35 | 11:35<\/li>\n<li>Hotel Best Tenerife: 9:40 | 10:40 | 11:40<\/li>\n<li>Bar Leonardo's: 9:45 | 10:45 | 11:45<\/li>\n<li>Ulica Llanos de Troya: 9:50 | 10:50 | 11:50<\/li>\n<li>H. Labranda Suites Costa Adeje: 10:05 | 11:05 | 12:05<\/li>\n<li>Nakupovalno sredi\u0161\u010de The Duke Shops: 10:05 | 11:05 | 12:05<\/li>\n<li>Hotel Sunwing Fa\u00f1ab\u00e9: 10:10 | 11:10 | 12:10<\/li>\n<\/ul>\n<\/li>\n<\/ul>\n<p><strong>\u010cas vrnitve:<\/strong> 16:30 in 17:15<\/p>\n<p>Upo\u0161tevajte, da je \u0161tevilo mest v vsakem prevozu omejeno in se zapolnijo po vrstnem redu brez predhodne rezervacije. Zagotovite si nemoten za\u010detek in konec svoje pustolov\u0161\u010dine v Aqualandu tako, da pridete zgodaj na dolo\u010deno mesto prevzema.<\/p>\n<h3>\ud83d\udd25 <strong>Ne zamudite: Izklju\u010dne ponudbe na CanaryVIP.com<\/strong><\/h3>\n<p>Ste pripravljeni na dan poln razburjenja v Aqualandu Costa Adeje?<\/p>\n<p>Knjiga z <strong>CanaryVIP<\/strong> za najbolj\u0161e cene in neproblemati\u010dno izku\u0161njo s posebnimi ponudbami in prijazno politiko odpovedi. Naredite razburljiv dogodek in si ustvarite nepozabne spomine!<\/p>","protected":false},"excerpt":{"rendered":"<p><strong>\ud83d\udd0d Vstopnice za Aqualand:<\/strong><br \/>\n\u2705 Varno pla\u010dilo.<br \/>\n\ud83d\ude80 Hitri vstop za imetnike prepustnic.<br \/>\n\ud83c\udf0a Dostop do vseh vznemirljivih vo\u017eenj.<br \/>\n\ud83d\udc2c Vklju\u010dena predstava delfinov.<br \/>\n\ud83d\udd59 Odprto od 10:00 do 17:00.<br \/>\n\ud83e\udd11 Zagotovljena najbolj\u0161a cena.<br \/>\n\ud83d\ude8d Brezpla\u010dni avtobusni prevoz.<br \/>\n\ud83d\udc6a Popusti za skupinske rezervacije.<br \/>\n\ud83d\udd01 Do 72h Preklic.<br \/>\n\ud83c\udf0d Podpora v ve\u010d jezikih.<br \/>\n\ud83c\udf1f Rezervirajte zdaj in prihranite!<br \/>\n\ud83d\udccd Najdi <a href=\"https:\/\/maps.app.goo.gl\/A5TcFcUtHUGD1ykJ7\">Aqualand na zemljevidih<\/a>.<\/p>","protected":false},"featured_media":9492,"comment_status":"open","ping_status":"closed","template":"","meta":{"_acf_changed":false},"product_brand":[],"product_cat":[54],"product_tag":[],"class_list":{"0":"post-9488","1":"product","2":"type-product","3":"status-publish","4":"has-post-thumbnail","6":"product_cat-theme-parks","7":"wcpa_has_options","9":"first","10":"instock","11":"virtual","12":"purchasable","13":"product-type-simple"},"acf":[],"wcpa_form_fields":{"wcpaData":{"product":{"product_price":36,"price_html":"From&nbsp;<span class=\"woocommerce-Price-amount amount\"><bdi>36,00&nbsp;<span class=\"woocommerce-Price-currencySymbol\">&euro;<\/span><\/bdi><\/span>","original_product_price":36,"price_including_tax":36,"price_excluding_tax":36,"product_id":{"parent":9488,"variation":false},"is_variable":false,"stock_status":"instock","stock_quantity":null,"parent_sku":"CV9488","product_attributes":[],"custom_fields":[],"is_taxable":false,"product_name":"Buy Aqualand Tickets","hasImage":false},"fields":{"sec_665df45fcbc30e":{"extra":{"key":"sec_665df45fcbc30e","section_id":"sec_665df45fcbc30e","name":"Aqualand Tickets","status":1,"cl_rule":"show","enableCl":false,"relations":[{"operator":false,"rules":[{"operator":"AND","rules":{"cl_field":"radio-group_665df45fcbc30b","cl_relation":"is","cl_val":"Siam Park Regular Tickets"}}]}],"toggle":true,"title_tag":"h4","show_title":false,"showPrice":"default","form_id":10143,"form_rules":{"exclude_from_discount":true,"fee_label":"Fee","disp_hide_options_price":true,"disp_show_section_price":false,"disp_show_field_price":true,"layout_option":"standard","pric_use_as_fee":false,"process_fee_as":"woo_fee"},"layout_option":"standard"},"fields":[[{"label":"\ud83d\udcc5 Date","active":true,"required":true,"elementId":"date_365df45fcbc347","picker_type":"custom","picker_mode":"single","placeholder":"","description":"","tooltip":"","name":"date_365df45fcbc347","label_position":"default","desc_position":"default","enablePrice":false,"className":"","enableCl":false,"relations":[{"operator":"and","rules":[{"operator":"AND","rules":{"cl_field":"radio-group_665df45fcbc30b","cl_relation":"is","cl_val":"3 Hour Trip"}}]}],"date_pic_inline":true,"date_pic_inline_hide":true,"min_date":{"type":"days","val":"0"},"max_date":{"type":"days","val":"365"},"date_pic_conf":{"disabledWeeks":[]},"price":"","cl_rule":"show","col":6,"type":"date","error":false,"enableDesign":false,"LabelColor":"","gt_translate_keys":["label","placeholder","description","tooltip"],"price_dependency":false,"cl_dependency":false,"value":""}],[{"elementId":"separator_865df45fcbc360","separatorType":"blank","className":"","height":"10","enableCl":false,"relations":false,"cl_rule":"show","col":6,"type":"separator","gt_translate_keys":[],"price_dependency":false,"cl_dependency":false,"value":""}],[{"active":true,"col":6,"relations":false,"cl_rule":"show","enableCl":false,"price":"","enablePrice":false,"className":"","label_position":"default","desc_position":"default","type":"content","required":false,"elementId":"content_265df45fcbc377","label":"People","name":"content_265df45fcbc377","contentType":"plain","value":"","error":false,"show_in_checkout":true,"inline":false,"gt_translate_keys":["label","value"],"price_dependency":false,"cl_dependency":false}],[{"active":true,"col":6,"relations":[{"operator":false,"rules":[{"operator":"AND","rules":{"cl_field":"","cl_relation":"","cl_val":""}}]}],"cl_rule":"show","enableCl":true,"price":"36","enablePrice":true,"className":"","label_position":"default","desc_position":"default","type":"radio-group","required":false,"elementId":"radio-group_365df45fcbc390","label":"","name":"radio-group_365df45fcbc390","values":[{"label":"\ud83d\udc64 Adult (36\u20ac)","value":"Adult","selected":true,"tempId":"aco_32","tooltip":"+11 Years","description":"","gt_translate_keys":["label","tooltip","description"]}],"layOut":"","error":false,"checkUi":"button","priceOptions":"fixed_for_all","pricingType":"fixed","enable_quantity":true,"quantity_label":"","min_quantity":"0","options_tooltip":true,"options_description":true,"gt_translate_keys":["label","quantity_label"],"price_dependency":false,"cl_dependency":false,"value":""}],[{"label":"","active":true,"required":false,"elementId":"radio-group_565df45fcbc3a8","name":"radio-group_565df45fcbc3a8","label_position":"default","desc_position":"default","enablePrice":true,"className":"","enableCl":false,"relations":false,"enable_quantity":true,"quantity_label":"","min_quantity":"0","checkUi":"button","layOut":"","values":[{"label":"\ud83d\udc66 Child (29\u20ac)","value":"Child","selected":true,"tempId":"aco_32","tooltip":"5-10 Years","description":"","gt_translate_keys":["label","tooltip","description"]}],"priceOptions":"fixed_for_all","pricingType":"fixed","price":"29","cl_rule":"show","col":6,"type":"radio-group","error":false,"options_tooltip":true,"options_description":true,"gt_translate_keys":["label","quantity_label"],"price_dependency":false,"cl_dependency":false,"value":""}],[{"label":"","active":true,"required":false,"elementId":"radio-group_865df45fcbc3bf","name":"radio-group_865df45fcbc3bf","label_position":"default","desc_position":"default","enablePrice":true,"className":"","enableCl":false,"relations":false,"enable_quantity":true,"quantity_label":"","min_quantity":"0","checkUi":"button","layOut":"","values":[{"label":"\ud83d\udc76 Toddler (16\u20ac)","value":"Toddler","selected":true,"tempId":"aco_32","tooltip":"3-4 Years","gt_translate_keys":["label","tooltip"]}],"priceOptions":"fixed_for_all","pricingType":"fixed","price":"16","cl_rule":"show","col":6,"type":"radio-group","error":false,"options_tooltip":true,"gt_translate_keys":["label","quantity_label"],"price_dependency":false,"cl_dependency":false,"value":""}]]}},"config":{"price_override":"always","enable_recaptcha":false,"bind_quantity":false,"quantity_bind_formula":false,"disp_summ_show_option_price":true,"disp_summ_show_product_price":false,"disp_summ_show_total_price":true,"disp_summ_show_fee":true,"disp_summ_show_discount":true,"summary_title":"","options_total_label":"Options Price","total_label":"Total Amount","options_product_label":"Product Price","fee_label":"Fee","discount_label":"Discount","has_price":true,"has_quantity_formula":false},"mc_unit":1,"tax_rate":1,"tax_rate_real":1,"discount":{"percentage":0,"fixed":0},"design":{"conf":{"LabelPosition":"above","DescPosition":"above","UploadField":"custom_1","QuantityFieldStyle":"custom_1"},"css":{"LeftLabelWidth":"120px"}},"formulas":[],"lookuptables":[],"clones":false,"cartKey":false}},"_links":{"self":[{"href":"https:\/\/canaryvip.com\/sl\/wp-json\/wp\/v2\/product\/9488","targetHints":{"allow":["GET"]}}],"collection":[{"href":"https:\/\/canaryvip.com\/sl\/wp-json\/wp\/v2\/product"}],"about":[{"href":"https:\/\/canaryvip.com\/sl\/wp-json\/wp\/v2\/types\/product"}],"replies":[{"embeddable":true,"href":"https:\/\/canaryvip.com\/sl\/wp-json\/wp\/v2\/comments?post=9488"}],"wp:featuredmedia":[{"embeddable":true,"href":"https:\/\/canaryvip.com\/sl\/wp-json\/wp\/v2\/media\/9492"}],"wp:attachment":[{"href":"https:\/\/canaryvip.com\/sl\/wp-json\/wp\/v2\/media?parent=9488"}],"wp:term":[{"taxonomy":"product_brand","embeddable":true,"href":"https:\/\/canaryvip.com\/sl\/wp-json\/wp\/v2\/product_brand?post=9488"},{"taxonomy":"product_cat","embeddable":true,"href":"https:\/\/canaryvip.com\/sl\/wp-json\/wp\/v2\/product_cat?post=9488"},{"taxonomy":"product_tag","embeddable":true,"href":"https:\/\/canaryvip.com\/sl\/wp-json\/wp\/v2\/product_tag?post=9488"}],"curies":[{"name":"wp","href":"https:\/\/api.w.org\/{rel}","templated":true}]}}