{"id":9428,"date":"2024-02-05T13:40:56","date_gmt":"2024-02-05T13:40:56","guid":{"rendered":"https:\/\/canaryvip.com\/?post_type=product&#038;p=9428"},"modified":"2025-08-09T13:01:57","modified_gmt":"2025-08-09T12:01:57","slug":"gran-canaria-experience-with-poema-del-mar","status":"publish","type":"product","link":"https:\/\/canaryvip.com\/sl\/shop\/gran-canaria-experience-with-poema-del-mar\/","title":{"rendered":"Vodena tura po Gran Canarii s skupino Poema del Mar s Tenerifa"},"content":{"rendered":"<h2>\ud83d\udc20 <strong>Gran Canaria Izku\u0161nje: Celodnevno raziskovanje<\/strong><\/h2>\n<ul>\n<li><strong>\ud83c\udfe8 Prevzem in odvoz iz hotela:<\/strong> Udobno za\u010dnite in kon\u010dajte dan. Na\u0161a storitev vklju\u010duje prevoz iz va\u0161ega hotela do trajekta in nazaj.<\/li>\n<li><strong>\ud83d\udea2 Potovanje s trajektom:<\/strong> Potujte udobno z dru\u017ebo Fred Olsen iz Santa Cruz de Tenerife v <a href=\"https:\/\/www.google.com\/maps\/place\/Fred.+Olsen\/@28.0998592,-15.708991,15.51z\/data=!4m15!1m8!3m7!1s0xc408b65894cde91:0x2a021e37bef00582!2sAgaete,+Las+Palmas!3b1!8m2!3d28.1002592!4d-15.6996738!16zL20vMDNtczVu!3m5!1s0xc4095471a4e3083:0x7763d59b2d7b3eaf!8m2!3d28.0994937!4d-15.7121943!16s%2Fg%2F1q5bmfyx3?entry=ttu\" target=\"_blank\" rel=\"noopener\">Agaete<\/a>, ki do\u017eivlja lepote morja.<\/li>\n<li><strong>\ud83c\udf79 Odkritje destilarne Arehucas:<\/strong> Razkrijte skrivnosti izvrstne proizvodnje ruma, obi\u0161\u010dite eno najstarej\u0161ih evropskih kleti za proizvodnjo ruma in u\u017eivajte v \u010dudoviti degustaciji.<\/li>\n<li><strong>\ud83d\udc20 Potopite se v Poema del Mar:<\/strong> V najsodobnej\u0161em akvariju z najve\u010djim ukrivljenim vidnim poljem na svetu, ki se nahaja v \u017eivahnem Las Palmasu, si oglejte bogato morsko \u017eivljenje.<\/li>\n<\/ul>\n<p>\ud83d\udccd <strong>Mesta, ki jih morate obiskati:<\/strong> Potujte od bogate dedi\u0161\u010dine Arehucasa do vodnih \u010dudes Poema del Mar, saj vsako od njih ponuja edinstven vpogled v kulturo in naravne lepote Gran Canarie.<\/p>\n<p>\ud83c\udf92 <strong>Osnove za pustolov\u0161\u010dine:<\/strong> S seboj imejte \u010dut za \u010dudenje, udobne \u010devlje za hojo in ne pozabite na fotoaparat, s katerim boste ujeli nepozabne trenutke dneva.<\/p>\n<p>\ud83d\udca1 <strong>Vpogledi v kulturo:<\/strong> Pridobite zanimivo znanje o umetnosti proizvodnje ruma in ob\u010dudujte biotsko raznovrstnost v sodobnih razstavah muzeja Poema del Mar.<\/p>\n<p>\ud83c\udfab <strong>All-Inclusive pustolov\u0161\u010dina:<\/strong> Ta celodnevni izlet vklju\u010duje prevzem in odvoz iz hotela, vo\u017enjo s trajektom Fred Olsen, vstop v Poema del Mar in voden sprehod po <a href=\"https:\/\/www.google.com\/maps\/place\/Vegueta,+35001+Las+Palmas+de+Gran+Canaria,+Las+Palmas\/@28.0980197,-15.4181459,17z\/data=!3m1!4b1!4m6!3m5!1s0xc40958cfffd3b6f:0x14a4665fe84d3b40!8m2!3d28.0980197!4d-15.415571!16s%2Fg%2F11bzq2sgf3?entry=ttu\" target=\"_blank\" rel=\"noopener\">Zgodovinsko okro\u017eje Vegueta<\/a>. <span style=\"text-decoration: underline;\">Opozoriti je treba, da obroki niso vklju\u010deni, zato lahko ve\u010derjate po lastnem okusu.<\/span><\/p>\n<p>\ud83d\udeb6\u200d\u2642\ufe0f<strong>Zgodovinski Vegueta pe\u0161:<\/strong> Dan zaklju\u010dite z vodenim sprehodom po o\u010darljivih ulicah Veguete, kjer se boste potopili v bogato zgodovino in osupljivo arhitekturo starega mestnega jedra Gran Canarie.<\/p>\n<p>\ud83d\udd57 <strong>Za\u010detni in kon\u010dni \u010das:<\/strong> Celodnevna pustolov\u0161\u010dina se za\u010dne s prevzemom iz va\u0161ega hotela okoli 8:00 zjutraj - plus ali minus nekaj minut, odvisno od va\u0161ega hotela ali lokacije prevzema. Dan se zaklju\u010di z odhodom ob pribli\u017eno 20:30, pri \u010demer se \u0161tevilo ur spet nekoliko razlikuje glede na va\u0161 hotel. Poskrbimo za celodnevno raziskovanje in u\u017eivanje ter poskrbimo za vse podrobnosti, tako da se lahko brez skrbi potopite v do\u017eivetje.<\/p>\n<p>\ud83c\udf1f <strong>Ekskluzivne ugodnosti CanaryVIP:<\/strong> U\u017eivajte v polnem dnevu odkrivanja po ugodni ceni in z vklju\u010denimi vsemi bistvenimi do\u017eivetji. Zanesite se na nas, saj vam nudimo skrbno podporo od za\u010detka do konca.<\/p>\n<p><strong>\ud83d\udd17 Ste pripravljeni na pustolov\u0161\u010dino?<\/strong> Ne zamudite tega obse\u017enega <a href=\"https:\/\/canaryvip.com\/sl\/tenerife\/guided-tours\/bus-tours\/?swcfpc=1\">voden avtobusni izlet<\/a> Gran Canaria, od zgodovinskih globin destilarne Arehucas do naravnega razko\u0161ja Poema del Mar. Zagotovite si svoje mesto za dan, poln raziskovanja in o\u010darljivosti!<\/p>","protected":false},"excerpt":{"rendered":"<p><strong>\ud83d\udd0d Gran Canaria Experience:<\/strong><br \/>\n\u2705 Varno pla\u010dilo.<br \/>\n\ud83d\udcc5 Vsak petek.<br \/>\n\ud83d\udef3\ufe0f Odhod s Tenerifov.<br \/>\n\ud83d\ude80 U\u017eivajte v vodenem ogledu.<br \/>\n\ud83d\udc20 Odkrijte Poema del Mar.<br \/>\n\ud83e\udd43 Do\u017eivite destilarno Arehucas.<br \/>\n\ud83c\udff0 Razi\u0161\u010dite zgodovinsko mesto Vegueta.<br \/>\n\ud83d\udd59 12h Celodnevna pustolov\u0161\u010dina.<br \/>\n\ud83e\udd11 Zagotovljena najbolj\u0161a cena.<br \/>\n\ud83d\ude8c Prevzem in odvoz iz hotela.<br \/>\n\ud83d\udc6a Popusti za skupinske rezervacije.<br \/>\n\ud83d\udd01 Brezpla\u010dna odpoved do 72 ur.<br \/>\n\ud83c\udf0d Ve\u010djezi\u010dna podpora.<br \/>\n\ud83c\udf1f Rezervirajte zdaj in prihranite!<br \/>\n\ud83d\udccd Najdi <a href=\"https:\/\/maps.app.goo.gl\/FMkYHCdfK35bQLag9\">Poema del Mar v zemljevidih<\/a>!<\/p>","protected":false},"featured_media":9433,"comment_status":"open","ping_status":"closed","template":"","meta":{"_acf_changed":false},"product_brand":[],"product_cat":[68,52],"product_tag":[],"class_list":{"0":"post-9428","1":"product","2":"type-product","3":"status-publish","4":"has-post-thumbnail","6":"product_cat-guided-tours","7":"product_cat-bus-tours","8":"wcpa_has_options","10":"first","11":"instock","12":"virtual","13":"purchasable","14":"product-type-simple"},"acf":[],"wcpa_form_fields":{"wcpaData":{"product":{"product_price":125,"price_html":"From&nbsp;<span class=\"woocommerce-Price-amount amount\"><bdi>125,00&nbsp;<span class=\"woocommerce-Price-currencySymbol\">&euro;<\/span><\/bdi><\/span>","original_product_price":125,"price_including_tax":125,"price_excluding_tax":125,"product_id":{"parent":9428,"variation":false},"is_variable":false,"stock_status":"instock","stock_quantity":null,"parent_sku":"CV9428","product_attributes":[],"custom_fields":[],"is_taxable":false,"product_name":"Gran Canaria Guided Tour with Poema del Mar from Tenerife","hasImage":false},"fields":{"sec_465e4c52d01ea2":{"extra":{"key":"sec_465e4c52d01ea2","section_id":"sec_465e4c52d01ea2","name":"Tickets","status":1,"cl_rule":"show","enableCl":false,"relations":[{"operator":false,"rules":[{"operator":"AND","rules":{"cl_field":"radio-group_665df45fcbc30b","cl_relation":"is","cl_val":"Siam Park Regular Tickets"}}]}],"toggle":true,"title_tag":"h4","show_title":false,"showPrice":"default","form_id":10213,"form_rules":{"exclude_from_discount":true,"fee_label":"Fee","disp_hide_options_price":true,"disp_show_section_price":false,"disp_show_field_price":true,"layout_option":"standard","pric_use_as_fee":false,"process_fee_as":"woo_fee"},"layout_option":"standard"},"fields":[[{"label":"\ud83d\udcc5 Date","active":true,"required":true,"elementId":"date_865e4c52d01ec0","picker_type":"custom","picker_mode":"single","placeholder":"","description":"","tooltip":"","name":"date_865e4c52d01ec0","label_position":"default","desc_position":"default","enablePrice":false,"className":"","enableCl":false,"relations":[{"operator":"and","rules":[{"operator":"AND","rules":{"cl_field":"radio-group_665df45fcbc30b","cl_relation":"is","cl_val":"3 Hour Trip"}}]}],"date_pic_inline":true,"date_pic_inline_hide":true,"min_date":{"type":"days","val":"2"},"max_date":{"type":"days","val":"365"},"date_pic_conf":{"disabledWeeks":[0,1,2,3,4,6]},"price":"","cl_rule":"show","col":6,"type":"date","error":false,"enableDesign":false,"LabelColor":"","gt_translate_keys":["label","placeholder","description","tooltip"],"price_dependency":false,"cl_dependency":false,"value":""}],[{"elementId":"separator_665e4c52d01ece","separatorType":"blank","className":"","height":"10","enableCl":false,"relations":false,"cl_rule":"show","col":6,"type":"separator","gt_translate_keys":[],"price_dependency":false,"cl_dependency":false,"value":""}],[{"active":true,"col":6,"relations":false,"cl_rule":"show","enableCl":false,"price":"","enablePrice":false,"className":"","label_position":"default","desc_position":"default","type":"content","required":false,"elementId":"content_765e4c52d01eda","label":"People","name":"content_765e4c52d01eda","contentType":"plain","value":"","error":false,"show_in_checkout":true,"inline":false,"gt_translate_keys":["label","value"],"price_dependency":false,"cl_dependency":false}],[{"active":true,"col":6,"relations":[{"operator":false,"rules":[{"operator":"AND","rules":{"cl_field":"","cl_relation":"","cl_val":""}}]}],"cl_rule":"show","enableCl":true,"price":"130","enablePrice":true,"className":"","label_position":"default","desc_position":"default","type":"radio-group","required":false,"elementId":"radio-group_065e4c52d01ee6","label":"","name":"radio-group_065e4c52d01ee6","values":[{"label":"\ud83d\udc64 Adult (130\u20ac)","value":"Adult","selected":true,"tempId":"aco_32","tooltip":"+12 Years","description":"","gt_translate_keys":["label","tooltip","description"]}],"layOut":"","error":false,"checkUi":"button","priceOptions":"fixed_for_all","pricingType":"fixed","enable_quantity":true,"quantity_label":"","min_quantity":"0","options_tooltip":true,"options_description":true,"gt_translate_keys":["label","quantity_label"],"price_dependency":false,"cl_dependency":false,"value":""}],[{"label":"","active":true,"required":false,"elementId":"radio-group_665e4c52d01ef1","name":"radio-group_665e4c52d01ef1","label_position":"default","desc_position":"default","enablePrice":true,"className":"","enableCl":false,"relations":false,"enable_quantity":true,"quantity_label":"","min_quantity":"0","checkUi":"button","layOut":"","values":[{"label":"\ud83d\udc66 Child (30\u20ac)","value":"Child","selected":true,"tempId":"aco_32","tooltip":"3-11 Years","description":"","gt_translate_keys":["label","tooltip","description"]}],"priceOptions":"fixed_for_all","pricingType":"fixed","price":"30","cl_rule":"show","col":6,"type":"radio-group","error":false,"options_tooltip":true,"options_description":true,"gt_translate_keys":["label","quantity_label"],"price_dependency":false,"cl_dependency":false,"value":""}],[{"label":"","active":true,"required":false,"elementId":"radio-group_1065e4c52d01efb","name":"radio-group_1065e4c52d01efb","label_position":"default","desc_position":"default","enablePrice":true,"className":"","enableCl":false,"relations":false,"enable_quantity":true,"quantity_label":"","min_quantity":"0","checkUi":"button","layOut":"","options_tooltip":true,"options_description":true,"values":[{"label":"\ud83d\udc76 Toddler (20\u20ac)","value":"Toddler","selected":true,"tempId":"aco_32","tooltip":"0-2 Years","description":"","gt_translate_keys":["label","tooltip","description"]}],"priceOptions":"fixed_for_all","pricingType":"fixed","price":"20","cl_rule":"show","col":6,"type":"radio-group","error":false,"gt_translate_keys":["label","quantity_label"],"price_dependency":false,"cl_dependency":false,"value":""}],[{"active":true,"col":6,"relations":false,"cl_rule":"show","enableCl":false,"price":"","enablePrice":false,"className":"","label_position":"default","desc_position":"default","type":"select","required":false,"elementId":"select_565e4c52d01f05","label":"\ud83c\udf0e Language","name":"select_565e4c52d01f05","values":[{"label":"English","value":"English","selected":false,"tempId":"aco_1213","gt_translate_keys":["label"]},{"label":"German","value":"German","selected":false,"tempId":"aco_302","gt_translate_keys":["label"]},{"label":"Spanish","value":"Spanish","selected":false,"tempId":"aco_312","gt_translate_keys":["label"]}],"dropdown_type":"basic","error":false,"gt_translate_keys":["label"],"price_dependency":false,"cl_dependency":false,"value":""}],[{"active":true,"col":6,"relations":false,"cl_rule":"show","enableCl":false,"price":"","enablePrice":false,"className":"","label_position":"default","desc_position":"default","type":"separator","required":false,"elementId":"separator_865e4c52d01f0f","label":"Separator Field","height":"7","separatorType":"blank","error":false,"gt_translate_keys":["label"],"price_dependency":false,"cl_dependency":false,"value":""}],[{"active":true,"col":6,"relations":false,"cl_rule":"show","enableCl":false,"price":"","enablePrice":false,"className":"","label_position":"default","desc_position":"default","type":"text","subtype":"text","required":false,"elementId":"text_865e4c52d01f18","label":"\ud83d\ude8c Pickup Location","name":"text_865e4c52d01f18","value":"","description":"Free pick-up service in North Tenerife and South Tenerife. Simply provide your address or hotel name.","error":false,"gt_translate_keys":["label","description","value"],"price_dependency":false,"cl_dependency":false}]]}},"config":{"price_override":"always","enable_recaptcha":false,"bind_quantity":false,"quantity_bind_formula":false,"disp_summ_show_option_price":true,"disp_summ_show_product_price":false,"disp_summ_show_total_price":true,"disp_summ_show_fee":true,"disp_summ_show_discount":true,"summary_title":"","options_total_label":"Options Price","total_label":"Total Amount","options_product_label":"Product Price","fee_label":"Fee","discount_label":"Discount","has_price":true,"has_quantity_formula":false},"mc_unit":1,"tax_rate":1,"tax_rate_real":1,"discount":{"percentage":0,"fixed":0},"design":{"conf":{"LabelPosition":"above","DescPosition":"above","UploadField":"custom_1","QuantityFieldStyle":"custom_1"},"css":{"LeftLabelWidth":"120px"}},"formulas":[],"lookuptables":[],"clones":false,"cartKey":false}},"_links":{"self":[{"href":"https:\/\/canaryvip.com\/sl\/wp-json\/wp\/v2\/product\/9428","targetHints":{"allow":["GET"]}}],"collection":[{"href":"https:\/\/canaryvip.com\/sl\/wp-json\/wp\/v2\/product"}],"about":[{"href":"https:\/\/canaryvip.com\/sl\/wp-json\/wp\/v2\/types\/product"}],"replies":[{"embeddable":true,"href":"https:\/\/canaryvip.com\/sl\/wp-json\/wp\/v2\/comments?post=9428"}],"wp:featuredmedia":[{"embeddable":true,"href":"https:\/\/canaryvip.com\/sl\/wp-json\/wp\/v2\/media\/9433"}],"wp:attachment":[{"href":"https:\/\/canaryvip.com\/sl\/wp-json\/wp\/v2\/media?parent=9428"}],"wp:term":[{"taxonomy":"product_brand","embeddable":true,"href":"https:\/\/canaryvip.com\/sl\/wp-json\/wp\/v2\/product_brand?post=9428"},{"taxonomy":"product_cat","embeddable":true,"href":"https:\/\/canaryvip.com\/sl\/wp-json\/wp\/v2\/product_cat?post=9428"},{"taxonomy":"product_tag","embeddable":true,"href":"https:\/\/canaryvip.com\/sl\/wp-json\/wp\/v2\/product_tag?post=9428"}],"curies":[{"name":"wp","href":"https:\/\/api.w.org\/{rel}","templated":true}]}}