{"id":9324,"date":"2024-01-31T15:11:45","date_gmt":"2024-01-31T15:11:45","guid":{"rendered":"https:\/\/canaryvip.com\/?post_type=product&#038;p=9324"},"modified":"2025-08-09T13:07:49","modified_gmt":"2025-08-09T12:07:49","slug":"tigresa-luxury-yacht-tenerife","status":"publish","type":"product","link":"https:\/\/canaryvip.com\/sl\/shop\/tigresa-luxury-yacht-tenerife\/","title":{"rendered":"Najem #1 Najbolj luksuzne jahte na Tenerifih: Tigresa Boat"},"content":{"rendered":"<h2><strong>\ud83d\udee5\ufe0f Tigresa Tenerife Yacht: Vrhunsko razko\u0161je<\/strong><\/h2>\n<p>Dobrodo\u0161li na krovu Tigresa, zenita jahtnih do\u017eivetij na Tenerifih. Ta <strong>Azimut 60 Flybridge,<\/strong>\u00a0osupljivo 19,5-metrsko \u010dudo ponuja ve\u010d kot le plovilo - je va\u0161a ekskluzivna vstopnica za skrivnosti morja.<\/p>\n<p>Poganjajo ga mo\u010dni 800-konjski motorji, ki obljubljajo vznemirljivo hitrost in gladko jadranje, ko se odpravljate na svojo edinstveno pot. <strong>izlet z ladjo na Tenerife.<\/strong><\/p>\n<p>Odkrijte, kaj pomeni u\u017eivati v <strong>zasebni izlet z ladjo<\/strong> s plovilom Tigresa v kristalno \u010distih vodah otoka Tenerife.<\/p>\n<h3>\u2b50\ufe0f <strong>Neprekosljivo razko\u0161je na krovu<\/strong><\/h3>\n<p><span style=\"text-decoration: underline;\"><strong>U\u017eivajte v bogati opremi modela Tigresa:<\/strong><\/span><\/p>\n<ul>\n<li>Dve razko\u0161ni dvoposteljni sobi in prijetna soba z dvema lo\u010denima le\u017ei\u0161\u010dema sta kot nala\u0161\u010d za intimno izku\u0161njo najema jahte na Tenerifih.<\/li>\n<li>Dve elegantni kopalnici in priro\u010den WC, ki va\u0161im dogodiv\u0161\u010dinam dodajo pridih ekskluzivnosti.<\/li>\n<li>Razko\u0161na dnevna soba, zasnovana za vrhunsko sprostitev med kri\u017earjenjem.<\/li>\n<li>Popolnoma opremljena kuhinja, ki je pripravljena, da izbolj\u0161a va\u0161e kulinari\u010dne izku\u0161nje pri najemu plovila na Tenerifih.<\/li>\n<li>50-pal\u010dni plazemski televizorji, ki zdru\u017eujejo zabavo in razko\u0161je na va\u0161em osebnem izletu z ladjo na Tenerife.<\/li>\n<li>Dva s soncem obsijana krova, idealna za son\u010denje med potovanjem z jahto.<\/li>\n<li>Najsodobnej\u0161a hidravli\u010dna plavalna plo\u0161\u010dad, ki izbolj\u0161a va\u0161e plavanje.<\/li>\n<\/ul>\n<h3>\ud83d\udea4 <strong>Vzorec VIP-obravnave z ve\u010djezi\u010dno posadko<\/strong><\/h3>\n<p>Izkusite osebne storitve na\u0161e usposobljene dvo\u010dlanske posadke, ki je dobro seznanjena s \u010dudovitostjo Kanarskih otokov in zagotavlja kulturno bogato potovanje med najemom luksuzne jahte na Tenerifih.<\/p>\n<p>Strokovno znanje na\u0161e ekipe ne le pove\u010duje va\u0161e udobje, temve\u010d tudi bogati va\u0161e razumevanje lokalne kulture in zgodovine. <strong>izlet z ladjo Tenerife<\/strong> nepozabno raziskovanje.<\/p>\n<p>Na\u0161a posadka vas bo med plovbo ob \u010dudoviti obali opozorila na zgodovinske znamenitosti, razlo\u017eila lokalno morsko ekologijo in vam pomagala do\u017eiveti najbolj\u0161e, kar ponuja morski svet. <strong>izlet z ladjo na Tenerife<\/strong> ponuja.<\/p>\n<p>Pozornost do podrobnosti zagotavlja, da bo va\u0161 \u010das na krovu presegel obi\u010dajne okvire in da se bo preprost najem jahte spremenil v globoko kulturno potovanje po mirnih vodah Tenerifa.<\/p>\n<h3>\ud83c\udf0a <strong>Nemoteno jadranje z napredno tehnologijo<\/strong><\/h3>\n<p>U\u017eivajte v miru oceana na krovu Tigresa, kjer na\u0161 giroskopski stabilizator Seakeeper poskrbi za vsak trenutek va\u0161e plovbe. <a href=\"https:\/\/canaryvip.com\/sl\/tenerife\/boat-excursions\/\"><strong>izlet z ladjo Tenerife<\/strong><\/a> je nepozaben in miren.<\/p>\n<p>Ob\u010dutite mir, saj ta najsodobnej\u0161a tehnologija gladi valove, tako da se lahko popolnoma sprostite in brez skrbi u\u017eivate v \u010dudovitem razgledu na morje.<\/p>\n<p>Ne glede na to, ali se son\u010dite na palubi ali ve\u010derjate z razgledom, vam Tigresa ponuja mirno in stabilno izku\u0161njo, zaradi katere bo va\u0161 \u010das na morju resni\u010dno nepozaben.<\/p>\n<h3>\ud83d\udd52 <strong>Izberite svojo ekskluzivno pustolov\u0161\u010dino<\/strong><\/h3>\n<ul>\n<li><strong>3-urno potovanje:<\/strong>\u00a0Odkrijte \u010dudovito jugozahodno obalo Tenerifov, ki je kot nala\u0161\u010d za hitro, a osupljivo izku\u0161njo najema \u010dolna.<\/li>\n<li><strong>5-urno potovanje:<\/strong>\u00a0Razi\u0161\u010dite veli\u010dastni Los Gigantes in o\u010darljivi zaliv Masca, ki sta idealna za celovito izku\u0161njo luksuzne jahte na Tenerifih.<\/li>\n<li><strong>8-urna izku\u0161nja Ultimate Experience:<\/strong>\u00a0Odpravite se na vrhunsko pustolov\u0161\u010dino in obi\u0161\u010dite ekskluzivne kraje pod veli\u010dastnim <a href=\"https:\/\/canaryvip.com\/sl\/discover-the-teide-the-ultimate-guide-iconic-volcano\/\">Gora Teide<\/a>, ki je dosegljiv le z zasebno jahto.<\/li>\n<\/ul>\n<h3>\ud83d\udc2c <strong>Eti\u010dno in luksuzno opazovanje kitov<\/strong><\/h3>\n<p>Pridru\u017eite se nam na plovilu Tigresa, opremljenem z vsemi potrebnimi dovoljenji, za spo\u0161tljivo in razko\u0161no sre\u010danje z velikani oceana, ki bo izbolj\u0161alo va\u0161o izku\u0161njo najema jahte na Tenerifih.<\/p>\n<h3>\u2705 <strong>Razko\u0161je, opredeljeno na novo: Kaj je vklju\u010deno<\/strong><\/h3>\n<ul>\n<li>Vrhunska oprema, vklju\u010dno s plavalno plo\u0161\u010dadjo in razko\u0161nim udobjem, postavlja nove standarde za najem jahte na Tenerifih.<\/li>\n<li>Gurmanske dobrote s \u0161ampanjcem, vrhunskimi vini in izvrstnimi obroki, ki poosebljajo luksuzno potovanje z ladjo.<\/li>\n<li>VIP-prevoz iz va\u0161ega hotela na jugu Tenerifov, ki bo va\u0161emu izletu z ladjo dodal \u0161e ve\u010d razko\u0161ja.<\/li>\n<\/ul>\n<h3>\ud83d\udd53 <strong>Zbirali\u0161\u010de in ekskluzivni dostop<\/strong><\/h3>\n<ul>\n<li><strong>Lokacija:<\/strong>\u00a0Costa Adeje, Puerto Col\u00f3n. Za\u010detek va\u0161ega edinstvenega do\u017eivetja z jahto na Tenerifih.<\/li>\n<li><strong>Parkiri\u0161\u010de:<\/strong>\u00a0Na voljo je veliko prostora po konkuren\u010dnih cenah, zato lahko preprosto za\u010dnete svoje luksuzno potovanje.<\/li>\n<\/ul>\n<h3>\ud83d\udccd <strong>Odhod iz Puerto Col\u00f3n v Costa Adeje<\/strong><\/h3>\n<p>Svojo luksuzno pustolov\u0161\u010dino za\u010dnite v Puerto Col\u00f3nu, \u017eivahnem sredi\u0161\u010du morskega \u017eivljenja na Costa Adeje. Ta presti\u017ena marina, znana po svoji eleganci in sodobni prefinjenosti, je popolna kulisa za va\u0161 zasebni izlet z ladjo.<\/p>\n<p>Ko se vkrcate, za\u010dutite \u017eivahno energijo tega obmo\u010dja. Tukaj na <a href=\"https:\/\/maps.app.goo.gl\/ocJuu7A8R1JWjPbS9\" target=\"_blank\" rel=\"noopener\">Puerto Col\u00f3n<\/a>, je vsak odhod vznemirljiva obljuba nepozabnih do\u017eivetij in dih jemajo\u010dih razgledov ob mirnih vodah Tenerifa.<\/p>\n<h4>\ud83d\udcdc <strong>Jasna in jedrnata politika<\/strong><\/h4>\n<ul>\n<li><strong>Zagotavljanje vremena:<\/strong>\u00a0\u010ce vreme ne bo naklonjeno, lahko izberete drug datum ali pa dobite celotno povra\u010dilo stro\u0161kov, s \u010dimer boste zagotovili, da bo va\u0161a izku\u0161nja z jahto brezhibna.<\/li>\n<li><strong>Prilagodljivost odpovedi:<\/strong>\u00a0Brezpla\u010dna odpoved ali sprememba urnika do 6 dni vnaprej, kar omogo\u010da prilagajanje va\u0161im potrebam po urniku.<\/li>\n<\/ul>\n<p>S storitvijo Tigresa se potopite v svet ekskluzivnega razko\u0161ja.<br \/>\nRezervirajte zdaj in odkrijte do\u017eivetje, v katerem se veli\u010dastnost stika z morjem. \ud83c\udf0a\ud83c\udf1f\ud83d\udee5\ufe0f<\/p>","protected":false},"excerpt":{"rendered":"<p><strong>\ud83d\udd0d Tigresa Yacht Tours:<\/strong><br \/>\n\u2705 Varno pla\u010dilo.<br \/>\n\ud83d\udee5\ufe0f 18 metrov luksuzne jahte.<br \/>\n\ud83d\udc0b Opazovanje kitov in delfinov.<br \/>\n\u23f3 Dnevni izleti od 3 do 8 ur.<br \/>\n\ud83d\udd59 Prilagodljivi \u010dasi odhoda.<br \/>\n\ud83c\udf7e Osve\u017eilne pija\u010de in \u0161ampanjec.<br \/>\n\ud83c\udf74 Gourmet Meals &amp; Beverages.<br \/>\n\ud83d\udc65 Do 12 gostov.<br \/>\n\ud83e\udd3f Oprema za potapljanje je na voljo.<br \/>\n\ud83d\ude97 Vklju\u010dena je storitev prevoza.<br \/>\n\ud83e\udd11 Zagotovljena najbolj\u0161a cena.<br \/>\n\ud83d\udc6a Aktivirani popusti.<br \/>\n\ud83d\udd01 Odpoved do 8 dni.<br \/>\n\ud83c\udf0d Ve\u010djezi\u010dna posadka.<br \/>\n\ud83c\udf1f Rezervirajte zdaj in prihranite!<br \/>\n\ud83d\udccd Odhod iz <a href=\"https:\/\/maps.app.goo.gl\/ocJuu7A8R1JWjPbS9\">Puerto Colon<\/a>.<\/p>","protected":false},"featured_media":9328,"comment_status":"open","ping_status":"closed","template":"","meta":{"_acf_changed":false},"product_brand":[],"product_cat":[47],"product_tag":[],"class_list":{"0":"post-9324","1":"product","2":"type-product","3":"status-publish","4":"has-post-thumbnail","6":"product_cat-boat-hire-tenerife","7":"wcpa_has_options","9":"first","10":"instock","11":"virtual","12":"purchasable","13":"product-type-simple"},"acf":[],"wcpa_form_fields":{"wcpaData":{"product":{"product_price":2000,"price_html":"From&nbsp;<span class=\"woocommerce-Price-amount amount\"><bdi>2.000,00&nbsp;<span class=\"woocommerce-Price-currencySymbol\">&euro;<\/span><\/bdi><\/span>","original_product_price":2000,"price_including_tax":2000,"price_excluding_tax":2000,"product_id":{"parent":9324,"variation":false},"is_variable":false,"stock_status":"instock","stock_quantity":null,"parent_sku":"CV9324","product_attributes":[],"custom_fields":[],"is_taxable":false,"product_name":"Rent the #1 Luxurious Yacht in Tenerife: Tigresa Boat","hasImage":false},"fields":{"sec_365c78ffa811e8":{"extra":{"key":"sec_365c78ffa811e8","section_id":"sec_365c78ffa811e8","name":"Default","status":1,"cl_rule":"show","enableCl":false,"relations":[],"toggle":true,"title_tag":"h3","show_title":false,"showPrice":"default","form_id":9607,"form_rules":{"exclude_from_discount":true,"fee_label":"Fee","disp_hide_options_price":true,"disp_show_section_price":false,"disp_show_field_price":true,"layout_option":"standard","pric_use_as_fee":false,"process_fee_as":"woo_fee"},"layout_option":"standard"},"fields":[[{"label":"\ud83d\udcc5 Date","active":true,"required":true,"elementId":"date_465c78ffa81217","picker_type":"custom","picker_mode":"single","placeholder":"","description":"","tooltip":"","name":"date_465c78ffa81217","label_position":"default","desc_position":"default","enablePrice":false,"className":"","enableCl":false,"relations":[{"operator":"and","rules":[{"operator":"AND","rules":{"cl_field":"radio-group_565c78ffa81208","cl_relation":"is","cl_val":"3 Hour Trip"}}]}],"date_pic_inline":true,"date_pic_inline_hide":true,"min_date":{"type":"days","val":"2"},"max_date":{"type":"days","val":"365"},"date_pic_conf":{"disabledWeeks":[]},"price":"","cl_rule":"show","col":6,"type":"date","error":false,"enableDesign":false,"LabelColor":"","gt_translate_keys":["label","placeholder","description","tooltip"],"price_dependency":false,"cl_dependency":false,"value":""}],[{"contentType":"rich","active":true,"label":"","elementId":"content_765c78ffa81286","value":"<p>\ud83c\udf9f\ufe0f <strong>Reservation<\/strong>: Pay only a deposit now to reserve; the rest is due on the day of the activity upon arrival.<\/p>","inline":false,"name":"content_765c78ffa81286","enablePrice":false,"className":"","subtype":"p","enableCl":false,"relations":false,"price":"","cl_rule":"show","col":6,"type":"content","error":false,"pricingType":"custom","isTemplate":false,"is_show_price":true,"show_in_checkout":true,"gt_translate_keys":["label","value"],"price_dependency":false,"cl_dependency":false}],[{"elementId":"separator-2189502245","separatorType":"blank","className":"","height":"3","enableCl":false,"relations":false,"cl_rule":"show","col":6,"type":"separator","error":false,"gt_translate_keys":[],"price_dependency":false,"cl_dependency":false,"value":""}],[{"active":true,"col":6,"relations":false,"cl_rule":"show","enableCl":false,"price":"","enablePrice":true,"className":"","label_position":"default","desc_position":"default","type":"select","required":true,"elementId":"select_5841412719","label":"\u23f3 Trip Duration","name":"select_5841412719","values":[{"label":"3 Hours (2.000\u20ac)","value":"3","selected":false,"tempId":"aco_556","price":"300","gt_translate_keys":["label"]},{"label":"4 Hours (2.500\u20ac)","value":"4","selected":false,"tempId":"aco_557","price":"375","gt_translate_keys":["label"]},{"label":"5 Hours (3.000\u20ac)","value":"5","selected":false,"tempId":"aco_558","price":"450","gt_translate_keys":["label"]},{"label":"6 Hours (3.500\u20ac)","value":"6","selected":false,"tempId":"aco_640","price":"525","gt_translate_keys":["label"]},{"label":"7 Hours (4.000\u20ac)","value":"7","selected":false,"tempId":"aco_650","price":"600","gt_translate_keys":["label"]},{"label":"8 Hours (4.500\u20ac)","value":"8","selected":false,"tempId":"aco_660","price":"675","gt_translate_keys":["label"]}],"dropdown_type":"basic","error":false,"placeholder":"Select Trip Duration","priceOptions":"different_for_all","pricingType":"fixed","gt_translate_keys":["label","placeholder"],"price_dependency":false,"cl_dependency":false,"value":""}],[{"elementId":"separator_665c78ffa8127b","separatorType":"fill","className":"","height":"6","enableCl":false,"relations":false,"cl_rule":"show","col":6,"type":"separator","error":false,"separatorColor":"#66a6b6","gt_translate_keys":[],"price_dependency":false,"cl_dependency":false,"value":""}],[{"active":true,"col":6,"relations":false,"cl_rule":"show","enableCl":false,"price":"({field.select_5841412719.","enablePrice":true,"className":"","label_position":"default","desc_position":"default","type":"content","required":false,"elementId":"content_865c78ffa812c0","label":"Deposit Payment","name":"content_865c78ffa812c0","contentType":"plain","value":"","error":false,"pricingType":"custom","isTemplate":true,"is_show_price":true,"enableDesign":true,"scrollBar":false,"use_as_fee":false,"fee_label":"Payment Now","inline":true,"show_in_checkout":true,"subtype":"div","formulaId":"fmla_1708364241278155361","LabelSize":"14px","gt_translate_keys":["label","value"],"price_dependency":["content-0022143174"],"cl_dependency":false}],[{"contentType":"plain","active":true,"label":"Payment at Arrival","elementId":"content_465c78ffa812c9","value":"","inline":true,"show_in_checkout":true,"name":"content_465c78ffa812c9","enablePrice":true,"className":"","fee_label":"Payment at Arrival","subtype":"div","enableCl":false,"relations":false,"scrollBar":false,"enableDesign":true,"pricingType":"custom","isTemplate":true,"price":"({field.radio-group_965c78ffa8129a.quantity}*22) + ({field.radio-group_865c78ffa812a3.quantity}*11)","use_as_fee":false,"is_show_price":true,"cl_rule":"show","col":6,"type":"content","error":false,"formulaId":"fmla_1708360988969136756","LabelSize":"14px","gt_translate_keys":["label","value"],"price_dependency":["content-0022143174"],"cl_dependency":false}],[{"contentType":"plain","active":true,"label":"Total Price","elementId":"content-0022143174","value":"","inline":true,"show_in_checkout":true,"name":"content-0022143174","enablePrice":true,"className":"","fee_label":"Payment at Arrival","subtype":"div","enableCl":false,"relations":false,"scrollBar":false,"enableDesign":true,"LabelSize":"14px","pricingType":"custom","isTemplate":false,"price":"({field.content_865c78ffa812c0.price}) + ({field.content_465c78ffa812c9.price})","formulaId":"fmla_1708360988969136756","use_as_fee":false,"is_show_price":true,"cl_rule":"show","col":6,"type":"content","error":false,"gt_translate_keys":["label","value"],"price_dependency":false,"cl_dependency":false}]]},"sec_165c78ffa81315":{"extra":{"key":"sec_165c78ffa81315","section_id":"sec_165c78ffa81315","name":"Pickup Location","status":1,"cl_rule":"show","enableCl":false,"relations":[],"toggle":true,"title_tag":"h4","show_title":false,"showPrice":"default","form_id":9607,"form_rules":{"exclude_from_discount":true,"fee_label":"Fee","disp_hide_options_price":true,"disp_show_section_price":false,"disp_show_field_price":true,"layout_option":"standard","pric_use_as_fee":false,"process_fee_as":"woo_fee"},"layout_option":"standard"},"fields":[[{"elementId":"separator_965c78ffa8131e","separatorType":"blank","className":"","height":"3","enableCl":false,"relations":false,"cl_rule":"show","col":6,"type":"separator","error":false,"gt_translate_keys":[],"price_dependency":false,"cl_dependency":false,"value":""}],[{"active":true,"col":6,"relations":[{"operator":false,"rules":[{"operator":"AND","rules":{"cl_field":"radio-group_565c78ffa81208","cl_relation":"is","cl_val":"3 Hour Trip"}}]}],"cl_rule":"show","enableCl":false,"price":"","enablePrice":false,"className":"","label_position":"default","desc_position":"default","type":"select","required":false,"elementId":"select_165c78ffa81221","label":"\u23f0 Departure","name":"select_165c78ffa81221","values":[{"label":"09:00","value":"09:00","selected":false,"tempId":"aco_1471","gt_translate_keys":["label"]},{"label":"10:00","value":"10:00","selected":false,"tempId":"aco_1472","gt_translate_keys":["label"]},{"label":"11:00","value":"11:00","selected":false,"tempId":"aco_1500","gt_translate_keys":["label"]},{"label":"12:00","value":"12:00","selected":false,"tempId":"aco_1510","gt_translate_keys":["label"]},{"label":"13:00 (1:00 PM)","value":"13:00","selected":false,"tempId":"aco_1520","gt_translate_keys":["label"]},{"label":"14:00 (2:00 PM)","value":"14:00","selected":false,"tempId":"aco_1728","gt_translate_keys":["label"]},{"label":"15:00 (3:00 PM)","value":"15:00","selected":false,"tempId":"aco_1738","gt_translate_keys":["label"]},{"label":"16:00 (4:00 PM)","value":"16:00","selected":false,"tempId":"aco_1748","gt_translate_keys":["label"]},{"label":"17:00 (5:00 PM)","value":"17:00","selected":false,"tempId":"aco_1912","gt_translate_keys":["label"]},{"label":"18:00 (6:00 PM)","value":"18:00","selected":false,"tempId":"aco_1922","gt_translate_keys":["label"]}],"dropdown_type":"basic","error":false,"placeholder":"Whichever Time is Best","gt_translate_keys":["label","placeholder"],"price_dependency":false,"cl_dependency":false,"value":""}],[{"elementId":"separator-6457332782","separatorType":"blank","className":"","height":"3","enableCl":false,"relations":false,"cl_rule":"show","col":6,"type":"separator","error":false,"gt_translate_keys":[],"price_dependency":false,"cl_dependency":false,"value":""}],[{"active":true,"col":6,"relations":[{"operator":false,"rules":[{"operator":false,"rules":{"cl_field":"radio-group_565c78ffa81208","cl_relation":"is_not","cl_val":"4.5 Hour Trip from North Tenerife"}}]}],"cl_rule":"show","enableCl":false,"price":"","enablePrice":false,"className":"","label_position":"default","desc_position":"default","type":"text","subtype":"text","required":false,"elementId":"text_565c78ffa81326","label":"\ud83d\ude8c Pickup Location","name":"text_565c78ffa81326","value":"","error":false,"description":"Free pick-up service in Tenerife South. Simply provide your address or hotel name.","repeater":false,"repeater_field_label":"{field_label}","repeater_bind":"","gt_translate_keys":["label","description","value","repeater_field_label"],"price_dependency":false,"cl_dependency":false}]]}},"config":{"price_override":"always","enable_recaptcha":false,"bind_quantity":false,"quantity_bind_formula":false,"disp_summ_show_option_price":true,"disp_summ_show_product_price":false,"disp_summ_show_total_price":false,"disp_summ_show_fee":true,"disp_summ_show_discount":true,"summary_title":"","options_total_label":"Options Price","total_label":"Deposit Amount","options_product_label":"Product Price","fee_label":"Fee","discount_label":"Discount","has_price":true,"has_quantity_formula":false},"mc_unit":1,"tax_rate":1,"tax_rate_real":1,"discount":{"percentage":0,"fixed":0},"design":{"conf":{"LabelPosition":"above","DescPosition":"above","UploadField":"custom_1","QuantityFieldStyle":"custom_1"},"css":{"LeftLabelWidth":"120px"}},"formulas":{"fmla_1708360988969136756":"(({field.select_5841412719.value}>=8)?(3825):(({field.select_5841412719.value}>=7)?(3400):(({field.select_5841412719.value}>=6)?(2975):(({field.select_5841412719.value}>=5)?(2550):(({field.select_5841412719.value}>=4)?(2125):(({field.select_5841412719.value}>=3)?(1700):(0)))))))","fmla_1708364241278155361":"(({field.select_5841412719.value}>=8)?({field.select_5841412719.price}):(({field.select_5841412719.value}>=7)?({field.select_5841412719.price}):(({field.select_5841412719.value}>=6)?({field.select_5841412719.price}):(({field.select_5841412719.value}>=5)?({field.select_5841412719.price}):(({field.select_5841412719.value}>=4)?({field.select_5841412719.price}):(({field.select_5841412719.value}>=3)?({field.select_5841412719.price}):(0)))))))"},"lookuptables":[],"clones":false,"cartKey":false}},"_links":{"self":[{"href":"https:\/\/canaryvip.com\/sl\/wp-json\/wp\/v2\/product\/9324","targetHints":{"allow":["GET"]}}],"collection":[{"href":"https:\/\/canaryvip.com\/sl\/wp-json\/wp\/v2\/product"}],"about":[{"href":"https:\/\/canaryvip.com\/sl\/wp-json\/wp\/v2\/types\/product"}],"replies":[{"embeddable":true,"href":"https:\/\/canaryvip.com\/sl\/wp-json\/wp\/v2\/comments?post=9324"}],"wp:featuredmedia":[{"embeddable":true,"href":"https:\/\/canaryvip.com\/sl\/wp-json\/wp\/v2\/media\/9328"}],"wp:attachment":[{"href":"https:\/\/canaryvip.com\/sl\/wp-json\/wp\/v2\/media?parent=9324"}],"wp:term":[{"taxonomy":"product_brand","embeddable":true,"href":"https:\/\/canaryvip.com\/sl\/wp-json\/wp\/v2\/product_brand?post=9324"},{"taxonomy":"product_cat","embeddable":true,"href":"https:\/\/canaryvip.com\/sl\/wp-json\/wp\/v2\/product_cat?post=9324"},{"taxonomy":"product_tag","embeddable":true,"href":"https:\/\/canaryvip.com\/sl\/wp-json\/wp\/v2\/product_tag?post=9324"}],"curies":[{"name":"wp","href":"https:\/\/api.w.org\/{rel}","templated":true}]}}