{"id":8824,"date":"2024-01-15T13:42:01","date_gmt":"2024-01-15T13:42:01","guid":{"rendered":"https:\/\/canaryvip.com\/?post_type=product&#038;p=8824"},"modified":"2025-09-19T12:00:53","modified_gmt":"2025-09-19T11:00:53","slug":"siam-park-vip-villa","status":"publish","type":"product","link":"https:\/\/canaryvip.com\/sl\/shop\/siam-park-vip-villa\/","title":{"rendered":"VIP vila Siam Park"},"content":{"rendered":"<section class=\"l-section wpb_row height_medium\"><div class=\"l-section-h i-cf\"><div class=\"g-cols vc_row via_flex valign_top type_default stacking_default\"><div class=\"vc_col-sm-12 wpb_column vc_column_container\"><div class=\"vc_column-inner\"><div class=\"wpb_wrapper\"><div class=\"wpb_text_column\"><div class=\"wpb_wrapper\"><h2>\ud83c\udf34 <strong>VIP vila v parku Siam Izku\u0161nje z CanaryVIP<\/strong><\/h2>\n<p>Dobrodo\u0161li v vrhunec razko\u0161ja v Siam Parku na Tenerifih. Kot oaza za vodne navdu\u0161ence, <strong>Park Siam<\/strong> slovi po razburljivih vo\u017enjah in slikovitih pokrajinah. Od adrenalinskih <strong>Stolp mo\u010di<\/strong> do mirnega <strong>Reka Mai Thai,<\/strong>\u00a0poskrbimo za vse vrste avanturistov. Svoj obisk povzdignite z ekskluzivno izku\u0161njo vile VIP, kjer se prefinjenost in vznemirljivost zdru\u017eita.<\/p>\n<h3><strong>\ud83c\udf1f Razko\u0161ne VIP-vile z opremo<\/strong><\/h3>\n<ul>\n<li><strong>Eleganca po tajskem navdihu:<\/strong> Vila VIP, ki jo krasi tajska eleganca, ponuja mirno in razko\u0161no zato\u010di\u0161\u010de.<\/li>\n<li><strong>Vrhunsko udobje:<\/strong> Sprostite se v ekstravagantnem slogu s pli\u0161astimi kav\u010di, prhami na zasebni terasi in le\u017ealniki za son\u010denje.<\/li>\n<li><strong>Brisa\u010de in zasebna prha:<\/strong> Na voljo so sve\u017ee brisa\u010de in zasebna prha za va\u0161e udobje.<\/li>\n<li><strong>Nadzor klime:<\/strong> Najsodobnej\u0161i ventilatorji za vzdr\u017eevanje prijetnega vzdu\u0161ja.<\/li>\n<li><strong>Varno shranjevanje dragocenosti:<\/strong> Za varnost va\u0161ih stvari je na voljo sef.<\/li>\n<li><strong>Zasebna terasa z le\u017ealniki:<\/strong> U\u017eivajte v son\u010denju ali spro\u0161\u010danju v senci na ekskluzivni terasi.<\/li>\n<li><strong>Osebni jacuzzi:<\/strong> Sprostite se v zasebnem jacuzziju, ki je simbol vrhunskega razko\u0161ja.<\/li>\n<\/ul>\n<h3><strong>\ud83c\udfa5 Vila Zabava in udobje<\/strong><\/h3>\n<ul>\n<li><strong>TV in dnevni prostor:<\/strong> V udobnem salonu s televizorjem lahko u\u017eivate v svojih najljub\u0161ih oddajah.<\/li>\n<li><strong>Dobro zalo\u017een minibar:<\/strong> V mini baru je na voljo vrsta pija\u010d za pote\u0161itev \u017eeje.<\/li>\n<li><strong>Vseobsegajo\u010da prehrana:<\/strong> V na\u0161ih vrhunskih restavracijah si lahko privo\u0161\u010dite raznovrstne kulinari\u010dne u\u017eitke.<\/li>\n<li><strong>Pija\u010de in sladoled:<\/strong> Neomejen dostop do brezalkoholnih pija\u010d, piva, vode in sladoleda.<\/li>\n<\/ul>\n<h3><strong>\ud83c\udfa2 Prednostni dostop do znamenitosti s hitrim VIP-vstopom:<\/strong><\/h3>\n<ul>\n<li><strong>Celodnevna hitra vozovnica:<\/strong> Obidite \u010dakalne vrste in si zagotovite takoj\u0161en dostop do vseh atrakcij ter si tako zagotovite \u010dim ve\u010d u\u017eitkov.<\/li>\n<\/ul>\n<h3><strong>\ud83c\udf74 Vseobsegajo\u010da prehrana in neomejene mo\u017enosti pitja:<\/strong><\/h3>\n<ul>\n<li><strong>Neomejene kulinari\u010dne izbire:<\/strong> Privo\u0161\u010dite si all-inclusive kulinari\u010dno izku\u0161njo s \u0161tevilnimi razli\u010dnimi mo\u017enostmi, ki so na voljo po celotnem parku.<\/li>\n<li><strong>Neomejeno \u0161tevilo pija\u010d:<\/strong> U\u017eivajte v neomejenem dostopu do razli\u010dnih brezpla\u010dnih pija\u010d, ki vam bodo zagotovile osve\u017eitev ves \u010das obiska.<\/li>\n<\/ul>\n<h3><strong>\ud83d\udcb0 Izjemna cena in vrednost<\/strong><\/h3>\n<ul>\n<li><strong>Vklju\u010dena cena:<\/strong> Vila VIP je na voljo za 1215 \u20ac in sprejme do 8 gostov, kar zagotavlja zasebnost in ekskluzivnost za majhne in ve\u010dje skupine.<\/li>\n<li><strong>Dodatna namestitev za goste:<\/strong> V vili lahko preno\u010di do 12 gostov, pri \u010demer je treba dopla\u010dati 151 \u20ac na osebo, ki presega prvih osem gostov.<\/li>\n<\/ul>\n<h3><strong>\ud83d\ude8c Udoben in brezpla\u010den prevoz<\/strong><\/h3>\n<ul>\n<li><strong>Potovanje brez stresa:<\/strong> Za enostaven in priro\u010den prevoz uporabite brezpla\u010dni avtobusni prevoz Siam Park.<\/li>\n<li><strong>Obse\u017ene to\u010dke prevzema:<\/strong> Ve\u010d lokacij za prevzem na Tenerifih za la\u017eji dostop.<\/li>\n<\/ul>\n<h3><strong>\u23f0 Na\u010drtujte svoj kon\u010dni obisk<\/strong><\/h3>\n<ul>\n<li><strong>Celoletna razpolo\u017eljivost:<\/strong> Odprto poleti (od 10. do 18. ure) in pozimi (od 10. do 17. ure).<\/li>\n<li><strong>Odli\u010dna lokacija:<\/strong> Nahaja se v \u017eivahnem letovi\u0161\u010du Costa Adeje, ponuja \u010dudovite razglede in enostaven dostop.<\/li>\n<\/ul>\n<h3><b>\u274c Pogoji odpovedi<\/b><\/h3>\n<ul>\n<li style=\"font-weight: 400;\" aria-level=\"1\"><span style=\"font-weight: 400;\">Gostje, ki odpovedo <\/span><b>vsaj en mesec pred na\u010drtovano storitvijo.<\/b><span style=\"font-weight: 400;\"> bo prejel <\/span><b>polno nadomestilo<\/b><span style=\"font-weight: 400;\">.<\/span>&nbsp;<\/li>\n<li style=\"font-weight: 400;\" aria-level=\"1\"><span style=\"font-weight: 400;\">Predlo\u017eene odpovedi <\/span><b>od enega meseca do 7 dni pred<\/b><span style=\"font-weight: 400;\"> za storitev velja <\/span><b>60% storno pristojbina<\/b><span style=\"font-weight: 400;\">.<\/span>&nbsp;<\/li>\n<li style=\"font-weight: 400;\" aria-level=\"1\"><span style=\"font-weight: 400;\">Odpovedi <\/span><b>v 7 dneh po predvidenem datumu.<\/b><span style=\"font-weight: 400;\"> so . <\/span><b>nepovratna<\/b><span style=\"font-weight: 400;\">.<\/span><\/li>\n<\/ul>\n<h3><strong>\ud83d\udd14 Va\u0161a luksuzna izku\u0161nja CanaryVIP<\/strong><\/h3>\n<ul>\n<li><strong>Vstopite v razko\u0161je:<\/strong> Obisk parka Siam popestrite z bivanjem v vili VIP.<\/li>\n<li><strong>Ustvarite nepozabne trenutke:<\/strong> Rezervirajte zdaj za do\u017eivetje, polno veli\u010dine, vznemirjenja in nepozabnih spominov.<\/li>\n<\/ul>\n<p>\u010ce praznujete pomemben mejnik ali organizirate poseben dogodek. <strong>VIP vila v Siam Parku Tenerife<\/strong> ponuja neprimerljivo me\u0161anico razko\u0161ja in ekskluzivnosti. Kot nala\u0161\u010d za ve\u010dje skupine zdru\u017euje vznemirljive atrakcije z mirno sprostitvijo.<\/p>\n<p>Rezervirajte zdaj pri CanaryVIP za razko\u0161no in nepozabno pustolov\u0161\u010dino v VIP-vili Siam Park!<\/p>\n<\/div><\/div><\/div><\/div><\/div><\/div><\/div><\/section>","protected":false},"excerpt":{"rendered":"<p><strong>\ud83d\udd0d Siam Park Villa:<\/strong><br \/>\n\u2705 Varno pla\u010dilo.<br \/>\n\ud83d\ude80 Celodnevna hitra vozovnica VIP.<br \/>\n\ud83d\udc68\u200d\ud83d\udc69\u200d\ud83d\udc66 Cena za 8 gostov.<br \/>\n\ud83d\udc65 Primerno za do 12 oseb.<br \/>\n\ud83d\udca6 Terasa z jacuzzijem.<br \/>\n\ud83d\udd10 Vklju\u010dena je omarica in brisa\u010de.<br \/>\n\ud83c\udf54 Neomejena hrana.<br \/>\n\ud83c\udf7a Neomejeno \u0161tevilo brezalkoholnih pija\u010d in piva.<br \/>\n\ud83e\udd11 Zagotovljena najbolj\u0161a cena.<br \/>\n\ud83d\ude8d Brezpla\u010dni avtobusni prevoz.<br \/>\n\ud83c\udf0d Podpora v ve\u010d jezikih.<br \/>\n\ud83c\udf1f Rezervirajte zdaj in prihranite!<br \/>\n\ud83d\udc32 Odkrijte <a href=\"https:\/\/canaryvip.com\/sl\/product-category\/tenerife\/theme-parks-tenerife\/siam-park-tickets\/\">vse vstopnice za park Siam tukaj<\/a>!<br \/>\n\ud83d\udccd Najdi <a href=\"https:\/\/maps.app.goo.gl\/UfftQG3CrqW5R81r9\">Park Siam na Googlovih zemljevidih<\/a>!<\/p>","protected":false},"featured_media":8825,"comment_status":"open","ping_status":"closed","template":"","meta":{"_acf_changed":false},"product_brand":[],"product_cat":[54,55],"product_tag":[],"class_list":{"0":"post-8824","1":"product","2":"type-product","3":"status-publish","4":"has-post-thumbnail","6":"product_cat-theme-parks","7":"product_cat-siam-park-tickets","8":"wcpa_has_options","10":"first","11":"instock","12":"virtual","13":"purchasable","14":"product-type-simple"},"acf":[],"wcpa_form_fields":{"wcpaData":{"product":{"product_price":1320,"price_html":"From&nbsp;<span class=\"woocommerce-Price-amount amount\"><bdi>1.320,00&nbsp;<span class=\"woocommerce-Price-currencySymbol\">&euro;<\/span><\/bdi><\/span>","original_product_price":1320,"price_including_tax":1320,"price_excluding_tax":1320,"product_id":{"parent":8824,"variation":false},"is_variable":false,"stock_status":"instock","stock_quantity":null,"parent_sku":"CV8824","product_attributes":[],"custom_fields":[],"is_taxable":false,"product_name":"Siam Park VIP Villa","hasImage":false},"fields":{"sec_165dcc0a3c8397":{"extra":{"key":"sec_165dcc0a3c8397","section_id":"sec_165dcc0a3c8397","name":"Default","status":1,"cl_rule":"show","enableCl":false,"relations":[],"toggle":true,"title_tag":"h3","show_title":false,"showPrice":"default","form_id":10124,"form_rules":{"exclude_from_discount":true,"fee_label":"Fee","disp_hide_options_price":true,"disp_show_section_price":false,"disp_show_field_price":true,"layout_option":"standard","pric_use_as_fee":false,"process_fee_as":"woo_fee"},"layout_option":"standard"},"fields":[[{"active":true,"col":6,"relations":false,"cl_rule":"show","enableCl":false,"price":"","enablePrice":false,"className":"","label_position":"default","desc_position":"default","type":"date","required":false,"elementId":"date_1065dcc0a3c83b7","name":"date_1065dcc0a3c83b7","label":"\ud83d\udcc5 Date","picker_type":"custom","picker_mode":"single","error":false,"date_pic_inline":true,"date_pic_inline_hide":true,"min_date":{"type":"days","val":"3"},"max_date":{"type":"days_from_min","val":"500"},"date_pic_conf":{"disabledDates":["2025-05-26 to 2025-05-27","2025-06-01 to 2025-06-04","2025-06-12 to 2025-06-17","2025-06-18 to 2025-06-19","2025-06-20","2025-06-21","2025-06-22","2025-06-23","2025-06-24","2025-06-25","2025-06-26 to 2025-06-27","2025-06-28 to 2025-06-29","2025-07-01 to 2025-07-02","2025-07-03","2025-07-04","2025-07-05","2025-07-06","2025-07-07","2025-07-08","2025-07-09","2025-07-10","2025-07-11","2025-07-12","2025-07-13","2025-07-14","2025-07-15","2025-07-16","2025-07-17","2025-07-18 to 2025-07-25","2025-07-26","2025-07-27","2025-07-28","2025-07-29","2025-07-30","2025-07-31","2025-08-01","2025-08-02","2025-08-03","2025-08-04","2025-08-05 to 2025-08-07","2025-08-08","2025-08-09 to 2025-08-10","2025-08-11 to 2025-08-14","2025-08-15 to 2025-08-16","2025-08-17","2025-08-18","2025-08-21","2025-08-22","2025-08-23","2025-08-24 to 2025-08-26","2025-08-27","2025-08-28 to 2025-08-30","2025-08-31","2025-08-19 to 2025-08-20"]},"isWeightTemplate":false,"isTemplate":false,"min_quantity":"1","quantity_decimal":false,"quantity_step":"1","quantity_label":"Quantity","repeater_field_label":"{field_label}","repeater_bind":"","gt_translate_keys":["label","repeater_field_label","quantity_label"],"price_dependency":false,"cl_dependency":false,"value":""}],[{"active":true,"col":6,"relations":false,"cl_rule":"show","enableCl":false,"price":"","enablePrice":true,"className":"","label_position":"default","desc_position":"default","type":"select","required":false,"elementId":"select_1065dcc0a3c83c4","label":"\ud83d\udc64 Group Size","name":"select_1065dcc0a3c83c4","values":[{"label":"1 Person (1.320\u20ac)","value":"1 Person","selected":false,"tempId":"aco_670","price":"1320","gt_translate_keys":["label"]},{"label":"2 People (1.320\u20ac)","value":"2 People","selected":false,"tempId":"aco_671","price":"1320","gt_translate_keys":["label"]},{"label":"3 People (1.320\u20ac)","value":"3 People","selected":false,"tempId":"aco_672","price":"1320","gt_translate_keys":["label"]},{"label":"4 People (1.320\u20ac)","value":"4 People","selected":false,"tempId":"aco_898","price":"1320","gt_translate_keys":["label"]},{"label":"5 People (1.320\u20ac)","value":"5 People","selected":false,"tempId":"aco_908","price":"1320","gt_translate_keys":["label"]},{"label":"6 People (1.320\u20ac)","value":"6 People","selected":false,"tempId":"aco_1062","price":"1320","gt_translate_keys":["label"]},{"label":"7 People (1.320\u20ac)","value":"7 People","selected":false,"tempId":"aco_2967","price":"1320","gt_translate_keys":["label"]},{"label":"8 People (1.320\u20ac)","value":"8 People","selected":false,"tempId":"aco_3049","price":"1320","gt_translate_keys":["label"]},{"label":"\u2500 Beyond 8 people, each extra person costs \u20ac165 \u2500","value":"\u2500 Beyond 8 people, each extra person costs \u20ac165 \u2500","selected":false,"tempId":"aco_1784","price":"1320","gt_translate_keys":["label"]},{"label":"9 People (1.485\u20ac)","value":"9 People","selected":false,"tempId":"aco_3131","price":"1485","gt_translate_keys":["label"]},{"label":"10 People (1.650\u20ac)","value":"10 People","selected":false,"tempId":"aco_3213","price":"1650","gt_translate_keys":["label"]},{"label":"11 People (1.815\u20ac)","value":"11 People","selected":false,"tempId":"aco_3722","price":"1815","gt_translate_keys":["label"]},{"label":"12 People (1.980\u20ac)","value":"12 People","selected":false,"tempId":"aco_3732","price":"1980","gt_translate_keys":["label"]}],"dropdown_type":"basic","error":false,"placeholder":"None","priceOptions":"different_for_all","pricingType":"fixed","gt_translate_keys":["label","placeholder"],"price_dependency":false,"cl_dependency":false,"value":""}]]}},"config":{"price_override":"always","enable_recaptcha":false,"bind_quantity":false,"quantity_bind_formula":false,"disp_summ_show_option_price":false,"disp_summ_show_product_price":false,"disp_summ_show_total_price":true,"disp_summ_show_fee":false,"disp_summ_show_discount":false,"summary_title":"","options_total_label":"Options Price","total_label":"Total","options_product_label":"Product Price","fee_label":"Fee","discount_label":"Discount","has_price":true,"has_quantity_formula":false},"mc_unit":1,"tax_rate":1,"tax_rate_real":1,"discount":{"percentage":0,"fixed":0},"design":{"conf":{"LabelPosition":"above","DescPosition":"above","UploadField":"custom_1","QuantityFieldStyle":"custom_1"},"css":{"LeftLabelWidth":"120px"}},"formulas":[],"lookuptables":[],"clones":false,"cartKey":false}},"_links":{"self":[{"href":"https:\/\/canaryvip.com\/sl\/wp-json\/wp\/v2\/product\/8824","targetHints":{"allow":["GET"]}}],"collection":[{"href":"https:\/\/canaryvip.com\/sl\/wp-json\/wp\/v2\/product"}],"about":[{"href":"https:\/\/canaryvip.com\/sl\/wp-json\/wp\/v2\/types\/product"}],"replies":[{"embeddable":true,"href":"https:\/\/canaryvip.com\/sl\/wp-json\/wp\/v2\/comments?post=8824"}],"wp:featuredmedia":[{"embeddable":true,"href":"https:\/\/canaryvip.com\/sl\/wp-json\/wp\/v2\/media\/8825"}],"wp:attachment":[{"href":"https:\/\/canaryvip.com\/sl\/wp-json\/wp\/v2\/media?parent=8824"}],"wp:term":[{"taxonomy":"product_brand","embeddable":true,"href":"https:\/\/canaryvip.com\/sl\/wp-json\/wp\/v2\/product_brand?post=8824"},{"taxonomy":"product_cat","embeddable":true,"href":"https:\/\/canaryvip.com\/sl\/wp-json\/wp\/v2\/product_cat?post=8824"},{"taxonomy":"product_tag","embeddable":true,"href":"https:\/\/canaryvip.com\/sl\/wp-json\/wp\/v2\/product_tag?post=8824"}],"curies":[{"name":"wp","href":"https:\/\/api.w.org\/{rel}","templated":true}]}}