{"id":8821,"date":"2024-01-15T13:32:07","date_gmt":"2024-01-15T13:32:07","guid":{"rendered":"https:\/\/canaryvip.com\/?post_type=product&#038;p=8821"},"modified":"2025-09-19T12:00:06","modified_gmt":"2025-09-19T11:00:06","slug":"siam-park-vip-house","status":"publish","type":"product","link":"https:\/\/canaryvip.com\/sl\/shop\/siam-park-vip-house\/","title":{"rendered":"VIP hi\u0161a Siam Park"},"content":{"rendered":"<section class=\"l-section wpb_row height_medium\"><div class=\"l-section-h i-cf\"><div class=\"g-cols vc_row via_flex valign_top type_default stacking_default\"><div class=\"vc_col-sm-12 wpb_column vc_column_container\"><div class=\"vc_column-inner\"><div class=\"wpb_wrapper\"><div class=\"wpb_text_column\"><div class=\"wpb_wrapper\"><p>\ud83c\udfdd\ufe0f <strong>VIP hi\u0161a v parku Siam Izku\u0161nje z CanaryVIP<\/strong><\/p>\n<div class=\"min-h-&#091;20px&#093; text-message flex flex-col items-start gap-3 whitespace-pre-wrap break-words &#091;.text-message+&amp;&#093;:mt-5 overflow-x-auto\" data-message-author-role=\"assistant\" data-message-id=\"8a8a1897-a3c1-4569-9988-c0ed1c1bc6da\">\n<div class=\"markdown prose w-full break-words dark:prose-invert light\">\n<p>Dobrodo\u0161li v parku Siam, raju za vodne navdu\u0161ence na Tenerifih. Park je znan po vznemirljivih vo\u017enjah in slikoviti pokrajini ter ponuja pustolov\u0161\u010dino, kakr\u0161ne \u0161e ni bilo. Od vznemirljivih <strong>Stolp mo\u010di<\/strong> v mirno <strong>Reka Mai Thai,<\/strong>\u00a0, je na voljo do\u017eivetje za vsakogar, ki i\u0161\u010de vznemirjenje. Zdaj pa svoj obisk popestrite z <strong>CanaryVIP-jeva ekskluzivna izku\u0161nja v hi\u0161i VIP,<\/strong>\u00a0kjer se luksuz sre\u010da s pustolov\u0161\u010dino.<\/p>\n<h3>\ud83c\udf1f <strong>Premium VIP Hi\u0161a z udobjem<\/strong><\/h3>\n<ul>\n<li><strong>Tajska eleganca<\/strong>: Hi\u0161a VIP, ki jo je navdihnila tajska estetika, ponuja oazo miru in razko\u0161ja.<\/li>\n<li><strong>Vrhunsko udobje<\/strong>: Sprostite se v slogu s pli\u0161astimi zofi, zasebnimi prhami na terasi in le\u017ealniki za son\u010denje.<\/li>\n<li><strong>Brisa\u010de in tu\u0161<\/strong>: \u010cakajo vas sve\u017ee brisa\u010de, vsaka hi\u0161a pa se pona\u0161a z lastnim zasebnim tu\u0161em za najve\u010dje udobje.<\/li>\n<li><strong>Nadzor klime<\/strong>: Ohladite se z na\u0161imi najsodobnej\u0161imi ventilatorji.<\/li>\n<li><strong>Varnost dragocenosti<\/strong>: Svoje stvari lahko varno shranite v na\u0161i varnostni skrinjici.<\/li>\n<li><strong>Terasa z le\u017ealniki<\/strong>: U\u017eivajte v soncu ali senci na zasebni terasi, opremljeni z udobnimi le\u017ealniki.<\/li>\n<li><strong>Zasebna terasa Jacuzzi<\/strong>: Prepustite se popolni sprostitvi v ekskluzivnem jacuzziju, kronskem dragulju udobja.<\/li>\n<\/ul>\n<h3>\ud83c\udfa5 <strong>Zabava in sprostitev v hi\u0161i<\/strong><\/h3>\n<ul>\n<li><strong>Televizija in dnevni prostor<\/strong>: Sprostite se ob najljub\u0161ih oddajah na na\u0161i notranji televiziji in po\u010divajte na udobnem kav\u010du.<\/li>\n<li><strong>Minibar<\/strong>: V mini baru so na voljo razli\u010dne pija\u010de za pote\u0161itev \u017eeje.<\/li>\n<li><strong>Storitev \"vse vklju\u010deno<\/strong>: V na\u0161ih restavracijah lahko u\u017eivate v razli\u010dnih kulinari\u010dnih dobrotah.<\/li>\n<li><strong>Pija\u010de in sladoled<\/strong>: U\u017eivajte v neomejenih brezalkoholnih pija\u010dah, pivu, vodi in sladoledu.<\/li>\n<\/ul>\n<h3>\ud83c\udfa2 <strong>Ekskluzivni dostop s hitrim izpisom VIP<\/strong><\/h3>\n<ul>\n<li><strong>Celodnevni hitri vstop<\/strong>: Izkusite takoj\u0161en dostop do vseh atrakcij brez \u010dakanja v vrsti, kar izbolj\u0161a va\u0161o zabavo.<\/li>\n<\/ul>\n<h3>\ud83c\udf74 <strong>All-Inclusive prehrana in pija\u010da<\/strong><\/h3>\n<ul>\n<li><strong>Bogate kulinari\u010dne mo\u017enosti<\/strong>: V parku je na voljo veliko restavracij za vse okuse.<\/li>\n<li><strong>Neomejeno \u0161tevilo pija\u010d<\/strong>: Osve\u017eite se z vrsto brezpla\u010dnih pija\u010d.<\/li>\n<\/ul>\n<h3>\ud83d\udcb0 <strong>Izjemna cena in vrednost<\/strong><\/h3>\n<\/div>\n<\/div>\n<div class=\"min-h-&#091;20px&#093; text-message flex flex-col items-start gap-3 whitespace-pre-wrap break-words &#091;.text-message+&amp;&#093;:mt-5 overflow-x-auto\" data-message-author-role=\"assistant\" data-message-id=\"cc56ef15-39ff-4986-80a9-f3d468fc7369\">\n<div class=\"markdown prose w-full break-words dark:prose-invert light\">\n<ul>\n<li><strong>Cena Inclusive<\/strong>: Cena VIP-hi\u0161e je 910 \u20ac, v njej pa lahko preno\u010di do 6 oseb. Ta cena zagotavlja ekskluzivnost in zasebnost za majhne in ve\u010dje skupine.<\/li>\n<li><strong>Dodatna prilagodljivost gostov<\/strong>: V hi\u0161i lahko preno\u010di do 10 gostov. Za vsakega gosta, ki presega za\u010detnih \u0161est oseb, se zara\u010duna 151 \u20ac na osebo.<\/li>\n<\/ul>\n<h3>\ud83d\ude8c <strong>Priro\u010den in brezpla\u010den prevoz<\/strong><\/h3>\n<ul>\n<li><strong>Tranzit brez stresa<\/strong>: Za enostaven prevoz izkoristite brezpla\u010den avtobusni prevoz Siam Park.<\/li>\n<li><strong>Obse\u017ena pokritost<\/strong>: Ve\u010d to\u010dk za prevzem na Tenerifih za priro\u010den dostop.<\/li>\n<\/ul>\n<h3>\u23f0 <strong>Na\u010drtujte svoje vrhunsko do\u017eivetje<\/strong><\/h3>\n<ul>\n<li><strong>Celoletna razpolo\u017eljivost<\/strong>: Odprto poleti (od 10. do 18. ure) in pozimi (od 10. do 17. ure).<\/li>\n<li><strong>Odli\u010dna lokacija<\/strong>: Nahaja se v \u017eivahnem letovi\u0161\u010du Costa Adeje, ponuja \u010dudovite razglede in enostaven dostop.<\/li>\n<\/ul>\n<h3><b>\u274c Pravilnik o odpovedi<\/b><\/h3>\n<ul>\n<li style=\"font-weight: 400;\" aria-level=\"1\"><span style=\"font-weight: 400;\">Odpovedi <\/span><b>30 dni ali ve\u010d pred datumom dejavnosti<\/b><span style=\"font-weight: 400;\"> ne bo kaznovan.<\/span>&nbsp;<\/li>\n<li style=\"font-weight: 400;\" aria-level=\"1\"><span style=\"font-weight: 400;\">Odpovedi <\/span><b>od 30 dni do 7 dni pred na\u010drtovanim datumom.<\/b><span style=\"font-weight: 400;\"> bo povzro\u010dil, da bo <\/span><b>60% polnjenje<\/b><span style=\"font-weight: 400;\"> zneska rezervacije.<\/span>&nbsp;<\/li>\n<li style=\"font-weight: 400;\" aria-level=\"1\"><span style=\"font-weight: 400;\">Odpovedi <\/span><b>manj kot 7 dni pred dejavnostjo<\/b><span style=\"font-weight: 400;\"> bo povzro\u010dil, da bo <\/span><b>100% polnjenje<\/b><span style=\"font-weight: 400;\"> zneska rezervacije.<\/span><\/li>\n<\/ul>\n<h4>\ud83d\udd14 <strong>Va\u0161a razko\u0161na pustolov\u0161\u010dina z CanaryVIP<\/strong><\/h4>\n<ul>\n<li><strong>Korak v razko\u0161je<\/strong>: Obisk parka Siam nadgradite z bivanjem v hi\u0161i VIP.<\/li>\n<li><strong>Ustvarjanje trajnih spominov<\/strong>: Rezervirajte zdaj za potovanje, polno razko\u0161ja, vznemirjenja in nepozabnih trenutkov.<\/li>\n<\/ul>\n<\/div>\n<\/div>\n<\/div><\/div><\/div><\/div><\/div><\/div><\/div><\/section>","protected":false},"excerpt":{"rendered":"<p><strong>\ud83d\udd0d Hi\u0161a Siam Park:<\/strong><br \/>\n\u2705 Varno pla\u010dilo.<br \/>\n\ud83d\ude80 Celodnevna hitra vozovnica VIP.<br \/>\n\ud83d\udc68\u200d\ud83d\udc69\u200d\ud83d\udc66 Cena za 6 gostov.<br \/>\n\ud83d\udc65 Sprejme do 10 oseb.<br \/>\n\ud83d\udca6 Zasebna terasa z jacuzzijem.<br \/>\n\ud83d\udd10 Vklju\u010dena je omarica in brisa\u010de.<br \/>\n\ud83c\udf54 Neomejena hrana.<br \/>\n\ud83c\udf7a Neomejeno \u0161tevilo brezalkoholnih pija\u010d in piva.<br \/>\n\ud83c\udfe0 Ve\u010d prostora? <a href=\"https:\/\/canaryvip.com\/sl\/shop\/siam-park-vip-villa\/\">Oglejte si vilo Siam Park Villa<\/a>.<br \/>\n\ud83e\udd11 Zagotovljena najbolj\u0161a cena.<br \/>\n\ud83d\ude8d Brezpla\u010dni avtobusni prevoz.<br \/>\n\ud83c\udf0d Podpora v ve\u010d jezikih.<br \/>\n\ud83c\udf1f Rezervirajte zdaj in prihranite!<br \/>\n\ud83d\udc32 Odkrijte <a href=\"https:\/\/canaryvip.com\/sl\/product-category\/tenerife\/theme-parks-tenerife\/siam-park-tickets\/\">vse vstopnice za park Siam tukaj<\/a>!<br \/>\n\ud83d\udccd Najdi <a href=\"https:\/\/maps.app.goo.gl\/UfftQG3CrqW5R81r9\">Park Siam na Googlovih zemljevidih<\/a>!<\/p>","protected":false},"featured_media":8827,"comment_status":"open","ping_status":"closed","template":"","meta":{"_acf_changed":false},"product_brand":[],"product_cat":[54,55],"product_tag":[],"class_list":{"0":"post-8821","1":"product","2":"type-product","3":"status-publish","4":"has-post-thumbnail","6":"product_cat-theme-parks","7":"product_cat-siam-park-tickets","8":"wcpa_has_options","10":"first","11":"instock","12":"virtual","13":"purchasable","14":"product-type-simple"},"acf":[],"wcpa_form_fields":{"wcpaData":{"product":{"product_price":990,"price_html":"From&nbsp;<span class=\"woocommerce-Price-amount amount\"><bdi>990,00&nbsp;<span class=\"woocommerce-Price-currencySymbol\">&euro;<\/span><\/bdi><\/span>","original_product_price":990,"price_including_tax":990,"price_excluding_tax":990,"product_id":{"parent":8821,"variation":false},"is_variable":false,"stock_status":"instock","stock_quantity":null,"parent_sku":"CV8821","product_attributes":[],"custom_fields":[],"is_taxable":false,"product_name":"Siam Park VIP House","hasImage":false},"fields":{"sec_865dcbfa9364bf":{"extra":{"key":"sec_865dcbfa9364bf","section_id":"sec_865dcbfa9364bf","name":"Default","status":1,"cl_rule":"show","enableCl":false,"relations":[],"toggle":true,"title_tag":"h3","show_title":false,"showPrice":"default","form_id":10123,"form_rules":{"exclude_from_discount":true,"fee_label":"Fee","disp_hide_options_price":true,"disp_show_section_price":false,"disp_show_field_price":true,"layout_option":"standard","pric_use_as_fee":false,"process_fee_as":"woo_fee"},"layout_option":"standard"},"fields":[[{"active":true,"col":6,"relations":false,"cl_rule":"show","enableCl":false,"price":"","enablePrice":false,"className":"","label_position":"default","desc_position":"default","type":"date","required":false,"elementId":"date_565dcbfa9364dd","name":"date_565dcbfa9364dd","label":"\ud83d\udcc5 Date","picker_type":"custom","picker_mode":"single","error":false,"date_pic_inline":true,"date_pic_inline_hide":true,"min_date":{"type":"days","val":"3"},"max_date":{"type":"days_from_min","val":"500"},"date_pic_conf":{"disabledDates":["2024-06-18 to 2024-06-30","2024-07-01 to 2024-08-15","2024-08-16 to 2024-08-20","2024-08-21","2024-08-22 to 2024-08-23","2024-08-24","2024-08-25 to 2024-08-29","2024-08-30","2025-05-26 to 2025-05-29","2025-06-02","2025-06-20","2025-06-21 to 2025-06-24","2025-06-25","2025-06-26 to 2025-06-27","2025-06-30","2025-07-01","2025-07-03","2025-07-04","2025-07-06","2025-07-07 to 2025-07-08","2025-07-09","2025-07-10 to 2025-07-13","2025-07-14 to 2025-07-15","2025-07-16 to 2025-07-17","2025-07-18","2025-07-19","2025-07-20","2025-07-21","2025-07-22","2025-07-23","2025-07-24","2025-07-25","2025-07-26","2025-07-27","2025-07-28 to 2025-07-31","2025-08-01","2025-08-02","2025-08-03","2025-08-04","2025-08-05","2025-08-06","2025-08-07","2025-08-08 to 2025-08-09","2025-08-10","2025-08-11 to 2025-08-12","2025-08-13","2025-08-14","2025-08-15","2025-08-16 to 2025-08-18","2025-08-19","2025-08-20","2025-08-21","2025-08-22","2025-08-23","2025-08-24","2025-08-25","2025-08-26","2025-08-27","2025-08-28 to 2025-08-31","2026-03-31 to 2026-04-11"]},"isWeightTemplate":false,"isTemplate":false,"min_quantity":"1","quantity_decimal":false,"quantity_step":"1","quantity_label":"Quantity","repeater_field_label":"{field_label}","repeater_bind":"","gt_translate_keys":["label","repeater_field_label","quantity_label"],"price_dependency":false,"cl_dependency":false,"value":""}],[{"active":true,"col":6,"relations":false,"cl_rule":"show","enableCl":false,"price":"","enablePrice":true,"className":"","label_position":"default","desc_position":"default","type":"select","required":false,"elementId":"select_965dcbfa9364eb","label":"\ud83d\udc64 Group Size","name":"select_965dcbfa9364eb","values":[{"label":"1 Person (990\u20ac)","value":"1 Person","selected":false,"tempId":"aco_670","price":"990","gt_translate_keys":["label"]},{"label":"2 People (990\u20ac)","value":"2 People","selected":false,"tempId":"aco_671","price":"990","gt_translate_keys":["label"]},{"label":"3 People (990\u20ac)","value":"3 People","selected":false,"tempId":"aco_672","price":"990","gt_translate_keys":["label"]},{"label":"4 People (990\u20ac)","value":"4 People","selected":false,"tempId":"aco_898","price":"990","gt_translate_keys":["label"]},{"label":"5 People (990\u20ac)","value":"5 People","selected":false,"tempId":"aco_908","price":"990","gt_translate_keys":["label"]},{"label":"6 People (990\u20ac)","value":"6 People","selected":false,"tempId":"aco_1062","price":"990","gt_translate_keys":["label"]},{"label":"\u2500 Beyond 6 people, each extra person costs \u20ac165 \u2500","value":"\u2500 Beyond 6 people, each extra person costs \u20ac165 \u2500","selected":false,"tempId":"aco_1784","price":"990","gt_translate_keys":["label"]},{"label":"7 People (1.155\u20ac)","value":"7 People","selected":false,"tempId":"aco_2967","price":"1155","gt_translate_keys":["label"]},{"label":"8 People (1.320\u20ac)","value":"8 People","selected":false,"tempId":"aco_3049","price":"1320","gt_translate_keys":["label"]},{"label":"9 People (1.485\u20ac)","value":"9 People","selected":false,"tempId":"aco_3131","price":"1485","gt_translate_keys":["label"]},{"label":"10 People (1.650\u20ac)","value":"10 People","selected":false,"tempId":"aco_3213","price":"1650","gt_translate_keys":["label"]}],"dropdown_type":"basic","error":false,"placeholder":"None","priceOptions":"different_for_all","pricingType":"fixed","gt_translate_keys":["label","placeholder"],"price_dependency":false,"cl_dependency":false,"value":""}]]}},"config":{"price_override":"always","enable_recaptcha":false,"bind_quantity":false,"quantity_bind_formula":false,"disp_summ_show_option_price":false,"disp_summ_show_product_price":false,"disp_summ_show_total_price":true,"disp_summ_show_fee":false,"disp_summ_show_discount":false,"summary_title":"","options_total_label":"Options Price","total_label":"Total","options_product_label":"Product Price","fee_label":"Fee","discount_label":"Discount","has_price":true,"has_quantity_formula":false},"mc_unit":1,"tax_rate":1,"tax_rate_real":1,"discount":{"percentage":0,"fixed":0},"design":{"conf":{"LabelPosition":"above","DescPosition":"above","UploadField":"custom_1","QuantityFieldStyle":"custom_1"},"css":{"LeftLabelWidth":"120px"}},"formulas":[],"lookuptables":[],"clones":false,"cartKey":false}},"_links":{"self":[{"href":"https:\/\/canaryvip.com\/sl\/wp-json\/wp\/v2\/product\/8821","targetHints":{"allow":["GET"]}}],"collection":[{"href":"https:\/\/canaryvip.com\/sl\/wp-json\/wp\/v2\/product"}],"about":[{"href":"https:\/\/canaryvip.com\/sl\/wp-json\/wp\/v2\/types\/product"}],"replies":[{"embeddable":true,"href":"https:\/\/canaryvip.com\/sl\/wp-json\/wp\/v2\/comments?post=8821"}],"wp:featuredmedia":[{"embeddable":true,"href":"https:\/\/canaryvip.com\/sl\/wp-json\/wp\/v2\/media\/8827"}],"wp:attachment":[{"href":"https:\/\/canaryvip.com\/sl\/wp-json\/wp\/v2\/media?parent=8821"}],"wp:term":[{"taxonomy":"product_brand","embeddable":true,"href":"https:\/\/canaryvip.com\/sl\/wp-json\/wp\/v2\/product_brand?post=8821"},{"taxonomy":"product_cat","embeddable":true,"href":"https:\/\/canaryvip.com\/sl\/wp-json\/wp\/v2\/product_cat?post=8821"},{"taxonomy":"product_tag","embeddable":true,"href":"https:\/\/canaryvip.com\/sl\/wp-json\/wp\/v2\/product_tag?post=8821"}],"curies":[{"name":"wp","href":"https:\/\/api.w.org\/{rel}","templated":true}]}}