{"id":8817,"date":"2024-01-15T12:16:37","date_gmt":"2024-01-15T12:16:37","guid":{"rendered":"https:\/\/canaryvip.com\/?post_type=product&#038;p=8817"},"modified":"2025-09-19T12:01:26","modified_gmt":"2025-09-19T11:01:26","slug":"siam-park-vip-cabin","status":"publish","type":"product","link":"https:\/\/canaryvip.com\/sl\/shop\/siam-park-vip-cabin\/","title":{"rendered":"VIP kabina v parku Siam"},"content":{"rendered":"<section class=\"l-section wpb_row height_medium\"><div class=\"l-section-h i-cf\"><div class=\"g-cols vc_row via_flex valign_top type_default stacking_default\"><div class=\"vc_col-sm-12 wpb_column vc_column_container\"><div class=\"vc_column-inner\"><div class=\"wpb_wrapper\"><div class=\"wpb_text_column\"><div class=\"wpb_wrapper\"><h2><strong>\ud83c\udfdd\ufe0f Siam Park VIP kabana Izku\u0161nje z CanaryVIP<\/strong><\/h2>\n<p>Dobrodo\u0161li v Siam Park, glavnem vodnem kraljestvu na Tenerifih, ki slovi po vznemirljivih vo\u017enjah, osupljivih pokrajinah in vrhunski vodni pustolov\u0161\u010dini. Od adrenalinskih <strong>Stolp mo\u010di<\/strong> do spro\u0161\u010dujo\u010dega <strong>Reka Mai Thai,<\/strong>\u00a0za vsakogar je nekaj na voljo. Potopite se v svet, kjer se vznemirjenje prepleta s sprostitvijo, in poskrbite, da bo va\u0161 obisk resni\u010dno nepozaben. <strong>Izku\u0161nja v VIP kabini. <\/strong><\/p>\n<p>Odkrijte, zakaj je Siam Park najbolj\u0161a destinacija za dru\u017einsko zabavo, sprostitev in pustolov\u0161\u010dine v tropskem raju. Izkusite najbolj\u0161e vodne zabave in si ustvarite spomine, ki vam bodo ostali za vse \u017eivljenje.<\/p>\n<h3><strong>\ud83c\udf1f Izbor ekskluzivnih kabin<\/strong><\/h3>\n<ul>\n<li><strong>Tajsko navdihnjene teme<\/strong>: Izbirate lahko med Cabana Phuket, Chiang Mai ali Rataburi, ki so mirna tajsko navdihnjena sveti\u0161\u010da.<\/li>\n<li><strong>Neprimerljivo udobje<\/strong>: U\u017eivajte v pli\u0161astih kav\u010dih, tu\u0161ih na zasebni terasi in le\u017ealnikih za son\u010denje za popolno sprostitev in razko\u0161je.<\/li>\n<li><strong>Vklju\u010dene brisa\u010de<\/strong>: Ni vam treba skrbeti za pakiranje brisa\u010d; za va\u0161e udobje so na voljo.<\/li>\n<li><strong>Ventilator za udobje<\/strong>: Z vklju\u010denim ventilatorjem se lahko ohladite.<\/li>\n<li><strong>Zavarujte svoje premo\u017eenje<\/strong>: Za mirno vest uporabite varnostno skrinjico.<\/li>\n<\/ul>\n<h3><strong>\ud83c\udfa5 Zabava in udobje v kabini<\/strong><\/h3>\n<ul>\n<li><strong>Televizor in predvajalnik DVD<\/strong>: Vsaka kabana je opremljena s televizorjem in DVD-predvajalnikom za va\u0161o zabavo.<\/li>\n<li><strong>Osve\u017eilne pija\u010de na dosegu roke<\/strong>: Mini bar z razli\u010dnimi pija\u010dami po va\u0161ih \u017eeljah.<\/li>\n<\/ul>\n<h3><strong>\ud83c\udfa2 Prednostni dostop s hitrim prehodom VIP<\/strong><\/h3>\n<ul>\n<li><strong>Takoj\u0161en vnos privla\u010dnosti<\/strong>: S posebnimi zapestnicami za VIP-goste lahko u\u017eivate v takoj\u0161njem dostopu do vseh atrakcij, se izognete \u010dakalnim vrstam in se maksimalno zabavate.<\/li>\n<\/ul>\n<h3>\ud83c\udf74 <strong>All-Inclusive prehrana in pija\u010da<\/strong><\/h3>\n<ul>\n<li><strong>Raznolike mo\u017enosti prehranjevanja<\/strong>: V parku si lahko privo\u0161\u010dite \u0161tevilne kulinari\u010dne izbire, ki zadovoljijo vse okuse.<\/li>\n<li><strong>Neomejeno \u0161tevilo pija\u010d<\/strong>: U\u017eivajte v brezpla\u010dnih brezalkoholnih pija\u010dah, pivu, vodi in sladoledu, kar zagotavlja va\u0161o hidracijo in zadovoljstvo.<\/li>\n<\/ul>\n<h3><strong>\ud83d\udcb0 Izjemna cena in vrednost<\/strong><\/h3>\n<ul>\n<li><strong>Celovita stopnja<\/strong>: Cena VIP-kabane je 610 \u20ac, v njej pa lahko bivajo od 1 do 4 osebe. Ne glede na to, ali gre za samostojno pustolov\u0161\u010dino ali skupino \u0161tirih, cena ostaja enaka, kar zagotavlja ekskluzivnost in zasebnost.<\/li>\n<li><strong>Dodatna prilagodljivost gostov<\/strong>: \u010ce ima va\u0161a skupina ve\u010d kot \u0161tiri \u010dlane, lahko za 151 \u20ac za vsakega dodate do dva dodatna gosta, zato je hotel prilagodljiv razli\u010dno velikim skupinam.<\/li>\n<li><strong>Posebne poletne cene:<\/strong> Te cene si lahko zagotovite tudi v najbolj obiskanih poletnih mesecih, julija in avgusta.<\/li>\n<li><strong>Prednost zgodnje rezervacije:<\/strong> Z rezervacijo zdaj se izognite povi\u0161anju cen - zagotovite si dana\u0161njo ceno za prihodnji obisk!<\/li>\n<\/ul>\n<h3><strong>\ud83d\ude8c Udoben in brezpla\u010den prevoz<\/strong><\/h3>\n<ul>\n<li><strong>Potovanje brez stresa<\/strong>: Izkoristite brezpla\u010den avtobusni prevoz Siam Park, ki ponuja redne in priro\u010dne prevoze.<\/li>\n<li><strong>\u0160iroka pokritost<\/strong>: Na Tenerifih je ve\u010d prevzemnih mest za enostaven dostop do parka in nazaj.<\/li>\n<\/ul>\n<h3><strong>\u23f0 Na\u010drtujte svoje vrhunsko do\u017eivetje<\/strong><\/h3>\n<ul>\n<li><strong>Odprto vse leto<\/strong>: Poletje (od 10.00 do 18.00), zima (od 10.00 do 17.00).<\/li>\n<li><strong>Dostopno in razgledno<\/strong>: Nahaja se v \u017eivahnem letovi\u0161\u010du Costa Adeje in zdru\u017euje \u010dudovite razglede z enostavno dostopnostjo.<\/li>\n<\/ul>\n<h3><strong>\ud83d\udd14 Va\u0161a razko\u0161na pustolov\u0161\u010dina \u010daka z CanaryVIP<\/strong><\/h3>\n<ul>\n<li><strong>Korak v razko\u0161je<\/strong>: Obisk parka Siam popestrite z bivanjem v kabini VIP.<\/li>\n<li><strong>Ustvarite nepozabne spomine<\/strong>: Rezervirajte \u0161e danes in se podajte na potovanje razko\u0161ja, vznemirjenja in nepozabnih trenutkov.<\/li>\n<\/ul>\n<h3><b>\u274c Pogoji odpovedi<\/b><\/h3>\n<ul>\n<li style=\"font-weight: 400;\" aria-level=\"1\"><span style=\"font-weight: 400;\">Preklicane rezervacije <\/span><b>en mesec ali ve\u010d pred datumom dejavnosti<\/b><span style=\"font-weight: 400;\"> se ne zara\u010duna.<\/span>&nbsp;<\/li>\n<li style=\"font-weight: 400;\" aria-level=\"1\"><span style=\"font-weight: 400;\">Preklicane rezervacije <\/span><b>od enega meseca do 7 dni pred<\/b><span style=\"font-weight: 400;\"> se zara\u010duna <\/span><b>60% skupnega zneska<\/b><span style=\"font-weight: 400;\">.<\/span>&nbsp;<\/li>\n<li style=\"font-weight: 400;\" aria-level=\"1\"><span style=\"font-weight: 400;\">Preklicane rezervacije <\/span><b>manj kot 7 dni vnaprej<\/b><span style=\"font-weight: 400;\"> se zara\u010duna <\/span><b>celoten znesek (100%)<\/b><span style=\"font-weight: 400;\">.<\/span><\/li>\n<\/ul>\n<h3>\ud83c\udf1f Izbolj\u0161ajte svojo pustolov\u0161\u010dino z CanaryVIP<\/h3>\n<p>\u0160e danes rezervirajte svojo izku\u0161njo v VIP-kabani pri CanaryVIP in si zagotovite razko\u0161je in nepozabne trenutke ob obisku Siam Park. U\u017eivajte v ekskluzivnih ugodnostih, prednostnem dostopu in izjemnem udobju, da bo vsak trenutek va\u0161e pustolov\u0161\u010dine resni\u010dno poseben.<\/p>\n<p>Ne zamudite prilo\u017enosti, da si ustvarite trajne spomine v najpomembnej\u0161em vodnem kraljestvu na Tenerifih. Zagotovite si svojo VIP-kabano zdaj in se podajte na popolno potovanje sprostitve, razburjenja in razko\u0161ja!<\/p>\n<\/div><\/div><\/div><\/div><\/div><\/div><\/div><\/section>","protected":false},"excerpt":{"rendered":"<p><strong>\ud83d\udd0d Siam Park Cabana:<\/strong><br \/>\n\u2705 Varno pla\u010dilo.<br \/>\n\ud83d\ude80 Celodnevna hitra vozovnica VIP.<br \/>\n\ud83d\udc68\u200d\ud83d\udc69\u200d\ud83d\udc66 Cena za 4 goste.<br \/>\n\ud83d\udc65 Sprejme do 6 oseb.<br \/>\n\ud83d\udd10 Vklju\u010dena je omarica in brisa\u010de.<br \/>\n\ud83c\udf54 Neomejena hrana.<br \/>\n\ud83c\udf7a Neomejeno \u0161tevilo brezalkoholnih pija\u010d in piva.<br \/>\n\ud83c\udfe0 Ve\u010d prostora? Oglejte si <a href=\"https:\/\/canaryvip.com\/sl\/shop\/siam-park-vip-house\/\">Hi\u0161a Siam Park House<\/a>.<br \/>\n\ud83e\udd11 Zagotovljena najbolj\u0161a cena.<br \/>\n\ud83d\ude8d Brezpla\u010dni avtobusni prevoz.<br \/>\n\ud83c\udf0d Podpora v ve\u010d jezikih.<br \/>\n\ud83c\udf1f Rezervirajte zdaj in prihranite!<br \/>\n\ud83d\udc32 Odkrijte <a href=\"https:\/\/canaryvip.com\/sl\/product-category\/tenerife\/theme-parks-tenerife\/siam-park-tickets\/\">vse vstopnice za park Siam tukaj<\/a>!<br \/>\n\ud83d\udccd Najdi <a href=\"https:\/\/maps.app.goo.gl\/UfftQG3CrqW5R81r9\">Park Siam na Googlovih zemljevidih<\/a>!<\/p>","protected":false},"featured_media":8819,"comment_status":"open","ping_status":"closed","template":"","meta":{"_acf_changed":false},"product_brand":[],"product_cat":[55,54],"product_tag":[],"class_list":{"0":"post-8817","1":"product","2":"type-product","3":"status-publish","4":"has-post-thumbnail","6":"product_cat-siam-park-tickets","7":"product_cat-theme-parks","8":"wcpa_has_options","10":"first","11":"instock","12":"virtual","13":"purchasable","14":"product-type-simple"},"acf":[],"wcpa_form_fields":{"wcpaData":{"product":{"product_price":660,"price_html":"From&nbsp;<span class=\"woocommerce-Price-amount amount\"><bdi>660,00&nbsp;<span class=\"woocommerce-Price-currencySymbol\">&euro;<\/span><\/bdi><\/span>","original_product_price":660,"price_including_tax":660,"price_excluding_tax":660,"product_id":{"parent":8817,"variation":false},"is_variable":false,"stock_status":"instock","stock_quantity":null,"parent_sku":"CV8817","product_attributes":[],"custom_fields":[],"is_taxable":false,"product_name":"Siam Park VIP Cabin","hasImage":false},"fields":{"sec_765dcbaa6daedc":{"extra":{"key":"sec_765dcbaa6daedc","section_id":"sec_765dcbaa6daedc","name":"Default","status":1,"cl_rule":"show","enableCl":false,"relations":[],"toggle":true,"title_tag":"h3","show_title":false,"showPrice":"default","form_id":10122,"form_rules":{"exclude_from_discount":true,"fee_label":"Fee","disp_hide_options_price":true,"disp_show_section_price":false,"disp_show_field_price":true,"layout_option":"standard","pric_use_as_fee":false,"process_fee_as":"woo_fee"},"layout_option":"standard"},"fields":[[{"active":true,"col":6,"relations":false,"cl_rule":"show","enableCl":false,"price":"","enablePrice":false,"className":"","label_position":"default","desc_position":"default","type":"date","required":false,"elementId":"date_9651671511","name":"date_9651671511","label":"\ud83d\udcc5 Date","picker_type":"custom","picker_mode":"single","error":false,"date_pic_inline":true,"date_pic_inline_hide":true,"min_date":{"type":"days","val":"3"},"max_date":{"type":"days_from_min","val":"700"},"date_pic_conf":{"disabledDates":["2025-07-01 to 2025-08-31","2025-10-01 to 2025-11-01","2026-04-01","2026-04-02 to 2026-04-07","2026-04-08"],"enabledDates":[]},"isWeightTemplate":false,"isTemplate":false,"min_quantity":"1","quantity_decimal":false,"quantity_step":"1","quantity_label":"Quantity","repeater_field_label":"{field_label}","repeater_bind":"","gt_translate_keys":["label","repeater_field_label","quantity_label"],"price_dependency":false,"cl_dependency":false,"value":""}],[{"active":true,"col":6,"relations":false,"cl_rule":"show","enableCl":false,"price":"","enablePrice":true,"className":"","label_position":"default","desc_position":"default","type":"select","required":false,"elementId":"select_5229375457","label":"\ud83d\udc64 Group Size","name":"select_5229375457","values":[{"label":"1 Person (660\u20ac)","value":"1 Person","selected":false,"tempId":"aco_670","price":"660","gt_translate_keys":["label"]},{"label":"2 People (660\u20ac)","value":"2 People","selected":false,"tempId":"aco_671","price":"660","gt_translate_keys":["label"]},{"label":"3 People (660\u20ac)","value":"3 People","selected":false,"tempId":"aco_672","price":"660","gt_translate_keys":["label"]},{"label":"4 People (660\u20ac)","value":"4 People","selected":false,"tempId":"aco_898","price":"660","gt_translate_keys":["label"]},{"label":"\u2500 Beyond 4 people, each extra person costs \u20ac165 \u2500","value":"\u2500 Beyond 4 people, each extra person costs \u20ac165 \u2500","selected":false,"tempId":"aco_1784","price":"660","gt_translate_keys":["label"]},{"label":"5 People (825\u20ac)","value":"5 People","selected":false,"tempId":"aco_908","price":"825","gt_translate_keys":["label"]},{"label":"6 People (990\u20ac)","value":"6 People","selected":false,"tempId":"aco_1062","price":"990","gt_translate_keys":["label"]}],"dropdown_type":"basic","error":false,"placeholder":"None","priceOptions":"different_for_all","pricingType":"fixed","gt_translate_keys":["label","placeholder"],"price_dependency":false,"cl_dependency":false,"value":""}]]}},"config":{"price_override":"always","enable_recaptcha":false,"bind_quantity":false,"quantity_bind_formula":false,"disp_summ_show_option_price":false,"disp_summ_show_product_price":false,"disp_summ_show_total_price":true,"disp_summ_show_fee":false,"disp_summ_show_discount":false,"summary_title":"","options_total_label":"Options Price","total_label":"Total","options_product_label":"Product Price","fee_label":"Fee","discount_label":"Discount","has_price":true,"has_quantity_formula":false},"mc_unit":1,"tax_rate":1,"tax_rate_real":1,"discount":{"percentage":0,"fixed":0},"design":{"conf":{"LabelPosition":"above","DescPosition":"above","UploadField":"custom_1","QuantityFieldStyle":"custom_1"},"css":{"LeftLabelWidth":"120px"}},"formulas":[],"lookuptables":[],"clones":false,"cartKey":false}},"_links":{"self":[{"href":"https:\/\/canaryvip.com\/sl\/wp-json\/wp\/v2\/product\/8817","targetHints":{"allow":["GET"]}}],"collection":[{"href":"https:\/\/canaryvip.com\/sl\/wp-json\/wp\/v2\/product"}],"about":[{"href":"https:\/\/canaryvip.com\/sl\/wp-json\/wp\/v2\/types\/product"}],"replies":[{"embeddable":true,"href":"https:\/\/canaryvip.com\/sl\/wp-json\/wp\/v2\/comments?post=8817"}],"wp:featuredmedia":[{"embeddable":true,"href":"https:\/\/canaryvip.com\/sl\/wp-json\/wp\/v2\/media\/8819"}],"wp:attachment":[{"href":"https:\/\/canaryvip.com\/sl\/wp-json\/wp\/v2\/media?parent=8817"}],"wp:term":[{"taxonomy":"product_brand","embeddable":true,"href":"https:\/\/canaryvip.com\/sl\/wp-json\/wp\/v2\/product_brand?post=8817"},{"taxonomy":"product_cat","embeddable":true,"href":"https:\/\/canaryvip.com\/sl\/wp-json\/wp\/v2\/product_cat?post=8817"},{"taxonomy":"product_tag","embeddable":true,"href":"https:\/\/canaryvip.com\/sl\/wp-json\/wp\/v2\/product_tag?post=8817"}],"curies":[{"name":"wp","href":"https:\/\/api.w.org\/{rel}","templated":true}]}}