{"id":8688,"date":"2024-01-12T17:20:38","date_gmt":"2024-01-12T16:20:38","guid":{"rendered":"https:\/\/canaryvip.com\/?post_type=product&#038;p=8688"},"modified":"2026-03-06T17:11:19","modified_gmt":"2026-03-06T17:11:19","slug":"loro-parque-tickets","status":"publish","type":"product","link":"https:\/\/canaryvip.com\/sl\/shop\/loro-parque-tickets\/","title":{"rendered":"Kupi Loro Parque Vstopnice"},"content":{"rendered":"<h2>\ud83c\udf05 Loro Parque Vstopnice<\/h2>\n<p>Vstopite v o\u010darljivi svet, ki dobiva <strong>Loro Parque Vstopnice,<\/strong> v Puerto de la Cruzu na severu Tenerifov se nahaja pristani\u0161\u010de z raznolikimi divjimi \u017eivalmi in naravnimi lepotami. Ta priznani park ponuja edinstveno kombinacijo ohranjanja narave, izobra\u017eevanja in zabave, zato je obvezna destinacija za ljubitelje narave in iskalce pustolov\u0161\u010din.<\/p>\n<p>Ob\u010dudujte osupljivo raznolikost \u017eivali, od veli\u010dastnih tigrov do igrivih delfinov, in se potopite v \u010dudovito urejene vrtove in bujna tropska okolja. Na vsakem koraku do\u017eivite vrhunsko pustolov\u0161\u010dino in odkritje ter ustvarite nepozabne spomine za obiskovalce vseh starosti.<\/p>\n<p><strong>Kupi vstopnice za Loro Parque<\/strong> CanaryVIP za enostaven vstop v ta o\u010darljivi \u017eivalski vrt, kjer vas \u010dakajo \u010dudesa narave, ki vas bodo osupnila in navdu\u0161ila. U\u017eivajte v brezhibni izku\u0161nji ter se osredoto\u010dite na vznemirjenje in lepoto, ki ju ponuja Loro Parque.<\/p>\n<h3>\ud83c\udfad \u017divalske predstave, ki si jih morate ogledati<\/h3>\n<p>Z vstopnico CanaryVIP si lahko ogledate znamenite \u017eivalske predstave v Loro Parqueju:<\/p>\n<ul>\n<li><strong>Predstavitev kosmatincev<\/strong>: Spoznajte mo\u010d teh veli\u010dastnih bitij.<\/li>\n<li><strong>Predstava delfinov<\/strong>: Navdu\u0161eni bodite nad igrivimi in inteligentnimi delfini.<\/li>\n<li><strong>Prikaz morskih levov<\/strong>: U\u017eivajte v nor\u010dijah teh o\u010darljivih \u017eivali.<\/li>\n<li><strong>Razstava papig<\/strong>: Presenetijo vas barve in spretnosti razli\u010dnih vrst papig.<\/li>\n<li><strong>Vizija narave<\/strong>: 20-minutno filmsko potovanje v divjino.<\/li>\n<\/ul>\n<h3>\ud83d\udc3e Razi\u0161\u010dite \u010dudesa divjine<\/h3>\n<p>Odpravite se na osupljivo potovanje sredi tajsko navdihnjene oaze.<\/p>\n<p><span style=\"text-decoration: underline;\">Do\u017eivite strahospo\u0161tovanje:<\/span><\/p>\n<ul>\n<li>Sre\u010danje z veli\u010dastnimi jaguarji, levi in tigri<\/li>\n<li>Opazovanje mo\u010di goril in o\u010darljivosti rde\u010dih pand<\/li>\n<li>Ob\u010dudovanje igrivih morskih levov<\/li>\n<li>Ob\u010dudovanje velike raznolikosti ve\u010d kot 400 vrst papig<\/li>\n<li>Potopite se v vodna \u010dudesa akvarijev z morskimi psi in meduzami<\/li>\n<li>navdu\u0161eni nad razstavami pingvinov, delfinov in ork<\/li>\n<\/ul>\n<h4>\ud83d\ude8d Brezpla\u010dni avtobusni prevozi iz ju\u017enega Tenerifa<\/h4>\n<p>U\u017eivajte v na\u0161em enostavnem prevozu iz priljubljenih krajev, kot so Costa Adeje, Playa de las Am\u00e9ricas in Los Cristianos. Po\u010divajte in se navdu\u0161ujte nad prihajajo\u010do pustolov\u0161\u010dino, mi pa bomo poskrbeli, da vas pripeljemo tja. Na\u0161i popolnoma klimatizirani avtobusi zagotavljajo nemoteno in prijetno vo\u017enjo vse do Loro Parque.<\/p>\n<h4>\ud83c\udfab Prilagodljive mo\u017enosti prodaje vstopnic<\/h4>\n<p>Vstopnica za Loro Parque, ki ste jo kupili pri CanaryVIP.com, vam omogo\u010da, da jo obi\u0161\u010dete na kateri koli dan v \u0161estih mesecih od datuma nakupa. U\u017eivajte v svobodi na\u010drtovanja obiska, ki vam ustreza.<\/p>\n<h4>\ud83d\udc6f Posebna dvojna vstopnica: Loro Parque + Siam Park<\/h4>\n<p>Pove\u010dajte svojo pustolov\u0161\u010dino na Tenerifih z na\u0161imi ekskluzivnimi <a href=\"https:\/\/canaryvip.com\/sl\/shop\/twin-ticket-siam-park-and-loro-parque\/\">Ponudba za dvojno vstopnico<\/a>. Do\u017eivite \u010dudesa Loro Parque in Siam Park po zni\u017eani ceni. U\u017eivajte v vznemirljivih vodnih atrakcijah Siam Park in o\u010darljivi lepoti razstav divjih \u017eivali Loro Parque, vse z eno priro\u010dno vstopnico. Dve nepozabni izku\u0161nji, ena neverjetna cena.<\/p>\n<p>Ne zamudite te nepremagljive ponudbe - kupite Twin Ticket \u0161e danes in si ustvarite spomine, ki vam bodo ostali za vse \u017eivljenje!<\/p>\n<h4>\ud83d\udccdlokacija<\/h4>\n<p>Loro Parque se nahaja v slikoviti regiji Puerto de la Cruz na severu Tenerifov. Izbirni prevoz je na voljo z juga ali severa Tenerifov. <a href=\"https:\/\/www.google.com\/maps\/place\/Loro+Parque\/@28.408541,-16.5661227,15z\/data=!4m6!3m5!1s0xc6a7fc6f1bca7a1:0x2d783f66b7a8b668!8m2!3d28.408541!4d-16.5661227!16zL20vMDhmampn?entry=tts\" target=\"_blank\" rel=\"noopener\">Preverite naslov v Google Maps<\/a>.<\/p>\n<h4>\ud83c\udf1f Zakaj kupiti vstopnice na CanaryVIP.com?<\/h4>\n<p>Potopite se v o\u010darljivi svet Loro Parque s storitvijo CanaryVIP, ki je va\u0161a najbolj\u0161a izbira za <strong>kupite vstopnice za Loro Parque.<\/strong>\u00a0Ko se odlo\u010dite za <strong>kupiti vstopnice za Loro Parque<\/strong> S storitvijo CanaryVIP si ne zagotovite le enostavnega postopka rezervacije, temve\u010d tudi pomembno prednost, da presko\u010dite dolge vrste za nakup vstopnic v parku.<\/p>\n<p>Na\u0161e edinstvene ponudbe so neprekosljive, saj zagotavljajo izjemno vrednost in prilagodljivost, da si \u010dudesa Loro Parqueja ogledate po svojem urniku. Od u\u017eivanja v \u017eivahnih \u017eivalskih predstavah do pribli\u017eevanja veli\u010dastnim divjim \u017eivalim ali preprostega u\u017eivanja v osupljivi naravni pokrajini - odlo\u010ditev za <strong>za nakup vstopnic Loro Parque iz<\/strong>m CanaryVIP je va\u0161a vstopnica za brezhibno in nepozabno pustolov\u0161\u010dino v osr\u010dju raja divjih \u017eivali na Tenerifih.<\/p>\n<p><span style=\"text-decoration: underline;\">Rezervirajte svojo pustolov\u0161\u010dino v Loro Parque \u0161e danes!<\/span><\/p>","protected":false},"excerpt":{"rendered":"<p><strong>\ud83d\udd0d Vstopnice za Loro Parque:<\/strong><br \/>\n\u2705 Varno pla\u010dilo.<br \/>\n\ud83d\ude80 Hitri vstop za imetnike prepustnic.<br \/>\n\ud83d\udd59 Odprto od 9:30 do 17:30.<br \/>\n\ud83d\udc2c Dostop do vseh oddaj.<br \/>\n\ud83e\udd11 Zagotovljena najbolj\u0161a cena.<br \/>\n\ud83d\ude8d Avtobusni prevoz na voljo.<br \/>\n\ud83d\udc6a Popusti za skupinske rezervacije.<br \/>\n\ud83d\udd0d Preverite <a href=\"https:\/\/canaryvip.com\/wp-content\/uploads\/2024\/01\/Map_ING_LOROPARQUE.pdf\">Loro Parque Zemljevid<\/a>.<br \/>\n\ud83d\udd01 Do 72h Preklic.<br \/>\n\ud83c\udf0d Podpora v ve\u010d jezikih.<br \/>\n\ud83c\udf1f Rezervirajte zdaj in prihranite!<br \/>\n2\ufe0f\u20e3 Preverite ponudbo <a href=\"https:\/\/canaryvip.com\/sl\/shop\/buy-twin-ticket-siam-park-and-loro-parque\/\">Siam + Loro Parque<\/a>.<br \/>\n\ud83d\udc32 Odkrijte <a href=\"https:\/\/canaryvip.com\/sl\/product-category\/tenerife\/theme-parks-tenerife\/loro-parque-tickets\/\">vse Loro Parque Vstopnice tukaj<\/a>!<br \/>\n\ud83d\udccd Najdi <a href=\"https:\/\/maps.app.goo.gl\/Rt8EAYEVgmkqjJry8\">Loro Parque na Googlovih zemljevidih<\/a>!<\/p>","protected":false},"featured_media":8690,"comment_status":"open","ping_status":"closed","template":"","meta":{"_acf_changed":false},"product_brand":[],"product_cat":[54,56],"product_tag":[],"class_list":{"0":"post-8688","1":"product","2":"type-product","3":"status-publish","4":"has-post-thumbnail","6":"product_cat-theme-parks","7":"product_cat-loro-parque-tickets","8":"wcpa_has_options","10":"first","11":"instock","12":"virtual","13":"purchasable","14":"product-type-simple"},"acf":[],"wcpa_form_fields":{"wcpaData":{"product":{"product_price":44,"price_html":"From&nbsp;<span class=\"woocommerce-Price-amount amount\"><bdi>44,00&nbsp;<span class=\"woocommerce-Price-currencySymbol\">&euro;<\/span><\/bdi><\/span>","original_product_price":44,"price_including_tax":44,"price_excluding_tax":44,"product_id":{"parent":8688,"variation":false},"is_variable":false,"stock_status":"instock","stock_quantity":null,"parent_sku":"CV8688","product_attributes":[],"custom_fields":[],"is_taxable":false,"product_name":"Buy Loro Parque Tickets","hasImage":false},"fields":{"sec_965dc8e939dab8":{"extra":{"key":"sec_965dc8e939dab8","section_id":"sec_965dc8e939dab8","name":"Default","status":1,"cl_rule":"show","enableCl":false,"relations":[],"toggle":true,"title_tag":"h3","show_title":false,"showPrice":"default","form_id":10118,"form_rules":{"exclude_from_discount":true,"fee_label":"Fee","disp_hide_options_price":true,"disp_show_section_price":false,"disp_show_field_price":true,"layout_option":"standard","pric_use_as_fee":false,"process_fee_as":"woo_fee"},"layout_option":"standard"},"fields":[[{"active":true,"col":6,"relations":false,"cl_rule":"show","enableCl":false,"price":"","enablePrice":false,"className":"","label_position":"default","desc_position":"default","type":"radio-group","required":false,"elementId":"radio_9896791015","label":"\ud83c\udf1f Type of Ticket","name":"radio_9896791015","values":[{"label":"Regular Tickets (44\u20ac)","value":"Regular Tickets","selected":false,"tempId":"aco_1071","description":"Regular Admission Tickets.","gt_translate_keys":["label","description"]},{"label":" All Inclusive Tickets (132\u20ac)","value":"All Inclusive Tickets","selected":false,"tempId":"aco_1072","description":"VIP admission with all-inclusive access: entry, Loro Parque cap, Loro Explore experience, reserved VIP seating at shows, and unlimited food and drinks at restaurants (excluding Gambian Market, shops, and bazaars).","gt_translate_keys":["label","description"]}],"layOut":"","error":false,"checkUi":"toggle","options_description":true,"gt_translate_keys":["label"],"price_dependency":false,"cl_dependency":[false,false,false],"value":""}]]},"sec_465dc8e939dadd":{"extra":{"key":"sec_465dc8e939dadd","section_id":"sec_465dc8e939dadd","name":"Loro Parque Regular Tickets","status":1,"cl_rule":"show","enableCl":true,"relations":[{"operator":false,"rules":[{"operator":"AND","rules":{"cl_field":"radio_9896791015","cl_relation":"is","cl_val":"Regular Tickets"}}]}],"toggle":true,"title_tag":"h4","show_title":false,"showPrice":"default","form_id":10118,"form_rules":{"exclude_from_discount":true,"fee_label":"Fee","disp_hide_options_price":true,"disp_show_section_price":false,"disp_show_field_price":true,"layout_option":"standard","pric_use_as_fee":false,"process_fee_as":"woo_fee"},"layout_option":"standard"},"fields":[[{"label":"\ud83d\udcc5 Date","active":true,"required":true,"elementId":"date_165dc8e939daea","picker_type":"custom","picker_mode":"single","placeholder":"","description":"","tooltip":"","name":"date_165dc8e939daea","label_position":"default","desc_position":"default","enablePrice":false,"className":"","enableCl":false,"relations":[{"operator":"and","rules":[{"operator":"AND","rules":{"cl_field":"radio-group_765dc8e939dadb","cl_relation":"is","cl_val":"3 Hour Trip"}}]}],"date_pic_inline":true,"date_pic_inline_hide":true,"min_date":{"type":"days","val":"0"},"max_date":{"type":"days","val":"365"},"date_pic_conf":{"disabledWeeks":[]},"price":"","cl_rule":"show","col":6,"type":"date","error":false,"enableDesign":false,"LabelColor":"","gt_translate_keys":["label","placeholder","description","tooltip"],"price_dependency":false,"cl_dependency":false,"value":""}],[{"elementId":"separator-8941951695","separatorType":"blank","className":"","height":"10","enableCl":false,"relations":false,"cl_rule":"show","col":6,"type":"separator","gt_translate_keys":[],"price_dependency":false,"cl_dependency":false,"value":""}],[{"active":true,"col":6,"relations":false,"cl_rule":"show","enableCl":false,"price":"","enablePrice":false,"className":"","label_position":"default","desc_position":"default","type":"content","required":false,"elementId":"content_1065dc8e939db00","label":"People","name":"content_1065dc8e939db00","contentType":"plain","value":"","error":false,"show_in_checkout":true,"inline":false,"gt_translate_keys":["label","value"],"price_dependency":false,"cl_dependency":false}],[{"active":true,"col":6,"relations":[{"operator":false,"rules":[{"operator":"AND","rules":{"cl_field":"","cl_relation":"","cl_val":""}}]}],"cl_rule":"show","enableCl":true,"price":"44","enablePrice":true,"className":"","label_position":"default","desc_position":"default","type":"radio-group","required":false,"elementId":"radio-group_1065dc8e939db0b","label":"","name":"radio-group_1065dc8e939db0b","values":[{"label":"\ud83d\udc64 Adult (44\u20ac)","value":"Adult (42\u20ac)","selected":true,"tempId":"aco_32","tooltip":"+12 Years","description":"","gt_translate_keys":["label","tooltip","description"]}],"layOut":"","error":false,"checkUi":"button","priceOptions":"fixed_for_all","pricingType":"fixed","enable_quantity":true,"quantity_label":"","min_quantity":"0","options_tooltip":true,"options_description":true,"gt_translate_keys":["label","quantity_label"],"price_dependency":false,"cl_dependency":false,"value":""}],[{"label":"","active":true,"required":false,"elementId":"radio-group_465dc8e939db16","name":"radio-group_465dc8e939db16","label_position":"default","desc_position":"default","enablePrice":true,"className":"","enableCl":false,"relations":false,"enable_quantity":true,"quantity_label":"","min_quantity":"0","checkUi":"button","layOut":"","values":[{"label":"\ud83d\udc66 Child (32\u20ac)","value":"Child","selected":true,"tempId":"aco_32","tooltip":"3-11 Years","description":"","gt_translate_keys":["label","tooltip","description"]}],"priceOptions":"fixed_for_all","pricingType":"fixed","price":"32","cl_rule":"show","col":6,"type":"radio-group","error":false,"options_tooltip":true,"options_description":true,"gt_translate_keys":["label","quantity_label"],"price_dependency":false,"cl_dependency":false,"value":""}],[{"label":"","active":true,"required":false,"elementId":"radio-group_165dc8e939db20","name":"radio-group_165dc8e939db20","label_position":"default","desc_position":"default","enablePrice":true,"className":"","enableCl":false,"relations":false,"enable_quantity":true,"quantity_label":"","min_quantity":"0","checkUi":"button","layOut":"","values":[{"label":"\ud83d\udc76 Toddler (Free)","value":"Toddler (Free)","selected":true,"tempId":"aco_32","tooltip":"0-2 Years","gt_translate_keys":["label","tooltip"]}],"priceOptions":"fixed_for_all","pricingType":"fixed","price":"0","cl_rule":"show","col":6,"type":"radio-group","error":false,"options_tooltip":true,"gt_translate_keys":["label","quantity_label"],"price_dependency":false,"cl_dependency":false,"value":""}]]},"sec_h18121qk243":{"extra":{"key":"sec_h18121qk243","section_id":"sec_h18121qk243","name":"Loro Parque All Inclusive","status":1,"cl_rule":"show","enableCl":true,"relations":[{"operator":false,"rules":[{"operator":"AND","rules":{"cl_field":"radio_9896791015","cl_relation":"is","cl_val":"All Inclusive Tickets"}}]}],"toggle":true,"title_tag":"h4","show_title":false,"showPrice":"default","form_id":10118,"form_rules":{"exclude_from_discount":true,"fee_label":"Fee","disp_hide_options_price":true,"disp_show_section_price":false,"disp_show_field_price":true,"layout_option":"standard","pric_use_as_fee":false,"process_fee_as":"woo_fee"},"layout_option":"standard"},"fields":[[{"label":"\ud83d\udcc5 Date","active":true,"required":true,"elementId":"date-2207631932","picker_type":"custom","picker_mode":"single","placeholder":"","description":"","tooltip":"","name":"date-2207631932","label_position":"default","desc_position":"default","enablePrice":false,"className":"","enableCl":false,"relations":[{"operator":"and","rules":[{"operator":"AND","rules":{"cl_field":"radio-group_765dc8e939dadb","cl_relation":"is","cl_val":"3 Hour Trip"}}]}],"enableDesign":false,"LabelColor":"","date_pic_inline":true,"date_pic_inline_hide":true,"min_date":{"type":"days","val":"4"},"max_date":{"type":"days","val":"365"},"date_pic_conf":{"disabledWeeks":[]},"price":"","cl_rule":"show","col":6,"type":"date","error":false,"gt_translate_keys":["label","placeholder","description","tooltip"],"price_dependency":false,"cl_dependency":false,"value":""}],[{"elementId":"separator-2207641933","separatorType":"blank","className":"","height":"10","enableCl":false,"relations":false,"cl_rule":"show","col":6,"type":"separator","gt_translate_keys":[],"price_dependency":false,"cl_dependency":false,"value":""}],[{"contentType":"plain","active":true,"label":"People","elementId":"content-2207641934","value":"","inline":false,"show_in_checkout":true,"name":"content-2207641934","enablePrice":false,"className":"","enableCl":false,"relations":false,"price":"","cl_rule":"show","col":6,"type":"content","gt_translate_keys":["label","value"],"price_dependency":false,"cl_dependency":false}],[{"label":"","active":true,"required":false,"elementId":"radio-group-2207641935","name":"radio-group-2207641935","label_position":"default","desc_position":"default","enablePrice":true,"className":"","enableCl":true,"relations":[{"operator":false,"rules":[{"operator":"AND","rules":{"cl_field":"","cl_relation":"","cl_val":""}}]}],"enable_quantity":true,"quantity_label":"","min_quantity":"0","checkUi":"button","layOut":"","options_tooltip":true,"options_description":true,"values":[{"label":"\ud83d\udc64 Adult or Child (132\u20ac)","value":"Adult","selected":true,"tempId":"aco_32","tooltip":"Equal pricing for adults and children.","description":"","gt_translate_keys":["label","tooltip","description"]}],"priceOptions":"fixed_for_all","pricingType":"fixed","price":"132","cl_rule":"show","col":6,"type":"radio-group","error":false,"gt_translate_keys":["label","quantity_label"],"price_dependency":false,"cl_dependency":false,"value":""}],[{"label":"","active":true,"required":false,"elementId":"radio-group-2207641937","name":"radio-group-2207641937","label_position":"default","desc_position":"default","enablePrice":true,"className":"","enableCl":false,"relations":false,"enable_quantity":true,"quantity_label":"","min_quantity":"0","checkUi":"button","layOut":"","options_tooltip":true,"values":[{"label":"\ud83d\udc76 Toddler (Free)","value":"Toddler (Free)","selected":true,"tempId":"aco_32","tooltip":"0-1 Years","gt_translate_keys":["label","tooltip"]}],"priceOptions":"fixed_for_all","pricingType":"fixed","price":"0","cl_rule":"show","col":6,"type":"radio-group","error":false,"gt_translate_keys":["label","quantity_label"],"price_dependency":false,"cl_dependency":false,"value":""}]]},"sec_1065dc8e939db8c":{"extra":{"key":"sec_1065dc8e939db8c","section_id":"sec_1065dc8e939db8c","name":"Transfer from South Tenerife?","status":1,"cl_rule":"show","enableCl":true,"relations":[{"operator":false,"rules":[{"operator":"AND","rules":{"cl_field":"radio_9896791015","cl_relation":"is_not_empty","cl_val":""}}]}],"toggle":true,"title_tag":"h4","show_title":false,"showPrice":"default","form_id":10118,"form_rules":{"exclude_from_discount":true,"fee_label":"Fee","disp_hide_options_price":true,"disp_show_section_price":false,"disp_show_field_price":true,"layout_option":"standard","pric_use_as_fee":false,"process_fee_as":"woo_fee"},"layout_option":"standard"},"fields":[[{"active":true,"col":6,"relations":false,"cl_rule":"show","enableCl":false,"price":"","enablePrice":false,"className":"","label_position":"default","desc_position":"default","type":"separator","required":false,"elementId":"separator_465dc8e939db96","label":"Separator Field","height":"10","separatorType":"blank","gt_translate_keys":["label"],"price_dependency":false,"cl_dependency":false,"value":""}],[{"active":true,"col":6,"relations":false,"cl_rule":"show","enableCl":false,"price":"","enablePrice":false,"className":"","label_position":"default","desc_position":"default","type":"checkbox-group","required":false,"elementId":"checkbox-group_565dc8e939dba0","label":"","name":"checkbox-group_565dc8e939dba0","values":[{"label":"Transfer from South Tenerife?","value":"Transfer from South Tenerife?","selected":false,"tempId":"aco_4311","description":"Need transport to Loro Parque from South Tenerife? Book our daily pickup from Costa Adeje and Los Cristianos. For Alcal\u00e1, Abama & Los Gigantes: pickup only on Mon, Wed, Thu & Sat. From Golf del Sur: only on Tue & Fri.","gt_translate_keys":["label","description"]}],"options_description":true,"error":false,"layOut":"","checkUi":"toggle","gt_translate_keys":["label"],"price_dependency":false,"cl_dependency":["radio-group_965dc8e939dbaa","radio-group_565dc8e939dbb4","radio-group_065dc8e939dbbe","text_2798566491"],"value":""}],[{"label":"","active":true,"required":false,"elementId":"radio-group_965dc8e939dbaa","name":"radio-group_965dc8e939dbaa","label_position":"default","desc_position":"default","enablePrice":true,"className":"","enableCl":true,"relations":[{"operator":false,"rules":[{"operator":"AND","rules":{"cl_field":"checkbox-group_565dc8e939dba0","cl_relation":"is_not_empty","cl_val":""}}]}],"enable_quantity":true,"quantity_label":"","min_quantity":"0","checkUi":"button","layOut":"","options_tooltip":true,"values":[{"label":"\ud83d\udc64 Adult (21\u20ac)","value":"Adult","selected":true,"tempId":"aco_32","tooltip":"+12 Years","gt_translate_keys":["label","tooltip"]}],"priceOptions":"fixed_for_all","pricingType":"fixed","price":"21","cl_rule":"show","col":6,"type":"radio-group","error":false,"gt_translate_keys":["label","quantity_label"],"price_dependency":false,"cl_dependency":false,"value":""}],[{"label":"","active":true,"required":false,"elementId":"radio-group_565dc8e939dbb4","name":"radio-group_565dc8e939dbb4","label_position":"default","desc_position":"default","enablePrice":true,"className":"","enableCl":true,"relations":[{"operator":false,"rules":[{"operator":"AND","rules":{"cl_field":"checkbox-group_565dc8e939dba0","cl_relation":"is_not_empty","cl_val":""}}]}],"enable_quantity":true,"quantity_label":"","min_quantity":"0","checkUi":"button","layOut":"","options_tooltip":true,"values":[{"label":"\ud83d\udc66 Child (17\u20ac)","value":"Child","selected":true,"tempId":"aco_32","tooltip":"2-11 Years","gt_translate_keys":["label","tooltip"]}],"priceOptions":"fixed_for_all","pricingType":"fixed","price":"17","cl_rule":"show","col":6,"type":"radio-group","error":false,"gt_translate_keys":["label","quantity_label"],"price_dependency":false,"cl_dependency":false,"value":""}],[{"label":"","active":true,"required":false,"elementId":"radio-group_065dc8e939dbbe","name":"radio-group_065dc8e939dbbe","label_position":"default","desc_position":"default","enablePrice":true,"className":"","enableCl":true,"relations":[{"operator":false,"rules":[{"operator":"AND","rules":{"cl_field":"checkbox-group_565dc8e939dba0","cl_relation":"is_not_empty","cl_val":""}}]}],"enable_quantity":true,"quantity_label":"","min_quantity":"0","checkUi":"button","layOut":"","options_tooltip":true,"values":[{"label":"\ud83d\udc76 Infant (Free)","value":"Infant (Free)","selected":true,"tempId":"aco_32","tooltip":"0-1 Years","gt_translate_keys":["label","tooltip"]}],"priceOptions":"fixed_for_all","pricingType":"fixed","price":"0","cl_rule":"show","col":6,"type":"radio-group","error":false,"gt_translate_keys":["label","quantity_label"],"price_dependency":false,"cl_dependency":false,"value":""}],[{"active":true,"col":6,"relations":[{"operator":false,"rules":[{"operator":"AND","rules":{"cl_field":"checkbox-group_565dc8e939dba0","cl_relation":"is_not_empty","cl_val":""}}]}],"cl_rule":"show","enableCl":true,"price":"","enablePrice":false,"className":"","label_position":"default","desc_position":"default","type":"text","subtype":"text","required":false,"elementId":"text_2798566491","label":"\ud83d\ude8c Pickup Location","name":"text_2798566491","value":"","error":false,"description":"Pick-up service in South Tenerife. Simply provide your address or hotel name.","gt_translate_keys":["label","description","value"],"price_dependency":false,"cl_dependency":false}]]}},"config":{"price_override":"if_gt_zero","enable_recaptcha":false,"bind_quantity":false,"quantity_bind_formula":false,"disp_summ_show_option_price":true,"disp_summ_show_product_price":false,"disp_summ_show_total_price":true,"disp_summ_show_fee":true,"disp_summ_show_discount":true,"summary_title":"","options_total_label":"Options Price","total_label":"Total Amount","options_product_label":"Product Price","fee_label":"Fee","discount_label":"Discount","has_price":true,"has_quantity_formula":false},"mc_unit":1,"tax_rate":1,"tax_rate_real":1,"discount":{"percentage":0,"fixed":0},"design":{"conf":{"LabelPosition":"above","DescPosition":"above","UploadField":"custom_1","QuantityFieldStyle":"custom_1"},"css":{"LeftLabelWidth":"120px"}},"formulas":[],"lookuptables":[],"clones":false,"cartKey":false}},"_links":{"self":[{"href":"https:\/\/canaryvip.com\/sl\/wp-json\/wp\/v2\/product\/8688","targetHints":{"allow":["GET"]}}],"collection":[{"href":"https:\/\/canaryvip.com\/sl\/wp-json\/wp\/v2\/product"}],"about":[{"href":"https:\/\/canaryvip.com\/sl\/wp-json\/wp\/v2\/types\/product"}],"replies":[{"embeddable":true,"href":"https:\/\/canaryvip.com\/sl\/wp-json\/wp\/v2\/comments?post=8688"}],"wp:featuredmedia":[{"embeddable":true,"href":"https:\/\/canaryvip.com\/sl\/wp-json\/wp\/v2\/media\/8690"}],"wp:attachment":[{"href":"https:\/\/canaryvip.com\/sl\/wp-json\/wp\/v2\/media?parent=8688"}],"wp:term":[{"taxonomy":"product_brand","embeddable":true,"href":"https:\/\/canaryvip.com\/sl\/wp-json\/wp\/v2\/product_brand?post=8688"},{"taxonomy":"product_cat","embeddable":true,"href":"https:\/\/canaryvip.com\/sl\/wp-json\/wp\/v2\/product_cat?post=8688"},{"taxonomy":"product_tag","embeddable":true,"href":"https:\/\/canaryvip.com\/sl\/wp-json\/wp\/v2\/product_tag?post=8688"}],"curies":[{"name":"wp","href":"https:\/\/api.w.org\/{rel}","templated":true}]}}