{"id":15796,"date":"2025-09-01T21:32:54","date_gmt":"2025-09-01T20:32:54","guid":{"rendered":"https:\/\/canaryvip.com\/?post_type=product&#038;p=15796"},"modified":"2025-12-09T16:40:27","modified_gmt":"2025-12-09T16:40:27","slug":"royal-ocean-private-yacht-tenerife","status":"publish","type":"product","link":"https:\/\/canaryvip.com\/sl\/shop\/royal-ocean-private-yacht-tenerife\/","title":{"rendered":"Royal Ocean Zasebna jahta Tenerife"},"content":{"rendered":"<h2><strong>\ud83c\udf0a Royal Ocean Private Yacht Charter na Tenerifih<\/strong><\/h2>\n<p>Vstopite na krov <strong>Royal Ocean<\/strong>, eleganten <strong>Princess 440 Flybridge jahte<\/strong> meri 14 metrov, in se odpravi na spektakularno <a href=\"https:\/\/canaryvip.com\/sl\/tenerife\/boat-hire-tenerife\/\">charter v Tenerife<\/a>. To vrhunsko do\u017eivetje zdru\u017euje eleganco, udobje in pustolov\u0161\u010dino, zato je popolna izbira za romanti\u010dni pobeg, dru\u017einski izlet ali praznovanje s prijatelji.<\/p>\n<p>Na kri\u017earjenju ob ju\u017eni obali Tenerifov, ki jo pred vetrovi \u0161\u010ditijo veli\u010dastne gore, boste u\u017eivali v mirnem morju, soncu skoraj vse leto in najbolj\u0161em opazovanju morskega \u017eivljenja na Kanarskih otokih.<\/p>\n<h3>\u2b50\ufe0f <strong>Neprimerljivo udobje in gurmanske izku\u0161nje<\/strong><\/h3>\n<p><span style=\"text-decoration: underline;\"><strong>Zakaj je ta najem jahte na Tenerifih resni\u010dno poseben:<\/strong><\/span><\/p>\n<ul>\n<li>Prostoren <strong>Princess 440 Flybridge<\/strong> z dol\u017eino 14 metrov, notranjim salonom, mosti\u010dkom in prostori za son\u010denje za do 10 gostov.<\/li>\n<li>Vrhunska kulinari\u010dna izku\u0161nja: jedi, ki jih pripravi kuhar, kanarske specialitete in sve\u017ee dobrote.<\/li>\n<li>Neomejeno \u0161tevilo pija\u010d, vklju\u010dno s cavo, koktajli in brezalkoholnimi pija\u010dami.<\/li>\n<li>Na voljo so luksuzni prevozi z minibusom Mercedes za najve\u010d 8 potnikov.<\/li>\n<\/ul>\n<h3>\ud83d\udd52 <strong>Prilagodljive mo\u017enosti zasebne listine<\/strong><\/h3>\n<p>Izberite pot in trajanje, ki najbolj ustrezata va\u0161im na\u010drtom:<\/p>\n<ul>\n<li><strong>3-4 ure Los Cristianos Itinerarij<\/strong>: Opazujte kite in delfine, preden se odpravite vzdol\u017e ju\u017ene obale. Zasidrajte se v skritem zalivu v bli\u017eini Los Cristianosa ali Rumene gore in se kopajte, potapljajte in veslajte, na krovu pa so vam na voljo tapasi, sve\u017ee sadje in pija\u010da.<\/li>\n<li><strong>5-6 ur Puertito Itinerarij<\/strong>: Podalj\u0161ajte svojo pustolov\u0161\u010dino z ve\u010d \u010dasa na morju. Po opazovanju morskega \u017eivljenja na poti do zaliva Puertito u\u017eivajte v gurmanskih prigrizkih z jamonom, siri in lososom. Pred raziskovanjem drugega osamljenega zaliva se kopajte, potapljajte ali sprostite.<\/li>\n<li><strong>7-8 ur Los Gigantes Itinerarij<\/strong>: Najvi\u0161ja mo\u017enost \u010darterja na Tenerifih. Kri\u017earite proti visokim pe\u010dinam Los Gigantes, se zasidrajte v zalivu Masca in u\u017eivajte v potapljanju, veslanju in polnem meniju za kosilo. Na poti ob\u010dudujte jame, skrite pla\u017ee in dih jemajo\u010de razglede na Teide.<\/li>\n<li><strong>Zasebno kri\u017earjenje ob son\u010dnem zahodu<\/strong>: Romanti\u010dno ve\u010derno do\u017eivetje. Opazujte son\u010dni zahod nad Atlantikom in u\u017eivajte v kavi, koktajlih in prigrizkih, ki jih je pripravil kuharski mojster. Kot nala\u0161\u010d za zaroke, obletnice ali preprosto za u\u017eivanje v najbolj \u010darobnih razgledih na Tenerifih.<\/li>\n<\/ul>\n<h4>\ud83d\udc2c <strong>Opazovanje kitov pod zastavo Barco Azul<\/strong><\/h4>\n<p>Spletna stran <strong>Royal Ocean<\/strong> ponosno jadra pod uradnim <em>Barco Azul<\/em> licenco, ki zagotavlja eti\u010dno in trajnostno opazovanje kitov in delfinov. S stopnjo uspe\u0161nosti 99% boste verjetno vse leto naleteli na kite pilotke in delfine, v dolo\u010denih obdobjih leta pa tudi na selitvene vrste.<\/p>\n<h3>\u2705 <strong>Poudarki zasebnega najema jahte na Tenerifih<\/strong><\/h3>\n<ul>\n<li>Prilagojene poti in prilagodljivi urniki, oblikovani glede na va\u0161e \u017eelje.<\/li>\n<li>Vrhunska oprema na krovu, vklju\u010dno z deskami SUP, opremo za potapljanje in prostornimi po\u010divalniki.<\/li>\n<li>Strokovna posadka zagotavlja varnost, udobje in pozorno postre\u017ebo med potovanjem.<\/li>\n<li>Nepozaben razgled na Teide, klife Los Cristianos, zaliv Masca in ju\u017eno obalo Tenerifov.<\/li>\n<\/ul>\n<h4>\ud83c\udf89 <strong>Kot nala\u0161\u010d za dogodke in posebna praznovanja<\/strong><\/h4>\n<p>Listina o registraciji <strong>Royal Ocean<\/strong> ni le jadranje, temve\u010d tudi izjemen na\u010din praznovanja najve\u010djih \u017eivljenjskih trenutkov. Ne glede na to, ali gre za rojstni dan, predlog za poroko, medene tedne, fantov\u0161\u010dino ali dekli\u0161\u010dino ali obletnico, ta mo\u017enost najema jahte na Tenerifih ustvarja spomine, ki ostanejo za vse \u017eivljenje. Gostje lahko u\u017eivajo v restavraciji, luksuznih pija\u010dah in osupljivi kulisi Atlantskega oceana.<\/p>\n<p>Po dogovoru lahko na plovilo povabite tudi profesionalnega fotografa, ki bo ujel vsak trenutek.<\/p>\n<h4>\ud83d\ude90 <strong>Brezhibni prenosi<\/strong><\/h4>\n<p>Za ve\u010dje udobje vam Royal Ocean ponuja luksuzni prevoz z minibusom Mercedes za skupine do 8 oseb, ki vas pripelje neposredno v marino.<\/p>\n<h4>\ud83d\udcdc <strong>Pravila rezervacij in odpovedi<\/strong><\/h4>\n<ul>\n<li><strong>Prilagodljive odpovedi:<\/strong> Brezpla\u010dna odpoved do 4 dni pred kraj\u0161imi izleti (3-4 ure). Za dalj\u0161e prevoze (5-8 ur) je odpoved do 6 dni vnaprej brezpla\u010dna. \u010ce se ne pojavite, denarja ni mogo\u010de povrniti.<\/li>\n<li>Vsaj 48 ur pred odhodom nas obvestite o prehranskih zahtevah, da bomo lahko pripravili prilagojen meni.<\/li>\n<\/ul>\n<h4>\ud83d\udd53 <strong>Enostavno vkrcanje<\/strong><\/h4>\n<ul>\n<li>Odhod iz Marina del Sur, Las Galletas.<\/li>\n<li>Na zbirno mesto pridite 15 minut pred odhodom, da bo vkrcanje potekalo nemoteno.<\/li>\n<\/ul>\n<p>Pri CanaryVIP vam omogo\u010damo enostaven najem \u010dolna na Tenerifih in najbolj ekskluzivna do\u017eivetja na otoku. S podjetjem Royal Ocean boste odkrili, zakaj je najem jahte na Tenerifih eden najbolj nepozabnih na\u010dinov raziskovanja Atlantskega oceana.<\/p>\n<p>\ud83c\udf1f Rezervirajte <strong>Royal Ocean Zasebna listina jaht<\/strong> \u0161e danes in spremenite po\u010ditnice na Tenerifih v luksuzno morsko pustolov\u0161\u010dino.<\/p>","protected":false},"excerpt":{"rendered":"<p><span>\ud83d\udd0d <\/span><strong>Kraljeva oceanska jahta:<\/strong><br \/>\n<span>\u2705 Varno pla\u010dilo.<br \/>\n<\/span>\ud83d\udc65 Skupni izleti.<br \/>\n<span>\ud83d\udd10 Zasebni izleti.<\/span><br \/>\n<span>\ud83d\udee5\ufe0f 14 meter Yacht.<\/span><br \/>\n<span>\u23f3 Dnevni izleti od 3 do 8 ur.<\/span><br \/>\n<span>\ud83d\udd59 Prilagodljivi \u010dasi odhoda.<\/span><br \/>\n<span>\ud83c\udf74 Vklju\u010dena je prehrana in pija\u010da.<\/span><br \/>\n<span>\ud83d\udc65 Do 10 gostov.<\/span><br \/>\n<span>\ud83c\udfc4\u200d\u2640\ufe0f Vklju\u010dena je deska za veslanje.<\/span><br \/>\n<span>\ud83e\udd3f Oprema za potapljanje je na voljo.<\/span><br \/>\n<span>\ud83d\udd0a Predvajajte glasbo.<\/span><br \/>\n<span>\ud83d\ude97 Vklju\u010dena je storitev prevoza.<\/span><br \/>\n<span>\ud83e\udd11 Zagotovljena najbolj\u0161a cena.<\/span><br \/>\n<span>\ud83d\udc6a Aktivirani popusti.<\/span><br \/>\n<span>\ud83d\udd01 Do 4 dni odpovedi.<\/span><br \/>\n<span>\ud83c\udf0d Ve\u010djezi\u010dna posadka.<\/span><br \/>\n<span>\ud83c\udf1f Rezervirajte zgodaj in prihranite!<\/span><br \/>\n<span>\ud83d\udccd Odhod iz\u00a0<\/span><a href=\"https:\/\/www.google.com\/maps\/place\/Marina+del+Sur+Tenerife.+Puerto+de+Las+Galletas.\/@28.0069667,-16.6636839,16z\/data=!3m1!4b1!4m6!3m5!1s0xc6aa271048d957b:0x66913daf70f663b3!8m2!3d28.006962!4d-16.661109!16s%2Fg%2F1tfzyr98?entry=tts\">Las Galletas<\/a><span>.<\/span><\/p>","protected":false},"featured_media":15937,"comment_status":"open","ping_status":"closed","template":"","meta":{"_acf_changed":false},"product_brand":[],"product_cat":[47,46],"product_tag":[],"class_list":{"0":"post-15796","1":"product","2":"type-product","3":"status-publish","4":"has-post-thumbnail","6":"product_cat-boat-hire-tenerife","7":"product_cat-boat-excursions","8":"wcpa_has_options","10":"first","11":"instock","12":"virtual","13":"purchasable","14":"product-type-simple"},"acf":[],"wcpa_form_fields":{"wcpaData":{"product":{"product_price":750,"price_html":"From&nbsp;<span class=\"woocommerce-Price-amount amount\"><bdi>750,00&nbsp;<span class=\"woocommerce-Price-currencySymbol\">&euro;<\/span><\/bdi><\/span>","original_product_price":750,"price_including_tax":750,"price_excluding_tax":750,"product_id":{"parent":15796,"variation":false},"is_variable":false,"stock_status":"instock","stock_quantity":null,"parent_sku":"CV15796","product_attributes":[],"custom_fields":[],"is_taxable":false,"product_name":"Royal Ocean Private Yacht Tenerife","hasImage":false},"fields":{"sec_868cd7750f2713":{"extra":{"key":"sec_868cd7750f2713","section_id":"sec_868cd7750f2713","name":"Default","status":1,"cl_rule":"show","enableCl":false,"relations":[],"toggle":true,"title_tag":"h3","show_title":false,"showPrice":"default","form_id":15949,"form_rules":{"exclude_from_discount":true,"fee_label":"Fee","disp_hide_options_price":true,"disp_show_section_price":false,"disp_show_field_price":true,"layout_option":"standard","pric_use_as_fee":false,"process_fee_as":"woo_fee"},"layout_option":"standard"},"fields":[[{"active":true,"col":6,"relations":[{"operator":false,"rules":[{"operator":"AND","rules":{"cl_field":"","cl_relation":"","cl_val":""}}]}],"cl_rule":"show","enableCl":false,"price":"","enablePrice":false,"className":"","label_position":"default","desc_position":"default","type":"radio-group","required":true,"elementId":"radio-group_1068cd7750f2744","label":"\u231b\ufe0f Trip Duration","name":"radio-group_1068cd7750f2744","values":[{"label":"3 Hour Shared Trip (86\u20ac)","value":"3 Hour Trip","selected":false,"tempId":"aco_32","description":"Whale and dolphin sightings. Includes food and drinks. Daily at Different Hours.","gt_translate_keys":["label","description"]},{"label":"Private Charter (From 750\u20ac)","value":"Private Charter (From 670\u20ac)","selected":false,"tempId":"aco_33","description":"Explore Tenerife\u2019s coast on a luxury yacht. Private charters include drinks, tapas, swim stops, whale watching and flexible routes from 3\u20138 hours.","gt_translate_keys":["label","description"]}],"layOut":"","error":false,"checkUi":"toggle","enableDesign":false,"scrollBar":false,"description":"","other":false,"options_description":true,"show_selected_option":false,"isWeightTemplate":false,"isTemplate":false,"min_quantity":"1","quantity_decimal":false,"quantity_step":"1","quantity_label":"Quantity","repeater_field_label":"{field_label}","repeater_bind":"","gt_translate_keys":["label","description","repeater_field_label","quantity_label"],"price_dependency":false,"cl_dependency":[false,false],"value":""}]]},"sec_468cd7750f2746":{"extra":{"key":"sec_468cd7750f2746","section_id":"sec_468cd7750f2746","name":"3H Shared Trip","status":1,"cl_rule":"show","enableCl":true,"relations":[{"operator":false,"rules":[{"operator":"AND","rules":{"cl_field":"radio-group_1068cd7750f2744","cl_relation":"is","cl_val":"3 Hour Trip"}}]}],"toggle":true,"title_tag":"h4","show_title":false,"showPrice":"default","form_id":15949,"form_rules":{"exclude_from_discount":true,"fee_label":"Fee","disp_hide_options_price":true,"disp_show_section_price":false,"disp_show_field_price":true,"layout_option":"standard","pric_use_as_fee":false,"process_fee_as":"woo_fee"},"layout_option":"standard"},"fields":[[{"label":"\ud83d\udcc5 Date","active":true,"required":true,"elementId":"date_268cd7750f2754","picker_type":"custom","picker_mode":"single","placeholder":"","description":"","tooltip":"","name":"date_268cd7750f2754","label_position":"default","desc_position":"default","enablePrice":false,"className":"","enableCl":false,"relations":[{"operator":"and","rules":[{"operator":"AND","rules":{"cl_field":"radio-group_1068cd7750f2744","cl_relation":"is","cl_val":"3 Hour Trip"}}]}],"enableDesign":false,"LabelColor":"","date_pic_inline":true,"date_pic_inline_hide":true,"min_date":{"type":"days","val":"2"},"max_date":{"type":"days","val":"365"},"date_pic_conf":{"disabledWeeks":[],"disabledDates":["2025-09-19","2025-09-21","2025-09-23","2025-09-29","2025-10-07","2025-10-12","2025-10-13","2025-10-19","2025-10-20"]},"price":"","cl_rule":"show","col":6,"type":"date","error":false,"date_conf_custom":{},"isWeightTemplate":false,"isTemplate":false,"min_quantity":"1","quantity_decimal":false,"quantity_step":"1","quantity_label":"Quantity","repeater_field_label":"{field_label}","repeater_bind":"","gt_translate_keys":["label","placeholder","description","tooltip","repeater_field_label","quantity_label"],"price_dependency":false,"cl_dependency":false,"value":""}],[{"label":"\u23f0 Departure","active":true,"required":true,"elementId":"select_1068cd7750f275f","dropdown_type":"basic","name":"select_1068cd7750f275f","label_position":"default","desc_position":"default","enablePrice":false,"className":"","enableCl":false,"relations":[{"operator":false,"rules":[{"operator":"AND","rules":{"cl_field":"date_268cd7750f2754","cl_relation":"week_day_is","cl_val":[1]}}]}],"values":[{"label":"10:00","value":"10:00","selected":false,"tempId":"aco_2695","options_cl":true,"relations":[],"cl_rule":"show","gt_translate_keys":["label"]},{"label":"14:00","value":"14:00","selected":false,"tempId":"aco_2696","options_cl":true,"relations":[],"cl_rule":"show","gt_translate_keys":["label"]}],"price":"","cl_rule":"show","col":6,"type":"select","error":false,"placeholder":"Select Departure Time","isWeightTemplate":false,"isTemplate":false,"min_quantity":"1","quantity_decimal":false,"quantity_step":"1","quantity_label":"Quantity","repeater_field_label":"{field_label}","repeater_bind":"","gt_translate_keys":["label","placeholder","repeater_field_label","quantity_label"],"price_dependency":false,"cl_dependency":false,"value":""}],[{"active":true,"col":6,"relations":false,"cl_rule":"show","enableCl":false,"price":"","enablePrice":false,"className":"","label_position":"default","desc_position":"default","type":"content","required":false,"elementId":"content_268cd7750f277e","label":"People","name":"content_268cd7750f277e","contentType":"plain","value":"","error":false,"show_in_checkout":true,"inline":false,"gt_translate_keys":["label","value"],"price_dependency":false,"cl_dependency":false}],[{"active":true,"col":6,"relations":[{"operator":false,"rules":[{"operator":"AND","rules":{"cl_field":"","cl_relation":"","cl_val":""}}]}],"cl_rule":"show","enableCl":false,"price":"89","enablePrice":true,"className":"","label_position":"default","desc_position":"default","type":"radio-group","required":false,"elementId":"radio-group_868cd7750f2789","label":"","name":"radio-group_868cd7750f2789","values":[{"label":"\ud83d\udc64 Adult (89\u20ac)","value":"Adult","selected":true,"tempId":"aco_32","tooltip":"+12 Years","description":"","gt_translate_keys":["label","tooltip","description"]}],"layOut":"","error":false,"checkUi":"button","priceOptions":"fixed_for_all","pricingType":"fixed","enable_quantity":true,"quantity_label":"","min_quantity":"0","options_tooltip":true,"options_description":true,"is_show_price":false,"isWeightTemplate":false,"isTemplate":false,"quantity_decimal":false,"quantity_step":"1","repeater_field_label":"{field_label}","repeater_bind":"","gt_translate_keys":["label","repeater_field_label","quantity_label"],"price_dependency":false,"cl_dependency":false,"value":""}],[{"label":"","active":true,"required":false,"elementId":"radio-group_568cd7750f2794","name":"radio-group_568cd7750f2794","label_position":"default","desc_position":"default","enablePrice":true,"className":"","enableCl":false,"relations":false,"enable_quantity":true,"quantity_label":"","min_quantity":"0","checkUi":"button","layOut":"","values":[{"label":"\ud83d\udc66 Child (66\u20ac)","value":"Child","selected":true,"tempId":"aco_32","tooltip":"3-11 Years","description":"","gt_translate_keys":["label","tooltip","description"]}],"priceOptions":"fixed_for_all","pricingType":"fixed","price":"66","cl_rule":"show","col":6,"type":"radio-group","error":false,"options_tooltip":true,"options_description":true,"is_show_price":false,"isWeightTemplate":false,"isTemplate":false,"quantity_decimal":false,"quantity_step":"1","repeater_field_label":"{field_label}","repeater_bind":"","gt_translate_keys":["label","repeater_field_label","quantity_label"],"price_dependency":false,"cl_dependency":false,"value":""}]]},"sec_1068cd7750f27a0":{"extra":{"key":"sec_1068cd7750f27a0","section_id":"sec_1068cd7750f27a0","name":"Private Charter","status":1,"cl_rule":"show","enableCl":true,"relations":[{"operator":false,"rules":[{"operator":"AND","rules":{"cl_field":"radio-group_1068cd7750f2744","cl_relation":"is","cl_val":"Private Charter (From 670\u20ac)"}}]}],"toggle":true,"title_tag":"h4","show_title":false,"showPrice":"default","form_id":15949,"form_rules":{"exclude_from_discount":true,"fee_label":"Fee","disp_hide_options_price":true,"disp_show_section_price":false,"disp_show_field_price":true,"layout_option":"standard","pric_use_as_fee":false,"process_fee_as":"woo_fee"},"layout_option":"standard"},"fields":[[{"label":"\ud83d\udcc5 Date","active":true,"required":true,"elementId":"date-4966732090","picker_type":"custom","picker_mode":"single","placeholder":"","description":"","tooltip":"","name":"date-4966732090","label_position":"default","desc_position":"default","enablePrice":false,"className":"","enableCl":false,"relations":[{"operator":"and","rules":[{"operator":"AND","rules":{"cl_field":"radio-group_1068cd7750f2744","cl_relation":"is","cl_val":"3 Hour Trip"}}]}],"repeater_bind":"","repeater_field_label":"{field_label}","enableDesign":false,"LabelColor":"","quantity_label":"Quantity","quantity_step":"1","quantity_decimal":false,"min_quantity":"1","date_pic_inline":true,"date_pic_inline_hide":true,"min_date":{"type":"days","val":"1"},"max_date":{"type":"days","val":"365"},"date_pic_conf":{"disabledWeeks":[],"disabledDates":["2025-09-19","2025-09-21","2025-09-23","2025-09-29","2025-10-07","2025-10-12","2025-10-13","2025-10-19","2025-10-20"]},"date_conf_custom":{},"isTemplate":false,"price":"","isWeightTemplate":false,"cl_rule":"show","col":6,"type":"date","error":false,"gt_translate_keys":["label","placeholder","description","tooltip","repeater_field_label","quantity_label"],"price_dependency":false,"cl_dependency":false,"value":""}],[{"label":"\u23f0 Departure","active":true,"required":true,"elementId":"select_068cd7750f27b3","dropdown_type":"basic","placeholder":"Select Departure Time","name":"select_068cd7750f27b3","label_position":"default","desc_position":"default","enablePrice":false,"className":"","enableCl":false,"relations":[{"operator":false,"rules":[{"operator":"AND","rules":{"cl_field":"date_268cd7750f2754","cl_relation":"week_day_is","cl_val":[1]}}]}],"values":[{"label":"10:00","value":"10:00","selected":false,"tempId":"aco_2696","gt_translate_keys":["label"]},{"label":"14:00","value":"14:00","selected":false,"tempId":"aco_2457","gt_translate_keys":["label"]},{"label":"18:00","value":"18:00","selected":false,"tempId":"aco_91","gt_translate_keys":["label"]}],"price":"","cl_rule":"show","col":6,"type":"select","error":false,"isWeightTemplate":false,"isTemplate":false,"min_quantity":"1","quantity_decimal":false,"quantity_step":"1","quantity_label":"Quantity","repeater_field_label":"{field_label}","repeater_bind":"","gt_translate_keys":["label","placeholder","repeater_field_label","quantity_label"],"price_dependency":false,"cl_dependency":false,"value":""}],[{"label":"\ud83d\udc65 Amount of People","active":true,"required":true,"elementId":"select_1068cd7750f27bc","dropdown_type":"basic","placeholder":"Select Departure Time","name":"select_1068cd7750f27bc","label_position":"default","desc_position":"default","enablePrice":false,"className":"","enableCl":false,"relations":[{"operator":false,"rules":[{"operator":"AND","rules":{"cl_field":"date_268cd7750f2754","cl_relation":"week_day_is","cl_val":[1]}}]}],"values":[{"label":"1 Person","value":"1 Person","selected":false,"tempId":"aco_2695","gt_translate_keys":["label"]},{"label":"2 People","value":"2 People","selected":false,"tempId":"aco_2696","gt_translate_keys":["label"]},{"label":"3 People","value":"3 People","selected":false,"tempId":"aco_3399","gt_translate_keys":["label"]},{"label":"4 People","value":"4 People","selected":false,"tempId":"aco_3409","gt_translate_keys":["label"]},{"label":"5 People","value":"5 People","selected":false,"tempId":"aco_3519","gt_translate_keys":["label"]},{"label":"6 People","value":"6 People","selected":false,"tempId":"aco_3529","gt_translate_keys":["label"]},{"label":"7 People","value":"7 People","selected":false,"tempId":"aco_3557","gt_translate_keys":["label"]},{"label":"8 People","value":"8 People","selected":false,"tempId":"aco_3594","gt_translate_keys":["label"]},{"label":"9 People","value":"9 People","selected":false,"tempId":"aco_3604","gt_translate_keys":["label"]},{"label":"10 People","value":"10 People","selected":false,"tempId":"aco_3722","gt_translate_keys":["label"]}],"price":"","cl_rule":"show","col":6,"type":"select","error":false,"isWeightTemplate":false,"isTemplate":false,"min_quantity":"1","quantity_decimal":false,"quantity_step":"1","quantity_label":"Quantity","repeater_field_label":"{field_label}","repeater_bind":"","gt_translate_keys":["label","placeholder","repeater_field_label","quantity_label"],"price_dependency":false,"cl_dependency":false,"value":""}],[{"active":true,"col":6,"relations":false,"cl_rule":"show","enableCl":false,"price":"","enablePrice":true,"className":"","label_position":"default","desc_position":"default","type":"select","required":false,"elementId":"select_668cd7750f27c5","label":"\u231b\ufe0f Charter Duration (From 750\u20ac)","name":"select_668cd7750f27c5","values":[{"label":"3 Hours (750\u20ac)","value":"3","selected":false,"tempId":"aco_3241","price":"750","gt_translate_keys":["label"]},{"label":"4 Hours (880\u20ac)","value":"4","selected":false,"tempId":"aco_349","price":"880","gt_translate_keys":["label"]},{"label":"5 Hours (1.050\u20ac)","value":"5","selected":false,"tempId":"aco_2139","price":"1050","gt_translate_keys":["label"]},{"label":"6 Hours (1.230\u20ac)","value":"6","selected":false,"tempId":"aco_2149","price":"1230","gt_translate_keys":["label"]},{"label":"7 Hours (1.400\u20ac)","value":"7","selected":false,"tempId":"aco_1706","price":"1400","gt_translate_keys":["label"]},{"label":"8 Hours (1.570\u20ac)","value":"8","selected":false,"tempId":"aco_2393","price":"1570","gt_translate_keys":["label"]}],"dropdown_type":"basic","error":false,"placeholder":"Select Duration Time","priceOptions":"different_for_all","pricingType":"fixed","is_show_price":false,"isWeightTemplate":false,"isTemplate":false,"min_quantity":"1","quantity_decimal":false,"quantity_step":"1","quantity_label":"Quantity","repeater_field_label":"{field_label}","repeater_bind":"","gt_translate_keys":["label","placeholder","repeater_field_label","quantity_label"],"price_dependency":false,"cl_dependency":false,"value":""}],[{"active":true,"col":6,"relations":false,"cl_rule":"show","enableCl":false,"price":"","enablePrice":false,"className":"","label_position":"default","desc_position":"default","type":"separator","required":false,"elementId":"separator_768cd7750f27d0","label":"Separator Field","height":"3","separatorType":"blank","error":false,"gt_translate_keys":["label"],"price_dependency":false,"cl_dependency":false,"value":""}]]}},"config":{"price_override":"always","enable_recaptcha":false,"bind_quantity":false,"quantity_bind_formula":false,"disp_summ_show_option_price":true,"disp_summ_show_product_price":false,"disp_summ_show_total_price":true,"disp_summ_show_fee":true,"disp_summ_show_discount":true,"summary_title":"","options_total_label":"Options Price","total_label":"Total Amount Now","options_product_label":"Product Price","fee_label":"Fee","discount_label":"Discount","has_price":true,"has_quantity_formula":false},"mc_unit":1,"tax_rate":1,"tax_rate_real":1,"discount":{"percentage":0,"fixed":0},"design":{"conf":{"LabelPosition":"above","DescPosition":"above","UploadField":"custom_1","QuantityFieldStyle":"custom_1"},"css":{"LeftLabelWidth":"120px"}},"formulas":{"fmla_1708364241278155361":"(({field.select_668cd7750f27c5.value}>=8)?(335.50):(({field.select_668cd7750f27c5.value}>=6)?(269):(({field.select_668cd7750f27c5.value}>=5)?(252.50):(({field.select_668cd7750f27c5.value}>=4)?(282.50):(({field.select_668cd7750f27c5.value}>=3)?(193.50):(0))))))","fmla_1741607919311571987":"(({field.select_668cd7750f27c5.value}>=8)?(1334.50):(({field.select_668cd7750f27c5.value}>=6)?(1071):(({field.select_668cd7750f27c5.value}>=5)?(977.50):(({field.select_668cd7750f27c5.value}>=4)?(807.50):(({field.select_668cd7750f27c5.value}>=3)?(756.50):(0))))))"},"lookuptables":[],"clones":false,"cartKey":false}},"_links":{"self":[{"href":"https:\/\/canaryvip.com\/sl\/wp-json\/wp\/v2\/product\/15796","targetHints":{"allow":["GET"]}}],"collection":[{"href":"https:\/\/canaryvip.com\/sl\/wp-json\/wp\/v2\/product"}],"about":[{"href":"https:\/\/canaryvip.com\/sl\/wp-json\/wp\/v2\/types\/product"}],"replies":[{"embeddable":true,"href":"https:\/\/canaryvip.com\/sl\/wp-json\/wp\/v2\/comments?post=15796"}],"wp:featuredmedia":[{"embeddable":true,"href":"https:\/\/canaryvip.com\/sl\/wp-json\/wp\/v2\/media\/15937"}],"wp:attachment":[{"href":"https:\/\/canaryvip.com\/sl\/wp-json\/wp\/v2\/media?parent=15796"}],"wp:term":[{"taxonomy":"product_brand","embeddable":true,"href":"https:\/\/canaryvip.com\/sl\/wp-json\/wp\/v2\/product_brand?post=15796"},{"taxonomy":"product_cat","embeddable":true,"href":"https:\/\/canaryvip.com\/sl\/wp-json\/wp\/v2\/product_cat?post=15796"},{"taxonomy":"product_tag","embeddable":true,"href":"https:\/\/canaryvip.com\/sl\/wp-json\/wp\/v2\/product_tag?post=15796"}],"curies":[{"name":"wp","href":"https:\/\/api.w.org\/{rel}","templated":true}]}}