{"id":15724,"date":"2025-08-24T11:35:32","date_gmt":"2025-08-24T10:35:32","guid":{"rendered":"https:\/\/canaryvip.com\/?post_type=product&#038;p=15724"},"modified":"2025-09-06T09:56:39","modified_gmt":"2025-09-06T08:56:39","slug":"neptuno-yacht-charter-tenerife","status":"publish","type":"product","link":"https:\/\/canaryvip.com\/sl\/shop\/neptuno-yacht-charter-tenerife\/","title":{"rendered":"Neptuno Yacht Charter Tenerife"},"content":{"rendered":"<h2>\ud83d\udee5\ufe0f Neptuno Yacht Charter Tenerife<\/h2>\n<p>Na spletni strani <strong>CanaryVIP<\/strong> vam ponujamo prilo\u017enost, da u\u017eivate v ekskluzivni pustolov\u0161\u010dini na krovu <strong>Jahta Neptuno,<\/strong> ena od redkih zasebnih jaht na Tenerifih z licenco za <strong>opazovanje kitov in delfinov.<\/strong> Z zmogljivostjo za do <strong>22 potnikov,<\/strong> ta jahta je redka mo\u017enost na Tenerifih, kjer je ve\u010dina zasebnih plovil omejena na 12 oseb. To je popolna izbira za ve\u010dje skupine, ki si \u017eelijo deliti nepozaben dan na morju.<\/p>\n<p>Jahta ima <strong>dve odprti palubi,<\/strong> majhen notranji salon in strani\u0161\u010de za va\u0161e udobje. Neptun je bil prvotno zgrajen leta 1973 in v celoti prenovljen leta 2018 ter zdru\u017euje brez\u010dasen dizajn s sodobnimi posodobitvami za edinstveno in spro\u0161\u010deno vzdu\u0161je.<\/p>\n<h3>\ud83c\udf0a Zasebni \u010darterji od 3 do 8 ur<\/h3>\n<p>Izberite dol\u017eino zasebnega \u010darterja v skladu s svojimi na\u010drti:<\/p>\n<ul>\n<li><strong>3 ure:<\/strong> Kratko, a popolno do\u017eivetje z opazovanjem kitov in delfinov, plavanjem in potapljanjem v \u010dudovitih zalivih.<\/li>\n<li><strong>4-5 ur:<\/strong> Ve\u010d \u010dasa za sprostitev, son\u010denje in raziskovanje ju\u017ene obale ter ve\u010d mo\u017enosti za opazovanje divjih \u017eivali.<\/li>\n<li><strong>6-7 ur:<\/strong> Celodnevna pustolov\u0161\u010dina z dalj\u0161imi postanki je kot nala\u0161\u010d za praznovanje posebnih prilo\u017enosti z dru\u017eino ali prijatelji.<\/li>\n<li><strong>8 ur:<\/strong> Vrhunska zasebna \u010darterska jahta na Tenerifih, ki ponuja celodnevno izku\u0161njo odkrivanja skritih zalivov in u\u017eivanja v oceanu v lastnem ritmu.<\/li>\n<\/ul>\n<h3>\ud83d\udc2c Opazovanje kitov in delfinov<\/h3>\n<p>Eden od vrhuncev Neptuno Yacht je uradna licenca za opazovanje kitov in delfinov. Odhod iz <strong>Puerto de Los Cristianos<\/strong> (Izletni\u0161ki pomol, cona B), vas jahta popelje na obmo\u010dja, kjer vse leto \u017eivijo pilotski kiti in delfini. Tenerife velja za eno najbolj\u0161ih destinacij na svetu za to dejavnost, do\u017eivetje na zasebni jahti pa je \u0161e bolj posebno.<\/p>\n<h3>\ud83c\udf7d\ufe0f Hrana in pija\u010da na krovu<\/h3>\n<p>U\u017eivajte v sve\u017ee pripravljenih obrokih, sadju in izbrani pija\u010di, vklju\u010dno z vodo, brezalkoholnimi pija\u010dami, pivom, vinom in cavo.<\/p>\n<p>Med potovanjem so na voljo osve\u017eilne pija\u010de, ki poskrbijo za udobje vseh potnikov.<\/p>\n<h3>\ud83c\udfa3 Dejavnosti in dodatki<\/h3>\n<ul>\n<li>Za postanke za plavanje je na voljo oprema za potapljanje.<\/li>\n<li>Ribolovne palice so na voljo na zahtevo.<\/li>\n<li>Na krovu je veliko prostora za son\u010denje, sprostitev in praznovanje.<\/li>\n<\/ul>\n<h3>\ud83d\udccd Neptuno Yacht Podrobnosti<\/h3>\n<ul>\n<li><strong>Dol\u017eina:<\/strong> 13 metrov<\/li>\n<li><strong>Najve\u010dja zmogljivost:<\/strong> 22 potnikov<\/li>\n<\/ul>\n<h3>\ud83d\udcbc Kaj s seboj<\/h3>\n<ul>\n<li>Za\u0161\u010dita pred soncem, son\u010dna o\u010dala, brisa\u010da in fotoaparat za fotografiranje divjih \u017eivali in razgledov.<\/li>\n<li>V hladnej\u0161ih mesecih je priporo\u010dljiva lahka jakna.<\/li>\n<\/ul>\n<h3>\ud83d\udccb Pravila odpovedi<\/h3>\n<p>Razumemo, da se na\u010drti lahko spremenijo. Tukaj so pogoji odpovedi za Neptuno Yacht:<\/p>\n<ul>\n<li><strong>Zasebni \u010darterji:<\/strong> Za vra\u010dilo celotne kupnine prekli\u010dite rezervacijo ve\u010d kot 7 dni pred odhodom. Za odpovedi v roku 7 dni ali neudele\u017ebo ni povra\u010dila.<\/li>\n<li><strong>Slabo vreme:<\/strong> \u010ce kapitan meni, da so razmere nevarne, vam bo ponudil prestavitev ali vra\u010dilo celotne kupnine.<\/li>\n<li><strong>Zgodnji izkupi\u010dek:<\/strong> Izletov, skraj\u0161anih na zahtevo gosta (npr. zaradi morske bolezni), se ne vra\u010da.<\/li>\n<\/ul>\n<h3>\ud83c\udf89 Zakaj rezervirati Neptuno Yacht z CanaryVIP<\/h3>\n<ul>\n<li><strong>Licenca za opazovanje kitov in delfinov:<\/strong> Ena od redkih zasebnih jaht na Tenerifih, ki se lahko pribli\u017eajo tem neverjetnim \u017eivalim.<\/li>\n<li><strong>Prostor za velike skupine:<\/strong> Licenca za do 22 gostov je kot nala\u0161\u010d za rojstne dneve, poslovne dogodke ali dru\u017einska sre\u010danja.<\/li>\n<li><strong>Odli\u010dna vrednost:<\/strong> Udobno <a href=\"https:\/\/canaryvip.com\/sl\/tenerife\/yacht-tenerife\/\">jahta Tenerife<\/a> mo\u017enost s hrano, pija\u010do in izku\u0161eno lokalno posadko.<\/li>\n<\/ul>\n<h3>\ud83d\udccc Zaklju\u010dne misli<\/h3>\n<p>Spletna stran <strong>Neptuno Yacht Charter Tenerife<\/strong> je ve\u010d kot le najem \u010dolna. To so va\u0161a vrata za opazovanje kitov, sre\u010danja z delfini, plavanje in sprostitev s prijatelji ali dru\u017eino v popolni zasebnosti. S \u010darterji od 3 do 8 ur, prilagodljivo ponudbo in zmogljivostjo za 22 gostov je to eden najbolj\u0161ih na\u010dinov za <a href=\"https:\/\/canaryvip.com\/sl\/tenerife\/rent-a-boat-tenerife\/\">najem \u010dolna na Tenerifih<\/a> samozavestno in s stilom.<\/p>\n<p>Rezervirajte \u0161e danes z <strong>CanaryVIP<\/strong> in u\u017eivajte v resni\u010dno edinstveni izku\u0161nji zasebne jahte na Atlantiku.<\/p>","protected":false},"excerpt":{"rendered":"<p><strong>\ud83d\udd0d Neptuno Yacht Tenerife:<\/strong><br \/>\n\u2705 Varno pla\u010dilo.<br \/>\n\ud83d\udd10 Zasebni izleti na voljo<br \/>\n\ud83d\udc0b Opazovanje kitov in delfinov.<br \/>\n\ud83d\ude80 Dnevni ogledi<br \/>\n\ud83c\udf05 Na voljo so ogledi ob son\u010dnem zahodu.<br \/>\n\ud83e\uddc3 Vklju\u010dena hrana in pija\u010da.<br \/>\n\ud83d\udc65 Do 22 oseb.<br \/>\n\ud83d\udebd Strani\u0161\u010de na krovu.<br \/>\n\ud83e\udd3f Oprema za potapljanje je na voljo.<br \/>\n\ud83e\udd11 Zagotovljena najbolj\u0161a cena.<br \/>\n\ud83d\udc6a Aktivirani popusti.<br \/>\n\ud83d\udd01 Do 5 dni odpovedi.<br \/>\n\ud83c\udf0d Ve\u010djezi\u010dni vodniki.<br \/>\n\ud83c\udf1f Rezervirajte zdaj in prihranite!<br \/>\n\ud83d\udccd Odhod iz <a href=\"https:\/\/maps.app.goo.gl\/HatmLZkFA7oLCfX57\">Los Cristianos<\/a>.<\/p>","protected":false},"featured_media":15725,"comment_status":"open","ping_status":"closed","template":"","meta":{"_acf_changed":false},"product_brand":[],"product_cat":[47],"product_tag":[],"class_list":{"0":"post-15724","1":"product","2":"type-product","3":"status-publish","4":"has-post-thumbnail","6":"product_cat-boat-hire-tenerife","7":"wcpa_has_options","9":"first","10":"instock","11":"sale","12":"virtual","13":"purchasable","14":"product-type-simple"},"acf":[],"wcpa_form_fields":{"wcpaData":{"product":{"product_price":765,"price_html":"From&nbsp;<del aria-hidden=\"true\"><span class=\"woocommerce-Price-amount amount\"><bdi>900,00&nbsp;<span class=\"woocommerce-Price-currencySymbol\">&euro;<\/span><\/bdi><\/span><\/del> <span class=\"screen-reader-text\">Prvotna cena je bila: 900,00&nbsp;&euro;.<\/span><ins aria-hidden=\"true\"><span class=\"woocommerce-Price-amount amount\"><bdi>765,00&nbsp;<span class=\"woocommerce-Price-currencySymbol\">&euro;<\/span><\/bdi><\/span><\/ins><span class=\"screen-reader-text\">Trenutna cena je: 765,00&nbsp;&euro;.<\/span>","original_product_price":900,"price_including_tax":765,"price_excluding_tax":765,"product_id":{"parent":15724,"variation":false},"is_variable":false,"stock_status":"instock","stock_quantity":null,"parent_sku":"CV15724","product_attributes":[],"custom_fields":[],"is_taxable":false,"product_name":"Neptuno Yacht Charter Tenerife","hasImage":false},"fields":{"sec_068b85c6eaafb2":{"extra":{"key":"sec_068b85c6eaafb2","section_id":"sec_068b85c6eaafb2","name":"Private Charter","status":1,"cl_rule":"show","enableCl":false,"relations":[{"operator":false,"rules":[{"operator":"AND","rules":{"cl_field":"radio-group_768b85c6eaaf46","cl_relation":"is","cl_val":"Private Charter"}}]}],"toggle":true,"title_tag":"h4","show_title":false,"showPrice":"default","repeater_section_field_label":"{field_label}","repeater_section_label":"{section_name}","repeater_bind":"","form_id":15819,"form_rules":{"exclude_from_discount":true,"fee_label":"Fee","disp_hide_options_price":true,"disp_show_section_price":false,"disp_show_field_price":true,"layout_option":"standard","pric_use_as_fee":false,"process_fee_as":"woo_fee"},"layout_option":"standard"},"fields":[[{"label":"\ud83d\udcc5 Date","active":true,"required":true,"elementId":"date_368b85c6eaafbc","picker_type":"custom","picker_mode":"single","placeholder":"","description":"","tooltip":"","name":"date_368b85c6eaafbc","label_position":"default","desc_position":"default","enablePrice":false,"className":"","enableCl":false,"relations":[{"operator":"and","rules":[{"operator":"AND","rules":{"cl_field":"radio-group_367e16bf8dd4f5","cl_relation":"is","cl_val":"3 Hour Trip"}}]}],"enableDesign":false,"LabelColor":"","date_pic_inline":true,"date_pic_inline_hide":true,"min_date":{"type":"days","val":"2"},"max_date":{"type":"days","val":"365"},"date_pic_conf":{"disabledWeeks":[]},"price":"","cl_rule":"show","col":6,"type":"date","error":false,"isWeightTemplate":false,"isTemplate":false,"min_quantity":"1","quantity_decimal":false,"quantity_step":"1","quantity_label":"Quantity","repeater_field_label":"{field_label}","repeater_bind":"","gt_translate_keys":["label","placeholder","description","tooltip","repeater_field_label","quantity_label"],"price_dependency":false,"cl_dependency":false,"value":""}],[{"active":true,"col":6,"relations":false,"cl_rule":"show","enableCl":false,"price":"","enablePrice":true,"className":"","label_position":"default","desc_position":"default","type":"select","required":false,"elementId":"select_668b85c6eaafc6","label":"\u231b\ufe0f Charter Duration (From 765\u20ac)","name":"select_668b85c6eaafc6","values":[{"label":"3 Hours (From 765\u20ac)","value":"3","selected":false,"tempId":"aco_3241","price":"765","options_cl":false,"relations":[{"operator":false,"rules":[{"operator":"AND","rules":{"cl_field":"","cl_relation":"","cl_val":""}}]}],"cl_rule":"show","gt_translate_keys":["label"]},{"label":"4 Hours (From 985\u20ac)","value":"4","selected":false,"tempId":"aco_2149","price":"985","gt_translate_keys":["label"]},{"label":"5 Hours (From 1.225\u20ac)","value":"5","selected":false,"tempId":"aco_468","price":"1225","gt_translate_keys":["label"]},{"label":"6 Hours (From 1.465\u20ac)","value":"6","selected":false,"tempId":"aco_505","price":"1465","gt_translate_keys":["label"]},{"label":"7 Hours (From 1.700\u20ac)","value":"7","selected":false,"tempId":"aco_542","price":"1700","gt_translate_keys":["label"]},{"label":"8 Hours (From 1.960\u20ac)","value":"8","selected":false,"tempId":"aco_579","price":"1960","gt_translate_keys":["label"]}],"dropdown_type":"basic","error":false,"placeholder":"Select Duration Time","priceOptions":"different_for_all","pricingType":"fixed","is_show_price":false,"isWeightTemplate":false,"isTemplate":false,"min_quantity":"1","quantity_decimal":false,"quantity_step":"1","quantity_label":"Quantity","repeater_field_label":"{field_label}","repeater_bind":"","gt_translate_keys":["label","placeholder","repeater_field_label","quantity_label"],"price_dependency":false,"cl_dependency":false,"value":""}],[{"label":"\u23f0 Departure","active":true,"required":true,"elementId":"select_468b85c6eaafd0","dropdown_type":"basic","placeholder":"Select Departure Time","name":"select_468b85c6eaafd0","label_position":"default","desc_position":"default","enablePrice":true,"className":"","enableCl":false,"relations":[{"operator":false,"rules":[{"operator":"AND","rules":{"cl_field":"date_367e16bf8dd504","cl_relation":"week_day_is","cl_val":[1]}}]}],"values":[{"label":"9:30","value":"9:30","selected":false,"tempId":"aco_2695","price":"0","gt_translate_keys":["label"]},{"label":"12:30","value":"12:30","selected":false,"tempId":"aco_2329","price":"0","gt_translate_keys":["label"]},{"label":"15:30","value":"15:30","selected":false,"tempId":"aco_2457","price":"0","gt_translate_keys":["label"]},{"label":"17:00","value":"17:00","selected":false,"tempId":"aco_19","price":"100","gt_translate_keys":["label"]}],"price":"","cl_rule":"show","col":6,"type":"select","error":false,"priceOptions":"different_for_all","pricingType":"fixed","is_show_price":true,"isWeightTemplate":false,"isTemplate":false,"min_quantity":"1","quantity_decimal":false,"quantity_step":"1","quantity_label":"Quantity","repeater_field_label":"{field_label}","repeater_bind":"","gt_translate_keys":["label","placeholder","repeater_field_label","quantity_label"],"price_dependency":false,"cl_dependency":false,"value":""}],[{"active":true,"col":6,"relations":false,"cl_rule":"show","enableCl":false,"price":"","enablePrice":true,"className":"","label_position":"default","desc_position":"default","type":"select","required":false,"elementId":"select_3142719928","label":"\ud83d\udc65 Amount of People","name":"select_3142719928","values":[{"label":"1 Person","value":"1 Person","selected":false,"tempId":"aco_1169","options_cl":false,"relations":[{"operator":false,"rules":[{"operator":"AND","rules":{"cl_field":"","cl_relation":"","cl_val":""}}]}],"cl_rule":"show","gt_translate_keys":["label"]},{"label":"2 People","value":"2 People","selected":false,"tempId":"aco_1170","gt_translate_keys":["label"]},{"label":"3 People","value":"3 People","selected":false,"tempId":"aco_1171","gt_translate_keys":["label"]},{"label":"4 People","value":"4 People","selected":false,"tempId":"aco_1397","gt_translate_keys":["label"]},{"label":"5 People (+20\u20ac)","value":"5 People","selected":false,"tempId":"aco_2351","price":"20","gt_translate_keys":["label"]},{"label":"6 People (+30\u20ac)","value":"6 People","selected":false,"tempId":"aco_1461","price":"30","gt_translate_keys":["label"]},{"label":"7 People (+40\u20ac)","value":"7 People","selected":false,"tempId":"aco_1507","price":"40","gt_translate_keys":["label"]},{"label":"8 People (+50\u20ac)","value":"8 People","selected":false,"tempId":"aco_1553","price":"50","gt_translate_keys":["label"]},{"label":"9 People (+60\u20ac)","value":"9 People","selected":false,"tempId":"aco_1563","price":"60","gt_translate_keys":["label"]},{"label":"10 People (+70\u20ac)","value":"10 People","selected":false,"tempId":"aco_1573","price":"70","gt_translate_keys":["label"]},{"label":"11 People (+80\u20ac)","value":"11 People","selected":false,"tempId":"aco_1583","price":"80","gt_translate_keys":["label"]},{"label":"12 People (+90\u20ac)","value":"12 People","selected":false,"tempId":"aco_1746","price":"90","gt_translate_keys":["label"]},{"label":"13 People (+100\u20ac)","value":"13 People","selected":false,"tempId":"aco_1756","price":"100","gt_translate_keys":["label"]},{"label":"14 People (+110\u20ac)","value":"14 People","selected":false,"tempId":"aco_1766","price":"110","gt_translate_keys":["label"]},{"label":"15 People (+120\u20ac)","value":"15 People","selected":false,"tempId":"aco_1911","price":"120","gt_translate_keys":["label"]},{"label":"16 People (+130\u20ac)","value":"16 People","selected":false,"tempId":"aco_1957","price":"130","gt_translate_keys":["label"]},{"label":"17 People (+140\u20ac)","value":"17 People","selected":false,"tempId":"aco_2003","price":"140","gt_translate_keys":["label"]},{"label":"18 People (+150\u20ac)","value":"18 People","selected":false,"tempId":"aco_2049","price":"150","gt_translate_keys":["label"]},{"label":"19 People (+160\u20ac)","value":"19 People","selected":false,"tempId":"aco_2113","price":"160","gt_translate_keys":["label"]},{"label":"20 People (+170\u20ac)","value":"20 People","selected":false,"tempId":"aco_2159","price":"170","gt_translate_keys":["label"]},{"label":"21 People (+180\u20ac)","value":"21 People","selected":false,"tempId":"aco_2205","price":"180","gt_translate_keys":["label"]},{"label":"22 People (+190\u20ac)","value":"22 People","selected":false,"tempId":"aco_2269","price":"190","gt_translate_keys":["label"]}],"isWeightTemplate":false,"error":false,"isTemplate":false,"min_quantity":"1","quantity_decimal":false,"quantity_step":"1","quantity_label":"Quantity","repeater_field_label":"{field_label}","repeater_bind":"","dropdown_type":"basic","priceOptions":"different_for_all","pricingType":"fixed","is_show_price":false,"gt_translate_keys":["label","repeater_field_label","quantity_label"],"price_dependency":false,"cl_dependency":false,"value":""}],[{"active":true,"col":6,"relations":false,"cl_rule":"show","enableCl":false,"price":"","enablePrice":false,"className":"","label_position":"default","desc_position":"default","type":"separator","required":false,"elementId":"separator_368b85c6eaafe4","label":"Separator Field","height":"3","separatorType":"blank","error":false,"gt_translate_keys":["label"],"price_dependency":false,"cl_dependency":false,"value":""}],[{"active":true,"col":6,"relations":[{"operator":false,"rules":[{"operator":"AND","rules":{"cl_field":"","cl_relation":"","cl_val":""}}]}],"cl_rule":"show","enableCl":false,"price":"","enablePrice":false,"className":"","label_position":"default","desc_position":"default","type":"content","required":false,"elementId":"content_1542895609","label":"","name":"content_1542895609","contentType":"rich","value":"<p>Please note that any tour that remains on the water after 17:00 will have an additional cost of \u20ac100, to be paid directly on the boat.<\/p>","isTemplate":false,"error":false,"enableDesign":true,"DescColor":"#0042ff","show_in_checkout":true,"gt_translate_keys":["label","value"],"price_dependency":false,"cl_dependency":false}]]}},"config":{"price_override":"always","enable_recaptcha":false,"bind_quantity":false,"quantity_bind_formula":false,"disp_summ_show_option_price":true,"disp_summ_show_product_price":false,"disp_summ_show_total_price":true,"disp_summ_show_fee":true,"disp_summ_show_discount":true,"summary_title":"","options_total_label":"Options Price","total_label":"Total Amount Now","options_product_label":"Product Price","fee_label":"Fee","discount_label":"Discount","has_price":true,"has_quantity_formula":false},"mc_unit":1,"tax_rate":1,"tax_rate_real":1,"discount":{"percentage":0,"fixed":0},"design":{"conf":{"LabelPosition":"above","DescPosition":"above","UploadField":"custom_1","QuantityFieldStyle":"custom_1"},"css":{"LeftLabelWidth":"120px"}},"formulas":{"fmla_1708364241278155361":"(({field.select_668b85c6eaafc6.value}>=4)?(150+({field.number_268b85c6eaafd9.value}*5)):(({field.select_668b85c6eaafc6.value}>=3)?(100+({field.number_268b85c6eaafd9.value}*5)):(0)))","fmla_1742826688120818082":"(({field.select_668b85c6eaafc6.value}>=4)?(1500+{field.select_468b85c6eaafd0.price}):(({field.select_668b85c6eaafc6.value}>=3)?(750+{field.select_468b85c6eaafd0.price}):(0)))"},"lookuptables":[],"clones":false,"cartKey":false}},"_links":{"self":[{"href":"https:\/\/canaryvip.com\/sl\/wp-json\/wp\/v2\/product\/15724","targetHints":{"allow":["GET"]}}],"collection":[{"href":"https:\/\/canaryvip.com\/sl\/wp-json\/wp\/v2\/product"}],"about":[{"href":"https:\/\/canaryvip.com\/sl\/wp-json\/wp\/v2\/types\/product"}],"replies":[{"embeddable":true,"href":"https:\/\/canaryvip.com\/sl\/wp-json\/wp\/v2\/comments?post=15724"}],"wp:featuredmedia":[{"embeddable":true,"href":"https:\/\/canaryvip.com\/sl\/wp-json\/wp\/v2\/media\/15725"}],"wp:attachment":[{"href":"https:\/\/canaryvip.com\/sl\/wp-json\/wp\/v2\/media?parent=15724"}],"wp:term":[{"taxonomy":"product_brand","embeddable":true,"href":"https:\/\/canaryvip.com\/sl\/wp-json\/wp\/v2\/product_brand?post=15724"},{"taxonomy":"product_cat","embeddable":true,"href":"https:\/\/canaryvip.com\/sl\/wp-json\/wp\/v2\/product_cat?post=15724"},{"taxonomy":"product_tag","embeddable":true,"href":"https:\/\/canaryvip.com\/sl\/wp-json\/wp\/v2\/product_tag?post=15724"}],"curies":[{"name":"wp","href":"https:\/\/api.w.org\/{rel}","templated":true}]}}