{"id":15386,"date":"2025-08-07T14:09:56","date_gmt":"2025-08-07T13:09:56","guid":{"rendered":"https:\/\/canaryvip.com\/?post_type=product&#038;p=15386"},"modified":"2025-08-09T13:45:20","modified_gmt":"2025-08-09T12:45:20","slug":"crazy-ufo-twister-tenerife","status":"publish","type":"product","link":"https:\/\/canaryvip.com\/sl\/shop\/crazy-ufo-twister-tenerife\/","title":{"rendered":"Nori UFO in twister Tenerife"},"content":{"rendered":"<h2><strong>\ud83d\ude80 Noro NLP Tenerife - Hitra zabava na vodi<\/strong><\/h2>\n<p>I\u0161\u010dete divjo vo\u017enjo? Sko\u010dite na <strong>Nori UFO Tenerife<\/strong> in se pripravite na intenzivno me\u0161anico hitrosti, brizganja in \u010distega adrenalina. To je eden najbolj vznemirljivih <strong>vodni \u0161porti na Tenerifih<\/strong>, kot nala\u0161\u010d za dru\u017eine, pare ali skupine prijateljev, ki i\u0161\u010dejo nekaj nepozabnega v Costa Adeje.<\/p>\n<h3><strong>\ud83c\udf0a Odhod iz Puerto Col\u00f3n<\/strong><\/h3>\n<ul>\n<li><strong>Enostaven dostop:<\/strong> Va\u0161a pustolov\u0161\u010dina se za\u010dne <a href=\"https:\/\/maps.app.goo.gl\/bkqEhAxsobcjz9wG9\" target=\"_blank\" rel=\"noopener\">Puerto Col\u00f3n<\/a>, eno najbolj priljubljenih pristani\u0161\u010d na jugu Tenerifov. Do njega je lahko priti, obkro\u017eeno pa je z odli\u010dnim vzdu\u0161jem na pla\u017ei.<\/li>\n<li><strong>Hitra informacija:<\/strong> Pred vo\u017enjo vas bo izku\u0161eno osebje seznanilo z varnostnimi navodili in se prepri\u010dalo, da je vse pripravljeno za varno in zabavno izku\u0161njo.<\/li>\n<\/ul>\n<h3><strong>\u2728 Zakaj izbrati noro vo\u017enjo z NLP na Tenerifih?<\/strong><\/h3>\n<ul>\n<li><strong>Intenzivni adrenalin:<\/strong> To ni le obi\u010dajna napihljiva vo\u017enja. Crazy UFO se vrti, drsi in ska\u010de \u010dez valove tako, da se boste smejali in kri\u010dali hkrati.<\/li>\n<li><strong>Kot nala\u0161\u010d za vsakogar:<\/strong> Ni treba biti profesionalec. Ne glede na to, ali je to va\u0161a prva ali deseta vodna aktivnost, je ta vo\u017enja varna in zabavna za vse ravni spretnosti - od za\u010detnikov do iskalcev vznemirjenja.<\/li>\n<li><strong>Osupljivi razgledi:<\/strong> Med letenjem \u010dez ocean si vzemite \u010das in ob\u010dudujte \u010dudovito obalo Playa de las Am\u00e9ricas in lesketajo\u010de se vode Atlantika.<\/li>\n<\/ul>\n<h3><strong>\ud83d\udcb6 Odli\u010dna vrednost za kratko, a intenzivno vo\u017enjo<\/strong><\/h3>\n<ul>\n<li><strong>Trajanje:<\/strong> Celotna 15-minutna akcijska vo\u017enja polna napetosti.<\/li>\n<li><strong>Ugodna cena:<\/strong> Zabavna in cenovno ugodna mo\u017enost za tiste, ki \u017eelijo preizkusiti razburljivo <strong>vodne aktivnosti na Tenerifih<\/strong> ne da bi porabili veliko denarja.<\/li>\n<li><strong>Na voljo so fotografije:<\/strong> Ne pozabite si ogledati fotografij svoje vo\u017enje, ki so na voljo za nakup - \u017eeleli boste dokaz o teh divjih obrazih!<\/li>\n<\/ul>\n<h3><strong>\u2696\ufe0f Prilagodljive rezervacije in odpovedi<\/strong><\/h3>\n<ul>\n<li><strong>Enostavna rezervacija:<\/strong> Pri CanaryVIP poskrbimo, da je rezervacija vo\u017enje z norim NLP nemotena in hitra. Izberite datum in si zagotovite mesto.<\/li>\n<li><strong>Brezpla\u010dna odpoved:<\/strong> So se na\u010drti spremenili? Ni problema. Rezervacijo lahko prekli\u010dete do 24 ur pred dejavnostjo in dobite celotno nadomestilo. Brez stresa, brez skrbi.<\/li>\n<\/ul>\n<h3><strong>\u2705 Kaj je vklju\u010deno v noro vo\u017enjo UFO Tenerife?<\/strong><\/h3>\n<ul>\n<li>Re\u0161ilni jopi\u010di in varnostna oprema za vse udele\u017eence.<\/li>\n<li>15 minut hitre akcije na napihljivem modelu Crazy UFO.<\/li>\n<li>Strokovno in prijazno osebje, ki poskrbi za varno in zabavno pre\u017eivljanje \u010dasa.<\/li>\n<li>Po \u017eelji posnemite fotografije vo\u017enje, da ohranite \u017eive spomine.<\/li>\n<\/ul>\n<h3><strong>\ud83c\udfaf Zakaj rezervirati z CanaryVIP?<\/strong><\/h3>\n<ul>\n<li>Sodelujemo z najbolje ocenjenimi podjetji za vodne \u0161porte na Tenerifih in vam nudimo le najbolj\u0161a in najvarnej\u0161a do\u017eivetja.<\/li>\n<li>Sede\u017e imamo na Tenerifih, kjer vam lahko pomagamo z lokalnimi nasveti pred rezervacijo in po njej.<\/li>\n<li>To lahko kombinirate z drugimi <strong>vodne aktivnosti na Tenerifih<\/strong> kot je . <a href=\"https:\/\/canaryvip.com\/sl\/shop\/jetski-tenerife\/\">vo\u017enje z vodnimi skuterji<\/a>, <a href=\"https:\/\/canaryvip.com\/sl\/shop\/parasailing-tenerife\/\">parasailing<\/a> ali <a href=\"https:\/\/canaryvip.com\/sl\/tenerife\/boat-excursions\/\">izleti z ladjo<\/a>-vse na istem obmo\u010dju!<\/li>\n<\/ul>\n<h3><strong>\ud83c\udf92 Kaj je treba prinesti s seboj<\/strong><\/h3>\n<ul>\n<li><strong>Kopalke:<\/strong> Namo\u010dili se boste! Pridite oble\u010deni v vodo in pripravljeni na zabavo.<\/li>\n<li><strong>Za\u0161\u010dita pred soncem:<\/strong> Vzemite s seboj kremo za son\u010denje, zlasti ob son\u010dnih dnevih.<\/li>\n<li><strong>Zapustite dragocenosti:<\/strong> V pristani\u0161\u010du so na voljo varna skladi\u0161\u010da, kjer lahko med vo\u017enjo pustite svoje stvari.<\/li>\n<\/ul>\n<h3>\u2753 <strong>Pogosto zastavljena vpra\u0161anja<\/strong><\/h3>\n<ul>\n<li><strong>Ali je norec UFO varen?<\/strong> Absolutno. Varnost je najpomembnej\u0161a prednostna naloga. Vo\u017enjo nadzorujejo usposobljeni strokovnjaki, vsi udele\u017eenci pa nosijo re\u0161ilne jopi\u010de.<\/li>\n<li><strong>Ali moram znati plavati?<\/strong> Plavalne izku\u0161nje niso potrebne. Ves \u010das boste nosili re\u0161ilni jopi\u010d.<\/li>\n<li><strong>Katera je najni\u017eja starost?<\/strong> Obi\u010dajno lahko vozijo tudi otroci od 10. leta starosti, vendar se pred rezervacijo pozanimajte, \u010de niste prepri\u010dani.<\/li>\n<\/ul>\n<h4><strong>\ud83c\udf1e Pripravite se na kri\u010danje, smeh in pljuskanje!<\/strong><\/h4>\n<p>Ne zamudite enega najbolj zabavnih <strong>vodni \u0161porti na Tenerifih<\/strong>. Rezervirajte svoj <strong>Nori UFO Tenerife<\/strong> \u0161e danes se zapeljite z CanaryVIP in izkusite vznemirljivo letenje nad valovi v eni najbolj vznemirljivih vodnih aktivnosti, ki jih ponuja otok.<\/p>","protected":false},"excerpt":{"rendered":"<p>\ud83d\udd0d<strong> Nori UFO in Twister Tenerife:<br \/>\n<\/strong>\u2705 Varno pla\u010dilo.<br \/>\n\ud83d\udc65 Do 8 voznikov na vo\u017enjo.<br \/>\n\ud83d\ude80 Vo\u017enja traja 15 minut.<br \/>\n\ud83c\udfde\ufe0f Hitre vo\u017enje.<br \/>\n\ud83d\udd59 Ves dan.<br \/>\n\ud83d\udcc5 Na voljo vsak dan.<br \/>\n\ud83e\udd11 Zagotovljena najbolj\u0161a cena.<br \/>\n\ud83d\udc6a Popusti za skupine.<br \/>\n\ud83d\udd01 24 urna odpoved.<br \/>\n\ud83c\udf0d Podpora za ve\u010d jezikov.<br \/>\n\ud83c\udf1f Rezervirajte vnaprej in prihranite.<br \/>\n\ud83d\udccd Odhod iz <a href=\"https:\/\/maps.app.goo.gl\/bkqEhAxsobcjz9wG9\">Puerto Col\u00f3n<\/a>.<\/p>","protected":false},"featured_media":15388,"comment_status":"open","ping_status":"closed","template":"","meta":{"_acf_changed":false},"product_brand":[],"product_cat":[53],"product_tag":[],"class_list":{"0":"post-15386","1":"product","2":"type-product","3":"status-publish","4":"has-post-thumbnail","6":"product_cat-water-sports","7":"wcpa_has_options","9":"first","10":"instock","11":"virtual","12":"purchasable","13":"product-type-simple"},"acf":[],"wcpa_form_fields":{"wcpaData":{"product":{"product_price":18,"price_html":"From&nbsp;<span class=\"woocommerce-Price-amount amount\"><bdi>18,00&nbsp;<span class=\"woocommerce-Price-currencySymbol\">&euro;<\/span><\/bdi><\/span>","original_product_price":18,"price_including_tax":18,"price_excluding_tax":18,"product_id":{"parent":15386,"variation":false},"is_variable":false,"stock_status":"instock","stock_quantity":null,"parent_sku":"CV15386","product_attributes":[],"custom_fields":[],"is_taxable":false,"product_name":"Crazy UFO & Twister Tenerife","hasImage":false},"fields":{"sec_16894ab7dd6246":{"extra":{"key":"sec_16894ab7dd6246","section_id":"sec_16894ab7dd6246","name":"Default","status":1,"cl_rule":"show","enableCl":false,"relations":[],"toggle":true,"title_tag":"h3","show_title":false,"showPrice":"default","form_id":15391,"form_rules":{"exclude_from_discount":true,"fee_label":"Fee","disp_hide_options_price":true,"disp_show_section_price":false,"disp_show_field_price":true,"layout_option":"standard","pric_use_as_fee":false,"process_fee_as":"woo_fee"},"layout_option":"standard"},"fields":[[{"label":"\ud83d\udcc5 Date","active":true,"required":true,"elementId":"date_26894ab7dd6265","picker_type":"custom","picker_mode":"single","placeholder":"","description":"","tooltip":"","name":"date_26894ab7dd6265","label_position":"default","desc_position":"default","enablePrice":false,"className":"","enableCl":false,"relations":[{"operator":"and","rules":[{"operator":"AND","rules":{"cl_field":"radio-group_5661bc90f5e8f5","cl_relation":"is_not_empty","cl_val":"3 Hour Trip"}}]}],"date_pic_inline":true,"date_pic_inline_hide":true,"min_date":{"type":"days","val":"1"},"max_date":{"type":"days","val":"365"},"date_pic_conf":{"disabledWeeks":[]},"price":"","cl_rule":"show","col":6,"type":"date","error":false,"enableDesign":false,"LabelColor":"","isWeightTemplate":false,"isTemplate":false,"min_quantity":"1","quantity_decimal":false,"quantity_step":"1","quantity_label":"Quantity","repeater_field_label":"{field_label}","repeater_bind":"","gt_translate_keys":["label","placeholder","description","tooltip","repeater_field_label","quantity_label"],"price_dependency":false,"cl_dependency":false,"value":""}],[{"active":true,"col":6,"relations":false,"cl_rule":"show","enableCl":false,"price":"","enablePrice":false,"className":"","label_position":"default","desc_position":"default","type":"select","required":true,"elementId":"select_66894ab7dd6273","label":"\u23f0 Departure Time","name":"select_66894ab7dd6273","values":[{"label":"Whichever Time is Best","value":"Whichever Time is Best","selected":false,"tempId":"aco_312","gt_translate_keys":["label"]},{"label":"10:00","value":"10:00","selected":false,"tempId":"aco_313","gt_translate_keys":["label"]},{"label":"11:00","value":"11:00","selected":false,"tempId":"aco_314","gt_translate_keys":["label"]},{"label":"12:00","value":"12:00","selected":false,"tempId":"aco_711","gt_translate_keys":["label"]},{"label":"13:00","value":"13:00","selected":false,"tempId":"aco_721","gt_translate_keys":["label"]},{"label":"14:00","value":"14:00","selected":false,"tempId":"aco_983","gt_translate_keys":["label"]},{"label":"15:00","value":"15:00","selected":false,"tempId":"aco_993","gt_translate_keys":["label"]},{"label":"16:00","value":"16:00","selected":false,"tempId":"aco_1183","gt_translate_keys":["label"]}],"dropdown_type":"basic","error":false,"multiple":false,"placeholder":"None","isWeightTemplate":false,"isTemplate":false,"min_quantity":"1","quantity_decimal":false,"quantity_step":"1","quantity_label":"Quantity","repeater_field_label":"{field_label}","repeater_bind":"","gt_translate_keys":["label","placeholder","repeater_field_label","quantity_label"],"price_dependency":false,"cl_dependency":false,"value":""}],[{"active":true,"col":6,"relations":[{"operator":false,"rules":[{"operator":"AND","rules":{"cl_field":"","cl_relation":"","cl_val":""}}]}],"cl_rule":"show","enableCl":true,"price":"18","enablePrice":true,"className":"","label_position":"default","desc_position":"default","type":"radio-group","required":false,"elementId":"radio-group_76894ab7dd6281","label":"","name":"radio-group_76894ab7dd6281","values":[{"label":"\ud83d\udc64 People (18\u20ac)","value":"People","selected":true,"tempId":"aco_32","tooltip":"","description":"","gt_translate_keys":["label","tooltip","description"]}],"layOut":"","error":false,"checkUi":"button","priceOptions":"fixed_for_all","pricingType":"fixed","enable_quantity":true,"quantity_label":"","min_quantity":"0","options_tooltip":true,"options_description":true,"is_show_price":true,"isWeightTemplate":false,"isTemplate":false,"quantity_decimal":false,"quantity_step":"1","repeater_field_label":"{field_label}","repeater_bind":"","gt_translate_keys":["label","repeater_field_label","quantity_label"],"price_dependency":false,"cl_dependency":false,"value":""}],[{"active":true,"col":6,"relations":false,"cl_rule":"show","enableCl":false,"price":"","enablePrice":false,"className":"","label_position":"default","desc_position":"default","type":"separator","required":false,"elementId":"separator_16894ab7dd628d","label":"Separator Field","height":"6","separatorType":"fill","error":false,"separatorColor":"#66a5b6","gt_translate_keys":["label"],"price_dependency":false,"cl_dependency":false,"value":""}],[{"active":true,"col":6,"relations":false,"cl_rule":"show","enableCl":false,"price":"{field.radio-group_76894ab7dd6281.quantity}*6","enablePrice":true,"className":"","label_position":"default","desc_position":"default","type":"content","required":false,"elementId":"content_66894ab7dd6297","label":"Deposit Now","name":"content_66894ab7dd6297","contentType":"plain","value":"","error":false,"subtype":"div","inline":true,"show_in_checkout":true,"pricingType":"custom","isTemplate":false,"gt_translate_keys":["label","value"],"price_dependency":false,"cl_dependency":false}],[{"contentType":"plain","active":true,"label":"Payment at Arrival","elementId":"content_96894ab7dd62a1","value":"","inline":true,"show_in_checkout":true,"name":"content_96894ab7dd62a1","enablePrice":true,"className":"","subtype":"div","enableCl":false,"relations":false,"pricingType":"custom","isTemplate":false,"price":"{field.radio-group_76894ab7dd6281.quantity}*12","is_show_price":true,"cl_rule":"show","col":6,"type":"content","error":false,"gt_translate_keys":["label","value"],"price_dependency":false,"cl_dependency":false}],[{"contentType":"plain","active":true,"label":"Total Price","elementId":"content_76894ab7dd62ab","value":"","inline":true,"show_in_checkout":true,"name":"content_76894ab7dd62ab","enablePrice":true,"className":"","subtype":"div","enableCl":false,"relations":false,"pricingType":"custom","isTemplate":false,"price":"{field.radio-group_76894ab7dd6281.quantity}*18","is_show_price":true,"cl_rule":"show","col":6,"type":"content","error":false,"gt_translate_keys":["label","value"],"price_dependency":false,"cl_dependency":false}]]}},"config":{"price_override":"always","enable_recaptcha":false,"bind_quantity":false,"quantity_bind_formula":false,"disp_summ_show_option_price":true,"disp_summ_show_product_price":false,"disp_summ_show_total_price":true,"disp_summ_show_fee":true,"disp_summ_show_discount":true,"summary_title":"","options_total_label":"Options Price","total_label":"Total Amount","options_product_label":"Product Price","fee_label":"Fee","discount_label":"Discount","has_price":true,"has_quantity_formula":false},"mc_unit":1,"tax_rate":1,"tax_rate_real":1,"discount":{"percentage":0,"fixed":0},"design":{"conf":{"LabelPosition":"above","DescPosition":"above","UploadField":"custom_1","QuantityFieldStyle":"custom_1"},"css":{"LeftLabelWidth":"120px"}},"formulas":[],"lookuptables":[],"clones":false,"cartKey":false}},"_links":{"self":[{"href":"https:\/\/canaryvip.com\/sl\/wp-json\/wp\/v2\/product\/15386","targetHints":{"allow":["GET"]}}],"collection":[{"href":"https:\/\/canaryvip.com\/sl\/wp-json\/wp\/v2\/product"}],"about":[{"href":"https:\/\/canaryvip.com\/sl\/wp-json\/wp\/v2\/types\/product"}],"replies":[{"embeddable":true,"href":"https:\/\/canaryvip.com\/sl\/wp-json\/wp\/v2\/comments?post=15386"}],"wp:featuredmedia":[{"embeddable":true,"href":"https:\/\/canaryvip.com\/sl\/wp-json\/wp\/v2\/media\/15388"}],"wp:attachment":[{"href":"https:\/\/canaryvip.com\/sl\/wp-json\/wp\/v2\/media?parent=15386"}],"wp:term":[{"taxonomy":"product_brand","embeddable":true,"href":"https:\/\/canaryvip.com\/sl\/wp-json\/wp\/v2\/product_brand?post=15386"},{"taxonomy":"product_cat","embeddable":true,"href":"https:\/\/canaryvip.com\/sl\/wp-json\/wp\/v2\/product_cat?post=15386"},{"taxonomy":"product_tag","embeddable":true,"href":"https:\/\/canaryvip.com\/sl\/wp-json\/wp\/v2\/product_tag?post=15386"}],"curies":[{"name":"wp","href":"https:\/\/api.w.org\/{rel}","templated":true}]}}