{"id":15373,"date":"2025-08-07T12:36:55","date_gmt":"2025-08-07T11:36:55","guid":{"rendered":"https:\/\/canaryvip.com\/?post_type=product&#038;p=15373"},"modified":"2025-10-23T10:52:49","modified_gmt":"2025-10-23T09:52:49","slug":"bellini-luxury-yacht-tenerife","status":"publish","type":"product","link":"https:\/\/canaryvip.com\/sl\/shop\/bellini-luxury-yacht-tenerife\/","title":{"rendered":"Bellini Luksuzna jahta Tenerife"},"content":{"rendered":"<h2><strong>\ud83d\udee5\ufe0f Bellini \u010carter luksuznih jaht na Tenerifih<\/strong><\/h2>\n<p class=\"translation-block\">Do\u017eivite eno najbolj ekskluzivnih pustolov\u0161\u010din na otoku z <strong>Bellini Luxury Yacht Tenerife<\/strong>. Ta zasebni \u010darter z odhodom iz slikovite marine <a href=\"https:\/\/maps.app.goo.gl\/Xq4LkTRqPjHQzRBE8\" target=\"_blank\" rel=\"noopener\">Puerto de Los Gigantes<\/a> ponuja neposreden dostop do nekaterih najbolj osupljivih pokrajin na Tenerifih, vklju\u010dno z visokimi klifi Los Gigantes in nedotaknjeno obalo Masca.<\/p>\n<p class=\"translation-block\">Ne glede na to, ali praznujete posebno prilo\u017enost ali preprosto i\u0161\u010dete <strong>najem jahte na Tenerifih<\/strong> za luksuzni pobeg, je Bellini popolna izbira za eleganco, udobje in nepozabne razglede.<\/p>\n<h3>\u2b50\ufe0f <strong>Zakaj je Bellini ena od najbolj\u0161ih luksuznih jaht na Tenerifih<\/strong><\/h3>\n<p><span style=\"text-decoration: underline;\"><strong>Kaj razlikuje Bellini:<\/strong><\/span><\/p>\n<p><strong>Ekskluzivno dobrodo\u0161li:<\/strong> Vsak \u010darter se za\u010dne s toplo dobrodo\u0161lico s sve\u017ee postre\u017eenim tropskim sadjem in vrhunskim iberskim pr\u0161utom 5J, kar daje ton vrhunski izku\u0161nji plovbe.<\/p>\n<p><strong>Odprti bar:<\/strong> U\u017eivajte v neomejenih koli\u010dinah pija\u010de, vklju\u010dno z vinom, pivom, vodo, sokovi, brezalkoholnimi pija\u010dami in cavo.<\/p>\n<p><strong>Zasebni dostop do skritih pla\u017e:<\/strong> Bellini s svojim \u010dolnom omogo\u010da gostom dostop do skritih zalivov in pla\u017e za resni\u010dno ekskluziven postanek ob obali.<\/p>\n<h4>\ud83c\udf0a <strong>Vklju\u010dene dejavnosti na krovu<\/strong><\/h4>\n<p class=\"translation-block\">Ta <strong>luksuzna jahta na Tenerifih<\/strong> je ve\u010d kot le jadranje, temve\u010d ustvarjanje spominov:<\/p>\n<ul>\n<li><strong>\ud83c\udfc4 Veslanje na deski:<\/strong> Zabavajte se na vodi z deskami za veslanje, ki so enostavne za za\u010detnike in spro\u0161\u010dujo\u010de za vse.<\/li>\n<li><strong>\ud83e\udd3f Oprema za potapljanje:<\/strong> Potopite se in odkrijte podvodni svet Tenerifov, poln morskega \u017eivljenja in \u010diste modre vode.<\/li>\n<li><strong>\ud83d\udcf8 GoPro in Polaroid:<\/strong> Z na\u0161imi kamerami na krovu lahko posnamete vse vrhunce svojega do\u017eivetja, tako nad vodo kot pod njo.<\/li>\n<\/ul>\n<h4>\ud83c\udf7d\ufe0f <strong>Gourmet Paella iz 5. ure<\/strong><\/h4>\n<p>Za \u010darterje, ki trajajo pet ur ali ve\u010d, je vklju\u010dena sve\u017ee pripravljena paella. Izbirate lahko med mesno, pi\u0161\u010dan\u010djo, vegetarijansko ali morsko hrano, ki je pripravljena po va\u0161em okusu in postre\u017eena sve\u017ea na krovu.<\/p>\n<h3>\ud83d\udc8e <strong>Izbirni dodatki Premium za prilagoditev va\u0161e izku\u0161nje<\/strong><\/h3>\n<p class=\"translation-block\">S temi ekskluzivnimi dodatki (na voljo na zahtevo in glede na razpolo\u017eljivost) dvignite <strong>najem jahte na Tenerifih<\/strong> na vi\u0161jo raven:<\/p>\n<ul>\n<li><strong>Zasebni kuhar:<\/strong> Na krovu v \u017eivo kuha profesionalni kuhar, ki meni prilagodi va\u0161im \u017eeljam.<\/li>\n<li><strong>Izku\u0161nje japonskega kuharja:<\/strong> U\u017eivajte v sve\u017ee pripravljenem su\u0161iju in drugih japonskih jedeh z vrhunskimi sestavinami in strokovno tehniko.<\/li>\n<li><strong>Kuhar z Michelinovo zvezdico:<\/strong> U\u017eivajte v visoki kuhinji kuharskega mojstra, ki je povezan z Michelinovim vodnikom - postre\u017eeno neposredno na krovu.<\/li>\n<li><strong>Degustacija \u0161ampanjca in kaviarja:<\/strong> Vrhunski \u0161ampanjec, ki se odli\u010dno ujema z izbranim izborom vrhunskega kaviarja.<\/li>\n<li><strong>Parjenje vina in gurmanskih konzerv:<\/strong> Elegantna degustacija vin v kombinaciji z vrhunskimi konzervami, kot so \u0161koljke, petelini ali trebu\u0161\u010dek tune.<\/li>\n<li><strong>Najem vodnih skuterjev:<\/strong> Na voljo med sidranjem v bli\u017eini La Caleta, Masca ali Arme\u00f1ime.<\/li>\n<li><strong>Izku\u0161nje z jadralno desko:<\/strong> Poletajte nad oceanom s popolno varnostjo in nadzorom.<\/li>\n<li><strong>Napihljive igra\u010de za vodo:<\/strong> Skupinska zabava s \u010dolni banana in drugimi \u010dolni, ki jih vle\u010de pomo\u017eni \u010doln.<\/li>\n<li><strong>Potapljanje:<\/strong> Odkrivalni potop z in\u0161truktorjem (izku\u0161nje niso potrebne) ali certificiran potop z lokalnim vodnikom.<\/li>\n<li><strong>\u0160portni ribolov:<\/strong> Vsa potrebna oprema za globokomorski ribolov s podporo na krovu.<\/li>\n<\/ul>\n<h3>\ud83d\udea4 <strong>Izberite \u010das trajanja, ki vam najbolj ustreza<\/strong><\/h3>\n<p>Bellini ponuja ve\u010d mo\u017enosti, tako da lahko oblikujete popoln <strong>najem plovil na Tenerifih<\/strong>:<\/p>\n<ul>\n<li><strong>3-urna karta:<\/strong> Kratek luksuzni oddih s \u010dudovitim razgledom, pija\u010do in prigrizki na krovu.<\/li>\n<li><strong>5-urna listina:<\/strong> Vklju\u010duje vse bistvene stvari ter paello in dodaten \u010das za u\u017eivanje v vodi in obali.<\/li>\n<li><strong>8-urna listina:<\/strong> Cel dan na morju za raziskovanje krajev Los Gigantes, Masca in drugih! Idealno za tiste, ki si \u017eelijo popolno Bellinijevo izku\u0161njo.<\/li>\n<\/ul>\n<h3>\u2705 <strong>Kaj je vklju\u010deno v va\u0161o listino<\/strong><\/h3>\n<ul>\n<li>Pladenj za dobrodo\u0161lico s sve\u017eim sadjem<\/li>\n<li>5J iberski pr\u0161ut in vrhunski hladni kosi<\/li>\n<li>Odprti bar: cava, vino, pivo, voda, sokovi in brezalkoholne pija\u010de<\/li>\n<li>Pozdravni nazdrav s Chandon Spritz.<\/li>\n<li>Veslanje, potapljanje, uporaba GoPro in Polaroid<\/li>\n<li>gurmanska paella (vklju\u010dena od 5. ure dalje)<\/li>\n<li>Dostop s \u010dolnom do pla\u017ee<\/li>\n<li>Son\u010denje in sen\u010dni prostori na krovu<\/li>\n<li>Izku\u0161ena, ve\u010djezi\u010dna posadka<\/li>\n<\/ul>\n<h3>\ud83d\udccd <strong>Odhod iz Puerto de Los Gigantes<\/strong><\/h3>\n<p class=\"translation-block\">Bellini odhaja z zahodne obale Tenerifov, natan\u010dneje iz <a href=\"https:\/\/maps.app.goo.gl\/Xq4LkTRqPjHQzRBE8\" target=\"_blank\" rel=\"noopener\">Puerto de Los Gigantes<\/a>. Ta lokacija ponuja dostop iz prve vrste do veli\u010dastnih klifov Los Gigantes in osupljive obale Masca, nekaterih najbolj znamenitih in oddaljenih delov otoka. Do pristani\u0161\u010da se zlahka pripeljete z avtomobilom, priporo\u010damo pa, da pridete 15 minut pred odhodom.<\/p>\n<h4>\ud83d\udcdc <strong>Enostavna rezervacija in prilagodljiva politika odpovedi<\/strong><\/h4>\n<p>V podjetju CanaryVIP \u017eelimo, da bi bila va\u0161a izku\u0161nja nemotena \u017ee od samega za\u010detka. Na\u0161i pogoji odpovedi so jasni in po\u0161teni:<\/p>\n<ul>\n<li><strong>Vremensko jamstvo:<\/strong> \u010ce so razmere na morju nevarne, lahko prestavite termin ali zahtevate celotno povra\u010dilo stro\u0161kov.<\/li>\n<li><strong>Brezpla\u010dne odpovedi:<\/strong> Brezpla\u010dno prekli\u010dite ali prestavite potovanje do 4 dni pred potovanjem. Depoziti se ne vra\u010dajo pri odpovedi v 4 dneh pred odhodom.<\/li>\n<\/ul>\n<h3>\ud83d\udd52 <strong>Na voljo so mo\u017enosti preno\u010devanja in ve\u010ddnevne mo\u017enosti<\/strong><\/h3>\n<p>Bellini ni samo za dnevne \u010darterje - naredite svoj pobeg \u0161e bolj poseben:<\/p>\n<ul>\n<li>Pre\u017eivite no\u010d na krovu in se zbudite ob \u0161umu oceana.<\/li>\n<li>Ustvarite svoj potovalni na\u010drt po meri za romanti\u010dne pobege, praznovanja ali ve\u010ddnevne jadralne pustolov\u0161\u010dine.<\/li>\n<\/ul>\n<h3>\ud83d\udc68\u200d\u2708\ufe0f <strong>Pred vkrcanjem - hitri nasveti<\/strong><\/h3>\n<p>Da bi potovanje kar najbolje izkoristili:<\/p>\n<ul>\n<li>Pripravite potrdilo CanaryVIP (tiskano ali digitalno).<\/li>\n<li>S seboj prinesite kopalke, brisa\u010do in kremo za son\u010denje.<\/li>\n<li>Da bi prepre\u010dili morsko bolezen, prej pojejte nekaj lahkega in se izogibajte alkoholu.<\/li>\n<li>Izberite najljub\u0161e mesto - sonce ali senco - in se pripravite na sprostitev.<\/li>\n<\/ul>\n<h3>\ud83d\udcac <strong>Rezervirajte zdaj z CanaryVIP<\/strong><\/h3>\n<p>Na CanaryVIP povezujemo popotnike z najbolje ocenjenimi do\u017eivetji na Tenerifih. \u010ce i\u0161\u010dete <strong>najem luksuzne jahte na Tenerifih<\/strong> in odkrili Los Gigantes ali Masco v pravem slogu, je Bellini ena najbolj\u0161ih mo\u017enosti.<br \/>\n\ud83d\udc49 <a href=\"https:\/\/canaryvip.com\/sl\/tenerife\/boat-hire-tenerife\/\">Preverite razpolo\u017eljivost in rezervirajte charter zdaj<\/a> - je va\u0161a luksuzna pustolov\u0161\u010dina oddaljena le nekaj klikov.<\/p>","protected":false},"excerpt":{"rendered":"<p><strong>\ud83d\udd0d Bellini Yacht Charter:<\/strong><br \/>\n\u2705 Varno pla\u010dilo.<br \/>\n\ud83d\udee5\ufe0f 14m Yacht Comfort.<br \/>\n\u23f3 Dnevni izleti od 3 do 8 ur.<br \/>\n\ud83d\udd59 Prilagodljivi \u010dasi odhoda.<br \/>\n\ud83c\udf74 Vklju\u010dena je prehrana in pija\u010da.<br \/>\n\ud83d\udc65 Do 10 gostov.<br \/>\n\ud83c\udfc4\u200d\u2640\ufe0f Vklju\u010dena so vesla.<br \/>\n\ud83e\udd3f Oprema za potapljanje je na voljo.<br \/>\n\ud83e\udd11 Zagotovljena najbolj\u0161a cena.<br \/>\n\ud83d\udc6a Aktivirani popusti.<br \/>\n\ud83d\udd01 Do 4 dni odpovedi.<br \/>\n\ud83c\udf0d Ve\u010djezi\u010dna posadka.<br \/>\n\ud83c\udf1f Rezervirajte zgodaj in prihranite!<br \/>\n\ud83d\udccd Odhod iz <a href=\"https:\/\/maps.app.goo.gl\/Xq4LkTRqPjHQzRBE8\">Los Gigantes<\/a>.<\/p>","protected":false},"featured_media":15376,"comment_status":"open","ping_status":"closed","template":"","meta":{"_acf_changed":false},"product_brand":[],"product_cat":[47],"product_tag":[],"class_list":{"0":"post-15373","1":"product","2":"type-product","3":"status-publish","4":"has-post-thumbnail","6":"product_cat-boat-hire-tenerife","7":"wcpa_has_options","9":"first","10":"instock","11":"virtual","12":"purchasable","13":"product-type-simple"},"acf":[],"wcpa_form_fields":{"wcpaData":{"product":{"product_price":1060,"price_html":"From&nbsp;<span class=\"woocommerce-Price-amount amount\"><bdi>1.060,00&nbsp;<span class=\"woocommerce-Price-currencySymbol\">&euro;<\/span><\/bdi><\/span>","original_product_price":1060,"price_including_tax":1060,"price_excluding_tax":1060,"product_id":{"parent":15373,"variation":false},"is_variable":false,"stock_status":"instock","stock_quantity":null,"parent_sku":"CV15373","product_attributes":[],"custom_fields":[],"is_taxable":false,"product_name":"Bellini Luxury Yacht Tenerife","hasImage":false},"fields":{"sec_968949ba2884ff":{"extra":{"key":"sec_968949ba2884ff","section_id":"sec_968949ba2884ff","name":"Default","status":1,"cl_rule":"show","enableCl":false,"relations":[],"toggle":true,"title_tag":"h3","show_title":false,"showPrice":"default","form_id":15383,"form_rules":{"exclude_from_discount":true,"fee_label":"Fee","disp_hide_options_price":true,"disp_show_section_price":false,"disp_show_field_price":true,"layout_option":"standard","pric_use_as_fee":false,"process_fee_as":"woo_fee"},"layout_option":"standard"},"fields":[[{"label":"\ud83d\udcc5 Date","active":true,"required":true,"elementId":"date_868949ba288522","picker_type":"custom","picker_mode":"single","placeholder":"","description":"","tooltip":"","name":"date_868949ba288522","label_position":"default","desc_position":"default","enablePrice":false,"className":"","enableCl":false,"relations":[{"operator":"and","rules":[{"operator":"AND","rules":{"cl_field":"radio-group_565c78ffa81208","cl_relation":"is","cl_val":"3 Hour Trip"}}]}],"date_pic_inline":true,"date_pic_inline_hide":true,"min_date":{"type":"days","val":"1"},"max_date":{"type":"days","val":"365"},"date_pic_conf":{"disabledWeeks":[],"disabledDates":["2025-04-18 to 2025-04-24"]},"price":"","cl_rule":"show","col":6,"type":"date","error":false,"enableDesign":false,"LabelColor":"","isWeightTemplate":false,"isTemplate":false,"min_quantity":"1","quantity_decimal":false,"quantity_step":"1","quantity_label":"Quantity","repeater_field_label":"{field_label}","repeater_bind":"","gt_translate_keys":["label","placeholder","description","tooltip","repeater_field_label","quantity_label"],"price_dependency":false,"cl_dependency":false,"value":""}],[{"elementId":"separator_268949ba28853d","separatorType":"blank","className":"","height":"3","enableCl":false,"relations":false,"cl_rule":"show","col":6,"type":"separator","error":false,"gt_translate_keys":[],"price_dependency":false,"cl_dependency":false,"value":""}],[{"active":true,"col":6,"relations":[{"operator":false,"rules":[{"operator":"AND","rules":{"cl_field":"radio-group_565c78ffa81208","cl_relation":"is","cl_val":"3 Hour Trip"}}]}],"cl_rule":"show","enableCl":false,"price":"","enablePrice":false,"className":"","label_position":"default","desc_position":"default","type":"select","required":false,"elementId":"select_468949ba288577","label":"\u23f0 Departure Time","name":"select_468949ba288577","values":[{"label":"09:00","value":"09:00","selected":false,"tempId":"aco_1471","gt_translate_keys":["label"]},{"label":"10:00","value":"10:00","selected":false,"tempId":"aco_1472","gt_translate_keys":["label"]},{"label":"11:00","value":"11:00","selected":false,"tempId":"aco_1500","gt_translate_keys":["label"]},{"label":"12:00","value":"12:00","selected":false,"tempId":"aco_1510","gt_translate_keys":["label"]},{"label":"13:00 (1:00 PM)","value":"13:00","selected":false,"tempId":"aco_1520","gt_translate_keys":["label"]},{"label":"14:00 (2:00 PM)","value":"14:00","selected":false,"tempId":"aco_1728","gt_translate_keys":["label"]},{"label":"15:00 (3:00 PM)","value":"15:00","selected":false,"tempId":"aco_1738","gt_translate_keys":["label"]}],"dropdown_type":"basic","error":false,"placeholder":"Whichever Time is Best","isWeightTemplate":false,"isTemplate":false,"min_quantity":"1","quantity_decimal":false,"quantity_step":"1","quantity_label":"Quantity","repeater_field_label":"{field_label}","repeater_bind":"","gt_translate_keys":["label","placeholder","repeater_field_label","quantity_label"],"price_dependency":false,"cl_dependency":false,"value":""}],[{"active":true,"col":6,"relations":false,"cl_rule":"show","enableCl":false,"price":"","enablePrice":true,"className":"","label_position":"default","desc_position":"default","type":"select","required":true,"elementId":"select_1068949ba288548","label":"\u23f3 Trip Duration","name":"select_1068949ba288548","values":[{"label":"3 Hours (1.060\u20ac)","value":"3h","selected":false,"tempId":"aco_556","price":"1060","gt_translate_keys":["label"]},{"label":"4 Hours (1.275\u20ac)","value":"4H","selected":false,"tempId":"aco_181","price":"1275","gt_translate_keys":["label"]},{"label":"5 Hours (1.490\u20ac)","value":"5h","selected":false,"tempId":"aco_281","price":"1490","gt_translate_keys":["label"]},{"label":"6 Hours (1.700\u20ac)","value":"6h","selected":false,"tempId":"aco_605","price":"1700","gt_translate_keys":["label"]},{"label":"7 Hours (1.915\u20ac)","value":"7h","selected":false,"tempId":"aco_381","price":"1915","gt_translate_keys":["label"]},{"label":"8 Hours (2.130\u20ac)","value":"8h","selected":false,"tempId":"aco_724","price":"2130","gt_translate_keys":["label"]}],"dropdown_type":"basic","error":false,"placeholder":"Select Trip Duration","priceOptions":"different_for_all","pricingType":"fixed","is_show_price":false,"isWeightTemplate":false,"isTemplate":false,"min_quantity":"1","quantity_decimal":false,"quantity_step":"1","quantity_label":"Quantity","repeater_field_label":"{field_label}","repeater_bind":"","gt_translate_keys":["label","placeholder","repeater_field_label","quantity_label"],"price_dependency":false,"cl_dependency":false,"value":""}],[{"label":"\u2705 Number of People","active":true,"required":true,"elementId":"select_168949ba28858b","dropdown_type":"basic","placeholder":"Select Number of People","name":"select_168949ba28858b","label_position":"default","desc_position":"default","enablePrice":true,"className":"","enableCl":false,"relations":[{"operator":false,"rules":[{"operator":"AND","rules":{"cl_field":"radio-group_565c78ffa81208","cl_relation":"is","cl_val":"3 Hour Trip"}}]}],"values":[{"label":"1 person","value":"1","selected":false,"tempId":"aco_1471","price":"0","gt_translate_keys":["label"]},{"label":"2 people","value":"2","selected":false,"tempId":"aco_1472","price":"0","gt_translate_keys":["label"]},{"label":"3 people","value":"3","selected":false,"tempId":"aco_1500","price":"0","gt_translate_keys":["label"]},{"label":"4 people","value":"4","selected":false,"tempId":"aco_1510","price":"0","gt_translate_keys":["label"]},{"label":"5 people","value":"5","selected":false,"tempId":"aco_1520","price":"0","gt_translate_keys":["label"]},{"label":"6 people (+120\u20ac)","value":"6","selected":false,"tempId":"aco_1728","price":"120","gt_translate_keys":["label"]},{"label":"7 people (+240\u20ac)","value":"7","selected":false,"tempId":"aco_1738","price":"240","gt_translate_keys":["label"]},{"label":"8 people (+360\u20ac)","value":"8","selected":false,"tempId":"aco_1922","price":"360","gt_translate_keys":["label"]},{"label":"9 People (+480\u20ac)","value":"9","selected":false,"tempId":"aco_220","price":"480","gt_translate_keys":["label"]},{"label":"10 People (+600\u20ac)","value":"10","selected":false,"tempId":"aco_311","price":"600","gt_translate_keys":["label"]}],"price":"","cl_rule":"show","col":6,"type":"select","error":false,"isWeightTemplate":false,"isTemplate":false,"min_quantity":"1","quantity_decimal":false,"quantity_step":"1","quantity_label":"Quantity","repeater_field_label":"{field_label}","repeater_bind":"","priceOptions":"different_for_all","pricingType":"fixed","gt_translate_keys":["label","placeholder","repeater_field_label","quantity_label"],"price_dependency":false,"cl_dependency":false,"value":""}],[{"active":true,"col":6,"relations":false,"cl_rule":"show","enableCl":false,"price":"","enablePrice":true,"className":"","label_position":"default","desc_position":"default","type":"select","required":false,"elementId":"select_368949ba288551","label":"\ud83d\udca6 Add jet-skis?","name":"select_368949ba288551","values":[{"label":"1 JetSki for 1 Hour (345\u20ac)","value":"1 x Jetski for 1 Hour","selected":false,"tempId":"aco_2501","price":"345","gt_translate_keys":["label"]},{"label":"2 JetSkis for 1 Hour (690\u20ac)","value":"2 x JetSki for 1 Hour","selected":false,"tempId":"aco_2502","price":"690","gt_translate_keys":["label"]}],"dropdown_type":"basic","error":false,"description":"Private JetSki tour from the boat with a JetSki instructor.","placeholder":"None","priceOptions":"different_for_all","pricingType":"fixed","is_show_price":false,"isWeightTemplate":false,"isTemplate":false,"min_quantity":"1","quantity_decimal":false,"quantity_step":"1","quantity_label":"Quantity","repeater_field_label":"{field_label}","repeater_bind":"","gt_translate_keys":["label","placeholder","description","repeater_field_label","quantity_label"],"price_dependency":false,"cl_dependency":false,"value":""}]]}},"config":{"price_override":"always","enable_recaptcha":false,"bind_quantity":false,"quantity_bind_formula":false,"disp_summ_show_option_price":true,"disp_summ_show_product_price":false,"disp_summ_show_total_price":true,"disp_summ_show_fee":true,"disp_summ_show_discount":true,"summary_title":"","options_total_label":"Options Price","total_label":"Total Amount","options_product_label":"Product Price","fee_label":"Fee","discount_label":"Discount","has_price":true,"has_quantity_formula":false},"mc_unit":1,"tax_rate":1,"tax_rate_real":1,"discount":{"percentage":0,"fixed":0},"design":{"conf":{"LabelPosition":"above","DescPosition":"above","UploadField":"custom_1","QuantityFieldStyle":"custom_1"},"css":{"LeftLabelWidth":"120px"}},"formulas":{"fmla_1708360988969136756":"(({field.select_56638eb5b235ae.value}>=3)?(1200):(({field.select_56638eb5b235ae.value}>=2)?(850):(({field.select_56638eb5b235ae.value}>=1)?(540):(0))))","fmla_1708364241278155361":"(({field.select_5841412719.value}>=8)?({field.select_5841412719.price}):(({field.select_5841412719.value}>=5)?({field.select_5841412719.price}):(({field.select_5841412719.value}>=3)?({field.select_5841412719.price}):(0))))"},"lookuptables":[],"clones":false,"cartKey":false}},"_links":{"self":[{"href":"https:\/\/canaryvip.com\/sl\/wp-json\/wp\/v2\/product\/15373","targetHints":{"allow":["GET"]}}],"collection":[{"href":"https:\/\/canaryvip.com\/sl\/wp-json\/wp\/v2\/product"}],"about":[{"href":"https:\/\/canaryvip.com\/sl\/wp-json\/wp\/v2\/types\/product"}],"replies":[{"embeddable":true,"href":"https:\/\/canaryvip.com\/sl\/wp-json\/wp\/v2\/comments?post=15373"}],"wp:featuredmedia":[{"embeddable":true,"href":"https:\/\/canaryvip.com\/sl\/wp-json\/wp\/v2\/media\/15376"}],"wp:attachment":[{"href":"https:\/\/canaryvip.com\/sl\/wp-json\/wp\/v2\/media?parent=15373"}],"wp:term":[{"taxonomy":"product_brand","embeddable":true,"href":"https:\/\/canaryvip.com\/sl\/wp-json\/wp\/v2\/product_brand?post=15373"},{"taxonomy":"product_cat","embeddable":true,"href":"https:\/\/canaryvip.com\/sl\/wp-json\/wp\/v2\/product_cat?post=15373"},{"taxonomy":"product_tag","embeddable":true,"href":"https:\/\/canaryvip.com\/sl\/wp-json\/wp\/v2\/product_tag?post=15373"}],"curies":[{"name":"wp","href":"https:\/\/api.w.org\/{rel}","templated":true}]}}