{"id":14959,"date":"2025-07-02T19:45:06","date_gmt":"2025-07-02T18:45:06","guid":{"rendered":"https:\/\/canaryvip.com\/?post_type=product&#038;p=14959"},"modified":"2025-08-21T13:52:25","modified_gmt":"2025-08-21T12:52:25","slug":"habana-sunseeker-yacht-rental-tenerife","status":"publish","type":"product","link":"https:\/\/canaryvip.com\/sl\/shop\/habana-sunseeker-yacht-rental-tenerife\/","title":{"rendered":"Habana Sunseeker: Tenerife: Izposoja jaht"},"content":{"rendered":"<h2>\ud83d\udee5\ufe0f \u010carter plovila Habana Sunseeker: ekskluzivno razko\u0161je na Atlantiku<\/h2>\n<p class=\"translation-block\">Vstopite na krov <strong>Habana Sunseeker<\/strong>, osupljive 12-metrske jahte, namenjene vsem, ki \u017eelijo raziskati obalo Tenerifov v popolnem udobju in slogu. S prostorom za do 8 gostov je to plovilo kot nala\u0161\u010d za dru\u017eine, prijatelje ali vse, ki i\u0161\u010dejo zasebni in nepozabni pobeg na morju.<\/p>\n<p class=\"translation-block\">Ko pri nas <strong>zakupite najem jahte na Tenerifih<\/strong>, izberete veliko ve\u010d kot le izlet z ladjo. Sunseeker Habana zdru\u017euje eleganco, svobodo in spro\u0161\u010deno vzdu\u0161je ter vsak trenutek na krovu spremeni v poseben spomin.<\/p>\n<p>Predstavljajte si, da plujete ob obali, na obrazu \u010dutite morski vetri\u010d, predvaja se va\u0161a najljub\u0161a glasba, v roki pa imate pija\u010do. Ne glede na to, ali praznujete posebno prilo\u017enost, u\u017eivate v romanti\u010dnem pobegu ali se preprosto odklopite s prijatelji, je to popoln na\u010din, da do\u017eivite otok z nove perspektive. Vse je pripravljeno, tako da se po\u010dutite, kot da je jahta za ves dan va\u0161a.<\/p>\n<h3>\u2b50\ufe0f Udobje in slog na morju<\/h3>\n<p><span style=\"text-decoration: underline;\"><strong>Najpomembnej\u0161e funkcije, ki vam bodo v\u0161e\u010d v vozilu:<\/strong><\/span><\/p>\n<ul>\n<li>Zasebna kabina, v kateri se lahko sprostite ali varno shranite osebne predmete.<\/li>\n<li>Prostorna plavalna plo\u0161\u010dad in lahko dostopna lestev sta idealni za plavanje ali osve\u017eilno kopanje, kadar koli si za\u017eelite.<\/li>\n<li>Velika terasa za son\u010denje na premcu, ki je kot nala\u0161\u010d za son\u010denje, pitje pija\u010de ali preprosto u\u017eivanje v panoramskem razgledu na obalo Tenerifov.<\/li>\n<li>Miza v kabini in zunanji prostor za deljenje prigrizkov ali nazdravljanje na popoln dan na vodi.<\/li>\n<li>Vrhunski zvo\u010dni sistem za popolno vzdu\u0161je med kri\u017earjenjem.<\/li>\n<\/ul>\n<h3>\ud83d\udea4 Jahta za sprostitev in praznovanje<\/h3>\n<p>Habana Sunseeker ni le jadranje, temve\u010d tudi ustvarjanje neverjetnih trenutkov. Z motorjem z mo\u010djo 100 KM ponuja gladko in udobno vo\u017enjo, tako da se lahko popolnoma osredoto\u010dite na u\u017eivanje v izku\u0161njah.<\/p>\n<p>Pre\u017eivite dan v odkrivanju skritih koti\u010dkov, plavanju v bistri modri vodi ali pa se preprosto sprostite na palubi v odli\u010dni dru\u017ebi.<\/p>\n<p>S spletno stranjo <strong>CanaryVIP<\/strong>, lahko <strong>najem \u010dolna na Tenerifih<\/strong> ki se zdi kot va\u0161 zasebni plavajo\u010di salon.<\/p>\n<h3>\ud83d\udd52 Izberite svojo popolno izku\u0161njo<\/h3>\n<ul>\n<li><strong>Zasebna 3-urna listina:<\/strong> Kratek pobeg ob obali, ki je kot nala\u0161\u010d za sprostitev in bolj intimno u\u017eivanje v morju.<\/li>\n<li><strong>Zasebna 6-urna listina:<\/strong> Dalj\u0161a pustolov\u0161\u010dina z veliko \u010dasa za raziskovanje, plavanje in u\u017eivanje v vsakem trenutku na vodi.<\/li>\n<li><strong>Zasebna 9-urna listina:<\/strong> Popolno celodnevno do\u017eivetje, s katerim lahko v svojem tempu u\u017eivate v obali Tenerifov.<\/li>\n<li><strong>Skupna 3-urna tura:<\/strong> Pridru\u017eite se skupnemu skupinskemu izletu (odvisno od razpolo\u017eljivosti) in se udele\u017eite zabavne in prijazne obalne pustolov\u0161\u010dine. Po rezervaciji bo razpolo\u017eljivost potrjena najpozneje v 12 urah.<\/li>\n<\/ul>\n<h3>\ud83c\udf7d\ufe0f vklju\u010dene pija\u010de in prigrizki<\/h3>\n<p>Na vseh izletih je vklju\u010den okusen izbor lokalne hrane in pija\u010de. U\u017eivajte v sendvi\u010dih s \u0161unko in sirom, sve\u017eem sezonskem sadju, tradicionalnem krompirju, rezinah choriza, kro\u017eniku sira in salame ter empanadah s tuno. Vse je pripravljeno za skupno u\u017eivanje in vam zagotavlja energijo ves dan na morju.<\/p>\n<h3>\u2705 Kaj je vklju\u010deno v va\u0161o listino<\/h3>\n<ul>\n<li>Popoln dostop do zasebne kabine, son\u010dne terase in vseh naprav na krovu za najve\u010dje udobje in zasebnost.<\/li>\n<li>Plavalna plo\u0161\u010dad in lestev za enostaven dostop do vode, idealna za plavanje in spro\u0161\u010danje v morju.<\/li>\n<li>Prijazno in strokovno osebje poskrbi za vsako podrobnost, tako da se lahko osredoto\u010dite na u\u017eivanje.<\/li>\n<li>Vklju\u010deni so prigrizki in pija\u010da, zato vam ni treba skrbeti za ni\u010d.<\/li>\n<li>Od trenutka, ko vstopite na krov, je vse pripravljeno za vas. Prinesite svojo najbolj\u0161o energijo in se prepustite do\u017eivetju. Na\u0161a ekipa poskrbi za vse drugo, tako da se lahko osredoto\u010dite na ustvarjanje nepozabnih spominov.<\/li>\n<\/ul>\n<h3>\ud83d\udd53 Prilagodljiv \u010das odhoda<\/h3>\n<ul>\n<li><strong>Zjutraj, popoldne ali ob son\u010dnem zahodu:<\/strong> Izberite \u010das, ki vam najbolj ustreza, in odkrijte obalo Tenerifov z edinstvene perspektive.<\/li>\n<\/ul>\n<h3>\ud83d\udccd Odhod iz Puerto Col\u00f3n, Costa Adeje<\/h3>\n<p class=\"translation-block\">Tvoja pustolov\u0161\u010dina se za\u010dne v <a href=\"https:\/\/maps.app.goo.gl\/MeynoCCeyw2ALYxa9\" target=\"_blank\" rel=\"noopener\">Puerto Col\u00f3n v Costa Adeje<\/a>, eni od najsodobnej\u0161ih in najbolj \u017eivahnih marin na Tenerifih. Parkiranje je enostavno, vzdu\u0161je pa prijazno, zato je odli\u010dno izhodi\u0161\u010de za tvoje do\u017eivetje z jahto.<\/p>\n<h4>\ud83d\udcdc Jasna in prilagodljiva pravila<\/h4>\n<ul>\n<li><strong>Prilagodljiva odpoved:<\/strong> Zasebne izlete lahko brezpla\u010dno odpoveste ali prestavite do 7 dni pred odhodom. Pri skupnih izletih lahko brezpla\u010dno odpoveste ali prestavite termin do 72 ur pred odhodom. Zavedamo se, da se na\u010drti lahko spremenijo, zato \u017eelimo, da rezervirate s popolnim zaupanjem. Upo\u0161tevajte, da se stro\u0161ki za neudele\u017ebo ne povrnejo.<\/li>\n<\/ul>\n<p class=\"translation-block\">V <strong>CanaryVIP<\/strong> verjamemo, da si vsakdo zaslu\u017ei luksuzno izku\u0161njo, ki je osebna in nepozabna. Ko izberete <a href=\"https:\/\/canaryvip.com\/sl\/tenerife\/boat-charter-tenerife\/\" target=\"_self\"><strong>\u010darter plovila na Tenerifih<\/strong><\/a>, kot je Habana Sunseeker, ne rezervirate le prevoza. Izbirate edinstven na\u010din za povezovanje z otokom, deljenje pomembnih trenutkov in ustvarjanje zgodb, ki si jih boste zapomnili za vedno.<\/p>\n<p class=\"translation-block\">Ne \u010dakajte, da uresni\u010dite svoj sanjski dan na morju. Rezervirajte svojo <strong>zasebno jahto na Tenerifih<\/strong> \u0161e danes in se pripravite na do\u017eivetje, ki ga boste \u017eeleli podo\u017eiveti znova in znova.<\/p>","protected":false},"excerpt":{"rendered":"<p><strong>\ud83d\udd0d Habana Sunseeker Yacht:<\/strong><br \/>\n\u2705 Varno pla\u010dilo.<br \/>\n\ud83d\udc65 Skupne ture na voljo<br \/>\n\ud83d\udd10 Zasebni izleti na voljo<br \/>\n\ud83d\udee5\ufe0f 12 metrov luksuzne jahte.<br \/>\n\u23f3 Dnevni ogledi od 3 do 9 ur.<br \/>\n\ud83d\udd59 Prilagodljivi \u010dasi odhoda.<br \/>\n\ud83c\udf05 Na voljo so ogledi ob son\u010dnem zahodu.<br \/>\n\ud83c\udf7b Vklju\u010dene so pija\u010de in prigrizki.<br \/>\n\ud83d\udc65 Do 8 gostov.<br \/>\n\ud83e\udd3f Oprema za potapljanje je na voljo.<br \/>\n\ud83d\ude97 Transportna storitev je na voljo.<br \/>\n\ud83e\udd11 Zagotovljena najbolj\u0161a cena.<br \/>\n\ud83d\udc6a Aktivirani popusti.<br \/>\n\ud83d\udd01 Do 7 dni odpovedi.<br \/>\n\ud83c\udf0d Ve\u010djezi\u010dna posadka.<br \/>\n\ud83c\udf1f Rezervirajte zdaj in prihranite!<br \/>\n\ud83d\udccd Odhod iz <a href=\"https:\/\/maps.app.goo.gl\/ocJuu7A8R1JWjPbS9\">Puerto Colon<\/a>.<\/p>","protected":false},"featured_media":14960,"comment_status":"open","ping_status":"closed","template":"","meta":{"_acf_changed":false},"product_brand":[],"product_cat":[47,46],"product_tag":[],"class_list":{"0":"post-14959","1":"product","2":"type-product","3":"status-publish","4":"has-post-thumbnail","6":"product_cat-boat-hire-tenerife","7":"product_cat-boat-excursions","8":"wcpa_has_options","10":"first","11":"instock","12":"sale","13":"virtual","14":"purchasable","15":"product-type-simple"},"acf":[],"wcpa_form_fields":{"wcpaData":{"product":{"product_price":75,"price_html":"From&nbsp;<del aria-hidden=\"true\"><span class=\"woocommerce-Price-amount amount\"><bdi>85,00&nbsp;<span class=\"woocommerce-Price-currencySymbol\">&euro;<\/span><\/bdi><\/span><\/del> <span class=\"screen-reader-text\">Prvotna cena je bila: 85,00&nbsp;&euro;.<\/span><ins aria-hidden=\"true\"><span class=\"woocommerce-Price-amount amount\"><bdi>75,00&nbsp;<span class=\"woocommerce-Price-currencySymbol\">&euro;<\/span><\/bdi><\/span><\/ins><span class=\"screen-reader-text\">Trenutna cena je: 75,00&nbsp;&euro;.<\/span>","original_product_price":85,"price_including_tax":75,"price_excluding_tax":75,"product_id":{"parent":14959,"variation":false},"is_variable":false,"stock_status":"instock","stock_quantity":null,"parent_sku":"CV14959","product_attributes":[],"custom_fields":[],"is_taxable":false,"product_name":"Habana Sunseeker: Yacht Rental Tenerife","hasImage":false},"fields":{"sec_268657f5ea9e83":{"extra":{"key":"sec_268657f5ea9e83","section_id":"sec_268657f5ea9e83","name":"Trip Duration","status":1,"cl_rule":"show","enableCl":false,"relations":[],"toggle":true,"title_tag":"h4","show_title":false,"showPrice":"default","form_id":14965,"form_rules":{"exclude_from_discount":true,"fee_label":"Fee","disp_hide_options_price":true,"disp_show_section_price":false,"disp_show_field_price":true,"layout_option":"standard","pric_use_as_fee":false,"process_fee_as":"woo_fee"},"layout_option":"standard"},"fields":[[{"active":true,"col":6,"relations":false,"cl_rule":"show","enableCl":false,"price":"","enablePrice":false,"className":"","label_position":"default","desc_position":"default","type":"radio-group","required":false,"elementId":"radio-group_268657f5ea9eaa","label":"\u231b\ufe0f Trip Duration","name":"radio-group_268657f5ea9eaa","values":[{"label":"3 Hour Shared Trip (75\u20ac)","value":"Shared 3H","selected":false,"tempId":"aco_148","description":"Join a shared yacht tour along Tenerife\u2019s coast. Enjoy local snacks, open bar, swim stops, and great views. 3-hour group charters, up to 8 guests.","gt_translate_keys":["label","description"]},{"label":"Private Charter (From 680\u20ac)","value":"Private Charter","selected":false,"tempId":"aco_149","description":"Sail Tenerife\u2019s coast on a private yacht. Enjoy local snacks, open bar, swim stops, and full comfort. Choose 3 to 9-hour charters for up to 8 guests.","gt_translate_keys":["label","description"]}],"layOut":"","error":false,"checkUi":"toggle","options_description":true,"gt_translate_keys":["label"],"price_dependency":false,"cl_dependency":[false,false],"value":""}]]},"sec_868657f5ea9eba":{"extra":{"key":"sec_868657f5ea9eba","section_id":"sec_868657f5ea9eba","name":"Shared Trip","status":1,"cl_rule":"show","enableCl":true,"relations":[{"operator":false,"rules":[{"operator":"AND","rules":{"cl_field":"radio-group_268657f5ea9eaa","cl_relation":"is","cl_val":"Shared 3H"}}]}],"toggle":true,"title_tag":"h4","show_title":false,"showPrice":"default","form_id":14965,"form_rules":{"exclude_from_discount":true,"fee_label":"Fee","disp_hide_options_price":true,"disp_show_section_price":false,"disp_show_field_price":true,"layout_option":"standard","pric_use_as_fee":false,"process_fee_as":"woo_fee"},"layout_option":"standard"},"fields":[[{"label":"\ud83d\udcc5 Date","active":true,"required":true,"elementId":"date_968657f5ea9ec6","picker_type":"custom","picker_mode":"single","placeholder":"","description":"","tooltip":"","name":"date_968657f5ea9ec6","label_position":"default","desc_position":"default","enablePrice":false,"className":"","enableCl":false,"relations":[{"operator":"and","rules":[{"operator":"AND","rules":{"cl_field":"radio-group_367e16bf8dd4f5","cl_relation":"is","cl_val":"3 Hour Trip"}}]}],"enableDesign":false,"LabelColor":"","date_pic_inline":true,"date_pic_inline_hide":true,"min_date":{"type":"days","val":"2"},"max_date":{"type":"days","val":"365"},"date_pic_conf":{"disabledWeeks":[]},"price":"","cl_rule":"show","col":6,"type":"date","error":false,"isWeightTemplate":false,"isTemplate":false,"min_quantity":"1","quantity_decimal":false,"quantity_step":"1","quantity_label":"Quantity","repeater_field_label":"{field_label}","repeater_bind":"","gt_translate_keys":["label","placeholder","description","tooltip","repeater_field_label","quantity_label"],"price_dependency":false,"cl_dependency":false,"value":""}],[{"label":"\u23f0 Departure","active":true,"required":true,"elementId":"select_368657f5ea9ed0","dropdown_type":"basic","placeholder":"Select Departure Time","name":"select_368657f5ea9ed0","label_position":"default","desc_position":"default","enablePrice":false,"className":"","enableCl":false,"relations":[{"operator":false,"rules":[{"operator":"AND","rules":{"cl_field":"date_367e16bf8dd504","cl_relation":"week_day_is","cl_val":[1]}}]}],"values":[{"label":"9:00","value":"9:00","selected":false,"tempId":"aco_2695","gt_translate_keys":["label"]},{"label":"12:00","value":"12:00","selected":false,"tempId":"aco_2329","gt_translate_keys":["label"]},{"label":"15:00 (3:00 PM)","value":"15:00 (3:00 PM)","selected":false,"tempId":"aco_419","gt_translate_keys":["label"]},{"label":"18:00 (6:00 PM)","value":"18:00 (6:00 PM)","selected":false,"tempId":"aco_573","gt_translate_keys":["label"]}],"price":"","cl_rule":"show","col":6,"type":"select","error":false,"gt_translate_keys":["label","placeholder"],"price_dependency":false,"cl_dependency":false,"value":""}],[{"active":true,"col":6,"relations":false,"cl_rule":"show","enableCl":false,"price":"","enablePrice":false,"className":"","label_position":"default","desc_position":"default","type":"separator","required":false,"elementId":"separator_668657f5ea9edc","label":"Separator Field","height":"4","separatorType":"blank","error":false,"gt_translate_keys":["label"],"price_dependency":false,"cl_dependency":false,"value":""}],[{"active":true,"col":6,"relations":false,"cl_rule":"show","enableCl":false,"price":"75","enablePrice":true,"className":"","label_position":"default","desc_position":"default","type":"radio-group","required":false,"elementId":"radio-group_1068657f5ea9ee7","label":"","name":"radio-group_1068657f5ea9ee7","values":[{"label":"\ud83d\udc64 Adult (75\u20ac)","value":"Adult","selected":true,"tempId":"aco_2419","tooltip":"+11 Years","price":"50","gt_translate_keys":["label","tooltip"]}],"layOut":"","error":false,"checkUi":"button","options_description":true,"options_tooltip":true,"priceOptions":"fixed_for_all","pricingType":"fixed","is_show_price":false,"enable_quantity":true,"quantity_decimal":false,"quantity_step":"1","quantity_label":"","min_quantity":"0","max_quantity":"22","isWeightTemplate":false,"isTemplate":false,"repeater_field_label":"{field_label}","repeater_bind":"","gt_translate_keys":["label","repeater_field_label","quantity_label"],"price_dependency":false,"cl_dependency":false,"value":""}],[{"label":"","active":true,"required":false,"elementId":"radio-group_168657f5ea9ef2","name":"radio-group_168657f5ea9ef2","label_position":"default","desc_position":"default","enablePrice":true,"className":"","enableCl":false,"relations":false,"enable_quantity":true,"quantity_label":"","quantity_step":"1","quantity_decimal":false,"min_quantity":"0","checkUi":"button","layOut":"","options_tooltip":true,"options_description":true,"values":[{"label":"\ud83d\udc66 Child (50\u20ac)","value":"Child","selected":true,"tempId":"aco_2419","tooltip":"1-11 Years","price":"40","gt_translate_keys":["label","tooltip"]}],"priceOptions":"fixed_for_all","pricingType":"fixed","price":"50","is_show_price":false,"cl_rule":"show","col":6,"type":"radio-group","error":false,"max_quantity":"22","isWeightTemplate":false,"isTemplate":false,"repeater_field_label":"{field_label}","repeater_bind":"","gt_translate_keys":["label","repeater_field_label","quantity_label"],"price_dependency":false,"cl_dependency":false,"value":""}],[{"label":"","active":true,"required":false,"elementId":"radio-group_168657f5ea9efd","name":"radio-group_168657f5ea9efd","label_position":"default","desc_position":"default","enablePrice":true,"className":"","enableCl":false,"relations":false,"enable_quantity":true,"quantity_label":"","quantity_step":"1","quantity_decimal":false,"min_quantity":"0","max_quantity":"22","checkUi":"button","layOut":"","options_tooltip":true,"options_description":true,"values":[{"label":"\ud83d\udc76 Baby (Free)","value":"Baby","selected":true,"tempId":"aco_2419","tooltip":"0-11 Months","price":"40","gt_translate_keys":["label","tooltip"]}],"priceOptions":"fixed_for_all","pricingType":"fixed","price":"0","is_show_price":false,"cl_rule":"show","col":6,"type":"radio-group","error":false,"isWeightTemplate":false,"isTemplate":false,"repeater_field_label":"{field_label}","repeater_bind":"","gt_translate_keys":["label","repeater_field_label","quantity_label"],"price_dependency":false,"cl_dependency":false,"value":""}],[{"active":true,"col":6,"relations":false,"cl_rule":"show","enableCl":false,"price":"","enablePrice":false,"className":"","label_position":"default","desc_position":"default","type":"text","subtype":"text","required":false,"elementId":"text_8925665281","label":"\ud83d\ude8c Pickup Location (+10\u20ac\/person)","name":"text_8925665281","value":"","caseType":"default","isWeightTemplate":false,"error":false,"isTemplate":false,"min_quantity":"1","quantity_decimal":false,"quantity_step":"1","quantity_label":"Quantity","repeater_field_label":"{field_label}","repeater_bind":"","description":"Pick-up service in Tenerife South from Los Cristianos to Costa Adeje. Availability depends on advance reservation timing and day, as the VAN has limited seats. If no pickup point is provided, you'll need to arrive at the starting point in Puerto Col\u00f3n on your own. The price is 10\u20ac extra per person at arrival. Simply provide your address or hotel name.","gt_translate_keys":["label","description","value","repeater_field_label","quantity_label"],"price_dependency":false,"cl_dependency":false}]]},"sec_068657f5ea9f26":{"extra":{"key":"sec_068657f5ea9f26","section_id":"sec_068657f5ea9f26","name":"Private Charter","status":1,"cl_rule":"show","enableCl":true,"relations":[{"operator":false,"rules":[{"operator":"AND","rules":{"cl_field":"radio-group_268657f5ea9eaa","cl_relation":"is","cl_val":"Private Charter"}}]}],"toggle":true,"title_tag":"h4","show_title":false,"showPrice":"default","form_id":14965,"form_rules":{"exclude_from_discount":true,"fee_label":"Fee","disp_hide_options_price":true,"disp_show_section_price":false,"disp_show_field_price":true,"layout_option":"standard","pric_use_as_fee":false,"process_fee_as":"woo_fee"},"layout_option":"standard"},"fields":[[{"label":"\ud83d\udcc5 Date","active":true,"required":true,"elementId":"date_768657f5ea9f2f","picker_type":"custom","picker_mode":"single","placeholder":"","description":"","tooltip":"","name":"date_768657f5ea9f2f","label_position":"default","desc_position":"default","enablePrice":false,"className":"","enableCl":false,"relations":[{"operator":"and","rules":[{"operator":"AND","rules":{"cl_field":"radio-group_367e16bf8dd4f5","cl_relation":"is","cl_val":"3 Hour Trip"}}]}],"enableDesign":false,"LabelColor":"","date_pic_inline":true,"date_pic_inline_hide":true,"min_date":{"type":"days","val":"0"},"max_date":{"type":"days","val":"365"},"date_pic_conf":{"disabledWeeks":[]},"price":"","cl_rule":"show","col":6,"type":"date","error":false,"gt_translate_keys":["label","placeholder","description","tooltip"],"price_dependency":false,"cl_dependency":false,"value":""}],[{"label":"\u23f0 Departure","active":true,"required":true,"elementId":"select_1068657f5ea9f39","dropdown_type":"basic","placeholder":"Select Departure Time","name":"select_1068657f5ea9f39","label_position":"default","desc_position":"default","enablePrice":false,"className":"","enableCl":false,"relations":[{"operator":false,"rules":[{"operator":"AND","rules":{"cl_field":"date_367e16bf8dd504","cl_relation":"week_day_is","cl_val":[1]}}]}],"values":[{"label":"9:00","value":"9:00","selected":false,"tempId":"aco_2695","price":"0","gt_translate_keys":["label"]},{"label":"12:00","value":"12:00","selected":false,"tempId":"aco_2329","price":"0","gt_translate_keys":["label"]},{"label":"15:00","value":"15:00","selected":false,"tempId":"aco_2457","price":"0","gt_translate_keys":["label"]},{"label":"18:00","value":"18:00","selected":false,"tempId":"aco_19","price":"100","gt_translate_keys":["label"]}],"price":"","cl_rule":"show","col":6,"type":"select","error":false,"priceOptions":"different_for_all","pricingType":"fixed","is_show_price":true,"gt_translate_keys":["label","placeholder"],"price_dependency":false,"cl_dependency":false,"value":""}],[{"active":true,"col":6,"relations":false,"cl_rule":"show","enableCl":false,"price":"","enablePrice":false,"className":"","label_position":"default","desc_position":"default","type":"select","required":false,"elementId":"select_668657f5ea9f42","label":"\ud83d\udc64 Number of People","name":"select_668657f5ea9f42","values":[{"label":"1 Person","value":"1 Person","selected":false,"tempId":"aco_2241","gt_translate_keys":["label"]},{"label":"2 People","value":"2 People","selected":false,"tempId":"aco_2242","gt_translate_keys":["label"]},{"label":"3 People","value":"3 People","selected":false,"tempId":"aco_2243","gt_translate_keys":["label"]},{"label":"4 People","value":"4 People","selected":false,"tempId":"aco_2469","gt_translate_keys":["label"]},{"label":"5 People","value":"5 People","selected":false,"tempId":"aco_2479","gt_translate_keys":["label"]},{"label":"6 People","value":"6 People","selected":false,"tempId":"aco_2552","gt_translate_keys":["label"]},{"label":"7 People","value":"7 People","selected":false,"tempId":"aco_2562","gt_translate_keys":["label"]},{"label":"8 People","value":"8 People","selected":false,"tempId":"aco_2626","gt_translate_keys":["label"]}],"dropdown_type":"basic","error":false,"placeholder":"Select Amount of People","gt_translate_keys":["label","placeholder"],"price_dependency":false,"cl_dependency":false,"value":""}],[{"active":true,"col":6,"relations":false,"cl_rule":"show","enableCl":false,"price":"","enablePrice":true,"className":"","label_position":"default","desc_position":"default","type":"select","required":false,"elementId":"select_568657f5ea9f4c","label":"\u231b\ufe0f Charter Duration (From 680\u20ac)","name":"select_568657f5ea9f4c","values":[{"label":"3 Hours (From 680\u20ac)","value":"3","selected":false,"tempId":"aco_3241","price":"680","gt_translate_keys":["label"]},{"label":"6 Hours (From 1.300\u20ac)","value":"6","selected":false,"tempId":"aco_2149","price":"1300","gt_translate_keys":["label"]},{"label":"9 Hours (From 1.950\u20ac)","value":"9","selected":false,"tempId":"aco_1724","price":"1950","gt_translate_keys":["label"]}],"dropdown_type":"basic","error":false,"placeholder":"Select Duration Time","priceOptions":"different_for_all","pricingType":"fixed","is_show_price":false,"isWeightTemplate":false,"isTemplate":false,"min_quantity":"1","quantity_decimal":false,"quantity_step":"1","quantity_label":"Quantity","repeater_field_label":"{field_label}","repeater_bind":"","gt_translate_keys":["label","placeholder","repeater_field_label","quantity_label"],"price_dependency":false,"cl_dependency":false,"value":""}],[{"active":true,"col":6,"relations":false,"cl_rule":"show","enableCl":false,"price":"","enablePrice":false,"className":"","label_position":"default","desc_position":"default","type":"separator","required":false,"elementId":"separator_868657f5ea9f56","label":"Separator Field","height":"3","separatorType":"blank","error":false,"gt_translate_keys":["label"],"price_dependency":false,"cl_dependency":false,"value":""}],[{"label":"\ud83d\ude8c Pickup Location (+30\u20ac\/Reservation)","active":true,"required":false,"elementId":"text-8945671315","value":"","description":"Pick-up service in Tenerife South from Los Cristianos to Costa Adeje. Availability depends on advance reservation timing and day, as the VAN has limited seats. If no pickup point is provided, you'll need to arrive at the starting point in Puerto Col\u00f3n on your own. The price is 30\u20ac extra for the entire reservation at arrival. Simply provide your address or hotel name.","name":"text-8945671315","label_position":"default","desc_position":"default","enablePrice":false,"className":"","enableCl":false,"relations":false,"repeater_bind":"","repeater_field_label":"{field_label}","quantity_label":"Quantity","quantity_step":"1","quantity_decimal":false,"min_quantity":"1","subtype":"text","caseType":"default","isTemplate":false,"price":"","isWeightTemplate":false,"cl_rule":"show","col":6,"type":"text","error":false,"gt_translate_keys":["label","description","value","repeater_field_label","quantity_label"],"price_dependency":false,"cl_dependency":false}]]}},"config":{"price_override":"always","enable_recaptcha":false,"bind_quantity":false,"quantity_bind_formula":false,"disp_summ_show_option_price":true,"disp_summ_show_product_price":false,"disp_summ_show_total_price":true,"disp_summ_show_fee":true,"disp_summ_show_discount":true,"summary_title":"","options_total_label":"Options Price","total_label":"Total Amount Now","options_product_label":"Product Price","fee_label":"Fee","discount_label":"Discount","has_price":true,"has_quantity_formula":false},"mc_unit":1,"tax_rate":1,"tax_rate_real":1,"discount":{"percentage":0,"fixed":0},"design":{"conf":{"LabelPosition":"above","DescPosition":"above","UploadField":"custom_1","QuantityFieldStyle":"custom_1"},"css":{"LeftLabelWidth":"120px"}},"formulas":{"fmla_1708364241278155361":"(({field.select_568657f5ea9f4c.value}>=9)?(450):(({field.select_568657f5ea9f4c.value}>=6)?(300):(({field.select_568657f5ea9f4c.value}>=3)?(180):(0))))","fmla_1742826688120818082":"(({field.select_568657f5ea9f4c.value}>=9)?(1500):(({field.select_568657f5ea9f4c.value}>=6)?(1000):(({field.select_568657f5ea9f4c.value}>=3)?(500):(0))))"},"lookuptables":[],"clones":false,"cartKey":false}},"_links":{"self":[{"href":"https:\/\/canaryvip.com\/sl\/wp-json\/wp\/v2\/product\/14959","targetHints":{"allow":["GET"]}}],"collection":[{"href":"https:\/\/canaryvip.com\/sl\/wp-json\/wp\/v2\/product"}],"about":[{"href":"https:\/\/canaryvip.com\/sl\/wp-json\/wp\/v2\/types\/product"}],"replies":[{"embeddable":true,"href":"https:\/\/canaryvip.com\/sl\/wp-json\/wp\/v2\/comments?post=14959"}],"wp:featuredmedia":[{"embeddable":true,"href":"https:\/\/canaryvip.com\/sl\/wp-json\/wp\/v2\/media\/14960"}],"wp:attachment":[{"href":"https:\/\/canaryvip.com\/sl\/wp-json\/wp\/v2\/media?parent=14959"}],"wp:term":[{"taxonomy":"product_brand","embeddable":true,"href":"https:\/\/canaryvip.com\/sl\/wp-json\/wp\/v2\/product_brand?post=14959"},{"taxonomy":"product_cat","embeddable":true,"href":"https:\/\/canaryvip.com\/sl\/wp-json\/wp\/v2\/product_cat?post=14959"},{"taxonomy":"product_tag","embeddable":true,"href":"https:\/\/canaryvip.com\/sl\/wp-json\/wp\/v2\/product_tag?post=14959"}],"curies":[{"name":"wp","href":"https:\/\/api.w.org\/{rel}","templated":true}]}}