{"id":14185,"date":"2025-04-11T10:44:51","date_gmt":"2025-04-11T09:44:51","guid":{"rendered":"https:\/\/canaryvip.com\/?post_type=product&#038;p=14185"},"modified":"2025-08-09T13:53:28","modified_gmt":"2025-08-09T12:53:28","slug":"jetski-circuit-tenerife","status":"publish","type":"product","link":"https:\/\/canaryvip.com\/sl\/shop\/jetski-circuit-tenerife\/","title":{"rendered":"JetSki Circuit Tenerife"},"content":{"rendered":"<h2>\ud83d\udea4 20 minut Jetski Circuit Tenerife<\/h2>\n<p>I\u0161\u010dete hitro in vznemirljivo dejavnost, s katero bi svoje po\u010ditnice na Tenerifih naredili \u0161e bolj nepozabne? Na spletni strani . <strong>Jetski Circuit Tenerife<\/strong> je odli\u010dna izbira, \u010de \u017eelite hitrost, morje in adrenalin, ne da bi porabili ve\u010d ur za ogled. To je 20-minutno do\u017eivetje, ki vam omogo\u010da svobodno vo\u017enjo z vodnim skuterjem v lastnem tempu, v varnem in nadzorovanem okolju, neposredno v oceanu blizu Playa Fa\u00f1ab\u00e9.<\/p>\n<h3>\ud83c\udf0a Kaj je vodni skuter?<\/h3>\n<p>To ni <a href=\"https:\/\/canaryvip.com\/sl\/shop\/jetski-tenerife\/\">Voden ogled obale s smu\u010dmi JetSki<\/a> ali safari. Proga za vodne skuterje je ozna\u010dena z bojami na morju, blizu obale med Puerto Col\u00f3n in Playa Fa\u00f1ab\u00e9. V 20-minutnem treningu boste to progo prevozili tolikokrat, kolikor boste \u017eeleli. Obmo\u010dje nadzirajo in\u0161truktorji, zato lahko mirno u\u017eivate v vznemirljivem do\u017eivetju.<\/p>\n<p>To je idealen na\u010din, da preizkusite vo\u017enjo z vodnim skuterjem, \u010de vam primanjkuje \u010dasa ali \u010de si \u017eelite le hitre zabave. Ne glede na to, ali to po\u010dnete sami, s prijatelji ali v paru, je to zagotovljena spodbuda za energijo med dnevom na pla\u017ei.<\/p>\n<h3>\ud83d\udccd Kje se to zgodi in kako priti tja<\/h3>\n<p>Dejavnost poteka v oceanu tik ob <a href=\"https:\/\/maps.app.goo.gl\/n9D5BT5K5VsxNcbH7\" target=\"_blank\" rel=\"noopener\"><strong>Puerto Col\u00f3n,<\/strong><\/a> , ki je ena od glavnih marin v Costa Adeje. Do nje lahko zlahka pridete pe\u0161 ali s taksijem, \u010de pa ste na pla\u017ei, vam to \u0161e olaj\u0161amo - ponujamo vam <strong>brezpla\u010den prevzem \u010dolna<\/strong> storitev z ve\u010d bli\u017enjih pla\u017e:<\/p>\n<ul>\n<li>\ud83c\udfd6\ufe0f Playa de Troya<\/li>\n<li>\ud83c\udfd6\ufe0f Playa Fa\u00f1ab\u00e9<\/li>\n<li>\ud83c\udfd6\ufe0f Playa Torviscas<\/li>\n<li>\ud83c\udfd6\ufe0f Playa del Duque<\/li>\n<li>\u26f5 Puerto Col\u00f3n<\/li>\n<\/ul>\n<p>Ob rezervaciji nam sporo\u010dite \u017eeleno pla\u017eo za prevzem in eden od \u010dlanov ekipe vas bo s \u010dolnom pripeljal do izhodi\u0161\u010dne to\u010dke. To je hitro, enostavno in je del do\u017eivetja.<\/p>\n<h3>\u2699\ufe0f Kaj je vklju\u010deno<\/h3>\n<p>Vklju\u010deno je vse, kar potrebujete za zabavno in varno vo\u017enjo:<\/p>\n<ul>\n<li>\u2705 20 minut vo\u017enje z vodnimi skuterji v ozna\u010denem krogu na odprtem morju<\/li>\n<li>\u2705 Sodobni vodni skuterji Yamaha, enostavni za upravljanje in zelo stabilni<\/li>\n<li>\u2705 Re\u0161ilni jopi\u010d za vse udele\u017eence.<\/li>\n<li>\u2705 Varnostna navodila in nadzor s strani usposobljenih in\u0161truktorjev<\/li>\n<\/ul>\n<p>Predhodne izku\u0161nje niso potrebne. Pred za\u010detkom vam bo na\u0161a ekipa razlo\u017eila, kako vse deluje, da boste samozavestni in pripravljeni u\u017eivati v izku\u0161nji \u017ee od prve sekunde.<\/p>\n<h3>\ud83d\udc65 Kdo se lahko pridru\u017ei?<\/h3>\n<p>Ta dejavnost je primerna za skoraj vsakogar, \u010de se dobro po\u010dutite v vodi. To je odli\u010dna mo\u017enost za ljudi, ki i\u0161\u010dejo malo pustolov\u0161\u010dine, ne da bi se odlo\u010dili za celodnevni na\u010drt.<\/p>\n<ul>\n<li>\u2714\ufe0f Vozniki morajo biti stari najmanj 16 let in imeti pisno soglasje star\u0161ev.<\/li>\n<li>\u2714\ufe0f Mlaj\u0161i udele\u017eenci se lahko pridru\u017eijo kot potniki z odraslo osebo.<\/li>\n<li>\ud83d\udeab Ni primerno za nose\u010dnice.<\/li>\n<\/ul>\n<h3>\ud83d\udccb Dobro je vedeti, preden gre\u0161<\/h3>\n<ul>\n<li>\ud83d\udd52 Prosimo, da pridete 30 minut pred rezerviranim \u010dasom<\/li>\n<li>\ud83c\udf7d\ufe0f Pred aktivnostjo se izogibajte te\u017ekim obrokom, da prepre\u010dite nelagodje.<\/li>\n<li>\ud83d\udc59 S seboj prinesite kopalke, brisa\u010do in kremo za son\u010denje.<\/li>\n<li>\ud83d\udc63 Med vo\u017enjo bodo va\u0161i \u010devlji in osebne stvari varno shranjeni.<\/li>\n<\/ul>\n<h3>\ud83d\udcac Zakaj izbrati Jetski Circuit Tenerife?<\/h3>\n<p>Ta izku\u0161nja je hitra, cenovno ugodna in polna navdu\u0161enja. Idealno je, \u010de \u017eelite okusiti vo\u017enjo z vodnim skuterjem, ne da bi polovico dneva pre\u017eiveli na vodi. Proga je blizu obale, je lahko dostopna in idealna za za\u010detnike ali vse, ki si na dopustu \u017eelijo le malo akcije.<\/p>\n<p>Do\u017eiveli boste enako navdu\u0161enje kot na dalj\u0161em izletu, vendar v kratkem in osredoto\u010denem sre\u010danju, ki se odli\u010dno prilega va\u0161im na\u010drtom. Ne glede na to, ali bivate v bli\u017eini ali ste na obisku za en dan, je to ena najbolj\u0161ih hitrih pustolov\u0161\u010din v Costa Adeje.<\/p>\n<h3>\u2696\ufe0f Pravila odpovedi<\/h3>\n<p>Zavedamo se, da se na\u010drti lahko spremenijo, zlasti na po\u010ditnicah. Zato za Jetski Circuit ponujamo prilagodljivo politiko odpovedi:<\/p>\n<ul>\n<li>\u2705 Brezpla\u010dna odpoved do 24 ur pred na\u010drtovano sejo.<\/li>\n<li>\u2705 Celotno povra\u010dilo, \u010de je dejavnost odpovedana zaradi vremenskih ali varnostnih razmer.<\/li>\n<li>\u274c Za odpovedi, ki so opravljene manj kot 24 ur pred za\u010detkom dejavnosti, se denar ne vra\u010da.<\/li>\n<li>\u274c Prikazov ni mogo\u010de povrniti v nobenem primeru.<\/li>\n<\/ul>\n<p>\u010ce morate odpovedati ali prestaviti termin, nas \u010dim prej kontaktirajte, da vam lahko pomagamo. Tukaj smo, da vam pomagamo mirno u\u017eivati v va\u0161i izku\u0161nji.<\/p>\n<h3>\ud83c\udf1e Rezervirajte svoj vodni skuter zdaj<\/h3>\n<p>Ne zamudite prilo\u017enosti, da se zapeljete na valove na enem od najlep\u0161ih krajev na Tenerifih. Ne glede na to, ali pridete sami ali v dru\u017ebi, vas <strong>Jetski Circuit Tenerife<\/strong> je odli\u010den na\u010din, da svojemu bivanju na otoku dodate nekaj adrenalina in zabave.<\/p>\n<p><strong>Rezervirajte svoje mesto \u0161e danes<\/strong> in se pripravite na 20 minut neprekinjene akcije v vodah Puerto Col\u00f3n.<\/p>","protected":false},"excerpt":{"rendered":"<p><strong>\ud83d\udd0d JetSki Circuit Tenerife:<\/strong><br \/>\n<span>\u2705 Varno pla\u010dilo.<\/span><br \/>\n<span>\ud83c\udf1f Nepozabna izku\u0161nja.<\/span><br \/>\n<span>\ud83d\ude80 20-minutni krog.<\/span><br \/>\n<span>\ud83d\udcc6 Na voljo vsak dan.<\/span><br \/>\n<span>\ud83d\udd59 Ve\u010d \u010dasovnih okvirov.<\/span><br \/>\n<span>\ud83d\udc66 +7 let se lahko pridru\u017eite.<\/span><br \/>\n<span>\ud83d\udc64 +16 let lahko vozite.<\/span><br \/>\n<span>\ud83e\udd11 Zagotovljena najbolj\u0161a cena.<\/span><br \/>\n<span>\ud83d\udc6a Aktivirani popusti.<\/span><br \/>\n<span>\ud83d\udd01 Do 24 ur Odpoved.<\/span><br \/>\n<span>\ud83c\udf1f Rezervirajte zdaj in prihranite!<\/span><span><br \/>\n\ud83d\udea4 Ve\u010d prevzemnih mest.<br \/>\n\ud83d\udccd Lokacija: Puerto Col\u00f3n.<br \/>\n<\/span><\/p>","protected":false},"featured_media":14189,"comment_status":"open","ping_status":"closed","template":"","meta":{"_acf_changed":false},"product_brand":[],"product_cat":[53],"product_tag":[],"class_list":{"0":"post-14185","1":"product","2":"type-product","3":"status-publish","4":"has-post-thumbnail","6":"product_cat-water-sports","7":"wcpa_has_options","9":"first","10":"instock","11":"virtual","12":"purchasable","13":"product-type-simple"},"acf":[],"wcpa_form_fields":{"wcpaData":{"product":{"product_price":60,"price_html":"From&nbsp;<span class=\"woocommerce-Price-amount amount\"><bdi>60,00&nbsp;<span class=\"woocommerce-Price-currencySymbol\">&euro;<\/span><\/bdi><\/span>","original_product_price":60,"price_including_tax":60,"price_excluding_tax":60,"product_id":{"parent":14185,"variation":false},"is_variable":false,"stock_status":"instock","stock_quantity":null,"parent_sku":"CV14185","product_attributes":[],"custom_fields":[],"is_taxable":false,"product_name":"JetSki Circuit Tenerife","hasImage":false},"fields":{"sec_867f8e4dbaf8ed":{"extra":{"key":"sec_867f8e4dbaf8ed","section_id":"sec_867f8e4dbaf8ed","name":"Default","status":1,"cl_rule":"show","enableCl":false,"relations":[],"toggle":true,"title_tag":"h3","show_title":false,"showPrice":"default","form_id":14187,"form_rules":{"exclude_from_discount":true,"fee_label":"Fee","disp_hide_options_price":true,"disp_show_section_price":false,"disp_show_field_price":true,"layout_option":"standard","pric_use_as_fee":false,"process_fee_as":"woo_fee"},"layout_option":"standard"},"fields":[[{"label":"\ud83d\udcc5 Date","active":true,"required":true,"elementId":"date_1067f8e4dbaf91a","picker_type":"custom","picker_mode":"single","placeholder":"","description":"","tooltip":"","name":"date_1067f8e4dbaf91a","label_position":"default","desc_position":"default","enablePrice":false,"className":"","enableCl":false,"relations":[{"operator":"and","rules":[{"operator":"AND","rules":{"cl_field":"radio-group_667e15d3bd15b0","cl_relation":"is","cl_val":"3 Hour Trip"}}]}],"date_pic_inline":true,"date_pic_inline_hide":true,"min_date":{"type":"days","val":"0"},"max_date":{"type":"days","val":"365"},"date_pic_conf":{"disabledWeeks":[]},"price":"","cl_rule":"show","col":6,"type":"date","error":false,"enableDesign":false,"LabelColor":"","gt_translate_keys":["label","placeholder","description","tooltip"],"price_dependency":false,"cl_dependency":false,"value":""}],[{"active":true,"col":6,"relations":false,"cl_rule":"show","enableCl":false,"price":"","enablePrice":false,"className":"","label_position":"default","desc_position":"default","type":"select","required":false,"elementId":"select_067f8e4dbaf935","label":"\ud83d\udccd Departure Point","name":"select_067f8e4dbaf935","values":[{"label":"Puerto Col\u00f3n","value":"Puerto Col\u00f3n","selected":true,"tempId":"aco_841","gt_translate_keys":["label"]},{"label":"Troya Beach","value":"Troya Beach","selected":false,"tempId":"aco_481","gt_translate_keys":["label"]},{"label":"Fa\u00f1ab\u00e9 Beach","value":"Fa\u00f1ab\u00e9 Beach","selected":false,"tempId":"aco_482","gt_translate_keys":["label"]},{"label":"Torviscas Beach","value":"Torviscas Beach","selected":false,"tempId":"aco_515","gt_translate_keys":["label"]},{"label":"El Duque Beach","value":"El Duque Beach","selected":false,"tempId":"aco_678","gt_translate_keys":["label"]}],"dropdown_type":"basic","error":false,"gt_translate_keys":["label"],"price_dependency":false,"cl_dependency":false,"value":""}],[{"active":true,"col":6,"relations":[{"operator":false,"rules":[{"operator":"AND","rules":{"cl_field":"radio-group_667e15d3bd15b0","cl_relation":"is","cl_val":"3 Hour Trip"}}]}],"cl_rule":"show","enableCl":false,"price":"","enablePrice":false,"className":"","label_position":"default","desc_position":"default","type":"select","required":true,"elementId":"select_067f8e4dbaf94d","label":"\u23f0 Departure Time","name":"select_067f8e4dbaf94d","values":[{"label":"11:00","value":"11:00","selected":false,"tempId":"aco_281","gt_translate_keys":["label"]},{"label":"12:00","value":"12:00","selected":false,"tempId":"aco_381","gt_translate_keys":["label"]},{"label":"13:00","value":"13:00","selected":false,"tempId":"aco_1058","gt_translate_keys":["label"]},{"label":"15:00","value":"15:00","selected":false,"tempId":"aco_444","gt_translate_keys":["label"]},{"label":"16:00","value":"16:00","selected":false,"tempId":"aco_454","gt_translate_keys":["label"]}],"dropdown_type":"basic","error":false,"placeholder":"Select Departure Time","priceOptions":"different_for_all","pricingType":"custom","isTemplate":false,"is_show_price":true,"gt_translate_keys":["label","placeholder"],"price_dependency":false,"cl_dependency":false,"value":""}]]},"sec_767f8e4dbaf94e":{"extra":{"key":"sec_767f8e4dbaf94e","section_id":"sec_767f8e4dbaf94e","name":"20 min Circuit Puerto Col\u00f3n","status":1,"cl_rule":"show","enableCl":false,"relations":[{"operator":false,"rules":[{"operator":"AND","rules":{"cl_field":"radio-group_667e15d3bd15b0","cl_relation":"is","cl_val":"1 Hour Trip"}}]}],"toggle":true,"title_tag":"h4","show_title":false,"showPrice":"default","form_id":14187,"form_rules":{"exclude_from_discount":true,"fee_label":"Fee","disp_hide_options_price":true,"disp_show_section_price":false,"disp_show_field_price":true,"layout_option":"standard","pric_use_as_fee":false,"process_fee_as":"woo_fee"},"layout_option":"standard"},"fields":[[{"contentType":"rich","active":true,"label":"","elementId":"content_667f8e4dbaf968","value":"<p>\ud83c\udf9f\ufe0f <strong>Reservation<\/strong>: Pay only a deposit now to reserve; the rest is due on the day of the activity upon arrival.<\/p>","inline":true,"name":"content_667f8e4dbaf968","enablePrice":false,"className":"","subtype":"div","enableCl":false,"relations":false,"price":"","cl_rule":"show","col":6,"type":"content","error":false,"show_in_checkout":true,"enableDesign":true,"LabelSize":"14px","DescSize":"14px","gt_translate_keys":["label","value"],"price_dependency":false,"cl_dependency":false}],[{"active":true,"col":6,"relations":false,"cl_rule":"show","enableCl":false,"price":"","enablePrice":false,"className":"","label_position":"default","desc_position":"default","type":"content","required":false,"elementId":"content_567f8e4dbaf980","label":"Number of Jet Skis","name":"content_567f8e4dbaf980","contentType":"plain","value":"","error":false,"show_in_checkout":true,"inline":false,"gt_translate_keys":["label","value"],"price_dependency":false,"cl_dependency":false}],[{"active":true,"col":6,"relations":[{"operator":false,"rules":[{"operator":"AND","rules":{"cl_field":"","cl_relation":"","cl_val":""}}]}],"cl_rule":"show","enableCl":false,"price":"60","enablePrice":true,"className":"","label_position":"default","desc_position":"default","type":"radio-group","required":false,"elementId":"radio-group_667f8e4dbaf99e","label":"","name":"radio-group_667f8e4dbaf99e","values":[{"label":"\ud83d\udc64 Single JetSki (60\u20ac)","value":"Single JetSki","selected":true,"tempId":"aco_32","tooltip":"1 Person on the JetSki.","description":"","gt_translate_keys":["label","tooltip","description"]}],"layOut":"","error":false,"checkUi":"button","priceOptions":"fixed_for_all","pricingType":"fixed","enable_quantity":true,"quantity_label":"","min_quantity":"0","options_tooltip":true,"options_description":true,"is_show_price":true,"gt_translate_keys":["label","quantity_label"],"price_dependency":["content_467f8e4dbaf9f8","content_067f8e4dbafa11","content_467f8e4dbafa29"],"cl_dependency":false,"value":""}],[{"label":"","active":true,"required":false,"elementId":"radio-group_367f8e4dbaf9bb","name":"radio-group_367f8e4dbaf9bb","label_position":"default","desc_position":"default","enablePrice":true,"className":"","enableCl":false,"relations":false,"enable_quantity":true,"quantity_label":"","min_quantity":"0","checkUi":"button","layOut":"","values":[{"label":"\ud83d\udc65 Double JetSki (70\u20ac)","value":"Double JetSki","selected":true,"tempId":"aco_32","tooltip":"2 People on the same JetSki.","description":"","gt_translate_keys":["label","tooltip","description"]}],"priceOptions":"fixed_for_all","pricingType":"fixed","price":"70","cl_rule":"show","col":6,"type":"radio-group","error":false,"options_tooltip":true,"options_description":true,"is_show_price":true,"quantity_decimal":false,"quantity_step":"1","gt_translate_keys":["label","quantity_label"],"price_dependency":["content_467f8e4dbaf9f8","content_067f8e4dbafa11","content_467f8e4dbafa29"],"cl_dependency":false,"value":""}],[{"elementId":"separator_367f8e4dbaf9d6","separatorType":"fill","separatorColor":"#66a6b6","className":"","height":"3","enableCl":false,"relations":false,"cl_rule":"show","col":6,"type":"separator","gt_translate_keys":[],"price_dependency":false,"cl_dependency":false,"value":""}],[{"active":true,"col":6,"relations":false,"cl_rule":"show","enableCl":false,"price":"({field.radio-group_667f8e4dbaf99e.price}*0.30) + ({field.radio-group_367f8e4dbaf9bb.price}*0.30)","enablePrice":true,"className":"","label_position":"default","desc_position":"default","type":"content","required":false,"elementId":"content_467f8e4dbaf9f8","label":"Deposit Now","name":"content_467f8e4dbaf9f8","contentType":"plain","value":"","error":false,"pricingType":"custom","isTemplate":false,"is_show_price":false,"enableDesign":true,"scrollBar":false,"use_as_fee":false,"fee_label":"","inline":true,"show_in_checkout":true,"subtype":"div","LabelSize":"14px","LabelColor":"","gt_translate_keys":["label","value"],"price_dependency":false,"cl_dependency":false}],[{"contentType":"plain","active":true,"label":"Payment at Arrival","elementId":"content_067f8e4dbafa11","value":"","inline":true,"show_in_checkout":true,"name":"content_067f8e4dbafa11","enablePrice":true,"className":"","fee_label":"","subtype":"div","enableCl":false,"relations":[{"operator":false,"rules":[{"operator":"AND","rules":{"cl_field":"content_467f8e4dbaf9f8","cl_relation":"is_not_empty","cl_val":""}}]}],"scrollBar":false,"enableDesign":true,"pricingType":"custom","isTemplate":false,"price":"({field.radio-group_667f8e4dbaf99e.price}*0.70) + ({field.radio-group_367f8e4dbaf9bb.price}*0.70)","use_as_fee":false,"is_show_price":true,"cl_rule":"disable","col":6,"type":"content","error":false,"LabelSize":"14px","LabelColor":"","gt_translate_keys":["label","value"],"price_dependency":false,"cl_dependency":false}],[{"contentType":"plain","active":true,"label":"Total Amount","elementId":"content_467f8e4dbafa29","value":"","inline":true,"show_in_checkout":true,"name":"content_467f8e4dbafa29","enablePrice":true,"className":"","fee_label":"","subtype":"div","enableCl":false,"relations":[{"operator":false,"rules":[{"operator":"AND","rules":{"cl_field":"content_467f8e4dbaf9f8","cl_relation":"is_not_empty","cl_val":""}}]}],"scrollBar":false,"enableDesign":true,"LabelColor":"","LabelSize":"14px","pricingType":"custom","isTemplate":false,"price":"({field.radio-group_667f8e4dbaf99e.price}) + ({field.radio-group_367f8e4dbaf9bb.price})","use_as_fee":false,"is_show_price":true,"cl_rule":"disable","col":6,"type":"content","error":false,"gt_translate_keys":["label","value"],"price_dependency":false,"cl_dependency":false}]]},"sec_367f8e4dbafa2b":{"extra":{"key":"sec_367f8e4dbafa2b","section_id":"sec_367f8e4dbafa2b","name":"Pickup Location","status":1,"cl_rule":"show","enableCl":true,"relations":[{"operator":false,"rules":[{"operator":"AND","rules":{"cl_field":"radio-group_667e15d3bd15b0","cl_relation":"is_not","cl_val":"2.5 Hour Trip"}}]}],"toggle":true,"title_tag":"h4","show_title":false,"showPrice":"default","form_id":14187,"form_rules":{"exclude_from_discount":true,"fee_label":"Fee","disp_hide_options_price":true,"disp_show_section_price":false,"disp_show_field_price":true,"layout_option":"standard","pric_use_as_fee":false,"process_fee_as":"woo_fee"},"layout_option":"standard"},"fields":[[{"active":true,"col":6,"relations":false,"cl_rule":"show","enableCl":false,"price":"","enablePrice":false,"className":"","label_position":"default","desc_position":"default","type":"separator","required":false,"elementId":"separator_367f8e4dbafa53","label":"Separator Field","height":"1","separatorType":"blank","error":false,"gt_translate_keys":["label"],"price_dependency":false,"cl_dependency":false,"value":""}],[{"active":true,"col":6,"relations":[{"operator":false,"rules":[{"operator":false,"rules":{"cl_field":"radio-group_667e15d3bd15b0","cl_relation":"is_not","cl_val":"4.5 Hour Trip from North Tenerife"}}]}],"cl_rule":"show","enableCl":false,"price":"","enablePrice":false,"className":"","label_position":"default","desc_position":"default","type":"text","subtype":"text","required":false,"elementId":"text_867f8e4dbafa67","label":"\ud83d\ude8c Pickup Location","name":"text_867f8e4dbafa67","value":"","error":false,"description":"Pick-up service in some locations. Simply provide your address or hotel name. (+2\u20ac\/person paid at pickup to the driver)","repeater":false,"repeater_field_label":"{field_label}","repeater_bind":"","gt_translate_keys":["label","description","value","repeater_field_label"],"price_dependency":false,"cl_dependency":false}]]}},"config":{"price_override":"always","enable_recaptcha":false,"bind_quantity":false,"quantity_bind_formula":false,"disp_summ_show_option_price":true,"disp_summ_show_product_price":false,"disp_summ_show_total_price":false,"disp_summ_show_fee":true,"disp_summ_show_discount":true,"summary_title":"","options_total_label":"Options Price","total_label":"Deposit Amount","options_product_label":"Product Price","fee_label":"Fee","discount_label":"Discount","has_price":true,"has_quantity_formula":false},"mc_unit":1,"tax_rate":1,"tax_rate_real":1,"discount":{"percentage":0,"fixed":0},"design":{"conf":{"LabelPosition":"above","DescPosition":"above","UploadField":"custom_1","QuantityFieldStyle":"custom_1"},"css":{"LeftLabelWidth":"120px"}},"formulas":[],"lookuptables":[],"clones":false,"cartKey":false}},"_links":{"self":[{"href":"https:\/\/canaryvip.com\/sl\/wp-json\/wp\/v2\/product\/14185","targetHints":{"allow":["GET"]}}],"collection":[{"href":"https:\/\/canaryvip.com\/sl\/wp-json\/wp\/v2\/product"}],"about":[{"href":"https:\/\/canaryvip.com\/sl\/wp-json\/wp\/v2\/types\/product"}],"replies":[{"embeddable":true,"href":"https:\/\/canaryvip.com\/sl\/wp-json\/wp\/v2\/comments?post=14185"}],"wp:featuredmedia":[{"embeddable":true,"href":"https:\/\/canaryvip.com\/sl\/wp-json\/wp\/v2\/media\/14189"}],"wp:attachment":[{"href":"https:\/\/canaryvip.com\/sl\/wp-json\/wp\/v2\/media?parent=14185"}],"wp:term":[{"taxonomy":"product_brand","embeddable":true,"href":"https:\/\/canaryvip.com\/sl\/wp-json\/wp\/v2\/product_brand?post=14185"},{"taxonomy":"product_cat","embeddable":true,"href":"https:\/\/canaryvip.com\/sl\/wp-json\/wp\/v2\/product_cat?post=14185"},{"taxonomy":"product_tag","embeddable":true,"href":"https:\/\/canaryvip.com\/sl\/wp-json\/wp\/v2\/product_tag?post=14185"}],"curies":[{"name":"wp","href":"https:\/\/api.w.org\/{rel}","templated":true}]}}