{"id":13561,"date":"2025-01-14T14:45:28","date_gmt":"2025-01-14T14:45:28","guid":{"rendered":"https:\/\/canaryvip.com\/?post_type=product&#038;p=13561"},"modified":"2025-09-18T12:18:23","modified_gmt":"2025-09-18T11:18:23","slug":"shogun-boat-tour-tenerife","status":"publish","type":"product","link":"https:\/\/canaryvip.com\/sl\/shop\/shogun-boat-tour-tenerife\/","title":{"rendered":"Shogun Boat Tour Tenerife"},"content":{"rendered":"<h2>\ud83d\udea2 Podajte se na izlet z ladjo Shogun na Tenerifih<\/h2>\n<p class=\"translation-block\">Odkrijte \u010darobnost <strong>izleta z ladjo \u0160ogun,<\/strong> nepozabnega potovanja z avtenti\u010dno orientalsko jadrnico, ki je bila prvotno zasnovana za zasebno uporabo arabskega \u0161ejka. Ta 26-metrska jadrnica, v celoti izdelana iz trdega tikovega lesa, ponuja edinstveno in razko\u0161no izku\u0161njo za popotnike, ki i\u0161\u010dejo izjemno <a href=\"https:\/\/canaryvip.com\/sl\/tenerife\/boat-excursions\/\" target=\"_self\"><strong>Tenerife boat tour.<\/strong><\/a><\/p>\n<p class=\"translation-block\">Ladja <strong>Shogun Boat Tenerife<\/strong> se ne odlikuje le po svoji osupljivi zasnovi, temve\u010d tudi po svoji zavezanosti ohranjanju morskega \u017eivljenja. Na njem je ponosno izobe\u0161ena rumena zastava z modro oznako \u010dolna, ki zagotavlja eti\u010dno opazovanje kitov in delfinov, pri \u010demer daje prednost dobrobiti teh \u010dudovitih bitij.<\/p>\n<h3>\ud83d\udc0b Do\u017eivite spektakularno morsko \u017eivljenje<\/h3>\n<p class=\"translation-block\">Vode ju\u017ene obale Tenerifov so zaradi toplih temperatur, ki se vse leto gibljejo med 17 in 24 \u00b0C, raj za morsko \u017eivljenje. Na tem <strong>izletu z ladjo po Tenerifih,<\/strong> boste imeli prilo\u017enost videti stalne vrste, kot so pilotski kiti in delfini, pa tudi selitvene vrste, kot so plavutono\u017eci, spermiji in navadni delfini.<\/p>\n<p class=\"translation-block\">Izlet vklju\u010duje 5-urno pustolov\u0161\u010dino z odhodom iz <strong>Puerto Col\u00f3n.<\/strong> Odpravili se boste na pot, da bi opazili te neverjetne kite v njihovem naravnem okolju, in jih do 30 minut opazovali, nato pa se odpravili do dramati\u010dnih klifov Los Gigantes in mirnega zaliva Masca. Tam se boste zasidrali in u\u017eivali v osve\u017eujo\u010dem plavanju in obilnem kosilu s \u010dudovitim razgledom.<\/p>\n<h3>\ud83c\udf0a Poudarki izleta z ladjo Shogun<\/h3>\n<h4>\ud83d\udd52 Trajanje in urnik<\/h4>\n<ul>\n<li><strong>5-urni izlet:<\/strong>\u00a0Vklju\u010duje opazovanje kitov in delfinov, obisk klifov Los Gigantes in kopanje v zalivu Masca.<\/li>\n<li class=\"translation-block\"><strong>Dnevni odhodi ob 11:00<\/strong> iz <strong>Puerto Col\u00f3n, ponton 14.<\/strong><\/li>\n<\/ul>\n<h4>\ud83c\udf7d\ufe0f Prehrana na krovu<\/h4>\n<ul>\n<li><strong>Meni za kosilo:<\/strong>\u00a0Ri\u017e z zelenjavo, pe\u010deno pi\u0161\u010dan\u010dje stegno, solata, kruh in sve\u017ee sadje.<\/li>\n<li><strong>Pija\u010de: <\/strong>Vklju\u010deni so voda, brezalkoholne pija\u010de, pivo in vino.<\/li>\n<\/ul>\n<h4>\ud83c\udf1f Edinstvene funkcije<\/h4>\n<ul>\n<li>Odprt bar za brezalkoholne pija\u010de.<\/li>\n<li>Prostorna sede\u017ena garnitura z veliko osrednjo mizo za jedilnico.<\/li>\n<li>Tri kopalnice na krovu, od katerih je ena popolnoma dostopna za potnike z omejeno mobilnostjo.<\/li>\n<li>Za dodatno udobje je na voljo brezpla\u010den avtobusni prevoz z obmo\u010dja Tenerife South.<\/li>\n<\/ul>\n<h3>\ud83d\udee5\ufe0f Shogun Specifikacije \u010dolna<\/h3>\n<ul>\n<li><strong>Dol\u017eina: <\/strong>26 metrov<\/li>\n<li><strong>\u0160irina:<\/strong>\u00a08 metrov<\/li>\n<li><strong>Najve\u010dja zmogljivost:<\/strong>\u00a0135 potnikov<\/li>\n<\/ul>\n<p>Shogun z dvema prostornima nadstropjema, veliko sen\u010dnih povr\u0161in in pristno orientalsko estetiko ponuja udobje in eleganco za nepozabno do\u017eivetje. <strong>Izlet z ladjo po Tenerifih.<\/strong><\/p>\n<h3>\ud83d\udcbc Pravila rezervacije in odpovedi<\/h3>\n<p class=\"translation-block\">Pri nas je rezervacija <strong>izleta z ladjo Shogun<\/strong> preprosta in brez te\u017eav z CanaryVIP. Vendar pa je pomembno, da pregledate pravila za odpoved, da se izognete presene\u010denjem:<\/p>\n<ul>\n<li><strong>ve\u010d kot 48 ur pred odhodom:<\/strong>\u00a0Prejmite povra\u010dilo 90% (10% se zadr\u017ei za stro\u0161ke obdelave).<\/li>\n<li class=\"translation-block\"><strong>Manj kot 48 ur pred odhodom:<\/strong> Povra\u010dila niso na voljo.<\/li>\n<\/ul>\n<p>\u010ce je potovanje odpovedano zaradi vi\u0161je sile, kot so slabe razmere na morju, vam bomo povrnili celoten znesek ali ponudili drug datum.<\/p>\n<h3>\ud83d\udee0\ufe0f Pomembne informacije<\/h3>\n<ul>\n<li><strong>Kaj prinesi s seboj:<\/strong>\u00a0Kopalke, brisa\u010do, kremo za son\u010denje in fotoaparat, s katerim boste ujeli neverjetne razglede.<\/li>\n<li><strong>Dostopnost:<\/strong>\u00a0Shogun je opremljen za prevoz potnikov z omejeno mobilnostjo.<\/li>\n<li><strong>Varnostne smernice:<\/strong>\u00a0Kajenje je dovoljeno le v dolo\u010denih prostorih, pred vkrcanjem pa se izogibajte alkoholu, da bi zmanj\u0161ali morsko bolezen.<\/li>\n<\/ul>\n<h3>\ud83d\udccd Lokacija odhoda<\/h3>\n<p>\u0160ogun odpluje iz <a href=\"https:\/\/maps.app.goo.gl\/DkCVRrpDHuiqsvc56\" target=\"_blank\" rel=\"noopener\"><strong>Puerto Col\u00f3n,<\/strong><\/a>\u00a0na priro\u010dnem mestu v Costa Adeje. Na\u010drtujte prihod vsaj 30 minut pred odhodom, da si zagotovite nemoten postopek vkrcanja.<\/p>\n<h3>\ud83c\udf34 Rezervirajte svoj izlet z ladjo Shogun z CanaryVIP<\/h3>\n<p class=\"translation-block\">V podjetju CanaryVIP smo ponosni, da ponujamo najbolj\u0161e <strong>izlete z ladjo po Tenerifih,<\/strong> izku\u0161nja Shogun pa je eden od na\u0161ih najbolj znamenitih izletov. Ne glede na to, ali vas navdu\u0161uje morsko \u017eivljenje, radi raziskujete osupljive obalne pokrajine ali se preprosto \u017eelite sprostiti na krovu razko\u0161ne orientalske jadrnice, ta izlet ponuja vse.<\/p>\n<p>Rezervirajte svoje mesto \u0161e danes in si ustvarite nepozabne spomine z ladjo Shogun Boat Tenerife!<\/p>","protected":false},"excerpt":{"rendered":"<p><strong>\ud83d\udd0d Shogun Boat Tenerife:<\/strong><br \/>\n<span>\u2705 Varno pla\u010dilo.<\/span><br \/>\n<span>\ud83d\udc0b Opazovanje kitov in delfinov.<br \/>\n\ud83d\ude80 5H Ogledi ob 11:00.<br \/>\n\ud83d\udd59 ponedeljek, sreda, \u010detrtek, petek in nedelja.<br \/>\n<\/span>\ud83c\udfde\ufe0f Obi\u0161\u010dite pe\u010dine Los Gigantes.<br \/>\n\ud83c\udf0a Postanek za plavanje v zalivu Masca.<br \/>\n<span>\ud83e\uddc3 Vklju\u010dena hrana in pija\u010da.<\/span><br \/>\n<span>\ud83d\udc65 Najve\u010d 135 gostov.<br \/>\n\ud83d\ude8c Prevzem na ju\u017enem Tenerifu.<br \/>\n\ud83d\ude8e Prevzem iz Puerto de la Cruz.<br \/>\n<\/span>\ud83d\udebd Strani\u0161\u010de na krovu.<br \/>\n\u267f Zmanj\u0161ana mobilnost.<br \/>\n<span>\ud83e\udd11 Zagotovljena najbolj\u0161a cena.<\/span><br \/>\n<span>\ud83d\udc6a Aktivirani popusti.<\/span><br \/>\n<span>\ud83d\udd01 Do 48 ur Preklic.<\/span><br \/>\n<span>\ud83c\udf0d Ve\u010djezi\u010dni vodniki.<\/span><br \/>\n<span>\ud83c\udf1f Rezervirajte zdaj in prihranite!<\/span><br \/>\n<span>\ud83d\udccd Odhod iz\u00a0<\/span><a href=\"https:\/\/www.google.com\/maps\/place\/Puerto+Col%C3%B3n\/@28.0783432,-16.7368735,18.52z\/data=!4m6!3m5!1s0xc6a9743509c9ebf:0xd62345524f768247!8m2!3d28.0789928!4d-16.7359737!16s%2Fg%2F11c6cqryw_?entry=tts\">Puerto Colon<\/a><span>.<\/span><\/p>","protected":false},"featured_media":13564,"comment_status":"open","ping_status":"closed","template":"","meta":{"_acf_changed":false},"product_brand":[],"product_cat":[46],"product_tag":[],"class_list":{"0":"post-13561","1":"product","2":"type-product","3":"status-publish","4":"has-post-thumbnail","6":"product_cat-boat-excursions","7":"wcpa_has_options","9":"first","10":"instock","11":"virtual","12":"purchasable","13":"product-type-simple"},"acf":[],"wcpa_form_fields":{"wcpaData":{"product":{"product_price":61,"price_html":"From&nbsp;<span class=\"woocommerce-Price-amount amount\"><bdi>61,00&nbsp;<span class=\"woocommerce-Price-currencySymbol\">&euro;<\/span><\/bdi><\/span>","original_product_price":61,"price_including_tax":61,"price_excluding_tax":61,"product_id":{"parent":13561,"variation":false},"is_variable":false,"stock_status":"instock","stock_quantity":null,"parent_sku":"CV13561","product_attributes":[],"custom_fields":[],"is_taxable":false,"product_name":"Shogun Boat Tour Tenerife","hasImage":false},"fields":{"sec_567867dfb4552e":{"extra":{"key":"sec_567867dfb4552e","section_id":"sec_567867dfb4552e","name":"Pickup Location","status":1,"cl_rule":"show","enableCl":false,"relations":[],"toggle":true,"title_tag":"h4","show_title":false,"showPrice":"default","form_id":13563,"form_rules":{"exclude_from_discount":true,"fee_label":"Fee","disp_hide_options_price":true,"disp_show_section_price":false,"disp_show_field_price":true,"layout_option":"standard","pric_use_as_fee":false,"process_fee_as":"woo_fee"},"layout_option":"standard"},"fields":[[{"active":true,"col":6,"relations":false,"cl_rule":"show","enableCl":false,"price":"","enablePrice":false,"className":"","label_position":"default","desc_position":"default","type":"radio-group","required":false,"elementId":"radio-group_367867dfb4555f","label":"\u2693\ufe0f Select Tour","name":"radio-group_367867dfb4555f","values":[{"label":"5H Trip (61\u20ac)","value":"5h-south","selected":false,"tempId":"aco_2307","description":"Extended Shogun cruise with whale and dolphin sightings, Los Gigantes cliffs, swimming in Masca Bay, lunch, and drinks. Departs at 11:00 on Mondays, Wednesdays, Thursdays, Fridays & Sundays.","gt_translate_keys":["label","description"]},{"label":"5H Trip from North Tenerife (65\u20ac)","value":"5h-north","selected":false,"tempId":"aco_2308","description":"Pickup and drop-off in North Tenerife included. Extended Shogun cruise with whale and dolphin sightings, Los Gigantes cliffs, swimming in Masca Bay, lunch, and drinks. Departs at 11:00 on Mondays, Wednesdays, Thursdays, Fridays & Sundays.","gt_translate_keys":["label","description"]}],"layOut":"","error":false,"checkUi":"toggle","description":"","options_description":true,"gt_translate_keys":["label","description"],"price_dependency":false,"cl_dependency":[false,"date_367867dfb45579","select_8962103911",false,"select-1335554664","date-1329695634"],"value":""}]]},"sec_867867dfb45562":{"extra":{"key":"sec_867867dfb45562","section_id":"sec_867867dfb45562","name":"5H from South Tenerife","status":1,"cl_rule":"show","enableCl":true,"relations":[{"operator":false,"rules":[{"operator":"AND","rules":{"cl_field":"radio-group_367867dfb4555f","cl_relation":"is","cl_val":"5h-south"}}]}],"toggle":true,"title_tag":"h4","show_title":false,"showPrice":"default","form_id":13563,"form_rules":{"exclude_from_discount":true,"fee_label":"Fee","disp_hide_options_price":true,"disp_show_section_price":false,"disp_show_field_price":true,"layout_option":"standard","pric_use_as_fee":false,"process_fee_as":"woo_fee"},"layout_option":"standard"},"fields":[[{"label":"\ud83d\udcc5 Date","active":true,"required":true,"elementId":"date_367867dfb45579","picker_type":"custom","picker_mode":"single","placeholder":"","description":"","tooltip":"","name":"date_367867dfb45579","label_position":"default","desc_position":"default","enablePrice":false,"className":"","enableCl":true,"relations":[{"operator":"and","rules":[{"operator":"AND","rules":{"cl_field":"radio-group_367867dfb4555f","cl_relation":"is_not_empty","cl_val":"3 Hour Trip"}}]}],"enableDesign":false,"LabelColor":"","date_pic_inline":true,"date_pic_inline_hide":true,"min_date":{"type":"days","val":"1"},"max_date":{"type":"days","val":"365"},"date_pic_conf":{"disabledWeeks":[2,6,4],"disabledDates":["2025-10-20 to 2025-11-02"]},"price":"","cl_rule":"show","col":6,"type":"date","error":false,"date_conf_custom":{},"isWeightTemplate":false,"isTemplate":false,"min_quantity":"1","quantity_decimal":false,"quantity_step":"1","quantity_label":"Quantity","repeater_field_label":"{field_label}","repeater_bind":"","gt_translate_keys":["label","placeholder","description","tooltip","repeater_field_label","quantity_label"],"price_dependency":false,"cl_dependency":false,"value":""}],[{"active":true,"col":6,"relations":[{"operator":false,"rules":[{"operator":"AND","rules":{"cl_field":"radio-group_367867dfb4555f","cl_relation":"is_not_empty","cl_val":""}}]}],"cl_rule":"show","enableCl":true,"price":"","enablePrice":false,"className":"","label_position":"default","desc_position":"default","type":"select","required":false,"elementId":"select_8962103911","label":"\u23f0 Departure","name":"select_8962103911","values":[{"label":"12:00","value":"12:00","selected":true,"tempId":"aco_154","gt_translate_keys":["label"]}],"dropdown_type":"basic","error":false,"isWeightTemplate":false,"isTemplate":false,"min_quantity":"1","quantity_decimal":false,"quantity_step":"1","quantity_label":"Quantity","repeater_field_label":"{field_label}","repeater_bind":"","gt_translate_keys":["label","repeater_field_label","quantity_label"],"price_dependency":false,"cl_dependency":false,"value":""}],[{"contentType":"plain","active":true,"label":"People","elementId":"content_867867dfb455ae","value":"","inline":false,"show_in_checkout":true,"name":"content_867867dfb455ae","enablePrice":false,"className":"","enableCl":false,"relations":false,"price":"","cl_rule":"show","col":6,"type":"content","gt_translate_keys":["label","value"],"price_dependency":false,"cl_dependency":false}],[{"label":"","active":true,"required":false,"elementId":"radio-group_667867dfb455cc","name":"radio-group_667867dfb455cc","label_position":"default","desc_position":"default","enablePrice":true,"className":"","enableCl":false,"relations":[{"operator":false,"rules":[{"operator":"AND","rules":{"cl_field":"","cl_relation":"","cl_val":""}}]}],"enable_quantity":true,"quantity_label":"","min_quantity":"0","checkUi":"button","layOut":"","options_tooltip":true,"options_description":true,"values":[{"label":"\ud83d\udc64 Adult (61\u20ac)","value":"Adult","selected":true,"tempId":"aco_32","tooltip":"+12 Years","description":"","gt_translate_keys":["label","tooltip","description"]}],"priceOptions":"fixed_for_all","pricingType":"fixed","price":"61","cl_rule":"show","col":6,"type":"radio-group","error":false,"gt_translate_keys":["label","quantity_label"],"price_dependency":false,"cl_dependency":false,"value":""}],[{"label":"","active":true,"required":false,"elementId":"radio-group_667867dfb455e8","name":"radio-group_667867dfb455e8","label_position":"default","desc_position":"default","enablePrice":true,"className":"","enableCl":false,"relations":false,"enable_quantity":true,"quantity_label":"","min_quantity":"0","checkUi":"button","layOut":"","options_tooltip":true,"options_description":true,"values":[{"label":"\ud83d\udc66 Child (30\u20ac)","value":"Child","selected":true,"tempId":"aco_32","tooltip":"3-11 Years","description":"","gt_translate_keys":["label","tooltip","description"]}],"priceOptions":"fixed_for_all","pricingType":"fixed","price":"30","cl_rule":"show","col":6,"type":"radio-group","error":false,"gt_translate_keys":["label","quantity_label"],"price_dependency":false,"cl_dependency":false,"value":""}],[{"label":"","active":true,"required":false,"elementId":"radio-group-3115802518","name":"radio-group-3115802518","label_position":"default","desc_position":"default","enablePrice":true,"className":"","enableCl":false,"relations":false,"enable_quantity":true,"quantity_label":"","min_quantity":"0","checkUi":"button","layOut":"","options_tooltip":true,"options_description":true,"values":[{"label":"\ud83d\udc76 Infant (Free)","value":"Infant","selected":true,"tempId":"aco_32","tooltip":"0-2 Years","description":"","gt_translate_keys":["label","tooltip","description"]}],"priceOptions":"fixed_for_all","pricingType":"fixed","price":"0","cl_rule":"show","col":6,"type":"radio-group","error":false,"gt_translate_keys":["label","quantity_label"],"price_dependency":false,"cl_dependency":false,"value":""}],[{"elementId":"separator_567867dfb4561b","separatorType":"blank","className":"","height":"7","enableCl":false,"relations":false,"cl_rule":"show","col":6,"type":"separator","gt_translate_keys":[],"price_dependency":false,"cl_dependency":false,"value":""}],[{"label":"\ud83d\ude8c Pickup Location","active":true,"required":false,"elementId":"text_767867dfb45630","value":"","description":"Free pick-up service in South Tenerife. Simply provide your address or hotel name.","name":"text_767867dfb45630","label_position":"default","desc_position":"default","enablePrice":false,"className":"","enableCl":false,"relations":false,"subtype":"text","price":"","cl_rule":"show","col":6,"type":"text","error":false,"gt_translate_keys":["label","description","value"],"price_dependency":false,"cl_dependency":false}]]},"sec_1067867dfb45632":{"extra":{"key":"sec_1067867dfb45632","section_id":"sec_1067867dfb45632","name":"5H North Tenerife Pickup","status":1,"cl_rule":"show","enableCl":true,"relations":[{"operator":false,"rules":[{"operator":"AND","rules":{"cl_field":"radio-group_367867dfb4555f","cl_relation":"is","cl_val":"5h-north"}}]}],"toggle":true,"title_tag":"h4","show_title":false,"showPrice":"default","form_id":13563,"form_rules":{"exclude_from_discount":true,"fee_label":"Fee","disp_hide_options_price":true,"disp_show_section_price":false,"disp_show_field_price":true,"layout_option":"standard","pric_use_as_fee":false,"process_fee_as":"woo_fee"},"layout_option":"standard"},"fields":[[{"label":"\u23f0 Departure","active":true,"required":false,"elementId":"select-1335554664","dropdown_type":"basic","name":"select-1335554664","label_position":"default","desc_position":"default","enablePrice":false,"className":"","enableCl":true,"relations":[{"operator":false,"rules":[{"operator":"AND","rules":{"cl_field":"radio-group_367867dfb4555f","cl_relation":"is_not_empty","cl_val":""}}]}],"values":[{"label":"12:00","value":"12:00","selected":true,"tempId":"aco_154","gt_translate_keys":["label"]}],"price":"","cl_rule":"show","col":6,"type":"select","isWeightTemplate":false,"error":false,"isTemplate":false,"min_quantity":"1","quantity_decimal":false,"quantity_step":"1","quantity_label":"Quantity","repeater_field_label":"{field_label}","repeater_bind":"","gt_translate_keys":["label","repeater_field_label","quantity_label"],"price_dependency":false,"cl_dependency":false,"value":""}],[{"label":"\ud83d\udcc5 Date","active":true,"required":true,"elementId":"date-1329695634","picker_type":"custom","picker_mode":"single","placeholder":"","description":"","tooltip":"","name":"date-1329695634","label_position":"default","desc_position":"default","enablePrice":false,"className":"","enableCl":true,"relations":[{"operator":"and","rules":[{"operator":"AND","rules":{"cl_field":"radio-group_367867dfb4555f","cl_relation":"is_not_empty","cl_val":"3 Hour Trip"}}]}],"enableDesign":false,"LabelColor":"","date_pic_inline":true,"date_pic_inline_hide":true,"min_date":{"type":"days","val":"2"},"max_date":{"type":"days","val":"365"},"date_pic_conf":{"disabledWeeks":[2,6,4],"disabledDates":["2025-10-20 to 2025-11-01"]},"date_conf_custom":{},"price":"","cl_rule":"show","col":6,"type":"date","isWeightTemplate":false,"error":false,"isTemplate":false,"min_quantity":"1","quantity_decimal":false,"quantity_step":"1","quantity_label":"Quantity","repeater_field_label":"{field_label}","repeater_bind":"","gt_translate_keys":["label","placeholder","description","tooltip","repeater_field_label","quantity_label"],"price_dependency":false,"cl_dependency":false,"value":""}],[{"contentType":"plain","active":true,"label":"People","elementId":"content_067867dfb4567b","value":"","inline":false,"show_in_checkout":true,"name":"content_067867dfb4567b","enablePrice":false,"className":"","enableCl":false,"relations":false,"price":"","cl_rule":"show","col":6,"type":"content","gt_translate_keys":["label","value"],"price_dependency":false,"cl_dependency":false}],[{"label":"","active":true,"required":false,"elementId":"radio-group-3814002955","name":"radio-group-3814002955","label_position":"default","desc_position":"default","enablePrice":true,"className":"","enableCl":false,"relations":[{"operator":false,"rules":[{"operator":"AND","rules":{"cl_field":"","cl_relation":"","cl_val":""}}]}],"enable_quantity":true,"quantity_label":"","min_quantity":"0","checkUi":"button","layOut":"","options_tooltip":true,"options_description":true,"values":[{"label":"\ud83d\udc64 Adult (65\u20ac)","value":"Adult","selected":true,"tempId":"aco_32","tooltip":"+12 Years","description":"","gt_translate_keys":["label","tooltip","description"]}],"priceOptions":"fixed_for_all","pricingType":"fixed","price":"65","cl_rule":"show","col":6,"type":"radio-group","error":false,"gt_translate_keys":["label","quantity_label"],"price_dependency":false,"cl_dependency":false,"value":""}],[{"label":"","active":true,"required":false,"elementId":"radio-group-3909852983","name":"radio-group-3909852983","label_position":"default","desc_position":"default","enablePrice":true,"className":"","enableCl":false,"relations":false,"enable_quantity":true,"quantity_label":"","min_quantity":"0","checkUi":"button","layOut":"","options_tooltip":true,"options_description":true,"values":[{"label":"\ud83d\udc66 Child (32\u20ac)","value":"Child","selected":true,"tempId":"aco_32","tooltip":"3-11 Years","description":"","gt_translate_keys":["label","tooltip","description"]}],"priceOptions":"fixed_for_all","pricingType":"fixed","price":"32","cl_rule":"show","col":6,"type":"radio-group","error":false,"gt_translate_keys":["label","quantity_label"],"price_dependency":false,"cl_dependency":false,"value":""}],[{"label":"","active":true,"required":false,"elementId":"radio-group-3681862909","name":"radio-group-3681862909","label_position":"default","desc_position":"default","enablePrice":true,"className":"","enableCl":false,"relations":false,"enable_quantity":true,"quantity_label":"","min_quantity":"0","checkUi":"button","layOut":"","options_tooltip":true,"options_description":true,"values":[{"label":"\ud83d\udc76 Infant (Free)","value":"Infant","selected":true,"tempId":"aco_32","tooltip":"0-2 Years","description":"","gt_translate_keys":["label","tooltip","description"]}],"priceOptions":"fixed_for_all","pricingType":"fixed","price":"0","cl_rule":"show","col":6,"type":"radio-group","error":false,"gt_translate_keys":["label","quantity_label"],"price_dependency":false,"cl_dependency":false,"value":""}],[{"elementId":"separator_267867dfb456e7","separatorType":"blank","className":"","height":"7","enableCl":false,"relations":false,"cl_rule":"show","col":6,"type":"separator","gt_translate_keys":[],"price_dependency":false,"cl_dependency":false,"value":""}],[{"label":"\ud83d\ude8c Pickup Location","active":true,"required":true,"elementId":"text_967867dfb456fc","value":"","description":"Pick-up service from Puerto de la Cruz. Simply provide your address or hotel name.","name":"text_967867dfb456fc","label_position":"default","desc_position":"default","enablePrice":false,"className":"","enableCl":false,"relations":false,"subtype":"text","price":"","cl_rule":"show","col":6,"type":"text","error":false,"gt_translate_keys":["label","description","value"],"price_dependency":false,"cl_dependency":false}]]}},"config":{"price_override":"always","enable_recaptcha":false,"bind_quantity":false,"quantity_bind_formula":false,"disp_summ_show_option_price":true,"disp_summ_show_product_price":false,"disp_summ_show_total_price":true,"disp_summ_show_fee":true,"disp_summ_show_discount":true,"summary_title":"","options_total_label":"Options Price","total_label":"Total Amount","options_product_label":"Product Price","fee_label":"Fee","discount_label":"Discount","has_price":true,"has_quantity_formula":false},"mc_unit":1,"tax_rate":1,"tax_rate_real":1,"discount":{"percentage":0,"fixed":0},"design":{"conf":{"LabelPosition":"above","DescPosition":"above","UploadField":"custom_1","QuantityFieldStyle":"custom_1"},"css":{"LeftLabelWidth":"120px"}},"formulas":[],"lookuptables":[],"clones":false,"cartKey":false}},"_links":{"self":[{"href":"https:\/\/canaryvip.com\/sl\/wp-json\/wp\/v2\/product\/13561","targetHints":{"allow":["GET"]}}],"collection":[{"href":"https:\/\/canaryvip.com\/sl\/wp-json\/wp\/v2\/product"}],"about":[{"href":"https:\/\/canaryvip.com\/sl\/wp-json\/wp\/v2\/types\/product"}],"replies":[{"embeddable":true,"href":"https:\/\/canaryvip.com\/sl\/wp-json\/wp\/v2\/comments?post=13561"}],"wp:featuredmedia":[{"embeddable":true,"href":"https:\/\/canaryvip.com\/sl\/wp-json\/wp\/v2\/media\/13564"}],"wp:attachment":[{"href":"https:\/\/canaryvip.com\/sl\/wp-json\/wp\/v2\/media?parent=13561"}],"wp:term":[{"taxonomy":"product_brand","embeddable":true,"href":"https:\/\/canaryvip.com\/sl\/wp-json\/wp\/v2\/product_brand?post=13561"},{"taxonomy":"product_cat","embeddable":true,"href":"https:\/\/canaryvip.com\/sl\/wp-json\/wp\/v2\/product_cat?post=13561"},{"taxonomy":"product_tag","embeddable":true,"href":"https:\/\/canaryvip.com\/sl\/wp-json\/wp\/v2\/product_tag?post=13561"}],"curies":[{"name":"wp","href":"https:\/\/api.w.org\/{rel}","templated":true}]}}