{"id":12949,"date":"2024-08-19T12:56:56","date_gmt":"2024-08-19T11:56:56","guid":{"rendered":"https:\/\/canaryvip.com\/?post_type=product&#038;p=12949"},"modified":"2025-08-09T13:58:46","modified_gmt":"2025-08-09T12:58:46","slug":"sunkiss-boat-charter-gran-canaria","status":"publish","type":"product","link":"https:\/\/canaryvip.com\/sl\/shop\/sunkiss-boat-charter-gran-canaria\/","title":{"rendered":"Sunkiss \u010doln Charter<br\/>Gran Canaria"},"content":{"rendered":"<h2>\ud83d\udee5\ufe0f Sunkiss \u010carter plovila Gran Canaria<\/h2>\n<p>Do\u017eivite lepote Gran Canarie iz udobja <strong>Sunkiss \u010doln Charter<\/strong>, zasebni in luksuzni na\u010din raziskovanja osupljive ju\u017ene obale otoka. V tem ekskluzivnem vozilu je prostora za najve\u010d 8 potnikov. <strong>najem \u010dolnov na Gran Canarii<\/strong> je kot nala\u0161\u010d za pare, dru\u017eine ali majhne skupine, ki i\u0161\u010dejo edinstveno in spro\u0161\u010dujo\u010do pustolov\u0161\u010dino.<\/p>\n<p>V podjetju CanaryVIP poskrbimo, da je rezervacija va\u0161ega <a href=\"https:\/\/canaryvip.com\/sl\/gran-canaria\/\"><strong>najem \u010dolna Puerto Mog\u00e1n<\/strong><\/a> izku\u0161nje enostavno in prijetno, saj poskrbimo za vsako podrobnost, da bo va\u0161 dan na vodi popoln.<\/p>\n<h3>\u2b50\ufe0f Zakaj izbrati \u010darter plovila Sunkiss na Gran Canarii<\/h3>\n<p>Zakaj <strong>Sunkiss \u010doln Charter<\/strong> je ena najbolj\u0161ih mo\u017enosti za zasebni in nepozaben dan na morju:<\/p>\n<h4><strong>Zasebna in intimna izku\u0161nja<\/strong><\/h4>\n<p>U\u017eivajte v ekskluzivnem potovanju samo s svojo skupino. Zasebna jahta z najve\u010d 8 osebami ponuja osebno in mirno okolje, idealno za posebne prilo\u017enosti ali spro\u0161\u010dujo\u010d oddih.<\/p>\n<h4><strong>Elegantno udobje<\/strong><\/h4>\n<p>Jadrajte na lepo vzdr\u017eevani 12-metrski jahti z udobnimi sede\u017ei, sen\u010dnimi povr\u0161inami in prostorno palubo za son\u010denje. U\u017eivajte v osupljivih panoramskih razgledih na obalo Gran Canarie in se spro\u0161\u010dajte v slogu.<\/p>\n<h4><strong>Pustolov\u0161\u010dina s potapljanjem<\/strong><\/h4>\n<p>Zasidrajte se v osamljenem zalivu, kjer lahko plavate v kristalno \u010distih vodah in snorklate s prilo\u017eeno opremo. Odkrijte \u017eivahno morsko \u017eivljenje Gran Canarie ali pa se preprosto sprostite na krovu in u\u017eivajte v mirnem vzdu\u0161ju.<\/p>\n<h3>\ud83d\udea4 Mo\u017enosti izleta z ladjo Sunkiss<\/h3>\n<p>Izberite trajanje potovanja, ki ustreza va\u0161emu urniku in \u017eeljam:<\/p>\n<ul>\n<li><strong>3-urna zasebna listina:<\/strong> Odli\u010den kraj\u0161i pobeg za raziskovanje obale Gran Canarie in u\u017eivanje v osve\u017eujo\u010dem plavanju ali potapljanju.<\/li>\n<li><strong>6-urna zasebna listina:<\/strong> Poglobite se v naravne lepote otoka in si privo\u0161\u010dite ve\u010d \u010dasa za sprostitev in raziskovanje skritih koti\u010dkov.<\/li>\n<li><strong>8-urna zasebna listina:<\/strong> Celodnevna pustolov\u0161\u010dina, ki vam omogo\u010da popolno sprostitev in raziskovanje, z dodatnim \u010dasom za obisk \u0161tevilnih zalivov in u\u017eivanje v najbolj\u0161em na Gran Canarii.<\/li>\n<\/ul>\n<h3>\ud83e\udd42 Kaj je vklju\u010deno v va\u0161o Sunkiss Charter<\/h3>\n<p>Va\u0161 <strong>najem \u010dolnov na Gran Canarii<\/strong> vklju\u010duje:<\/p>\n<ul>\n<li>prigrizki, vklju\u010dno s \u010dipsom in ore\u0161\u010dki.<\/li>\n<li>Pija\u010de, kot so pivo, brezalkoholne pija\u010de in voda.<\/li>\n<li>oprema za potapljanje (maske in plavuti) za raziskovanje podvodnega sveta.<\/li>\n<li>Zavarovanje za brezskrbno izku\u0161njo.<\/li>\n<li>Izbirni prevoz do hotelov in nazaj v ju\u017enem delu Gran Canarie.<\/li>\n<li>Izbirno kosilo (10 \u20ac na osebo, zahtevajte med rezervacijo).<\/li>\n<\/ul>\n<h3>\ud83d\udccd Podrobnosti o odhodu<\/h3>\n<ul>\n<li><strong>Lokacija:<\/strong> <a href=\"https:\/\/maps.app.goo.gl\/Xhe545W98um3rx6W8\" target=\"_new\" rel=\"noopener\"><span>Puerto<\/span><span> Mog\u00e1n<\/span><span>, Gran<\/span><span> Canaria<\/span><\/a>.<\/li>\n<li><strong>\u010cas odhoda:<\/strong> 09:00, 12:00 in 15:00.<\/li>\n<li><strong>Prevoz:<\/strong> Za ve\u010dje udobje je na voljo storitev prevzema.<\/li>\n<\/ul>\n<p>Priporo\u010damo, da pridete vsaj 15 minut pred odhodom in si tako zagotovite nemoten za\u010detek pustolov\u0161\u010dine.<\/p>\n<h3>\u2705 Transparentna politika odpovedi<\/h3>\n<p>Z jasnimi in prilagodljivimi mo\u017enostmi odpovedi dajemo prednost va\u0161emu miru:<\/p>\n<ul>\n<li><strong>Vremensko jamstvo:<\/strong> V primeru nevarnih vremenskih razmer prestavite termin ali prejmite celotno nadomestilo.<\/li>\n<li><strong>Prilagodljive odpovedi:<\/strong> Do 8 dni pred potovanjem lahko brezpla\u010dno prekli\u010dete ali prestavite potovanje. Depoziti se ne vra\u010dajo za odpovedi v 8 dneh pred na\u010drtovanim odhodom.<\/li>\n<\/ul>\n<h3>\ud83d\udc68\u200d\u2708\ufe0f Nasveti za avanturo s \u010dolnom Sunkiss<\/h3>\n<p>S temi preprostimi nasveti \u010dim bolje izkoristite dan:<\/p>\n<ul>\n<li>S seboj prinesite kopalke, kremo za son\u010denje in brisa\u010do.<\/li>\n<li>Nosite udobna obla\u010dila, primerna vremenu.<\/li>\n<li>Pripravite si vozovnico CanaryVIP v telefonu ali natisnjeno.<\/li>\n<li>Da bi se izognili morski bolezni, prej pojejte lahek obrok.<\/li>\n<\/ul>\n<h3>\ud83c\udf1f Zakaj rezervirati z CanaryVIP<\/h3>\n<p>Pri CanaryVIP smo specializirani za ponudbo najbolj\u0161ih <strong>najem \u010dolna Puerto Mog\u00e1n<\/strong> in . <strong>najem luksuznih jaht v Gran Canarii<\/strong>. Od zasebnih \u010darterjev, kot je Sunkiss, do prilagojenih do\u017eivetij, zagotavljamo, da je vsak trenutek na vodi nepozaben.<\/p>\n<p>Rezervirajte svoj <strong>Sunkiss \u010doln Charter<\/strong> in u\u017eivajte v potovanju, polnem sprostitve, pustolov\u0161\u010din in \u010dudovitih razgledov na Gran Canarii.<\/p>\n<p>\ud83d\udc49 <a href=\"https:\/\/canaryvip.com\/sl\/\" target=\"_new\" rel=\"noopener\"><span>Rezerva<\/span><span> Zdaj<\/span><\/a> in ustvarite spomine, ki bodo trajali vse \u017eivljenje!<\/p>","protected":false},"excerpt":{"rendered":"<p><strong>\ud83d\udd0d Magic Island Gran Canaria:<\/strong><br \/>\n\u2705 Varno pla\u010dilo.<br \/>\n\ud83d\udd10 Zasebni izleti.<br \/>\n\ud83d\udee5\ufe0f 12m Yacht Comfort.<br \/>\n\u23f3 Dnevni izleti 3H, 6H in 8H.<br \/>\n\ud83d\udd59 Razli\u010dni \u010dasi odhoda.<br \/>\n\ud83d\udc65 Do 8 gostov.<br \/>\n\ud83e\udd3f Oprema za potapljanje je na voljo.<br \/>\n\ud83d\ude8c Prevzem in odvoz.<br \/>\n\ud83e\udd11 Zagotovljena najbolj\u0161a cena.<br \/>\n\ud83d\udc6a Aktivirani popusti.<br \/>\n\ud83d\udd01 Odpoved do 8 dni.<br \/>\n\ud83c\udf0d Ve\u010djezi\u010dna posadka.<br \/>\n\ud83c\udf1f Rezervirajte zgodaj in prihranite!<br \/>\n\ud83d\udccd Odhod iz <a href=\"https:\/\/maps.app.goo.gl\/4TJkgAg6UBpnsyhm9\">Puerto de Mog\u00e1n<\/a>.<\/p>","protected":false},"featured_media":12950,"comment_status":"open","ping_status":"closed","template":"","meta":{"_acf_changed":false},"product_brand":[],"product_cat":[132],"product_tag":[],"class_list":{"0":"post-12949","1":"product","2":"type-product","3":"status-publish","4":"has-post-thumbnail","6":"product_cat-boat-hire-gran-canaria","7":"wcpa_has_options","9":"first","10":"instock","11":"virtual","12":"purchasable","13":"product-type-simple"},"acf":[],"wcpa_form_fields":{"wcpaData":{"product":{"product_price":399,"price_html":"From&nbsp;<span class=\"woocommerce-Price-amount amount\"><bdi>399,00&nbsp;<span class=\"woocommerce-Price-currencySymbol\">&euro;<\/span><\/bdi><\/span>","original_product_price":399,"price_including_tax":399,"price_excluding_tax":399,"product_id":{"parent":12949,"variation":false},"is_variable":false,"stock_status":"instock","stock_quantity":null,"parent_sku":"CV12949","product_attributes":[],"custom_fields":[],"is_taxable":false,"product_name":"Sunkiss Boat Charter<br\/>Gran Canaria","hasImage":false},"fields":{"sec_667811df8760f9":{"extra":{"key":"sec_667811df8760f9","section_id":"sec_667811df8760f9","name":"Default","status":1,"cl_rule":"show","enableCl":false,"relations":[],"toggle":true,"title_tag":"h3","show_title":false,"showPrice":"default","form_id":13536,"form_rules":{"exclude_from_discount":true,"fee_label":"Fee","disp_hide_options_price":true,"disp_show_section_price":false,"disp_show_field_price":true,"layout_option":"standard","pric_use_as_fee":false,"process_fee_as":"woo_fee"},"layout_option":"standard"},"fields":[[{"label":"\ud83d\udcc5 Date","active":true,"required":true,"elementId":"date_567811df876119","picker_type":"custom","picker_mode":"single","placeholder":"","description":"","tooltip":"","name":"date_567811df876119","label_position":"default","desc_position":"default","enablePrice":false,"className":"","enableCl":false,"relations":[{"operator":"and","rules":[{"operator":"AND","rules":{"cl_field":"radio-group_565c78ffa81208","cl_relation":"is","cl_val":"3 Hour Trip"}}]}],"date_pic_inline":true,"date_pic_inline_hide":true,"min_date":{"type":"days","val":"2"},"max_date":{"type":"days","val":"365"},"date_pic_conf":{"disabledWeeks":[]},"price":"","cl_rule":"show","col":6,"type":"date","error":false,"enableDesign":false,"LabelColor":"","gt_translate_keys":["label","placeholder","description","tooltip"],"price_dependency":false,"cl_dependency":false,"value":""}],[{"elementId":"separator_267811df876128","separatorType":"blank","className":"","height":"3","enableCl":false,"relations":false,"cl_rule":"show","col":6,"type":"separator","error":false,"gt_translate_keys":[],"price_dependency":false,"cl_dependency":false,"value":""}],[{"active":true,"col":6,"relations":false,"cl_rule":"show","enableCl":false,"price":"","enablePrice":true,"className":"","label_position":"default","desc_position":"default","type":"select","required":true,"elementId":"select_267811df876133","label":"\u23f3 Trip Duration","name":"select_267811df876133","values":[{"label":"3 Hours (399\u20ac)","value":"3","selected":false,"tempId":"aco_556","price":"399","gt_translate_keys":["label"]},{"label":"6 Hours (700\u20ac)","value":"6","selected":false,"tempId":"aco_122","price":"700","gt_translate_keys":["label"]},{"label":"8 Hours (900\u20ac)","value":"8","selected":false,"tempId":"aco_41","price":"900","gt_translate_keys":["label"]}],"dropdown_type":"basic","error":false,"placeholder":"Select Trip Duration","priceOptions":"different_for_all","pricingType":"fixed","is_show_price":false,"gt_translate_keys":["label","placeholder"],"price_dependency":false,"cl_dependency":false,"value":""}],[{"label":"\u2705 Number of People","active":true,"required":true,"elementId":"select_667811df87613d","dropdown_type":"basic","placeholder":"Select Number of People","name":"select_667811df87613d","label_position":"default","desc_position":"default","enablePrice":false,"className":"","enableCl":false,"relations":[{"operator":false,"rules":[{"operator":"AND","rules":{"cl_field":"radio-group_565c78ffa81208","cl_relation":"is","cl_val":"3 Hour Trip"}}]}],"values":[{"label":"1 person","value":"1","selected":false,"tempId":"aco_1471","price":"0","gt_translate_keys":["label"]},{"label":"2 people","value":"2","selected":false,"tempId":"aco_1472","price":"0","gt_translate_keys":["label"]},{"label":"3 people","value":"3","selected":false,"tempId":"aco_1500","price":"0","gt_translate_keys":["label"]},{"label":"4 people","value":"4","selected":false,"tempId":"aco_1510","price":"0","gt_translate_keys":["label"]},{"label":"5 people","value":"5","selected":false,"tempId":"aco_1520","price":"0","gt_translate_keys":["label"]},{"label":"6 people","value":"6","selected":false,"tempId":"aco_1728","price":"0","gt_translate_keys":["label"]},{"label":"7 people","value":"7","selected":false,"tempId":"aco_1738","price":"0","gt_translate_keys":["label"]},{"label":"8 people","value":"8","selected":false,"tempId":"aco_1748","price":"0","gt_translate_keys":["label"]}],"price":"","cl_rule":"show","col":6,"type":"select","error":false,"priceOptions":"different_for_all","pricingType":"fixed","is_show_price":false,"gt_translate_keys":["label","placeholder"],"price_dependency":["select_067811df876146"],"cl_dependency":false,"value":""}],[{"active":true,"col":6,"relations":false,"cl_rule":"show","enableCl":false,"price":"","enablePrice":true,"className":"","label_position":"default","desc_position":"default","type":"select","required":false,"elementId":"select_067811df876146","label":"\ud83c\udf57 Meal (+10\u20ac\/person)","name":"select_067811df876146","values":[{"label":"No","value":"No","selected":false,"tempId":"aco_2562","price":"","gt_translate_keys":["label"]},{"label":"Yes (+10\u20ac\/person)","value":"Yes","selected":false,"tempId":"aco_2563","price":"{field.select_667811df87613d.value}*10","gt_translate_keys":["label"]}],"dropdown_type":"basic","error":false,"description":"Snacks and drinks are included. If you want an extra meal, please select this option. The meal is marinated chicken with mojo potatoes and coleslaw. Payment due at arrival the day of the tour.","priceOptions":"different_for_all","pricingType":"custom","isTemplate":false,"is_show_price":true,"gt_translate_keys":["label","description"],"price_dependency":false,"cl_dependency":false,"value":""}]]},"sec_167811df876147":{"extra":{"key":"sec_167811df876147","section_id":"sec_167811df876147","name":"Pickup Location","status":1,"cl_rule":"show","enableCl":false,"relations":[],"toggle":true,"title_tag":"h4","show_title":false,"showPrice":"default","form_id":13536,"form_rules":{"exclude_from_discount":true,"fee_label":"Fee","disp_hide_options_price":true,"disp_show_section_price":false,"disp_show_field_price":true,"layout_option":"standard","pric_use_as_fee":false,"process_fee_as":"woo_fee"},"layout_option":"standard"},"fields":[[{"elementId":"separator_1067811df876152","separatorType":"blank","className":"","height":"3","enableCl":false,"relations":false,"cl_rule":"show","col":6,"type":"separator","error":false,"gt_translate_keys":[],"price_dependency":false,"cl_dependency":false,"value":""}],[{"active":true,"col":6,"relations":[{"operator":false,"rules":[{"operator":"AND","rules":{"cl_field":"radio-group_565c78ffa81208","cl_relation":"is","cl_val":"3 Hour Trip"}}]}],"cl_rule":"show","enableCl":false,"price":"","enablePrice":false,"className":"","label_position":"default","desc_position":"default","type":"select","required":false,"elementId":"select_667811df87615b","label":"\u23f0 Departure","name":"select_667811df87615b","values":[{"label":"09:00","value":"09:00","selected":false,"tempId":"aco_1471","gt_translate_keys":["label"]},{"label":"12:00","value":"12:00","selected":false,"tempId":"aco_1510","gt_translate_keys":["label"]},{"label":"15:00","value":"15:00","selected":false,"tempId":"aco_1738","gt_translate_keys":["label"]}],"dropdown_type":"basic","error":false,"placeholder":"Whichever Time is Best","gt_translate_keys":["label","placeholder"],"price_dependency":false,"cl_dependency":false,"value":""}],[{"elementId":"separator_767811df876165","separatorType":"blank","className":"","height":"1","enableCl":false,"relations":false,"cl_rule":"show","col":6,"type":"separator","gt_translate_keys":[],"price_dependency":false,"cl_dependency":false,"value":""}],[{"elementId":"separator_967811df876170","separatorType":"blank","className":"","height":"1","enableCl":false,"relations":false,"cl_rule":"show","col":6,"type":"separator","error":false,"gt_translate_keys":[],"price_dependency":false,"cl_dependency":false,"value":""}],[{"active":true,"col":6,"relations":false,"cl_rule":"show","enableCl":false,"price":"","enablePrice":false,"className":"","label_position":"default","desc_position":"default","type":"text","subtype":"text","required":false,"elementId":"text_967811df876178","label":"\ud83d\ude8c Pickup Location","name":"text_967811df876178","value":"","error":false,"description":"Pick-up service in some locations. Simply provide your address or hotel name. (+2\u20ac\/person paid at pickup to the driver)","gt_translate_keys":["label","description","value"],"price_dependency":false,"cl_dependency":false}]]}},"config":{"price_override":"always","enable_recaptcha":false,"bind_quantity":false,"quantity_bind_formula":false,"disp_summ_show_option_price":true,"disp_summ_show_product_price":false,"disp_summ_show_total_price":true,"disp_summ_show_fee":true,"disp_summ_show_discount":true,"summary_title":"","options_total_label":"Options Price","total_label":"Total Amount","options_product_label":"Product Price","fee_label":"Fee","discount_label":"Discount","has_price":true,"has_quantity_formula":false},"mc_unit":1,"tax_rate":1,"tax_rate_real":1,"discount":{"percentage":0,"fixed":0},"design":{"conf":{"LabelPosition":"above","DescPosition":"above","UploadField":"custom_1","QuantityFieldStyle":"custom_1"},"css":{"LeftLabelWidth":"120px"}},"formulas":{"fmla_1708364241278155361":"(({field.select_3666b1eb2b11fe.value}>=8)?(1400):(({field.select_3666b1eb2b11fe.value}>=7)?(1225):(({field.select_3666b1eb2b11fe.value}>=6)?(1050):(({field.select_3666b1eb2b11fe.value}>=5)?(875):(({field.select_3666b1eb2b11fe.value}>=4)?(700):(({field.select_3666b1eb2b11fe.value}>=3)?(500):(0)))))))","fmla_1718295979528641619":"(({field.select_3666b1eb2b11fe.value}>=8)?(280):(({field.select_3666b1eb2b11fe.value}>=7)?(205):(({field.select_3666b1eb2b11fe.value}>=6)?(150):(({field.select_3666b1eb2b11fe.value}>=5)?(175):(({field.select_3666b1eb2b11fe.value}>=4)?(200):(({field.select_3666b1eb2b11fe.value}>=3)?(150):(0)))))))"},"lookuptables":[],"clones":false,"cartKey":false}},"_links":{"self":[{"href":"https:\/\/canaryvip.com\/sl\/wp-json\/wp\/v2\/product\/12949","targetHints":{"allow":["GET"]}}],"collection":[{"href":"https:\/\/canaryvip.com\/sl\/wp-json\/wp\/v2\/product"}],"about":[{"href":"https:\/\/canaryvip.com\/sl\/wp-json\/wp\/v2\/types\/product"}],"replies":[{"embeddable":true,"href":"https:\/\/canaryvip.com\/sl\/wp-json\/wp\/v2\/comments?post=12949"}],"wp:featuredmedia":[{"embeddable":true,"href":"https:\/\/canaryvip.com\/sl\/wp-json\/wp\/v2\/media\/12950"}],"wp:attachment":[{"href":"https:\/\/canaryvip.com\/sl\/wp-json\/wp\/v2\/media?parent=12949"}],"wp:term":[{"taxonomy":"product_brand","embeddable":true,"href":"https:\/\/canaryvip.com\/sl\/wp-json\/wp\/v2\/product_brand?post=12949"},{"taxonomy":"product_cat","embeddable":true,"href":"https:\/\/canaryvip.com\/sl\/wp-json\/wp\/v2\/product_cat?post=12949"},{"taxonomy":"product_tag","embeddable":true,"href":"https:\/\/canaryvip.com\/sl\/wp-json\/wp\/v2\/product_tag?post=12949"}],"curies":[{"name":"wp","href":"https:\/\/api.w.org\/{rel}","templated":true}]}}