{"id":12784,"date":"2024-08-05T16:50:08","date_gmt":"2024-08-05T15:50:08","guid":{"rendered":"https:\/\/canaryvip.com\/?post_type=product&#038;p=12784"},"modified":"2025-08-09T14:08:37","modified_gmt":"2025-08-09T13:08:37","slug":"self-drive-boat-hire-tenerife","status":"publish","type":"product","link":"https:\/\/canaryvip.com\/sl\/shop\/self-drive-boat-hire-tenerife\/","title":{"rendered":"Najem \u010dolna za lastni pogon Tenerife"},"content":{"rendered":"<h2>\ud83d\udea4 Najem \u010dolna na lasten pogon brez dovoljenja na Tenerifih<\/h2>\n<p>Odpravite se na vodno pustolov\u0161\u010dino z najemom \u010dolna na lasten pogon v <a href=\"https:\/\/canaryvip.com\/sl\/tenerife\/\">Tenerife<\/a>, kot nala\u0161\u010d za tiste, ki si \u017eelijo svobode pri samostojni plovbi.<\/p>\n<p>Odpravite se s slikovitega <a href=\"https:\/\/www.google.com\/maps\/place\/Puerto+Col%C3%B3n\/@28.078002,-16.7394902,1078m\/data=!3m2!1e3!4b1!4m6!3m5!1s0xc6a9743509c9ebf:0xd62345524f768247!8m2!3d28.078002!4d-16.7369153!16s%2Fg%2F11c6cqryw_?authuser=0&amp;entry=tts&amp;g_ep=EgoyMDI0MDgwNC4wKgBIAVAD\" target=\"_blank\" rel=\"noopener\">Puerto Col\u00f3n<\/a>, kjer boste lahko odkrivali osamljene koti\u010dke, se greli na soncu ali u\u017eivali v pikniku na vodi, obdani s kristalno \u010distimi valovi Atlantika.<\/p>\n<p>Predstavljajte si vznemirjenje, ko sami prevzamete krmilo in plujete po osupljivih vodah otoka Tenerife. Za\u010dutite veter v laseh in sonce na obrazu, ko sami dolo\u010date smer. Na\u0161i \u010dolni lahko sprejmejo do 5 potnikov, zato so idealni za poldnevni najem ali celodnevne pustolov\u0161\u010dine.<\/p>\n<h3>\ud83d\udea4 Tvoje potovanje, tvoj ukaz<\/h3>\n<ul>\n<li><strong>Kompaktna zasnova:<\/strong> U\u017eivajte v elegantni in udobni plovbi z na\u0161imi dobro vzdr\u017eevanimi \u010dolni.<\/li>\n<li><strong>Osupljiva pokrajina:<\/strong> Jadrajte blizu \u010dudovite pla\u017ee La Caleta ali Diego Hernandez na Tenerifih in u\u017eivajte v \u017eivahnem morskem \u017eivljenju.<\/li>\n<li><strong style=\"letter-spacing: 0em;\">Zasebni potopi:<\/strong><span style=\"letter-spacing: 0em;\"> Zasidrajte se v skritih zaliv\u010dkih, ki so idealni za plavanje, potapljanje ali son\u010denje.<\/span><\/li>\n<li><strong>Prigrizki na morju:<\/strong> Svoboda, da na krov prinesete in u\u017eivate v lastni hrani, \u0161e pove\u010da to osebno izku\u0161njo najema \u010dolna z lastnim pogonom na Tenerifih.<\/li>\n<li><strong>Nezahtevno rokovanje:<\/strong> Z uporabniku prijazno zasnovo in stabilnimi potovalnimi zmogljivostmi so na\u0161i \u010dolni dostopni vsakomur.<\/li>\n<\/ul>\n<h3>\u2728 Klju\u010dne podrobnosti o najemu \u010dolna za lasten pogon<\/h3>\n<p><strong>Prilagojeno va\u0161im \u017eeljam:<\/strong> Na\u0161i \u010dolni, primerni za do 5 oseb, so kot nala\u0161\u010d za oddih v dvoje ali skupinske izlete in so pripravljeni za vsak dogodek. Na voljo so iz\u010drpna navodila, ki zagotavljajo varno in prijetno izku\u0161njo na vodi.<\/p>\n<p><strong>Vsestranska izbira za vse:<\/strong> Na\u0161i \u010dolni brez vozni\u0161kega dovoljenja, ki so idealni za dru\u017eine, prijatelje ali samostojne raziskovalce, vam omogo\u010dajo, da izkusite me\u0161anico samostojnosti in razko\u0161ja na ozadju obale Tenerifa.<\/p>\n<h3>\ud83d\udea4 Priprava na izlet<\/h3>\n<p>Pripravite se na nepozaben dan na morju z osnovnimi potreb\u0161\u010dinami, kot so kopalke in krema za son\u010denje. Vsa potrebna navigacijska orodja so na voljo pri nas, zato se lahko osredoto\u010dite le na u\u017eitek pri odkrivanju.<\/p>\n<p>Ne pozabite na fotoaparat, s katerim boste ujeli \u010dudovite razglede na obale Tenerifov in vodno \u017eivljenje, ki se razvija pod njimi.<\/p>\n<h3>\ud83d\udcdc Pravila odpovedi in na krovu<\/h3>\n<p><strong>Zasebna \u010darterska ladja:<\/strong> Do 96 ur pred odhodom lahko brezpla\u010dno prekli\u010dete potovanje. \u010ce odpoveste manj kot 72 ur pred odhodom, vam ne bomo vrnili pologa.<\/p>\n<p><strong>Skupno potovanje:<\/strong> Brezpla\u010dna odpoved do 48 ur pred na\u010drtovanim odhodom. \u010ce prekli\u010dete pozneje ali ne pridete, se polog izgubi.<\/p>\n<p><strong>\ud83c\udf26\ufe0f Vreme in najmanj\u0161i \u0161tevilo udele\u017eencev:<\/strong> V primeru slabega vremena ali premajhnega \u0161tevila udele\u017eencev lahko vrnete denar v celoti ali pa potovanje prestavite na drug datum.<\/p>\n<p><strong>\ud83d\udea2 Pravila na krovu:<\/strong> Pridite pravo\u010dasno! Vra\u010dila se ne izdajajo za pozne prihode ali spremembe poti zaradi morske bolezni.<\/p>\n<h3>\ud83d\ude99 Izhodi\u0161\u010de in parkiri\u0161\u010de<\/h3>\n<p><strong>Za\u010dnite pri <a href=\"https:\/\/www.google.com\/maps\/place\/Puerto+Col%C3%B3n\/@28.078002,-16.7394902,1078m\/data=!3m2!1e3!4b1!4m6!3m5!1s0xc6a9743509c9ebf:0xd62345524f768247!8m2!3d28.078002!4d-16.7369153!16s%2Fg%2F11c6cqryw_?authuser=0&amp;entry=tts&amp;g_ep=EgoyMDI0MDgwNC4wKgBIAVAD\" target=\"_blank\" rel=\"noopener\">Puerto Col\u00f3n<\/a>:<\/strong> Va\u0161a pomorska pustolov\u0161\u010dina se za\u010dne v <strong>Puerto Col\u00f3n<\/strong>Veliko parkiri\u0161\u010d v pristani\u0161\u010du omogo\u010da la\u017eji za\u010detek dneva. \u010ce \u017eelite za\u010deti pot brez naglice, prispevajte nekoliko prej.<\/p>\n<h3>\ud83c\udf1f Obljuba CanaryVIP za vas<\/h3>\n<p>V podjetju CanaryVIP dajemo prednost va\u0161emu zadovoljstvu pred vsem drugim. U\u017eivajte v prilagodljivih pravilih odpovedi, ki zagotavljajo varnost, ko rezervirate najem \u010dolna na lasten pogon. Zavezani smo k zagotavljanju izjemnih storitev s poudarkom na varnosti in \u017eelji, da bi izbolj\u0161ali va\u0161e do\u017eivetje veli\u010dastnih voda Tenerifov.<\/p>\n<p>Odplujte na pustolov\u0161\u010dino z ladjo na lasten pogon brez vozni\u0161kega dovoljenja, kri\u017earite po \u010dudovitem morju Tenerifov in odkrivajte skrite dragulje ob obali <strong>Puerto Col\u00f3n.<\/strong><\/p>\n<p>\u0160e danes rezervirajte ekskluzivno navti\u010dno pustolov\u0161\u010dino, ki zdru\u017euje neodvisnost, udobje in neokrnjeno lepoto Kanarskih otokov. Rezervirajte zdaj in si ustvarite trajne spomine na morju!<\/p>","protected":false},"excerpt":{"rendered":"<p><strong>\ud83d\udd0d Self Drive Boat:<\/strong><br \/>\n<span>\u2705 Varno pla\u010dilo.<\/span><br \/>\n<span>\ud83e\udeaa Brez dovoljenja za plovilo.<\/span><br \/>\n<span>\ud83d\udee5\ufe0f 5 metrov dolga.<\/span><br \/>\n<span>\u23f3 Dnevni najem 2-8 ur.<br \/>\n\u26fd Vklju\u010den bencin<\/span><br \/>\n<span>\ud83d\udd59 Prilagodljivi \u010dasi odhoda.<\/span><br \/>\n<span>\ud83d\udc65 Do 5 gostov.<\/span><br \/>\n<span>\ud83e\udd3f Oprema za potapljanje.<\/span><br \/>\n<span>\ud83e\udd11 Zagotovljena najbolj\u0161a cena.<\/span><br \/>\n<span>\ud83d\udc6a Aktivirani popusti.<\/span><br \/>\n<span>\ud83d\udd01 Do 4 dni odpovedi.<\/span><br \/>\n<span>\ud83c\udf0d Ve\u010djezi\u010dna podpora.<\/span><br \/>\n<span>\ud83c\udf1f Rezervirajte zgodaj in prihranite!<br \/>\n\ud83d\udccd Odhod iz <a href=\"https:\/\/maps.app.goo.gl\/3EAT9KE3yNKvnqsz7\" target=\"_blank\" rel=\"noopener\">Puerto Col\u00f3n<\/a>.<br \/>\n<\/span><\/p>","protected":false},"featured_media":14654,"comment_status":"open","ping_status":"closed","template":"","meta":{"_acf_changed":false},"product_brand":[],"product_cat":[130],"product_tag":[],"class_list":{"0":"post-12784","1":"product","2":"type-product","3":"status-publish","4":"has-post-thumbnail","6":"product_cat-self-drive-boat-hire","7":"wcpa_has_options","9":"first","10":"instock","11":"sale","12":"virtual","13":"purchasable","14":"product-type-simple"},"acf":[],"wcpa_form_fields":{"wcpaData":{"product":{"product_price":180,"price_html":"From&nbsp;<del aria-hidden=\"true\"><span class=\"woocommerce-Price-amount amount\"><bdi>200,00&nbsp;<span class=\"woocommerce-Price-currencySymbol\">&euro;<\/span><\/bdi><\/span><\/del> <span class=\"screen-reader-text\">Prvotna cena je bila: 200,00&nbsp;&euro;.<\/span><ins aria-hidden=\"true\"><span class=\"woocommerce-Price-amount amount\"><bdi>180,00&nbsp;<span class=\"woocommerce-Price-currencySymbol\">&euro;<\/span><\/bdi><\/span><\/ins><span class=\"screen-reader-text\">Trenutna cena je: 180,00&nbsp;&euro;.<\/span>","original_product_price":200,"price_including_tax":180,"price_excluding_tax":180,"product_id":{"parent":12784,"variation":false},"is_variable":false,"stock_status":"instock","stock_quantity":null,"parent_sku":"CV12784","product_attributes":[],"custom_fields":[],"is_taxable":false,"product_name":"Self Drive Boat Hire Tenerife","hasImage":false},"fields":{"sec_666b2beb820739":{"extra":{"key":"sec_666b2beb820739","section_id":"sec_666b2beb820739","name":"Default","status":1,"cl_rule":"show","enableCl":false,"relations":[],"toggle":true,"title_tag":"h3","show_title":false,"showPrice":"default","form_id":12811,"form_rules":{"exclude_from_discount":true,"fee_label":"Fee","disp_hide_options_price":true,"disp_show_section_price":false,"disp_show_field_price":true,"layout_option":"standard","pric_use_as_fee":false,"process_fee_as":"woo_fee"},"layout_option":"standard"},"fields":[[{"label":"\ud83d\udcc5 Date","active":true,"required":true,"elementId":"date_466b2beb820758","picker_type":"custom","picker_mode":"single","placeholder":"","description":"","tooltip":"","name":"date_466b2beb820758","label_position":"default","desc_position":"default","enablePrice":false,"className":"","enableCl":false,"relations":[{"operator":"and","rules":[{"operator":"AND","rules":{"cl_field":"radio-group_565c78ffa81208","cl_relation":"is","cl_val":"3 Hour Trip"}}]}],"date_pic_inline":true,"date_pic_inline_hide":true,"min_date":{"type":"days","val":"0"},"max_date":{"type":"days","val":"365"},"date_pic_conf":{"disabledWeeks":[],"disabledDates":[]},"price":"","cl_rule":"show","col":6,"type":"date","error":false,"enableDesign":false,"LabelColor":"","gt_translate_keys":["label","placeholder","description","tooltip"],"price_dependency":false,"cl_dependency":false,"value":""}],[{"contentType":"rich","active":true,"label":"","elementId":"content_466b2beb820766","value":"<p>\ud83c\udf9f\ufe0f <strong>Reservation<\/strong>: Pay only a deposit now to reserve; the rest is due on the day of the activity upon arrival.<\/p>","inline":false,"name":"content_466b2beb820766","enablePrice":false,"className":"","subtype":"p","enableCl":false,"relations":false,"price":"","cl_rule":"show","col":6,"type":"content","error":false,"pricingType":"custom","isTemplate":false,"is_show_price":true,"show_in_checkout":true,"gt_translate_keys":["label","value"],"price_dependency":false,"cl_dependency":false}],[{"active":true,"col":6,"relations":false,"cl_rule":"show","enableCl":false,"price":"","enablePrice":true,"className":"","label_position":"default","desc_position":"default","type":"select","required":true,"elementId":"select_366b2beb82077c","label":"\u23f3 Trip Duration","name":"select_366b2beb82077c","values":[{"label":"2 Hours (180\u20ac)","value":"2","selected":false,"tempId":"aco_85","price":"180","gt_translate_keys":["label"]},{"label":"3 Hours (250\u20ac)","value":"3","selected":false,"tempId":"aco_556","price":"250","gt_translate_keys":["label"]},{"label":"4 Hours (320\u20ac)","value":"4","selected":false,"tempId":"aco_605","price":"320","gt_translate_keys":["label"]},{"label":"5 Hours (390\u20ac)","value":"5","selected":false,"tempId":"aco_724","price":"390","gt_translate_keys":["label"]},{"label":"6 Hours (460\u20ac)","value":"6","selected":false,"tempId":"aco_401","price":"460","gt_translate_keys":["label"]}],"dropdown_type":"basic","error":false,"placeholder":"Select Trip Duration","priceOptions":"different_for_all","pricingType":"fixed","is_show_price":true,"gt_translate_keys":["label","placeholder"],"price_dependency":["content_266b2beb82078f","content_266b2beb820799"],"cl_dependency":false,"value":""}],[{"active":true,"col":6,"relations":false,"cl_rule":"show","enableCl":false,"price":"","enablePrice":false,"className":"","label_position":"default","desc_position":"default","type":"separator","required":false,"elementId":"separator_8240912106","label":"Separator Field","height":"3","separatorType":"fill","error":false,"separatorColor":"#66a5b6","gt_translate_keys":["label"],"price_dependency":false,"cl_dependency":false,"value":""}],[{"active":true,"col":6,"relations":false,"cl_rule":"show","enableCl":false,"price":"({field.select_366b2beb82077c.price}*0.2)+({field.select_166b2beb820786.price}*0.1)","enablePrice":true,"className":"","label_position":"default","desc_position":"default","type":"content","required":false,"elementId":"content_266b2beb82078f","label":"Deposit Payment","name":"content_266b2beb82078f","contentType":"plain","value":"","error":false,"pricingType":"custom","isTemplate":true,"is_show_price":false,"enableDesign":true,"scrollBar":false,"use_as_fee":false,"fee_label":"Payment Now","inline":true,"show_in_checkout":true,"subtype":"div","formulaId":"fmla_1708364241278155361","LabelSize":"14px","gt_translate_keys":["label","value"],"price_dependency":["content_466b2beb8207a2"],"cl_dependency":false}],[{"contentType":"plain","active":true,"label":"Payment at Arrival","elementId":"content_266b2beb820799","value":"","inline":true,"show_in_checkout":true,"name":"content_266b2beb820799","enablePrice":true,"className":"","fee_label":"Payment at Arrival","subtype":"div","enableCl":false,"relations":false,"scrollBar":false,"enableDesign":true,"pricingType":"custom","isTemplate":true,"price":"({field.select_366b2beb82077c.price}*0.8)+({field.select_166b2beb820786.price}*0.9)","use_as_fee":false,"is_show_price":true,"cl_rule":"show","col":6,"type":"content","error":false,"formulaId":"fmla_172299064258378161","LabelSize":"14px","gt_translate_keys":["label","value"],"price_dependency":["content_466b2beb8207a2"],"cl_dependency":false}],[{"contentType":"plain","active":true,"label":"Total Price","elementId":"content_466b2beb8207a2","value":"","inline":true,"show_in_checkout":true,"name":"content_466b2beb8207a2","enablePrice":true,"className":"","fee_label":"Payment at Arrival","subtype":"div","enableCl":false,"relations":false,"scrollBar":false,"enableDesign":true,"LabelSize":"14px","pricingType":"custom","isTemplate":false,"price":"({field.content_266b2beb82078f.price})+({field.content_266b2beb820799.price})","formulaId":"fmla_1708360988969136756","use_as_fee":false,"is_show_price":true,"cl_rule":"show","col":6,"type":"content","error":false,"gt_translate_keys":["label","value"],"price_dependency":false,"cl_dependency":false}],[{"elementId":"separator-8320172123","separatorType":"fill","separatorColor":"#66a5b6","className":"","height":"3","enableCl":false,"relations":false,"cl_rule":"show","col":6,"type":"separator","gt_translate_keys":[],"price_dependency":false,"cl_dependency":false,"value":""}],[{"active":true,"col":6,"relations":[{"operator":false,"rules":[{"operator":"AND","rules":{"cl_field":"radio-group_565c78ffa81208","cl_relation":"is","cl_val":"3 Hour Trip"}}]}],"cl_rule":"show","enableCl":false,"price":"","enablePrice":false,"className":"","label_position":"default","desc_position":"default","type":"select","required":false,"elementId":"select_866b2beb8207ab","label":"\u23f0 Departure Time","name":"select_866b2beb8207ab","values":[{"label":"9:30","value":"9:30","selected":false,"tempId":"aco_1471","gt_translate_keys":["label"]},{"label":"10:30","value":"10:30","selected":false,"tempId":"aco_1472","gt_translate_keys":["label"]},{"label":"11:30","value":"11:30","selected":false,"tempId":"aco_1500","gt_translate_keys":["label"]},{"label":"12:30","value":"12:30","selected":false,"tempId":"aco_1510","gt_translate_keys":["label"]},{"label":"13:30","value":"13:30","selected":false,"tempId":"aco_1520","gt_translate_keys":["label"]},{"label":"14:30","value":"14:30","selected":false,"tempId":"aco_1728","gt_translate_keys":["label"]},{"label":"15:30","value":"15:30","selected":false,"tempId":"aco_1738","gt_translate_keys":["label"]}],"dropdown_type":"basic","error":false,"placeholder":"Whichever Time is Best","gt_translate_keys":["label","placeholder"],"price_dependency":false,"cl_dependency":false,"value":""}],[{"elementId":"separator_266b2beb8207b5","separatorType":"blank","className":"","height":"1","enableCl":false,"relations":false,"cl_rule":"show","col":6,"type":"separator","gt_translate_keys":[],"price_dependency":false,"cl_dependency":false,"value":""}],[{"label":"\u2705 Number of People","active":true,"required":true,"elementId":"select_466b2beb8207be","dropdown_type":"basic","placeholder":"Select Number of People","name":"select_466b2beb8207be","label_position":"default","desc_position":"default","enablePrice":false,"className":"","enableCl":false,"relations":[{"operator":false,"rules":[{"operator":"AND","rules":{"cl_field":"radio-group_565c78ffa81208","cl_relation":"is","cl_val":"3 Hour Trip"}}]}],"values":[{"label":"1 person","value":"1","selected":false,"tempId":"aco_1471","gt_translate_keys":["label"]},{"label":"2 people","value":"2","selected":false,"tempId":"aco_1472","gt_translate_keys":["label"]},{"label":"3 people","value":"3","selected":false,"tempId":"aco_1500","gt_translate_keys":["label"]},{"label":"4 people","value":"4","selected":false,"tempId":"aco_1510","gt_translate_keys":["label"]},{"label":"5 people","value":"5","selected":false,"tempId":"aco_1520","gt_translate_keys":["label"]},{"label":"6 people","value":"6","selected":false,"tempId":"aco_2006","gt_translate_keys":["label"]}],"price":"","cl_rule":"show","col":6,"type":"select","error":false,"gt_translate_keys":["label","placeholder"],"price_dependency":false,"cl_dependency":false,"value":""}]]}},"config":{"price_override":"always","enable_recaptcha":false,"bind_quantity":false,"quantity_bind_formula":false,"disp_summ_show_option_price":true,"disp_summ_show_product_price":false,"disp_summ_show_total_price":false,"disp_summ_show_fee":true,"disp_summ_show_discount":true,"summary_title":"","options_total_label":"Options Price","total_label":"Total Amount","options_product_label":"Product Price","fee_label":"Fee","discount_label":"Discount","has_price":true,"has_quantity_formula":false},"mc_unit":1,"tax_rate":1,"tax_rate_real":1,"discount":{"percentage":0,"fixed":0},"design":{"conf":{"LabelPosition":"above","DescPosition":"above","UploadField":"custom_1","QuantityFieldStyle":"custom_1"},"css":{"LeftLabelWidth":"120px"}},"formulas":{"fmla_1708364241278155361":"(({field.select_366b2beb82077c.value}>=6)?(130):(({field.select_366b2beb82077c.value}>=5)?(110):(({field.select_366b2beb82077c.value}>=4)?(90):(({field.select_366b2beb82077c.value}>=3)?(70):(({field.select_366b2beb82077c.value}>=2)?(60):(0))))))","fmla_172299064258378161":"(({field.select_366b2beb82077c.value}>=6)?(330):(({field.select_366b2beb82077c.value}>=5)?(280):(({field.select_366b2beb82077c.value}>=4)?(230):(({field.select_366b2beb82077c.value}>=3)?(180):(({field.select_366b2beb82077c.value}>=2)?(120):(0))))))"},"lookuptables":[],"clones":false,"cartKey":false}},"_links":{"self":[{"href":"https:\/\/canaryvip.com\/sl\/wp-json\/wp\/v2\/product\/12784","targetHints":{"allow":["GET"]}}],"collection":[{"href":"https:\/\/canaryvip.com\/sl\/wp-json\/wp\/v2\/product"}],"about":[{"href":"https:\/\/canaryvip.com\/sl\/wp-json\/wp\/v2\/types\/product"}],"replies":[{"embeddable":true,"href":"https:\/\/canaryvip.com\/sl\/wp-json\/wp\/v2\/comments?post=12784"}],"wp:featuredmedia":[{"embeddable":true,"href":"https:\/\/canaryvip.com\/sl\/wp-json\/wp\/v2\/media\/14654"}],"wp:attachment":[{"href":"https:\/\/canaryvip.com\/sl\/wp-json\/wp\/v2\/media?parent=12784"}],"wp:term":[{"taxonomy":"product_brand","embeddable":true,"href":"https:\/\/canaryvip.com\/sl\/wp-json\/wp\/v2\/product_brand?post=12784"},{"taxonomy":"product_cat","embeddable":true,"href":"https:\/\/canaryvip.com\/sl\/wp-json\/wp\/v2\/product_cat?post=12784"},{"taxonomy":"product_tag","embeddable":true,"href":"https:\/\/canaryvip.com\/sl\/wp-json\/wp\/v2\/product_tag?post=12784"}],"curies":[{"name":"wp","href":"https:\/\/api.w.org\/{rel}","templated":true}]}}