{"id":12210,"date":"2024-07-03T15:52:34","date_gmt":"2024-07-03T14:52:34","guid":{"rendered":"https:\/\/canaryvip.com\/?post_type=product&#038;p=12210"},"modified":"2025-08-09T14:02:34","modified_gmt":"2025-08-09T13:02:34","slug":"magic-island-yacht-charter-gran-canaria","status":"publish","type":"product","link":"https:\/\/canaryvip.com\/sl\/shop\/magic-island-yacht-charter-gran-canaria\/","title":{"rendered":"Magic Island: Izposoja jaht<br\/> Gran Canaria"},"content":{"rendered":"<h2>\ud83d\udee5\ufe0f Magic Island Najem jaht Gran Canaria z CanaryVIP<\/h2>\n<p>Spoznajte lepote Kanarskih otokov iz udobja <strong>luksuzna jahta<\/strong> z na\u0161im Magic Island Yacht Hire v Gran Canarii. Ta <strong>zasebni izlet z ladjo<\/strong> ob dih jemajo\u010di jugozahodni obali Gran Canarie je kot nala\u0161\u010d za dru\u017eine, prijatelje in vse, ki i\u0161\u010dejo VIP-apartmajsko pustolov\u0161\u010dino. V podjetju CanaryVIP zagotavljamo brezhibno izku\u0161njo rezervacije za va\u0161 sanjski dan na morju.<\/p>\n<h3>\u2b50\ufe0f Zakaj izbrati Magic Island najem jahte v Gran Canarii<\/h3>\n<p>Tukaj je tisto, zaradi \u010desar je jahta Magic Island izjemna izbira za va\u0161o naslednjo <strong>najem \u010dolna na Gran Canarii<\/strong>:<\/p>\n<h4><strong>Ekskluzivna zasebna izku\u0161nja<\/strong><\/h4>\n<p>U\u017eivajte v kristalno \u010distih vodah Atlantika v popolni zasebnosti. Jahta Magic Island, ki sprejme do 12 gostov, je idealna za praznovanja, dru\u017einske izlete ali celo poslovne dogodke.<\/p>\n<h4><strong>Udobje in slog<\/strong><\/h4>\n<p>Sprostite se v prijetni in elegantni notranjosti z majhno spalnico, strani\u0161\u010dem, udobnimi sede\u017ei in jedilnico. Med plovbo vzdol\u017e vulkanske obale se na zgornji son\u010dni terasi kopajte v kanarskem soncu ali po\u010divajte v sen\u010dnih prostorih.<\/p>\n<h4><strong>Razburljive vodne aktivnosti<\/strong><\/h4>\n<p>Izbolj\u0161ajte svoje do\u017eivetje z zabavnimi dejavnostmi, ki so vklju\u010dene v va\u0161o rezervacijo:<\/p>\n<ul>\n<li><strong>\ud83e\udd3f Oprema za potapljanje:<\/strong> Z opremo, ki jo dobite na krovu, raziskujte podvodni svet.<\/li>\n<li><strong>\ud83c\udf4c Vo\u017enja z banano:<\/strong> S to vznemirljivo dejavnostjo, ki je vklju\u010dena brez dodatnih stro\u0161kov, dodajte svojemu potovanju nekaj adrenalina.<\/li>\n<\/ul>\n<h3>\ud83d\udea4 Magic Island Mo\u017enosti potovanja z jahto<\/h3>\n<p>Izbirate lahko med dvema trajanjem potovanja, ki se ujema z va\u0161im urnikom in \u017eeljami:<\/p>\n<ul>\n<li><strong>3-urna tura:<\/strong> Idealno za kratko, a sladko spoznavanje obalnih lepot Gran Canarie. Plavajte, potapljajte in se nau\u017eijte sonca.<\/li>\n<li><strong>5-urna tura:<\/strong> \u010ce \u017eelite do\u017eiveti bolj poglobljeno izku\u0161njo, si vzemite \u010das za raziskovanje obale, u\u017eivajte v vodnih aktivnostih ter se sprostite na krovu s prigrizki in pija\u010do.<\/li>\n<\/ul>\n<h3>\ud83e\udd42 Kaj je vklju\u010deno v zakup va\u0161e jahte<\/h3>\n<p>Va\u0161 <strong>najem jahte v Gran Canaria<\/strong> vklju\u010duje:<\/p>\n<ul>\n<li>prigrizki, kot so \u010dips in ore\u0161\u010dki.<\/li>\n<li>Pija\u010da iz odprtega bara, vklju\u010dno s pivom, brezalkoholnimi pija\u010dami, vodo in sokovi.<\/li>\n<li>Oprema za potapljanje in zabavna vo\u017enja z banano.<\/li>\n<li>Kosilo je na voljo na zahtevo (10 EUR na osebo, navedite med rezervacijo).<\/li>\n<li>Strokovno osebje, ki teko\u010de govori angle\u0161ko in \u0161pansko ter zagotavlja va\u0161e udobje in varnost med potovanjem.<\/li>\n<\/ul>\n<h3>\ud83d\udccd Podrobnosti o odhodu<\/h3>\n<ul>\n<li><strong>Lokacija:<\/strong> <a href=\"https:\/\/maps.app.goo.gl\/iZBybc3i384tdR816\" target=\"_blank\" rel=\"noopener\">Puerto Base v Portoriku<\/a>, Gran Canaria.<\/li>\n<li><strong>\u010casi:<\/strong> Izbirate lahko med odhodi ob 9:00 ali 14:00.<\/li>\n<li><strong>Prevoz:<\/strong> Izbirna storitev prevzema je na voljo za samo 2 \u20ac na osebo.<\/li>\n<\/ul>\n<p>Priporo\u010damo, da pridete vsaj 15 minut pred odhodom in si tako zagotovite nemoten za\u010detek pustolov\u0161\u010dine.<\/p>\n<h3>\u2705 Transparentna politika odpovedi<\/h3>\n<p>Zavedamo se, da se na\u010drti lahko spremenijo, zato so na\u0161a pravila odpovedi zasnovana tako, da vam zagotavljajo mir:<\/p>\n<ul>\n<li><strong>Vremensko jamstvo:<\/strong> \u010ce vremenske razmere ne bodo varne, boste lahko prestavili termin ali prejeli celotno povra\u010dilo stro\u0161kov.<\/li>\n<li><strong>Prilagodljive odpovedi:<\/strong> Do 8 dni pred potovanjem lahko brezpla\u010dno prekli\u010dete ali prestavite potovanje. Depoziti se ne vra\u010dajo za odpovedi v 8 dneh pred na\u010drtovanim odhodom.<\/li>\n<\/ul>\n<h3>\ud83d\udc68\u200d\u2708\ufe0f Nasveti za avanturo Magic Island<\/h3>\n<p>S temi preprostimi nasveti \u010dim bolje izkoristite dan:<\/p>\n<ul>\n<li>S seboj prinesite kopalke, brisa\u010do in kremo za son\u010denje.<\/li>\n<li>Nosite udobna obla\u010dila, primerna vremenu.<\/li>\n<li>Vozovnico CanaryVIP imejte pripravljeno v telefonu ali natisnjeno.<\/li>\n<li>Da bi se izognili morski bolezni, prej pojejte lahek obrok.<\/li>\n<\/ul>\n<h3>\ud83c\udf1f Zakaj rezervirati z CanaryVIP<\/h3>\n<p>Pri CanaryVIP smo specializirani za zagotavljanje najbolj\u0161ih mo\u017enosti za <a href=\"https:\/\/canaryvip.com\/sl\/gran-canaria\/\"><strong>najem \u010dolnov na Gran Canarii<\/strong><\/a>. Od luksuznih jaht, kot je Magic Island, do drugih prilagojenih izletov vam omogo\u010damo, da si na vodi ustvarite nepozabne spomine.<\/p>\n<p>Rezervirajte svoj <strong>Magic Island Najem jaht<\/strong> in se odpravite na dan, poln zabave, sprostitve in \u010dudovitih razgledov na osupljivo obalo Gran Canarie.<\/p>\n<p>\ud83d\udc49 <span>Rezerva<\/span><span> Zdaj<\/span> in izbolj\u0161ajte svojo po\u010ditni\u0161ko izku\u0161njo!<\/p>","protected":false},"excerpt":{"rendered":"<p><strong>\ud83d\udd0d Magic Island Gran Canaria:<\/strong><br \/>\n\u2705 Varno pla\u010dilo.<br \/>\n\ud83d\udd10 Zasebni izleti.<br \/>\n\ud83d\udee5\ufe0f 18m Yacht Comfort.<br \/>\n\u23f3 Dnevni ogledi 3H in 5H.<br \/>\n\ud83d\udd59 Prilagodljivi \u010dasi odhoda.<br \/>\n\ud83d\udc65 Do 12 gostov.<br \/>\n\ud83c\udfc4\u200d\u2640\ufe0f Vklju\u010dena so vesla.<br \/>\n\ud83e\udd3f Oprema za potapljanje je na voljo.<br \/>\n\ud83d\udd0a Predvajajte glasbo.<br \/>\n\ud83d\ude8c Prevzem in odvoz.<br \/>\n\ud83e\udd11 Zagotovljena najbolj\u0161a cena.<br \/>\n\ud83d\udc6a Aktivirani popusti.<br \/>\n\ud83d\udd01 Odpoved do 8 dni.<br \/>\n\ud83c\udf0d Ve\u010djezi\u010dna posadka.<br \/>\n\ud83c\udf1f Rezervirajte zgodaj in prihranite!<br \/>\n\ud83d\udccd Odhod iz <a href=\"https:\/\/maps.app.goo.gl\/836RSsqAzbptb2Qy5\">Puerto Base<\/a>.<\/p>","protected":false},"featured_media":12212,"comment_status":"open","ping_status":"closed","template":"","meta":{"_acf_changed":false},"product_brand":[],"product_cat":[132],"product_tag":[],"class_list":{"0":"post-12210","1":"product","2":"type-product","3":"status-publish","4":"has-post-thumbnail","6":"product_cat-boat-hire-gran-canaria","7":"wcpa_has_options","9":"first","10":"instock","11":"virtual","12":"purchasable","13":"product-type-simple"},"acf":[],"wcpa_form_fields":{"wcpaData":{"product":{"product_price":550,"price_html":"From&nbsp;<span class=\"woocommerce-Price-amount amount\"><bdi>550,00&nbsp;<span class=\"woocommerce-Price-currencySymbol\">&euro;<\/span><\/bdi><\/span>","original_product_price":550,"price_including_tax":550,"price_excluding_tax":550,"product_id":{"parent":12210,"variation":false},"is_variable":false,"stock_status":"instock","stock_quantity":null,"parent_sku":"CV12210","product_attributes":[],"custom_fields":[],"is_taxable":false,"product_name":"Magic Island: Yacht Hire<br\/> Gran Canaria","hasImage":false},"fields":{"sec_26686cb82841ff":{"extra":{"key":"sec_26686cb82841ff","section_id":"sec_26686cb82841ff","name":"Default","status":1,"cl_rule":"show","enableCl":false,"relations":[],"toggle":true,"title_tag":"h3","show_title":false,"showPrice":"default","form_id":12242,"form_rules":{"exclude_from_discount":true,"fee_label":"Fee","disp_hide_options_price":true,"disp_show_section_price":false,"disp_show_field_price":true,"layout_option":"standard","pric_use_as_fee":false,"process_fee_as":"woo_fee"},"layout_option":"standard"},"fields":[[{"label":"\ud83d\udcc5 Date","active":true,"required":true,"elementId":"date_56686cb8284220","picker_type":"custom","picker_mode":"single","placeholder":"","description":"","tooltip":"","name":"date_56686cb8284220","label_position":"default","desc_position":"default","enablePrice":false,"className":"","enableCl":false,"relations":[{"operator":"and","rules":[{"operator":"AND","rules":{"cl_field":"radio-group_565c78ffa81208","cl_relation":"is","cl_val":"3 Hour Trip"}}]}],"date_pic_inline":true,"date_pic_inline_hide":true,"min_date":{"type":"days","val":"2"},"max_date":{"type":"days","val":"365"},"date_pic_conf":{"disabledWeeks":[]},"price":"","cl_rule":"show","col":6,"type":"date","error":false,"enableDesign":false,"LabelColor":"","gt_translate_keys":["label","placeholder","description","tooltip"],"price_dependency":false,"cl_dependency":false,"value":""}],[{"elementId":"separator_26686cb828423c","separatorType":"blank","className":"","height":"3","enableCl":false,"relations":false,"cl_rule":"show","col":6,"type":"separator","error":false,"gt_translate_keys":[],"price_dependency":false,"cl_dependency":false,"value":""}],[{"active":true,"col":6,"relations":false,"cl_rule":"show","enableCl":false,"price":"","enablePrice":true,"className":"","label_position":"default","desc_position":"default","type":"select","required":true,"elementId":"select_36686cb8284247","label":"\u23f3 Trip Duration","name":"select_36686cb8284247","values":[{"label":"3 Hours (550\u20ac)","value":"3","selected":false,"tempId":"aco_556","price":"550","gt_translate_keys":["label"]},{"label":"5 Hours (995\u20ac)","value":"5","selected":false,"tempId":"aco_122","price":"995","gt_translate_keys":["label"]}],"dropdown_type":"basic","error":false,"placeholder":"Select Trip Duration","priceOptions":"different_for_all","pricingType":"fixed","is_show_price":false,"gt_translate_keys":["label","placeholder"],"price_dependency":false,"cl_dependency":false,"value":""}],[{"label":"\u2705 Number of People","active":true,"required":true,"elementId":"select_76686cb828429b","dropdown_type":"basic","placeholder":"Select Number of People","name":"select_76686cb828429b","label_position":"default","desc_position":"default","enablePrice":true,"className":"","enableCl":false,"relations":[{"operator":false,"rules":[{"operator":"AND","rules":{"cl_field":"radio-group_565c78ffa81208","cl_relation":"is","cl_val":"3 Hour Trip"}}]}],"values":[{"label":"1 person","value":"1","selected":false,"tempId":"aco_1471","price":"0","gt_translate_keys":["label"]},{"label":"2 people","value":"2","selected":false,"tempId":"aco_1472","price":"0","gt_translate_keys":["label"]},{"label":"3 people","value":"3","selected":false,"tempId":"aco_1500","price":"0","gt_translate_keys":["label"]},{"label":"4 people","value":"4","selected":false,"tempId":"aco_1510","price":"0","gt_translate_keys":["label"]},{"label":"5 people","value":"5","selected":false,"tempId":"aco_1520","price":"0","gt_translate_keys":["label"]},{"label":"6 people","value":"6","selected":false,"tempId":"aco_1728","price":"0","gt_translate_keys":["label"]},{"label":"7 people","value":"7","selected":false,"tempId":"aco_1738","price":"0","gt_translate_keys":["label"]},{"label":"8 people","value":"8","selected":false,"tempId":"aco_1748","price":"0","gt_translate_keys":["label"]},{"label":"9 people (+50\u20ac)","value":"9","selected":false,"tempId":"aco_1912","price":"50","gt_translate_keys":["label"]},{"label":"10 people (+100\u20ac)","value":"10","selected":false,"tempId":"aco_1922","price":"100","gt_translate_keys":["label"]},{"label":"11 people (+150\u20ac)","value":"11","selected":false,"tempId":"aco_84","price":"150","gt_translate_keys":["label"]},{"label":"12 people (+200\u20ac)","value":"12","selected":false,"tempId":"aco_94","price":"200","gt_translate_keys":["label"]}],"price":"","cl_rule":"show","col":6,"type":"select","error":false,"priceOptions":"different_for_all","pricingType":"fixed","is_show_price":false,"gt_translate_keys":["label","placeholder"],"price_dependency":["select_5959492541"],"cl_dependency":false,"value":""}],[{"active":true,"col":6,"relations":false,"cl_rule":"show","enableCl":false,"price":"","enablePrice":true,"className":"","label_position":"default","desc_position":"default","type":"select","required":false,"elementId":"select_5959492541","label":"\ud83c\udf57 Meal (+10\u20ac\/person)","name":"select_5959492541","values":[{"label":"No","value":"No","selected":false,"tempId":"aco_2562","price":"","gt_translate_keys":["label"]},{"label":"Yes (+10\u20ac\/person)","value":"Yes","selected":false,"tempId":"aco_2563","price":"{field.select_76686cb828429b.value}*10","gt_translate_keys":["label"]}],"dropdown_type":"basic","error":false,"description":"Snacks and drinks are included. For an extra meal, please select marinated chicken with mojo potatoes and coleslaw. Paella is available at a different price upon request. Meals are paid for on the day of the tour on the boat.","priceOptions":"different_for_all","pricingType":"custom","isTemplate":false,"is_show_price":true,"gt_translate_keys":["label","description"],"price_dependency":false,"cl_dependency":false,"value":""}]]},"sec_36686cb8284272":{"extra":{"key":"sec_36686cb8284272","section_id":"sec_36686cb8284272","name":"Pickup Location","status":1,"cl_rule":"show","enableCl":false,"relations":[],"toggle":true,"title_tag":"h4","show_title":false,"showPrice":"default","form_id":12242,"form_rules":{"exclude_from_discount":true,"fee_label":"Fee","disp_hide_options_price":true,"disp_show_section_price":false,"disp_show_field_price":true,"layout_option":"standard","pric_use_as_fee":false,"process_fee_as":"woo_fee"},"layout_option":"standard"},"fields":[[{"elementId":"separator_16686cb828427d","separatorType":"blank","className":"","height":"3","enableCl":false,"relations":false,"cl_rule":"show","col":6,"type":"separator","error":false,"gt_translate_keys":[],"price_dependency":false,"cl_dependency":false,"value":""}],[{"active":true,"col":6,"relations":[{"operator":false,"rules":[{"operator":"AND","rules":{"cl_field":"radio-group_565c78ffa81208","cl_relation":"is","cl_val":"3 Hour Trip"}}]}],"cl_rule":"show","enableCl":false,"price":"","enablePrice":false,"className":"","label_position":"default","desc_position":"default","type":"select","required":false,"elementId":"select_86686cb8284287","label":"\u23f0 Departure","name":"select_86686cb8284287","values":[{"label":"09:00","value":"09:00","selected":false,"tempId":"aco_1471","gt_translate_keys":["label"]},{"label":"12:00","value":"12:00","selected":false,"tempId":"aco_1510","gt_translate_keys":["label"]},{"label":"15:00","value":"15:00","selected":false,"tempId":"aco_1738","gt_translate_keys":["label"]}],"dropdown_type":"basic","error":false,"placeholder":"Whichever Time is Best","gt_translate_keys":["label","placeholder"],"price_dependency":false,"cl_dependency":false,"value":""}],[{"elementId":"separator_56686cb8284291","separatorType":"blank","className":"","height":"1","enableCl":false,"relations":false,"cl_rule":"show","col":6,"type":"separator","gt_translate_keys":[],"price_dependency":false,"cl_dependency":false,"value":""}],[{"elementId":"separator_76686cb82842a6","separatorType":"blank","className":"","height":"1","enableCl":false,"relations":false,"cl_rule":"show","col":6,"type":"separator","error":false,"gt_translate_keys":[],"price_dependency":false,"cl_dependency":false,"value":""}],[{"active":true,"col":6,"relations":false,"cl_rule":"show","enableCl":false,"price":"","enablePrice":false,"className":"","label_position":"default","desc_position":"default","type":"text","subtype":"text","required":false,"elementId":"text_06686cb82842af","label":"\ud83d\ude8c Pickup Location","name":"text_06686cb82842af","value":"","error":false,"description":"Pick-up service in some locations. Simply provide your address or hotel name. (+2\u20ac\/person paid at pickup to the driver)","gt_translate_keys":["label","description","value"],"price_dependency":false,"cl_dependency":false}]]}},"config":{"price_override":"always","enable_recaptcha":false,"bind_quantity":false,"quantity_bind_formula":false,"disp_summ_show_option_price":true,"disp_summ_show_product_price":false,"disp_summ_show_total_price":true,"disp_summ_show_fee":true,"disp_summ_show_discount":true,"summary_title":"","options_total_label":"Options Price","total_label":"Total Amount","options_product_label":"Product Price","fee_label":"Fee","discount_label":"Discount","has_price":true,"has_quantity_formula":false},"mc_unit":1,"tax_rate":1,"tax_rate_real":1,"discount":{"percentage":0,"fixed":0},"design":{"conf":{"LabelPosition":"above","DescPosition":"above","UploadField":"custom_1","QuantityFieldStyle":"custom_1"},"css":{"LeftLabelWidth":"120px"}},"formulas":{"fmla_1708364241278155361":"(({field.select_3666b1eb2b11fe.value}>=8)?(1400):(({field.select_3666b1eb2b11fe.value}>=7)?(1225):(({field.select_3666b1eb2b11fe.value}>=6)?(1050):(({field.select_3666b1eb2b11fe.value}>=5)?(875):(({field.select_3666b1eb2b11fe.value}>=4)?(700):(({field.select_3666b1eb2b11fe.value}>=3)?(500):(0)))))))","fmla_1718295979528641619":"(({field.select_3666b1eb2b11fe.value}>=8)?(280):(({field.select_3666b1eb2b11fe.value}>=7)?(205):(({field.select_3666b1eb2b11fe.value}>=6)?(150):(({field.select_3666b1eb2b11fe.value}>=5)?(175):(({field.select_3666b1eb2b11fe.value}>=4)?(200):(({field.select_3666b1eb2b11fe.value}>=3)?(150):(0)))))))"},"lookuptables":[],"clones":false,"cartKey":false}},"_links":{"self":[{"href":"https:\/\/canaryvip.com\/sl\/wp-json\/wp\/v2\/product\/12210","targetHints":{"allow":["GET"]}}],"collection":[{"href":"https:\/\/canaryvip.com\/sl\/wp-json\/wp\/v2\/product"}],"about":[{"href":"https:\/\/canaryvip.com\/sl\/wp-json\/wp\/v2\/types\/product"}],"replies":[{"embeddable":true,"href":"https:\/\/canaryvip.com\/sl\/wp-json\/wp\/v2\/comments?post=12210"}],"wp:featuredmedia":[{"embeddable":true,"href":"https:\/\/canaryvip.com\/sl\/wp-json\/wp\/v2\/media\/12212"}],"wp:attachment":[{"href":"https:\/\/canaryvip.com\/sl\/wp-json\/wp\/v2\/media?parent=12210"}],"wp:term":[{"taxonomy":"product_brand","embeddable":true,"href":"https:\/\/canaryvip.com\/sl\/wp-json\/wp\/v2\/product_brand?post=12210"},{"taxonomy":"product_cat","embeddable":true,"href":"https:\/\/canaryvip.com\/sl\/wp-json\/wp\/v2\/product_cat?post=12210"},{"taxonomy":"product_tag","embeddable":true,"href":"https:\/\/canaryvip.com\/sl\/wp-json\/wp\/v2\/product_tag?post=12210"}],"curies":[{"name":"wp","href":"https:\/\/api.w.org\/{rel}","templated":true}]}}