{"id":12147,"date":"2024-07-01T09:53:41","date_gmt":"2024-07-01T08:53:41","guid":{"rendered":"https:\/\/canaryvip.com\/?post_type=product&#038;p=12147"},"modified":"2025-08-09T14:07:45","modified_gmt":"2025-08-09T13:07:45","slug":"siam-night","status":"publish","type":"product","link":"https:\/\/canaryvip.com\/sl\/shop\/siam-night\/","title":{"rendered":"Kupi Siam Night Vstopnice"},"content":{"rendered":"<h2>\ud83c\udf0c <strong>Siamska no\u010d: Potopite se v najve\u010djo no\u010dno vodno pustolov\u0161\u010dino!<\/strong><\/h2>\n<ul>\n<li><strong>Poletne no\u010di (od 2. julija do 31. avgusta):<\/strong> Od 20:00 do 00:00. Od torka do sobote.<\/li>\n<li><strong>Nepozabni ve\u010deri:<\/strong> Do\u017eivite Siam Park kot \u0161e nikoli prej z vznemirljivimi vo\u017enjami in \u010darobnim vzdu\u0161jem.<\/li>\n<\/ul>\n<p>\ud83d\udccd <strong>Lokacija:<\/strong> Nahaja se v sredi\u0161\u010du Costa Adeje na jugu Tenerifov. Zlahka nas najdete na <a href=\"https:\/\/maps.app.goo.gl\/UfftQG3CrqW5R81r9\" target=\"_blank\" rel=\"noopener\">Google Zemljevidi<\/a>.<\/p>\n<p>\ud83c\udf92 <strong>Spakirajte se za ve\u010der zabave:<\/strong> S seboj imejte kopalke, brisa\u010do in lahkotno jakno za ohladitev po vo\u017enji. Najem omaric je na voljo za samo 10 EUR.<\/p>\n<p>\ud83d\udca7 <strong>Ostanite udobni:<\/strong> Voda je segreta na 24 \u00b0C, kar je kot nala\u0161\u010d za no\u010dno \u010dofotanje.<\/p>\n<p>\ud83c\udfab <strong>Prilagodljive vstopnice:<\/strong> Vstopnica za no\u010d Siam velja kateri koli dan v \u010dasu dogodka. Za najbolj\u0161e cene in enostaven dostop rezervirajte prek CanaryVIP.<\/p>\n<p>\ud83c\udf1f <strong>Rezervirajte z CanaryVIP:<\/strong> Zagotovite si vstopnice po brezkon\u010dnih cenah. Odrasli za 45 \u20ac, otroci (3-11 let) za 32 \u20ac. Dojen\u010dki imajo prost vstop!<\/p>\n<ul>\n<li><strong>Jamstvo najbolj\u0161e cene:<\/strong> Z rezervacijo prek CanaryVIP dobite najbolj\u0161o ponudbo.<\/li>\n<li><strong>Prednost za zgodnje ptice:<\/strong> Z rezervacijo zdaj se izognite povi\u0161anju cen.<\/li>\n<li><strong>Prilagodljiva odpoved:<\/strong> Za vra\u010dilo denarja v celoti prekli\u010dite obisk do 48 ur pred obiskom.<\/li>\n<\/ul>\n<p>\ud83d\udd25 <strong>Ne zamudite: Rezervirajte zdaj za posebne ponudbe na CanaryVIP.com!<\/strong> Pripravite se na nepozabno no\u010d v Siam Park z CanaryVIP. Potopite se v svet lu\u010di, glasbe in vodnih atrakcij!<\/p>\n<h3>\ud83d\udc6f <strong>Posebna ponudba za dvojne vstopnice: Loro Parque + Siam Park<\/strong><\/h3>\n<p>Zdru\u017eite svoje pustolov\u0161\u010dine z na\u0161im ekskluzivnim <a href=\"https:\/\/canaryvip.com\/sl\/shop\/twin-ticket-siam-park-and-loro-parque\/\">Ponudba za dvojno vstopnico<\/a>!<\/p>\n<p>Do\u017eivite tako vznemirljiv Siam Park kot o\u010darljiv Loro Parque po zni\u017eani ceni.<\/p>\n<ul>\n<li><strong>Podvojena zabava:<\/strong> Ena vstopnica, dva \u010dudovita parka.<\/li>\n<li><strong>Prihranite ve\u010d:<\/strong> U\u017eivajte v obeh znamenitostih po ni\u017eji skupni ceni.<\/li>\n<li><strong>Brezhibna izku\u0161nja:<\/strong> En nakup za dve nepozabni izku\u0161nji.<\/li>\n<\/ul>\n<p><a href=\"https:\/\/canaryvip.com\/sl\/shop\/twin-ticket-siam-park-and-loro-parque\/\" target=\"_new\" rel=\"noopener\">Kliknite tukaj za ve\u010d informacij in prihranite z na\u0161o ponudbo dvojnih vstopnic!<\/a><\/p>\n<h3>\ud83c\udf9f\ufe0f <strong>Zakaj izbrati CanaryVIP za vstopnice za park Siam?<\/strong><\/h3>\n<ul>\n<li><strong>Enostavne rezervacije:<\/strong> Zagotovite si vozovnice in prevoz v enem zamahu.<\/li>\n<li><strong>Ekskluzivne ponudbe:<\/strong> Dostopajte do ponudb, ki niso na voljo drugje.<\/li>\n<li><strong>Namenska podpora:<\/strong> Na\u0161a ekipa je pripravljena pomagati pri vseh poizvedbah ali spremembah.<\/li>\n<\/ul>\n<p><strong>\ud83d\udd17 Razi\u0161\u010dite Siam Park z udobjem in lahkoto!<\/strong><br \/>\nCanaryVIP si prizadeva, da bo va\u0161 obisk Siam Park \u010dim bolj prijeten in brez te\u017eav. Poskrbeli smo za vas, od priro\u010dnih prevozov do ekskluzivnih ponudb vstopnic. Pripravite se na izjemno no\u010d v Siam Park z CanaryVIP!<\/p>\n<h3>\ud83c\udf1f <strong>Izku\u0161nje Siam Night - Pogosta vpra\u0161anja<\/strong><\/h3>\n<ul>\n<li><strong>Delovni \u010das:<\/strong> Od 20:00 do 00:00. Od torka do sobote (od 2. julija do 31. avgusta).<\/li>\n<li><strong>Cene vstopnic:<\/strong> 45 \u20ac za odrasle, 32 \u20ac za otroke (3-11 let).<\/li>\n<li><strong>Sprejem otrok:<\/strong> Da, vendar mora otroke, mlaj\u0161e od 16 let, spremljati odrasla oseba.<\/li>\n<li><strong>Vse znamenitosti so odprte:<\/strong> Vse glavne vo\u017enje, razen tistih za manj\u0161e otroke.<\/li>\n<li><strong>Temperatura:<\/strong> Voda je ogrevana na 24 \u00baC, vendar imejte s seboj jakno za po vo\u017enji.<\/li>\n<li><strong>Vzdu\u0161je:<\/strong> \u017divahna glasba DJ-ja v \u017eivo je kot nala\u0161\u010d za skupine prijateljev.<\/li>\n<li><strong>Pravila odpovedi:<\/strong> Brezpla\u010dna odpoved do 72 ur pred obiskom.<\/li>\n<\/ul>\n<p>Pripravite se na razburljivo no\u010d pod zvezdami v Siam Park z CanaryVIP!<\/p>","protected":false},"excerpt":{"rendered":"<p><strong>\ud83d\udd0d Vstopnice za park Siam:<\/strong><br \/>\n\u2705 Varno pla\u010dilo.<br \/>\n\ud83d\udd59 Odprto od 20:00 do 00:00.<br \/>\n\ud83c\udf05 Samo poleti.<br \/>\n\ud83d\udca6 Voda, segreta na 24\u00baC.<br \/>\n\ud83c\udf0a Dostop do vseh vznemirljivih vo\u017eenj.<br \/>\n\ud83d\udcaf Najbolj\u0161i vodni park v Evropi.<br \/>\n\ud83e\udd11 Zagotovljena najbolj\u0161a cena.<br \/>\n\ud83d\udc6a Popusti za skupinske rezervacije.<br \/>\n\ud83d\udd01 Do 72h Preklic.<br \/>\n\ud83c\udf0d Podpora v ve\u010d jezikih.<br \/>\n\ud83c\udf1f Rezervirajte zdaj in prihranite!<br \/>\n2\ufe0f\u20e3 Preverite ponudbo <a href=\"https:\/\/canaryvip.com\/sl\/shop\/twin-ticket-siam-park-and-loro-parque\/\">Siam + Loro Parque<\/a>.<br \/>\n\ud83d\udc32 Odkrijte <a href=\"https:\/\/canaryvip.com\/sl\/tenerife\/theme-parks\/siam-park-tickets\/\">vse vstopnice za park Siam tukaj<\/a>!<br \/>\n\ud83d\udccd Najdi <a href=\"https:\/\/maps.app.goo.gl\/UfftQG3CrqW5R81r9\">Park Siam na Googlovih zemljevidih<\/a>!<\/p>","protected":false},"featured_media":12151,"comment_status":"open","ping_status":"closed","template":"","meta":{"_acf_changed":false},"product_brand":[],"product_cat":[54,55],"product_tag":[],"class_list":{"0":"post-12147","1":"product","2":"type-product","3":"status-publish","4":"has-post-thumbnail","6":"product_cat-theme-parks","7":"product_cat-siam-park-tickets","8":"wcpa_has_options","10":"first","11":"instock","12":"virtual","13":"purchasable","14":"product-type-simple"},"acf":[],"wcpa_form_fields":{"wcpaData":{"product":{"product_price":48,"price_html":"From&nbsp;<span class=\"woocommerce-Price-amount amount\"><bdi>48,00&nbsp;<span class=\"woocommerce-Price-currencySymbol\">&euro;<\/span><\/bdi><\/span>","original_product_price":48,"price_including_tax":48,"price_excluding_tax":48,"product_id":{"parent":12147,"variation":false},"is_variable":false,"stock_status":"instock","stock_quantity":null,"parent_sku":"CV12147","product_attributes":[],"custom_fields":[],"is_taxable":false,"product_name":"Buy Siam Night Tickets","hasImage":false},"fields":{"sec_1066827b72b689a":{"extra":{"key":"sec_1066827b72b689a","section_id":"sec_1066827b72b689a","name":"Default","status":1,"cl_rule":"show","enableCl":false,"relations":[],"toggle":true,"title_tag":"h3","show_title":false,"showPrice":"default","form_id":12152,"form_rules":{"exclude_from_discount":true,"fee_label":"Fee","disp_hide_options_price":true,"disp_show_section_price":false,"disp_show_field_price":true,"layout_option":"standard","pric_use_as_fee":false,"process_fee_as":"woo_fee"},"layout_option":"standard"},"fields":[[{"label":"\ud83d\udcc5 Date","active":true,"required":true,"elementId":"date_066827b72b68b9","picker_type":"custom","picker_mode":"single","placeholder":"","description":"","tooltip":"","name":"date_066827b72b68b9","label_position":"default","desc_position":"default","enablePrice":false,"className":"","enableCl":false,"relations":[{"operator":"and","rules":[{"operator":"AND","rules":{"cl_field":"radio-group_666827b72b68c8","cl_relation":"is","cl_val":"3 Hour Trip"}}]}],"date_pic_inline":true,"date_pic_inline_hide":true,"min_date":{"type":"date","val":"2025-07-01"},"max_date":{"type":"date","val":"2025-08-31"},"date_pic_conf":{"disabledWeeks":[1,0],"enabledDates":[]},"price":"","cl_rule":"show","col":6,"type":"date","error":false,"enableDesign":false,"LabelColor":"","gt_translate_keys":["label","placeholder","description","tooltip"],"price_dependency":false,"cl_dependency":false,"value":""}]]},"sec_166827b72b68c9":{"extra":{"key":"sec_166827b72b68c9","section_id":"sec_166827b72b68c9","name":"Siam Park Regular Tickets","status":1,"cl_rule":"show","enableCl":false,"relations":[{"operator":false,"rules":[{"operator":"AND","rules":{"cl_field":"radio-group_666827b72b68c8","cl_relation":"is","cl_val":"Siam Park Regular Tickets"}}]}],"toggle":true,"title_tag":"h4","show_title":false,"showPrice":"default","layout_option":"standard","form_id":12152,"form_rules":{"exclude_from_discount":true,"fee_label":"Fee","disp_hide_options_price":true,"disp_show_section_price":false,"disp_show_field_price":true,"layout_option":"standard","pric_use_as_fee":false,"process_fee_as":"woo_fee"}},"fields":[[{"elementId":"separator_266827b72b68d5","separatorType":"blank","className":"","height":"10","enableCl":false,"relations":false,"cl_rule":"show","col":6,"type":"separator","gt_translate_keys":[],"price_dependency":false,"cl_dependency":false,"value":""}],[{"active":true,"col":6,"relations":false,"cl_rule":"show","enableCl":false,"price":"","enablePrice":false,"className":"","label_position":"default","desc_position":"default","type":"content","required":false,"elementId":"content_166827b72b68e0","label":"People","name":"content_166827b72b68e0","contentType":"plain","value":"","error":false,"show_in_checkout":true,"inline":false,"gt_translate_keys":["label","value"],"price_dependency":false,"cl_dependency":false}],[{"label":"","active":true,"required":false,"elementId":"radio-group_366827b72b68f5","name":"radio-group_366827b72b68f5","label_position":"default","desc_position":"default","enablePrice":true,"className":"","enableCl":false,"relations":[{"operator":false,"rules":[{"operator":"or","rules":{"cl_field":"date_066827b72b68b9","cl_relation":"month_is","cl_val":[1,2,3,4,5,6,10,11,12,9]}},{"operator":"AND","rules":{"cl_field":"date_066827b72b68b9","cl_relation":"is_empty","cl_val":""}}]}],"enable_quantity":true,"quantity_label":"","min_quantity":"0","checkUi":"button","layOut":"","options_tooltip":true,"options_description":true,"values":[{"label":"\ud83d\udc64 Adult (48\u20ac)","value":"Adult","selected":true,"tempId":"aco_32","tooltip":"+12 Years","description":"","gt_translate_keys":["label","tooltip","description"]}],"priceOptions":"fixed_for_all","pricingType":"fixed","price":"48","cl_rule":"hide","col":6,"type":"radio-group","error":false,"gt_translate_keys":["label","quantity_label"],"price_dependency":false,"cl_dependency":false,"value":""}],[{"label":"","active":true,"required":false,"elementId":"radio-group_166827b72b690a","name":"radio-group_166827b72b690a","label_position":"default","desc_position":"default","enablePrice":true,"className":"","enableCl":false,"relations":[{"operator":false,"rules":[{"operator":"or","rules":{"cl_field":"date_066827b72b68b9","cl_relation":"month_is","cl_val":[1,2,3,4,5,6,9,10,11,12]}},{"operator":"AND","rules":{"cl_field":"date_066827b72b68b9","cl_relation":"is_empty","cl_val":""}}]}],"enable_quantity":true,"quantity_label":"","min_quantity":"0","checkUi":"button","layOut":"","options_tooltip":true,"options_description":true,"values":[{"label":"\ud83d\udc66 Child (36\u20ac)","value":"Child","selected":true,"tempId":"aco_32","tooltip":"2-11 Years","description":"","gt_translate_keys":["label","tooltip","description"]}],"priceOptions":"fixed_for_all","pricingType":"fixed","price":"36","cl_rule":"hide","col":6,"type":"radio-group","error":false,"gt_translate_keys":["label","quantity_label"],"price_dependency":false,"cl_dependency":false,"value":""}],[{"label":"","active":true,"required":false,"elementId":"radio-group_866827b72b6914","name":"radio-group_866827b72b6914","label_position":"default","desc_position":"default","enablePrice":true,"className":"","enableCl":false,"relations":false,"enable_quantity":true,"quantity_label":"","min_quantity":"0","checkUi":"button","layOut":"","values":[{"label":"\ud83d\udc76 Infant (Free)","value":"Infant (Free)","selected":true,"tempId":"aco_32","tooltip":"0-1 Years","gt_translate_keys":["label","tooltip"]}],"priceOptions":"fixed_for_all","pricingType":"fixed","price":"0","cl_rule":"show","col":6,"type":"radio-group","error":false,"options_tooltip":true,"gt_translate_keys":["label","quantity_label"],"price_dependency":false,"cl_dependency":false,"value":""}]]}},"config":{"price_override":"always","enable_recaptcha":false,"bind_quantity":false,"quantity_bind_formula":false,"disp_summ_show_option_price":true,"disp_summ_show_product_price":false,"disp_summ_show_total_price":true,"disp_summ_show_fee":true,"disp_summ_show_discount":true,"summary_title":"","options_total_label":"Options Price","total_label":"Total Amount","options_product_label":"Product Price","fee_label":"Fee","discount_label":"Discount","has_price":true,"has_quantity_formula":false},"mc_unit":1,"tax_rate":1,"tax_rate_real":1,"discount":{"percentage":0,"fixed":0},"design":{"conf":{"LabelPosition":"above","DescPosition":"above","UploadField":"custom_1","QuantityFieldStyle":"custom_1"},"css":{"LeftLabelWidth":"120px"}},"formulas":[],"lookuptables":[],"clones":false,"cartKey":false}},"_links":{"self":[{"href":"https:\/\/canaryvip.com\/sl\/wp-json\/wp\/v2\/product\/12147","targetHints":{"allow":["GET"]}}],"collection":[{"href":"https:\/\/canaryvip.com\/sl\/wp-json\/wp\/v2\/product"}],"about":[{"href":"https:\/\/canaryvip.com\/sl\/wp-json\/wp\/v2\/types\/product"}],"replies":[{"embeddable":true,"href":"https:\/\/canaryvip.com\/sl\/wp-json\/wp\/v2\/comments?post=12147"}],"wp:featuredmedia":[{"embeddable":true,"href":"https:\/\/canaryvip.com\/sl\/wp-json\/wp\/v2\/media\/12151"}],"wp:attachment":[{"href":"https:\/\/canaryvip.com\/sl\/wp-json\/wp\/v2\/media?parent=12147"}],"wp:term":[{"taxonomy":"product_brand","embeddable":true,"href":"https:\/\/canaryvip.com\/sl\/wp-json\/wp\/v2\/product_brand?post=12147"},{"taxonomy":"product_cat","embeddable":true,"href":"https:\/\/canaryvip.com\/sl\/wp-json\/wp\/v2\/product_cat?post=12147"},{"taxonomy":"product_tag","embeddable":true,"href":"https:\/\/canaryvip.com\/sl\/wp-json\/wp\/v2\/product_tag?post=12147"}],"curies":[{"name":"wp","href":"https:\/\/api.w.org\/{rel}","templated":true}]}}