{"id":11971,"date":"2024-06-22T22:45:14","date_gmt":"2024-06-22T21:45:14","guid":{"rendered":"https:\/\/canaryvip.com\/?post_type=product&#038;p=11971"},"modified":"2025-08-09T14:04:29","modified_gmt":"2025-08-09T13:04:29","slug":"silvia-yacht-charter-gran-canaria","status":"publish","type":"product","link":"https:\/\/canaryvip.com\/sl\/shop\/silvia-yacht-charter-gran-canaria\/","title":{"rendered":"Silvia: \u010carter plovila<br\/>Gran Canaria"},"content":{"rendered":"<h2>\ud83d\udee5\ufe0f Silvia Yacht Charter Gran Canaria z CanaryVIP<\/h2>\n<p>Odkrijte \u010darobnost Kanarskih otokov na krovu <strong>Silvia Yacht Charter<\/strong>, ekskluziven in razko\u0161en na\u010din raziskovanja osupljive obale Gran Canarie. V tem elegantnem hotelu je prostora za do 8 gostov. <strong>najem zasebnega \u010dolna na Gran Canarii<\/strong> ponuja popoln pobeg za majhne skupine, ki i\u0161\u010dejo sprostitev, pustolov\u0161\u010dine in nepozabne spomine.<\/p>\n<p>V podjetju CanaryVIP vam olaj\u0161amo u\u017eivanje v tem <strong>najem jahte Gran Canaria<\/strong> izku\u0161nje z brezhibnim postopkom rezervacije in izjemnimi storitvami.<\/p>\n<h3>\u2b50\ufe0f Zakaj izbrati zakup jahte Silvia v Gran Canarii<\/h3>\n<p>Zakaj <strong>Silvia Yacht Charter<\/strong> je ena najbolj\u0161ih mo\u017enosti za va\u0161o naslednjo pustolov\u0161\u010dino:<\/p>\n<h4><strong>Zasebna in ekskluzivna izku\u0161nja<\/strong><\/h4>\n<p>Ta zasebna jahta s skupno zmogljivostjo 8 oseb je kot nala\u0161\u010d za intimna sre\u010danja, pa naj gre za dru\u017einski izlet, romanti\u010dni pobeg ali posebno praznovanje.<\/p>\n<h4><strong>Udobje in prefinjenost<\/strong><\/h4>\n<p>Sprostite se v prostorni 13-metrski jahti z dobro vzdr\u017eevano in elegantno notranjostjo. U\u017eivajte v panoramskem razgledu iz salona, sprostite se na palubi ali se son\u010dite ob dih jemajo\u010di lepoti obale Gran Canarie.<\/p>\n<h4><strong>Razburljive vodne aktivnosti<\/strong><\/h4>\n<p>Va\u0161 <strong>najem \u010dolnov na Gran Canarii<\/strong> ponuja veliko mo\u017enosti za zabavo:<\/p>\n<ul>\n<li><strong>\ud83e\udd3f Oprema za potapljanje:<\/strong> S prilo\u017eeno masko in plavutmi odkrijte podvodni svet.<\/li>\n<li><strong>\ud83c\udf4c Vo\u017enja z banano:<\/strong> Dan si popestrite z brezpla\u010dnim izletom s \u010dolnom z banano.<\/li>\n<li><strong>\ud83c\udfc4\u200d\u2640\ufe0f Uporaba vesla\u0161ke deske:<\/strong> Preizkusite veslanje na deski, ki je zabaven in spro\u0161\u010dujo\u010d na\u010din za u\u017eivanje v mirnih vodah.<\/li>\n<li>Za popolno pustolov\u0161\u010dino so na voljo tudi popusti za dodatne vodne \u0161porte.<\/li>\n<\/ul>\n<h3>\ud83d\udea4 Silvia Yacht Mo\u017enosti potovanja<\/h3>\n<p>Izbirate lahko med dvema trajanjem potovanja, ki se ujema z va\u0161im urnikom in \u017eeljami:<\/p>\n<ul>\n<li><strong>3-urna zasebna listina:<\/strong> Kratek, a razko\u0161en oddih z veliko \u010dasa za plavanje, potapljanje in sprostitev.\n<ul>\n<li>\u010cas odhoda: 09:00-12:00, 12:00-15:00 ali 15:00-18:00.<\/li>\n<\/ul>\n<\/li>\n<li><strong>6-urna zasebna listina:<\/strong> Podalj\u0161ano potovanje, na katerem se lahko popolnoma potopite v naravne lepote Gran Canarie.\n<ul>\n<li>\u010cas odhoda: Odhodi: 09:00-15:00, 12:00-18:00 ali 15:00-21:00 (samo v poletni sezoni).<\/li>\n<\/ul>\n<\/li>\n<\/ul>\n<h3>\ud83e\udd42 Kaj je vklju\u010deno v zakup va\u0161e jahte<\/h3>\n<p>Va\u0161 <strong>najem jahte Gran Canaria<\/strong> do\u017eivetje vklju\u010duje vse, kar potrebujete za nepozaben dan na morju:<\/p>\n<ul>\n<li>Prigrizki, kot so \u010dips in ore\u0161\u010dki.<\/li>\n<li>Pija\u010da iz odprtega bara, vklju\u010dno s pivom, brezalkoholnimi pija\u010dami in vodo.<\/li>\n<li>Oprema za potapljanje, uporaba vesla in brezpla\u010dna vo\u017enja z banano.<\/li>\n<li>Prevoz do hotelov na jugu Gran Canarie in nazaj (po \u017eelji).<\/li>\n<li>Zavarovanje za va\u0161 mir.<\/li>\n<li>Izbirno kosilo (10 \u20ac na osebo, zahtevajte med rezervacijo).<\/li>\n<\/ul>\n<h3>\ud83d\udccd Podrobnosti o odhodu<\/h3>\n<ul>\n<li><strong>Lokacija:<\/strong> <a href=\"https:\/\/maps.app.goo.gl\/Xhe545W98um3rx6W8\" target=\"_blank\" rel=\"noopener\">Puerto de Mog\u00e1n<\/a>, Gran Canaria.<\/li>\n<li><strong>Prevoz:<\/strong> Za ve\u010dje udobje je na voljo dodatna storitev prevzema.<\/li>\n<li><strong>\u010casi:<\/strong> Ve\u010d dnevnih odhodov, ki se prilagajajo va\u0161emu urniku.<\/li>\n<\/ul>\n<h3>\u2705 Transparentna politika odpovedi<\/h3>\n<p>Z jasnimi in prilagodljivimi pravili odpovedi dajemo prednost va\u0161emu miru:<\/p>\n<ul>\n<li><strong>Vremensko jamstvo:<\/strong> V primeru nevarnega vremena lahko prestavite termin ali prejmete celotno nadomestilo.<\/li>\n<li><strong>Prilagodljive odpovedi:<\/strong> Do 8 dni pred potovanjem lahko brezpla\u010dno prekli\u010dete ali prestavite potovanje. Depoziti se ne vra\u010dajo za odpovedi v 8 dneh pred na\u010drtovanim odhodom.<\/li>\n<\/ul>\n<h3>\ud83d\udc68\u200d\u2708\ufe0f Nasveti za va\u0161o Silvia Yacht Adventure<\/h3>\n<p>S temi nasveti si dan na morju \u010dim bolj pove\u010dajte:<\/p>\n<ul>\n<li>S seboj prinesite kopalke, brisa\u010do in kremo za son\u010denje.<\/li>\n<li>Nosite udobna obla\u010dila, primerna vremenu.<\/li>\n<li>Pripravite si vozovnico CanaryVIP v telefonu ali natisnjeno.<\/li>\n<li>Da bi se izognili morski bolezni, prej pojejte lahek obrok.<\/li>\n<\/ul>\n<h3>\ud83c\udf1f Zakaj rezervirati z CanaryVIP<\/h3>\n<p>V podjetju CanaryVIP smo navdu\u0161eni nad ustvarjanjem nepozabnih do\u017eivetij na vodi. Ne glede na to, ali i\u0161\u010dete <strong>luksuzna jahta v Gran Canaria<\/strong> ali zabavno pustolov\u0161\u010dino, vam ponujamo najbolj\u0161e <a href=\"https:\/\/canaryvip.com\/sl\/shop\/magic-island-yacht-charter-gran-canaria\/\"><strong>najem \u010dolnov na Gran Canarii<\/strong><\/a> mo\u017enosti, prilagojene va\u0161im potrebam.<\/p>\n<p>Rezervirajte svoj <strong>Silvia Yacht Charter<\/strong> \u0161e danes in se odpravite na pot sprostitve, pustolov\u0161\u010din in \u010dudovitih razgledov.<\/p>\n<p>\ud83d\udc49 <a href=\"https:\/\/canaryvip.com\/sl\/\" target=\"_new\" rel=\"noopener\"><span>Rezerva<\/span><span> Zdaj<\/span><\/a> in izbolj\u0161ajte svojo po\u010ditni\u0161ko izku\u0161njo!<\/p>","protected":false},"excerpt":{"rendered":"<p><strong>\ud83d\udd0d Magic Island Gran Canaria:<\/strong><br \/>\n\u2705 Varno pla\u010dilo.<br \/>\n\ud83d\udd10 Zasebni izleti.<br \/>\n\ud83d\udee5\ufe0f 13m Yacht Comfort.<br \/>\n\u23f3 Dnevni ogledi 3H in 6H.<br \/>\n\ud83d\udd59 Razli\u010dni \u010dasi odhoda.<br \/>\n\ud83d\udc65 Do 12 gostov.<br \/>\n\ud83e\udd3f Oprema za potapljanje je na voljo.<br \/>\n\ud83d\ude8c Prevzem in odvoz.<br \/>\n\ud83e\udd11 Zagotovljena najbolj\u0161a cena.<br \/>\n\ud83d\udc6a Aktivirani popusti.<br \/>\n\ud83d\udd01 Odpoved do 8 dni.<br \/>\n\ud83c\udf0d Ve\u010djezi\u010dna posadka.<br \/>\n\ud83c\udf1f Rezervirajte zgodaj in prihranite!<br \/>\n\ud83d\udccd Odhod iz <a href=\"https:\/\/maps.app.goo.gl\/4TJkgAg6UBpnsyhm9\">Puerto de Mog\u00e1n<\/a>.<\/p>","protected":false},"featured_media":12219,"comment_status":"open","ping_status":"closed","template":"","meta":{"_acf_changed":false},"product_brand":[],"product_cat":[132],"product_tag":[],"class_list":{"0":"post-11971","1":"product","2":"type-product","3":"status-publish","4":"has-post-thumbnail","6":"product_cat-boat-hire-gran-canaria","7":"wcpa_has_options","9":"first","10":"instock","11":"virtual","12":"purchasable","13":"product-type-simple"},"acf":[],"wcpa_form_fields":{"wcpaData":{"product":{"product_price":450,"price_html":"From&nbsp;<span class=\"woocommerce-Price-amount amount\"><bdi>450,00&nbsp;<span class=\"woocommerce-Price-currencySymbol\">&euro;<\/span><\/bdi><\/span>","original_product_price":450,"price_including_tax":450,"price_excluding_tax":450,"product_id":{"parent":11971,"variation":false},"is_variable":false,"stock_status":"instock","stock_quantity":null,"parent_sku":"CV11971","product_attributes":[],"custom_fields":[],"is_taxable":false,"product_name":"Silvia: Yacht Charter<br\/>Gran Canaria","hasImage":false},"fields":{"sec_26687d4f04b1a4":{"extra":{"key":"sec_26687d4f04b1a4","section_id":"sec_26687d4f04b1a4","name":"Default","status":1,"cl_rule":"show","enableCl":false,"relations":[],"toggle":true,"title_tag":"h3","show_title":false,"showPrice":"default","form_id":12255,"form_rules":{"exclude_from_discount":true,"fee_label":"Fee","disp_hide_options_price":true,"disp_show_section_price":false,"disp_show_field_price":true,"layout_option":"standard","pric_use_as_fee":false,"process_fee_as":"woo_fee"},"layout_option":"standard"},"fields":[[{"label":"\ud83d\udcc5 Date","active":true,"required":true,"elementId":"date_106687d4f04b1c4","picker_type":"custom","picker_mode":"single","placeholder":"","description":"","tooltip":"","name":"date_106687d4f04b1c4","label_position":"default","desc_position":"default","enablePrice":false,"className":"","enableCl":false,"relations":[{"operator":"and","rules":[{"operator":"AND","rules":{"cl_field":"radio-group_565c78ffa81208","cl_relation":"is","cl_val":"3 Hour Trip"}}]}],"date_pic_inline":true,"date_pic_inline_hide":true,"min_date":{"type":"days","val":"2"},"max_date":{"type":"days","val":"365"},"date_pic_conf":{"disabledWeeks":[]},"price":"","cl_rule":"show","col":6,"type":"date","error":false,"enableDesign":false,"LabelColor":"","gt_translate_keys":["label","placeholder","description","tooltip"],"price_dependency":false,"cl_dependency":false,"value":""}],[{"elementId":"separator_76687d4f04b1e0","separatorType":"blank","className":"","height":"3","enableCl":false,"relations":false,"cl_rule":"show","col":6,"type":"separator","error":false,"gt_translate_keys":[],"price_dependency":false,"cl_dependency":false,"value":""}],[{"active":true,"col":6,"relations":false,"cl_rule":"show","enableCl":false,"price":"","enablePrice":true,"className":"","label_position":"default","desc_position":"default","type":"select","required":true,"elementId":"select_96687d4f04b1ea","label":"\u23f3 Trip Duration","name":"select_96687d4f04b1ea","values":[{"label":"3 Hours (450\u20ac)","value":"3","selected":false,"tempId":"aco_556","price":"450","gt_translate_keys":["label"]},{"label":"6 Hours (800\u20ac)","value":"6","selected":false,"tempId":"aco_122","price":"800","gt_translate_keys":["label"]}],"dropdown_type":"basic","error":false,"placeholder":"Select Trip Duration","priceOptions":"different_for_all","pricingType":"fixed","is_show_price":false,"gt_translate_keys":["label","placeholder"],"price_dependency":false,"cl_dependency":false,"value":""}],[{"label":"\u2705 Number of People","active":true,"required":true,"elementId":"select_86687d4f04b1f4","dropdown_type":"basic","placeholder":"Select Number of People","name":"select_86687d4f04b1f4","label_position":"default","desc_position":"default","enablePrice":false,"className":"","enableCl":false,"relations":[{"operator":false,"rules":[{"operator":"AND","rules":{"cl_field":"radio-group_565c78ffa81208","cl_relation":"is","cl_val":"3 Hour Trip"}}]}],"values":[{"label":"1 person","value":"1","selected":false,"tempId":"aco_1471","price":"0","gt_translate_keys":["label"]},{"label":"2 people","value":"2","selected":false,"tempId":"aco_1472","price":"0","gt_translate_keys":["label"]},{"label":"3 people","value":"3","selected":false,"tempId":"aco_1500","price":"0","gt_translate_keys":["label"]},{"label":"4 people","value":"4","selected":false,"tempId":"aco_1510","price":"0","gt_translate_keys":["label"]},{"label":"5 people","value":"5","selected":false,"tempId":"aco_1520","price":"0","gt_translate_keys":["label"]},{"label":"6 people","value":"6","selected":false,"tempId":"aco_1728","price":"0","gt_translate_keys":["label"]},{"label":"7 people","value":"7","selected":false,"tempId":"aco_1738","price":"0","gt_translate_keys":["label"]},{"label":"8 people","value":"8","selected":false,"tempId":"aco_1748","price":"0","gt_translate_keys":["label"]}],"price":"","cl_rule":"show","col":6,"type":"select","error":false,"priceOptions":"different_for_all","pricingType":"fixed","is_show_price":false,"gt_translate_keys":["label","placeholder"],"price_dependency":["select_86687d4f04b1fe"],"cl_dependency":false,"value":""}],[{"active":true,"col":6,"relations":false,"cl_rule":"show","enableCl":false,"price":"","enablePrice":true,"className":"","label_position":"default","desc_position":"default","type":"select","required":false,"elementId":"select_86687d4f04b1fe","label":"\ud83c\udf57 Meal (+10\u20ac\/person)","name":"select_86687d4f04b1fe","values":[{"label":"No","value":"No","selected":false,"tempId":"aco_2562","price":"","gt_translate_keys":["label"]},{"label":"Yes (+10\u20ac\/person)","value":"Yes","selected":false,"tempId":"aco_2563","price":"{field.select_86687d4f04b1f4.value}*10","gt_translate_keys":["label"]}],"dropdown_type":"basic","error":false,"description":"Snacks and drinks are included. If you want an extra meal, please select this option. The meal is marinated chicken with mojo potatoes and coleslaw.","priceOptions":"different_for_all","pricingType":"custom","isTemplate":false,"is_show_price":true,"gt_translate_keys":["label","description"],"price_dependency":false,"cl_dependency":false,"value":""}]]},"sec_106687d4f04b227":{"extra":{"key":"sec_106687d4f04b227","section_id":"sec_106687d4f04b227","name":"Pickup Location","status":1,"cl_rule":"show","enableCl":false,"relations":[],"toggle":true,"title_tag":"h4","show_title":false,"showPrice":"default","form_id":12255,"form_rules":{"exclude_from_discount":true,"fee_label":"Fee","disp_hide_options_price":true,"disp_show_section_price":false,"disp_show_field_price":true,"layout_option":"standard","pric_use_as_fee":false,"process_fee_as":"woo_fee"},"layout_option":"standard"},"fields":[[{"elementId":"separator_16687d4f04b232","separatorType":"blank","className":"","height":"3","enableCl":false,"relations":false,"cl_rule":"show","col":6,"type":"separator","error":false,"gt_translate_keys":[],"price_dependency":false,"cl_dependency":false,"value":""}],[{"active":true,"col":6,"relations":[{"operator":false,"rules":[{"operator":"AND","rules":{"cl_field":"radio-group_565c78ffa81208","cl_relation":"is","cl_val":"3 Hour Trip"}}]}],"cl_rule":"show","enableCl":false,"price":"","enablePrice":false,"className":"","label_position":"default","desc_position":"default","type":"select","required":false,"elementId":"select_66687d4f04b23c","label":"\u23f0 Departure","name":"select_66687d4f04b23c","values":[{"label":"09:00","value":"09:00","selected":false,"tempId":"aco_1471","gt_translate_keys":["label"]},{"label":"12:00","value":"12:00","selected":false,"tempId":"aco_1510","gt_translate_keys":["label"]},{"label":"15:00","value":"15:00","selected":false,"tempId":"aco_1738","gt_translate_keys":["label"]}],"dropdown_type":"basic","error":false,"placeholder":"Whichever Time is Best","gt_translate_keys":["label","placeholder"],"price_dependency":false,"cl_dependency":false,"value":""}],[{"elementId":"separator_86687d4f04b246","separatorType":"blank","className":"","height":"1","enableCl":false,"relations":false,"cl_rule":"show","col":6,"type":"separator","gt_translate_keys":[],"price_dependency":false,"cl_dependency":false,"value":""}],[{"elementId":"separator_86687d4f04b250","separatorType":"blank","className":"","height":"1","enableCl":false,"relations":false,"cl_rule":"show","col":6,"type":"separator","error":false,"gt_translate_keys":[],"price_dependency":false,"cl_dependency":false,"value":""}],[{"active":true,"col":6,"relations":false,"cl_rule":"show","enableCl":false,"price":"","enablePrice":false,"className":"","label_position":"default","desc_position":"default","type":"text","subtype":"text","required":false,"elementId":"text_66687d4f04b259","label":"\ud83d\ude8c Pickup Location","name":"text_66687d4f04b259","value":"","error":false,"description":"Pick-up service in some locations. Simply provide your address or hotel name. (+2\u20ac\/person paid at pickup to the driver)","gt_translate_keys":["label","description","value"],"price_dependency":false,"cl_dependency":false}]]}},"config":{"price_override":"always","enable_recaptcha":false,"bind_quantity":false,"quantity_bind_formula":false,"disp_summ_show_option_price":true,"disp_summ_show_product_price":false,"disp_summ_show_total_price":true,"disp_summ_show_fee":true,"disp_summ_show_discount":true,"summary_title":"","options_total_label":"Options Price","total_label":"Total Amount","options_product_label":"Product Price","fee_label":"Fee","discount_label":"Discount","has_price":true,"has_quantity_formula":false},"mc_unit":1,"tax_rate":1,"tax_rate_real":1,"discount":{"percentage":0,"fixed":0},"design":{"conf":{"LabelPosition":"above","DescPosition":"above","UploadField":"custom_1","QuantityFieldStyle":"custom_1"},"css":{"LeftLabelWidth":"120px"}},"formulas":{"fmla_1708364241278155361":"(({field.select_3666b1eb2b11fe.value}>=8)?(1400):(({field.select_3666b1eb2b11fe.value}>=7)?(1225):(({field.select_3666b1eb2b11fe.value}>=6)?(1050):(({field.select_3666b1eb2b11fe.value}>=5)?(875):(({field.select_3666b1eb2b11fe.value}>=4)?(700):(({field.select_3666b1eb2b11fe.value}>=3)?(500):(0)))))))","fmla_1718295979528641619":"(({field.select_3666b1eb2b11fe.value}>=8)?(280):(({field.select_3666b1eb2b11fe.value}>=7)?(205):(({field.select_3666b1eb2b11fe.value}>=6)?(150):(({field.select_3666b1eb2b11fe.value}>=5)?(175):(({field.select_3666b1eb2b11fe.value}>=4)?(200):(({field.select_3666b1eb2b11fe.value}>=3)?(150):(0)))))))"},"lookuptables":[],"clones":false,"cartKey":false}},"_links":{"self":[{"href":"https:\/\/canaryvip.com\/sl\/wp-json\/wp\/v2\/product\/11971","targetHints":{"allow":["GET"]}}],"collection":[{"href":"https:\/\/canaryvip.com\/sl\/wp-json\/wp\/v2\/product"}],"about":[{"href":"https:\/\/canaryvip.com\/sl\/wp-json\/wp\/v2\/types\/product"}],"replies":[{"embeddable":true,"href":"https:\/\/canaryvip.com\/sl\/wp-json\/wp\/v2\/comments?post=11971"}],"wp:featuredmedia":[{"embeddable":true,"href":"https:\/\/canaryvip.com\/sl\/wp-json\/wp\/v2\/media\/12219"}],"wp:attachment":[{"href":"https:\/\/canaryvip.com\/sl\/wp-json\/wp\/v2\/media?parent=11971"}],"wp:term":[{"taxonomy":"product_brand","embeddable":true,"href":"https:\/\/canaryvip.com\/sl\/wp-json\/wp\/v2\/product_brand?post=11971"},{"taxonomy":"product_cat","embeddable":true,"href":"https:\/\/canaryvip.com\/sl\/wp-json\/wp\/v2\/product_cat?post=11971"},{"taxonomy":"product_tag","embeddable":true,"href":"https:\/\/canaryvip.com\/sl\/wp-json\/wp\/v2\/product_tag?post=11971"}],"curies":[{"name":"wp","href":"https:\/\/api.w.org\/{rel}","templated":true}]}}