{"id":11774,"date":"2024-06-13T17:09:15","date_gmt":"2024-06-13T16:09:15","guid":{"rendered":"https:\/\/canaryvip.com\/?post_type=product&#038;p=11774"},"modified":"2025-06-29T14:14:28","modified_gmt":"2025-06-29T13:14:28","slug":"yacht-charter-gran-canaria","status":"publish","type":"product","link":"https:\/\/canaryvip.com\/sl\/shop\/yacht-charter-gran-canaria\/","title":{"rendered":"Yacht Charter Gran Canaria"},"content":{"rendered":"<h2><strong>\ud83d\udee5\ufe0f Gran Canaria Yacht Charter z CanaryVIP<\/strong><\/h2>\n<p>Podajte se na razko\u0161no morsko pustolov\u0161\u010dino z na\u0161o ekskluzivno zakupljeno jahto Gran Canaria. Pri CanaryVIP vam ponujamo najbolj\u0161e zasebne izlete z ladjo na Gran Canarii in vam zagotavljamo vrhunsko pomorsko izku\u0161njo. Nahaja se v slikoviti marini <a href=\"https:\/\/www.google.com\/maps\/place\/Puerto+de+Mog%C3%A1n\/@27.8168894,-15.7661037,16z\/data=!4m6!3m5!1s0xc4081a859086591:0xe494b559327a8db3!8m2!3d27.8173155!4d-15.7652521!16s%2Fg%2F11h6m6r2nn?entry=ttu\" target=\"_blank\" rel=\"noopener\">Puerto de Mog\u00e1n,<\/a>\u00a0na\u0161e \u010darterske jahte ponujajo edinstven in intimen pobeg od obi\u010dajnih izletov z ladjo.<\/p>\n<h3>\u2b50\ufe0f <strong>Zakaj na\u0161 najem jahte izstopa v Gran Canarii<\/strong><\/h3>\n<p><span style=\"text-decoration: underline;\"><strong>Klju\u010dni razlogi za izbiro na\u0161ega najema jaht:<\/strong><\/span><\/p>\n<p><strong>Ekskluzivni zasebni izleti:<\/strong> Na\u0161a \u010darterska plovila zagotavljajo osebni pristop na vsakem potovanju in ustvarjajo prilagojeno izku\u0161njo, ki ustreza va\u0161im \u017eeljam z zasebnostjo in ekskluzivnostjo.<\/p>\n<p><strong>Razko\u0161no udobje:<\/strong> Sprostite se na razli\u010dnih prijetnih mestih na jahti, bodisi da se son\u010dite na prostorni palubi ali u\u017eivate v osve\u017eilni pija\u010di v sen\u010dnem salonu.<\/p>\n<p><strong>Vklju\u010dene so zabavne dejavnosti:<\/strong> Svojo pustolov\u0161\u010dino si lahko popestrite s \u0161tevilnimi razburljivimi dejavnostmi. Na\u0161a jahta ni le jadranje, temve\u010d tudi sodelovanje z morjem na vznemirljive in prijetne na\u010dine.<\/p>\n<ul>\n<li><strong>\ud83c\udfc4\u200d\u2640\ufe0f Deske za veslanje:<\/strong> Veslanje z vesli je zabaven in spro\u0161\u010dujo\u010d na\u010din za u\u017eivanje v oceanu, hkrati pa se lahko tudi malo razgibate. Ne glede na to, ali ste za\u010detnik ali izku\u0161en vesla\u010d, bo to za vas prijeten del \u010darterja va\u0161e jahte.<\/li>\n<li><strong>\ud83e\udd3f Oprema za potapljanje:<\/strong> Odkrijte \u017eivahen podvodni svet Gran Canarie z na\u0161o opremo za potapljanje. Vode okoli otoka so polne morskega \u017eivljenja in vam ponujajo vpogled v o\u010darljiv podvodni ekosistem.<\/li>\n<li><strong>\ud83d\udd0a Predvajajte glasbo:<\/strong> Prek na\u0161ega zvo\u010dnega sistema s povezavo Bluetooth pove\u017eite svoj seznam predvajanja in poskrbite za glasbo svoje morske pustolov\u0161\u010dine. Naj bodo to spro\u0161\u010dujo\u010de melodije ali \u017eivahen ritem, glasba bo izbolj\u0161ala vzdu\u0161je med plovbo.<\/li>\n<\/ul>\n<p>CanaryVIP z razko\u0161no opremo in naborom zanimivih dejavnosti zagotavlja izjemno \u010dartersko izku\u0161njo. Vsak vidik va\u0161ega potovanja je zasnovan tako, da zagotavlja sprostitev in zabavo ter nepozabno pustolov\u0161\u010dino v vodah Gran Canarie.<\/p>\n<h4>\ud83d\udea4 <strong>Mo\u017enosti zakupa \u010dolna Gran Canaria<\/strong><\/h4>\n<p>Na\u0161a jadrnica ponuja razli\u010dne dol\u017eine \u010darterja, ki so zasnovane za razli\u010dne \u017eelje in \u010dasovne okvire:<\/p>\n<ul>\n<li><strong>3-urni obalni raziskovalec:<\/strong> Odli\u010den uvod v ju\u017eno obalo Gran Canarie. Plavajte v mirnih zalivih in u\u017eivajte v na\u0161i ponudbi pija\u010d in prigrizkov. Idealno za tiste, ki i\u0161\u010dejo hiter, a osve\u017eujo\u010d morski pobeg.<\/li>\n<li><strong>6-urna velika tura:<\/strong> Spoznajte \u010dudovite razglede in osamljene zalive. Osve\u017eite se v kristalno \u010disti vodi s panoramskim razgledom na bli\u017enje otoke. Potopite se globlje v naravne lepote Gran Canarie s podalj\u0161anim \u010dasom za raziskovanje in sprostitev.<\/li>\n<li><strong>8-urna celodnevna pustolov\u0161\u010dina:<\/strong> Potopite se v vrhunsko izku\u0161njo jadranja s celodnevnim do\u017eivetjem na krovu plovila Seaduction. Ta obse\u017ena \u010darterska pogodba vam omogo\u010da, da v celoti razi\u0161\u010dete raznolike obalne pokrajine in bogato morsko okolje Tenerifov. U\u017eivajte v dalj\u0161ih postankih za potapljanje, veslanje in morda celo praznovanje son\u010dnega zahoda. Z ve\u010d \u010dasa na krovu si lahko privo\u0161\u010dite \u0161ir\u0161o paleto na\u0161e gurmanske ponudbe, kar vam zagotavlja dan razko\u0161ne sprostitve in pustolov\u0161\u010dine.<\/li>\n<\/ul>\n<p>Vsaka mo\u017enost je zasnovana tako, da zagotavlja edinstveno in nepozabno izku\u0161njo ter vam omogo\u010da, da izberete popolno trajanje svoje pomorske pustolov\u0161\u010dine na Tenerifih. Ne glede na to, ali si \u017eelite kratek uvod v oto\u0161ke vode ali celodnevno potovanje, vam Seaduction Yacht ponuja prilagodljivost in razko\u0161je, da bo va\u0161 \u010das na morju nepozaben.<\/p>\n<h3>\u2705 <strong>Celovita oprema za popoln dan na morju<\/strong><\/h3>\n<p>Pri na\u0161i jahti ne gre le za lokacije, temve\u010d za celotno razko\u0161no izku\u0161njo:<\/p>\n<ul>\n<li>U\u017eivajte v razli\u010dnih vklju\u010denih pija\u010dah.<\/li>\n<li>Glede na trajanje potovanja si lahko privo\u0161\u010dite razli\u010dne gurmanske prigrizke ali polni obrok.<\/li>\n<li>Na\u0161 najsodobnej\u0161i zvo\u010dni sistem podpira Bluetooth, zato lahko med plovbo u\u017eivate v najljub\u0161ih seznamih predvajanja.<\/li>\n<li>Na sprednji strani jahte so prostori za son\u010denje.<\/li>\n<li>Izku\u0161ena in ve\u010djezi\u010dna posadka poskrbi za va\u0161o varnost in udobje med potovanjem.<\/li>\n<\/ul>\n<h3>\ud83d\udccd <strong>Odhod iz Puerto de Mog\u00e1n<\/strong><\/h3>\n<p>Svojo morsko pustolov\u0161\u010dino lahko za\u010dnete v sredi\u0161\u010du Gran Canarie, saj imate v pristani\u0161\u010du na voljo enostaven dostop in priro\u010dno parkiri\u0161\u010de. Za nemoten za\u010detek priporo\u010damo, da pridete 15 minut pred predvidenim odhodom.<\/p>\n<h4>\ud83d\udcdc <strong>\ud83d\udcdc Brezhibna rezervacija in pregledna politika odpovedi<\/strong><\/h4>\n<p>Pri CanaryVIP lahko brez te\u017eav rezervirate svojo izku\u0161njo z jahto, na\u0161a jasna politika odpovedi pa vam zagotavlja miren spanec:<\/p>\n<ul>\n<li><strong>Vremensko jamstvo:<\/strong> Pozorno spremljamo vremenske razmere. V primeru odpovedi zaradi nevarnega vremena lahko prestavite potovanje na drug termin ali pa zahtevate vra\u010dilo celotne kupnine, kar zagotavlja va\u0161o varnost in zadovoljstvo.<\/li>\n<li><strong>Prilagodljiva odpoved:<\/strong> Na\u010drti se spreminjajo in to razumemo. Do 4 dni pred potovanjem lahko brezpla\u010dno prekli\u010dete ali spremenite termin potovanja. \u010ce se odpoved zgodi v 4 dneh pred na\u010drtovanim odhodom, se vlo\u017eek ne povrne.<\/li>\n<\/ul>\n<p><strong>Rezervirajte svoje mesto na na\u0161i \u010darterski ladji na Gran Canarii \u0161e danes prek CanaryVIP in odplujte v dan, poln razko\u0161ja, udobja in nepozabnih morskih dogodiv\u0161\u010din.<\/strong><\/p>\n<h3>\ud83d\udc68\u200d\u2708\ufe0f <strong>Pripravljen za vkrcanje: Kontrolni seznam pred potovanjem<\/strong><\/h3>\n<p>Pred vkrcanjem se prepri\u010dajte, da:<\/p>\n<ul>\n<li>Pripravite si vozovnico CanaryVIP v telefonu ali natisnjeno.<\/li>\n<li>Vzemite s seboj kopalke, brisa\u010do in kremo za son\u010denje, da boste lahko varno u\u017eivali na soncu.<\/li>\n<li>Za prepre\u010devanje morske bolezni pojejte nekaj lahkega in pred potovanjem omejite u\u017eivanje alkohola.<\/li>\n<li>Izberite idealno mesto na palubi, ne glede na to, ali se \u017eelite kopati na soncu ali se sprostiti v senci.<\/li>\n<\/ul>\n<p>Rezervirajte svojo pustolov\u0161\u010dino \u0161e danes in povzdignite svoje po\u010ditnice v nepozabno do\u017eivetje s tem <a href=\"https:\/\/canaryvip.com\/sl\/gran-canaria\/boat-hire-gran-canaria\/\">ekskluzivni najem \u010dolnov na Gran Canarii<\/a>.<\/p>","protected":false},"excerpt":{"rendered":"<p><strong>\ud83d\udd0d Najem jahte Gran Canaria:<\/strong><br \/>\n\u2705 Varno pla\u010dilo.<br \/>\n\ud83d\udd10 Zasebni izleti.<br \/>\n\ud83d\udee5\ufe0f 15m Yacht Comfort.<br \/>\n\u23f3 Dnevni izleti od 3 do 8 ur.<br \/>\n\ud83d\udd59 Prilagodljivi \u010dasi odhoda.<br \/>\n\ud83c\udf74 Vklju\u010dena je prehrana in pija\u010da.<br \/>\n\ud83d\udc65 Do 12 gostov.<br \/>\n\ud83e\udd29 Zabavni napihljivi izdelki.<br \/>\n\ud83c\udfc4\u200d\u2640\ufe0f Vklju\u010dena so vesla.<br \/>\n\ud83e\udd3f Oprema za potapljanje je na voljo.<br \/>\n\ud83d\udd0a Predvajajte glasbo.<br \/>\n\ud83d\ude8c Brezpla\u010den prevzem in odvoz.<br \/>\n\ud83e\udd11 Zagotovljena najbolj\u0161a cena.<br \/>\n\ud83d\udc6a Aktivirani popusti.<br \/>\n\ud83d\udd01 Odpoved do 8 dni.<br \/>\n\ud83c\udf0d Ve\u010djezi\u010dna posadka.<br \/>\n\ud83c\udf1f Rezervirajte zgodaj in prihranite!<br \/>\n\ud83d\udccd Odhod iz <a href=\"https:\/\/www.google.com\/maps\/place\/Puerto+de+Mog%C3%A1n\/@27.8189572,-15.7678314,16.46z\/data=!4m15!1m8!3m7!1s0xc4080919d1ed923:0xbd01a5a03326a09b!2sPuerto+de+Mog%C3%A1n,+35139+Lomo+Quiebre,+Las+Palmas!3b1!8m2!3d27.8234371!4d-15.7607916!16s%2Fg%2F12vsxzmby!3m5!1s0xc4081a859086591:0xe494b559327a8db3!8m2!3d27.8173155!4d-15.7652521!16s%2Fg%2F11h6m6r2nn?entry=ttu\">Pristani\u0161\u010de Mog\u00e1n<\/a>.<\/p>","protected":false},"featured_media":11780,"comment_status":"open","ping_status":"closed","template":"","meta":{"_acf_changed":false},"product_brand":[],"product_cat":[81,132],"product_tag":[],"class_list":{"0":"post-11774","1":"product","2":"type-product","3":"status-publish","4":"has-post-thumbnail","6":"product_cat-gran-canaria","7":"product_cat-boat-hire-gran-canaria","8":"wcpa_has_options","10":"first","11":"instock","12":"virtual","13":"purchasable","14":"product-type-simple"},"acf":[],"wcpa_form_fields":{"wcpaData":{"product":{"product_price":650,"price_html":"From&nbsp;<span class=\"woocommerce-Price-amount amount\"><bdi>650,00&nbsp;<span class=\"woocommerce-Price-currencySymbol\">&euro;<\/span><\/bdi><\/span>","original_product_price":650,"price_including_tax":650,"price_excluding_tax":650,"product_id":{"parent":11774,"variation":false},"is_variable":false,"stock_status":"instock","stock_quantity":null,"parent_sku":"CV11774","product_attributes":[],"custom_fields":[],"is_taxable":false,"product_name":"Yacht Charter Gran Canaria","hasImage":false},"fields":{"sec_1666b1eb2b11bb":{"extra":{"key":"sec_1666b1eb2b11bb","section_id":"sec_1666b1eb2b11bb","name":"Default","status":1,"cl_rule":"show","enableCl":false,"relations":[],"toggle":true,"title_tag":"h3","show_title":false,"showPrice":"default","form_id":11785,"form_rules":{"exclude_from_discount":true,"fee_label":"Fee","disp_hide_options_price":true,"disp_show_section_price":false,"disp_show_field_price":true,"layout_option":"standard","pric_use_as_fee":false,"process_fee_as":"woo_fee"},"layout_option":"standard"},"fields":[[{"label":"\ud83d\udcc5 Date","active":true,"required":true,"elementId":"date_9666b1eb2b11d9","picker_type":"custom","picker_mode":"single","placeholder":"","description":"","tooltip":"","name":"date_9666b1eb2b11d9","label_position":"default","desc_position":"default","enablePrice":false,"className":"","enableCl":false,"relations":[{"operator":"and","rules":[{"operator":"AND","rules":{"cl_field":"radio-group_565c78ffa81208","cl_relation":"is","cl_val":"3 Hour Trip"}}]}],"date_pic_inline":true,"date_pic_inline_hide":true,"min_date":{"type":"days","val":"5"},"max_date":{"type":"days","val":"365"},"date_pic_conf":{"disabledWeeks":[6,0],"disabledDates":["2024-07-27 to 2024-07-29","2024-08-11 to 2024-08-18"]},"price":"","cl_rule":"show","col":6,"type":"date","error":false,"enableDesign":false,"LabelColor":"","gt_translate_keys":["label","placeholder","description","tooltip"],"price_dependency":false,"cl_dependency":false,"value":""}],[{"contentType":"rich","active":true,"label":"","elementId":"content_10666b1eb2b11e8","value":"<p>\ud83c\udf9f\ufe0f <strong>Reservation<\/strong>: Pay only a deposit now to reserve; the rest is due on the day of the activity upon arrival.<\/p>","inline":false,"name":"content_10666b1eb2b11e8","enablePrice":false,"className":"","subtype":"p","enableCl":false,"relations":false,"price":"","cl_rule":"show","col":6,"type":"content","error":false,"pricingType":"custom","isTemplate":false,"is_show_price":true,"show_in_checkout":true,"gt_translate_keys":["label","value"],"price_dependency":false,"cl_dependency":false}],[{"elementId":"separator_9666b1eb2b11f4","separatorType":"blank","className":"","height":"3","enableCl":false,"relations":false,"cl_rule":"show","col":6,"type":"separator","error":false,"gt_translate_keys":[],"price_dependency":false,"cl_dependency":false,"value":""}],[{"active":true,"col":6,"relations":false,"cl_rule":"show","enableCl":false,"price":"","enablePrice":true,"className":"","label_position":"default","desc_position":"default","type":"select","required":true,"elementId":"select_3666b1eb2b11fe","label":"\u23f3 Trip Duration","name":"select_3666b1eb2b11fe","values":[{"label":"3 Hours (650\u20ac)","value":"3","selected":false,"tempId":"aco_556","price":"650","gt_translate_keys":["label"]},{"label":"4 Hours (900\u20ac)","value":"4","selected":false,"tempId":"aco_122","price":"900","gt_translate_keys":["label"]}],"dropdown_type":"basic","error":false,"placeholder":"Select Trip Duration","priceOptions":"different_for_all","pricingType":"fixed","is_show_price":true,"gt_translate_keys":["label","placeholder"],"price_dependency":["content_9666b1eb2b1212"],"cl_dependency":false,"value":""}],[{"elementId":"separator_0666b1eb2b1208","separatorType":"fill","className":"","height":"3","enableCl":false,"relations":false,"cl_rule":"show","col":6,"type":"separator","error":false,"separatorColor":"#66a6b6","gt_translate_keys":[],"price_dependency":false,"cl_dependency":false,"value":""}],[{"active":true,"col":6,"relations":false,"cl_rule":"show","enableCl":false,"price":"{field.select_3666b1eb2b11fe.price}","enablePrice":true,"className":"","label_position":"default","desc_position":"default","type":"content","required":false,"elementId":"content_9666b1eb2b1212","label":"Deposit Payment","name":"content_9666b1eb2b1212","contentType":"plain","value":"","error":false,"pricingType":"custom","isTemplate":true,"is_show_price":false,"enableDesign":true,"scrollBar":false,"use_as_fee":false,"fee_label":"Payment Now","inline":true,"show_in_checkout":true,"subtype":"div","formulaId":"fmla_1718295979528641619","LabelSize":"14px","gt_translate_keys":["label","value"],"price_dependency":["content_8666b1eb2b1224"],"cl_dependency":false}],[{"contentType":"plain","active":true,"label":"Payment at Arrival","elementId":"content_9666b1eb2b121b","value":"","inline":true,"show_in_checkout":true,"name":"content_9666b1eb2b121b","enablePrice":true,"className":"","fee_label":"Payment at Arrival","subtype":"div","enableCl":false,"relations":false,"scrollBar":false,"enableDesign":true,"pricingType":"custom","isTemplate":true,"price":"({field.radio-group_965c78ffa8129a.quantity}*22) + ({field.radio-group_865c78ffa812a3.quantity}*11)","use_as_fee":false,"is_show_price":true,"cl_rule":"show","col":6,"type":"content","error":false,"formulaId":"fmla_1708364241278155361","LabelSize":"14px","gt_translate_keys":["label","value"],"price_dependency":["content_8666b1eb2b1224"],"cl_dependency":false}],[{"contentType":"plain","active":true,"label":"Total Price","elementId":"content_8666b1eb2b1224","value":"","inline":true,"show_in_checkout":true,"name":"content_8666b1eb2b1224","enablePrice":true,"className":"","fee_label":"Payment at Arrival","subtype":"div","enableCl":false,"relations":false,"scrollBar":false,"enableDesign":true,"LabelSize":"14px","pricingType":"custom","isTemplate":false,"price":"({field.content_9666b1eb2b1212.price}) + ({field.content_9666b1eb2b121b.price})","formulaId":"fmla_1708360988969136756","use_as_fee":false,"is_show_price":true,"cl_rule":"show","col":6,"type":"content","error":false,"gt_translate_keys":["label","value"],"price_dependency":false,"cl_dependency":false}]]},"sec_0666b1eb2b1225":{"extra":{"key":"sec_0666b1eb2b1225","section_id":"sec_0666b1eb2b1225","name":"Pickup Location","status":1,"cl_rule":"show","enableCl":false,"relations":[],"toggle":true,"title_tag":"h4","show_title":false,"showPrice":"default","form_id":11785,"form_rules":{"exclude_from_discount":true,"fee_label":"Fee","disp_hide_options_price":true,"disp_show_section_price":false,"disp_show_field_price":true,"layout_option":"standard","pric_use_as_fee":false,"process_fee_as":"woo_fee"},"layout_option":"standard"},"fields":[[{"elementId":"separator_2666b1eb2b122f","separatorType":"blank","className":"","height":"3","enableCl":false,"relations":false,"cl_rule":"show","col":6,"type":"separator","error":false,"gt_translate_keys":[],"price_dependency":false,"cl_dependency":false,"value":""}],[{"active":true,"col":6,"relations":[{"operator":false,"rules":[{"operator":"AND","rules":{"cl_field":"radio-group_565c78ffa81208","cl_relation":"is","cl_val":"3 Hour Trip"}}]}],"cl_rule":"show","enableCl":false,"price":"","enablePrice":false,"className":"","label_position":"default","desc_position":"default","type":"select","required":false,"elementId":"select_2666b1eb2b1238","label":"\u23f0 Departure","name":"select_2666b1eb2b1238","values":[{"label":"09:00","value":"09:00","selected":false,"tempId":"aco_1471","gt_translate_keys":["label"]},{"label":"10:00","value":"10:00","selected":false,"tempId":"aco_1472","gt_translate_keys":["label"]},{"label":"11:00","value":"11:00","selected":false,"tempId":"aco_1500","gt_translate_keys":["label"]},{"label":"12:00","value":"12:00","selected":false,"tempId":"aco_1510","gt_translate_keys":["label"]},{"label":"13:00 (1:00 PM)","value":"13:00","selected":false,"tempId":"aco_1520","gt_translate_keys":["label"]},{"label":"14:00 (2:00 PM)","value":"14:00","selected":false,"tempId":"aco_1728","gt_translate_keys":["label"]},{"label":"15:00 (3:00 PM)","value":"15:00","selected":false,"tempId":"aco_1738","gt_translate_keys":["label"]}],"dropdown_type":"basic","error":false,"placeholder":"Whichever Time is Best","gt_translate_keys":["label","placeholder"],"price_dependency":false,"cl_dependency":false,"value":""}],[{"elementId":"separator_6666b1eb2b1242","separatorType":"blank","className":"","height":"1","enableCl":false,"relations":false,"cl_rule":"show","col":6,"type":"separator","gt_translate_keys":[],"price_dependency":false,"cl_dependency":false,"value":""}],[{"label":"\u2705 Number of People","active":true,"required":true,"elementId":"select_8666b1eb2b124b","dropdown_type":"basic","placeholder":"Select Number of People","name":"select_8666b1eb2b124b","label_position":"default","desc_position":"default","enablePrice":false,"className":"","enableCl":false,"relations":[{"operator":false,"rules":[{"operator":"AND","rules":{"cl_field":"radio-group_565c78ffa81208","cl_relation":"is","cl_val":"3 Hour Trip"}}]}],"values":[{"label":"1 person","value":"1","selected":false,"tempId":"aco_1471","gt_translate_keys":["label"]},{"label":"2 people","value":"2","selected":false,"tempId":"aco_1472","gt_translate_keys":["label"]},{"label":"3 people","value":"3","selected":false,"tempId":"aco_1500","gt_translate_keys":["label"]},{"label":"4 people","value":"4","selected":false,"tempId":"aco_1510","gt_translate_keys":["label"]},{"label":"5 people","value":"5","selected":false,"tempId":"aco_1520","gt_translate_keys":["label"]},{"label":"6 people","value":"6","selected":false,"tempId":"aco_1728","gt_translate_keys":["label"]},{"label":"7 people","value":"7","selected":false,"tempId":"aco_1738","gt_translate_keys":["label"]},{"label":"8 people","value":"8","selected":false,"tempId":"aco_1748","gt_translate_keys":["label"]},{"label":"9 people","value":"9","selected":false,"tempId":"aco_1912","gt_translate_keys":["label"]},{"label":"10 people","value":"10","selected":false,"tempId":"aco_1922","gt_translate_keys":["label"]},{"label":"11 people","value":"11","selected":false,"tempId":"aco_84","gt_translate_keys":["label"]},{"label":"12 people","value":"12","selected":false,"tempId":"aco_94","gt_translate_keys":["label"]}],"price":"","cl_rule":"show","col":6,"type":"select","error":false,"gt_translate_keys":["label","placeholder"],"price_dependency":false,"cl_dependency":false,"value":""}],[{"elementId":"separator_7666b1eb2b1254","separatorType":"blank","className":"","height":"1","enableCl":false,"relations":false,"cl_rule":"show","col":6,"type":"separator","error":false,"gt_translate_keys":[],"price_dependency":false,"cl_dependency":false,"value":""}],[{"active":true,"col":6,"relations":false,"cl_rule":"show","enableCl":false,"price":"","enablePrice":false,"className":"","label_position":"default","desc_position":"default","type":"text","subtype":"text","required":false,"elementId":"text_9666b1eb2b125d","label":"\ud83d\ude8c Pickup Location","name":"text_9666b1eb2b125d","value":"","error":false,"description":"Free pick-up service in some locations up to 8 people. Simply provide your address or hotel name.","gt_translate_keys":["label","description","value"],"price_dependency":false,"cl_dependency":false}]]}},"config":{"price_override":"always","enable_recaptcha":false,"bind_quantity":false,"quantity_bind_formula":false,"disp_summ_show_option_price":true,"disp_summ_show_product_price":false,"disp_summ_show_total_price":false,"disp_summ_show_fee":true,"disp_summ_show_discount":true,"summary_title":"","options_total_label":"Options Price","total_label":"Deposit Amount","options_product_label":"Product Price","fee_label":"Fee","discount_label":"Discount","has_price":true,"has_quantity_formula":false},"mc_unit":1,"tax_rate":1,"tax_rate_real":1,"discount":{"percentage":0,"fixed":0},"design":{"conf":{"LabelPosition":"above","DescPosition":"above","UploadField":"custom_1","QuantityFieldStyle":"custom_1"},"css":{"LeftLabelWidth":"120px"}},"formulas":{"fmla_1708364241278155361":"(({field.select_3666b1eb2b11fe.value}>=8)?(1400):(({field.select_3666b1eb2b11fe.value}>=7)?(1225):(({field.select_3666b1eb2b11fe.value}>=6)?(1050):(({field.select_3666b1eb2b11fe.value}>=5)?(875):(({field.select_3666b1eb2b11fe.value}>=4)?(700):(({field.select_3666b1eb2b11fe.value}>=3)?(500):(0)))))))","fmla_1718295979528641619":"(({field.select_3666b1eb2b11fe.value}>=8)?(280):(({field.select_3666b1eb2b11fe.value}>=7)?(205):(({field.select_3666b1eb2b11fe.value}>=6)?(150):(({field.select_3666b1eb2b11fe.value}>=5)?(175):(({field.select_3666b1eb2b11fe.value}>=4)?(200):(({field.select_3666b1eb2b11fe.value}>=3)?(150):(0)))))))"},"lookuptables":[],"clones":false,"cartKey":false}},"_links":{"self":[{"href":"https:\/\/canaryvip.com\/sl\/wp-json\/wp\/v2\/product\/11774","targetHints":{"allow":["GET"]}}],"collection":[{"href":"https:\/\/canaryvip.com\/sl\/wp-json\/wp\/v2\/product"}],"about":[{"href":"https:\/\/canaryvip.com\/sl\/wp-json\/wp\/v2\/types\/product"}],"replies":[{"embeddable":true,"href":"https:\/\/canaryvip.com\/sl\/wp-json\/wp\/v2\/comments?post=11774"}],"wp:featuredmedia":[{"embeddable":true,"href":"https:\/\/canaryvip.com\/sl\/wp-json\/wp\/v2\/media\/11780"}],"wp:attachment":[{"href":"https:\/\/canaryvip.com\/sl\/wp-json\/wp\/v2\/media?parent=11774"}],"wp:term":[{"taxonomy":"product_brand","embeddable":true,"href":"https:\/\/canaryvip.com\/sl\/wp-json\/wp\/v2\/product_brand?post=11774"},{"taxonomy":"product_cat","embeddable":true,"href":"https:\/\/canaryvip.com\/sl\/wp-json\/wp\/v2\/product_cat?post=11774"},{"taxonomy":"product_tag","embeddable":true,"href":"https:\/\/canaryvip.com\/sl\/wp-json\/wp\/v2\/product_tag?post=11774"}],"curies":[{"name":"wp","href":"https:\/\/api.w.org\/{rel}","templated":true}]}}