{"id":11626,"date":"2024-06-06T11:14:41","date_gmt":"2024-06-06T10:14:41","guid":{"rendered":"https:\/\/canaryvip.com\/?post_type=product&#038;p=11626"},"modified":"2026-04-10T14:33:12","modified_gmt":"2026-04-10T13:33:12","slug":"natural-pools-masca-los-gigantes-tour","status":"publish","type":"product","link":"https:\/\/canaryvip.com\/sl\/shop\/natural-pools-masca-los-gigantes-tour\/","title":{"rendered":"Naravni bazeni, Masca in Los Gigantes + piknik"},"content":{"rendered":"<h2>\ud83c\udf0a O turneji Masca, naravni bazeni in Los Gigantes<\/h2>\n<p>Odkrijte enega najpopolnej\u0161ih <strong>Vodeni izleti na Tenerife<\/strong> s tem nepozabnim do\u017eivetjem, ki zdru\u017euje naravo, lokalno kulturo in dih jemajo\u010de razglede. Pri CanaryVIP vam ponujamo prilo\u017enost za raziskovanje skritih biserov otoka na tem <strong>voden ogled Masca<\/strong>, vklju\u010dno z dramati\u010dnimi klifi, tradicionalnimi vasicami in znamenitim <strong>naravni bazeni Tenerife<\/strong> je znan po.<\/p>\n<p>Ta tura je namenjena potnikom, ki si \u017eelijo ogledati druga\u010dno stran Tenerifov v majhni skupini, v bolj osebnem in spro\u0161\u010denem vzdu\u0161ju.<\/p>\n<h3>Poudarki turneje: Masca, naravni bazeni in Los Gigantes<\/h3>\n<ul>\n<li>\ud83c\udf04 <strong>Panoramska razgledna to\u010dka:<\/strong> U\u017eivajte v \u010dudovitem razgledu na dolino Masca, ki je ena najbolj impresivnih pokrajin na Tenerifih.<\/li>\n<li>\ud83c\udfd8\ufe0f <strong>Vas Masca:<\/strong> Pribli\u017eno eno uro si oglejte to o\u010darljivo gorsko vasico. Sprehodite se po ozkih ulicah, odkrijte lokalne izdelke in se prepustite edinstvenemu vzdu\u0161ju.<\/li>\n<li>\ud83c\udfd4\ufe0f <strong>Klifi Los Gigantes:<\/strong> Obi\u0161\u010dite znamenite pe\u010dine, ki se dvigajo do 600 metrov nad oceanom in so ena najbolj zna\u010dilnih naravnih znamenitosti na otoku.<\/li>\n<li>\ud83c\udfca <strong>Naravni vulkanski bazeni in piknik:<\/strong> Osve\u017eite se v naravnih vulkanskih bazenih ob morju in si privo\u0161\u010dite spro\u0161\u010dujo\u010d piknik v \u010dudovitem obalnem okolju.<\/li>\n<\/ul>\n<h3>Kaj je vklju\u010deno v va\u0161o izku\u0161njo<\/h3>\n<ul>\n<li>\ud83e\uddd1\u200d\ud83c\udfeb Lokalni strokovni vodnik s poglobljenim poznavanjem obmo\u010dja.<\/li>\n<li>\ud83d\udee0\ufe0f Vsa potrebna oprema za dejavnost.<\/li>\n<li>\ud83d\udee1\ufe0f Zavarovanje dejavnosti za va\u0161 mir.<\/li>\n<li>\ud83d\ude90 Prevoz od\/do mesta sre\u010danja v udobnem 9-sede\u017enem kombiju.<\/li>\n<li>\ud83d\udcf8 Fotografije in videoposnetki va\u0161ih do\u017eivetij, da domov odnesete nepozabne spomine.<\/li>\n<\/ul>\n<h3>Osnovni podatki o turneji<\/h3>\n<ul>\n<li>\ud83d\udd52 <strong>\u010cas za\u010detka:<\/strong> Pozimi ob 15:00 | Poleti ob 16:00.<\/li>\n<li>\u23f3 <strong>Trajanje:<\/strong> Pribli\u017eno 5 ur.<\/li>\n<li>\ud83d\udc65 <strong>Izku\u0161nje v majhnih skupinah:<\/strong> Za bolj prilagojen ogled so na voljo omejena mesta.<\/li>\n<li>\ud83d\udccd <strong>Prevoz:<\/strong> Potujte v udobnem kombiju z 9 sede\u017ei.<\/li>\n<li>\ud83e\udde5 <strong>Kaj prinesi s seboj:<\/strong> Udobna obla\u010dila, kopalke in brisa\u010do za naravne bazene.<\/li>\n<\/ul>\n<h3>Pomembne informacije in pravila<\/h3>\n<ul>\n<li>\ud83d\udd04 <strong>Pravila odpovedi:<\/strong> Brezpla\u010dna odpoved je na voljo, \u010de jo zahtevate vsaj 72 ur vnaprej za rezervacije do 2 oseb. Pri rezervacijah za 3 do 7 oseb je potrebna odpoved najmanj 5 dni vnaprej. Pri skupinah z ve\u010d kot 7 osebami je treba rezervacijo odpovedati vsaj 10 dni vnaprej. Zaradi omejene razpolo\u017eljivosti in majhnih skupin se lahko za pozne odpovedi ali neudele\u017ebo zara\u010dunajo polni stro\u0161ki. Vedno priporo\u010damo, da svoje na\u010drte potrdite \u010dim prej.<\/li>\n<li>\ud83d\udd52 <strong>to\u010dnost:<\/strong> Prosimo, da na zbirno mesto pridete pravo\u010dasno, saj boste tako zagotovili nemoten za\u010detek skupine.<\/li>\n<li>\u26a0\ufe0f <strong>Omejena razpolo\u017eljivost:<\/strong> To do\u017eivetje poteka v majhnih skupinah, zato je \u0161tevilo mest zelo omejeno in se hitro razprodajo.<\/li>\n<\/ul>\n<h4>Podpora na turneji<\/h4>\n<ul>\n<li>\u2714\ufe0f Pri CanaryVIP skrbno izbiramo izku\u0161nje, da zagotovimo kakovost in varnost.<\/li>\n<li>\ud83d\udde3\ufe0f Med ogledom se lahko za pomo\u010d vedno obrnete neposredno na vodi\u010da.<\/li>\n<li>\ud83d\udcde Na\u0161a ekipa je na voljo pred in po rezervaciji, \u010de potrebujete pomo\u010d ali imate vpra\u0161anja.<\/li>\n<\/ul>\n<h3>\ud83c\udf0a\ud83c\udfd4\ufe0f Rezervirajte svoj izlet v Masco in naravne bazene \u0161e danes<\/h3>\n<p>\u010ce i\u0161\u010dete enega najbolj\u0161ih <strong>Vodeni izleti na Tenerife<\/strong>, to do\u017eivetje zdru\u017euje vse: gore, ocean, kulturo in sprostitev. Od edinstvenega \u010dara vasi Masca do osve\u017eujo\u010dih <strong>naravni bazeni Tenerife<\/strong> ponudbe, vsak trenutek je zasnovan tako, da je nepozaben.<\/p>\n<p>Pri CanaryVIP vam omogo\u010damo preprosto in zanesljivo rezervacijo, tako da se lahko osredoto\u010dite na u\u017eivanje v potovanju. Ne glede na to, ali Tenerife obiskujete prvi\u010d ali se vra\u010date, da bi raziskali ve\u010d, je ta <strong>voden ogled Masca<\/strong> je obvezno do\u017eivetje.<\/p>\n<p>Zagotovite si mesto zdaj in odkrijte Tenerife na druga\u010den na\u010din.<\/p>","protected":false},"excerpt":{"rendered":"<p><strong>\ud83d\udd0d Podrobnosti o turneji:<\/strong><br \/>\n\u2705 Varno pla\u010dilo.<br \/>\n\ud83c\udf04 Razi\u0161\u010dite vas Masca.<br \/>\n\ud83d\udca6 Odkrijte naravne bazene.<br \/>\n\ud83c\udfd4\ufe0f Obi\u0161\u010dite pe\u010dino Los Gigantes.<br \/>\n\ud83e\udd6a Piknik je vklju\u010den.<br \/>\n\ud83d\udcc5 Vsak dan.<br \/>\n\u23f0 Trajanje Okoli 5h.<br \/>\n\ud83d\ude8c VAN do 9 oseb.<br \/>\n\ud83d\ude90 Prevzem in odvoz iz hotela.<br \/>\n\ud83d\udd04 72 ur brezpla\u010dne odpovedi.<br \/>\n\ud83e\udd11 Zagotovljena najbolj\u0161a cena.<br \/>\n\ud83c\udf81 Skupinski popusti na voljo.<br \/>\n\ud83c\udf1f Rezervirajte zdaj in prihranite!<\/p>","protected":false},"featured_media":16977,"comment_status":"open","ping_status":"closed","template":"","meta":{"_acf_changed":false},"product_brand":[],"product_cat":[52],"product_tag":[],"class_list":{"0":"post-11626","1":"product","2":"type-product","3":"status-publish","4":"has-post-thumbnail","6":"product_cat-bus-tours","7":"wcpa_has_options","9":"first","10":"instock","11":"sale","12":"virtual","13":"purchasable","14":"product-type-simple"},"acf":[],"wcpa_form_fields":{"wcpaData":{"product":{"product_price":85,"price_html":"From&nbsp;<del aria-hidden=\"true\"><span class=\"woocommerce-Price-amount amount\"><bdi>90,00&nbsp;<span class=\"woocommerce-Price-currencySymbol\">&euro;<\/span><\/bdi><\/span><\/del> <span class=\"screen-reader-text\">Prvotna cena je bila: 90,00&nbsp;&euro;.<\/span><ins aria-hidden=\"true\"><span class=\"woocommerce-Price-amount amount\"><bdi>85,00&nbsp;<span class=\"woocommerce-Price-currencySymbol\">&euro;<\/span><\/bdi><\/span><\/ins><span class=\"screen-reader-text\">Trenutna cena je: 85,00&nbsp;&euro;.<\/span>","original_product_price":90,"price_including_tax":85,"price_excluding_tax":85,"product_id":{"parent":11626,"variation":false},"is_variable":false,"stock_status":"instock","stock_quantity":null,"parent_sku":"CV11626","product_attributes":[],"custom_fields":[],"is_taxable":false,"product_name":"Natural Pools, Masca & Los Gigantes Tour + Picnic","hasImage":false},"fields":{"sec_169cd3c7b1d53f":{"extra":{"key":"sec_169cd3c7b1d53f","section_id":"sec_169cd3c7b1d53f","name":"South Tenerife","status":1,"cl_rule":"show","enableCl":false,"relations":[{"operator":false,"rules":[{"operator":"AND","rules":{"cl_field":"radio-group_665df45fcbc30b","cl_relation":"is","cl_val":"Siam Park Regular Tickets"}}]}],"toggle":true,"title_tag":"h4","show_title":false,"showPrice":"default","form_id":16980,"form_rules":{"exclude_from_discount":true,"fee_label":"Fee","disp_hide_options_price":true,"disp_show_section_price":false,"disp_show_field_price":true,"layout_option":"standard","pric_use_as_fee":false,"process_fee_as":"woo_fee"},"layout_option":"standard"},"fields":[[{"label":"\ud83d\udcc5 Date","active":true,"required":true,"elementId":"date_869cd3c7b1d560","picker_type":"custom","picker_mode":"single","placeholder":"","description":"","tooltip":"","name":"date_869cd3c7b1d560","label_position":"default","desc_position":"default","enablePrice":false,"className":"","enableCl":false,"relations":[{"operator":"and","rules":[{"operator":"AND","rules":{"cl_field":"radio-group_665df45fcbc30b","cl_relation":"is","cl_val":"3 Hour Trip"}}]}],"date_pic_inline":true,"date_pic_inline_hide":true,"min_date":{"type":"days","val":"2"},"max_date":{"type":"days","val":"180"},"date_pic_conf":{"disabledWeeks":[],"enabledDates":[]},"price":"","cl_rule":"show","col":6,"type":"date","error":false,"enableDesign":false,"LabelColor":"","value":"2024-07-04","isWeightTemplate":false,"isTemplate":false,"min_quantity":"1","quantity_decimal":false,"quantity_step":"1","quantity_label":"Quantity","repeater_field_label":"{field_label}","repeater_bind":"","gt_translate_keys":["label","placeholder","description","value","tooltip","repeater_field_label","quantity_label"],"price_dependency":false,"cl_dependency":false}],[{"elementId":"separator_569cd3c7b1d57a","separatorType":"blank","className":"","height":"10","enableCl":false,"relations":false,"cl_rule":"show","col":6,"type":"separator","gt_translate_keys":[],"price_dependency":false,"cl_dependency":false,"value":""}],[{"active":true,"col":6,"relations":false,"cl_rule":"show","enableCl":false,"price":"","enablePrice":false,"className":"","label_position":"default","desc_position":"default","type":"content","required":false,"elementId":"content_369cd3c7b1d585","label":"People","name":"content_369cd3c7b1d585","contentType":"plain","value":"","error":false,"show_in_checkout":true,"inline":false,"gt_translate_keys":["label","value"],"price_dependency":false,"cl_dependency":false}],[{"active":true,"col":6,"relations":[{"operator":false,"rules":[{"operator":"AND","rules":{"cl_field":"","cl_relation":"","cl_val":""}}]}],"cl_rule":"show","enableCl":true,"price":"85","enablePrice":true,"className":"","label_position":"default","desc_position":"default","type":"radio-group","required":false,"elementId":"radio-group_969cd3c7b1d590","label":"","name":"radio-group_969cd3c7b1d590","values":[{"label":"\ud83d\udc64 People (85\u20ac)","value":"Adult","selected":true,"tempId":"aco_32","tooltip":"+12 Years","description":"","gt_translate_keys":["label","tooltip","description"]}],"layOut":"","error":false,"checkUi":"button","priceOptions":"fixed_for_all","pricingType":"fixed","enable_quantity":true,"quantity_label":"","min_quantity":"0","options_tooltip":true,"options_description":true,"isWeightTemplate":false,"isTemplate":false,"quantity_decimal":false,"quantity_step":"1","repeater_field_label":"{field_label}","repeater_bind":"","gt_translate_keys":["label","repeater_field_label","quantity_label"],"price_dependency":false,"cl_dependency":false,"value":""}],[{"active":true,"col":6,"relations":false,"cl_rule":"show","enableCl":false,"price":"","enablePrice":false,"className":"","label_position":"default","desc_position":"default","type":"separator","required":false,"elementId":"separator_269cd3c7b1d5af","label":"Separator Field","height":"7","separatorType":"blank","error":false,"gt_translate_keys":["label"],"price_dependency":false,"cl_dependency":false,"value":""}],[{"active":true,"col":6,"relations":false,"cl_rule":"show","enableCl":false,"price":"","enablePrice":false,"className":"","label_position":"default","desc_position":"default","type":"text","subtype":"text","required":false,"elementId":"text_369cd3c7b1d5b8","label":"\ud83d\ude8c Pickup Location","name":"text_369cd3c7b1d5b8","value":"","description":"Pick-up service in South Tenerife. Simply provide your address or hotel name.","error":false,"isWeightTemplate":false,"isTemplate":false,"min_quantity":"1","quantity_decimal":false,"quantity_step":"1","quantity_label":"Quantity","repeater_field_label":"{field_label}","repeater_bind":"","gt_translate_keys":["label","description","value","repeater_field_label","quantity_label"],"price_dependency":false,"cl_dependency":false}]]}},"config":{"price_override":"always","enable_recaptcha":false,"bind_quantity":false,"quantity_bind_formula":false,"disp_summ_show_option_price":true,"disp_summ_show_product_price":false,"disp_summ_show_total_price":true,"disp_summ_show_fee":true,"disp_summ_show_discount":true,"summary_title":"","options_total_label":"Options Price","total_label":"Total Amount","options_product_label":"Product Price","fee_label":"Fee","discount_label":"Discount","has_price":true,"has_quantity_formula":false},"mc_unit":1,"tax_rate":1,"tax_rate_real":1,"discount":{"percentage":0,"fixed":0},"design":{"conf":{"LabelPosition":"above","DescPosition":"above","UploadField":"custom_1","QuantityFieldStyle":"custom_1"},"css":{"LeftLabelWidth":"120px"}},"formulas":[],"lookuptables":[],"clones":false,"cartKey":false}},"_links":{"self":[{"href":"https:\/\/canaryvip.com\/sl\/wp-json\/wp\/v2\/product\/11626","targetHints":{"allow":["GET"]}}],"collection":[{"href":"https:\/\/canaryvip.com\/sl\/wp-json\/wp\/v2\/product"}],"about":[{"href":"https:\/\/canaryvip.com\/sl\/wp-json\/wp\/v2\/types\/product"}],"replies":[{"embeddable":true,"href":"https:\/\/canaryvip.com\/sl\/wp-json\/wp\/v2\/comments?post=11626"}],"wp:featuredmedia":[{"embeddable":true,"href":"https:\/\/canaryvip.com\/sl\/wp-json\/wp\/v2\/media\/16977"}],"wp:attachment":[{"href":"https:\/\/canaryvip.com\/sl\/wp-json\/wp\/v2\/media?parent=11626"}],"wp:term":[{"taxonomy":"product_brand","embeddable":true,"href":"https:\/\/canaryvip.com\/sl\/wp-json\/wp\/v2\/product_brand?post=11626"},{"taxonomy":"product_cat","embeddable":true,"href":"https:\/\/canaryvip.com\/sl\/wp-json\/wp\/v2\/product_cat?post=11626"},{"taxonomy":"product_tag","embeddable":true,"href":"https:\/\/canaryvip.com\/sl\/wp-json\/wp\/v2\/product_tag?post=11626"}],"curies":[{"name":"wp","href":"https:\/\/api.w.org\/{rel}","templated":true}]}}