{"id":11582,"date":"2024-06-03T16:40:35","date_gmt":"2024-06-03T15:40:35","guid":{"rendered":"https:\/\/canaryvip.com\/?post_type=product&#038;p=11582"},"modified":"2025-12-11T18:13:25","modified_gmt":"2025-12-11T18:13:25","slug":"stargazing-tenerife-teide-by-night","status":"publish","type":"product","link":"https:\/\/canaryvip.com\/sl\/shop\/stargazing-tenerife-teide-by-night\/","title":{"rendered":"Star Tour Tenerife:<br\/>Teide pono\u010di + ve\u010derja"},"content":{"rendered":"<h2>\ud83d\ude8c O opazovanju zvezd na Tenerifih: Teide pono\u010di<\/h2>\n<p>Spletna stran <strong>Teide pono\u010di<\/strong> izlet, ki je na voljo prek CanaryVIP, je eden najbolj posebnih na\u010dinov za do\u017eivetje gore Teide po son\u010dnem zahodu. Izlet organizira lokalni ponudnik in zdru\u017euje \u010dudovit postanek ob son\u010dnem zahodu, vulkansko pokrajino in spro\u0161\u010deno opazovanje zvezd na enem najbolj jasnih nebes v Evropi. Narodni park Teide je certificiran kot destinacija Starlight, kar pomeni, da je njegovo nebo izjemno \u010disto in brez svetlobnega onesna\u017eenja.<\/p>\n<h3>Poudarki turneje: Teide pono\u010di<\/h3>\n<ul>\n<li>\ud83c\udf04 <strong>Zastanek ob son\u010dnem zahodu<\/strong>: Izku\u0161nja se za\u010dne z postankom, da si ogledate son\u010dni zahod z enega od razglednih to\u010dk v narodnem parku. Spreminjajo\u010de se barve neba ustvarjajo miren in nepozaben trenutek, idealno za fotografiranje pred ve\u010dernim opazovanjem zvezd.<\/li>\n<li>\ud83d\udd2d <strong>Opazovanje zvezd na Tenerifih<\/strong>: Ko se stemni, vodnik na jasen in prijazen na\u010din razlo\u017ei ozvezdja z uporabo laserskega kazalca. Na voljo je teleskop, s katerim lahko gostje opazujejo zvezde, planete in objekti v globokem vesolju, medtem ko spoznavajo zanimive zgodbe, povezane z no\u010dnim nebom.<\/li>\n<li>\ud83c\udfd4\ufe0f <strong>Gora Teide<\/strong>: Z vi\u0161ino 3715 metrov je gora Teide najvi\u0161ji vrh v \u0160paniji in <a href=\"https:\/\/whc.unesco.org\/en\/list\/1258\/\" target=\"_blank\" rel=\"noopener\">Unescova svetovna dedi\u0161\u010dina<\/a> mesto. Njegove vulkanske pokrajine delujejo skoraj nadzemeljsko in so bile uporabljene kot lokacije za snemanje ve\u010d mednarodnih produkcij.<\/li>\n<li>\ud83c\udf7d\ufe0f <strong>Ve\u010derja<\/strong>: Ve\u010derja je vklju\u010dena in se obi\u010dajno stre\u017ee v kanarski restavraciji, kot je Casa Sira, \u010deprav se lahko restavracija spremeni glede na razpolo\u017eljivost. Obrok je preprost in lokalni, primeren pred nadaljevanjem z opazovanjem zvezd. Na voljo so tudi posebne prehrambene mo\u017enosti.<\/li>\n<\/ul>\n<h3>Va\u0161e opazovanje zvezd na Tenerifih vklju\u010duje<\/h3>\n<ul>\n<li>\ud83d\ude8c Prevoz iz hotela in nazaj.<\/li>\n<li>\ud83d\udde3\ufe0f Angle\u0161ko govore\u010di vodniki, ki med celotnim do\u017eivetjem ponujajo pojasnila.<\/li>\n<li>\ud83d\udcf8 Ve\u010d postankov za fotografiranje, zlasti ob son\u010dnem zahodu.<\/li>\n<li>\ud83d\udcdc Celoten ve\u010der raziskovanja pokrajine Teideja in no\u010dnega neba.<\/li>\n<li>\ud83d\udcb0 Najbolj\u0161a cena in prilagodljiva politika odpovedi.<\/li>\n<\/ul>\n<h3>Osnovni ogled zvezd na Tenerifih Podrobnosti<\/h3>\n<ul>\n<li>\ud83c\udf9f\ufe0f Prinesite svojo digitalno vstopnico CanaryVIP.<\/li>\n<li>\ud83d\udeab Avtobus nima strani\u0161\u010da in ni prilagojen za dostop z invalidskim vozi\u010dkom.<\/li>\n<li>\ud83c\udf7d\ufe0f Ve\u010derja je vklju\u010dena.<\/li>\n<li>\u23f3 Ogled traja pribli\u017eno 6 ur.<\/li>\n<li>\ud83e\udde5 Topla obla\u010dila so nujna, saj se temperature pono\u010di znatno zni\u017eajo.<\/li>\n<li>\ud83d\udccc Prosimo, navedite natan\u010dne podatke o hotelu, da bomo lahko zagotovili pravilno organizacijo prevoza.<\/li>\n<li>\ud83c\udf25\ufe0f <strong>Vremensko obvestilo<\/strong>: Vidljivost zvezd je odvisna od vremenskih razmer in je ni mogo\u010de v celoti zagotoviti. Operater si bo vedno prizadeval, da vam omogo\u010di to izku\u0161njo.<\/li>\n<\/ul>\n<h3>Etiketa in pravila potovanja<\/h3>\n<ul>\n<li>\ud83d\udd04 <strong>Prilagodljiva odpoved<\/strong>: Brezpla\u010dna odpoved do 48 ur pred izku\u0161njo. Za skupine veljajo posebni pogoji: skupine od 5 do 7 oseb lahko odpovejo do 72 ur vnaprej. Skupine od 8 do 14 oseb morajo odpovedati 4 dni vnaprej. Skupine z 15 ali ve\u010d osebami morajo odpovedati vsaj 6 dni vnaprej.<\/li>\n<li>\ud83d\udd52 <strong>Pravo\u010dasnost<\/strong>: Prosimo, bodite pripravljeni na dolo\u010denem mestu zbiranja, da ne bi povzro\u010dili zamude za ostale \u010dlane skupine.<\/li>\n<li>\ud83d\udce2 <strong>Upo\u0161tevajte urnik<\/strong>: Gostje morajo upo\u0161tevati navodila vodnika, da bo izku\u0161nja za vse udele\u017eence prijetna in brez zapletov.<\/li>\n<\/ul>\n<h4>Pomo\u010d in odgovornost na poti<\/h4>\n<ul>\n<li>\u2714\ufe0f <strong>Zaveza k storitvam<\/strong>: CanaryVIP zagotavlja nemoten postopek rezervacije in jasno komunikacijo pred izletom. Samo dejavnost izvaja licencirani lokalni izvajalec.<\/li>\n<li>\ud83d\udde3\ufe0f <strong>Pomo\u010d med ogledom<\/strong>: Vsa vpra\u0161anja ali pomisleki med izku\u0161njo lahko naslovite neposredno na vodnika, ki je na voljo za pomo\u010d.<\/li>\n<li>\ud83d\udcb0 <strong>Politika vra\u010dil za te\u017eave s potovanji<\/strong>: \u010ce med aktivnostjo pride do nepri\u010dakovanih dogodkov, se vra\u010dila izvedejo v skladu z veljavno politiko, pri \u010demer sta vedno na prvem mestu preglednost in zadovoljstvo gostov.<\/li>\n<\/ul>\n<h3>\ud83c\udf0b\ud83d\ude8c\ud83c\udfde\ufe0f Rezervirajte si izlet na Teide zdaj<\/h3>\n<p>Teide by Night je miren in nepozaben na\u010din za odkrivanje ene izmed najbolj ikoni\u010dnih lokacij na Tenerifeju. Ogled son\u010dnega zahoda iz narodnega parka in opazovanje no\u010dnega neba naredita to turo priljubljeno med pari, dru\u017einami in vsemi, ki \u017eelijo do\u017eiveti Teide v druga\u010dni lu\u010di.<\/p>\n<p>\u010ce bi radi park raziskali tudi podnevi, si oglejte na\u0161o ponudbo. <a href=\"https:\/\/canaryvip.com\/sl\/shop\/teide-guided-bus-tour\/\">Poldnevni avtobusni izlet na Teide<\/a>. Ta dnevna izletna mo\u017enost vklju\u010duje vulkanske pokrajine, razgledne to\u010dke, vasico Vilaflor in Roques de Garc\u00eda, z mo\u017enostjo vo\u017enje z \u017ei\u010dnico, \u010de vreme to dopu\u0161\u010da.<\/p>\n<p>\u010ce rezervirate obe ture prek CanaryVIP, boste lahko u\u017eivali v polnem kontrastu Teideja, od njegovih svetlih barv podnevi do mirnih zvezdnih no\u010di.<\/p>\n<p>Va\u0161a pustolov\u0161\u010dina na Teide je pripravljena, ko ste vi.<\/p>","protected":false},"excerpt":{"rendered":"<p><strong>\ud83d\udd0d Teide pono\u010di:<\/strong><br \/>\n\u2705 Varno pla\u010dilo.<br \/>\n\ud83d\uddfb Obi\u0161\u010dite nacionalni park Teide.<br \/>\n\ud83d\udd2d Profesionalni teleskopi.<br \/>\n\ud83c\udf20 Oglejte si Zvezdice in ozvezdja.<br \/>\n\ud83c\udf7d\ufe0f Vklju\u010dena je kanarska hrana.<br \/>\n\ud83e\uddc3 Vklju\u010dena pija\u010da.<br \/>\n\ud83d\udcc5 Tor, sreda, \u010detrt, pet, nedelja.<br \/>\n\u23f0 Trajanje Pribli\u017eno 6 ur.<br \/>\n\ud83d\ude8c Prevzem in odvoz iz hotela.<br \/>\n\ud83d\udd04 48hr brezpla\u010dna odpoved.<br \/>\n\ud83e\udd11 Zagotovljena najbolj\u0161a cena.<br \/>\n\ud83c\udf81 Skupinski popusti na voljo.<br \/>\n\ud83c\udf0d Vodniki v va\u0161ih jezikih.<br \/>\n\ud83c\udf1f Rezervirajte zdaj in prihranite!<\/p>","protected":false},"featured_media":11584,"comment_status":"open","ping_status":"closed","template":"","meta":{"_acf_changed":false},"product_brand":[],"product_cat":[52],"product_tag":[],"class_list":{"0":"post-11582","1":"product","2":"type-product","3":"status-publish","4":"has-post-thumbnail","6":"product_cat-bus-tours","7":"wcpa_has_options","9":"first","10":"instock","11":"sale","12":"virtual","13":"purchasable","14":"product-type-simple"},"acf":[],"wcpa_form_fields":{"wcpaData":{"product":{"product_price":79,"price_html":"From&nbsp;<del aria-hidden=\"true\"><span class=\"woocommerce-Price-amount amount\"><bdi>89,00&nbsp;<span class=\"woocommerce-Price-currencySymbol\">&euro;<\/span><\/bdi><\/span><\/del> <span class=\"screen-reader-text\">Prvotna cena je bila: 89,00&nbsp;&euro;.<\/span><ins aria-hidden=\"true\"><span class=\"woocommerce-Price-amount amount\"><bdi>79,00&nbsp;<span class=\"woocommerce-Price-currencySymbol\">&euro;<\/span><\/bdi><\/span><\/ins><span class=\"screen-reader-text\">Trenutna cena je: 79,00&nbsp;&euro;.<\/span>","original_product_price":89,"price_including_tax":79,"price_excluding_tax":79,"product_id":{"parent":11582,"variation":false},"is_variable":false,"stock_status":"instock","stock_quantity":null,"parent_sku":"CV11582","product_attributes":[],"custom_fields":[],"is_taxable":false,"product_name":"Star Tour Tenerife:<br\/>Teide by Night + Dinner","hasImage":false},"fields":{"sec_2665e36bde09f4":{"extra":{"key":"sec_2665e36bde09f4","section_id":"sec_2665e36bde09f4","name":"South Tenerife","status":1,"cl_rule":"show","enableCl":false,"relations":[{"operator":false,"rules":[{"operator":"AND","rules":{"cl_field":"radio-group_665df45fcbc30b","cl_relation":"is","cl_val":"Siam Park Regular Tickets"}}]}],"toggle":true,"title_tag":"h4","show_title":false,"showPrice":"default","form_id":11592,"form_rules":{"exclude_from_discount":true,"fee_label":"Fee","disp_hide_options_price":true,"disp_show_section_price":false,"disp_show_field_price":true,"layout_option":"standard","pric_use_as_fee":false,"process_fee_as":"woo_fee"},"layout_option":"standard"},"fields":[[{"label":"\ud83d\udcc5 Date","active":true,"required":true,"elementId":"date_10665e36bde0a12","picker_type":"custom","picker_mode":"single","placeholder":"","description":"","tooltip":"","name":"date_10665e36bde0a12","label_position":"default","desc_position":"default","enablePrice":false,"className":"","enableCl":false,"relations":[{"operator":"and","rules":[{"operator":"AND","rules":{"cl_field":"radio-group_665df45fcbc30b","cl_relation":"is","cl_val":"3 Hour Trip"}}]}],"date_pic_inline":true,"date_pic_inline_hide":true,"min_date":{"type":"days","val":"1"},"max_date":{"type":"days","val":"365"},"date_pic_conf":{"disabledWeeks":[1]},"price":"","cl_rule":"show","col":6,"type":"date","error":false,"enableDesign":false,"LabelColor":"","isWeightTemplate":false,"isTemplate":false,"min_quantity":"1","quantity_decimal":false,"quantity_step":"1","quantity_label":"Quantity","repeater_field_label":"{field_label}","repeater_bind":"","gt_translate_keys":["label","placeholder","description","tooltip","repeater_field_label","quantity_label"],"price_dependency":false,"cl_dependency":false,"value":""}],[{"elementId":"separator_8665e36bde0a21","separatorType":"blank","className":"","height":"10","enableCl":false,"relations":false,"cl_rule":"show","col":6,"type":"separator","gt_translate_keys":[],"price_dependency":false,"cl_dependency":false,"value":""}],[{"active":true,"col":6,"relations":false,"cl_rule":"show","enableCl":false,"price":"","enablePrice":false,"className":"","label_position":"default","desc_position":"default","type":"content","required":false,"elementId":"content_9665e36bde0a2d","label":"People","name":"content_9665e36bde0a2d","contentType":"plain","value":"","error":false,"show_in_checkout":true,"inline":false,"gt_translate_keys":["label","value"],"price_dependency":false,"cl_dependency":false}],[{"active":true,"col":6,"relations":[{"operator":false,"rules":[{"operator":"AND","rules":{"cl_field":"","cl_relation":"","cl_val":""}}]}],"cl_rule":"show","enableCl":true,"price":"79","enablePrice":true,"className":"","label_position":"default","desc_position":"default","type":"radio-group","required":false,"elementId":"radio-group_10665e36bde0a38","label":"","name":"radio-group_10665e36bde0a38","values":[{"label":"\ud83d\udc64 Adult (79\u20ac)","value":"Adult","selected":true,"tempId":"aco_32","tooltip":"+14 Years","description":"","gt_translate_keys":["label","tooltip","description"]}],"layOut":"","error":false,"checkUi":"button","priceOptions":"fixed_for_all","pricingType":"fixed","enable_quantity":true,"quantity_label":"","min_quantity":"0","options_tooltip":true,"options_description":true,"gt_translate_keys":["label","quantity_label"],"price_dependency":false,"cl_dependency":false,"value":""}],[{"label":"","active":true,"required":false,"elementId":"radio-group_10665e36bde0a43","name":"radio-group_10665e36bde0a43","label_position":"default","desc_position":"default","enablePrice":true,"className":"","enableCl":false,"relations":false,"enable_quantity":true,"quantity_label":"","min_quantity":"0","checkUi":"button","layOut":"","values":[{"label":"\ud83d\udc66 Child (49\u20ac)","value":"Child","selected":true,"tempId":"aco_32","tooltip":"4-13 Years","description":"","gt_translate_keys":["label","tooltip","description"]}],"priceOptions":"fixed_for_all","pricingType":"fixed","price":"49","cl_rule":"show","col":6,"type":"radio-group","error":false,"options_tooltip":true,"options_description":true,"gt_translate_keys":["label","quantity_label"],"price_dependency":false,"cl_dependency":false,"value":""}],[{"label":"","active":true,"required":false,"elementId":"radio-group-0497504259","name":"radio-group-0497504259","label_position":"default","desc_position":"default","enablePrice":true,"className":"","enableCl":false,"relations":false,"enable_quantity":true,"quantity_label":"","min_quantity":"0","checkUi":"button","layOut":"","options_tooltip":true,"options_description":true,"values":[{"label":"\ud83d\udc76 Infant (Free)","value":"Infant","selected":true,"tempId":"aco_32","tooltip":"0-3 Years","description":"","gt_translate_keys":["label","tooltip","description"]}],"priceOptions":"fixed_for_all","pricingType":"fixed","price":"0","cl_rule":"show","col":6,"type":"radio-group","error":false,"gt_translate_keys":["label","quantity_label"],"price_dependency":false,"cl_dependency":false,"value":""}],[{"active":true,"col":6,"relations":false,"cl_rule":"show","enableCl":false,"price":"","enablePrice":false,"className":"","label_position":"default","desc_position":"default","type":"select","required":false,"elementId":"select_5665e36bde0a4d","label":"\ud83c\udf0e Language","name":"select_5665e36bde0a4d","values":[{"label":"English","value":"English","selected":false,"tempId":"aco_389","gt_translate_keys":["label"]},{"label":"Spanish","value":"Spanish","selected":false,"tempId":"aco_390","gt_translate_keys":["label"]},{"label":"Deutsch","value":"Deutsch","selected":false,"tempId":"aco_409","gt_translate_keys":["label"]},{"label":"French","value":"French","selected":false,"tempId":"aco_581","gt_translate_keys":["label"]},{"label":"Dutch","value":"Dutch","selected":false,"tempId":"aco_672","gt_translate_keys":["label"]},{"label":"Italian","value":"Italian","selected":false,"tempId":"aco_700","gt_translate_keys":["label"]}],"dropdown_type":"basic","error":false,"isWeightTemplate":false,"isTemplate":false,"min_quantity":"1","quantity_decimal":false,"quantity_step":"1","quantity_label":"Quantity","repeater_field_label":"{field_label}","repeater_bind":"","placeholder":"Select Language","gt_translate_keys":["label","placeholder","repeater_field_label","quantity_label"],"price_dependency":false,"cl_dependency":false,"value":""}],[{"active":true,"col":6,"relations":false,"cl_rule":"show","enableCl":false,"price":"","enablePrice":false,"className":"","label_position":"default","desc_position":"default","type":"separator","required":false,"elementId":"separator_4665e36bde0a57","label":"Separator Field","height":"7","separatorType":"blank","error":false,"gt_translate_keys":["label"],"price_dependency":false,"cl_dependency":false,"value":""}],[{"active":true,"col":6,"relations":false,"cl_rule":"show","enableCl":false,"price":"","enablePrice":false,"className":"","label_position":"default","desc_position":"default","type":"text","subtype":"text","required":false,"elementId":"text_10665e36bde0a60","label":"\ud83d\ude8c Pickup Location","name":"text_10665e36bde0a60","value":"","description":"Included Pick-up service in South Tenerife. Simply provide your address or hotel name.","error":false,"gt_translate_keys":["label","description","value"],"price_dependency":false,"cl_dependency":false}]]}},"config":{"price_override":"always","enable_recaptcha":false,"bind_quantity":false,"quantity_bind_formula":false,"disp_summ_show_option_price":true,"disp_summ_show_product_price":false,"disp_summ_show_total_price":true,"disp_summ_show_fee":true,"disp_summ_show_discount":true,"summary_title":"","options_total_label":"Options Price","total_label":"Total Amount","options_product_label":"Product Price","fee_label":"Fee","discount_label":"Discount","has_price":true,"has_quantity_formula":false},"mc_unit":1,"tax_rate":1,"tax_rate_real":1,"discount":{"percentage":0,"fixed":0},"design":{"conf":{"LabelPosition":"above","DescPosition":"above","UploadField":"custom_1","QuantityFieldStyle":"custom_1"},"css":{"LeftLabelWidth":"120px"}},"formulas":[],"lookuptables":[],"clones":false,"cartKey":false}},"_links":{"self":[{"href":"https:\/\/canaryvip.com\/sl\/wp-json\/wp\/v2\/product\/11582","targetHints":{"allow":["GET"]}}],"collection":[{"href":"https:\/\/canaryvip.com\/sl\/wp-json\/wp\/v2\/product"}],"about":[{"href":"https:\/\/canaryvip.com\/sl\/wp-json\/wp\/v2\/types\/product"}],"replies":[{"embeddable":true,"href":"https:\/\/canaryvip.com\/sl\/wp-json\/wp\/v2\/comments?post=11582"}],"wp:featuredmedia":[{"embeddable":true,"href":"https:\/\/canaryvip.com\/sl\/wp-json\/wp\/v2\/media\/11584"}],"wp:attachment":[{"href":"https:\/\/canaryvip.com\/sl\/wp-json\/wp\/v2\/media?parent=11582"}],"wp:term":[{"taxonomy":"product_brand","embeddable":true,"href":"https:\/\/canaryvip.com\/sl\/wp-json\/wp\/v2\/product_brand?post=11582"},{"taxonomy":"product_cat","embeddable":true,"href":"https:\/\/canaryvip.com\/sl\/wp-json\/wp\/v2\/product_cat?post=11582"},{"taxonomy":"product_tag","embeddable":true,"href":"https:\/\/canaryvip.com\/sl\/wp-json\/wp\/v2\/product_tag?post=11582"}],"curies":[{"name":"wp","href":"https:\/\/api.w.org\/{rel}","templated":true}]}}