{"id":11531,"date":"2024-05-21T11:43:07","date_gmt":"2024-05-21T10:43:07","guid":{"rendered":"https:\/\/canaryvip.com\/?post_type=product&#038;p=11531"},"modified":"2025-06-29T00:06:38","modified_gmt":"2025-06-28T23:06:38","slug":"history-music-tenerife","status":"publish","type":"product","link":"https:\/\/canaryvip.com\/sl\/shop\/history-music-tenerife\/","title":{"rendered":"Zgodovina, Razvoj glasbe:<br\/>No\u010dna predstava na Tenerifih"},"content":{"rendered":"<h2>\ud83c\udfb6 Odkrijte zgodovino in razvoj glasbe na Tenerifih<\/h2>\n<p>Potopite se v nepozabno glasbeno popotovanje na dogodku \"Zgodovina: Na Tenerifih vam Auditorio Pir\u00e1mide de Arona ponosno predstavlja \u0161ov \"Zgodovina: Razvoj glasbe\". Ta spektakularni dogodek, ki je na voljo prek CanaryVIP, prikazuje najbolj ikoni\u010dne trenutke v zgodovini glasbe in vklju\u010duje raznoliko zasedbo 30 nadarjenih umetnikov iz 15 razli\u010dnih dr\u017eav.<\/p>\n<p>Do\u017eivite o\u010darljiv ve\u010der \u017eive glasbe, \u017eivahnega plesa in osupljivih koreografij, s katerimi se boste poklonili glasbenim legendam, od Mozarta do Michaela Jacksona. Dveurna predstava s 15-minutnim premorom obljublja ve\u010der, poln ritmov in zvokov, ki so oblikovali na\u0161 svet.<\/p>\n<h3>\ud83c\udf1f Potovanje skozi glasbena obdobja<\/h3>\n<p><strong>Razvoj glasbe:<\/strong> Ta predstava vas bo popeljala na o\u010darljivo potovanje skozi \u010das, na katerem boste slavili dela Beethovna, Carusa, Elvisa, The Beatles, Queen, ABBE, Pink Floyd in \u0161tevilnih drugih. Od srednjega veka do dana\u0161njih uspe\u0161nic, vsako obdobje o\u017eivi z osupljivimi avdiovizualnimi posnetki in ble\u0161\u010de\u010dimi kostumi.<\/p>\n<p><strong>Dinami\u010dno delovanje:<\/strong> Predstava zdru\u017euje glasbo v \u017eivo, ples, gledali\u0161\u010de in akrobatiko ter ustvarja dinami\u010dno in zanimivo izku\u0161njo, primerno za vse starosti. Osupljivi nastopi in \u017eive interpretacije znanih soundtrackov in broadwayskih uspe\u0161nic zagotavljajo nepozaben ve\u010der za vsakega obiskovalca.<\/p>\n<h3>\ud83d\udccd Prizori\u0161\u010de in urnik<\/h3>\n<p><strong>Lokacija:<\/strong> Razstava poteka v elegantnem <a href=\"https:\/\/www.google.com\/maps\/place\/Pir%C3%A1mide+de+Arona\/@28.05472,-16.7337319,17z\/data=!3m1!4b1!4m6!3m5!1s0xc6a977926d44d3d:0x16c097dc6a370b29!8m2!3d28.05472!4d-16.731157!16s%2Fg%2F1vyxknvw?entry=tts&amp;g_ep=EgoyMDI0MDUxOC4wKgBIAVAD\" target=\"_blank\" rel=\"noopener\">Auditorio Pir\u00e1mide de Arona<\/a>, ki se nahaja v Playa de las Am\u00e9ricas na Tenerifih. Veliko podzemnih parkiri\u0161\u010d je na voljo v nakupovalnem sredi\u0161\u010du Oasis tik pred hotelom.<\/p>\n<p><strong>Urnik:<\/strong> Predstava je na sporedu vsako soboto, vrata se odprejo ob 20.00, predstava pa se za\u010dne ob 21.00. Sede\u017ei niso razporejeni, zato se jih lahko udele\u017eite po vrstnem redu.<\/p>\n<h3>\ud83c\udf9f\ufe0f Mo\u017enosti in cene vstopnic<\/h3>\n<p>Pri CanaryVIP ponujamo vstopnice za predstavo \"Zgodovina: Vstopnice za predstavo \"Zgodovina: Razvoj glasbe\" z garancijo najbolj\u0161e cene. Cena vstopnic je 49 EUR na osebo. U\u017eivajte v skupinskih popustih za cenovno ugodnej\u0161o izku\u0161njo, zato je odli\u010dna za dru\u017eine, prijatelje in posebne prilo\u017enosti. Rezervirajte zdaj in si zagotovite mesto za nepozaben ve\u010der.<\/p>\n<h3>\ud83d\udcc5 Prilagodljiva rezervacija in pravilnik o odpovedi<\/h3>\n<p><strong>Brezpla\u010dne odpovedi:<\/strong> Za vra\u010dilo denarja v celoti prekli\u010dite rezervacijo do 24 ur pred predstavo. \u010ce odpovedi ne opravite ali ne pridete, niste upravi\u010deni do povra\u010dila.<\/p>\n<p><strong>Zasebne predstave:<\/strong> Ponujamo tudi mo\u017enost rezervacije zasebnih predstav za izlete podjetij in posebne dogodke. <a href=\"https:\/\/canaryvip.com\/sl\/contact\/\">Pi\u0161ite nam<\/a> za ve\u010d informacij o organizaciji prilagojenega dogodka.<\/p>\n<h3>\ud83d\udc57 Pravila obla\u010denja in dodatne informacije<\/h3>\n<p><strong>Pravila obla\u010denja:<\/strong> Priporo\u010dljiva je elegantna obleka, ki bo dopolnila elegantno okolje. D\u017eins in lepa majica sta sprejemljiva, vendar se \u0161portna obla\u010dila in kratke hla\u010de odsvetujejo, da se ohrani prefinjen ambient predstave.<\/p>\n<p><strong>Vhod na razstavo:<\/strong> Za priro\u010den dostop do \"Zgodovine: Vstop na razstavo \"Zgodovina: Razvoj glasbe\" je mogo\u010d levo od glavnega vhoda v hotel. Ta vhod je posebej rezerviran za udele\u017eence razstave, kar zagotavlja gladek in nemoten vstop na prizori\u0161\u010de.<\/p>\n<h3>\ud83c\udfad Pridru\u017eite se nam na nepozabnem ve\u010deru<\/h3>\n<p>Do\u017eivite \u010darobnost filma \"Zgodovina: z CanaryVIP. Naj vas popeljemo na potovanje skozi bogato zgodovino glasbe z nastopi v \u017eivo, ki vas bodo o\u010darali in navdihnili.<\/p>\n<p>\u017de zdaj si zagotovite vstopnice za ve\u010der elegance, zabave in kulturnega do\u017eivetja v osr\u010dju Tenerifov.<\/p>\n<p>Rezervirajte vstopnice za to obvezno ve\u010derno predstavo na Tenerifih \u0161e danes! \ud83c\udf1f\ud83c\udfb6<\/p>","protected":false},"excerpt":{"rendered":"<p><strong>\ud83d\udd0d Glasbena oddaja \"Zgodovina\":<\/strong><br \/>\n\u2705 Varno pla\u010dilo.<br \/>\n\ud83c\udfa4 Glasbeni \u0161ov.<br \/>\n\ud83c\udfb6 +30 nadarjenih umetnikov.<br \/>\n\ud83d\udcc6 vsako soboto.<br \/>\n\u23f0 Vrata se odprejo 20:00.<br \/>\n\ud83d\udd58 Predstava se za\u010dne ob 21:00.<br \/>\n\u23f3 Trajanje \u2248 2:15h<br \/>\n\ud83c\udf0d Angle\u0161ki gostitelj.<br \/>\n\ud83d\ude80 Nova predstava na Tenerifih!<br \/>\n\ud83e\udd11 Zagotovljena najbolj\u0161a cena.<br \/>\n\ud83d\udc6a Popusti za skupine.<br \/>\n\ud83d\udd01 Brezpla\u010dna odpoved do 24 ur.<br \/>\n\ud83d\udccd Prizori\u0161\u010de na <a href=\"https:\/\/www.google.com\/maps\/place\/Pir%C3%A1mide+de+Arona\/@28.05472,-16.7337319,17z\/data=!3m1!4b1!4m6!3m5!1s0xc6a977926d44d3d:0x16c097dc6a370b29!8m2!3d28.05472!4d-16.731157!16s%2Fg%2F1vyxknvw?entry=tts&amp;g_ep=EgoyMDI0MDUxOC4wKgBIAVAD\">Pir\u00e1mide de Arona.<\/a><\/p>","protected":false},"featured_media":11532,"comment_status":"open","ping_status":"closed","template":"","meta":{"_acf_changed":false},"product_brand":[],"product_cat":[59],"product_tag":[],"class_list":{"0":"post-11531","1":"product","2":"type-product","3":"status-publish","4":"has-post-thumbnail","6":"product_cat-evening-shows","7":"wcpa_has_options","9":"first","10":"instock","11":"virtual","12":"purchasable","13":"product-type-simple"},"acf":[],"wcpa_form_fields":{"wcpaData":{"product":{"product_price":49,"price_html":"From&nbsp;<span class=\"woocommerce-Price-amount amount\"><bdi>49,00&nbsp;<span class=\"woocommerce-Price-currencySymbol\">&euro;<\/span><\/bdi><\/span>","original_product_price":49,"price_including_tax":49,"price_excluding_tax":49,"product_id":{"parent":11531,"variation":false},"is_variable":false,"stock_status":"instock","stock_quantity":null,"parent_sku":"CV11531","product_attributes":[],"custom_fields":[],"is_taxable":false,"product_name":"History, The Evolution of Music:<br\/>Tenerife Night Show","hasImage":false},"fields":{"sec_10664c7e1fdf7bf":{"extra":{"key":"sec_10664c7e1fdf7bf","section_id":"sec_10664c7e1fdf7bf","name":"Tickets","status":1,"cl_rule":"show","enableCl":false,"relations":[{"operator":false,"rules":[{"operator":"AND","rules":{"cl_field":"radio-group_5664c7e1fdf7be","cl_relation":"is","cl_val":"Gold Entrance"}}]}],"toggle":true,"title_tag":"h4","show_title":false,"showPrice":"default","form_id":11537,"form_rules":{"exclude_from_discount":true,"fee_label":"Fee","disp_hide_options_price":true,"disp_show_section_price":false,"disp_show_field_price":true,"layout_option":"standard","pric_use_as_fee":false,"process_fee_as":"woo_fee"},"layout_option":"standard"},"fields":[[{"label":"\ud83d\udcc5 Date","active":true,"required":true,"elementId":"date_7664c7e1fdf7ad","picker_type":"custom","picker_mode":"single","placeholder":"","description":"","tooltip":"","name":"date_7664c7e1fdf7ad","label_position":"default","desc_position":"default","enablePrice":false,"className":"","enableCl":false,"relations":[{"operator":"and","rules":[{"operator":"AND","rules":{"cl_field":"radio-group_5664c7e1fdf7be","cl_relation":"is_not_empty","cl_val":"3 Hour Trip"}}]}],"date_pic_inline":true,"date_pic_inline_hide":true,"min_date":{"type":"days","val":"0"},"max_date":{"type":"days","val":"365"},"date_pic_conf":{"disabledWeeks":[0,1,2,3,4,5],"disabledDates":["2025-09-20","2025-09-29","2025-10-04","2025-11-13 to 2025-12-13","2026-09-26","2026-10-10","2026-10-17"]},"price":"","cl_rule":"show","col":6,"type":"date","error":false,"enableDesign":false,"LabelColor":"","date_conf_custom":{"minDate":"let d = new Date();\nif (d.getHours() >= 21) {\n  d.setDate(d.getDate() + 1);\n} else {\n  d.setDate(d.getDate() + 0);\n}\nreturn d;"},"isWeightTemplate":false,"isTemplate":false,"min_quantity":"1","quantity_decimal":false,"quantity_step":"1","quantity_label":"Quantity","repeater_field_label":"{field_label}","repeater_bind":"","gt_translate_keys":["label","placeholder","description","tooltip","repeater_field_label","quantity_label"],"price_dependency":false,"cl_dependency":false,"value":""}],[{"active":true,"col":6,"relations":false,"cl_rule":"show","enableCl":false,"price":"","enablePrice":false,"className":"","label_position":"default","desc_position":"default","type":"separator","required":false,"elementId":"separator_7664c7e1fdf7cc","label":"Separator Field","height":"8","separatorType":"blank","error":false,"gt_translate_keys":["label"],"price_dependency":false,"cl_dependency":false,"value":""}],[{"active":true,"col":6,"relations":false,"cl_rule":"show","enableCl":false,"price":"","enablePrice":false,"className":"","label_position":"default","desc_position":"default","type":"content","required":false,"elementId":"content_1664c7e1fdf7d8","label":"People","name":"content_1664c7e1fdf7d8","contentType":"plain","value":"","error":false,"show_in_checkout":true,"inline":false,"gt_translate_keys":["label","value"],"price_dependency":false,"cl_dependency":false}],[{"active":true,"col":6,"relations":[{"operator":false,"rules":[{"operator":"AND","rules":{"cl_field":"","cl_relation":"","cl_val":""}}]}],"cl_rule":"show","enableCl":true,"price":"49","enablePrice":true,"className":"","label_position":"default","desc_position":"default","type":"radio-group","required":false,"elementId":"radio-group_9664c7e1fdf7e3","label":"","name":"radio-group_9664c7e1fdf7e3","values":[{"label":"\ud83d\udc64 Adult (49\u20ac)","value":"Adult (49\u20ac)","selected":true,"tempId":"aco_32","tooltip":"+16 Years","description":"","gt_translate_keys":["label","tooltip","description"]}],"layOut":"","error":false,"checkUi":"button","priceOptions":"fixed_for_all","pricingType":"fixed","enable_quantity":true,"quantity_label":"","min_quantity":"0","options_tooltip":true,"options_description":true,"gt_translate_keys":["label","quantity_label"],"price_dependency":false,"cl_dependency":false,"value":""}],[{"label":"","active":true,"required":false,"elementId":"radio-group_3664c7e1fdf7ef","name":"radio-group_3664c7e1fdf7ef","label_position":"default","desc_position":"default","enablePrice":true,"className":"","enableCl":true,"relations":[{"operator":false,"rules":[{"operator":"AND","rules":{"cl_field":"","cl_relation":"","cl_val":""}}]}],"enable_quantity":true,"quantity_label":"","min_quantity":"0","checkUi":"button","layOut":"","options_tooltip":true,"options_description":true,"values":[{"label":"\ud83d\udc66 Child (25\u20ac)","value":"Child","selected":true,"tempId":"aco_32","tooltip":"5-15 Years","description":"","gt_translate_keys":["label","tooltip","description"]}],"priceOptions":"fixed_for_all","pricingType":"fixed","price":"25","cl_rule":"show","col":6,"type":"radio-group","error":false,"gt_translate_keys":["label","quantity_label"],"price_dependency":false,"cl_dependency":false,"value":""}],[{"label":"","active":true,"required":false,"elementId":"radio-group-9164063374","name":"radio-group-9164063374","label_position":"default","desc_position":"default","enablePrice":true,"className":"","enableCl":true,"relations":[{"operator":false,"rules":[{"operator":"AND","rules":{"cl_field":"","cl_relation":"","cl_val":""}}]}],"enable_quantity":true,"quantity_label":"","min_quantity":"0","checkUi":"button","layOut":"","options_tooltip":true,"options_description":true,"values":[{"label":"\ud83d\udc76 Toddler (Free)","value":"Toddler","selected":true,"tempId":"aco_32","tooltip":"0-4 Years","description":"","gt_translate_keys":["label","tooltip","description"]}],"priceOptions":"fixed_for_all","pricingType":"fixed","price":"0","cl_rule":"show","col":6,"type":"radio-group","error":false,"gt_translate_keys":["label","quantity_label"],"price_dependency":false,"cl_dependency":false,"value":""}]]}},"config":{"price_override":"always","enable_recaptcha":false,"bind_quantity":false,"quantity_bind_formula":false,"disp_summ_show_option_price":true,"disp_summ_show_product_price":false,"disp_summ_show_total_price":true,"disp_summ_show_fee":true,"disp_summ_show_discount":true,"summary_title":"","options_total_label":"Options Price","total_label":"Total Amount","options_product_label":"Product Price","fee_label":"Fee","discount_label":"Discount","has_price":true,"has_quantity_formula":false},"mc_unit":1,"tax_rate":1,"tax_rate_real":1,"discount":{"percentage":0,"fixed":0},"design":{"conf":{"LabelPosition":"above","DescPosition":"above","UploadField":"custom_1","QuantityFieldStyle":"custom_1"},"css":{"LeftLabelWidth":"120px"}},"formulas":[],"lookuptables":[],"clones":false,"cartKey":false}},"_links":{"self":[{"href":"https:\/\/canaryvip.com\/sl\/wp-json\/wp\/v2\/product\/11531","targetHints":{"allow":["GET"]}}],"collection":[{"href":"https:\/\/canaryvip.com\/sl\/wp-json\/wp\/v2\/product"}],"about":[{"href":"https:\/\/canaryvip.com\/sl\/wp-json\/wp\/v2\/types\/product"}],"replies":[{"embeddable":true,"href":"https:\/\/canaryvip.com\/sl\/wp-json\/wp\/v2\/comments?post=11531"}],"wp:featuredmedia":[{"embeddable":true,"href":"https:\/\/canaryvip.com\/sl\/wp-json\/wp\/v2\/media\/11532"}],"wp:attachment":[{"href":"https:\/\/canaryvip.com\/sl\/wp-json\/wp\/v2\/media?parent=11531"}],"wp:term":[{"taxonomy":"product_brand","embeddable":true,"href":"https:\/\/canaryvip.com\/sl\/wp-json\/wp\/v2\/product_brand?post=11531"},{"taxonomy":"product_cat","embeddable":true,"href":"https:\/\/canaryvip.com\/sl\/wp-json\/wp\/v2\/product_cat?post=11531"},{"taxonomy":"product_tag","embeddable":true,"href":"https:\/\/canaryvip.com\/sl\/wp-json\/wp\/v2\/product_tag?post=11531"}],"curies":[{"name":"wp","href":"https:\/\/api.w.org\/{rel}","templated":true}]}}