{"id":11493,"date":"2024-05-14T14:46:09","date_gmt":"2024-05-14T13:46:09","guid":{"rendered":"https:\/\/canaryvip.com\/?post_type=product&#038;p=11493"},"modified":"2025-08-09T14:10:34","modified_gmt":"2025-08-09T13:10:34","slug":"scuba-diving-open-water-course-tenerife","status":"publish","type":"product","link":"https:\/\/canaryvip.com\/sl\/shop\/scuba-diving-open-water-course-tenerife\/","title":{"rendered":"Potapljanje PADI: Potaplja\u0161ki te\u010daj za odprto vodo Tenerife"},"content":{"rendered":"<h2><strong>\ud83e\udd3f PADI te\u010daj potapljanja na odprtem morju Tenerife<\/strong><\/h2>\n<p>Odkrijte vrhunsko izku\u0161njo potapljanja z na\u0161im PADI te\u010dajem potapljanja z odprto vodo na Tenerifih. Pridobite potaplja\u0161ko licenco in raziskujte \u010dudesa podvodnega sveta Tenerifov. Na\u0161i te\u010daji so zasnovani tako, da vas pripravijo na potapljanje v vseh razmerah, zato so Tenerife popoln kraj za za\u010detek va\u0161ega potaplja\u0161kega potovanja.<\/p>\n<h3><strong>\u23f1\ufe0f PADI Open Water Potaplja\u0161ki te\u010daj: Izku\u0161nje niso potrebne!<\/strong><\/h3>\n<ul>\n<li><strong>Certificiranje:<\/strong> Na Tenerifih pridobite potrdilo PADI Open Water, ki vam omogo\u010da potapljanje kjerkoli na svetu, tudi v drugih dr\u017eavah.<\/li>\n<li><strong>Lokacija:<\/strong> Na\u0161i te\u010daji potekajo v profesionalni potaplja\u0161ki \u0161oli v Los Cristianosu.<\/li>\n<li><strong>Trajanje:<\/strong> Te\u010daj traja 2-3 dni, vklju\u010duje 4 potope in obse\u017ene teoreti\u010dne lekcije.<\/li>\n<\/ul>\n<h3><strong>\ud83c\udf0a Celovite lekcije potapljanja na Tenerifih<\/strong><\/h3>\n<ul>\n<li><strong>Usposabljanje:<\/strong> Nau\u010dite se potapljati z visoko usposobljenim in\u0161truktorjem PADI in se potapljajte do najve\u010dje globine 18 metrov. Do\u017eivite podvodni svet kot \u0161e nikoli prej, spoznajte morske tokove, morsko \u017eivljenje in podvodne zakone.<\/li>\n<li><strong>Te\u010daj za otroke:<\/strong> Mladi potaplja\u010di, stari od 10 do 14 let, lahko pridobijo tudi Junior PADI Open Water certifikat s potopi do 12 metrov.<\/li>\n<li>Vklju\u010dena celotna oprema.<\/li>\n<\/ul>\n<h3><strong>\ud83d\udc22 Pogoji za potapljanje na Tenerifih<\/strong><\/h3>\n<ul>\n<li><strong>Temperatura vode:<\/strong> Vse leto u\u017eivajte v ugodnih pogojih za potapljanje s temperaturami od 18 do 25 \u00b0C.<\/li>\n<li><strong>Vidljivost:<\/strong> Izkusite jasno podvodno vidljivost od 15 do 30 metrov, ki je idealna za opazovanje raznolikega morskega \u017eivljenja, kot so raji, \u017eelve, hobotnice in drugi.<\/li>\n<li><strong>Priro\u010dna lokacija:<\/strong> Potaplja\u0161ka \u0161ola se nahaja v mestu Los Cristianos, kjer je enostaven dostop do najbolj\u0161ih potaplja\u0161kih lokacij in mo\u017enost prevoza po ju\u017enem Tenerifu.<\/li>\n<\/ul>\n<h3><strong>\u2705 Kaj je vklju\u010deno v te\u010daj PADI na Tenerifih?<\/strong><\/h3>\n<ul>\n<li>Izbirna storitev prevzema in odvoza.<\/li>\n<li>Vodene ure potapljanja pod vodstvom izku\u0161enih in\u0161truktorjev.<\/li>\n<li>omarice za osebne stvari.<\/li>\n<li>20-45 minut potapljanja na sejo.<\/li>\n<li>Ve\u010djezi\u010dni vodniki za jasna navodila.<\/li>\n<\/ul>\n<h3><strong>\u2696\ufe0f Pravila za rezervacije in odpovedi za potapljanje na Tenerifih<\/strong><\/h3>\n<ul>\n<li><strong>Prilagodljive odpovedi:<\/strong> Odjavite se do 48 ur pred potapljanjem in dobite celotno povra\u010dilo. Razumemo, da se na\u010drti lahko spremenijo.<\/li>\n<li><strong>Odvisno od vremena:<\/strong> V primeru slabega vremena lahko spremenite termin ali prejmete celotno povra\u010dilo stro\u0161kov. O tem vas bomo obvestili vsaj eno uro prej.<\/li>\n<li><strong>Zdravstvene zahteve:<\/strong> Pred potapljanjem je treba izpolniti zdravni\u0161ki obrazec, da se prepri\u010date, da ste sposobni za potapljanje.<\/li>\n<\/ul>\n<h3><strong>\ud83c\udf92 Priprava na potaplja\u0161ko pustolov\u0161\u010dino<\/strong><\/h3>\n<ul>\n<li><strong>Kaj prinesi s seboj:<\/strong> Kopalke, japonke, brisa\u010do in vstopnico CanaryVIP (natisnjeno ali na telefonu).<\/li>\n<li><strong>Zdravje in varnost:<\/strong> Potapljanje ni priporo\u010dljivo za nose\u010dnice, starej\u0161e od 5 mesecev. Udele\u017eenci se morajo dobro po\u010dutiti v vodi in znati plavati.<\/li>\n<li><strong>Oprema:<\/strong> Na voljo je vsa potrebna potaplja\u0161ka oprema. S seboj lahko prinesete osebno opremo, ki vam bo nudila ve\u010dje udobje.<\/li>\n<\/ul>\n<h3>\u2753 <strong>Pogosta vpra\u0161anja: Odgovori na va\u0161a vpra\u0161anja o potapljanju<\/strong><\/h3>\n<ul>\n<li><strong>Ali potrebujem predhodne izku\u0161nje s potapljanjem?<\/strong> Ne, na\u0161i te\u010daji so namenjeni za\u010detnikom. Bodite pripravljeni na razburljivo podvodno pustolov\u0161\u010dino.<\/li>\n<li><strong>Kaj naj oble\u010dem?<\/strong> Zagotavljamo vso potrebno varnostno in potaplja\u0161ko opremo.<\/li>\n<li><strong>Ali obstajajo starostne omejitve?<\/strong> Primerno za starej\u0161e od 10 let. Otroci od 10 do 14 let se lahko vpi\u0161ejo v te\u010daj Open Water Junior.<\/li>\n<li><strong>Kaj \u010de ne vidim \u017eelv ali ra\u017e?<\/strong> \u010ceprav so opazovanja pogosta, jih ni mogo\u010de zagotoviti, saj so odvisna od narave.<\/li>\n<\/ul>\n<h3><strong>\ud83d\udcc5 Podrobnosti o te\u010daju<\/strong><\/h3>\n<ul>\n<li><strong>Trajanje:<\/strong> Te\u010daj traja 2-3 dni, vklju\u010duje 4 potope in teoreti\u010dni pouk.<\/li>\n<li><strong>Najni\u017eja starost:<\/strong> 10 let. Mlaj\u0161i potaplja\u010di (od 10 do 14 let) so certificirani za potapljanje do globine 12 metrov.<\/li>\n<li><strong>Certificiranje:<\/strong> Po kon\u010danem te\u010daju boste prejeli potrdilo PADI Open Water Diver, ki vam omogo\u010da potapljanje do globine 18 metrov kjer koli na svetu, vedno s partnerjem.<\/li>\n<li><strong>Struktura te\u010daja:<\/strong>\n<ul>\n<li><strong>Teorija:<\/strong> Spoznajte opremo, varnost in podvodno navigacijo, ki jo lahko pred za\u010detkom te\u010daja opravite prek spleta.<\/li>\n<li><strong>Prakti\u010dne vaje:<\/strong> Z vajami pod vodo in na povr\u0161ini pridobite zaupanje v opremo.<\/li>\n<li><strong>Potopi:<\/strong> Opravite 4 potope - 2 do 12 metrov in 2 do 18 metrov, pri \u010demer boste vadili ve\u0161\u010dine, ki ste se jih nau\u010dili na teoreti\u010dnem in prakti\u010dnem delu.<\/li>\n<\/ul>\n<\/li>\n<li><strong>Oprema:<\/strong> Vsa potrebna oprema je vklju\u010dena v ceno te\u010daja.<\/li>\n<li><strong>Certificiranje za dijake:<\/strong> Otroci, stari od 10 do 14 let, prejmejo certifikat Junior Open Water Diver, ki omogo\u010da potope do globine 12 metrov.<\/li>\n<\/ul>\n<h4><strong>\ud83c\udf1e Ste pripravljeni na potop?<\/strong><\/h4>\n<p>Odpravite se na nepozabno PADI <a href=\"https:\/\/canaryvip.com\/sl\/shop\/scuba-diving-tenerife\/\">Potapljanje<\/a> Te\u010daj za odprto vodo na Tenerifih. Ne glede na to, ali se potapljate v Los Cristianosu, opazujete \u017eelve ali raziskujete \u017eivahno morsko \u017eivljenje, vam pustolov\u0161\u010dina z dru\u017ebo CanaryVIP obljublja vznemirjenje in trajne spomine.<\/p>\n<p>Rezervirajte svoje mesto \u0161e danes in se z CanaryVIP potopite v \u010dude\u017ee oceana! \ud83e\udd3f\ud83d\udc22\ud83c\udf0a<\/p>","protected":false},"excerpt":{"rendered":"<p><strong>\ud83d\udd0d PADI te\u010daj Tenerife:<\/strong><br \/>\n\u2705 Varno pla\u010dilo.<br \/>\n\ud83c\udfab Pridobite certifikat PADI.<br \/>\n\ud83d\udc20 Opazovanja morskega \u017eivljenja.<br \/>\n\ud83d\ude80 2-3 dni Trajanje te\u010daja.<br \/>\n\ud83e\udd3f Zagotovljena oprema.<br \/>\n\ud83d\udd59 Jutranji odhod.<br \/>\n\ud83d\udcc5 Na voljo vsak dan.<br \/>\n\ud83d\ude0e Potapljanje ni potrebno.<br \/>\n\ud83c\udfca\ud83c\udffc Zahtevana je osnovna raven plavanja.<br \/>\n\ud83e\udd11 Zagotovljena najbolj\u0161a cena.<br \/>\n\ud83d\ude8d Izbirna storitev prevoza.<br \/>\n\ud83d\udc6a Skupinski popusti.<br \/>\n\ud83d\udd01 48 Pravila odpovedi.<br \/>\n\ud83c\udf0d Vodniki v angle\u0161\u010dini in \u0161pan\u0161\u010dini.<br \/>\n\ud83c\udf1f Rezervirajte zgodaj in prihranite.<br \/>\n\ud83d\udccd Odhod iz\u00a0<a href=\"https:\/\/maps.app.goo.gl\/g9c9rZaJv7igjr3t8\">Los Cristianos<\/a>.<\/p>","protected":false},"featured_media":11503,"comment_status":"open","ping_status":"closed","template":"","meta":{"_acf_changed":false},"product_brand":[],"product_cat":[53],"product_tag":[],"class_list":{"0":"post-11493","1":"product","2":"type-product","3":"status-publish","4":"has-post-thumbnail","6":"product_cat-water-sports","7":"wcpa_has_options","9":"first","10":"instock","11":"virtual","12":"purchasable","13":"product-type-simple"},"acf":[],"wcpa_form_fields":{"wcpaData":{"product":{"product_price":370,"price_html":"From&nbsp;<span class=\"woocommerce-Price-amount amount\"><bdi>370,00&nbsp;<span class=\"woocommerce-Price-currencySymbol\">&euro;<\/span><\/bdi><\/span>","original_product_price":370,"price_including_tax":370,"price_excluding_tax":370,"product_id":{"parent":11493,"variation":false},"is_variable":false,"stock_status":"instock","stock_quantity":null,"parent_sku":"CV11493","product_attributes":[],"custom_fields":[],"is_taxable":false,"product_name":"PADI Scuba Diving: Open Water Course Tenerife","hasImage":false},"fields":{"sec_46644afc54864b":{"extra":{"key":"sec_46644afc54864b","section_id":"sec_46644afc54864b","name":"Default","status":1,"cl_rule":"show","enableCl":false,"relations":[],"toggle":true,"title_tag":"h3","show_title":false,"showPrice":"default","form_id":11507,"form_rules":{"exclude_from_discount":true,"fee_label":"Fee","disp_hide_options_price":true,"disp_show_section_price":false,"disp_show_field_price":true,"layout_option":"standard","pric_use_as_fee":false,"process_fee_as":"woo_fee"},"layout_option":"standard"},"fields":[[{"label":"\ud83d\udcc5 Date","active":true,"required":true,"elementId":"date_96644afc54866b","picker_type":"custom","picker_mode":"single","placeholder":"","description":"","tooltip":"","name":"date_96644afc54866b","label_position":"default","desc_position":"default","enablePrice":false,"className":"","enableCl":false,"relations":[{"operator":"and","rules":[{"operator":"AND","rules":{"cl_field":"radio-group_4664295c2b9c39","cl_relation":"is","cl_val":"3 Hour Trip"}}]}],"date_pic_inline":true,"date_pic_inline_hide":true,"min_date":{"type":"days","val":"1"},"max_date":{"type":"days","val":"365"},"date_pic_conf":{"disabledWeeks":[]},"price":"","cl_rule":"show","col":6,"type":"date","error":false,"enableDesign":false,"LabelColor":"","gt_translate_keys":["label","placeholder","description","tooltip"],"price_dependency":false,"cl_dependency":false,"value":""}],[{"active":true,"col":6,"relations":false,"cl_rule":"show","enableCl":false,"price":"","enablePrice":false,"className":"","label_position":"default","desc_position":"default","type":"separator","required":false,"elementId":"separator_76644afc54867a","label":"Separator Field","height":"2","separatorType":"blank","error":false,"gt_translate_keys":["label"],"price_dependency":false,"cl_dependency":false,"value":""}]]},"sec_06644afc54875a":{"extra":{"key":"sec_06644afc54875a","section_id":"sec_06644afc54875a","name":"Dive with a License","status":1,"cl_rule":"show","enableCl":false,"relations":[{"operator":false,"rules":[{"operator":"AND","rules":{"cl_field":"radio-group_26644afc548687","cl_relation":"is","cl_val":"Dive with a License"}}]}],"toggle":true,"title_tag":"h4","show_title":false,"showPrice":"default","form_id":11507,"form_rules":{"exclude_from_discount":true,"fee_label":"Fee","disp_hide_options_price":true,"disp_show_section_price":false,"disp_show_field_price":true,"layout_option":"standard","pric_use_as_fee":false,"process_fee_as":"woo_fee"},"layout_option":"standard"},"fields":[[{"contentType":"rich","active":true,"label":"","elementId":"content_46644afc54876d","value":"<p>\ud83c\udf9f\ufe0f <strong>Reservation<\/strong>: Pay only a deposit now to reserve; the rest is due on the day of the activity upon arrival.<\/p>","inline":true,"show_in_checkout":true,"name":"content_46644afc54876d","enablePrice":false,"className":"","subtype":"div","enableCl":false,"relations":false,"price":"","cl_rule":"show","col":6,"type":"content","gt_translate_keys":["label","value"],"price_dependency":false,"cl_dependency":false}],[{"active":true,"col":6,"relations":false,"cl_rule":"show","enableCl":false,"price":"","enablePrice":true,"className":"","label_position":"default","desc_position":"default","type":"select","required":false,"elementId":"select_96644afc548776","label":"\ud83e\udeaa PADI Open Water Course","name":"select_96644afc548776","values":[{"label":"1 Person (370\u20ac)","value":"1","selected":false,"tempId":"aco_6352","price":"370","gt_translate_keys":["label"]},{"label":"2 People (740\u20ac)","value":"2","selected":false,"tempId":"aco_6353","price":"740","gt_translate_keys":["label"]},{"label":"3 People (1.110\u20ac)","value":"3","selected":false,"tempId":"aco_6354","price":"1110","gt_translate_keys":["label"]},{"label":"4 People (1.480\u20ac)","value":"4","selected":false,"tempId":"aco_922","price":"1480","gt_translate_keys":["label"]}],"dropdown_type":"basic","error":false,"priceOptions":"different_for_all","pricingType":"fixed","placeholder":"Select Amount of People","is_show_price":true,"gt_translate_keys":["label","placeholder"],"price_dependency":["content_106644afc548789","content_46644afc548793","content_76644afc54879c"],"cl_dependency":false,"value":""}],[{"elementId":"separator_106644afc548780","separatorType":"fill","separatorColor":"#66a6b6","className":"","height":"6","enableCl":false,"relations":false,"cl_rule":"show","col":6,"type":"separator","gt_translate_keys":[],"price_dependency":false,"cl_dependency":false,"value":""}],[{"contentType":"plain","active":true,"label":"Deposit Now","elementId":"content_106644afc548789","value":"","inline":true,"show_in_checkout":true,"name":"content_106644afc548789","enablePrice":true,"className":"","fee_label":"","subtype":"div","enableCl":false,"relations":false,"scrollBar":false,"enableDesign":true,"LabelColor":"","LabelSize":"14px","pricingType":"custom","isTemplate":false,"price":"{field.select_96644afc548776.price}*0.1581081","use_as_fee":false,"is_show_price":false,"cl_rule":"show","col":6,"type":"content","error":false,"formulaId":"fmla_1715641843927697789","gt_translate_keys":["label","value"],"price_dependency":false,"cl_dependency":false}],[{"contentType":"plain","active":true,"label":"Payment at Arrival","elementId":"content_46644afc548793","value":"","inline":true,"show_in_checkout":true,"name":"content_46644afc548793","enablePrice":true,"className":"","fee_label":"","subtype":"div","enableCl":false,"relations":[{"operator":false,"rules":[{"operator":"AND","rules":{"cl_field":"content_86644afc5486bd","cl_relation":"is_not_empty","cl_val":""}}]}],"scrollBar":false,"enableDesign":true,"LabelColor":"","LabelSize":"14px","pricingType":"custom","isTemplate":false,"price":"{field.select_96644afc548776.price}*0.8418919","use_as_fee":false,"is_show_price":true,"cl_rule":"disable","col":6,"type":"content","error":false,"formulaId":"fmla_1715642020961697970","gt_translate_keys":["label","value"],"price_dependency":false,"cl_dependency":false}],[{"contentType":"plain","active":true,"label":"Total Amount","elementId":"content_76644afc54879c","value":"","inline":true,"show_in_checkout":true,"name":"content_76644afc54879c","enablePrice":true,"className":"","fee_label":"","subtype":"div","enableCl":false,"relations":[{"operator":false,"rules":[{"operator":"AND","rules":{"cl_field":"content_86644afc5486bd","cl_relation":"is_not_empty","cl_val":""}}]}],"scrollBar":false,"enableDesign":true,"LabelColor":"","LabelSize":"14px","pricingType":"custom","isTemplate":false,"price":"{field.select_96644afc548776.price}","use_as_fee":false,"is_show_price":true,"cl_rule":"disable","col":6,"type":"content","error":false,"gt_translate_keys":["label","value"],"price_dependency":false,"cl_dependency":false}]]},"sec_16644afc54879d":{"extra":{"key":"sec_16644afc54879d","section_id":"sec_16644afc54879d","name":"Pickup Location","status":1,"cl_rule":"show","enableCl":false,"relations":[],"toggle":true,"title_tag":"h4","show_title":false,"showPrice":"default","form_id":11507,"form_rules":{"exclude_from_discount":true,"fee_label":"Fee","disp_hide_options_price":true,"disp_show_section_price":false,"disp_show_field_price":true,"layout_option":"standard","pric_use_as_fee":false,"process_fee_as":"woo_fee"},"layout_option":"standard"},"fields":[[{"active":true,"col":6,"relations":[{"operator":false,"rules":[{"operator":"AND","rules":{"cl_field":"radio-group_4664295c2b9c39","cl_relation":"is","cl_val":"3 Hour Trip"}}]}],"cl_rule":"show","enableCl":false,"price":"","enablePrice":false,"className":"","label_position":"default","desc_position":"default","type":"select","required":true,"elementId":"select_106644afc5487a6","label":"\u23f0 Departure Time","name":"select_106644afc5487a6","values":[{"label":"9:00 AM","value":"9:00","selected":true,"tempId":"aco_1450","gt_translate_keys":["label"]}],"dropdown_type":"basic","error":false,"placeholder":"","gt_translate_keys":["label","placeholder"],"price_dependency":false,"cl_dependency":false,"value":""}],[{"active":true,"col":6,"relations":false,"cl_rule":"show","enableCl":false,"price":"","enablePrice":false,"className":"","label_position":"default","desc_position":"default","type":"separator","required":false,"elementId":"separator_46644afc5487b0","label":"Separator Field","height":"1","separatorType":"blank","error":false,"gt_translate_keys":["label"],"price_dependency":false,"cl_dependency":false,"value":""}],[{"active":true,"col":6,"relations":[{"operator":false,"rules":[{"operator":false,"rules":{"cl_field":"radio-group_4664295c2b9c39","cl_relation":"is_not","cl_val":"4.5 Hour Trip from North Tenerife"}}]}],"cl_rule":"show","enableCl":false,"price":"","enablePrice":false,"className":"","label_position":"default","desc_position":"default","type":"text","subtype":"text","required":false,"elementId":"text_66644afc5487b9","label":"\ud83d\ude8c Pickup Location","name":"text_66644afc5487b9","value":"","error":false,"description":"Pick-up service in Tenerife South available for an extra 2\u20ac per person, to be paid on arrival. Please provide your address or hotel name to book the shuttle service; if not needed, leave it blank. | For Callao Salvaje and Palm-Mar, the extra cost is 4\u20ac per person | El M\u00e9dano: 15\u20ac per car | Golf del Sur: 10\u20ac per car.","repeater":false,"repeater_field_label":"{field_label}","repeater_bind":"","gt_translate_keys":["label","description","value","repeater_field_label"],"price_dependency":false,"cl_dependency":false}]]}},"config":{"price_override":"always","enable_recaptcha":false,"bind_quantity":false,"quantity_bind_formula":false,"disp_summ_show_option_price":true,"disp_summ_show_product_price":false,"disp_summ_show_total_price":false,"disp_summ_show_fee":true,"disp_summ_show_discount":true,"summary_title":"","options_total_label":"Options Price","total_label":"Deposit Amount","options_product_label":"Product Price","fee_label":"Fee","discount_label":"Discount","has_price":true,"has_quantity_formula":false},"mc_unit":1,"tax_rate":1,"tax_rate_real":1,"discount":{"percentage":0,"fixed":0},"design":{"conf":{"LabelPosition":"above","DescPosition":"above","UploadField":"custom_1","QuantityFieldStyle":"custom_1"},"css":{"LeftLabelWidth":"120px"}},"formulas":{"fmla_1715641843927697789":"(({field.select_5483136313.value}>=3)?(24):(({field.select_5483136313.value}>=2)?(38):(({field.select_5483136313.value}>=1)?(52):(0))))","fmla_1715642020961697970":"(({field.select_5483136313.value}>=3)?(56):(({field.select_5483136313.value}>=2)?(112):(({field.select_5483136313.value}>=1)?(168):(0))))"},"lookuptables":[],"clones":false,"cartKey":false}},"_links":{"self":[{"href":"https:\/\/canaryvip.com\/sl\/wp-json\/wp\/v2\/product\/11493","targetHints":{"allow":["GET"]}}],"collection":[{"href":"https:\/\/canaryvip.com\/sl\/wp-json\/wp\/v2\/product"}],"about":[{"href":"https:\/\/canaryvip.com\/sl\/wp-json\/wp\/v2\/types\/product"}],"replies":[{"embeddable":true,"href":"https:\/\/canaryvip.com\/sl\/wp-json\/wp\/v2\/comments?post=11493"}],"wp:featuredmedia":[{"embeddable":true,"href":"https:\/\/canaryvip.com\/sl\/wp-json\/wp\/v2\/media\/11503"}],"wp:attachment":[{"href":"https:\/\/canaryvip.com\/sl\/wp-json\/wp\/v2\/media?parent=11493"}],"wp:term":[{"taxonomy":"product_brand","embeddable":true,"href":"https:\/\/canaryvip.com\/sl\/wp-json\/wp\/v2\/product_brand?post=11493"},{"taxonomy":"product_cat","embeddable":true,"href":"https:\/\/canaryvip.com\/sl\/wp-json\/wp\/v2\/product_cat?post=11493"},{"taxonomy":"product_tag","embeddable":true,"href":"https:\/\/canaryvip.com\/sl\/wp-json\/wp\/v2\/product_tag?post=11493"}],"curies":[{"name":"wp","href":"https:\/\/api.w.org\/{rel}","templated":true}]}}