{"id":11456,"date":"2024-05-12T23:05:18","date_gmt":"2024-05-12T22:05:18","guid":{"rendered":"https:\/\/canaryvip.com\/?post_type=product&#038;p=11456"},"modified":"2026-03-05T17:06:36","modified_gmt":"2026-03-05T17:06:36","slug":"party-boat-tenerife","status":"publish","type":"product","link":"https:\/\/canaryvip.com\/sl\/shop\/party-boat-tenerife\/","title":{"rendered":"Utopia Boat Party Tenerife"},"content":{"rendered":"<h2>\ud83c\udf89 Party Boat Tenerife z CanaryVIP<\/h2>\n<p><strong>Do\u017eivite nepozabno zabavo z CanaryVIP:<\/strong> Potopite se v izjemno pustolov\u0161\u010dino z na\u0161imi vstopnicami za Party Boat Tenerife. To razburljivo potovanje, ki se za\u010dne v Puerto Col\u00f3n, vklju\u010duje \u017eivahno glasbo, osupljivo sonce in svetovljansko mno\u017eico.<\/p>\n<p><strong>CanaryVIP<\/strong> CanaryVIP ponuja vstopnice za najbolj razburljive zabave z ladjo na Tenerifih, ki obljubljajo edinstveno in nepozabno izku\u0161njo, saj zdru\u017eujejo razburljivo predpripravo, energi\u010dno vo\u017enjo z ladjo in razburljivo zabavo po zabavi.<\/p>\n<p><strong>Izku\u0161nje za najve\u010dje zabave:<\/strong>\u00a0: Pridru\u017eite se nam na krovu tega praznovanja, kakr\u0161nega \u0161e ni bilo. Izjemna me\u0161anica housa, RnB, hip hopa, DnB, EDM in reggaetona, ki jo poganja vrhunski zvo\u010dni sistem. Profesionalni DJ-ji in MC-ji zagotavljajo neprekinjeno zabavo, zato je to najbolj\u0161a zabava na ladji na Tenerifih.<\/p>\n<h3>\ud83c\udf9f\ufe0f Mo\u017enosti vstopnic<\/h3>\n<p>Vse vstopnice vklju\u010dujejo dostop do legendarne 3-urne zabave na ladji z glasbo house, RnB, hip hop, DnB, EDM in reggaeton najbolj\u0161ih reziden\u010dnih did\u017eejev in MC-jev, ogromnim 15.000-vatnim zvo\u010dnim sistemom Utopia in brezpla\u010dnimi profesionalnimi fotografijami na spletu. Izbirate lahko med naslednjimi mo\u017enostmi vstopnic:<\/p>\n<ul>\n<li><strong>Osnovna vstopnica:<\/strong> Vklju\u010duje 4 pija\u010de iz izbora lokalnih \u017eganih pija\u010d (rum, viski, gin, vodka, kokosov liker, amaretto), pivo Victoria M\u00e1laga ali brezalkoholne pija\u010de (kola, pomaran\u010da, limona, sprite).<\/li>\n<li><strong>Standardna vstopnica za odprti bar:<\/strong> Vklju\u010duje neomejen 3-urni odprti bar z lokalnim pivom, \u017eganimi pija\u010dami in me\u0161anicami.<\/li>\n<li><strong>Vstopnica za pija\u010do Premium:<\/strong> Vklju\u010duje neomejeno \u0161tevilo vrhunskih \u017eganih pija\u010d, kot so Absolut Vodka, Bacardi, Havana, Beefeater Gin (navadni in ro\u017enati), Disaronno, Malibu, Jim Beam, Ballantine's Whisky, Red Bull in vrhunski me\u0161alniki.<\/li>\n<li><strong>VIP-vstopnica:<\/strong> Vklju\u010duje vse ugodnosti Premium ter prednostno vkrcanje in ekskluzivni dostop do zasebnega obmo\u010dja VIP in posebnega bara na krovu.<\/li>\n<\/ul>\n<h3>\u2728 Party Boat Tenerife Podrobnosti<\/h3>\n<p><strong>Celovit paket za zabavo:<\/strong> Va\u0161e potovanje se za\u010dne z \u017eivahno predprazni\u010dno zabavo v <a href=\"https:\/\/maps.app.goo.gl\/Vt7HqjMeKHLczpy69\" target=\"_blank\" rel=\"noopener\">\u010crni biser bar,<\/a> kjer boste u\u017eivali v brezpla\u010dni pija\u010di in spoznali druge obiskovalce zabave. Glavni dogodek je <strong>3-urno kri\u017earjenje<\/strong> na krovu <strong>Utopia party boat,<\/strong>\u00a0z odprtim barom in dinami\u010dno glasbeno sceno, ki mu sledi zabava po dogodku v baru Black Pearl z ekskluzivnimi ponudbami.<\/p>\n<p><strong>Vklju\u010devanje za vse:<\/strong> Ta dejavnost je namenjena vsem navdu\u0161encem zabave, saj zagotavlja uravnote\u017eeno me\u0161anico zabave, glasbe in dru\u017eabnih stikov. To je najbolj\u0161a izbira za tiste, ki i\u0161\u010dejo \u017eivahno in nepozabno zabavo. <a href=\"https:\/\/canaryvip.com\/sl\/tenerife\/boat-excursions\/\">do\u017eivetje izleta z ladjo.<\/a><\/p>\n<h3>\ud83c\udf0a Kaj lahko pri\u010dakujete na svoji avanturi na ladji na Tenerifih<\/h3>\n<ul>\n<li><strong>Razburljiva glasba in zabava:<\/strong>\u00a0: Na tej popolnoma opremljeni ladji za zabavo na Tenerifih lahko ple\u0161ete ob ritmih housa, RnB, hip hopa, DnB, EDM in reggaetona.<\/li>\n<li><strong>Odprti bar:<\/strong>\u00a0: U\u017eivajte v 3-urnem odprtem baru z izbranim pivom, lokalnimi \u017eganimi pija\u010dami in me\u0161anicami med izletom z ladjo za zabavo na Tenerifih.<\/li>\n<li><strong>Udobje in oprema:<\/strong>\u00a0: Sprostite se ob udobnih sede\u017eih, \u010distih prostorih in \u017eivahnem vzdu\u0161ju.<\/li>\n<li><strong>Krajinska lepota: <\/strong>: Med zabavo na valovih ujemite \u010dudovit razgled na obalo Tenerifov.<\/li>\n<li><strong>Varnost na prvem mestu: <\/strong>: Posadka daje prednost va\u0161i varnosti z jasnimi navodili in ve\u010djezi\u010dno podporo.<\/li>\n<\/ul>\n<h3>\ud83d\udee5\ufe0f Priprava na avanturo z ladjo za zabavo na Tenerifih<\/h3>\n<p>Zagotovite si brezskrbno izku\u0161njo, tako da s seboj vzamete kopalke, kremo za son\u010denje in <strong>CanaryVIP<\/strong> digitalno ali natisnjeno vozovnico. Priporo\u010damo, da pred potovanjem pojeste obrok in se izogibate alkoholu, da zmanj\u0161ate tveganje morske bolezni. Pred odhodom vzemite tableto proti potovalni bolezni, da bo potovanje udobno.<\/p>\n<h3>\ud83d\udea4 Party Boat Tenerife: Va\u0161 ultimativni praznik<\/h3>\n<p>Izberite CanaryVIP za svoj <strong>Party Boat Tenerife<\/strong> vozovnic, ki ponujajo neprekosljivo vrednost in izjemne storitve.<br \/>\nPridru\u017eite se nam za najbolj\u0161o izku\u0161njo zabave na ladji:<\/p>\n<ul>\n<li><strong>Zagotovljene najbolj\u0161e cene:<\/strong> U\u017eivajte v konkuren\u010dnih cenah za nepozabno izku\u0161njo z ladjo za zabavo na Tenerifih.<\/li>\n<li><strong>Skupinski popusti:<\/strong> Prihranite \u0161e ve\u010d z na\u0161imi posebnimi cenami za skupine na na\u0161i ladji za zabavo na Tenerifih.<\/li>\n<li><strong>Predhodne rezervacije:<\/strong> Zagotovite si svoje mesto \u010dim prej, da ne zamudite te ekskluzivne ladje za zabavo na Tenerifih!<\/li>\n<li><strong>Prilagodljiv pravilnik o odpovedi:<\/strong> Izkoristite na\u0161e uporabnikom prijazne pogoje odpovedi.<\/li>\n<li><strong>Zaupanja vreden operater:<\/strong> Kot vodilni ponudnik vozovnic na Kanarskih otokih, <strong>CanaryVIP<\/strong> je najprimernej\u0161a izbira za ljubitelje zabave na Tenerifih.<\/li>\n<\/ul>\n<h3>\ud83d\ude99 Zbirno mesto in parkiri\u0161\u010de<\/h3>\n<p><strong>Pridru\u017eite se nam v Puerto Col\u00f3n:<\/strong> Sre\u010dajte se z nami v baru \u010crni biser in se odpravite na pustolov\u0161\u010dino z ladjo za zabavo na Tenerifih. Pridite vsaj 15 minut pred odhodom, da zagotovite nemoteno vkrcanje. V pristani\u0161\u010du je na voljo veliko parkiri\u0161\u010d, kar je priro\u010dno za tiste, ki se pridru\u017eijo na\u0161i ladji za zabavo na Tenerifih.<\/p>\n<h3>\ud83c\udf1f CanaryVIP-ovi pogoji in dolo\u010dila<\/h3>\n<p>U\u017eivajte v miru z na\u0161imi celovitimi zavarovanji za va\u0161o pustolov\u0161\u010dino. To je tisto, kar morate vedeti:<\/p>\n<ul>\n<li><strong>Na\u010drti za vremenske razmere:<\/strong> V primeru nevarnih vremenskih razmer bodo na voljo mo\u017enosti za prestavitev ali celotno povra\u010dilo stro\u0161kov.<\/li>\n<li><strong>Prilagodljiv pravilnik o odpovedi:<\/strong>\n<ul>\n<li>Brezpla\u010dna odpoved ali prestavitev rezervacije do 7 dni vnaprej za posamezne rezervacije.<\/li>\n<li>Za skupine z ve\u010d kot 10 osebami je mo\u017ena brezpla\u010dna odpoved do 12 dni pred dogodkom.<\/li>\n<li>Za skupine nad 20 oseb je mo\u017ena brezpla\u010dna odpoved do 16 dni pred dogodkom.<\/li>\n<li>Morali bi <a href=\"https:\/\/canaryvip.com\/sl\/contact\/\">stopite v stik z nami<\/a> za zahtevke za preklic.<\/li>\n<\/ul>\n<\/li>\n<li><strong>Neprihod in pozen prihod:<\/strong> Vra\u010dila niso zagotovljena za neudele\u017ebo ali pozne prihode. Zagotovite si pravo\u010dasen prihod, saj je zabava na ladji obi\u010dajno polno zasedena.<\/li>\n<li><strong>Obna\u0161anje na krovu:<\/strong> Od gostov se pri\u010dakuje, da bodo poskrbeli za zabavno in varno okolje. Zaradi neprimernega vedenja so lahko odstranjeni z ladje brez povra\u010dila stro\u0161kov.<\/li>\n<li><strong>Morska bolezen in spremembe na\u010drta potovanja:<\/strong> \u010ce se pojavi morska bolezen in je treba spremeniti potovalni na\u010drt, se denar ne vra\u010da.<\/li>\n<li><strong>Prito\u017ebe:<\/strong> Morebitne te\u017eave je treba re\u0161evati z osebjem ladje na dan dogodka, saj osebje CanaryVIP ni prisotno na ladji.<\/li>\n<\/ul>\n<p>Rezervirajte zdaj in se nam pridru\u017eite na nepozabni zabavi na valovih Tenerifov!<\/p>","protected":false},"excerpt":{"rendered":"<p><strong>\ud83d\udd0d Boat Party Tenerife:<\/strong><br \/>\n\u2705 Varno pla\u010dilo.<br \/>\n\ud83d\ude80 3h izlet z ladjo za zabavo.<br \/>\n\ud83c\udf7b 3h OPEN BAR Vklju\u010deno.<br \/>\n\ud83d\udcc6 ob sobotah ob 12:30.<br \/>\n\ud83c\udfb6 DJ-ji in glasba.<br \/>\n\ud83d\udeab SAMO +18 let.<br \/>\n\ud83e\udd11 Zagotovljena najbolj\u0161a cena.<br \/>\n\ud83c\udf1f Rezervirajte zdaj in prihranite!<br \/>\n\ud83d\udccd Odhod iz\u00a0<a href=\"https:\/\/www.google.com\/maps\/place\/Puerto+Col%C3%B3n\/@28.0783432,-16.7368735,18.52z\/data=!4m6!3m5!1s0xc6a9743509c9ebf:0xd62345524f768247!8m2!3d28.0789928!4d-16.7359737!16s%2Fg%2F11c6cqryw_?entry=tts\">Puerto Colon<\/a>.<\/p>","protected":false},"featured_media":11461,"comment_status":"open","ping_status":"closed","template":"","meta":{"_acf_changed":false},"product_brand":[],"product_cat":[46],"product_tag":[],"class_list":{"0":"post-11456","1":"product","2":"type-product","3":"status-publish","4":"has-post-thumbnail","6":"product_cat-boat-excursions","7":"wcpa_has_options","9":"first","10":"instock","11":"sale","12":"virtual","13":"purchasable","14":"product-type-simple"},"acf":[],"wcpa_form_fields":{"wcpaData":{"product":{"product_price":70,"price_html":"From&nbsp;<del aria-hidden=\"true\"><span class=\"woocommerce-Price-amount amount\"><bdi>75,00&nbsp;<span class=\"woocommerce-Price-currencySymbol\">&euro;<\/span><\/bdi><\/span><\/del> <span class=\"screen-reader-text\">Prvotna cena je bila: 75,00&nbsp;&euro;.<\/span><ins aria-hidden=\"true\"><span class=\"woocommerce-Price-amount amount\"><bdi>70,00&nbsp;<span class=\"woocommerce-Price-currencySymbol\">&euro;<\/span><\/bdi><\/span><\/ins><span class=\"screen-reader-text\">Trenutna cena je: 70,00&nbsp;&euro;.<\/span>","original_product_price":75,"price_including_tax":70,"price_excluding_tax":70,"product_id":{"parent":11456,"variation":false},"is_variable":false,"stock_status":"instock","stock_quantity":null,"parent_sku":"CV11456","product_attributes":[],"custom_fields":[],"is_taxable":false,"product_name":"Utopia Boat Party Tenerife","hasImage":false},"fields":{"sec_06641441f5ff23":{"extra":{"key":"sec_06641441f5ff23","section_id":"sec_06641441f5ff23","name":"Default","status":1,"cl_rule":"show","enableCl":false,"relations":[],"toggle":true,"title_tag":"h3","show_title":false,"showPrice":"default","form_id":11462,"form_rules":{"exclude_from_discount":true,"fee_label":"Fee","disp_hide_options_price":true,"disp_show_section_price":false,"disp_show_field_price":true,"layout_option":"standard","pric_use_as_fee":false,"process_fee_as":"woo_fee"},"layout_option":"standard"},"fields":[[{"active":true,"col":6,"relations":false,"cl_rule":"show","enableCl":false,"price":"","enablePrice":false,"className":"oferta-especial","label_position":"default","desc_position":"default","type":"content","required":false,"elementId":"content_1421636141","label":"","name":"content_1421636141","contentType":"rich","value":"<p><strong>\ud83d\udd25 Utopia Boat Party Limited Time Offer!<br>\n<\/strong>Exclusive 5% discount automatically applied at checkout.<\/p>","error":false,"isTemplate":false,"gt_translate_keys":["label","value"],"price_dependency":false,"cl_dependency":false}],[{"label":"\ud83d\udcc5 Date","active":true,"required":true,"elementId":"date_66641441f5ff41","picker_type":"custom","picker_mode":"single","placeholder":"","description":"","tooltip":"","name":"date_66641441f5ff41","label_position":"default","desc_position":"default","enablePrice":false,"className":"","enableCl":false,"relations":[{"operator":"and","rules":[{"operator":"AND","rules":{"cl_field":"radio-group_56641441f5ff51","cl_relation":"is_not_empty","cl_val":"3 Hour Trip"}}]}],"date_pic_inline":true,"date_pic_inline_hide":true,"min_date":{"type":"days","val":"1"},"max_date":"","date_pic_conf":{"disabledWeeks":[1,2,3,4,5,0],"disabledDates":["2024-05-19","2024-05-26","2025-04-06","2025-04-13","2025-04-16","2025-04-20","2025-04-27","2025-09-01 to 2025-09-30"]},"price":"","cl_rule":"show","col":6,"type":"date","error":false,"enableDesign":false,"LabelColor":"","isWeightTemplate":false,"isTemplate":false,"min_quantity":"1","quantity_decimal":false,"quantity_step":"1","quantity_label":"Quantity","repeater_field_label":"{field_label}","repeater_bind":"","gt_translate_keys":["label","placeholder","description","tooltip","repeater_field_label","quantity_label"],"price_dependency":false,"cl_dependency":false,"value":""}],[{"active":true,"col":6,"relations":[{"operator":false,"rules":[{"operator":"AND","rules":{"cl_field":"","cl_relation":"","cl_val":""}}]}],"cl_rule":"show","enableCl":false,"price":"70","enablePrice":true,"className":"","label_position":"default","desc_position":"below","type":"radio-group","required":false,"elementId":"radio-group_86641441f5ff75","label":"","name":"radio-group_86641441f5ff75","values":[{"label":"\ud83d\udfe2 Basic Ticket (70\u20ac)","value":"Basic Ticket","selected":true,"tempId":"aco_32","tooltip":"","description":"","gt_translate_keys":["label","tooltip","description"]}],"layOut":"","error":false,"checkUi":"button","priceOptions":"fixed_for_all","pricingType":"fixed","enable_quantity":true,"quantity_label":"","min_quantity":"0","options_tooltip":true,"options_description":true,"description":"Ideal for budget-friendly fun. Includes a drinks package with 4 beverages at a discounted price.","enableDesign":false,"isWeightTemplate":false,"isTemplate":false,"quantity_decimal":false,"quantity_step":"1","repeater_field_label":"{field_label}","repeater_bind":"","gt_translate_keys":["label","description","repeater_field_label","quantity_label"],"price_dependency":false,"cl_dependency":false,"value":""}],[{"active":true,"col":6,"relations":false,"cl_rule":"show","enableCl":false,"price":"","enablePrice":false,"className":"","label_position":"default","desc_position":"default","type":"separator","required":false,"elementId":"separator_1097273251","label":"Separator Field","height":"3","separatorType":"fill","error":false,"separatorColor":"#4a90e2","gt_translate_keys":["label"],"price_dependency":false,"cl_dependency":false,"value":""}],[{"label":"","active":true,"required":false,"elementId":"radio-group-0169646210","description":"Open bar with unlimited beer, local spirits, and mixers. Perfect for music and drink lovers.","name":"radio-group-0169646210","label_position":"default","desc_position":"below","enablePrice":true,"className":"","enableCl":false,"relations":[{"operator":false,"rules":[{"operator":"AND","rules":{"cl_field":"","cl_relation":"","cl_val":""}}]}],"enableDesign":false,"enable_quantity":true,"quantity_label":"","min_quantity":"0","checkUi":"button","layOut":"","options_tooltip":true,"options_description":true,"values":[{"label":"\ud83c\udf9f\ufe0f Standard Ticket (90\u20ac)","value":"Standard Ticket","selected":true,"tempId":"aco_32","tooltip":"","description":"","gt_translate_keys":["label","tooltip","description"]}],"priceOptions":"fixed_for_all","pricingType":"fixed","price":"90","cl_rule":"show","col":6,"type":"radio-group","error":false,"isWeightTemplate":false,"isTemplate":false,"quantity_decimal":false,"quantity_step":"1","repeater_field_label":"{field_label}","repeater_bind":"","gt_translate_keys":["label","description","repeater_field_label","quantity_label"],"price_dependency":false,"cl_dependency":false,"value":""}],[{"elementId":"separator-0973524418","separatorType":"fill","separatorColor":"#4a90e2","className":"","height":"3","enableCl":false,"relations":false,"cl_rule":"show","col":6,"type":"separator","gt_translate_keys":[],"price_dependency":false,"cl_dependency":false,"value":""}],[{"label":"","active":true,"required":false,"elementId":"radio-group_56641441f5ffa1","name":"radio-group_56641441f5ffa1","label_position":"default","desc_position":"below","enablePrice":true,"className":"","enableCl":false,"relations":[{"operator":false,"rules":[{"operator":"AND","rules":{"cl_field":"","cl_relation":"","cl_val":""}}]}],"enable_quantity":true,"quantity_label":"","min_quantity":"0","checkUi":"button","layOut":"","options_tooltip":true,"values":[{"label":"\u2b50\ufe0f Premium Ticket (110\u20ac)","value":"Premium Ticket (95\u20ac)","selected":true,"tempId":"aco_32","tooltip":"","description":"","gt_translate_keys":["label","tooltip","description"]}],"priceOptions":"fixed_for_all","pricingType":"fixed","price":"110","cl_rule":"show","col":6,"type":"radio-group","error":false,"description":"Upgrade your experience with premium spirits like Absolut, Bacardi, Havana, and more, plus Red Bull and premium mixers.","options_description":true,"isWeightTemplate":false,"isTemplate":false,"quantity_decimal":false,"quantity_step":"1","repeater_field_label":"{field_label}","repeater_bind":"","gt_translate_keys":["label","description","repeater_field_label","quantity_label"],"price_dependency":false,"cl_dependency":false,"value":""}],[{"elementId":"separator-0973774727","separatorType":"fill","separatorColor":"#4a90e2","className":"","height":"3","enableCl":false,"relations":false,"cl_rule":"show","col":6,"type":"separator","gt_translate_keys":[],"price_dependency":false,"cl_dependency":false,"value":""}],[{"label":"","active":true,"required":false,"elementId":"radio-group-1821003227","description":"The ultimate luxury experience. Access the VIP area with open bar featuring premium spirits, Red Bull, and exclusive vibes.","name":"radio-group-1821003227","label_position":"default","desc_position":"below","enablePrice":true,"className":"","enableCl":false,"relations":[{"operator":false,"rules":[{"operator":"AND","rules":{"cl_field":"","cl_relation":"","cl_val":""}}]}],"enable_quantity":true,"quantity_label":"","min_quantity":"0","checkUi":"button","layOut":"","options_tooltip":true,"options_description":true,"values":[{"label":"\ud83d\udc8e VIP Ticket (130\u20ac)","value":"VIP Ticket","selected":true,"tempId":"aco_32","tooltip":"","description":"","gt_translate_keys":["label","tooltip","description"]}],"priceOptions":"fixed_for_all","pricingType":"fixed","price":"130","cl_rule":"show","col":6,"type":"radio-group","error":false,"isWeightTemplate":false,"isTemplate":false,"quantity_decimal":false,"quantity_step":"1","repeater_field_label":"{field_label}","repeater_bind":"","gt_translate_keys":["label","description","repeater_field_label","quantity_label"],"price_dependency":false,"cl_dependency":false,"value":""}],[{"elementId":"separator-0974175336","separatorType":"fill","separatorColor":"#4a90e2","className":"","height":"3","enableCl":false,"relations":false,"cl_rule":"show","col":6,"type":"separator","gt_translate_keys":[],"price_dependency":false,"cl_dependency":false,"value":""}]]}},"config":{"price_override":"always","enable_recaptcha":false,"bind_quantity":false,"quantity_bind_formula":false,"disp_summ_show_option_price":true,"disp_summ_show_product_price":false,"disp_summ_show_total_price":true,"disp_summ_show_fee":true,"disp_summ_show_discount":true,"summary_title":"","options_total_label":"Options Price","total_label":"Total Amount","options_product_label":"Product Price","fee_label":"Fee","discount_label":"Discount","has_price":true,"has_quantity_formula":false},"mc_unit":1,"tax_rate":1,"tax_rate_real":1,"discount":{"percentage":0,"fixed":0},"design":{"conf":{"LabelPosition":"above","DescPosition":"above","UploadField":"custom_1","QuantityFieldStyle":"custom_1"},"css":{"LeftLabelWidth":"120px"}},"formulas":[],"lookuptables":[],"clones":false,"cartKey":false}},"_links":{"self":[{"href":"https:\/\/canaryvip.com\/sl\/wp-json\/wp\/v2\/product\/11456","targetHints":{"allow":["GET"]}}],"collection":[{"href":"https:\/\/canaryvip.com\/sl\/wp-json\/wp\/v2\/product"}],"about":[{"href":"https:\/\/canaryvip.com\/sl\/wp-json\/wp\/v2\/types\/product"}],"replies":[{"embeddable":true,"href":"https:\/\/canaryvip.com\/sl\/wp-json\/wp\/v2\/comments?post=11456"}],"wp:featuredmedia":[{"embeddable":true,"href":"https:\/\/canaryvip.com\/sl\/wp-json\/wp\/v2\/media\/11461"}],"wp:attachment":[{"href":"https:\/\/canaryvip.com\/sl\/wp-json\/wp\/v2\/media?parent=11456"}],"wp:term":[{"taxonomy":"product_brand","embeddable":true,"href":"https:\/\/canaryvip.com\/sl\/wp-json\/wp\/v2\/product_brand?post=11456"},{"taxonomy":"product_cat","embeddable":true,"href":"https:\/\/canaryvip.com\/sl\/wp-json\/wp\/v2\/product_cat?post=11456"},{"taxonomy":"product_tag","embeddable":true,"href":"https:\/\/canaryvip.com\/sl\/wp-json\/wp\/v2\/product_tag?post=11456"}],"curies":[{"name":"wp","href":"https:\/\/api.w.org\/{rel}","templated":true}]}}