{"id":11438,"date":"2024-05-11T22:23:40","date_gmt":"2024-05-11T21:23:40","guid":{"rendered":"https:\/\/canaryvip.com\/?post_type=product&#038;p=11438"},"modified":"2025-11-04T12:52:18","modified_gmt":"2025-11-04T12:52:18","slug":"ole-flamenco-show-tenerife","status":"publish","type":"product","link":"https:\/\/canaryvip.com\/sl\/shop\/ole-flamenco-show-tenerife\/","title":{"rendered":"OL\u00c9 Flamenco Show Tenerife"},"content":{"rendered":"<h2>\ud83c\udfad Odkrijte najbolj\u0161i flamenko \u0161ov na Tenerifih<\/h2>\n<p>Potopite se v \u017eivahen duh \u0160panije na predstavi Ol\u00e9 Flamenco Show Tenerife, vrhunskem festivalu flamenka. <a href=\"https:\/\/canaryvip.com\/sl\/tenerife\/evening-shows\/\">predstava na Tenerifih.<\/a> Do\u017eivite o\u010darljiv ve\u010der strastne glasbe, navdu\u0161ujo\u010dega plesa in bogatega kulturnega izra\u017eanja pod strokovnim vodstvom priznanega Frana Chafina.<\/p>\n<p>Ta 90-minutni spektakel obljublja nepozaben ve\u010der, v katerem se tradicionalni slogi flamenka prepletajo s sodobnim pridihom, vse skupaj pa se odvija v razko\u0161ni kulisi hotela GF Victoria.<\/p>\n<p>Vsak element predstave, od ritmi\u010dnih korakov do duhovite kitare in izrazitega vokala, je zasnovan tako, da o\u010dara in navdihuje, zato si jo morajo ogledati tako doma\u010dini kot obiskovalci, ki \u017eelijo do\u017eiveti pristno \u0161pansko izku\u0161njo.<\/p>\n<h3>\ud83c\udf7d\ufe0f Luksuzno prizori\u0161\u010de v hotelu GF Victoria<\/h3>\n<p><strong>Lokacija:<\/strong> Eleganten <a href=\"https:\/\/www.google.com\/maps\/place\/GF+Victoria\/@28.0917871,-16.7412967,17z\/data=!3m1!4b1!4m9!3m8!1s0xc6a974d01c4268f:0x3c0e40669a61bb47!5m2!4m1!1i2!8m2!3d28.0917871!4d-16.7387218!16s%2Fg%2F11bvv59vv2?entry=ttu\" target=\"_new\" rel=\"noreferrer noopener\">GF Victoria Hotel<\/a> v kraju Costa Adeje gosti ta o\u010darljivi dogodek in zagotavlja prefinjeno vzdu\u0161je za nepozaben flamenko \u0161ov na Tenerifih.<\/p>\n<p><strong>Urnik:<\/strong> Predstava se za\u010dne ob 21:00, vrata se odprejo ob 20:15. Sledi 15-minutni odmor, celotna predstava pa se zaklju\u010di ob 22:30.<\/p>\n<h3>\ud83c\udf9f\ufe0f Izberite svoj popoln ve\u010der<\/h3>\n<p><strong>Zlate vstopnice:<\/strong> Za 49 \u20ac na osebo si lahko ogledate predstavo. Ta sede\u017e ponuja odli\u010den pogled na oder in \u017eivahno do\u017eivetje za 140 gostov.<\/p>\n<p><strong>Platinaste vstopnice:<\/strong> Za 59 EUR na osebo ta mo\u017enost vklju\u010duje vstopnino, kozarec vina in lahke prigrizke. V coni Platinum, ki je bli\u017eje odru, je na voljo intimno okolje za 80 gostov.<\/p>\n<h3>\ud83c\udf1f Do\u017eivite pristni flamenko<\/h3>\n<p><strong>Spoznajte Frana Chafina:<\/strong> Zvezda predstave Fran Chafino, ki slovi po svojem izjemnem talentu, o\u017eivi pristni flamenko in poskrbi, da je vsak gost o\u010daran nad predstavo.<\/p>\n<p><strong>Bogata ponudba razli\u010dnih dejanj:<\/strong> Od buler\u00edas do alegr\u00edas, predstava vklju\u010duje dinami\u010dno me\u0161anico petja, kitare in plesa, ki ob\u010dinstvo o\u010dara z vsakim edinstvenim nastopom.<\/p>\n<p><strong>Interaktivno vzdu\u0161je:<\/strong> \u010ceprav ob\u010dinstvo pri plesu ne sodeluje, pa nastopajo\u010di s svojim sodelovanjem ustvarijo intimno in energi\u010dno izku\u0161njo.<\/p>\n<h3><a href=\"https:\/\/canaryvip.com\/sl\/contact\/?swcfpc=1\">\ud83d\udd70\ufe0f<\/a> Bistvene informacije<\/h3>\n<p><strong>Pravila obla\u010denja:<\/strong> Priporo\u010dljiva je elegantna obleka, ki bo dopolnila elegantno okolje. D\u017eins in lepa majica sta sprejemljiva, vendar se \u0161portna obla\u010dila in kratke hla\u010de odsvetujejo, da se ohrani prefinjen ambient predstave.<\/p>\n<p><strong>Informacije o parkiranju:<\/strong> Veliko parkiri\u0161\u010d je na voljo v nakupovalnem sredi\u0161\u010du Plaza del Duque, ki je od prizori\u0161\u010da oddaljeno le kratek sprehod.<\/p>\n<p><strong>Vhod na razstavo:<\/strong> Vstopite skozi poseben vhod na levi strani glavnega vhoda v hotel, da boste la\u017eje pri\u0161li do razstavnega prostora Las Olas.<\/p>\n<h3>\u2696\ufe0f Prilagodljiv pravilnik o rezervaciji in odpovedi<\/h3>\n<p><strong>Prednost predhodne rezervacije:<\/strong> Z zgodnjo rezervacijo si zagotovite najbolj\u0161e cene in poenostavite na\u010drtovanje.<\/p>\n<p><strong>Brezpla\u010dne odpovedi:<\/strong> Za vra\u010dilo denarja v celoti prekli\u010dite rezervacijo do 48 ur pred predstavo.<\/p>\n<p><strong>Skupinske rezervacije:<\/strong> Za skupine, ve\u010dje od \u0161estih oseb, lahko rezervacijo brezpla\u010dno odpoveste do \u0161tiri dni vnaprej. Pri odpovedi od 2 do 4 dni pred dogodkom se povrne znesek 50%.<\/p>\n<p><strong>Pravila glede ne-dokazovanja:<\/strong> Vra\u010dila niso mogo\u010da v primeru neudele\u017ebe ali odpovedi v 48 urah pred dogodkom.<\/p>\n<h3>\ud83c\udf89 Zasebni dogodki s flamenkom<\/h3>\n<p><strong>Ekskluzivna praznovanja:<\/strong> CanaryVIP lahko organizira zasebne flamenko predstave, prilagojene za rojstne dneve, poslovne dogodke in posebna sre\u010danja, ter tako poskrbi za osebno in nepozabno prilo\u017enost. <a href=\"https:\/\/canaryvip.com\/sl\/contact\/?swcfpc=1\">Za ve\u010d informacij se obrnite na nas.<\/a><\/p>\n<h3>\ud83c\udfb6 Odkrijte zgodovino in strast flamenka<\/h3>\n<p><strong>Potovanje skozi bogato dedi\u0161\u010dino flamenka:<\/strong> Ol\u00e9 Flamenco Show Tenerife ne le zabava, ampak tudi ponuja poglobljen vpogled v zgodovino in strast flamenka. Flamenko izvira iz andaluzijske regije v \u0160paniji in je dinami\u010dna umetni\u0161ka oblika, ki zdru\u017euje petje (cante), igranje kitare (toque) in ples (baile). Ta ve\u010dstoletna tradicija je znana po \u010dustveni intenzivnosti in ekspresivnem pripovedovanju zgodb, ki odra\u017ea kulturno tapiserijo \u0160panije.<\/p>\n<p><strong>Umetni\u0161ka vizija Frana Chafina:<\/strong> Pod mojstrskim vodstvom Frana Chafina Ol\u00e9 Flamenco Show Tenerife o\u017eivlja to bogato dedi\u0161\u010dino s sodobnim pridihom. Franova koreografija je me\u0161anica tradicionalnih tehnik in sodobnih elementov, kar ustvarja edinstveno predstavo, ki spo\u0161tuje korenine flamenka in hkrati navdu\u0161uje sodobno ob\u010dinstvo.<\/p>\n<p><strong>Razli\u010dni stili flamenka:<\/strong> V predstavi so predstavljeni razli\u010dni stili flamenka, kot sta hitri buler\u00edas in veseli alegr\u00edas, vsak s svojim posebnim ritmom in razpolo\u017eenjem. Ta raznolikost zagotavlja \u017eivahno in zanimivo izku\u0161njo, ki prikazuje celoten spekter \u010dustvenega in glasbenega razpona flamenka.<\/p>\n<h3>\ud83c\udf1f Pridru\u017eite se nam na nepozabnem ve\u010deru<\/h3>\n<p>Do\u017eivite \u010darobnost flamenka na Tenerifih s skupino CanaryVIP. V luksuznem hotelu GF Victoria se potopite v o\u010darljivo me\u0161anico strastne glasbe, \u017eivahnega plesa in bogate \u0161panske kulture.<\/p>\n<p>Ta o\u010darljiva predstava pod vodstvom priznanega Frana Chafina obljublja nepozaben ve\u010der, poln avtenti\u010dnih stilov flamenka in sodobnega duha. Zagotovite si vstopnice za ve\u010der elegance in zabave ter se prepustite ritmi\u010dnim ritmom in ekspresivnim nastopom, ki vas bodo o\u010darali. Ne zamudite tega edinstvenega kulturnega do\u017eivetja v osr\u010dju Tenerifov.<\/p>\n<p>Rezervirajte vstopnice za Flamenco Show Tenerife \u017ee danes! \ud83c\udf0c\ud83d\udc83<\/p>","protected":false},"excerpt":{"rendered":"<p><strong>\ud83d\udd0d Flamenko \u0161ov Tenerife:<\/strong><br \/>\n\u2705 Varno pla\u010dilo.<br \/>\n\ud83d\udc83 Avtenti\u010dna predstava flamenka.<br \/>\n\ud83d\udd59 Vsak \u010detrtek ob 20:15.<br \/>\n\u23f3 Trajanje \u2248 2h<br \/>\n\ud83d\ude80 Zelo priljubljeno!<br \/>\n\ud83e\udd11 Zagotovljena najbolj\u0161a cena.<br \/>\n\ud83d\udc6a Popusti za skupinske rezervacije.<br \/>\n\ud83d\udd01 Brezpla\u010dna odpoved do 48 ur.<br \/>\n\ud83c\udf1f Rezervirajte zgodaj, hitro se zapolni!<br \/>\n\ud83d\udccd Prizori\u0161\u010de na\u00a0<a href=\"https:\/\/maps.app.goo.gl\/boB3JcWYHb8AiGY58\">Hotel GF Victoria<\/a>.<\/p>","protected":false},"featured_media":11440,"comment_status":"open","ping_status":"closed","template":"","meta":{"_acf_changed":false},"product_brand":[],"product_cat":[59],"product_tag":[],"class_list":{"0":"post-11438","1":"product","2":"type-product","3":"status-publish","4":"has-post-thumbnail","6":"product_cat-evening-shows","7":"wcpa_has_options","9":"first","10":"instock","11":"virtual","12":"purchasable","13":"product-type-simple"},"acf":[],"wcpa_form_fields":{"wcpaData":{"product":{"product_price":51,"price_html":"From&nbsp;<span class=\"woocommerce-Price-amount amount\"><bdi>51,00&nbsp;<span class=\"woocommerce-Price-currencySymbol\">&euro;<\/span><\/bdi><\/span>","original_product_price":51,"price_including_tax":51,"price_excluding_tax":51,"product_id":{"parent":11438,"variation":false},"is_variable":false,"stock_status":"instock","stock_quantity":null,"parent_sku":"CV11438","product_attributes":[],"custom_fields":[],"is_taxable":false,"product_name":"OL\u00c9 Flamenco Show Tenerife","hasImage":false},"fields":{"sec_5663fdb09e5296":{"extra":{"key":"sec_5663fdb09e5296","section_id":"sec_5663fdb09e5296","name":"Default","status":1,"cl_rule":"show","enableCl":false,"relations":[],"toggle":true,"title_tag":"h3","show_title":false,"showPrice":"default","form_id":11439,"form_rules":{"exclude_from_discount":true,"fee_label":"Fee","disp_hide_options_price":true,"disp_show_section_price":false,"disp_show_field_price":true,"layout_option":"standard","pric_use_as_fee":false,"process_fee_as":"woo_fee"},"layout_option":"standard"},"fields":[[{"label":"\ud83d\udcc5 Date","active":true,"required":true,"elementId":"date_2663fdb09e52b5","picker_type":"custom","picker_mode":"single","placeholder":"","description":"","tooltip":"","name":"date_2663fdb09e52b5","label_position":"default","desc_position":"default","enablePrice":false,"className":"","enableCl":false,"relations":[{"operator":"and","rules":[{"operator":"AND","rules":{"cl_field":"radio-group_4663fdb09e52c5","cl_relation":"is_not_empty","cl_val":"3 Hour Trip"}}]}],"date_pic_inline":true,"date_pic_inline_hide":true,"min_date":{"type":"days","val":"1"},"max_date":{"type":"days","val":"180"},"date_pic_conf":{"disabledWeeks":[0,1,3,5,6,2],"disabledDates":["2025-02-06","2025-06-27 to 2025-07-01","2026-01-01 to 2026-01-14","2026-03-12","2026-03-19"]},"price":"","cl_rule":"show","col":6,"type":"date","error":false,"enableDesign":false,"LabelColor":"","isWeightTemplate":false,"isTemplate":false,"min_quantity":"1","quantity_decimal":false,"quantity_step":"1","quantity_label":"Quantity","repeater_field_label":"{field_label}","repeater_bind":"","gt_translate_keys":["label","placeholder","description","tooltip","repeater_field_label","quantity_label"],"price_dependency":false,"cl_dependency":["radio-group_4663fdb09e52c5"],"value":""}],[{"active":true,"col":6,"relations":[{"operator":false,"rules":[{"operator":"AND","rules":{"cl_field":"","cl_relation":"","cl_val":""}}]}],"cl_rule":"show","enableCl":false,"price":"","enablePrice":false,"className":"","label_position":"default","desc_position":"default","type":"radio-group","required":true,"elementId":"radio-group_4663fdb09e52c5","label":"\ud83c\udf1f Type of Ticket","name":"radio-group_4663fdb09e52c5","values":[{"label":"Gold Entrance (51\u20ac)","value":"Gold Entrance","selected":false,"tempId":"aco_28","description":"Enjoy the live show.","options_cl":false,"relations":[{"operator":false,"rules":[{"operator":"AND","rules":{"cl_field":"","cl_relation":"","cl_val":""}}]}],"cl_rule":"show","gt_translate_keys":["label","description"]},{"label":"Platinum Entrance (61\u20ac)","value":"Platinum Entrance","selected":false,"tempId":"aco_29","description":"Enjoy the live show, wine, snacks and better seating.","options_cl":true,"relations":[{"operator":false,"rules":[{"operator":"AND","rules":{"cl_field":"date_2663fdb09e52b5","cl_relation":"is","cl_val":"2026-04-16"}}]}],"cl_rule":"hide","gt_translate_keys":["label","description"]}],"layOut":"","error":false,"checkUi":"toggle","enableDesign":false,"scrollBar":false,"description":"","other":false,"options_description":true,"show_selected_option":false,"isWeightTemplate":false,"isTemplate":false,"min_quantity":"1","quantity_decimal":false,"quantity_step":"1","quantity_label":"Quantity","repeater_field_label":"{field_label}","repeater_bind":"","gt_translate_keys":["label","description","repeater_field_label","quantity_label"],"price_dependency":false,"cl_dependency":[false,false],"value":""}]]},"sec_1663fdb09e52c7":{"extra":{"key":"sec_1663fdb09e52c7","section_id":"sec_1663fdb09e52c7","name":"Gold","status":1,"cl_rule":"show","enableCl":true,"relations":[{"operator":false,"rules":[{"operator":"AND","rules":{"cl_field":"radio-group_4663fdb09e52c5","cl_relation":"is","cl_val":"Gold Entrance"}}]}],"toggle":true,"title_tag":"h4","show_title":false,"showPrice":"default","form_id":11439,"form_rules":{"exclude_from_discount":true,"fee_label":"Fee","disp_hide_options_price":true,"disp_show_section_price":false,"disp_show_field_price":true,"layout_option":"standard","pric_use_as_fee":false,"process_fee_as":"woo_fee"},"layout_option":"standard"},"fields":[[{"active":true,"col":6,"relations":false,"cl_rule":"show","enableCl":false,"price":"","enablePrice":false,"className":"","label_position":"default","desc_position":"default","type":"separator","required":false,"elementId":"separator_6663fdb09e52d3","label":"Separator Field","height":"8","separatorType":"blank","error":false,"gt_translate_keys":["label"],"price_dependency":false,"cl_dependency":false,"value":""}],[{"active":true,"col":6,"relations":false,"cl_rule":"show","enableCl":false,"price":"","enablePrice":false,"className":"","label_position":"default","desc_position":"default","type":"content","required":false,"elementId":"content_6663fdb09e5310","label":"People","name":"content_6663fdb09e5310","contentType":"plain","value":"","error":false,"show_in_checkout":true,"inline":false,"gt_translate_keys":["label","value"],"price_dependency":false,"cl_dependency":false}],[{"active":true,"col":6,"relations":[{"operator":false,"rules":[{"operator":"AND","rules":{"cl_field":"","cl_relation":"","cl_val":""}}]}],"cl_rule":"show","enableCl":false,"price":"51","enablePrice":true,"className":"","label_position":"default","desc_position":"default","type":"radio-group","required":false,"elementId":"radio-group_0663fdb09e531c","label":"","name":"radio-group_0663fdb09e531c","values":[{"label":"\ud83d\udc64 Adult (51\u20ac)","value":"Adult","selected":true,"tempId":"aco_32","tooltip":"+13 Years","description":"","gt_translate_keys":["label","tooltip","description"]}],"layOut":"","error":false,"checkUi":"button","priceOptions":"fixed_for_all","pricingType":"fixed","enable_quantity":true,"quantity_label":"","min_quantity":"0","options_tooltip":true,"options_description":true,"isWeightTemplate":false,"isTemplate":false,"quantity_decimal":false,"quantity_step":"1","repeater_field_label":"{field_label}","repeater_bind":"","gt_translate_keys":["label","repeater_field_label","quantity_label"],"price_dependency":false,"cl_dependency":false,"value":""}],[{"label":"","active":true,"required":false,"elementId":"radio-group-0980466659","name":"radio-group-0980466659","label_position":"default","desc_position":"default","enablePrice":true,"className":"","enableCl":false,"relations":[{"operator":false,"rules":[{"operator":"AND","rules":{"cl_field":"","cl_relation":"","cl_val":""}}]}],"enable_quantity":true,"quantity_label":"","min_quantity":"0","checkUi":"button","layOut":"","options_tooltip":true,"options_description":true,"values":[{"label":"\ud83d\udc66 Child (25,50\u20ac)","value":"Child","selected":true,"tempId":"aco_32","tooltip":"3-12 Years","description":"","gt_translate_keys":["label","tooltip","description"]}],"priceOptions":"fixed_for_all","pricingType":"fixed","price":"25,50","cl_rule":"show","col":6,"type":"radio-group","error":false,"isWeightTemplate":false,"isTemplate":false,"quantity_decimal":false,"quantity_step":"1","repeater_field_label":"{field_label}","repeater_bind":"","gt_translate_keys":["label","repeater_field_label","quantity_label"],"price_dependency":false,"cl_dependency":false,"value":""}]]},"sec_2663fdb09e531d":{"extra":{"key":"sec_2663fdb09e531d","section_id":"sec_2663fdb09e531d","name":"Platinum","status":1,"cl_rule":"show","enableCl":true,"relations":[{"operator":false,"rules":[{"operator":"AND","rules":{"cl_field":"radio-group_4663fdb09e52c5","cl_relation":"is","cl_val":"Platinum Entrance"}}]}],"toggle":true,"title_tag":"h4","show_title":false,"showPrice":"default","form_id":11439,"form_rules":{"exclude_from_discount":true,"fee_label":"Fee","disp_hide_options_price":true,"disp_show_section_price":false,"disp_show_field_price":true,"layout_option":"standard","pric_use_as_fee":false,"process_fee_as":"woo_fee"},"layout_option":"standard"},"fields":[[{"elementId":"separator_6663fdb09e5327","separatorType":"blank","className":"","height":"8","enableCl":false,"relations":false,"cl_rule":"show","col":6,"type":"separator","error":false,"gt_translate_keys":[],"price_dependency":false,"cl_dependency":false,"value":""}],[{"contentType":"plain","active":true,"label":"People","elementId":"content_0663fdb09e5331","value":"","inline":false,"show_in_checkout":true,"name":"content_0663fdb09e5331","enablePrice":false,"className":"","enableCl":false,"relations":false,"price":"","cl_rule":"show","col":6,"type":"content","gt_translate_keys":["label","value"],"price_dependency":false,"cl_dependency":false}],[{"label":"","active":true,"required":false,"elementId":"radio-group_9663fdb09e533c","name":"radio-group_9663fdb09e533c","label_position":"default","desc_position":"default","enablePrice":true,"className":"","enableCl":false,"relations":[{"operator":false,"rules":[{"operator":"AND","rules":{"cl_field":"","cl_relation":"","cl_val":""}}]}],"enable_quantity":true,"quantity_label":"","min_quantity":"0","checkUi":"button","layOut":"","options_tooltip":true,"values":[{"label":"\ud83d\udc64 Adult (61\u20ac)","value":"Adult","selected":true,"tempId":"aco_32","tooltip":"+13 Years","gt_translate_keys":["label","tooltip"]}],"priceOptions":"fixed_for_all","pricingType":"fixed","price":"61","cl_rule":"show","col":6,"type":"radio-group","error":false,"isWeightTemplate":false,"isTemplate":false,"quantity_decimal":false,"quantity_step":"1","repeater_field_label":"{field_label}","repeater_bind":"","gt_translate_keys":["label","repeater_field_label","quantity_label"],"price_dependency":false,"cl_dependency":false,"value":""}],[{"label":"","active":true,"required":false,"elementId":"radio-group-1037099900","name":"radio-group-1037099900","label_position":"default","desc_position":"default","enablePrice":true,"className":"","enableCl":false,"relations":[{"operator":false,"rules":[{"operator":"AND","rules":{"cl_field":"","cl_relation":"","cl_val":""}}]}],"enable_quantity":true,"quantity_label":"","min_quantity":"0","checkUi":"button","layOut":"","options_tooltip":true,"options_description":true,"values":[{"label":"\ud83d\udc66 Child (30,50\u20ac)","value":"Child","selected":true,"tempId":"aco_32","tooltip":"3-12 Years","description":"","gt_translate_keys":["label","tooltip","description"]}],"priceOptions":"fixed_for_all","pricingType":"fixed","price":"30,50","cl_rule":"show","col":6,"type":"radio-group","error":false,"isWeightTemplate":false,"isTemplate":false,"quantity_decimal":false,"quantity_step":"1","repeater_field_label":"{field_label}","repeater_bind":"","gt_translate_keys":["label","repeater_field_label","quantity_label"],"price_dependency":false,"cl_dependency":false,"value":""}]]}},"config":{"price_override":"always","enable_recaptcha":false,"bind_quantity":false,"quantity_bind_formula":false,"disp_summ_show_option_price":true,"disp_summ_show_product_price":false,"disp_summ_show_total_price":true,"disp_summ_show_fee":true,"disp_summ_show_discount":true,"summary_title":"","options_total_label":"Options Price","total_label":"Total Amount","options_product_label":"Product Price","fee_label":"Fee","discount_label":"Discount","has_price":true,"has_quantity_formula":false},"mc_unit":1,"tax_rate":1,"tax_rate_real":1,"discount":{"percentage":0,"fixed":0},"design":{"conf":{"LabelPosition":"above","DescPosition":"above","UploadField":"custom_1","QuantityFieldStyle":"custom_1"},"css":{"LeftLabelWidth":"120px"}},"formulas":[],"lookuptables":[],"clones":false,"cartKey":false}},"_links":{"self":[{"href":"https:\/\/canaryvip.com\/sl\/wp-json\/wp\/v2\/product\/11438","targetHints":{"allow":["GET"]}}],"collection":[{"href":"https:\/\/canaryvip.com\/sl\/wp-json\/wp\/v2\/product"}],"about":[{"href":"https:\/\/canaryvip.com\/sl\/wp-json\/wp\/v2\/types\/product"}],"replies":[{"embeddable":true,"href":"https:\/\/canaryvip.com\/sl\/wp-json\/wp\/v2\/comments?post=11438"}],"wp:featuredmedia":[{"embeddable":true,"href":"https:\/\/canaryvip.com\/sl\/wp-json\/wp\/v2\/media\/11440"}],"wp:attachment":[{"href":"https:\/\/canaryvip.com\/sl\/wp-json\/wp\/v2\/media?parent=11438"}],"wp:term":[{"taxonomy":"product_brand","embeddable":true,"href":"https:\/\/canaryvip.com\/sl\/wp-json\/wp\/v2\/product_brand?post=11438"},{"taxonomy":"product_cat","embeddable":true,"href":"https:\/\/canaryvip.com\/sl\/wp-json\/wp\/v2\/product_cat?post=11438"},{"taxonomy":"product_tag","embeddable":true,"href":"https:\/\/canaryvip.com\/sl\/wp-json\/wp\/v2\/product_tag?post=11438"}],"curies":[{"name":"wp","href":"https:\/\/api.w.org\/{rel}","templated":true}]}}