{"id":11406,"date":"2024-05-07T16:37:07","date_gmt":"2024-05-07T15:37:07","guid":{"rendered":"https:\/\/canaryvip.com\/?post_type=product&#038;p=11406"},"modified":"2025-09-29T11:35:59","modified_gmt":"2025-09-29T10:35:59","slug":"seaduction-luxury-yacht-tenerife","status":"publish","type":"product","link":"https:\/\/canaryvip.com\/sl\/shop\/seaduction-luxury-yacht-tenerife\/","title":{"rendered":"Seaduction Luksuzna jahta Tenerife"},"content":{"rendered":"<h2><strong>\ud83d\udee5\ufe0f Do\u017eivite razko\u0161je s Seaduction Yacht Charter na Tenerifih<\/strong><\/h2>\n<p>Odpravite se na vrhunsko pomorsko potovanje s Seaduction Yacht Tenerife. Ume\u0161\u010den v \u010dudoviti marini <a href=\"https:\/\/www.google.com\/maps\/place\/Puerto+Col%C3%B3n\/@28.078002,-16.7394902,17z\/data=!3m2!4b1!5s0xc6a97433884bdf9:0x76d293b7b99db23a!4m6!3m5!1s0xc6a9743509c9ebf:0xd62345524f768247!8m2!3d28.078002!4d-16.7369153!16s%2Fg%2F11c6cqryw_?entry=tts&amp;g_ep=EgoyMDI0MDUwNS4wKgBIAVAD\" target=\"_blank\" rel=\"noopener\">Puerto Col\u00f3n<\/a>, Seaduction ponuja ekskluziven pobeg od obi\u010dajnih izletov z ladjo. Vsako potovanje je zasebna \u010darterska ladja, kar zagotavlja, da je va\u0161a izku\u0161nja edinstvena in intimna.<\/p>\n<h3>\u2b50\ufe0f <strong>Zakaj Seaduction Yacht izstopa na Tenerifih<\/strong><\/h3>\n<p><span style=\"text-decoration: underline;\"><strong>Klju\u010dni razlogi za izbiro Seaduction:<\/strong><\/span><\/p>\n<p><strong>Ekskluzivni zasebni izleti:<\/strong> Za razliko od obi\u010dajnih izletov Seaduction na vsakem potovanju poskrbi za osebni pristop, s \u010dimer ustvari prilagojeno izku\u0161njo, ki ustreza va\u0161im \u017eeljam ter zagotavlja zasebnost in ekskluzivnost.<\/p>\n<p><strong>Razko\u0161no udobje:<\/strong> Sprostite se na razli\u010dnih prijetnih mestih na jahti, bodisi da se nau\u017eijete sonca na prostorni son\u010dni palubi ali u\u017eivate v osve\u017eilni pija\u010di v udobno zasen\u010denem salonu.<\/p>\n<p><strong>Vklju\u010dene so zabavne dejavnosti:<\/strong> Svojo pustolov\u0161\u010dino si lahko popestrite s \u0161tevilnimi razburljivimi dejavnostmi. Seaduction ni le jadranje, temve\u010d tudi sodelovanje z morjem na vznemirljive in prijetne na\u010dine.<\/p>\n<ul>\n<li><strong>\ud83c\udfca Podvodni skuterji Seabob:<\/strong> Z morskimi bobi se sprehodite po kristalno \u010distih vodah otoka Tenerife. To je edinstven na\u010din raziskovanja pod morskimi valovi, ki je kot nala\u0161\u010d za iskalce pustolov\u0161\u010din, ki \u017eelijo svoje morsko do\u017eivetje popestriti s kan\u010dkom vznemirjenja.<\/li>\n<li><strong>\ud83c\udfc4\u200d\u2640\ufe0f Deske za veslanje:<\/strong> Veslanje z vesli je zabaven in spro\u0161\u010dujo\u010d na\u010din za u\u017eivanje v oceanu, hkrati pa se lahko tudi malo razgibate. Ne glede na to, ali ste za\u010detnik ali izku\u0161en vesla\u010d, bo to za vas prijeten del \u010darterja va\u0161e jahte.<\/li>\n<li><strong>\ud83e\udd29 Zabavni napihljivi izdelki:<\/strong> Na\u0161 izbor napihljivih igral zagotavlja neskon\u010dno zabavo za vse starosti. So hit vsakega \u010darterja in so kot nala\u0161\u010d za dru\u017einsko zabavo ali samo hlajenje na vodi.<\/li>\n<li><strong>\ud83e\udd3f Oprema za potapljanje:<\/strong> Odkrijte \u017eivahen podvodni svet Tenerifov z na\u0161o opremo za potapljanje. Vode okoli otoka so polne morskega \u017eivljenja in vam ponujajo vpogled v o\u010darljiv podvodni ekosistem.<\/li>\n<li><strong>\ud83c\udfa3 Ribolovne palice:<\/strong> Preizkusite se v ribolovu z na\u0161imi opremljenimi ribi\u0161kimi palicami. Ne glede na to, ali ste za\u010detnik ali izku\u0161en ribi\u010d, je ribolov s krova plovila Seaduction lahko miren in koristen na\u010din pre\u017eivljanja \u010dasa.<\/li>\n<li><strong>\ud83d\udd0a Predvajajte glasbo:<\/strong> Prek na\u0161ega zvo\u010dnega sistema s povezavo Bluetooth pove\u017eite svoj seznam predvajanja in poskrbite za glasbo svoje morske pustolov\u0161\u010dine. Naj bodo to spro\u0161\u010dujo\u010de melodije ali \u017eivahen ritem, glasba bo izbolj\u0161ala vzdu\u0161je med plovbo.<\/li>\n<\/ul>\n<p>Seaduction Yacht Tenerife zagotavlja izjemno izku\u0161njo \u010darterja z razko\u0161no opremo in naborom zanimivih dejavnosti. Vsak vidik va\u0161ega potovanja je zasnovan tako, da zagotavlja sprostitev in zabavo ter nepozabno pustolov\u0161\u010dino na Tenerifih.<\/p>\n<h4>\ud83d\udea4 <strong>Mo\u017enosti zakupa \u010dolna Seaduction<\/strong><\/h4>\n<p>Seaduction Yacht ponuja razli\u010dne dol\u017eine \u010darterja, ki so oblikovane tako, da zadovoljijo razli\u010dne \u017eelje in \u010dasovne okvire:<\/p>\n<ul>\n<li><strong>3-urni obalni raziskovalec:<\/strong> Odli\u010den uvod v ju\u017eno obalo Tenerifov. Plavajte v mirnih zalivih in u\u017eivajte v na\u0161i ponudbi pija\u010d in prigrizkov. Idealno za tiste, ki i\u0161\u010dejo hiter, a osve\u017eujo\u010d morski pobeg.<\/li>\n<li><strong>4-urni morski safari:<\/strong> Odpravite se \u0161e dlje in opazujte delfine in kite. Sprostite se ali zaplavajte v \u010dudovitih zalivih in si privo\u0161\u010dite sve\u017ee pripravljene morske sade\u017ee in pi\u0161\u010dan\u010djo paello. Ta \u010darter s srednjim trajanjem je kot nala\u0161\u010d za ljubitelje narave in morskih \u017eivali.<\/li>\n<li><strong>6-urna velika tura:<\/strong> Spoznajte osupljive pe\u010dine Los Gigantes in osamljeni zaliv Masca. Osve\u017eite se v kristalno \u010disti vodi s panoramskim razgledom na bli\u017enji otok La Gomera. Potopite se globlje v naravne lepote Tenerifov s podalj\u0161anim \u010dasom za raziskovanje in sprostitev.<\/li>\n<li><strong>8-urna celodnevna pustolov\u0161\u010dina:<\/strong> Potopite se v vrhunsko izku\u0161njo jadranja s celodnevnim do\u017eivetjem na krovu plovila Seaduction. Ta obse\u017ena \u010darterska pogodba vam omogo\u010da, da v celoti razi\u0161\u010dete raznolike obalne pokrajine in bogato morsko okolje Tenerifov. U\u017eivajte v dalj\u0161ih postankih za potapljanje, veslanje in morda celo praznovanje son\u010dnega zahoda. Z ve\u010d \u010dasa na krovu si lahko privo\u0161\u010dite \u0161ir\u0161o paleto na\u0161e gurmanske ponudbe, kar vam zagotavlja dan razko\u0161ne sprostitve in pustolov\u0161\u010dine.<\/li>\n<\/ul>\n<p>Vsaka mo\u017enost je zasnovana tako, da zagotavlja edinstveno in nepozabno izku\u0161njo ter vam omogo\u010da, da izberete popolno trajanje svoje pomorske pustolov\u0161\u010dine na Tenerifih. Ne glede na to, ali si \u017eelite kratek uvod v oto\u0161ke vode ali celodnevno potovanje, vam Seaduction Yacht ponuja prilagodljivost in razko\u0161je, da bo va\u0161 \u010das na morju nepozaben.<\/p>\n<h3>\u2705 <strong>Celovita oprema za popoln dan na morju<\/strong><\/h3>\n<p>Seaduction ni le lokacija, temve\u010d celotna razko\u0161na izku\u0161nja:<\/p>\n<ul>\n<li>U\u017eivajte v neomejenem dostopu do razli\u010dnih pija\u010d, vklju\u010dno z brezalkoholnimi pija\u010dami, pivom, vinom in cavo.<\/li>\n<li>Glede na trajanje potovanja si lahko privo\u0161\u010dite razli\u010dne gurmanske prigrizke ali polni obrok.<\/li>\n<li>Na\u0161 najsodobnej\u0161i zvo\u010dni sistem podpira Bluetooth, zato lahko med plovbo u\u017eivate v najljub\u0161ih seznamih predvajanja.<\/li>\n<li>Na sprednji strani jahte so prostori za son\u010denje, na mosti\u010dku pa udobni sede\u017ei.<\/li>\n<li>Izku\u0161ena in ve\u010djezi\u010dna posadka poskrbi za va\u0161o varnost in udobje med potovanjem.<\/li>\n<\/ul>\n<h3>\ud83d\udccd <strong>Odhod iz Puerto Col\u00f3n<\/strong><\/h3>\n<p>Svojo morsko pustolov\u0161\u010dino lahko za\u010dnete v sredi\u0161\u010du mesta Costa Adeje, saj imate v pristani\u0161\u010du na voljo enostaven dostop in priro\u010dno parkiri\u0161\u010de. Za nemoten za\u010detek priporo\u010damo, da pridete 15 minut pred predvidenim odhodom.<\/p>\n<h4>\ud83d\udcdc <strong>\ud83d\udcdc Brezhibna rezervacija in pregledna politika odpovedi<\/strong><\/h4>\n<p>Rezervacija do\u017eivetja Seaduction je preprosta, na\u0161a jasna politika odpovedi pa zagotavlja miren spanec:<\/p>\n<ul>\n<li><strong>Vremensko jamstvo:<\/strong> Pozorno spremljamo vremenske razmere. V primeru odpovedi zaradi nevarnega vremena lahko prestavite potovanje na drug termin ali pa zahtevate vra\u010dilo celotne kupnine, kar zagotavlja va\u0161o varnost in zadovoljstvo.<\/li>\n<li><strong>Prilagodljiva odpoved:<\/strong> Na\u010drti se spreminjajo in to razumemo. Do 4 dni pred potovanjem lahko brezpla\u010dno prekli\u010dete ali spremenite termin potovanja. \u010ce se odpoved zgodi v 4 dneh pred na\u010drtovanim odhodom, se vlo\u017eek ne povrne.<\/li>\n<\/ul>\n<p><strong>Rezervirajte svoje mesto na ladji Seaduction \u0161e danes prek CanaryVIP in odplujte na dan, poln razko\u0161ja, udobja in nepozabnih morskih dogodiv\u0161\u010din.<\/strong><\/p>\n<h3>\ud83d\udd52 <strong>Na voljo so mo\u017enosti podalj\u0161anega bivanja in preno\u010devanja<\/strong><\/h3>\n<p>Za tiste, ki si \u017eelijo dalj\u0161e pustolov\u0161\u010dine ali posebne prilo\u017enosti, je Seaduction na voljo za ve\u010d kot le enodnevne izlete:<\/p>\n<ul>\n<li>Pre\u017eivite no\u010d ali ve\u010d na krovu in spremenite svoj \u010darter v ve\u010ddnevno luksuzno do\u017eivetje.<\/li>\n<li>Pogovorite se z nami o potovanjih po meri in posebnih zahtevah - na\u0161 cilj je uresni\u010diti va\u0161e pomorske sanje.<\/li>\n<\/ul>\n<h3>\ud83d\udc68\u200d\u2708\ufe0f <strong>Pripravljen za vkrcanje: Kontrolni seznam pred potovanjem<\/strong><\/h3>\n<p>Pred vkrcanjem se prepri\u010dajte, da:<\/p>\n<ul>\n<li>Pripravite si vozovnico CanaryVIP v telefonu ali natisnjeno.<\/li>\n<li>Vzemite s seboj kopalke, brisa\u010do in kremo za son\u010denje, da boste lahko varno u\u017eivali na soncu.<\/li>\n<li>Za prepre\u010devanje morske bolezni pojejte nekaj lahkega in pred potovanjem omejite u\u017eivanje alkohola.<\/li>\n<li>Izberite idealno mesto na palubi, ne glede na to, ali se \u017eelite kopati na soncu ali se sprostiti v senci.<\/li>\n<\/ul>\n<p>Rezervirajte svojo pustolov\u0161\u010dino \u0161e danes in povzdignite svoje po\u010ditnice v nepozabno do\u017eivetje s tem <a href=\"https:\/\/canaryvip.com\/sl\/tenerife\/boat-hire-tenerife\/?swcfpc=1\">ekskluzivni najem \u010dolnov na Tenerifih<\/a>.<\/p>","protected":false},"excerpt":{"rendered":"<p>\ud83d\udd0d\u00a0<strong>Podrobnosti o sezuvanju:<\/strong><br \/>\n\u2705 Varno pla\u010dilo.<br \/>\n\ud83d\udd10 Zasebni izleti.<br \/>\n\ud83d\udee5\ufe0f 14 meter Yacht.<br \/>\n\u23f3 Dnevni izleti od 3 do 8 ur.<br \/>\n\ud83d\udd59 Prilagodljivi \u010dasi odhoda.<br \/>\n\ud83c\udf74 Vklju\u010dena je prehrana in pija\u010da.<br \/>\n\ud83d\udc65 Do 12 gostov.<br \/>\n\ud83c\udfca Podvodni skuterji.<br \/>\n\ud83c\udfc4\u200d\u2640\ufe0f Vklju\u010dena so vesla.<br \/>\n\ud83e\udd29 Zabavni napihljivi izdelki.<br \/>\n\ud83e\udd3f Oprema za potapljanje.<br \/>\n\ud83c\udfa3 Ribolovne palice.<br \/>\n\ud83d\udd0a Predvajajte glasbo.<br \/>\n\ud83e\udd11 Zagotovljena najbolj\u0161a cena.<br \/>\n\ud83d\udc6a Aktivirani popusti.<br \/>\n\ud83d\udd01 Do 4 dni odpovedi.<br \/>\n\ud83c\udf0d Ve\u010djezi\u010dna posadka.<br \/>\n\ud83c\udf1f Rezervirajte zgodaj in prihranite!<br \/>\n\ud83d\udccd Odhod iz\u00a0<a href=\"https:\/\/www.google.com\/maps\/place\/Puerto+Col%C3%B3n\/@28.078002,-16.7394902,17z\/data=!3m2!4b1!5s0xc6a97433884bdf9:0x76d293b7b99db23a!4m6!3m5!1s0xc6a9743509c9ebf:0xd62345524f768247!8m2!3d28.078002!4d-16.7369153!16s%2Fg%2F11c6cqryw_?entry=tts&amp;g_ep=EgoyMDI0MDUwNS4wKgBIAVAD\">Puerto Col\u00f3n<\/a>.<\/p>","protected":false},"featured_media":11413,"comment_status":"open","ping_status":"closed","template":"","meta":{"_acf_changed":false},"product_brand":[],"product_cat":[47],"product_tag":[],"class_list":{"0":"post-11406","1":"product","2":"type-product","3":"status-publish","4":"has-post-thumbnail","6":"product_cat-boat-hire-tenerife","7":"wcpa_has_options","9":"first","10":"instock","11":"sale","12":"virtual","13":"purchasable","14":"product-type-simple"},"acf":[],"wcpa_form_fields":{"wcpaData":{"product":{"product_price":855.6,"price_html":"From&nbsp;<del aria-hidden=\"true\"><span class=\"woocommerce-Price-amount amount\"><bdi>930,00&nbsp;<span class=\"woocommerce-Price-currencySymbol\">&euro;<\/span><\/bdi><\/span><\/del> <span class=\"screen-reader-text\">Prvotna cena je bila: 930,00&nbsp;&euro;.<\/span><ins aria-hidden=\"true\"><span class=\"woocommerce-Price-amount amount\"><bdi>855,60&nbsp;<span class=\"woocommerce-Price-currencySymbol\">&euro;<\/span><\/bdi><\/span><\/ins><span class=\"screen-reader-text\">Trenutna cena je: 855,60&nbsp;&euro;.<\/span>","original_product_price":930,"price_including_tax":855.6,"price_excluding_tax":855.6,"product_id":{"parent":11406,"variation":false},"is_variable":false,"stock_status":"instock","stock_quantity":null,"parent_sku":"CV11406","product_attributes":[],"custom_fields":[],"is_taxable":false,"product_name":"Seaduction Luxury Yacht Tenerife","hasImage":false},"fields":{"sec_2663a48fe62c13":{"extra":{"key":"sec_2663a48fe62c13","section_id":"sec_2663a48fe62c13","name":"Default","status":1,"cl_rule":"show","enableCl":false,"relations":[],"toggle":true,"title_tag":"h3","show_title":false,"showPrice":"default","form_id":11407,"form_rules":{"exclude_from_discount":true,"fee_label":"Fee","disp_hide_options_price":true,"disp_show_section_price":false,"disp_show_field_price":true,"layout_option":"standard","pric_use_as_fee":false,"process_fee_as":"woo_fee"},"layout_option":"standard"},"fields":[[{"active":true,"col":6,"relations":false,"cl_rule":"show","enableCl":false,"price":"","enablePrice":false,"className":"oferta-especial","label_position":"default","desc_position":"default","type":"content","required":false,"elementId":"content_0215801483","label":"","name":"content_0215801483","contentType":"rich","value":"<p><strong>\u26a1\ufe0f Exclusive Offer Applied! Available for a limited time only! \u26a1\ufe0f<\/strong><\/p>","isTemplate":false,"error":false,"gt_translate_keys":["label","value"],"price_dependency":false,"cl_dependency":false}],[{"label":"\ud83d\udcc5 Date","active":true,"required":true,"elementId":"date_0663a48fe62c36","picker_type":"custom","picker_mode":"single","placeholder":"","description":"","tooltip":"","name":"date_0663a48fe62c36","label_position":"default","desc_position":"default","enablePrice":false,"className":"","enableCl":false,"relations":[{"operator":"and","rules":[{"operator":"AND","rules":{"cl_field":"radio-group_565c78ffa81208","cl_relation":"is","cl_val":"3 Hour Trip"}}]}],"date_pic_inline":true,"date_pic_inline_hide":true,"min_date":{"type":"days","val":"2"},"max_date":{"type":"days","val":"365"},"date_pic_conf":{"disabledWeeks":[]},"price":"","cl_rule":"show","col":6,"type":"date","error":false,"enableDesign":false,"LabelColor":"","date_conf_custom":{"minDate":"let d = new Date();\nif (d.getHours() >= 18) {\n  d.setDate(d.getDate() + 2);\n} else {\n  d.setDate(d.getDate() + 1);\n}\nreturn d;"},"isWeightTemplate":false,"isTemplate":false,"min_quantity":"1","quantity_decimal":false,"quantity_step":"1","quantity_label":"Quantity","repeater_field_label":"{field_label}","repeater_bind":"","gt_translate_keys":["label","placeholder","description","tooltip","repeater_field_label","quantity_label"],"price_dependency":false,"cl_dependency":false,"value":""}],[{"contentType":"rich","active":true,"label":"","elementId":"content_5663a48fe62c45","value":"<p>\ud83c\udf9f\ufe0f <strong>Reservation<\/strong>: Pay only a deposit now to reserve; the rest is due on the day of the activity upon arrival.<\/p>","inline":false,"name":"content_5663a48fe62c45","enablePrice":false,"className":"","subtype":"p","enableCl":false,"relations":false,"price":"","cl_rule":"show","col":6,"type":"content","error":false,"pricingType":"custom","isTemplate":false,"is_show_price":true,"show_in_checkout":true,"gt_translate_keys":["label","value"],"price_dependency":false,"cl_dependency":false}],[{"elementId":"separator_7663a48fe62c51","separatorType":"blank","className":"","height":"3","enableCl":false,"relations":false,"cl_rule":"show","col":6,"type":"separator","error":false,"gt_translate_keys":[],"price_dependency":false,"cl_dependency":false,"value":""}],[{"active":true,"col":6,"relations":false,"cl_rule":"show","enableCl":false,"price":"","enablePrice":true,"className":"","label_position":"default","desc_position":"default","type":"select","required":true,"elementId":"select_8663a48fe62c5c","label":"\u23f3 Trip Duration","name":"select_8663a48fe62c5c","values":[{"label":"3 Hours (930\u20ac | DISCOUNT NOW 855,60\u20ac)","value":"3","selected":false,"tempId":"aco_556","price":"930","gt_translate_keys":["label"]},{"label":"4 Hours (1.150\u20ac |\u00a0DISCOUNT NOW 1.058\u20ac)","value":"4","selected":false,"tempId":"aco_640","price":"1150","gt_translate_keys":["label"]},{"label":"6 Hours (1.550\u20ac | DISCOUNT NOW 1.426\u20ac)","value":"6","selected":false,"tempId":"aco_660","price":"1550","gt_translate_keys":["label"]},{"label":"8 Hours (1.850\u20ac | DISCOUNT NOW 1.702\u20ac)","value":"8","selected":false,"tempId":"aco_19","price":"1850","gt_translate_keys":["label"]}],"dropdown_type":"basic","error":false,"placeholder":"Select Trip Duration","priceOptions":"different_for_all","pricingType":"fixed","is_show_price":true,"isWeightTemplate":false,"isTemplate":false,"min_quantity":"1","quantity_decimal":false,"quantity_step":"1","quantity_label":"Quantity","repeater_field_label":"{field_label}","repeater_bind":"","gt_translate_keys":["label","placeholder","repeater_field_label","quantity_label"],"price_dependency":["content_6663a48fe62c7b","content_3663a48fe62c85"],"cl_dependency":false,"value":""}],[{"label":"\u2705 Number of People","active":true,"required":true,"elementId":"select_4663a48fe62c66","dropdown_type":"basic","placeholder":"Select Number of People","name":"select_4663a48fe62c66","label_position":"default","desc_position":"default","enablePrice":false,"className":"","enableCl":false,"relations":[{"operator":false,"rules":[{"operator":"AND","rules":{"cl_field":"radio-group_565c78ffa81208","cl_relation":"is","cl_val":"3 Hour Trip"}}]}],"values":[{"label":"1 person","value":"1","selected":false,"tempId":"aco_1471","price":"0","gt_translate_keys":["label"]},{"label":"2 people","value":"2","selected":false,"tempId":"aco_1472","price":"0","gt_translate_keys":["label"]},{"label":"3 people","value":"3","selected":false,"tempId":"aco_1500","price":"0","gt_translate_keys":["label"]},{"label":"4 people","value":"4","selected":false,"tempId":"aco_1510","price":"0","gt_translate_keys":["label"]},{"label":"5 people","value":"5","selected":false,"tempId":"aco_1520","price":"0","gt_translate_keys":["label"]},{"label":"6 people","value":"6","selected":false,"tempId":"aco_1728","price":"0","gt_translate_keys":["label"]},{"label":"7 people","value":"7","selected":false,"tempId":"aco_1738","price":"20","gt_translate_keys":["label"]},{"label":"8 people","value":"8","selected":false,"tempId":"aco_1748","price":"40","gt_translate_keys":["label"]},{"label":"9 people","value":"9","selected":false,"tempId":"aco_1912","price":"60","gt_translate_keys":["label"]},{"label":"10 people","value":"10","selected":false,"tempId":"aco_1922","price":"80","gt_translate_keys":["label"]},{"label":"11 people","value":"11","selected":false,"tempId":"aco_705","price":"100","gt_translate_keys":["label"]},{"label":"12 People","value":"12","selected":false,"tempId":"aco_85","gt_translate_keys":["label"]}],"price":"","cl_rule":"show","col":6,"type":"select","error":false,"priceOptions":"different_for_all","pricingType":"fixed","is_show_price":true,"isWeightTemplate":false,"isTemplate":false,"min_quantity":"1","quantity_decimal":false,"quantity_step":"1","quantity_label":"Quantity","repeater_field_label":"{field_label}","repeater_bind":"","gt_translate_keys":["label","placeholder","repeater_field_label","quantity_label"],"price_dependency":false,"cl_dependency":false,"value":""}],[{"elementId":"separator_7663a48fe62c71","separatorType":"fill","className":"","height":"6","enableCl":false,"relations":false,"cl_rule":"show","col":6,"type":"separator","error":false,"separatorColor":"#66a6b6","gt_translate_keys":[],"price_dependency":false,"cl_dependency":false,"value":""}],[{"active":true,"col":6,"relations":false,"cl_rule":"show","enableCl":false,"price":"({field.select_8663a48fe62c5c.price})*0.20","enablePrice":true,"className":"","label_position":"default","desc_position":"default","type":"content","required":false,"elementId":"content_6663a48fe62c7b","label":"Deposit Payment","name":"content_6663a48fe62c7b","contentType":"plain","value":"","error":false,"pricingType":"custom","isTemplate":false,"is_show_price":false,"enableDesign":true,"scrollBar":false,"use_as_fee":false,"fee_label":"Payment Now","inline":true,"show_in_checkout":true,"subtype":"div","formulaId":"fmla_1708364241278155361","LabelSize":"14px","gt_translate_keys":["label","value"],"price_dependency":["content_8663a48fe62c8f"],"cl_dependency":false}],[{"contentType":"plain","active":true,"label":"Payment at Arrival","elementId":"content_3663a48fe62c85","value":"","inline":true,"show_in_checkout":true,"name":"content_3663a48fe62c85","enablePrice":true,"className":"","fee_label":"Payment at Arrival","subtype":"div","enableCl":false,"relations":false,"scrollBar":false,"enableDesign":true,"pricingType":"custom","isTemplate":false,"price":"(({field.select_8663a48fe62c5c.price})*0.80)*0.90","use_as_fee":false,"is_show_price":true,"cl_rule":"show","col":6,"type":"content","error":false,"formulaId":"fmla_1708360988969136756","LabelSize":"14px","gt_translate_keys":["label","value"],"price_dependency":["content_8663a48fe62c8f"],"cl_dependency":false}],[{"contentType":"plain","active":true,"label":"Total Price","elementId":"content_8663a48fe62c8f","value":"","inline":true,"show_in_checkout":true,"name":"content_8663a48fe62c8f","enablePrice":true,"className":"","fee_label":"Payment at Arrival","subtype":"div","enableCl":false,"relations":false,"scrollBar":false,"enableDesign":true,"LabelSize":"14px","pricingType":"custom","isTemplate":false,"price":"({field.content_6663a48fe62c7b.price}) + ({field.content_3663a48fe62c85.price})","formulaId":"fmla_1708360988969136756","use_as_fee":false,"is_show_price":true,"cl_rule":"show","col":6,"type":"content","error":false,"gt_translate_keys":["label","value"],"price_dependency":false,"cl_dependency":false}],[{"elementId":"separator_0663a48fe62c99","separatorType":"blank","className":"","height":"3","enableCl":false,"relations":false,"cl_rule":"show","col":6,"type":"separator","error":false,"gt_translate_keys":[],"price_dependency":false,"cl_dependency":false,"value":""}],[{"active":true,"col":6,"relations":[{"operator":false,"rules":[{"operator":"AND","rules":{"cl_field":"radio-group_565c78ffa81208","cl_relation":"is","cl_val":"3 Hour Trip"}}]}],"cl_rule":"show","enableCl":false,"price":"","enablePrice":false,"className":"","label_position":"default","desc_position":"default","type":"select","required":false,"elementId":"select_8663a48fe62ca3","label":"\u23f0 Departure","name":"select_8663a48fe62ca3","values":[{"label":"09:00","value":"09:00","selected":false,"tempId":"aco_1471","gt_translate_keys":["label"]},{"label":"10:00","value":"10:00","selected":false,"tempId":"aco_1472","gt_translate_keys":["label"]},{"label":"11:00","value":"11:00","selected":false,"tempId":"aco_1500","gt_translate_keys":["label"]},{"label":"12:00","value":"12:00","selected":false,"tempId":"aco_1510","gt_translate_keys":["label"]},{"label":"13:30 (1:30 PM)","value":"13:30","selected":false,"tempId":"aco_1520","gt_translate_keys":["label"]},{"label":"14:00 (2:00 PM)","value":"14:00","selected":false,"tempId":"aco_1728","gt_translate_keys":["label"]},{"label":"15:00 (3:00 PM)","value":"15:00","selected":false,"tempId":"aco_1738","gt_translate_keys":["label"]}],"dropdown_type":"basic","error":false,"placeholder":"Whichever Time is Best","isWeightTemplate":false,"isTemplate":false,"min_quantity":"1","quantity_decimal":false,"quantity_step":"1","quantity_label":"Quantity","repeater_field_label":"{field_label}","repeater_bind":"","gt_translate_keys":["label","placeholder","repeater_field_label","quantity_label"],"price_dependency":false,"cl_dependency":false,"value":""}],[{"elementId":"separator_4663a48fe62cad","separatorType":"blank","className":"","height":"1","enableCl":false,"relations":false,"cl_rule":"show","col":6,"type":"separator","error":false,"gt_translate_keys":[],"price_dependency":false,"cl_dependency":false,"value":""}]]}},"config":{"price_override":"always","enable_recaptcha":false,"bind_quantity":false,"quantity_bind_formula":false,"disp_summ_show_option_price":true,"disp_summ_show_product_price":false,"disp_summ_show_total_price":false,"disp_summ_show_fee":true,"disp_summ_show_discount":true,"summary_title":"","options_total_label":"Options Price","total_label":"Deposit Amount","options_product_label":"Product Price","fee_label":"Fee","discount_label":"Discount","has_price":true,"has_quantity_formula":false},"mc_unit":1,"tax_rate":1,"tax_rate_real":1,"discount":{"percentage":0,"fixed":0},"design":{"conf":{"LabelPosition":"above","DescPosition":"above","UploadField":"custom_1","QuantityFieldStyle":"custom_1"},"css":{"LeftLabelWidth":"120px"}},"formulas":{"fmla_1708360988969136756":"(({field.select_2663a0ecdc488f.value}>=5)?(640):(({field.select_2663a0ecdc488f.value}>=4)?(520):(({field.select_2663a0ecdc488f.value}>=3)?(440):(0))))","fmla_1708364241278155361":"(({field.select_5841412719.value}>=8)?({field.select_5841412719.price}):(({field.select_5841412719.value}>=5)?({field.select_5841412719.price}):(({field.select_5841412719.value}>=3)?({field.select_5841412719.price}):(0))))"},"lookuptables":[],"clones":false,"cartKey":false}},"_links":{"self":[{"href":"https:\/\/canaryvip.com\/sl\/wp-json\/wp\/v2\/product\/11406","targetHints":{"allow":["GET"]}}],"collection":[{"href":"https:\/\/canaryvip.com\/sl\/wp-json\/wp\/v2\/product"}],"about":[{"href":"https:\/\/canaryvip.com\/sl\/wp-json\/wp\/v2\/types\/product"}],"replies":[{"embeddable":true,"href":"https:\/\/canaryvip.com\/sl\/wp-json\/wp\/v2\/comments?post=11406"}],"wp:featuredmedia":[{"embeddable":true,"href":"https:\/\/canaryvip.com\/sl\/wp-json\/wp\/v2\/media\/11413"}],"wp:attachment":[{"href":"https:\/\/canaryvip.com\/sl\/wp-json\/wp\/v2\/media?parent=11406"}],"wp:term":[{"taxonomy":"product_brand","embeddable":true,"href":"https:\/\/canaryvip.com\/sl\/wp-json\/wp\/v2\/product_brand?post=11406"},{"taxonomy":"product_cat","embeddable":true,"href":"https:\/\/canaryvip.com\/sl\/wp-json\/wp\/v2\/product_cat?post=11406"},{"taxonomy":"product_tag","embeddable":true,"href":"https:\/\/canaryvip.com\/sl\/wp-json\/wp\/v2\/product_tag?post=11406"}],"curies":[{"name":"wp","href":"https:\/\/api.w.org\/{rel}","templated":true}]}}