{"id":11400,"date":"2024-05-07T12:18:46","date_gmt":"2024-05-07T11:18:46","guid":{"rendered":"https:\/\/canaryvip.com\/?post_type=product&#038;p=11400"},"modified":"2025-08-09T12:37:17","modified_gmt":"2025-08-09T11:37:17","slug":"white-heaven-tenerife","status":"publish","type":"product","link":"https:\/\/canaryvip.com\/sl\/shop\/white-heaven-tenerife\/","title":{"rendered":"Ladja White Heaven Tenerife"},"content":{"rendered":"<h2><strong>\ud83d\udee5\ufe0f White Heaven Rent a Boat in Tenerife<\/strong><\/h2>\n<p>Do\u017eivite eleganco in vznemirjenje v vodah Tenerifov z na\u0161o \u010dartersko ladjo White Heaven, ki izstopa med na\u0161imi luksuznimi najemi motornih \u010dolnov, ki so na voljo od <a href=\"https:\/\/www.google.com\/maps\/place\/Puerto+Col%C3%B3n\/@28.078002,-16.7394902,17z\/data=!3m2!4b1!5s0xc6a97433884bdf9:0x76d293b7b99db23a!4m6!3m5!1s0xc6a9743509c9ebf:0xd62345524f768247!8m2!3d28.078002!4d-16.7369153!16s%2Fg%2F11c6cqryw_?entry=tts&amp;g_ep=EgoyMDI0MDUwNS4wKgBIAVAD\" target=\"_blank\" rel=\"noopener\">Puerto Col\u00f3n<\/a>. White Heaven je zasnovan tako, da zagotavlja popolno kombinacijo hitrosti, udobja in nepozabnih trenutkov na vodi, zato je idealna izbira za vse, ki \u017eelijo <a href=\"https:\/\/canaryvip.com\/sl\/tenerife\/boat-hire-tenerife\/?swcfpc=1\">najem \u010dolna na Tenerifih<\/a>.<\/p>\n<h3>\u2b50\ufe0f <strong>Razko\u0161je in vznemirjenje na krovu White Heaven<\/strong><\/h3>\n<p><span style=\"text-decoration: underline;\"><strong>Klju\u010dne zna\u010dilnosti Belih nebes:<\/strong><\/span><\/p>\n<ul>\n<li>Poganja ga mo\u010dan motor s 700 KM za hitro in u\u010dinkovito kri\u017earjenje.<\/li>\n<li>Razko\u0161no udobno sedenje in sen\u010dni prostor za u\u017eivanje v morskem vetri\u010du brez neposredne son\u010dne svetlobe.<\/li>\n<li>Okusni gurmanski prigrizki in izbor hladnih pija\u010d za osve\u017eitev.<\/li>\n<li>Izku\u0161eni kapitan in posadka poskrbita za varno in prijetno izku\u0161njo za vse.<\/li>\n<\/ul>\n<h4>\ud83d\udea4 <strong>Za\u010dnite svojo pomorsko pustolov\u0161\u010dino<\/strong><\/h4>\n<p>Odpravite se na pot iz Puerto Col\u00f3n v Costa Adeje, kjer vas \u010daka eleganten najem \u010dolna White Heaven na Tenerifih. Ta \u010darter je zasnovan za intimne skupine, zato je \u0161tevilo gostov omejeno na 11, kar zagotavlja osebno in ekskluzivno izku\u0161njo v \u010dudovitih vodah Tenerifov. Zaradi tega je to najbolj\u0161a izbira za tiste, ki \u017eelijo najeti \u010doln na Tenerifih.<\/p>\n<h4>\ud83c\udf0a <strong>Odkrijte lepoto voda na Tenerifih<\/strong><\/h4>\n<p>Ko se boste vkrcali, boste ugotovili, da o\u010darljivo modro morje Tenerifov ponuja ve\u010d kot le razgled - je igri\u0161\u010de za pustolovce in iskalce sprostitve. Ne glede na to, ali se son\u010dite na prostorni palubi ali i\u0161\u010dete udobje v sen\u010dnih prostorih, je vsak trenutek na krovu White Heaven zasnovan tako, da navdu\u0161uje in navdihuje.<\/p>\n<h4>\ud83d\udc2c <strong>Kombinacija elegance in vrednosti<\/strong><\/h4>\n<p>V podjetju CanaryVIP izbolj\u0161ujemo va\u0161o izku\u0161njo najema \u010dolna na Tenerifih z zdru\u017eevanjem razko\u0161nega udobja z izjemno vrednostjo. Razi\u0161\u010dite slikovite obale Tenerifov na krovu \u010dolna White Heaven, kjer je vsaka podrobnost, od varnosti do zabave, skrbno urejena, da vam zagotovimo nepozaben izlet z ladjo na Tenerifih.<\/p>\n<h3>\ud83d\udd52 <strong>Izberite \u017eeleno trajanje potovanja<\/strong><\/h3>\n<ul>\n<li><strong>3-urni ogled obalnega zaklada<\/strong>: Odplujte na triurni izlet z luksuzno jahto vzdol\u017e ju\u017ene obale Tenerifov. Potopite se v kristalno \u010diste vode in se potapljajte ali pa se sprostite in u\u017eivajte v panoramskih razgledih. Ta kratek \u010darter vklju\u010duje prigrizke, pija\u010do in vso potrebno opremo za potapljanje, ponuja pa \u010dudovit pogled v raj, ki je kot nala\u0161\u010d za hiter izlet z ladjo na Tenerifih.<\/li>\n<li><strong>4-urni izlet na ju\u017eno obalo<\/strong>: Potopite se v razko\u0161je in pustolov\u0161\u010dino na na\u0161em \u0161tiriurnem potovanju z jahto. Razi\u0161\u010dite \u010dudovito ju\u017eno obalo, u\u017eivajte v potapljanju v globinah oceana in si oglejte osupljive razglede z edinstvene perspektive. Ta \u010darter vklju\u010duje vse obroke, pija\u010do in opremo za potapljanje, kar je kot nala\u0161\u010d za tiste, ki \u017eelijo svoj oddih nadgraditi.<\/li>\n<li><strong>5-urno raziskovalno potovanje<\/strong>: Podajte se na resni\u010dno epsko pustolov\u0161\u010dino z na\u0161im peturnim izletom z jahto. Potujte ob slikoviti ju\u017eni obali Tenerifov, sodelujte pri vznemirljivem potapljanju in do\u017eivite veli\u010dastni ocean v vsej njegovi veli\u010dini. Ta celovita \u010darterska ponudba vklju\u010duje all inclusive obroke, pija\u010do in opremo za potapljanje, zato je idealna za nepozaben dan v vodah Tenerifov.<\/li>\n<\/ul>\n<p>Vsaka mo\u017enost izleta je zasnovana za najve\u010d \u0161est oseb, z mo\u017enostjo dodatnega pla\u010dila 20 EUR na osebo, vendar najve\u010d za enajst oseb. Ta prilagodljivost zagotavlja, da bo va\u0161a izku\u0161nja udobna, razko\u0161na in nepozabna, ne glede na to, ali si \u017eelite kratkega pobega ali dalj\u0161ega raziskovanja.<\/p>\n<h3>\u2705 <strong>Vse, kar potrebujete za popoln dan na morju<\/strong><\/h3>\n<ul>\n<li>U\u017eivajte v neomejenih gurmanskih prigrizkih in pija\u010dah, ki ustrezajo vsem \u017eeljam in prehranskim potrebam.<\/li>\n<li>Ve\u010djezi\u010dna in izku\u0161ena posadka je pripravljena ustre\u010di va\u0161im potrebam ter poskrbeti za nemoteno in varno potovanje.<\/li>\n<\/ul>\n<h3>\ud83d\udccd <strong>Izplutje iz Puerto Col\u00f3n<\/strong><\/h3>\n<p>Va\u0161a avantura z ladjo na Tenerifih se za\u010dne v osr\u010dju Costa Adeje, saj White Heaven odpluje iz Puerto Col\u00f3n. Priporo\u010damo, da pridete 15 minut pred odhodom in si tako zagotovite brezstresen za\u010detek dneva. V pristani\u0161\u010du je na voljo priro\u010dno parkiri\u0161\u010de, ki omogo\u010da enostaven dostop do va\u0161ega ekskluzivnega \u010darterja.<\/p>\n<h4>\ud83d\udcdc <strong>Brezhibne rezervacije in jasna pravila odpovedi<\/strong><\/h4>\n<p>Z na\u0161im uporabniku prijaznim sistemom rezervacij in jasnimi pravili si lahko preprosto zagotovite svoje mesto na letali\u0161\u010du White Heaven:<\/p>\n<ul>\n<li><strong>Vremensko jamstvo<\/strong>: Spremljamo razmere, da zagotovimo nemoteno plovbo. V primeru odpovedi zaradi slabega vremena lahko izberete spremembo termina ali vra\u010dilo celotne kupnine, pri \u010demer sta v ospredju va\u0161a varnost in zadovoljstvo.<\/li>\n<li><strong>Prilagodljiva odpoved<\/strong>: \u017divljenje je nepredvidljivo. Rezervacijo lahko prekli\u010dete do 4 dni vnaprej in dobite celotno nadomestilo. V roku 4 dni se celoten znesek ne povrne.<\/li>\n<li><strong>Digitalne vstopnice<\/strong>: Do vstopnih kuponov lahko enostavno dostopate prek telefona ali natisnjenega izvoda.<\/li>\n<\/ul>\n<p><strong>Rezervirajte svoje nepozabno potovanje na White Heaven z dru\u017ebo CanaryVIP \u0161e danes in odplujte v dan, poln razko\u0161ja, udobja in nepozabnih morskih dogodiv\u0161\u010din.<\/strong><\/p>","protected":false},"excerpt":{"rendered":"<p>\ud83d\udd0d <strong>Bela nebesa Podrobnosti:<\/strong><br \/>\n\u2705 Varno pla\u010dilo.<br \/>\n\ud83d\udd10 Zasebni izleti.<br \/>\n\ud83d\udee5\ufe0f 11 meter \u010doln.<br \/>\n\u23f3 Dnevni izleti od 3 do 5 ur.<br \/>\n\ud83d\udd59 Prilagodljivi \u010dasi odhoda.<br \/>\n\ud83c\udf74 Vklju\u010dena je prehrana in pija\u010da.<br \/>\n\ud83d\udc65 Do 11 gostov.<br \/>\n\ud83e\udd3f Oprema za potapljanje je na voljo.<br \/>\n\ud83e\udd11 Zagotovljena najbolj\u0161a cena.<br \/>\n\ud83d\udc6a Aktivirani popusti.<br \/>\n\ud83d\udd01 Do 4 dni odpovedi.<br \/>\n\ud83c\udf0d Ve\u010djezi\u010dna posadka.<br \/>\n\ud83c\udf1f Rezervirajte zgodaj in prihranite!<br \/>\n\ud83d\udccd Odhod iz <a href=\"https:\/\/www.google.com\/maps\/place\/Puerto+Col%C3%B3n\/@28.078002,-16.7394902,17z\/data=!3m2!4b1!5s0xc6a97433884bdf9:0x76d293b7b99db23a!4m6!3m5!1s0xc6a9743509c9ebf:0xd62345524f768247!8m2!3d28.078002!4d-16.7369153!16s%2Fg%2F11c6cqryw_?entry=tts&amp;g_ep=EgoyMDI0MDUwNS4wKgBIAVAD\">Puerto Col\u00f3n<\/a>.<\/p>","protected":false},"featured_media":11401,"comment_status":"open","ping_status":"closed","template":"","meta":{"_acf_changed":false},"product_brand":[],"product_cat":[47],"product_tag":[],"class_list":{"0":"post-11400","1":"product","2":"type-product","3":"status-publish","4":"has-post-thumbnail","6":"product_cat-boat-hire-tenerife","7":"wcpa_has_options","9":"first","10":"instock","11":"virtual","12":"purchasable","13":"product-type-simple"},"acf":[],"wcpa_form_fields":{"wcpaData":{"product":{"product_price":600,"price_html":"From&nbsp;<span class=\"woocommerce-Price-amount amount\"><bdi>600,00&nbsp;<span class=\"woocommerce-Price-currencySymbol\">&euro;<\/span><\/bdi><\/span>","original_product_price":600,"price_including_tax":600,"price_excluding_tax":600,"product_id":{"parent":11400,"variation":false},"is_variable":false,"stock_status":"instock","stock_quantity":null,"parent_sku":"CV11400","product_attributes":[],"custom_fields":[],"is_taxable":false,"product_name":"White Heaven Boat Tenerife","hasImage":false},"fields":{"sec_4663a0ecdc484d":{"extra":{"key":"sec_4663a0ecdc484d","section_id":"sec_4663a0ecdc484d","name":"Default","status":1,"cl_rule":"show","enableCl":false,"relations":[],"toggle":true,"title_tag":"h3","show_title":false,"showPrice":"default","form_id":11405,"form_rules":{"exclude_from_discount":true,"fee_label":"Fee","disp_hide_options_price":true,"disp_show_section_price":false,"disp_show_field_price":true,"layout_option":"standard","pric_use_as_fee":false,"process_fee_as":"woo_fee"},"layout_option":"standard"},"fields":[[{"label":"\ud83d\udcc5 Date","active":true,"required":true,"elementId":"date_6663a0ecdc486b","picker_type":"custom","picker_mode":"single","placeholder":"","description":"","tooltip":"","name":"date_6663a0ecdc486b","label_position":"default","desc_position":"default","enablePrice":false,"className":"","enableCl":false,"relations":[{"operator":"and","rules":[{"operator":"AND","rules":{"cl_field":"radio-group_565c78ffa81208","cl_relation":"is","cl_val":"3 Hour Trip"}}]}],"date_pic_inline":true,"date_pic_inline_hide":true,"min_date":{"type":"days","val":"2"},"max_date":{"type":"days","val":"365"},"date_pic_conf":{"disabledWeeks":[]},"price":"","cl_rule":"show","col":6,"type":"date","error":false,"enableDesign":false,"LabelColor":"","gt_translate_keys":["label","placeholder","description","tooltip"],"price_dependency":false,"cl_dependency":false,"value":""}],[{"contentType":"rich","active":true,"label":"","elementId":"content_2663a0ecdc4879","value":"<p>\ud83c\udf9f\ufe0f <strong>Reservation<\/strong>: Pay only a deposit now to reserve; the rest is due on the day of the activity upon arrival.<\/p>","inline":false,"name":"content_2663a0ecdc4879","enablePrice":false,"className":"","subtype":"p","enableCl":false,"relations":false,"price":"","cl_rule":"show","col":6,"type":"content","error":false,"pricingType":"custom","isTemplate":false,"is_show_price":true,"show_in_checkout":true,"gt_translate_keys":["label","value"],"price_dependency":false,"cl_dependency":false}],[{"elementId":"separator_5663a0ecdc4885","separatorType":"blank","className":"","height":"3","enableCl":false,"relations":false,"cl_rule":"show","col":6,"type":"separator","error":false,"gt_translate_keys":[],"price_dependency":false,"cl_dependency":false,"value":""}],[{"active":true,"col":6,"relations":false,"cl_rule":"show","enableCl":false,"price":"","enablePrice":true,"className":"","label_position":"default","desc_position":"default","type":"select","required":true,"elementId":"select_2663a0ecdc488f","label":"\u23f3 Trip Duration","name":"select_2663a0ecdc488f","values":[{"label":"3 Hours (600\u20ac)","value":"3","selected":false,"tempId":"aco_556","price":"600","gt_translate_keys":["label"]},{"label":"4 Hours (800\u20ac)","value":"4","selected":false,"tempId":"aco_640","price":"800","gt_translate_keys":["label"]},{"label":"5 Hours (1000\u20ac)","value":"5","selected":false,"tempId":"aco_660","price":"1000","gt_translate_keys":["label"]}],"dropdown_type":"basic","error":false,"placeholder":"Select Trip Duration","priceOptions":"different_for_all","pricingType":"fixed","is_show_price":true,"gt_translate_keys":["label","placeholder"],"price_dependency":["content_8663a0ecdc48a2","content_9663a0ecdc48ab"],"cl_dependency":false,"value":""}],[{"label":"\u2705 Number of People","active":true,"required":true,"elementId":"select_6663a0ecdc48db","dropdown_type":"basic","placeholder":"Select Number of People","name":"select_6663a0ecdc48db","label_position":"default","desc_position":"default","enablePrice":true,"className":"","enableCl":false,"relations":[{"operator":false,"rules":[{"operator":"AND","rules":{"cl_field":"radio-group_565c78ffa81208","cl_relation":"is","cl_val":"3 Hour Trip"}}]}],"values":[{"label":"1 person","value":"1","selected":false,"tempId":"aco_1471","price":"0","gt_translate_keys":["label"]},{"label":"2 people","value":"2","selected":false,"tempId":"aco_1472","price":"0","gt_translate_keys":["label"]},{"label":"3 people","value":"3","selected":false,"tempId":"aco_1500","price":"0","gt_translate_keys":["label"]},{"label":"4 people","value":"4","selected":false,"tempId":"aco_1510","price":"0","gt_translate_keys":["label"]},{"label":"5 people","value":"5","selected":false,"tempId":"aco_1520","price":"0","gt_translate_keys":["label"]},{"label":"6 people","value":"6","selected":false,"tempId":"aco_1728","price":"0","gt_translate_keys":["label"]},{"label":"7 people (+20\u20ac)","value":"7","selected":false,"tempId":"aco_1738","price":"20","gt_translate_keys":["label"]},{"label":"8 people (+40\u20ac)","value":"8","selected":false,"tempId":"aco_1748","price":"40","gt_translate_keys":["label"]},{"label":"9 people (+60\u20ac)","value":"9","selected":false,"tempId":"aco_1912","price":"60","gt_translate_keys":["label"]},{"label":"10 people (+80\u20ac)","value":"10","selected":false,"tempId":"aco_1922","price":"80","gt_translate_keys":["label"]},{"label":"11 people (+100\u20ac)","value":"11","selected":false,"tempId":"aco_705","price":"100","gt_translate_keys":["label"]}],"price":"","cl_rule":"show","col":6,"type":"select","error":false,"priceOptions":"different_for_all","pricingType":"fixed","is_show_price":true,"gt_translate_keys":["label","placeholder"],"price_dependency":["content_8663a0ecdc48a2","content_9663a0ecdc48ab"],"cl_dependency":false,"value":""}],[{"elementId":"separator_6663a0ecdc4899","separatorType":"fill","className":"","height":"6","enableCl":false,"relations":false,"cl_rule":"show","col":6,"type":"separator","error":false,"separatorColor":"#66a6b6","gt_translate_keys":[],"price_dependency":false,"cl_dependency":false,"value":""}],[{"active":true,"col":6,"relations":false,"cl_rule":"show","enableCl":false,"price":"({field.select_2663a0ecdc488f.price} + {field.select_6663a0ecdc48db.price})*0.20","enablePrice":true,"className":"","label_position":"default","desc_position":"default","type":"content","required":false,"elementId":"content_8663a0ecdc48a2","label":"Deposit Payment","name":"content_8663a0ecdc48a2","contentType":"plain","value":"","error":false,"pricingType":"custom","isTemplate":false,"is_show_price":false,"enableDesign":true,"scrollBar":false,"use_as_fee":false,"fee_label":"Payment Now","inline":true,"show_in_checkout":true,"subtype":"div","formulaId":"fmla_1708364241278155361","LabelSize":"14px","gt_translate_keys":["label","value"],"price_dependency":["content_8663a0ecdc48b4"],"cl_dependency":false}],[{"contentType":"plain","active":true,"label":"Payment at Arrival","elementId":"content_9663a0ecdc48ab","value":"","inline":true,"show_in_checkout":true,"name":"content_9663a0ecdc48ab","enablePrice":true,"className":"","fee_label":"Payment at Arrival","subtype":"div","enableCl":false,"relations":false,"scrollBar":false,"enableDesign":true,"pricingType":"custom","isTemplate":false,"price":"({field.select_2663a0ecdc488f.price} + {field.select_6663a0ecdc48db.price})*0.80","use_as_fee":false,"is_show_price":true,"cl_rule":"show","col":6,"type":"content","error":false,"formulaId":"fmla_1708360988969136756","LabelSize":"14px","gt_translate_keys":["label","value"],"price_dependency":["content_8663a0ecdc48b4"],"cl_dependency":false}],[{"contentType":"plain","active":true,"label":"Total Price","elementId":"content_8663a0ecdc48b4","value":"","inline":true,"show_in_checkout":true,"name":"content_8663a0ecdc48b4","enablePrice":true,"className":"","fee_label":"Payment at Arrival","subtype":"div","enableCl":false,"relations":false,"scrollBar":false,"enableDesign":true,"LabelSize":"14px","pricingType":"custom","isTemplate":false,"price":"({field.content_8663a0ecdc48a2.price}) + ({field.content_9663a0ecdc48ab.price})","formulaId":"fmla_1708360988969136756","use_as_fee":false,"is_show_price":true,"cl_rule":"show","col":6,"type":"content","error":false,"gt_translate_keys":["label","value"],"price_dependency":false,"cl_dependency":false}],[{"elementId":"separator_1663a0ecdc48bf","separatorType":"blank","className":"","height":"3","enableCl":false,"relations":false,"cl_rule":"show","col":6,"type":"separator","error":false,"gt_translate_keys":[],"price_dependency":false,"cl_dependency":false,"value":""}],[{"active":true,"col":6,"relations":[{"operator":false,"rules":[{"operator":"AND","rules":{"cl_field":"radio-group_565c78ffa81208","cl_relation":"is","cl_val":"3 Hour Trip"}}]}],"cl_rule":"show","enableCl":false,"price":"","enablePrice":false,"className":"","label_position":"default","desc_position":"default","type":"select","required":false,"elementId":"select_7663a0ecdc48c8","label":"\u23f0 Departure","name":"select_7663a0ecdc48c8","values":[{"label":"09:00","value":"09:00","selected":false,"tempId":"aco_1471","gt_translate_keys":["label"]},{"label":"10:00","value":"10:00","selected":false,"tempId":"aco_1472","gt_translate_keys":["label"]},{"label":"11:00","value":"11:00","selected":false,"tempId":"aco_1500","gt_translate_keys":["label"]},{"label":"12:00","value":"12:00","selected":false,"tempId":"aco_1510","gt_translate_keys":["label"]},{"label":"13:00 (1:00 PM)","value":"13:00","selected":false,"tempId":"aco_1520","gt_translate_keys":["label"]},{"label":"14:00 (2:00 PM)","value":"14:00","selected":false,"tempId":"aco_1728","gt_translate_keys":["label"]},{"label":"15:00 (3:00 PM)","value":"15:00","selected":false,"tempId":"aco_1738","gt_translate_keys":["label"]}],"dropdown_type":"basic","error":false,"placeholder":"Whichever Time is Best","gt_translate_keys":["label","placeholder"],"price_dependency":false,"cl_dependency":false,"value":""}],[{"elementId":"separator_0663a0ecdc48d2","separatorType":"blank","className":"","height":"1","enableCl":false,"relations":false,"cl_rule":"show","col":6,"type":"separator","error":false,"gt_translate_keys":[],"price_dependency":false,"cl_dependency":false,"value":""}]]}},"config":{"price_override":"always","enable_recaptcha":false,"bind_quantity":false,"quantity_bind_formula":false,"disp_summ_show_option_price":true,"disp_summ_show_product_price":false,"disp_summ_show_total_price":false,"disp_summ_show_fee":true,"disp_summ_show_discount":true,"summary_title":"","options_total_label":"Options Price","total_label":"Deposit Amount","options_product_label":"Product Price","fee_label":"Fee","discount_label":"Discount","has_price":true,"has_quantity_formula":false},"mc_unit":1,"tax_rate":1,"tax_rate_real":1,"discount":{"percentage":0,"fixed":0},"design":{"conf":{"LabelPosition":"above","DescPosition":"above","UploadField":"custom_1","QuantityFieldStyle":"custom_1"},"css":{"LeftLabelWidth":"120px"}},"formulas":{"fmla_1708360988969136756":"(({field.select_2663a0ecdc488f.value}>=5)?(640):(({field.select_2663a0ecdc488f.value}>=4)?(520):(({field.select_2663a0ecdc488f.value}>=3)?(440):(0))))","fmla_1708364241278155361":"(({field.select_5841412719.value}>=8)?({field.select_5841412719.price}):(({field.select_5841412719.value}>=5)?({field.select_5841412719.price}):(({field.select_5841412719.value}>=3)?({field.select_5841412719.price}):(0))))"},"lookuptables":[],"clones":false,"cartKey":false}},"_links":{"self":[{"href":"https:\/\/canaryvip.com\/sl\/wp-json\/wp\/v2\/product\/11400","targetHints":{"allow":["GET"]}}],"collection":[{"href":"https:\/\/canaryvip.com\/sl\/wp-json\/wp\/v2\/product"}],"about":[{"href":"https:\/\/canaryvip.com\/sl\/wp-json\/wp\/v2\/types\/product"}],"replies":[{"embeddable":true,"href":"https:\/\/canaryvip.com\/sl\/wp-json\/wp\/v2\/comments?post=11400"}],"wp:featuredmedia":[{"embeddable":true,"href":"https:\/\/canaryvip.com\/sl\/wp-json\/wp\/v2\/media\/11401"}],"wp:attachment":[{"href":"https:\/\/canaryvip.com\/sl\/wp-json\/wp\/v2\/media?parent=11400"}],"wp:term":[{"taxonomy":"product_brand","embeddable":true,"href":"https:\/\/canaryvip.com\/sl\/wp-json\/wp\/v2\/product_brand?post=11400"},{"taxonomy":"product_cat","embeddable":true,"href":"https:\/\/canaryvip.com\/sl\/wp-json\/wp\/v2\/product_cat?post=11400"},{"taxonomy":"product_tag","embeddable":true,"href":"https:\/\/canaryvip.com\/sl\/wp-json\/wp\/v2\/product_tag?post=11400"}],"curies":[{"name":"wp","href":"https:\/\/api.w.org\/{rel}","templated":true}]}}