{"id":11308,"date":"2024-04-16T23:45:59","date_gmt":"2024-04-16T22:45:59","guid":{"rendered":"https:\/\/canaryvip.com\/?post_type=product&#038;p=11308"},"modified":"2025-08-09T12:39:52","modified_gmt":"2025-08-09T11:39:52","slug":"banana-boat-tenerife","status":"publish","type":"product","link":"https:\/\/canaryvip.com\/sl\/shop\/banana-boat-tenerife\/","title":{"rendered":"Banana Boat Tenerife"},"content":{"rendered":"<h2><strong>Banana Boat Tenerife - Divji valovi in smeh<\/strong><\/h2>\n<p>Pripravite se na zabavo z na\u0161imi <strong>Banana Boat Tenerife<\/strong> vo\u017enje! Te vo\u017enje so idealne za dru\u017eine in skupine, saj zdru\u017eujejo hitrost, brizganje in smeh ter zagotavljajo nepozaben dan na vodi. Na\u0161a spletna stran <strong>Izleti s \u010dolnom banana<\/strong> so brez\u010dasen na\u010din do\u017eivljanja morskih u\u017eitkov v Costa Adeje.<\/p>\n<h3><strong>\ud83c\udf0a Za\u010dnite svojo pustolov\u0161\u010dino v Puerto Col\u00f3n<\/strong><\/h3>\n<ul>\n<li><strong>Vznemirljiv za\u010detek:<\/strong> Potovanje z banano se za\u010dne pri <a href=\"https:\/\/maps.app.goo.gl\/bkqEhAxsobcjz9wG9\" target=\"_blank\" rel=\"noopener\">Puerto Col\u00f3n,<\/a> kjer vas bodo na\u0161i navdu\u0161eni vodniki sprejeli in vas na kratko seznanili z varnostjo, preden se vkrcate na znameniti rumeni splav.<\/li>\n<li><strong>Razburljiva vo\u017enja:<\/strong> Vkrcajte se na napihljivo banano in se trdno dr\u017eite, medtem ko vas hitri \u010doln vle\u010de po valovih. Pripravite se na padce in udarce, medtem ko se boste s prijatelji in dru\u017eino smejali in kri\u010dali od navdu\u0161enja!<\/li>\n<\/ul>\n<h3><strong>\u2728 Kaj je posebnega na na\u0161ih vo\u017enjah s \u010dolnom z banano?<\/strong><\/h3>\n<ul>\n<li><strong>Dostopna zabava:<\/strong> Le 15 \u20ac na osebo zagotavlja mesto na tem priljubljenem vodnem \u0161portu, ki je kot nala\u0161\u010d tudi za skupine. To je cenovno ugoden in razburljiv izlet za vsakogar!<\/li>\n<li><strong>Dosledna pohvala:<\/strong> Ponosni smo na veselje in smeh, ki ga prina\u0161ajo na\u0161e vo\u017enje, kar se odra\u017ea v odli\u010dnih ocenah na\u0161ih voznikov. Va\u0161a zabava je na\u0161a prednostna naloga!<\/li>\n<li><strong>Prilagodljive rezervacije:<\/strong> Sprememba na\u010drtov? Rezervacijo lahko prekli\u010dete do 24 ur vnaprej in dobite celotno nadomestilo - na\u0161a zaveza je, da se bomo prilagodili va\u0161im po\u010ditni\u0161kim potrebam.<\/li>\n<\/ul>\n<h3><strong>\ud83d\ude80 Vo\u017enja s \u010dolnom z banano na Tenerifih<\/strong><\/h3>\n<ul>\n<li><strong>Skupinska dinamika:<\/strong> Do\u017eivite vznemirjenje z najve\u010d 12 vozniki. Skupno navdu\u0161enje in skupne reakcije so nepozabna pustolov\u0161\u010dina.<\/li>\n<li><strong>Varno in zdravo:<\/strong> Na\u0161a usposobljena posadka poskrbi za varno vo\u017enjo od za\u010detka do konca, saj upravlja \u010doln s strokovno skrbnostjo, da bi vam omogo\u010dila kar najve\u010dje u\u017eivanje in varnost.<\/li>\n<\/ul>\n<h3><strong>\ud83c\udf1f Ve\u010d kot le \u010dolni za banane<\/strong><\/h3>\n<ul>\n<li>Raz\u0161irite svoje pustolov\u0161\u010dine na podro\u010dju vodnih \u0161portov z mo\u017enostmi, kot so <a href=\"https:\/\/canaryvip.com\/sl\/shop\/jetski-tenerife\/\">jet ski Tenerife<\/a>, <a href=\"https:\/\/canaryvip.com\/sl\/shop\/parasailing-tenerife\/\">parasailing Tenerife<\/a>in celo <a href=\"https:\/\/canaryvip.com\/sl\/tenerife\/boat-excursions\/\">izleti za opazovanje kitov<\/a>, vse na isti \u017eivahni lokaciji v Puerto Col\u00f3n.<\/li>\n<\/ul>\n<h3>\ud83d\udcc5 <strong>Rezervirajte vo\u017enjo z bananskim \u010dolnom na Tenerifih \u0161e danes<\/strong><\/h3>\n<p>Ne glede na to, ali i\u0161\u010dete vznemirjenje ali zabavno skupinsko dejavnost, so na\u0161e vo\u017enje z bananskim \u010dolnom popolna kombinacija obojega. \u0160e danes si zagotovite sede\u017e in se pripravite na vznemirljivo do\u017eivetje na vodi.<\/p>\n<h3>\u2705 <strong>Kaj je vklju\u010deno v vo\u017enjo z banano?<\/strong><\/h3>\n<ul>\n<li>Popolna varnostna navodila in re\u0161ilni jopi\u010di za vse voznike.<\/li>\n<li>Razburljiva 10-minutna vo\u017enja.<\/li>\n<li>Na voljo so fotografije va\u0161e pustolov\u0161\u010dine, ki jih lahko kupite in v njih ujamete trenutke, polne zabave.<\/li>\n<\/ul>\n<h3><strong>\u2696\ufe0f Zanesljiva rezervacija in enostaven preklic<\/strong><\/h3>\n<ul>\n<li><strong>Enostavne rezervacije:<\/strong> Rezervirajte z lahkoto in vedite, da lahko v primeru spremembe na\u010drtov rezervacijo prekli\u010dete do 24 ur vnaprej in dobite celotno nadomestilo.<\/li>\n<li><strong>Vabljeni vsi:<\/strong> Primerno za iskalce vznemirjenja, stare od 10 do 65 let. Na\u0161e vo\u017enje so zasnovane tako, da so vklju\u010dujo\u010de in prijetne za vse.<\/li>\n<\/ul>\n<h3><strong>\ud83c\udf92 Priprava na vo\u017enjo<\/strong><\/h3>\n<ul>\n<li><strong>Nosite ustrezno opremo:<\/strong> Pridite oble\u010deni v kopalke in se pripravite, da se zmo\u010dite! Ne pozabite s seboj vzeti brisa\u010do in kremo za za\u0161\u010dito pred soncem.<\/li>\n<li><strong>Varujte dragocenosti:<\/strong> \u010cevlje in nedrse\u010de predmete pustite v na\u0161ih varnih skladi\u0161\u010dnih zabojih v pristani\u0161\u010du. \u010ce \u017eelite posneti osebne fotografije, s seboj prinesite vodoodporen fotoaparat.<\/li>\n<li><strong>Zdravje in varnost:<\/strong> Na\u0161a dejavnost ni primerna za nose\u010dnice, je pa fantasti\u010dna za vse druge! Prepri\u010dajte se, da ste pripravljeni na fizi\u010dno vo\u017enjo.<\/li>\n<\/ul>\n<h3>\u2753 <strong>Pogosto zastavljena vpra\u0161anja<\/strong><\/h3>\n<ul>\n<li><strong>Ali se lahko kdo udele\u017ei vo\u017enje s \u010dolnom z banano?<\/strong> Da! Na\u0161e vo\u017enje z banana \u010dolnom so primerne za vse od 10. do 65. leta starosti. Predhodno znanje plavanja ni potrebno, saj so vsi udele\u017eenci opremljeni z re\u0161ilnimi jopi\u010di.<\/li>\n<li><strong>Kaj lahko pri\u010dakujem med vo\u017enjo?<\/strong> Pri\u010dakujte, da vas bodo po\u0161kropili, po\u0161kropili in nasmejali (v dobrem duhu)! Gre za zabavo in do\u017eivljanje vznemirjenja v oceanu.<\/li>\n<\/ul>\n<h4><strong>\ud83c\udf1e Ste pripravljeni na vo\u017enjo?<\/strong><\/h4>\n<p>Potopite se v zabavo z na\u0161imi vo\u017enjami s \u010dolnom banana na <strong>CanaryVIP.<\/strong> Rezervirajte zdaj in se pripravite na valovanje v \u010dudovitem morju Tenerifov!<\/p>","protected":false},"excerpt":{"rendered":"<p>\ud83d\udd0d <strong>Banana Boat Tenerife:<br \/>\n<\/strong>\u2705 Varno pla\u010dilo.<br \/>\n\ud83d\udc65 Do 12 voznikov na vo\u017enjo.<br \/>\n\ud83d\ude80 Vo\u017enja traja 10 minut.<br \/>\n\ud83c\udfde\ufe0f Hitre vo\u017enje.<br \/>\n\ud83d\udd59 Ves dan.<br \/>\n\ud83d\udcc5 Na voljo vsak dan.<br \/>\n\ud83e\udd11 Zagotovljena najbolj\u0161a cena.<br \/>\n\ud83d\udc6a Popusti za skupine.<br \/>\n\ud83d\udd01 24 urna odpoved.<br \/>\n\ud83c\udf0d Podpora za ve\u010d jezikov.<br \/>\n\ud83c\udf1f Rezervirajte vnaprej in prihranite.<br \/>\n\ud83d\udccd Odhod iz <a href=\"https:\/\/maps.app.goo.gl\/bkqEhAxsobcjz9wG9\">Puerto Col\u00f3n<\/a>.<\/p>","protected":false},"featured_media":11311,"comment_status":"open","ping_status":"closed","template":"","meta":{"_acf_changed":false},"product_brand":[],"product_cat":[53],"product_tag":[],"class_list":{"0":"post-11308","1":"product","2":"type-product","3":"status-publish","4":"has-post-thumbnail","6":"product_cat-water-sports","7":"wcpa_has_options","9":"first","10":"instock","11":"virtual","12":"purchasable","13":"product-type-simple"},"acf":[],"wcpa_form_fields":{"wcpaData":{"product":{"product_price":18,"price_html":"From&nbsp;<span class=\"woocommerce-Price-amount amount\"><bdi>18,00&nbsp;<span class=\"woocommerce-Price-currencySymbol\">&euro;<\/span><\/bdi><\/span>","original_product_price":18,"price_including_tax":18,"price_excluding_tax":18,"product_id":{"parent":11308,"variation":false},"is_variable":false,"stock_status":"instock","stock_quantity":null,"parent_sku":"CV11308","product_attributes":[],"custom_fields":[],"is_taxable":false,"product_name":"Banana Boat Tenerife","hasImage":false},"fields":{"sec_7661f1665d94fb":{"extra":{"key":"sec_7661f1665d94fb","section_id":"sec_7661f1665d94fb","name":"Default","status":1,"cl_rule":"show","enableCl":false,"relations":[],"toggle":true,"title_tag":"h3","show_title":false,"showPrice":"default","form_id":11314,"form_rules":{"exclude_from_discount":true,"fee_label":"Fee","disp_hide_options_price":true,"disp_show_section_price":false,"disp_show_field_price":true,"layout_option":"standard","pric_use_as_fee":false,"process_fee_as":"woo_fee"},"layout_option":"standard"},"fields":[[{"label":"\ud83d\udcc5 Date","active":true,"required":true,"elementId":"date_3661f1665d951b","picker_type":"custom","picker_mode":"single","placeholder":"","description":"","tooltip":"","name":"date_3661f1665d951b","label_position":"default","desc_position":"default","enablePrice":false,"className":"","enableCl":false,"relations":[{"operator":"and","rules":[{"operator":"AND","rules":{"cl_field":"radio-group_5661bc90f5e8f5","cl_relation":"is_not_empty","cl_val":"3 Hour Trip"}}]}],"date_pic_inline":true,"date_pic_inline_hide":true,"min_date":{"type":"days","val":"1"},"max_date":{"type":"days","val":"365"},"date_pic_conf":{"disabledWeeks":[]},"price":"","cl_rule":"show","col":6,"type":"date","error":false,"enableDesign":false,"LabelColor":"","gt_translate_keys":["label","placeholder","description","tooltip"],"price_dependency":false,"cl_dependency":false,"value":""}],[{"active":true,"col":6,"relations":false,"cl_rule":"show","enableCl":false,"price":"","enablePrice":false,"className":"","label_position":"default","desc_position":"default","type":"select","required":true,"elementId":"select_3477053266","label":"\u23f0 Departure Time","name":"select_3477053266","values":[{"label":"Whichever Time is Best","value":"Whichever Time is Best","selected":false,"tempId":"aco_312","gt_translate_keys":["label"]},{"label":"10:30","value":"10:30","selected":false,"tempId":"aco_313","gt_translate_keys":["label"]},{"label":"11:30","value":"11:30","selected":false,"tempId":"aco_314","gt_translate_keys":["label"]},{"label":"12:30 ","value":"12:30","selected":false,"tempId":"aco_711","gt_translate_keys":["label"]},{"label":"13:30","value":"13:30","selected":false,"tempId":"aco_721","gt_translate_keys":["label"]},{"label":"14:30","value":"14:30","selected":false,"tempId":"aco_983","gt_translate_keys":["label"]},{"label":"15:30","value":"15:30","selected":false,"tempId":"aco_993","gt_translate_keys":["label"]},{"label":"16:30","value":"16:30","selected":false,"tempId":"aco_1183","gt_translate_keys":["label"]}],"dropdown_type":"basic","error":false,"multiple":false,"placeholder":"None","gt_translate_keys":["label","placeholder"],"price_dependency":false,"cl_dependency":false,"value":""}],[{"active":true,"col":6,"relations":[{"operator":false,"rules":[{"operator":"AND","rules":{"cl_field":"","cl_relation":"","cl_val":""}}]}],"cl_rule":"show","enableCl":true,"price":"18","enablePrice":true,"className":"","label_position":"default","desc_position":"default","type":"radio-group","required":false,"elementId":"radio-group_0661f1665d9537","label":"","name":"radio-group_0661f1665d9537","values":[{"label":"\ud83d\udc64 People (18\u20ac)","value":"People","selected":true,"tempId":"aco_32","tooltip":"","description":"","gt_translate_keys":["label","tooltip","description"]}],"layOut":"","error":false,"checkUi":"button","priceOptions":"fixed_for_all","pricingType":"fixed","enable_quantity":true,"quantity_label":"","min_quantity":"0","options_tooltip":true,"options_description":true,"is_show_price":true,"gt_translate_keys":["label","quantity_label"],"price_dependency":["content_2802764779","content-8155931385","content-8167489432"],"cl_dependency":false,"value":""}],[{"active":true,"col":6,"relations":false,"cl_rule":"show","enableCl":false,"price":"","enablePrice":false,"className":"","label_position":"default","desc_position":"default","type":"separator","required":false,"elementId":"separator_2804989181","label":"Separator Field","height":"6","separatorType":"fill","error":false,"separatorColor":"#66a5b6","gt_translate_keys":["label"],"price_dependency":false,"cl_dependency":false,"value":""}],[{"active":true,"col":6,"relations":false,"cl_rule":"show","enableCl":false,"price":"{field.radio-group_0661f1665d9537.price}*0.30","enablePrice":true,"className":"","label_position":"default","desc_position":"default","type":"content","required":false,"elementId":"content_2802764779","label":"Deposit Now","name":"content_2802764779","contentType":"plain","value":"","error":false,"subtype":"div","inline":true,"show_in_checkout":true,"pricingType":"custom","isTemplate":false,"gt_translate_keys":["label","value"],"price_dependency":false,"cl_dependency":false}],[{"contentType":"plain","active":true,"label":"Payment at Arrival","elementId":"content-8155931385","value":"","inline":true,"show_in_checkout":true,"name":"content-8155931385","enablePrice":true,"className":"","subtype":"div","enableCl":false,"relations":false,"pricingType":"custom","isTemplate":false,"price":"{field.radio-group_0661f1665d9537.price}*0.70","is_show_price":true,"cl_rule":"show","col":6,"type":"content","error":false,"gt_translate_keys":["label","value"],"price_dependency":false,"cl_dependency":false}],[{"contentType":"plain","active":true,"label":"Total Price","elementId":"content-8167489432","value":"","inline":true,"show_in_checkout":true,"name":"content-8167489432","enablePrice":true,"className":"","subtype":"div","enableCl":false,"relations":false,"pricingType":"custom","isTemplate":false,"price":"{field.radio-group_0661f1665d9537.price}","is_show_price":true,"cl_rule":"show","col":6,"type":"content","error":false,"gt_translate_keys":["label","value"],"price_dependency":false,"cl_dependency":false}]]}},"config":{"price_override":"always","enable_recaptcha":false,"bind_quantity":false,"quantity_bind_formula":false,"disp_summ_show_option_price":true,"disp_summ_show_product_price":false,"disp_summ_show_total_price":true,"disp_summ_show_fee":true,"disp_summ_show_discount":true,"summary_title":"","options_total_label":"Options Price","total_label":"Total Amount","options_product_label":"Product Price","fee_label":"Fee","discount_label":"Discount","has_price":true,"has_quantity_formula":false},"mc_unit":1,"tax_rate":1,"tax_rate_real":1,"discount":{"percentage":0,"fixed":0},"design":{"conf":{"LabelPosition":"above","DescPosition":"above","UploadField":"custom_1","QuantityFieldStyle":"custom_1"},"css":{"LeftLabelWidth":"120px"}},"formulas":[],"lookuptables":[],"clones":false,"cartKey":false}},"_links":{"self":[{"href":"https:\/\/canaryvip.com\/sl\/wp-json\/wp\/v2\/product\/11308","targetHints":{"allow":["GET"]}}],"collection":[{"href":"https:\/\/canaryvip.com\/sl\/wp-json\/wp\/v2\/product"}],"about":[{"href":"https:\/\/canaryvip.com\/sl\/wp-json\/wp\/v2\/types\/product"}],"replies":[{"embeddable":true,"href":"https:\/\/canaryvip.com\/sl\/wp-json\/wp\/v2\/comments?post=11308"}],"wp:featuredmedia":[{"embeddable":true,"href":"https:\/\/canaryvip.com\/sl\/wp-json\/wp\/v2\/media\/11311"}],"wp:attachment":[{"href":"https:\/\/canaryvip.com\/sl\/wp-json\/wp\/v2\/media?parent=11308"}],"wp:term":[{"taxonomy":"product_brand","embeddable":true,"href":"https:\/\/canaryvip.com\/sl\/wp-json\/wp\/v2\/product_brand?post=11308"},{"taxonomy":"product_cat","embeddable":true,"href":"https:\/\/canaryvip.com\/sl\/wp-json\/wp\/v2\/product_cat?post=11308"},{"taxonomy":"product_tag","embeddable":true,"href":"https:\/\/canaryvip.com\/sl\/wp-json\/wp\/v2\/product_tag?post=11308"}],"curies":[{"name":"wp","href":"https:\/\/api.w.org\/{rel}","templated":true}]}}