{"id":11303,"date":"2024-04-16T23:11:21","date_gmt":"2024-04-16T22:11:21","guid":{"rendered":"https:\/\/canaryvip.com\/?post_type=product&#038;p=11303"},"modified":"2025-08-09T12:40:39","modified_gmt":"2025-08-09T11:40:39","slug":"flyfish-tenerife","status":"publish","type":"product","link":"https:\/\/canaryvip.com\/sl\/shop\/flyfish-tenerife\/","title":{"rendered":"FlyFish Tenerife"},"content":{"rendered":"<h2><strong>\ud83c\udf0a Muharjenje na Tenerifu - Vo\u017enja po oceanskih valovih<\/strong><\/h2>\n<p>Pripravite se na adrenalinsko izku\u0161njo z na\u0161imi <strong>FlyFish Tenerife<\/strong> pustolov\u0161\u010dina! Ob\u010dutite vznemirjenje, ki ga do\u017eivljate, ko se oklepate na\u0161ega posebej zasnovanega napihljivega splava. Na\u0161 <strong>Izleti z ribo FlyFish<\/strong> obljubite nepozaben dan hitrih vodnih \u0161portov v \u010dudovitem okolju Costa Adeje.<\/p>\n<h3><strong>\ud83d\udea4 Za\u010detek pustolov\u0161\u010dine z muharjenjem<\/strong><\/h3>\n<ul>\n<li><strong>Pustolov\u0161\u010dina se za\u010denja:<\/strong> Va\u0161e potovanje se za\u010dne neposredno v <a href=\"https:\/\/maps.app.goo.gl\/bkqEhAxsobcjz9wG9\" target=\"_blank\" rel=\"noopener\">Puerto Col\u00f3n,<\/a>\u00a0uradna izhodi\u0161\u010dna to\u010dka za va\u0161o pustolov\u0161\u010dino FlyFish. Ob prihodu vam bodo predstavili vznemirljivi svet FlyFisha, vas celovito seznanili z varnostjo in vas pripravili na vznemirljivo vo\u017enjo, ki vas \u010daka.<\/li>\n<li><strong>Izku\u0161nje z muharjenjem:<\/strong> Pripnite se in se trdno dr\u017eite, medtem ko vas motorni \u010doln premetava po valovih. U\u017eivajte v pljuskih morske vode in vetru v obraz med to vznemirljivo vo\u017enjo.<\/li>\n<\/ul>\n<p>&nbsp;<\/p>\n<h3><strong>\u2728 Zakaj izbrati CanaryVIP za svoje muharske izku\u0161nje?<\/strong><\/h3>\n<ul>\n<li><strong>Konkuren\u010dne cene:<\/strong> Vkrcajte se \u017ee za 45 \u20ac na osebo, na voljo pa so tudi fantasti\u010dne cene za skupine in gledalce. Kakovost in navdu\u0161enje po ceni, ki je ni mogo\u010de prese\u010di!<\/li>\n<li><strong>Pohvale strank:<\/strong> Znani smo po izjemnih storitvah in ponosni na odli\u010dne ocene na\u0161ih gostov. Va\u0161a odli\u010dna izku\u0161nja je na\u0161 cilj!<\/li>\n<li><strong>Prilagodljivost rezervacij:<\/strong> So se na\u010drti spremenili? Brez skrbi - prekli\u010dite potovanje do 24 ur pred potovanjem in prejmite celotno nadomestilo v skladu z na\u0161im prilagodljivim pravilnikom o odpovedi.<\/li>\n<\/ul>\n<h3><strong>\ud83d\ude80 Poleti visoko z FlyFish Tenerife<\/strong><\/h3>\n<ul>\n<li><strong>Vznemirljive vo\u017enje:<\/strong> FlyFish vas bo popeljal na divjo vo\u017enjo nad vodami Playa de Las Am\u00e9ricas, kjer se boste pribli\u017eno 10 minut vznemirljivo dvigali in potapljali z valovi.<\/li>\n<li><strong>Strokovne smernice:<\/strong> Na\u0161i usposobljeni in\u0161truktorji poskrbijo za varno in nepozabno izku\u0161njo ter vas nemoteno vodijo od za\u010detka do konca.<\/li>\n<\/ul>\n<h3><strong>\ud83c\udf1f Ve\u010d kot le muharjenje<\/strong><\/h3>\n<ul>\n<li>I\u0161\u010dete ve\u010d? Ponujamo \u0161iroko paleto <a href=\"https:\/\/canaryvip.com\/sl\/tenerife\/water-sports\/\">vodne aktivnosti na Tenerifih,<\/a>\u00a0s spletne strani <a href=\"https:\/\/canaryvip.com\/sl\/shop\/jetski-tenerife\/\">smu\u010danje na vodnem skuterju<\/a> do jadranja s padalom, tako da lahko vedno preizkusite kaj novega.<\/li>\n<li>Na\u0161e pustolov\u0161\u010dine niso omejene le na Tenerife - za \u0161e ve\u010d vodne zabave si oglejte na\u0161o ponudbo na Gran Canarii!<\/li>\n<\/ul>\n<h3>\ud83d\udcc5 <strong>Rezervirajte svojo izku\u0161njo FlyFish \u0161e danes<\/strong><\/h3>\n<p>Ne zamudite te edinstvene pustolov\u0161\u010dine. Kot nala\u0161\u010d za ljubitelje adrenalina in vznemirjenja, ki si \u017eelijo razburljivega do\u017eivetja. Rezervirajte vo\u017enjo s plovilom FlyFish zdaj in dodajte svojim po\u010ditnicam na Tenerifih kan\u010dek vznemirjenja.<\/p>\n<h3>\u2705 <strong>Kaj je vklju\u010deno v va\u0161o vo\u017enjo z muharjenjem?<\/strong><\/h3>\n<ul>\n<li>Vsa varnostna oprema in celovito navodilo pred odhodom.<\/li>\n<li>10-minutna vo\u017enja s plovilom FlyFish, ki vam bo dvignila adrenalin.<\/li>\n<li>Strokovni nadzor in prilo\u017enosti za fotografiranje va\u0161ih drznih podvigov (fotografije so na voljo za nakup).<\/li>\n<\/ul>\n<h3><strong>\u2696\ufe0f Zaupanja vredne mo\u017enosti rezervacij in odpovedi<\/strong><\/h3>\n<ul>\n<li><strong>Enostavna rezervacija:<\/strong> Rezervirajte svoje mesto z lahkoto in samozavestjo, saj veste, da lahko udele\u017ebo prekli\u010dete do 24 ur vnaprej in dobite celotno nadomestilo.<\/li>\n<li><strong>Vklju\u010dujo\u010da izku\u0161nja:<\/strong> Dobrodo\u0161li so vsi, od samostojnih potnikov, ki i\u0161\u010dejo vznemirjenje, do skupin, ki si \u017eelijo razburljivega izleta. Sporo\u010dite nam svoje \u017eelje in prilagodili vam bomo vo\u017enjo.<\/li>\n<\/ul>\n<h3><strong>\ud83c\udf92 Pripravite se na pustolov\u0161\u010dino z muharjenjem<\/strong><\/h3>\n<ul>\n<li><strong>Pripravite se, da se zmo\u010dite:<\/strong> Oblecite kopalke, prinesite brisa\u010do in se nama\u017eite s kremo za son\u010denje. Vo\u017enja bo zelo razburljiva!<\/li>\n<li><strong>Osnove fotoaparata:<\/strong> Vzemite s seboj vodoodporen fotoaparat ali telefon z za\u0161\u010ditnim ohi\u0161jem, da boste lahko ujeli svoje trenutke na ribolovu FlyFish. Imejte proste roke za mahanje in dr\u017eanje!<\/li>\n<li><strong>Dostopnost:<\/strong> Ta dejavnost je primerna za vse, ki so stari od 10 do 65 let. Upo\u0161tevajte, da ni primerna za nose\u010dnice ali osebe, ki se ne po\u010dutijo dobro v vodi.<\/li>\n<\/ul>\n<h3>\u2753 <strong>Pogosto zastavljena vpra\u0161anja<\/strong><\/h3>\n<ul>\n<li><strong>Kdo lahko sodeluje v programu FlyFish Tenerife?<\/strong> Dobrodo\u0161li so pustolovci, stari od 10 do 65 let! Zaradi varnosti je potrebno osnovno znanje plavanja.<\/li>\n<li><strong>Kako varen je program FlyFish?<\/strong> Varnost je na\u0161a prednostna naloga. Vsi udele\u017eenci so opremljeni z re\u0161ilnimi jopi\u010di, na\u0161a izku\u0161ena ekipa pa poskrbi za varno in prijetno izku\u0161njo.<\/li>\n<\/ul>\n<h4><strong>\ud83c\udf1e Ste pripravljeni na razpr\u0161itev?<\/strong><\/h4>\n<p>Do\u017eivite vznemirjenje pri muharjenju na Tenerifih z <strong>CanaryVIP.<\/strong> Rezervirajte svojo avanturo \u0161e danes in se pripravite na nepozabno vo\u017enjo z veliko hitrostjo nad gladino oceana!<\/p>","protected":false},"excerpt":{"rendered":"<p>\ud83d\udd0d <strong>FlyFish Tenerife:<\/strong><br \/>\n\u2705 Varno pla\u010dilo.<br \/>\n\ud83d\udc65 Do 3 vozniki na vo\u017enjo.<br \/>\n\ud83d\ude80 Vo\u017enja traja pribli\u017eno 10 minut.<br \/>\n\ud83c\udfde\ufe0f Hitro delovanje vode.<br \/>\n\ud83d\udd59 Na voljo ves dan.<br \/>\n\ud83d\udcc5 Vo\u017enje na voljo vsak dan.<br \/>\n\ud83e\udd11 Zagotovljena najbolj\u0161a cena.<br \/>\n\ud83d\udc6a Popusti za skupine.<br \/>\n\ud83d\udd01 24 urna odpoved.<br \/>\n\ud83c\udf0d Ve\u010djezi\u010dna podpora.<br \/>\n\ud83c\udf1f Rezervirajte vnaprej in prihranite.<br \/>\n\ud83d\udccd Odhod iz <a href=\"https:\/\/maps.app.goo.gl\/bkqEhAxsobcjz9wG9\">Puerto Col\u00f3n.<\/a><\/p>","protected":false},"featured_media":11317,"comment_status":"open","ping_status":"closed","template":"","meta":{"_acf_changed":false},"product_brand":[],"product_cat":[53],"product_tag":[],"class_list":{"0":"post-11303","1":"product","2":"type-product","3":"status-publish","4":"has-post-thumbnail","6":"product_cat-water-sports","7":"wcpa_has_options","9":"first","10":"instock","11":"virtual","12":"purchasable","13":"product-type-simple"},"acf":[],"wcpa_form_fields":{"wcpaData":{"product":{"product_price":18,"price_html":"From&nbsp;<span class=\"woocommerce-Price-amount amount\"><bdi>18,00&nbsp;<span class=\"woocommerce-Price-currencySymbol\">&euro;<\/span><\/bdi><\/span>","original_product_price":18,"price_including_tax":18,"price_excluding_tax":18,"product_id":{"parent":11303,"variation":false},"is_variable":false,"stock_status":"instock","stock_quantity":null,"parent_sku":"CV11303","product_attributes":[],"custom_fields":[],"is_taxable":false,"product_name":"FlyFish Tenerife","hasImage":false},"fields":{"sec_7661f1665d94fb":{"extra":{"key":"sec_7661f1665d94fb","section_id":"sec_7661f1665d94fb","name":"Default","status":1,"cl_rule":"show","enableCl":false,"relations":[],"toggle":true,"title_tag":"h3","show_title":false,"showPrice":"default","form_id":11314,"form_rules":{"exclude_from_discount":true,"fee_label":"Fee","disp_hide_options_price":true,"disp_show_section_price":false,"disp_show_field_price":true,"layout_option":"standard","pric_use_as_fee":false,"process_fee_as":"woo_fee"},"layout_option":"standard"},"fields":[[{"label":"\ud83d\udcc5 Date","active":true,"required":true,"elementId":"date_3661f1665d951b","picker_type":"custom","picker_mode":"single","placeholder":"","description":"","tooltip":"","name":"date_3661f1665d951b","label_position":"default","desc_position":"default","enablePrice":false,"className":"","enableCl":false,"relations":[{"operator":"and","rules":[{"operator":"AND","rules":{"cl_field":"radio-group_5661bc90f5e8f5","cl_relation":"is_not_empty","cl_val":"3 Hour Trip"}}]}],"date_pic_inline":true,"date_pic_inline_hide":true,"min_date":{"type":"days","val":"1"},"max_date":{"type":"days","val":"365"},"date_pic_conf":{"disabledWeeks":[]},"price":"","cl_rule":"show","col":6,"type":"date","error":false,"enableDesign":false,"LabelColor":"","gt_translate_keys":["label","placeholder","description","tooltip"],"price_dependency":false,"cl_dependency":false,"value":""}],[{"active":true,"col":6,"relations":false,"cl_rule":"show","enableCl":false,"price":"","enablePrice":false,"className":"","label_position":"default","desc_position":"default","type":"select","required":true,"elementId":"select_3477053266","label":"\u23f0 Departure Time","name":"select_3477053266","values":[{"label":"Whichever Time is Best","value":"Whichever Time is Best","selected":false,"tempId":"aco_312","gt_translate_keys":["label"]},{"label":"10:30","value":"10:30","selected":false,"tempId":"aco_313","gt_translate_keys":["label"]},{"label":"11:30","value":"11:30","selected":false,"tempId":"aco_314","gt_translate_keys":["label"]},{"label":"12:30 ","value":"12:30","selected":false,"tempId":"aco_711","gt_translate_keys":["label"]},{"label":"13:30","value":"13:30","selected":false,"tempId":"aco_721","gt_translate_keys":["label"]},{"label":"14:30","value":"14:30","selected":false,"tempId":"aco_983","gt_translate_keys":["label"]},{"label":"15:30","value":"15:30","selected":false,"tempId":"aco_993","gt_translate_keys":["label"]},{"label":"16:30","value":"16:30","selected":false,"tempId":"aco_1183","gt_translate_keys":["label"]}],"dropdown_type":"basic","error":false,"multiple":false,"placeholder":"None","gt_translate_keys":["label","placeholder"],"price_dependency":false,"cl_dependency":false,"value":""}],[{"active":true,"col":6,"relations":[{"operator":false,"rules":[{"operator":"AND","rules":{"cl_field":"","cl_relation":"","cl_val":""}}]}],"cl_rule":"show","enableCl":true,"price":"18","enablePrice":true,"className":"","label_position":"default","desc_position":"default","type":"radio-group","required":false,"elementId":"radio-group_0661f1665d9537","label":"","name":"radio-group_0661f1665d9537","values":[{"label":"\ud83d\udc64 People (18\u20ac)","value":"People","selected":true,"tempId":"aco_32","tooltip":"","description":"","gt_translate_keys":["label","tooltip","description"]}],"layOut":"","error":false,"checkUi":"button","priceOptions":"fixed_for_all","pricingType":"fixed","enable_quantity":true,"quantity_label":"","min_quantity":"0","options_tooltip":true,"options_description":true,"is_show_price":true,"gt_translate_keys":["label","quantity_label"],"price_dependency":["content_2802764779","content-8155931385","content-8167489432"],"cl_dependency":false,"value":""}],[{"active":true,"col":6,"relations":false,"cl_rule":"show","enableCl":false,"price":"","enablePrice":false,"className":"","label_position":"default","desc_position":"default","type":"separator","required":false,"elementId":"separator_2804989181","label":"Separator Field","height":"6","separatorType":"fill","error":false,"separatorColor":"#66a5b6","gt_translate_keys":["label"],"price_dependency":false,"cl_dependency":false,"value":""}],[{"active":true,"col":6,"relations":false,"cl_rule":"show","enableCl":false,"price":"{field.radio-group_0661f1665d9537.price}*0.30","enablePrice":true,"className":"","label_position":"default","desc_position":"default","type":"content","required":false,"elementId":"content_2802764779","label":"Deposit Now","name":"content_2802764779","contentType":"plain","value":"","error":false,"subtype":"div","inline":true,"show_in_checkout":true,"pricingType":"custom","isTemplate":false,"gt_translate_keys":["label","value"],"price_dependency":false,"cl_dependency":false}],[{"contentType":"plain","active":true,"label":"Payment at Arrival","elementId":"content-8155931385","value":"","inline":true,"show_in_checkout":true,"name":"content-8155931385","enablePrice":true,"className":"","subtype":"div","enableCl":false,"relations":false,"pricingType":"custom","isTemplate":false,"price":"{field.radio-group_0661f1665d9537.price}*0.70","is_show_price":true,"cl_rule":"show","col":6,"type":"content","error":false,"gt_translate_keys":["label","value"],"price_dependency":false,"cl_dependency":false}],[{"contentType":"plain","active":true,"label":"Total Price","elementId":"content-8167489432","value":"","inline":true,"show_in_checkout":true,"name":"content-8167489432","enablePrice":true,"className":"","subtype":"div","enableCl":false,"relations":false,"pricingType":"custom","isTemplate":false,"price":"{field.radio-group_0661f1665d9537.price}","is_show_price":true,"cl_rule":"show","col":6,"type":"content","error":false,"gt_translate_keys":["label","value"],"price_dependency":false,"cl_dependency":false}]]}},"config":{"price_override":"always","enable_recaptcha":false,"bind_quantity":false,"quantity_bind_formula":false,"disp_summ_show_option_price":true,"disp_summ_show_product_price":false,"disp_summ_show_total_price":true,"disp_summ_show_fee":true,"disp_summ_show_discount":true,"summary_title":"","options_total_label":"Options Price","total_label":"Total Amount","options_product_label":"Product Price","fee_label":"Fee","discount_label":"Discount","has_price":true,"has_quantity_formula":false},"mc_unit":1,"tax_rate":1,"tax_rate_real":1,"discount":{"percentage":0,"fixed":0},"design":{"conf":{"LabelPosition":"above","DescPosition":"above","UploadField":"custom_1","QuantityFieldStyle":"custom_1"},"css":{"LeftLabelWidth":"120px"}},"formulas":[],"lookuptables":[],"clones":false,"cartKey":false}},"_links":{"self":[{"href":"https:\/\/canaryvip.com\/sl\/wp-json\/wp\/v2\/product\/11303","targetHints":{"allow":["GET"]}}],"collection":[{"href":"https:\/\/canaryvip.com\/sl\/wp-json\/wp\/v2\/product"}],"about":[{"href":"https:\/\/canaryvip.com\/sl\/wp-json\/wp\/v2\/types\/product"}],"replies":[{"embeddable":true,"href":"https:\/\/canaryvip.com\/sl\/wp-json\/wp\/v2\/comments?post=11303"}],"wp:featuredmedia":[{"embeddable":true,"href":"https:\/\/canaryvip.com\/sl\/wp-json\/wp\/v2\/media\/11317"}],"wp:attachment":[{"href":"https:\/\/canaryvip.com\/sl\/wp-json\/wp\/v2\/media?parent=11303"}],"wp:term":[{"taxonomy":"product_brand","embeddable":true,"href":"https:\/\/canaryvip.com\/sl\/wp-json\/wp\/v2\/product_brand?post=11303"},{"taxonomy":"product_cat","embeddable":true,"href":"https:\/\/canaryvip.com\/sl\/wp-json\/wp\/v2\/product_cat?post=11303"},{"taxonomy":"product_tag","embeddable":true,"href":"https:\/\/canaryvip.com\/sl\/wp-json\/wp\/v2\/product_tag?post=11303"}],"curies":[{"name":"wp","href":"https:\/\/api.w.org\/{rel}","templated":true}]}}