{"id":11288,"date":"2024-04-16T15:31:07","date_gmt":"2024-04-16T14:31:07","guid":{"rendered":"https:\/\/canaryvip.com\/?post_type=product&#038;p=11288"},"modified":"2026-04-09T12:33:18","modified_gmt":"2026-04-09T11:33:18","slug":"helicopter-tour-tenerife","status":"publish","type":"product","link":"https:\/\/canaryvip.com\/sl\/shop\/helicopter-tour-tenerife\/","title":{"rendered":"Helikopterski izlet na Tenerife"},"content":{"rendered":"<h2><strong>Helikopterski izleti Tenerife - Dvignite se nad pokrajino<\/strong><\/h2>\n<p>Podajte se na spektakularno zra\u010dno potovanje z na\u0161im <strong>Helikopterski izlet na Tenerife<\/strong>. Ne glede na to, ali letite sami, z dru\u017eino ali s prijatelji, ti izleti ponujajo edinstven pogled na oto\u0161ke pokrajine z neba. Od hitrih razglednih izletov do obse\u017enih raziskovanj - vsak let je pustolov\u0161\u010dina, ki je ne smete zamuditi.<\/p>\n<h3><strong>\ud83d\ude80 Za\u010dnite svojo zra\u010dno pustolov\u0161\u010dino na Tenerifih<\/strong><\/h3>\n<ul>\n<li><strong>Za\u010dnite z delom:<\/strong> Na\u0161e zbirali\u0161\u010de je na priro\u010dni lokaciji v mestu Adeje, ki je za vse goste lahko dostopna. Ob prihodu boste dele\u017eni kratke, a temeljite orientacije, da boste pripravljeni na polet. Ne pozabite s seboj prinesti veljavnega osebnega dokumenta.<\/li>\n<li><strong>Mo\u017enosti ogleda:<\/strong> CanaryVIP ponuja razli\u010dne helikopterske izlete, ki se za\u010dnejo \u017ee pri 98 \u20ac na osebo. Vsak let je zasnovan tako, da zagotavlja nepozaben pogled na Tenerife iz zraka brez skritih stro\u0161kov.<\/li>\n<li><strong>Nepozabni dodatki:<\/strong> Svojo izku\u0161njo izbolj\u0161ajte s fotografskim paketom, ki stane od 35 EUR dalje, in v njem ujemite osupljive pokrajine, ki jih boste sre\u010dali. Z veseljem bomo poskrbeli tudi za dodatna udobja za na\u0161e goste s pove\u010dano velikostjo.<\/li>\n<\/ul>\n<h3><strong>Razi\u0161\u010dite osupljive pokrajine Tenerifov z vi\u0161ine<\/strong><\/h3>\n<ul>\n<li><strong>Izberite svoj pogled:<\/strong> Na\u0161a ponudba helikopterskih izletov vklju\u010duje vse od 20-kilometrskega obalnega poleta do obse\u017ene 120-kilometrske pustolov\u0161\u010dine okoli veli\u010dastnega <a href=\"https:\/\/www.google.com\/maps\/place\/Acantilados+de+Los+Gigantes,+Santa+Cruz+de+Tenerife\/@28.244027,-16.8456497,15z\/data=!3m1!4b1!4m6!3m5!1s0xc6a8c153fdc6811:0xa0340f674cf6610!8m2!3d28.2408828!4d-16.8377834!16s%2Fm%2F026dqlb?entry=ttu\" target=\"_blank\" rel=\"noopener\">Los Gigantes<\/a> in . <a href=\"https:\/\/canaryvip.com\/sl\/discover-the-teide-the-ultimate-guide-iconic-volcano\/\">El Teide.<\/a> Poi\u0161\u010dite popoln ogled, ki ustreza va\u0161im interesom in urniku.<\/li>\n<li><strong>Podrobnosti o odhodu:<\/strong> Vsi izleti potekajo zjutraj (od 10.00 do 11.00), da izkoristite optimalne svetlobne razmere, ki zagotavljajo najbolj\u0161o vidljivost na razgibanem terenu Tenerifov.<\/li>\n<li><strong>Zasebno in po meri:<\/strong> \u017delite bolj prilagojeno izku\u0161njo? Ponujamo zasebne oglede, ki jih lahko prilagodimo va\u0161im posebnim \u017eeljam in potrebam.<\/li>\n<\/ul>\n<h3><strong>\ud83c\udf1f Kaj lahko pri\u010dakujete na helikopterskem izletu<\/strong><\/h3>\n<ul>\n<li><strong>Varnost kot prednostna naloga:<\/strong> Va\u0161a varnost je na\u0161a glavna skrb. Upo\u0161tevamo stroge varnostne protokole, vklju\u010dno z iz\u010drpnimi navodili pred poletom in natan\u010dnimi pregledi opreme, da zagotovimo varno in prijetno izku\u0161njo.<\/li>\n<li><strong>Brez jezikovnih ovir:<\/strong> Poletajte samozavestno, saj vam na\u0161i usposobljeni piloti nudijo komentarje v angle\u0161kem in \u0161panskem jeziku, tako da bo va\u0161e potovanje pou\u010dno in zanimivo.<\/li>\n<li><strong>Izku\u0161eni piloti:<\/strong> Na\u0161i piloti niso le usposobljeni po najvi\u0161jih standardih, temve\u010d imajo tudi bogato lokalno znanje, ki vam bo obogatilo izku\u0161njo letenja.<\/li>\n<\/ul>\n<h3>\ud83d\udcc5 <strong>Rezervirajte svoj helikopterski izlet na Tenerife zdaj<\/strong><\/h3>\n<p>Ne zamudite te edinstvene prilo\u017enosti, da si Tenerife ogledate z najbolj\u0161ih sede\u017eev na nebu. Na spletni strani <strong>CanaryVIP<\/strong>, so vam zagotovljeni dih jemajo\u010di razgledi in nepozabno do\u017eivetje. Zagotovite si mesto na enem od na\u0161ih ekskluzivnih helikopterskih izletov \u0161e danes in si oglejte otok, kot ga \u0161e niste videli.<\/p>\n<h3>\u2705 <strong>Kaj je vklju\u010deno v helikopterski izlet?<\/strong><\/h3>\n<ul>\n<li>Na voljo so javni in zasebni ogledi, prilagojeni va\u0161im \u017eeljam.<\/li>\n<li>Razli\u010dne dol\u017eine izletov, namenjene razli\u010dnim okusom in \u010dasovnim mo\u017enostim.<\/li>\n<li>Zagotovljena je vsa potrebna varnostna oprema, ki zagotavlja udoben in varen let.<\/li>\n<\/ul>\n<h3><strong>\u2696\ufe0f Rezervacije in prilagodljiva politika odpovedi<\/strong><\/h3>\n<ul>\n<li style=\"text-align: left;\"><strong>Na\u010drtujte svoje potovanje:<\/strong> \u010ce \u017eelite zagotoviti svoje mesto, ga rezervirajte vnaprej.<\/li>\n<li><strong>Prilagodljive odpovedi:<\/strong> \u017divljenje je nepredvidljivo - to razumemo. Zato lahko rezervacijo prekli\u010dete do 7 dni vnaprej in dobite celotno nadomestilo.<\/li>\n<li><strong>Dostopnost in udobje:<\/strong> Na\u0161i izleti so zasnovani tako, da so dostopni \u0161irokemu krogu gostov. Ob rezervaciji se pozanimajte o morebitnih posebnih potrebah ali omejitvah glede te\u017ee.<\/li>\n<\/ul>\n<h3>\u2753 <strong>Pogosto zastavljena vpra\u0161anja o na\u0161ih helikopterskih izletih<\/strong><\/h3>\n<ul>\n<li><strong>Kaj je vklju\u010deno v helikopterski izlet?<\/strong> Vsak paket vklju\u010duje ogled helikopterja, komentar pilota (na voljo v angle\u0161\u010dini in \u0161pan\u0161\u010dini) ter vso potrebno varnostno opremo. Na voljo so tudi izbirni paketi fotografij in videoposnetkov, s katerimi boste lahko ujeli svoje do\u017eivetje.<\/li>\n<li><strong>Kaj naj vzamem s seboj na helikopterski izlet?<\/strong> Priporo\u010damo, da nosite udobna obla\u010dila, primerna vremenu na dan leta, zaprte \u010devlje in son\u010dna o\u010dala. Ne pozabite na fotoaparat ali pametni telefon za fotografiranje osupljivih razgledov!<\/li>\n<li><strong>Ali obstajajo starostne omejitve ali omejitve glede te\u017ee?<\/strong> Na\u0161i helikopterski izleti so primerni za vse starosti. Zaradi varnosti je omejitev te\u017ee 110 kilogramov na potnika. \u010ce potnik presega to te\u017eo, bo morda moral rezervirati dodaten sede\u017e.<\/li>\n<li><strong>Ali lahko zahtevam dolo\u010deno pot ali prilagodim svojo turo?<\/strong> Da, ponujamo izlete po meri, na katerih lahko izberete dolo\u010dene znamenitosti, ki si jih \u017eelite ogledati. Kontaktirajte nas in se pogovorite o svojih \u017eeljah, mi pa se bomo potrudili, da bomo ugodili va\u0161im zahtevam.<\/li>\n<li><strong>Kaj se zgodi, \u010de je na dan potovanja slabo vreme?<\/strong> Varnost je na\u0161a glavna prednostna naloga. V primeru slabih vremenskih razmer se lahko ogledi prestavijo ali odpovedo. \u010ce izlet odpovemo, vam bomo vrnili celotno kupnino ali pa vam ponudili mo\u017enost rezervacije drugega datuma.<\/li>\n<li><strong>Kako varni so helikopterski izleti?<\/strong> Varnost je najpomembnej\u0161a v <strong>CanaryVIP.<\/strong> Piloti so visoko usposobljeni, helikopterji pa so vzdr\u017eevani v skladu s strogimi regulativnimi standardi. Pred vsakim poletom opravimo obse\u017eno varnostno predstavitev.<\/li>\n<\/ul>\n<h4><strong>\ud83c\udf1e Ste pripravljeni na vzpon?<\/strong><\/h4>\n<p>Do\u017eivite vrhunsko pustolov\u0161\u010dino z <strong>CanaryVIP's<\/strong> helikopterski izleti. Ne glede na to, ali snemate obale, raziskujete gorske razglede ali i\u0161\u010dete edinstven na\u010din praznovanja posebne prilo\u017enosti, vas \u010daka popoln let.<\/p>\n<p>Rezervirajte svoj izlet \u0161e danes in se dvignite v nebo ter do\u017eivite nepozabno izku\u0161njo na Tenerifih.<\/p>","protected":false},"excerpt":{"rendered":"<p>\ud83d\udd0d <strong>Helikopterski izlet na Tenerife:<br \/>\n<\/strong>\u2705 Varno pla\u010dilo.<br \/>\n\ud83d\udc65 Do 4 gosti na let.<br \/>\n\ud83d\ude80 Od 8 do 50 min Poleti.<br \/>\n\ud83c\udfde\ufe0f Prelet nad pla\u017eami in vulkani.<br \/>\n\ud83d\udd59 Odhodi ob 10.-11. uri.<br \/>\n\ud83d\udcc5 Poleti na voljo vsak dan.<br \/>\n\ud83e\udd47 Mo\u017enosti zasebnega leta.<br \/>\n\ud83e\udd11 Konkuren\u010dne cene.<br \/>\n\ud83d\udc6a Primerno za dru\u017eine in skupine.<br \/>\n\ud83d\udd01 7-dnevni odpovedni rok.<br \/>\n\ud83c\udf0d Vodnik v angle\u0161\u010dini in \u0161pan\u0161\u010dini.<br \/>\n\ud83c\udf1f Rezervirajte zgodaj in prihranite!<br \/>\n\ud83d\udccd Dvig iz <a href=\"https:\/\/maps.app.goo.gl\/JeZ8mY9P1jTF557e8\">Adeje<\/a>.<\/p>","protected":false},"featured_media":11296,"comment_status":"open","ping_status":"closed","template":"","meta":{"_acf_changed":false},"product_brand":[],"product_cat":[82],"product_tag":[],"class_list":{"0":"post-11288","1":"product","2":"type-product","3":"status-publish","4":"has-post-thumbnail","6":"product_cat-fun-activities","7":"wcpa_has_options","9":"first","10":"instock","11":"virtual","12":"purchasable","13":"product-type-simple"},"acf":[],"wcpa_form_fields":{"wcpaData":{"product":{"product_price":110,"price_html":"From&nbsp;<span class=\"woocommerce-Price-amount amount\"><bdi>110,00&nbsp;<span class=\"woocommerce-Price-currencySymbol\">&euro;<\/span><\/bdi><\/span>","original_product_price":110,"price_including_tax":110,"price_excluding_tax":110,"product_id":{"parent":11288,"variation":false},"is_variable":false,"stock_status":"instock","stock_quantity":null,"parent_sku":"CV11288","product_attributes":[],"custom_fields":[],"is_taxable":false,"product_name":"Helicopter Tour Tenerife","hasImage":false},"fields":{"sec_06627d7baa7f97":{"extra":{"key":"sec_06627d7baa7f97","section_id":"sec_06627d7baa7f97","name":"Default","status":1,"cl_rule":"show","enableCl":false,"relations":[],"toggle":true,"title_tag":"h3","show_title":false,"showPrice":"default","form_id":11343,"form_rules":{"exclude_from_discount":true,"fee_label":"Fee","disp_hide_options_price":true,"disp_show_section_price":false,"disp_show_field_price":true,"layout_option":"standard","pric_use_as_fee":false,"process_fee_as":"woo_fee"},"layout_option":"standard"},"fields":[[{"label":"\ud83d\udcc5 Date","active":true,"required":true,"elementId":"date_76627d7baa7fb8","picker_type":"custom","picker_mode":"single","placeholder":"","description":"","tooltip":"","name":"date_76627d7baa7fb8","label_position":"default","desc_position":"default","enablePrice":false,"className":"","enableCl":false,"relations":[{"operator":"and","rules":[{"operator":"AND","rules":{"cl_field":"radio-group_106627d7baa7fc7","cl_relation":"is","cl_val":"3 Hour Trip"}}]}],"date_pic_inline":true,"date_pic_inline_hide":true,"min_date":{"type":"days","val":"1"},"max_date":{"type":"days","val":"365"},"date_pic_conf":{"disabledWeeks":[0],"disabledDates":["2024-05-23 to 2024-06-02","2025-03-18 to 2025-03-20","2025-09-17 to 2025-09-19"]},"price":"","cl_rule":"show","col":6,"type":"date","error":false,"enableDesign":false,"LabelColor":"","date_conf_custom":{"minDate":"let d = new Date();\nd.setHours(0, 0, 0, 0);\nif (new Date().getHours() >= 17) {\n  d.setDate(d.getDate() + 2);\n} else {\n  d.setDate(d.getDate() + 1);\n}\nreturn d;"},"isWeightTemplate":false,"isTemplate":false,"min_quantity":"1","quantity_decimal":false,"quantity_step":"1","quantity_label":"Quantity","repeater_field_label":"{field_label}","repeater_bind":"","gt_translate_keys":["label","placeholder","description","tooltip","repeater_field_label","quantity_label"],"price_dependency":false,"cl_dependency":["textarea_5613841028"],"value":""}]]},"sec_h20481d279":{"extra":{"key":"sec_h20481d279","section_id":"sec_h20481d279","name":"DESDE 1 DE MAYO 2026","status":1,"cl_rule":"show","enableCl":false,"relations":[{"operator":false,"rules":[{"operator":"AND","rules":{"cl_field":"date_76627d7baa7fb8","cl_relation":"is_greater_or_equal","cl_val":"2026-05-01"}}]}],"toggle":true,"title_tag":"h3","show_title":false,"showPrice":"default","repeater_section_field_label":"{field_label}","repeater_section_label":"{section_name}","repeater_bind":"","form_id":11343,"form_rules":{"exclude_from_discount":true,"fee_label":"Fee","disp_hide_options_price":true,"disp_show_section_price":false,"disp_show_field_price":true,"layout_option":"standard","pric_use_as_fee":false,"process_fee_as":"woo_fee"},"layout_option":"standard"},"fields":[[{"label":"\u231b\ufe0f Trip Duration","active":true,"required":true,"elementId":"radio-group-0408498022","description":"","name":"radio-group-0408498022","label_position":"default","desc_position":"default","enablePrice":false,"className":"","enableCl":false,"relations":[{"operator":false,"rules":[{"operator":"AND","rules":{"cl_field":"","cl_relation":"","cl_val":""}}]}],"enableDesign":false,"checkUi":"toggle","layOut":"","options_description":true,"show_selected_option":false,"other":false,"scrollBar":false,"values":[{"label":"Souther Coasts - 20km (110\u20ac)","value":"Souther Coasts","selected":false,"tempId":"aco_32","description":"Explore top sights in just 8 minutes, including El Puertito de Arme\u00f1ime, La Caleta, Puerto Col\u00f3n, Playa de las Am\u00e9ricas, and Playa de los Cristianos. Experience vibrant marinas, serene beaches, and stunning views.","gt_translate_keys":["label","description"]},{"label":"Beaches and Ravines - 30km (159\u20ac)","value":"Beaches and Ravines","selected":false,"tempId":"aco_33","description":"Embark on a 12-minute journey to discover La Caleta, Puerto Col\u00f3n, Playa de las Am\u00e9ricas, Playa de los Cristianos, thrilling water parks, Roque del Conde, Los Dedos de Ifonche, and Barranco del Agua. Enjoy a mix of beaches, natural landmarks, and adventure spots.","gt_translate_keys":["label","description"]},{"label":"Los Gigantes - 50km (295\u20ac)","value":"Los Gigantes","selected":false,"tempId":"aco_838","description":"In 20 minutes, explore a range of attractions from Golf Costa Adeje to La Caleta, Playa San Juan, Alcal\u00e1, and Port of Santiago. Continue to Los Gigantes, Tamaimo, and enjoy spectacular views of the Teide volcano before concluding with a scenic coastal return.","gt_translate_keys":["label","description"]},{"label":"Lower Island - 85km (430\u20ac)","value":"Lower Island","selected":false,"tempId":"aco_1271","description":"Over a 30-minute helicopter tour, soar above beautiful spots such as Golf Costa Adeje, La Caleta, and Playa San Juan, continue over Alcal\u00e1 and Puerto Santiago, and admire the majestic cliffs at Los Gigantes. Fly through Santiago del Teide, Buenavista del Norte, and Garachico to view Chinyero Volcano, concluding with a scenic flight through the lush Corona Forestal.","gt_translate_keys":["label","description"]},{"label":"Teide Luxury - 120km (545\u20ac)","value":"Teide Luxury","selected":false,"tempId":"aco_1668","description":"Enjoy a 45-minute helicopter tour featuring iconic destinations like Golf Costa Adeje, La Caleta, and San Juan. Fly over Alcal\u00e1 Beach and Puerto Santiago, then on to Santiago del Teide. Take in stunning views of Teno before heading to Buenavista del Norte and Garachico. Conclude your aerial adventure with a return flight through the verdant Corona Forestal.","gt_translate_keys":["label","description"]}],"price":"","cl_rule":"show","col":6,"type":"radio-group","isWeightTemplate":false,"error":false,"isTemplate":false,"min_quantity":"1","quantity_decimal":false,"quantity_step":"1","quantity_label":"Quantity","repeater_field_label":"{field_label}","repeater_bind":"","gt_translate_keys":["label","description","repeater_field_label","quantity_label"],"price_dependency":false,"cl_dependency":["radio-group-0408498034","radio-group-0408498035","radio-group-0408498046","radio-group-0408498057","radio-group-0408498058"],"value":""}],[{"elementId":"separator-0408498023","separatorType":"blank","className":"","height":"10","enableCl":false,"relations":false,"cl_rule":"show","col":6,"type":"separator","gt_translate_keys":[],"price_dependency":false,"cl_dependency":false,"value":""}],[{"label":"","active":true,"required":true,"elementId":"radio-group-0408498034","name":"radio-group-0408498034","label_position":"default","desc_position":"default","enablePrice":true,"className":"","enableCl":true,"relations":[{"operator":false,"rules":[{"operator":"AND","rules":{"cl_field":"radio-group-0408498022","cl_relation":"is","cl_val":"Souther Coasts"}}]}],"enable_quantity":true,"quantity_label":"","min_quantity":"0","checkUi":"button","layOut":"","options_tooltip":true,"options_description":true,"values":[{"label":"\ud83d\udc64 People (110\u20ac)","value":"People (98\u20ac)","selected":true,"tempId":"aco_32","tooltip":"","description":"","gt_translate_keys":["label","tooltip","description"]}],"priceOptions":"fixed_for_all","pricingType":"fixed","price":"110","cl_rule":"show","col":6,"type":"radio-group","isWeightTemplate":false,"error":false,"isTemplate":false,"quantity_decimal":false,"quantity_step":"1","repeater_field_label":"{field_label}","repeater_bind":"","gt_translate_keys":["label","repeater_field_label","quantity_label"],"price_dependency":false,"cl_dependency":false,"value":""}],[{"label":"","active":true,"required":true,"elementId":"radio-group-0408498035","name":"radio-group-0408498035","label_position":"default","desc_position":"default","enablePrice":true,"className":"","enableCl":true,"relations":[{"operator":false,"rules":[{"operator":"AND","rules":{"cl_field":"radio-group-0408498022","cl_relation":"is","cl_val":"Beaches and Ravines"}}]}],"enable_quantity":true,"quantity_label":"","min_quantity":"0","checkUi":"button","layOut":"","options_tooltip":true,"options_description":true,"values":[{"label":"\ud83d\udc64 People (159\u20ac)","value":"People (145\u20ac)","selected":true,"tempId":"aco_32","tooltip":"","description":"","gt_translate_keys":["label","tooltip","description"]}],"priceOptions":"fixed_for_all","pricingType":"fixed","price":"159","cl_rule":"show","col":6,"type":"radio-group","isWeightTemplate":false,"error":false,"isTemplate":false,"quantity_decimal":false,"quantity_step":"1","repeater_field_label":"{field_label}","repeater_bind":"","gt_translate_keys":["label","repeater_field_label","quantity_label"],"price_dependency":false,"cl_dependency":false,"value":""}],[{"label":"","active":true,"required":true,"elementId":"radio-group-0408498046","name":"radio-group-0408498046","label_position":"default","desc_position":"default","enablePrice":true,"className":"","enableCl":true,"relations":[{"operator":false,"rules":[{"operator":"AND","rules":{"cl_field":"radio-group-0408498022","cl_relation":"is","cl_val":"Los Gigantes"}}]}],"enable_quantity":true,"quantity_label":"","min_quantity":"0","checkUi":"button","layOut":"","options_tooltip":true,"options_description":true,"values":[{"label":"\ud83d\udc64 People (295\u20ac)","value":"People (279\u20ac)","selected":true,"tempId":"aco_32","tooltip":"","description":"","gt_translate_keys":["label","tooltip","description"]}],"priceOptions":"fixed_for_all","pricingType":"fixed","price":"295","cl_rule":"show","col":6,"type":"radio-group","isWeightTemplate":false,"error":false,"isTemplate":false,"quantity_decimal":false,"quantity_step":"1","repeater_field_label":"{field_label}","repeater_bind":"","gt_translate_keys":["label","repeater_field_label","quantity_label"],"price_dependency":false,"cl_dependency":false,"value":""}],[{"label":"","active":true,"required":true,"elementId":"radio-group-0408498057","name":"radio-group-0408498057","label_position":"default","desc_position":"default","enablePrice":true,"className":"","enableCl":true,"relations":[{"operator":false,"rules":[{"operator":"AND","rules":{"cl_field":"radio-group-0408498022","cl_relation":"is","cl_val":"Lower Island"}}]}],"enable_quantity":true,"quantity_label":"","min_quantity":"0","checkUi":"button","layOut":"","options_tooltip":true,"options_description":true,"values":[{"label":"\ud83d\udc64 People (430\u20ac)","value":"People (390\u20ac)","selected":true,"tempId":"aco_32","tooltip":"","description":"","gt_translate_keys":["label","tooltip","description"]}],"priceOptions":"fixed_for_all","pricingType":"fixed","price":"430","cl_rule":"show","col":6,"type":"radio-group","isWeightTemplate":false,"error":false,"isTemplate":false,"quantity_decimal":false,"quantity_step":"1","repeater_field_label":"{field_label}","repeater_bind":"","gt_translate_keys":["label","repeater_field_label","quantity_label"],"price_dependency":false,"cl_dependency":false,"value":""}],[{"label":"","active":true,"required":true,"elementId":"radio-group-0408498058","name":"radio-group-0408498058","label_position":"default","desc_position":"default","enablePrice":true,"className":"","enableCl":true,"relations":[{"operator":false,"rules":[{"operator":"AND","rules":{"cl_field":"radio-group-0408498022","cl_relation":"is","cl_val":"Teide Luxury"}}]}],"enable_quantity":true,"quantity_label":"","min_quantity":"0","checkUi":"button","layOut":"","options_tooltip":true,"options_description":true,"values":[{"label":"\ud83d\udc64 People (545\u20ac)","value":"People (495\u20ac)","selected":true,"tempId":"aco_32","tooltip":"","description":"","gt_translate_keys":["label","tooltip","description"]}],"priceOptions":"fixed_for_all","pricingType":"fixed","price":"545","cl_rule":"show","col":6,"type":"radio-group","isWeightTemplate":false,"error":false,"isTemplate":false,"quantity_decimal":false,"quantity_step":"1","repeater_field_label":"{field_label}","repeater_bind":"","gt_translate_keys":["label","repeater_field_label","quantity_label"],"price_dependency":false,"cl_dependency":false,"value":""}]]},"sec_26627d7baa803f":{"extra":{"key":"sec_26627d7baa803f","section_id":"sec_26627d7baa803f","name":"Departure","status":1,"cl_rule":"show","enableCl":false,"relations":[],"toggle":true,"title_tag":"h4","show_title":false,"showPrice":"default","form_id":11343,"form_rules":{"exclude_from_discount":true,"fee_label":"Fee","disp_hide_options_price":true,"disp_show_section_price":false,"disp_show_field_price":true,"layout_option":"standard","pric_use_as_fee":false,"process_fee_as":"woo_fee"},"layout_option":"standard"},"fields":[[{"active":true,"col":6,"relations":false,"cl_rule":"show","enableCl":false,"price":"","enablePrice":false,"className":"","label_position":"default","desc_position":"default","type":"separator","required":false,"elementId":"separator_106627d7baa8049","label":"Separator Field","height":"5","separatorType":"blank","error":false,"gt_translate_keys":["label"],"price_dependency":false,"cl_dependency":false,"value":""}],[{"active":true,"col":6,"relations":[{"operator":false,"rules":[{"operator":"AND","rules":{"cl_field":"radio-group_106627d7baa7fc7","cl_relation":"is","cl_val":"3 Hour Trip"}}]}],"cl_rule":"show","enableCl":false,"price":"","enablePrice":false,"className":"","label_position":"default","desc_position":"default","type":"select","required":false,"elementId":"select_96627d7baa8052","label":"\u23f0 Departure Time","name":"select_96627d7baa8052","values":[{"label":"Morning","value":"Morning","selected":false,"tempId":"aco_1074","gt_translate_keys":["label"]}],"dropdown_type":"basic","error":false,"placeholder":"","gt_translate_keys":["label","placeholder"],"price_dependency":false,"cl_dependency":false,"value":""}],[{"active":true,"col":6,"relations":false,"cl_rule":"show","enableCl":false,"price":"","enablePrice":false,"className":"","label_position":"default","desc_position":"default","type":"separator","required":false,"elementId":"separator_7627431357","label":"Separator Field","height":"2","separatorType":"blank","error":false,"gt_translate_keys":["label"],"price_dependency":false,"cl_dependency":false,"value":""}],[{"active":true,"col":6,"relations":[{"operator":false,"rules":[{"operator":"AND","rules":{"cl_field":"date_76627d7baa7fb8","cl_relation":"is_not_empty","cl_val":""}}]}],"cl_rule":"show","enableCl":true,"price":"","enablePrice":false,"className":"","label_position":"default","desc_position":"default","type":"textarea","required":true,"elementId":"textarea_5613841028","label":"\ud83d\ude4b\ud83c\udffd\u200d\u2642\ufe0f Weight","name":"textarea_5613841028","value":"","rows":2,"error":false,"description":"Passenger weight is required. The maximum allowed per person is 110 kg. If a passenger weighs more than 110 kg, a surcharge equivalent to half of an additional ticket will apply.","placeholder":"For example:\n90kg\n77kg","isWeightTemplate":false,"isTemplate":false,"min_quantity":"1","quantity_decimal":false,"quantity_step":"1","quantity_label":"Quantity","repeater_field_label":"{field_label}","repeater_bind":"","gt_translate_keys":["label","placeholder","description","value","repeater_field_label","quantity_label"],"price_dependency":false,"cl_dependency":false}]]}},"config":{"price_override":"always","enable_recaptcha":false,"bind_quantity":false,"quantity_bind_formula":false,"disp_summ_show_option_price":true,"disp_summ_show_product_price":false,"disp_summ_show_total_price":true,"disp_summ_show_fee":true,"disp_summ_show_discount":true,"summary_title":"","options_total_label":"Options Price","total_label":"Total Amount","options_product_label":"Product Price","fee_label":"Fee","discount_label":"Discount","has_price":true,"has_quantity_formula":false},"mc_unit":1,"tax_rate":1,"tax_rate_real":1,"discount":{"percentage":0,"fixed":0},"design":{"conf":{"LabelPosition":"above","DescPosition":"above","UploadField":"custom_1","QuantityFieldStyle":"custom_1"},"css":{"LeftLabelWidth":"120px"}},"formulas":[],"lookuptables":[],"clones":false,"cartKey":false}},"_links":{"self":[{"href":"https:\/\/canaryvip.com\/sl\/wp-json\/wp\/v2\/product\/11288","targetHints":{"allow":["GET"]}}],"collection":[{"href":"https:\/\/canaryvip.com\/sl\/wp-json\/wp\/v2\/product"}],"about":[{"href":"https:\/\/canaryvip.com\/sl\/wp-json\/wp\/v2\/types\/product"}],"replies":[{"embeddable":true,"href":"https:\/\/canaryvip.com\/sl\/wp-json\/wp\/v2\/comments?post=11288"}],"wp:featuredmedia":[{"embeddable":true,"href":"https:\/\/canaryvip.com\/sl\/wp-json\/wp\/v2\/media\/11296"}],"wp:attachment":[{"href":"https:\/\/canaryvip.com\/sl\/wp-json\/wp\/v2\/media?parent=11288"}],"wp:term":[{"taxonomy":"product_brand","embeddable":true,"href":"https:\/\/canaryvip.com\/sl\/wp-json\/wp\/v2\/product_brand?post=11288"},{"taxonomy":"product_cat","embeddable":true,"href":"https:\/\/canaryvip.com\/sl\/wp-json\/wp\/v2\/product_cat?post=11288"},{"taxonomy":"product_tag","embeddable":true,"href":"https:\/\/canaryvip.com\/sl\/wp-json\/wp\/v2\/product_tag?post=11288"}],"curies":[{"name":"wp","href":"https:\/\/api.w.org\/{rel}","templated":true}]}}