{"id":11268,"date":"2024-04-14T23:59:56","date_gmt":"2024-04-14T22:59:56","guid":{"rendered":"https:\/\/canaryvip.com\/?post_type=product&#038;p=11268"},"modified":"2025-12-02T11:33:37","modified_gmt":"2025-12-02T11:33:37","slug":"rent-a-boat-compass-160e-without-license","status":"publish","type":"product","link":"https:\/\/canaryvip.com\/sl\/shop\/rent-a-boat-compass-160e-without-license\/","title":{"rendered":"Najem \u010dolna Compass 160e brez licence"},"content":{"rendered":"<h2>Najem Compass 160e brez licence na CanaryVIP<\/h2>\n<p><strong>S programom CanaryVIP usmerite svojo pot:<\/strong> Prevzemite nadzor nad svojo vodno pustolov\u0161\u010dino z modelom Compass 160e, okretnim motornim \u010dolnom, ki je kot nala\u0161\u010d za vse, ki \u017eelijo najeti \u010doln na Tenerifih in u\u017eivati v svobodi samostojne plovbe.<\/p>\n<p>Ta \u010doln, za katerega ni potrebno dovoljenje, je na voljo od leta 2023 in je zasnovan v kompaktni dol\u017eini 5 m ter je idealen za vse, ki si \u017eelijo raziskati obalne lepote Tenerifov z na\u0161o storitvijo najema \u010dolna s samovoze\u010dim vozilom na Tenerifih.<\/p>\n<p>Odhod iz ikoni\u010dnega <a href=\"https:\/\/maps.app.goo.gl\/F7XZ1rpbWXBTYFND9\" target=\"_blank\" rel=\"noopener\">Los Gigantes<\/a>, kjer je <strong>Kompas 160e<\/strong> ponuja edinstveno prilo\u017enost za odkrivanje osamljenih koti\u010dkov, son\u010denje ali piknik na vodi, obdani s kristalno \u010distimi valovi Atlantika.<\/p>\n<p><strong>Obrt udobja in zanesljivosti:<\/strong>\u00a0Compass 160e je zasnovan za lahkotno plovbo, saj je opremljen z motorjem z mo\u010djo 15 KM, ki zagotavlja nemoteno jadranje. Ta \u010doln lahko sprejme do 6 potnikov in je idealen za tiste, ki \u017eelijo najeti \u010doln na Tenerifih za poldnevni najem ali celodnevne pustolov\u0161\u010dine.<\/p>\n<h3>\ud83d\udea4 Compass 160e Tenerife: Va\u0161emu potovanju, va\u0161emu povelju<\/h3>\n<ul>\n<li><strong>Kompaktna zasnova:<\/strong> Vozite popolnoma novo vozilo Compass 160e iz leta 2023, ki slovi po svojem elegantnem videzu in udobni navigaciji.<\/li>\n<li><strong>Osupljiva pokrajina:<\/strong> Jadrajte v bli\u017eini znamenitih Tenerifskih klifov Masca in Los Gigantes ter u\u017eivajte v \u017eivahnem morskem \u017eivljenju.<\/li>\n<li><strong>Zasebni potopi:<\/strong> Zasidrajte se v skritih zaliv\u010dkih, ki so idealni za plavanje, potapljanje ali son\u010denje.<\/li>\n<li><strong>Prigrizki na morju:<\/strong> Svoboda, da na krov prinesete in u\u017eivate v lastni hrani, \u0161e pove\u010da to osebno izku\u0161njo najema \u010dolna z lastnim pogonom na Tenerifih.<\/li>\n<li><strong>Nezahtevno rokovanje:<\/strong> S svojo uporabniku prijazno zasnovo in stabilnimi potovalnimi zmogljivostmi Compass 160e omogo\u010da plovbo vsem.<\/li>\n<\/ul>\n<h3>\u2728 Klju\u010dne podrobnosti o najemu vozila Compass 160e<\/h3>\n<p><strong>Prilagojeno va\u0161im \u017eeljam:<\/strong> Na\u0161 Compass 160e, primeren za do 6 oseb, je kot nala\u0161\u010d za oddih v dvoje ali skupinski izlet in je pripravljen na vsak dogodek. Na voljo so iz\u010drpna navodila, ki zagotavljajo varno in prijetno izku\u0161njo na vodi.<\/p>\n<p><strong>Vsestranska izbira za vse:<\/strong> Compass 160e brez vozni\u0161kega dovoljenja je idealen za dru\u017eine, prijatelje ali samostojne raziskovalce in vam omogo\u010da, da do\u017eivite me\u0161anico avtonomije in slikovitega razko\u0161ja na ozadju obale Tenerifov.<\/p>\n<h3>\ud83d\udea4 Priprava na izlet z vozilom Compass 160e<\/h3>\n<p>Pripravite se na nepozaben dan na morju z osnovnimi potreb\u0161\u010dinami, kot so kopalke in krema za son\u010denje. Vsa potrebna navigacijska orodja so na voljo pri nas, zato se lahko osredoto\u010dite le na u\u017eitek pri odkrivanju.<\/p>\n<p>Ne pozabite na fotoaparat, s katerim boste ujeli \u010dudovite razglede na obale Tenerifov in vodno \u017eivljenje, ki se razvija pod njimi.<\/p>\n<h3>\ud83d\ude99 Izhodi\u0161\u010de in parkiri\u0161\u010de<\/h3>\n<p><strong>Za\u010dnite pri <a href=\"https:\/\/maps.app.goo.gl\/F7XZ1rpbWXBTYFND9\" target=\"_blank\" rel=\"noopener\">Los Gigantes<\/a>:<\/strong> Va\u0161a pomorska pustolov\u0161\u010dina se za\u010dne v <strong>Puerto de Los Gigantes.<\/strong> Veliko parkiri\u0161\u010d v pristani\u0161\u010du omogo\u010da la\u017eji za\u010detek dneva. \u010ce \u017eelite za\u010deti pot brez naglice, prispevajte nekoliko prej.<\/p>\n<h3>\ud83d\udea4 Razi\u0161\u010dite tudi: Najem Saxdor 200 z licenco<\/h3>\n<p>Za tiste, ki i\u0161\u010dejo me\u0161anico razko\u0161ja in zmogljivosti, si oglejte na\u0161e <strong><a href=\"https:\/\/canaryvip.com\/sl\/shop\/rent-boat-saxdor-200-with-license\/\">Saxdor 200 z licenco.<\/a><\/strong> Ta prefinjena mo\u017enost je kot nala\u0161\u010d za tiste, ki \u017eelijo prevzeti krmilo in u\u017eivati v vrhunski izku\u0161nji plovbe z nekoliko ve\u010d mo\u010di in sloga.<\/p>\n<p>Plovilo Saxdor 200, ki odpluje iz istega priznanega kraja Los Gigantes, ponuja vrhunsko navti\u010dno pustolov\u0161\u010dino z motorjem s 115 KM in zmogljivostjo do 6 gostov. Do\u017eivite vznemirjenje ob prebijanju valov in u\u017eivajte v razko\u0161nem udobju in najsodobnej\u0161i zasnovi na\u0161ega plovila Saxdor 200.<\/p>\n<h3>\ud83c\udf1f Obljuba CanaryVIP za vas<\/h3>\n<p>V podjetju CanaryVIP dajemo prednost va\u0161emu zadovoljstvu pred vsem drugim. U\u017eivajte v prilagodljivih pravilih odpovedi, ki zagotavljajo varnost, ko rezervirate svoj <strong>Najem vozila Compass 160e.<\/strong> Zavezani smo k zagotavljanju izjemnih storitev s poudarkom na varnosti in \u017eelji po izbolj\u0161anju va\u0161ega do\u017eivetja veli\u010dastnih voda na Tenerifih.<\/p>\n<p>Odplujte na pustolov\u0161\u010dino z <strong>Kompas 160e brez licence,<\/strong>\u00a0kri\u017earjenje po \u010dudovitem morju Tenerifov in odkrivanje skritih draguljev ob obali <strong>Los Gigantes.<\/strong><\/p>\n<p>\u0160e danes rezervirajte ekskluzivno navti\u010dno pustolov\u0161\u010dino, ki zdru\u017euje neodvisnost, udobje in neokrnjeno lepoto Kanarskih otokov. Rezervirajte zdaj in si ustvarite trajne spomine na morju!<\/p>","protected":false},"excerpt":{"rendered":"<p><strong>\ud83d\udd0d Izposoja \u010dolna Poudarki:<\/strong><br \/>\n\u2705 Varno pla\u010dilo.<br \/>\n\ud83e\udeaa Brez dovoljenja za plovilo.<br \/>\n\ud83d\udee5\ufe0f 5m Dolg \u010doln.<br \/>\n\u23f3 Dnevni najem 2-8 ur.<br \/>\n\ud83d\udd59 Prilagodljivi \u010dasi odhoda.<br \/>\n\ud83d\udc65 Do 6 gostov.<br \/>\n\ud83e\udd3f Oprema za potapljanje je na voljo.<br \/>\n\ud83e\udd11 Zagotovljena najbolj\u0161a cena.<br \/>\n\ud83d\udc6a Aktivirani popusti.<br \/>\n\ud83d\udd01 Do 4 dni odpovedi.<br \/>\n\ud83c\udf0d Ve\u010djezi\u010dna podpora.<br \/>\n\ud83c\udf1f Rezervirajte zgodaj in prihranite!<br \/>\n\ud83d\udccd Odhod iz\u00a0<a href=\"https:\/\/maps.app.goo.gl\/F7XZ1rpbWXBTYFND9\">Los Gigantes<\/a>.<\/p>","protected":false},"featured_media":11269,"comment_status":"open","ping_status":"closed","template":"","meta":{"_acf_changed":false},"product_brand":[],"product_cat":[130],"product_tag":[],"class_list":{"0":"post-11268","1":"product","2":"type-product","3":"status-publish","4":"has-post-thumbnail","6":"product_cat-self-drive-boat-hire","7":"wcpa_has_options","9":"first","10":"instock","11":"virtual","12":"purchasable","13":"product-type-simple"},"acf":[],"wcpa_form_fields":{"wcpaData":{"product":{"product_price":220,"price_html":"From&nbsp;<span class=\"woocommerce-Price-amount amount\"><bdi>220,00&nbsp;<span class=\"woocommerce-Price-currencySymbol\">&euro;<\/span><\/bdi><\/span>","original_product_price":220,"price_including_tax":220,"price_excluding_tax":220,"product_id":{"parent":11268,"variation":false},"is_variable":false,"stock_status":"instock","stock_quantity":null,"parent_sku":"CV11268","product_attributes":[],"custom_fields":[],"is_taxable":false,"product_name":"Rent Boat Compass 160e Without License","hasImage":false},"fields":{"sec_7692ecea7b7938":{"extra":{"key":"sec_7692ecea7b7938","section_id":"sec_7692ecea7b7938","name":"Default","status":1,"cl_rule":"show","enableCl":false,"relations":[],"toggle":true,"title_tag":"h3","show_title":false,"showPrice":"default","form_id":16318,"form_rules":{"exclude_from_discount":true,"fee_label":"Fee","disp_hide_options_price":true,"disp_show_section_price":false,"disp_show_field_price":true,"layout_option":"standard","pric_use_as_fee":false,"process_fee_as":"woo_fee"},"layout_option":"standard"},"fields":[[{"label":"\ud83d\udcc5 Date","active":true,"required":true,"elementId":"date_9692ecea7b7958","picker_type":"custom","picker_mode":"single","placeholder":"","description":"","tooltip":"","name":"date_9692ecea7b7958","label_position":"default","desc_position":"default","enablePrice":false,"className":"","enableCl":false,"relations":[{"operator":"and","rules":[{"operator":"AND","rules":{"cl_field":"radio-group_565c78ffa81208","cl_relation":"is","cl_val":"3 Hour Trip"}}]}],"date_pic_inline":true,"date_pic_inline_hide":true,"min_date":{"type":"days","val":"0"},"max_date":{"type":"days","val":"365"},"date_pic_conf":{"disabledWeeks":[],"disabledDates":[]},"price":"","cl_rule":"show","col":6,"type":"date","error":false,"enableDesign":false,"LabelColor":"","isWeightTemplate":false,"isTemplate":false,"min_quantity":"1","quantity_decimal":false,"quantity_step":"1","quantity_label":"Quantity","repeater_field_label":"{field_label}","repeater_bind":"","gt_translate_keys":["label","placeholder","description","tooltip","repeater_field_label","quantity_label"],"price_dependency":false,"cl_dependency":false,"value":""}],[{"active":true,"col":6,"relations":false,"cl_rule":"show","enableCl":false,"price":"","enablePrice":true,"className":"","label_position":"default","desc_position":"default","type":"select","required":true,"elementId":"select_10692ecea7b7973","label":"\u23f3 Trip Duration","name":"select_10692ecea7b7973","values":[{"label":"2 Hours (220\u20ac)","value":"2","selected":false,"tempId":"aco_85","price":"220","gt_translate_keys":["label"]},{"label":"3 Hours (250\u20ac)","value":"3","selected":false,"tempId":"aco_556","price":"250","gt_translate_keys":["label"]},{"label":"4 Hours (310\u20ac)","value":"4","selected":false,"tempId":"aco_605","price":"310","gt_translate_keys":["label"]},{"label":"5 Hours (370\u20ac)","value":"5","selected":false,"tempId":"aco_724","price":"370","gt_translate_keys":["label"]},{"label":"6 Hours (430\u20ac)","value":"6","selected":false,"tempId":"aco_401","price":"430","gt_translate_keys":["label"]}],"dropdown_type":"basic","error":false,"placeholder":"Select Trip Duration","priceOptions":"different_for_all","pricingType":"fixed","is_show_price":false,"isWeightTemplate":false,"isTemplate":false,"min_quantity":"1","quantity_decimal":false,"quantity_step":"1","quantity_label":"Quantity","repeater_field_label":"{field_label}","repeater_bind":"","gt_translate_keys":["label","placeholder","repeater_field_label","quantity_label"],"price_dependency":false,"cl_dependency":false,"value":""}],[{"active":true,"col":6,"relations":[{"operator":false,"rules":[{"operator":"AND","rules":{"cl_field":"radio-group_565c78ffa81208","cl_relation":"is","cl_val":"3 Hour Trip"}}]}],"cl_rule":"show","enableCl":false,"price":"","enablePrice":false,"className":"","label_position":"default","desc_position":"default","type":"select","required":false,"elementId":"select_4692ecea7b79b3","label":"\u23f0 Departure Time","name":"select_4692ecea7b79b3","values":[{"label":"10:00","value":"10:00","selected":false,"tempId":"aco_1472","gt_translate_keys":["label"]},{"label":"13:00","value":"13:00","selected":false,"tempId":"aco_1500","gt_translate_keys":["label"]},{"label":"14:00","value":"14:00","selected":false,"tempId":"aco_1510","gt_translate_keys":["label"]},{"label":"15:00","value":"15:00","selected":false,"tempId":"aco_1520","gt_translate_keys":["label"]}],"dropdown_type":"basic","error":false,"placeholder":"Whichever Time is Best","isWeightTemplate":false,"isTemplate":false,"min_quantity":"1","quantity_decimal":false,"quantity_step":"1","quantity_label":"Quantity","repeater_field_label":"{field_label}","repeater_bind":"","gt_translate_keys":["label","placeholder","repeater_field_label","quantity_label"],"price_dependency":false,"cl_dependency":false,"value":""}],[{"elementId":"separator_3692ecea7b79bd","separatorType":"blank","className":"","height":"1","enableCl":false,"relations":false,"cl_rule":"show","col":6,"type":"separator","gt_translate_keys":[],"price_dependency":false,"cl_dependency":false,"value":""}],[{"label":"\u2705 Number of People","active":true,"required":true,"elementId":"select_8692ecea7b79c7","dropdown_type":"basic","placeholder":"Select Number of People","name":"select_8692ecea7b79c7","label_position":"default","desc_position":"default","enablePrice":false,"className":"","enableCl":false,"relations":[{"operator":false,"rules":[{"operator":"AND","rules":{"cl_field":"radio-group_565c78ffa81208","cl_relation":"is","cl_val":"3 Hour Trip"}}]}],"values":[{"label":"1 person","value":"1","selected":false,"tempId":"aco_1471","gt_translate_keys":["label"]},{"label":"2 people","value":"2","selected":false,"tempId":"aco_1472","gt_translate_keys":["label"]},{"label":"3 people","value":"3","selected":false,"tempId":"aco_1500","gt_translate_keys":["label"]},{"label":"4 people","value":"4","selected":false,"tempId":"aco_1510","gt_translate_keys":["label"]},{"label":"5 people","value":"5","selected":false,"tempId":"aco_1520","gt_translate_keys":["label"]},{"label":"6 people","value":"6","selected":false,"tempId":"aco_2006","gt_translate_keys":["label"]}],"price":"","cl_rule":"show","col":6,"type":"select","error":false,"isWeightTemplate":false,"isTemplate":false,"min_quantity":"1","quantity_decimal":false,"quantity_step":"1","quantity_label":"Quantity","repeater_field_label":"{field_label}","repeater_bind":"","gt_translate_keys":["label","placeholder","repeater_field_label","quantity_label"],"price_dependency":false,"cl_dependency":false,"value":""}]]}},"config":{"price_override":"always","enable_recaptcha":false,"bind_quantity":false,"quantity_bind_formula":false,"disp_summ_show_option_price":true,"disp_summ_show_product_price":false,"disp_summ_show_total_price":true,"disp_summ_show_fee":true,"disp_summ_show_discount":true,"summary_title":"","options_total_label":"Options Price","total_label":"Total Amount","options_product_label":"Product Price","fee_label":"Fee","discount_label":"Discount","has_price":true,"has_quantity_formula":false},"mc_unit":1,"tax_rate":1,"tax_rate_real":1,"discount":{"percentage":0,"fixed":0},"design":{"conf":{"LabelPosition":"above","DescPosition":"above","UploadField":"custom_1","QuantityFieldStyle":"custom_1"},"css":{"LeftLabelWidth":"120px"}},"formulas":{"fmla_1708364241278155361":"(({field.select_10692ecea7b7973.value}>=6)?(130):(({field.select_10692ecea7b7973.value}>=5)?(110):(({field.select_10692ecea7b7973.value}>=4)?(90):(({field.select_10692ecea7b7973.value}>=3)?(70):(({field.select_10692ecea7b7973.value}>=2)?(60):(0))))))","fmla_172299064258378161":"(({field.select_10692ecea7b7973.value}>=6)?(330):(({field.select_10692ecea7b7973.value}>=5)?(280):(({field.select_10692ecea7b7973.value}>=4)?(230):(({field.select_10692ecea7b7973.value}>=3)?(180):(({field.select_10692ecea7b7973.value}>=2)?(120):(0))))))"},"lookuptables":[],"clones":false,"cartKey":false}},"_links":{"self":[{"href":"https:\/\/canaryvip.com\/sl\/wp-json\/wp\/v2\/product\/11268","targetHints":{"allow":["GET"]}}],"collection":[{"href":"https:\/\/canaryvip.com\/sl\/wp-json\/wp\/v2\/product"}],"about":[{"href":"https:\/\/canaryvip.com\/sl\/wp-json\/wp\/v2\/types\/product"}],"replies":[{"embeddable":true,"href":"https:\/\/canaryvip.com\/sl\/wp-json\/wp\/v2\/comments?post=11268"}],"wp:featuredmedia":[{"embeddable":true,"href":"https:\/\/canaryvip.com\/sl\/wp-json\/wp\/v2\/media\/11269"}],"wp:attachment":[{"href":"https:\/\/canaryvip.com\/sl\/wp-json\/wp\/v2\/media?parent=11268"}],"wp:term":[{"taxonomy":"product_brand","embeddable":true,"href":"https:\/\/canaryvip.com\/sl\/wp-json\/wp\/v2\/product_brand?post=11268"},{"taxonomy":"product_cat","embeddable":true,"href":"https:\/\/canaryvip.com\/sl\/wp-json\/wp\/v2\/product_cat?post=11268"},{"taxonomy":"product_tag","embeddable":true,"href":"https:\/\/canaryvip.com\/sl\/wp-json\/wp\/v2\/product_tag?post=11268"}],"curies":[{"name":"wp","href":"https:\/\/api.w.org\/{rel}","templated":true}]}}