{"id":11261,"date":"2024-04-14T23:07:38","date_gmt":"2024-04-14T22:07:38","guid":{"rendered":"https:\/\/canaryvip.com\/?post_type=product&#038;p=11261"},"modified":"2025-06-29T14:59:11","modified_gmt":"2025-06-29T13:59:11","slug":"gladiux-show-tenerife","status":"publish","type":"product","link":"https:\/\/canaryvip.com\/sl\/shop\/gladiux-show-tenerife\/","title":{"rendered":"Gladiux Show Tenerife"},"content":{"rendered":"<h2>\ud83d\udee1\ufe0f Do\u017eivite vznemirjenje v starem Rimu: Gladiux Show Tenerife<\/h2>\n<p>Odpravite se na vznemirljivo potovanje v stari Rim z na\u0161o predstavo Gladiux v veli\u010dastnem <strong>Gladiux Xanadu na Tenerifih.<\/strong> Ta predstava je kot nala\u0161\u010d za ljubitelje zgodovine in tiste, ki i\u0161\u010dejo ve\u010der edinstvene zabave, saj zdru\u017euje vznemirljivost gladiatorskih bitk z eleganco srednjeve\u0161ke glasbe in plesa.<\/p>\n<h3>\ud83c\udfdf\ufe0f No\u010d rimske hrabrosti: itinerarij in zanimivosti<\/h3>\n<ul>\n<li><strong>Urnik:<\/strong> Pridru\u017eite se nam ob sredah ob 21.00 na adrenalinskem spektaklu ali ob sobotah ob 19.30 na na\u0161em najbolj priljubljenem praznovanju, ki vklju\u010duje razko\u0161no ve\u010derjo na \u017earu.<\/li>\n<li><strong>Lokacija:<\/strong> Gladiux Xanadu je le 20 minut oddaljen od mesta Costa Adeje in ponuja slikovito okolje, ki vas popelje neposredno v \u010das gladiatorjev in rimskih vozov.<\/li>\n<li><strong>Kuhinja:<\/strong> Ob sobotah u\u017eivajte v me\u0161ani ve\u010derji na \u017earu, ob sredah pa se odlo\u010dite za ve\u010derjo po naro\u010dilu. Obrok lahko dopolnite z izbrano sangrio, vinom in brezalkoholnimi pija\u010dami.<\/li>\n<\/ul>\n<h3>\ud83c\udf9f\ufe0f Prilagodite svojo gladiatorsko izku\u0161njo<\/h3>\n<ul>\n<li><strong>Vstopnice:<\/strong> Z na\u0161imi prilagodljivimi mo\u017enostmi vstopnic, oblikovanimi za razli\u010dne \u017eelje in velikosti skupin, se lahko potopite v vznemirljivo vzdu\u0161je Gladiux Xanadu.<\/li>\n<li><strong>Skupinske rezervacije:<\/strong> Odli\u010dno za poslovne dogodke, zasebne zabave, rojstne dneve in drugo. Prilagodite svoj dogodek s tematskimi gladiatorskimi kostumi, zanimivimi nastopi in prilagojenimi zabavnimi paketi. Obi\u0161\u010dite CanaryVIP <a href=\"https:\/\/canaryvip.com\/sl\/contact\/\">kontaktna stran<\/a> za podrobne informacije in na\u010drtovanje nepozabnega do\u017eivetja, prilagojenega va\u0161im posebnim potrebam.<\/li>\n<\/ul>\n<h3>\ud83d\udde1\ufe0f Potopite se v areno<\/h3>\n<ul>\n<li><strong>Bitke:<\/strong> Oglejte si razburljive gladiatorske boje, ki jih vodijo izurjeni jezdeci in so zasnovani tako, da prikazujejo veli\u010dino rimskih bojev brez ogro\u017eanja varnosti.<\/li>\n<li><strong>Interaktivna zabava:<\/strong> Za\u010dutite utrip starega Rima, ko boste podpirali svojega najljub\u0161ega gladiatorja med spopadom jekla in navijanja.<\/li>\n<\/ul>\n<h3>\ud83c\udf89 Gostovanje dogodkov v Gladiux Xanadu<\/h3>\n<ul>\n<li><strong>Zasebni dogodki:<\/strong> Gladiux Xanadu ni le spektakularno prizori\u0161\u010de, temve\u010d je na voljo tudi za zasebne rezervacije. Idealen je za tematske zabave z gladiatorskimi kostumi in predstavami, prilagojenimi va\u0161im potrebam.<\/li>\n<\/ul>\n<h3>\ud83c\udf56 Praznujte kot Rimljani<\/h3>\n<p><strong>Mo\u017enosti menija:<\/strong> Privo\u0161\u010dite si posebno sobotno me\u0161anico na \u017earu ali pa katerikoli ve\u010der izberite vegetarijanske in brezglutenske jedi. U\u017eivajte v tradicionalnih rimskih jedeh v kombinaciji z lokalnimi dobrotami.<\/p>\n<p><strong>VE\u010cERJA:<\/strong><\/p>\n<ul>\n<li><strong>Dobrodo\u0161li:<\/strong> Kozarec cave<\/li>\n<li><strong>Za\u010detnik:<\/strong> Kruh in maslo<\/li>\n<li><strong>Posebnost:<\/strong>\n<ul>\n<li><strong>Prvi te\u010daj:<\/strong> Zelenjavna juha<\/li>\n<li><strong>Drugi te\u010daj:<\/strong> Mesni \u017ear \u017ear: Paradi\u017enikova solata s sirom, \u010dips, Xanad\u00fa Canarian mojo, pi\u0161\u010danec, svinjski kotlet in chorizo na \u017earu.<\/li>\n<\/ul>\n<\/li>\n<li><strong>Sladica:<\/strong> Tipi\u010dna kanarska krema in smetana<\/li>\n<li><strong>Pija\u010de:<\/strong> Vino, sangrija, osve\u017eilne pija\u010de, pivo in voda<\/li>\n<\/ul>\n<p><strong>Po \u017eelji:<\/strong> Vegetarijanski \/ brezglutenski meni<\/p>\n<h3>\u2696\ufe0f Pravila rezervacij in odpovedi<\/h3>\n<ul>\n<li><strong>Predhodna rezervacija:<\/strong> Svoje sede\u017ee si zagotovite zgodaj prek <strong>CanaryVIP<\/strong> in si zagotovite konkuren\u010dne cene ter nemoteno na\u010drtovan obisk.<\/li>\n<li><strong>Prilagodljive odpovedi:<\/strong> Za individualne rezervacije nudimo brezpla\u010dno odpoved do 24 ur pred rezervirano seanso, za skupine pa podalj\u0161ano mo\u017enost odpovedi. Podrobna pravila za skupinske odpovedi si oglejte na na\u0161em spletnem mestu.<\/li>\n<\/ul>\n<h3>\ud83d\ude97 Na\u010drtujte svoj obisk<\/h3>\n<ul>\n<li><strong>Dostop do lokacije:<\/strong> Do hotela Gladiux Xanadu lahko enostavno dostopate z brezpla\u010dnim parkiri\u0161\u010dem na kraju samem ali z neobveznim prevozom, ki je na voljo za simboli\u010dno pla\u010dilo z ju\u017enega dela Tenerifa.<\/li>\n<li><strong>No\u010di dogodkov:<\/strong> Predstave Gladiux so na voljo vsako sredo in soboto, druge dni pa lahko na prizori\u0161\u010du u\u017eivate v prilo\u017enostnih ve\u010derjah ali jahanju.<\/li>\n<\/ul>\n<h3>\ud83c\udf1f Vstopite v areno zgodovine<\/h3>\n<p>Ne zamudite te edinstvene prilo\u017enosti, da na Gladiux Show Tenerife do\u017eivite no\u010d zgodovinske drame in rimskega spektakla.<\/p>\n<p>Rezervirajte svoje mesto \u0161e danes in se prepustite veli\u010dastnosti anti\u010dnih gladiatorjev in srednjeve\u0161kemu slavju, ki bo obogatilo va\u0161o popotni\u0161ko pustolov\u0161\u010dino. Rezervirajte zdaj in si zagotovite nepozaben ve\u010der zgodovine, spektakla in kulinari\u010dnih u\u017eitkov! \ud83c\udff0\ud83c\udf57<\/p>","protected":false},"excerpt":{"rendered":"<p>\ud83d\udd0d <strong>Gladiux Prika\u017ei poudarke:<\/strong><br \/>\n\u2705 Varno pla\u010dilo.<br \/>\n\ud83d\udd25 Razburljive gladiatorske bitke.<br \/>\n\ud83d\udcc5 ob sredah in sobotah.<br \/>\n\u23f0 Prika\u017ei: 19:30 - 21:00.<br \/>\n\ud83c\udf56 Vklju\u010dena ve\u010derja na \u017earu.<br \/>\n\ud83c\udf77 Sangrija, vino in brezalkoholne pija\u010de.<br \/>\n\ud83c\udf0d Oddaje v angle\u0161\u010dini.<br \/>\n\ud83d\ude97 Brezpla\u010dno parkiri\u0161\u010de in neobvezen prevoz.<br \/>\n\ud83e\udd11 Zagotovljena najbolj\u0161a cena.<br \/>\n\ud83d\udc65 Skupinski popusti na voljo.<br \/>\n\ud83d\udd04 Brezpla\u010dna odpoved do 24 ur.<br \/>\n\ud83c\udf1f Rezervirajte zgodaj, priljubljen dogodek!<br \/>\n\ud83c\udfdb\ufe0f Lokacija na <a href=\"https:\/\/maps.app.goo.gl\/R9fiHWAcP4tLy9Mu9\">Xanadu<\/a>, Tenerife.<\/p>","protected":false},"featured_media":11279,"comment_status":"open","ping_status":"closed","template":"","meta":{"_acf_changed":false},"product_brand":[],"product_cat":[59],"product_tag":[],"class_list":{"0":"post-11261","1":"product","2":"type-product","3":"status-publish","4":"has-post-thumbnail","6":"product_cat-evening-shows","7":"wcpa_has_options","9":"first","10":"instock","11":"virtual","12":"purchasable","13":"product-type-simple"},"acf":[],"wcpa_form_fields":{"wcpaData":{"product":{"product_price":35,"price_html":"From&nbsp;<span class=\"woocommerce-Price-amount amount\"><bdi>35,00&nbsp;<span class=\"woocommerce-Price-currencySymbol\">&euro;<\/span><\/bdi><\/span>","original_product_price":35,"price_including_tax":35,"price_excluding_tax":35,"product_id":{"parent":11261,"variation":false},"is_variable":false,"stock_status":"instock","stock_quantity":null,"parent_sku":"CV11261","product_attributes":[],"custom_fields":[],"is_taxable":false,"product_name":"Gladiux Show Tenerife","hasImage":false},"fields":{"sec_h102qb2r1b7":{"extra":{"key":"sec_h102qb2r1b7","section_id":"sec_h102qb2r1b7","name":"Calendar","status":1,"cl_rule":"show","enableCl":false,"relations":[],"toggle":true,"title_tag":"h4","show_title":false,"showPrice":"default","form_id":11474,"form_rules":{"exclude_from_discount":true,"fee_label":"Fee","disp_hide_options_price":true,"disp_show_section_price":false,"disp_show_field_price":true,"layout_option":"standard","pric_use_as_fee":false,"process_fee_as":"woo_fee"},"layout_option":"standard"},"fields":[[{"active":true,"col":6,"relations":false,"cl_rule":"show","enableCl":false,"price":"","enablePrice":false,"className":"","label_position":"default","desc_position":"default","type":"content","required":false,"elementId":"content_8084577962","label":"","name":"content_8084577962","contentType":"rich","value":"<p><strong>Show not available at this moment.<\/strong><\/p>","error":false,"enableDesign":true,"DescColor":"#ff0700","gt_translate_keys":["label","value"],"price_dependency":false,"cl_dependency":false}],[{"label":"\ud83d\udcc5 Date","active":true,"required":true,"elementId":"date_96641647ba4193","picker_type":"custom","picker_mode":"single","placeholder":"","description":"","tooltip":"","name":"date_96641647ba4193","label_position":"default","desc_position":"default","enablePrice":false,"className":"","enableCl":false,"relations":[{"operator":"and","rules":[{"operator":"AND","rules":{"cl_field":"radio-group_96641647ba41a2","cl_relation":"is_not_empty","cl_val":"3 Hour Trip"}}]}],"date_pic_inline":true,"date_pic_inline_hide":true,"min_date":{"type":"days","val":"3"},"max_date":{"type":"days","val":"365"},"date_pic_conf":{"disabledWeeks":[0,1,2,3,4,5,6]},"price":"","cl_rule":"show","col":6,"type":"date","error":false,"enableDesign":false,"LabelColor":"","gt_translate_keys":["label","placeholder","description","tooltip"],"price_dependency":false,"cl_dependency":[false,false],"value":""}]]},"sec_106641647ba41a3":{"extra":{"key":"sec_106641647ba41a3","section_id":"sec_106641647ba41a3","name":"Regular","status":1,"cl_rule":"show","enableCl":true,"relations":[{"operator":false,"rules":[{"operator":"AND","rules":{"cl_field":"date_96641647ba4193","cl_relation":"is_not_empty","cl_val":""}}]}],"toggle":true,"title_tag":"h4","show_title":false,"showPrice":"default","form_id":11474,"form_rules":{"exclude_from_discount":true,"fee_label":"Fee","disp_hide_options_price":true,"disp_show_section_price":false,"disp_show_field_price":true,"layout_option":"standard","pric_use_as_fee":false,"process_fee_as":"woo_fee"},"layout_option":"standard"},"fields":[[{"active":true,"col":6,"relations":false,"cl_rule":"show","enableCl":false,"price":"","enablePrice":false,"className":"","label_position":"default","desc_position":"default","type":"separator","required":false,"elementId":"separator_76641647ba41af","label":"Separator Field","height":"1","separatorType":"blank","error":false,"gt_translate_keys":["label"],"price_dependency":false,"cl_dependency":false,"value":""}],[{"active":true,"col":6,"relations":false,"cl_rule":"show","enableCl":false,"price":"","enablePrice":false,"className":"","label_position":"default","desc_position":"default","type":"content","required":false,"elementId":"content_76641647ba41c3","label":"People","name":"content_76641647ba41c3","contentType":"plain","value":"","error":false,"show_in_checkout":true,"inline":false,"gt_translate_keys":["label","value"],"price_dependency":false,"cl_dependency":false}],[{"active":true,"col":6,"relations":[{"operator":false,"rules":[{"operator":"AND","rules":{"cl_field":"","cl_relation":"","cl_val":""}}]}],"cl_rule":"show","enableCl":true,"price":"45","enablePrice":true,"className":"","label_position":"default","desc_position":"default","type":"radio-group","required":false,"elementId":"radio-group_66641647ba41cd","label":"","name":"radio-group_66641647ba41cd","values":[{"label":"\ud83d\udc64 Adult (45\u20ac)","value":"Adult (45\u20ac)","selected":true,"tempId":"aco_32","tooltip":"+13 Years","description":"","gt_translate_keys":["label","tooltip","description"]}],"layOut":"","error":false,"checkUi":"button","priceOptions":"fixed_for_all","pricingType":"fixed","enable_quantity":true,"quantity_label":"","min_quantity":"0","options_tooltip":true,"options_description":true,"is_show_price":true,"gt_translate_keys":["label","quantity_label"],"price_dependency":["content_3820311617","content-5561342072","content-5624102109"],"cl_dependency":false,"value":""}],[{"label":"","active":true,"required":false,"elementId":"radio-group_46641647ba41d8","name":"radio-group_46641647ba41d8","label_position":"default","desc_position":"default","enablePrice":true,"className":"","enableCl":true,"relations":[{"operator":false,"rules":[{"operator":"AND","rules":{"cl_field":"","cl_relation":"","cl_val":""}}]}],"enable_quantity":true,"quantity_label":"","min_quantity":"0","checkUi":"button","layOut":"","options_tooltip":true,"options_description":true,"values":[{"label":"\ud83d\udc66 Child (22,50\u20ac)","value":"Child (22,50\u20ac)","selected":true,"tempId":"aco_32","tooltip":"4-12 Years","description":"","gt_translate_keys":["label","tooltip","description"]}],"priceOptions":"fixed_for_all","pricingType":"fixed","price":"22.50","cl_rule":"show","col":6,"type":"radio-group","error":false,"is_show_price":true,"gt_translate_keys":["label","quantity_label"],"price_dependency":["content_3820311617","content-5561342072","content-5624102109"],"cl_dependency":false,"value":""}],[{"label":"","active":true,"required":false,"elementId":"radio-group-1941437839","name":"radio-group-1941437839","label_position":"default","desc_position":"default","enablePrice":true,"className":"","enableCl":true,"relations":[{"operator":false,"rules":[{"operator":"AND","rules":{"cl_field":"","cl_relation":"","cl_val":""}}]}],"enable_quantity":true,"quantity_label":"","min_quantity":"0","checkUi":"button","layOut":"","options_tooltip":true,"options_description":true,"values":[{"label":"\ud83d\udc76 Toddle (Free)","value":"Toddle (Free)","selected":true,"tempId":"aco_32","tooltip":"0-3 Years","description":"","gt_translate_keys":["label","tooltip","description"]}],"priceOptions":"fixed_for_all","pricingType":"fixed","price":"0","cl_rule":"show","col":6,"type":"radio-group","error":false,"is_show_price":true,"gt_translate_keys":["label","quantity_label"],"price_dependency":false,"cl_dependency":false,"value":""}],[{"elementId":"separator_96641647ba41b9","separatorType":"fill","className":"","height":"6","enableCl":false,"relations":false,"cl_rule":"show","col":6,"type":"separator","error":false,"separatorColor":"#66a6b6","gt_translate_keys":[],"price_dependency":false,"cl_dependency":false,"value":""}],[{"active":true,"col":6,"relations":false,"cl_rule":"show","enableCl":false,"price":"({field.radio-group_66641647ba41cd.price}*0.3)+({field.radio-group_46641647ba41d8.price}*0.3)","enablePrice":true,"className":"","label_position":"default","desc_position":"default","type":"content","required":false,"elementId":"content_3820311617","label":"Deposit Now","name":"content_3820311617","contentType":"plain","value":"","error":false,"inline":true,"show_in_checkout":true,"subtype":"div","enableDesign":true,"LabelSize":"14px","pricingType":"custom","isTemplate":false,"gt_translate_keys":["label","value"],"price_dependency":false,"cl_dependency":false}],[{"contentType":"plain","active":true,"label":"Payment at Arrival","elementId":"content-5561342072","value":"","inline":true,"show_in_checkout":true,"name":"content-5561342072","enablePrice":true,"className":"","subtype":"div","enableCl":false,"relations":false,"enableDesign":true,"LabelSize":"14px","pricingType":"custom","isTemplate":false,"price":"({field.radio-group_66641647ba41cd.price}*0.7)+({field.radio-group_46641647ba41d8.price}*0.7)","cl_rule":"show","col":6,"type":"content","error":false,"is_show_price":true,"gt_translate_keys":["label","value"],"price_dependency":false,"cl_dependency":false}],[{"contentType":"plain","active":true,"label":"Total Amount","elementId":"content-5624102109","value":"","inline":true,"show_in_checkout":true,"name":"content-5624102109","enablePrice":true,"className":"","subtype":"div","enableCl":false,"relations":false,"enableDesign":true,"LabelSize":"14px","pricingType":"custom","isTemplate":false,"price":"({field.radio-group_66641647ba41cd.price})+({field.radio-group_46641647ba41d8.price})","is_show_price":true,"cl_rule":"show","col":6,"type":"content","error":false,"gt_translate_keys":["label","value"],"price_dependency":false,"cl_dependency":false}]]},"sec_26641647ba4202":{"extra":{"key":"sec_26641647ba4202","section_id":"sec_26641647ba4202","name":"Shuttle Service?","status":1,"cl_rule":"show","enableCl":true,"relations":[{"operator":false,"rules":[{"operator":"AND","rules":{"cl_field":"date_96641647ba4193","cl_relation":"is_not_empty","cl_val":""}}]}],"toggle":true,"title_tag":"h4","show_title":false,"showPrice":"default","form_id":11474,"form_rules":{"exclude_from_discount":true,"fee_label":"Fee","disp_hide_options_price":true,"disp_show_section_price":false,"disp_show_field_price":true,"layout_option":"standard","pric_use_as_fee":false,"process_fee_as":"woo_fee"},"layout_option":"standard"},"fields":[[{"active":true,"col":6,"relations":false,"cl_rule":"show","enableCl":false,"price":"","enablePrice":false,"className":"","label_position":"default","desc_position":"below","type":"checkbox","required":false,"elementId":"checkbox_16641647ba420b","label":"Bus Transfer? (15\u20ac)","name":"checkbox_16641647ba420b","value":"","check_value":"Yes","checkUi":"toggle","error":false,"description":"Pick-up from your hotel in south Tenerife. PAID AT ARRIVAL.","gt_translate_keys":["label","description","value","check_value"],"price_dependency":false,"cl_dependency":["content_106641647ba4214","radio-group_06641647ba421f","radio-group-1726047280","text_16641647ba4231"]}],[{"active":true,"col":6,"relations":false,"cl_rule":"show","enableCl":false,"price":"","enablePrice":false,"className":"","label_position":"default","desc_position":"default","type":"separator","required":false,"elementId":"separator_9863862717","label":"Separator Field","height":"5","separatorType":"blank","error":false,"gt_translate_keys":["label"],"price_dependency":false,"cl_dependency":false,"value":""}],[{"contentType":"plain","active":true,"label":"People for Bus Transfer (Paid at Arrival)","elementId":"content_106641647ba4214","value":"","inline":false,"show_in_checkout":true,"name":"content_106641647ba4214","enablePrice":false,"className":"","enableCl":true,"relations":[{"operator":false,"rules":[{"operator":"AND","rules":{"cl_field":"checkbox_16641647ba420b","cl_relation":"is","cl_val":true}}]}],"price":"","cl_rule":"show","col":6,"type":"content","error":false,"gt_translate_keys":["label","value"],"price_dependency":false,"cl_dependency":false}],[{"label":"","active":true,"required":false,"elementId":"radio-group_06641647ba421f","name":"radio-group_06641647ba421f","label_position":"default","desc_position":"default","enablePrice":true,"className":"","enableCl":true,"relations":[{"operator":false,"rules":[{"operator":"AND","rules":{"cl_field":"checkbox_16641647ba420b","cl_relation":"is","cl_val":true}}]}],"enable_quantity":true,"quantity_label":"","min_quantity":"0","checkUi":"button","layOut":"","options_tooltip":true,"values":[{"label":"\ud83d\udc64 Transport (15\u20ac)","value":"Transport (15\u20ac)","selected":true,"tempId":"aco_32","tooltip":"+4 Years","gt_translate_keys":["label","tooltip"]}],"priceOptions":"fixed_for_all","pricingType":"fixed","price":"15","cl_rule":"show","col":6,"type":"radio-group","error":false,"is_show_price":true,"gt_translate_keys":["label","quantity_label"],"price_dependency":false,"cl_dependency":false,"value":""}],[{"label":"","active":true,"required":false,"elementId":"radio-group-1726047280","name":"radio-group-1726047280","label_position":"default","desc_position":"default","enablePrice":true,"className":"","enableCl":true,"relations":[{"operator":false,"rules":[{"operator":"AND","rules":{"cl_field":"checkbox_16641647ba420b","cl_relation":"is","cl_val":true}}]}],"enable_quantity":true,"quantity_label":"","min_quantity":"0","checkUi":"button","layOut":"","options_tooltip":true,"values":[{"label":"\ud83d\udc76 Toddler Transport (Free)","value":"Toddler Transport (Free)","selected":true,"tempId":"aco_32","tooltip":"0-3 Years","gt_translate_keys":["label","tooltip"]}],"priceOptions":"fixed_for_all","pricingType":"fixed","price":"0","cl_rule":"show","col":6,"type":"radio-group","error":false,"gt_translate_keys":["label","quantity_label"],"price_dependency":false,"cl_dependency":false,"value":""}],[{"active":true,"col":6,"relations":[{"operator":false,"rules":[{"operator":"AND","rules":{"cl_field":"checkbox_16641647ba420b","cl_relation":"is","cl_val":true}}]}],"cl_rule":"show","enableCl":true,"price":"","enablePrice":false,"className":"","label_position":"default","desc_position":"default","type":"text","subtype":"text","required":false,"elementId":"text_16641647ba4231","label":"\ud83d\ude8c Pickup Location","name":"text_16641647ba4231","value":"","error":false,"description":"Pick-up service in Tenerife South. Simply provide your address or hotel name.","gt_translate_keys":["label","description","value"],"price_dependency":false,"cl_dependency":false}]]}},"config":{"price_override":"always","enable_recaptcha":false,"bind_quantity":false,"quantity_bind_formula":false,"disp_summ_show_option_price":false,"disp_summ_show_product_price":false,"disp_summ_show_total_price":false,"disp_summ_show_fee":false,"disp_summ_show_discount":false,"summary_title":"","options_total_label":"Options Price","total_label":"Total Amount","options_product_label":"Product Price","fee_label":"Fee","discount_label":"Discount","has_price":true,"has_quantity_formula":false},"mc_unit":1,"tax_rate":1,"tax_rate_real":1,"discount":{"percentage":0,"fixed":0},"design":{"conf":{"LabelPosition":"above","DescPosition":"above","UploadField":"custom_1","QuantityFieldStyle":"custom_1"},"css":{"LeftLabelWidth":"120px"}},"formulas":[],"lookuptables":[],"clones":false,"cartKey":false}},"_links":{"self":[{"href":"https:\/\/canaryvip.com\/sl\/wp-json\/wp\/v2\/product\/11261","targetHints":{"allow":["GET"]}}],"collection":[{"href":"https:\/\/canaryvip.com\/sl\/wp-json\/wp\/v2\/product"}],"about":[{"href":"https:\/\/canaryvip.com\/sl\/wp-json\/wp\/v2\/types\/product"}],"replies":[{"embeddable":true,"href":"https:\/\/canaryvip.com\/sl\/wp-json\/wp\/v2\/comments?post=11261"}],"wp:featuredmedia":[{"embeddable":true,"href":"https:\/\/canaryvip.com\/sl\/wp-json\/wp\/v2\/media\/11279"}],"wp:attachment":[{"href":"https:\/\/canaryvip.com\/sl\/wp-json\/wp\/v2\/media?parent=11261"}],"wp:term":[{"taxonomy":"product_brand","embeddable":true,"href":"https:\/\/canaryvip.com\/sl\/wp-json\/wp\/v2\/product_brand?post=11261"},{"taxonomy":"product_cat","embeddable":true,"href":"https:\/\/canaryvip.com\/sl\/wp-json\/wp\/v2\/product_cat?post=11261"},{"taxonomy":"product_tag","embeddable":true,"href":"https:\/\/canaryvip.com\/sl\/wp-json\/wp\/v2\/product_tag?post=11261"}],"curies":[{"name":"wp","href":"https:\/\/api.w.org\/{rel}","templated":true}]}}