{"id":11181,"date":"2024-04-11T19:47:34","date_gmt":"2024-04-11T18:47:34","guid":{"rendered":"https:\/\/canaryvip.com\/?post_type=product&#038;p=11181"},"modified":"2026-03-06T15:02:30","modified_gmt":"2026-03-06T15:02:30","slug":"la-gomera-jeep-safari-from-tenerife","status":"publish","type":"product","link":"https:\/\/canaryvip.com\/sl\/shop\/la-gomera-jeep-safari-from-tenerife\/","title":{"rendered":"Jeep safari na otoku La Gomera s Tenerife"},"content":{"rendered":"<h2>Vstopite v <strong>Jeep Safari izlet iz Tenerife na otok La Gomera<\/strong><\/h2>\n<p>Pridru\u017eite se nam na razburljivem <strong>Jeep Safari na La Gomeri,<\/strong> edinstven dragulj med Kanarskimi otoki. Na na\u0161ih izletih v majhnih skupinah, ki so idealni za dru\u017eine ali prijatelje, lahko do\u017eivite intimno okolje z najve\u010d 8 potniki na d\u017eip.<\/p>\n<p>Potopite se v o\u010darljiv svet, ko se odpravite \u010dez Atlantik s Tenerifov do obale San Sebastiana de La Gomera. Na\u0161i udobni trajekti vas bodo nemoteno prepeljali in vas pripravili na pustolov\u0161\u010dino, ki zdru\u017euje naravne lepote in kulturno dedi\u0161\u010dino.<\/p>\n<p><strong>\u26a0\ufe0f <span style=\"text-decoration: underline;\">POMEMBNO OBVESTILO:<\/span><\/strong> Na dan ogleda ne pozabite imeti veljavnega potnega lista. Brez veljavnega potnega lista se ne boste mogli vkrcati na trajekt za La Gomero in povra\u010dilo stro\u0161kov ne bo mogo\u010de. Poskrbite, da boste imeli pripravljen potni list in u\u017eivali v nepozabnem potovanju, polnem naravnih lepot otoka La Gomera.<\/p>\n<h3><strong>Poudarki izleta La Gomera:<\/strong><\/h3>\n<ul>\n<li>\ud83c\udf3f <strong>Nacionalni park Garajonay:<\/strong> Razi\u0161\u010dite starodavne lovorjeve gozdove in bujno zelenje te Unescove svetovne dedi\u0161\u010dine. To je raj za ljubitelje narave in spektakel biotske raznovrstnosti.<\/li>\n<li>\ud83c\udfde\ufe0f <strong>Hermigua:<\/strong> Znano po zelenih palmovih nasadih in proizvodnji kanarskega soka guarapo. Odkrijte, zakaj Hermigua slovi po visoki kakovosti \u017eivljenja in slikovitosti.<\/li>\n<li>\ud83c\udf74 <strong>Avtenti\u010dna lokalna kuhinja:<\/strong> Privo\u0161\u010dite si tradicionalne jedi Kanarskih otokov v lokalni restavraciji, kjer boste okusili okuse, zaradi katerih je kuhinja La Gomere nepozabna.<\/li>\n<li>\ud83c\udf0a <strong>San Sebasti\u00e1n de La Gomera:<\/strong> Sprehodite se po pisanih ulicah glavnega mesta otoka, ob\u010dudujte njegovo arhitekturno lepoto in si privo\u0161\u010dite nekaj prostega \u010dasa za samostojno raziskovanje.<\/li>\n<li>\ud83c\udf04 <strong>Agulo:<\/strong> Z d\u017eipom se zapeljite skozi to o\u010darljivo vasico, znano po ozkih tlakovanih ulicah in \u010dudovitem razgledu na Atlantik.<\/li>\n<li>\ud83c\udfd6\ufe0f <strong>Laguna Grande:<\/strong> Izjemen in miren kraj, kot nala\u0161\u010d za kontemplacijo v Garajonayu. Zaradi svojega edinstvenega okoljskega okolja je klju\u010dni postanek na na\u0161em potovanju.<\/li>\n<\/ul>\n<h3><strong>Kaj vklju\u010duje na\u0161a turneja La Gomera Jeep Safari Tour:<\/strong><\/h3>\n<ul>\n<li>\ud83d\ude90 <strong>Prevoz v obe smeri:<\/strong> Ponujamo priro\u010dne storitve prevzema in odvoza iz va\u0161e nastanitve ali bli\u017enje lokacije v Puerto de la Cruz ali Playa de las Am\u00e9ricas.<\/li>\n<li>\u26f4\ufe0f <strong>Trajektni prevozi:<\/strong> U\u017eivajte v nemoteni vo\u017enji s trajektom na otok La Gomera in nazaj, ki vam zagotavlja udobno potovanje \u010dez Atlantik.<\/li>\n<li>\ud83c\udf7d\ufe0f <strong>Kosilo in lokalne degustacije:<\/strong> Vklju\u010den je tudi okusen obrok, s katerim boste okusili lokalne kulinari\u010dne dobrote.<\/li>\n<li>\ud83d\udde3\ufe0f <strong>Podpora za ve\u010d jezikov:<\/strong> Na\u0161i ogledi so na voljo v ve\u010d jezikih, vklju\u010dno s \u0161pan\u0161\u010dino, angle\u0161\u010dino, nem\u0161\u010dino, franco\u0161\u010dino, italijan\u0161\u010dino, nizozem\u0161\u010dino in polj\u0161\u010dino, da bi zadovoljili razli\u010dne goste.<\/li>\n<\/ul>\n<h3><b>Politika rezervacij in prilagodljivost<\/b><\/h3>\n<p><span style=\"font-weight: 400;\">\ud83d\udd01 <\/span><b>Brezpla\u010dna odpoved do 48 ur:<\/b><span style=\"font-weight: 400;\"> Na\u010drti se lahko spremenijo. Rezervacijo lahko prekli\u010dete ali spremenite do <\/span><b>48 ur pred dejavnostjo<\/b><span style=\"font-weight: 400;\"> in prejmete celotno nadomestilo.<\/span><\/p>\n<p><span style=\"font-weight: 400;\">\ud83d\udeab <\/span><b>Pravila glede ne-dokazovanja:<\/b><span style=\"font-weight: 400;\"> \u010ce se dejavnosti ne udele\u017eite ali pridete prepozno, da bi se je lahko udele\u017eili, se rezervacija \u0161teje za <\/span><b>\u010de se ne prika\u017ee in se ne povrne.<\/b><span style=\"font-weight: 400;\">.<\/span><\/p>\n<p><span style=\"font-weight: 400;\">\ud83c\udf0a <\/span><b>Vremenske razmere:<\/b><span style=\"font-weight: 400;\"> \u010ce zaradi nevarnih vremenskih razmer izlet ne bo mogel potekati, boste lahko <\/span><b>prestavite na drug dan ali prejmite celotno nadomestilo.<\/b><span style=\"font-weight: 400;\">.<\/span><\/p>\n<h4><strong>Rezervirajte svojo Jeep Safari pustolov\u0161\u010dino na La Gomeri \u0161e danes!<\/strong><\/h4>\n<p>Ne zamudite te ekskluzivne prilo\u017enosti za raziskovanje osupljivih pokrajin in kulturnega bogastva <a href=\"https:\/\/www.google.com\/maps\/place\/La+Gomera\/@28.1188754,-17.3060924,12z\/data=!3m1!4b1!4m6!3m5!1s0xc6ae33697cbc54d:0x59c58fe23f47d04e!8m2!3d28.1033035!4d-17.2193578!16zL20vMDFnNG1q?entry=ttu\" target=\"_blank\" rel=\"noopener\">La Gomera<\/a> s spletno stranjo . <a href=\"https:\/\/canaryvip.com\/sl\/\">CanaryVIP.<\/a><\/p>\n<p>Od \u010darobnih gozdov Garajonayja do prikupnih ulic Agula in drugod se odpravite na potovanje, polno odkritij in pustolov\u0161\u010din. Rezervirajte svoje mesto zdaj in do\u017eivite najbolj\u0161e na La Gomeri!<\/p>","protected":false},"excerpt":{"rendered":"<p>\ud83d\udd0d <strong>Poudarki turneje:<\/strong><br \/>\n\u2705 Varno pla\u010dilo.<br \/>\n\ud83c\uddee\ud83c\udde8 Razi\u0161\u010dite otok La Gomera.<br \/>\n\ud83c\udf33 Obi\u0161\u010dite park Garajonay.<br \/>\n\ud83d\udde3\ufe0f \u017dvi\u017eganje v \u017eivo.<br \/>\n\ud83c\udf7d\ufe0f Vklju\u010deno je kanarsko kosilo.<br \/>\n\ud83d\udcc5 od ponedeljka do sobote.<br \/>\n\u23f0 Trajanje Pribli\u017eno 9h.<br \/>\n\ud83d\ude8c Prevzem in odvoz iz hotela.<br \/>\n\ud83d\udd04 48hr brezpla\u010dna odpoved.<br \/>\n\ud83c\udf0d Vodnik v va\u0161em jeziku.<br \/>\n\ud83e\udd11 Zagotovljena najbolj\u0161a cena.<br \/>\n\ud83c\udf1f Rezervirajte zdaj in prihranite!<\/p>","protected":false},"featured_media":11183,"comment_status":"open","ping_status":"closed","template":"","meta":{"_acf_changed":false},"product_brand":[],"product_cat":[67],"product_tag":[],"class_list":{"0":"post-11181","1":"product","2":"type-product","3":"status-publish","4":"has-post-thumbnail","6":"product_cat-jeep-tours","7":"wcpa_has_options","9":"first","10":"instock","11":"virtual","12":"purchasable","13":"product-type-simple"},"acf":[],"wcpa_form_fields":{"wcpaData":{"product":{"product_price":145,"price_html":"From&nbsp;<span class=\"woocommerce-Price-amount amount\"><bdi>145,00&nbsp;<span class=\"woocommerce-Price-currencySymbol\">&euro;<\/span><\/bdi><\/span>","original_product_price":145,"price_including_tax":145,"price_excluding_tax":145,"product_id":{"parent":11181,"variation":false},"is_variable":false,"stock_status":"instock","stock_quantity":null,"parent_sku":"CV11181","product_attributes":[],"custom_fields":[],"is_taxable":false,"product_name":"La Gomera Jeep Safari from Tenerife","hasImage":false},"fields":{"sec_36619078bba64e":{"extra":{"key":"sec_36619078bba64e","section_id":"sec_36619078bba64e","name":"Tickets","status":1,"cl_rule":"show","enableCl":false,"relations":[{"operator":false,"rules":[{"operator":"AND","rules":{"cl_field":"radio-group_665df45fcbc30b","cl_relation":"is","cl_val":"Siam Park Regular Tickets"}}]}],"toggle":true,"title_tag":"h4","show_title":false,"showPrice":"default","form_id":11188,"form_rules":{"exclude_from_discount":true,"fee_label":"Fee","disp_hide_options_price":true,"disp_show_section_price":false,"disp_show_field_price":true,"layout_option":"standard","pric_use_as_fee":false,"process_fee_as":"woo_fee"},"layout_option":"standard"},"fields":[[{"active":true,"col":6,"relations":false,"cl_rule":"show","enableCl":false,"price":"","enablePrice":false,"className":"","label_position":"default","desc_position":"default","type":"select","required":true,"elementId":"select_06619078bba6b6","label":"\ud83c\udf0e Language","name":"select_06619078bba6b6","values":[{"label":"English","value":"English","selected":false,"tempId":"aco_1213","gt_translate_keys":["label"]},{"label":"Dutch","value":"Dutch","selected":false,"tempId":"aco_693","gt_translate_keys":["label"]},{"label":"German","value":"German","selected":false,"tempId":"aco_1567","gt_translate_keys":["label"]},{"label":"French","value":"French","selected":false,"tempId":"aco_1215","gt_translate_keys":["label"]},{"label":"Polish","value":"Polish","selected":false,"tempId":"aco_1212","gt_translate_keys":["label"]},{"label":"Italian","value":"Italian","selected":false,"tempId":"aco_611","gt_translate_keys":["label"]},{"label":"Spanish","value":"Spanish","selected":false,"tempId":"aco_1214","gt_translate_keys":["label"]}],"dropdown_type":"basic","error":false,"placeholder":"None","gt_translate_keys":["label","placeholder"],"price_dependency":false,"cl_dependency":["date_86619078bba66f","date_86619078bba66f","date_86619078bba66f","date-8573541398","date-8573541398","date-0948401647","date-1264231762"],"value":""}],[{"label":"\ud83d\udcc5 Date","active":true,"required":true,"elementId":"date_86619078bba66f","picker_type":"custom","picker_mode":"single","placeholder":"","description":"","tooltip":"","name":"date_86619078bba66f","label_position":"default","desc_position":"default","enablePrice":false,"className":"","enableCl":true,"relations":[{"operator":"and","rules":[{"operator":"or","rules":{"cl_field":"select_06619078bba6b6","cl_relation":"is","cl_val":"Dutch"}},{"operator":"or","rules":{"cl_field":"select_06619078bba6b6","cl_relation":"is","cl_val":"German"}},{"operator":"AND","rules":{"cl_field":"select_06619078bba6b6","cl_relation":"is","cl_val":"French"}}]}],"date_pic_inline":true,"date_pic_inline_hide":true,"min_date":{"type":"days","val":"3"},"max_date":{"type":"days","val":"365"},"date_pic_conf":{"disabledWeeks":[0,6]},"price":"","cl_rule":"show","col":6,"type":"date","error":false,"enableDesign":false,"LabelColor":"","isWeightTemplate":false,"isTemplate":false,"min_quantity":"1","quantity_decimal":false,"quantity_step":"1","quantity_label":"Quantity","repeater_field_label":"{field_label}","repeater_bind":"","gt_translate_keys":["label","placeholder","description","tooltip","repeater_field_label","quantity_label"],"price_dependency":false,"cl_dependency":false,"value":""}],[{"label":"\ud83d\udcc5 Date","active":true,"required":true,"elementId":"date-8573541398","picker_type":"custom","picker_mode":"single","placeholder":"","description":"","tooltip":"","name":"date-8573541398","label_position":"default","desc_position":"default","enablePrice":false,"className":"","enableCl":true,"relations":[{"operator":"and","rules":[{"operator":"or","rules":{"cl_field":"select_06619078bba6b6","cl_relation":"is","cl_val":"English"}},{"operator":false,"rules":{"cl_field":"select_06619078bba6b6","cl_relation":"is","cl_val":"Spanish"}}]}],"enableDesign":false,"LabelColor":"","date_pic_inline":true,"date_pic_inline_hide":true,"min_date":{"type":"days","val":"3"},"max_date":{"type":"days","val":"365"},"date_pic_conf":{"disabledWeeks":[0,2,3,6,4]},"price":"","cl_rule":"show","col":6,"type":"date","error":false,"isWeightTemplate":false,"isTemplate":false,"min_quantity":"1","quantity_decimal":false,"quantity_step":"1","quantity_label":"Quantity","repeater_field_label":"{field_label}","repeater_bind":"","gt_translate_keys":["label","placeholder","description","tooltip","repeater_field_label","quantity_label"],"price_dependency":false,"cl_dependency":false,"value":""}],[{"label":"\ud83d\udcc5 Date","active":true,"required":true,"elementId":"date-0948401647","picker_type":"custom","picker_mode":"single","placeholder":"","description":"","tooltip":"","name":"date-0948401647","label_position":"default","desc_position":"default","enablePrice":false,"className":"","enableCl":true,"relations":[{"operator":"and","rules":[{"operator":false,"rules":{"cl_field":"select_06619078bba6b6","cl_relation":"is","cl_val":"Polish"}}]}],"enableDesign":false,"LabelColor":"","date_pic_inline":true,"date_pic_inline_hide":true,"min_date":{"type":"days","val":"3"},"max_date":{"type":"days","val":"365"},"date_pic_conf":{"disabledWeeks":[0,2,4,5]},"price":"","cl_rule":"show","col":6,"type":"date","error":false,"isWeightTemplate":false,"isTemplate":false,"min_quantity":"1","quantity_decimal":false,"quantity_step":"1","quantity_label":"Quantity","repeater_field_label":"{field_label}","repeater_bind":"","gt_translate_keys":["label","placeholder","description","tooltip","repeater_field_label","quantity_label"],"price_dependency":false,"cl_dependency":false,"value":""}],[{"label":"\ud83d\udcc5 Date","active":true,"required":true,"elementId":"date-1264231762","picker_type":"custom","picker_mode":"single","placeholder":"","description":"","tooltip":"","name":"date-1264231762","label_position":"default","desc_position":"default","enablePrice":false,"className":"","enableCl":true,"relations":[{"operator":"and","rules":[{"operator":false,"rules":{"cl_field":"select_06619078bba6b6","cl_relation":"is","cl_val":"Italian"}}]}],"enableDesign":false,"LabelColor":"","date_pic_inline":true,"date_pic_inline_hide":true,"min_date":{"type":"days","val":"3"},"max_date":{"type":"days","val":"365"},"date_pic_conf":{"disabledWeeks":[0,1,2,3,5,6]},"price":"","cl_rule":"show","col":6,"type":"date","error":false,"isWeightTemplate":false,"isTemplate":false,"min_quantity":"1","quantity_decimal":false,"quantity_step":"1","quantity_label":"Quantity","repeater_field_label":"{field_label}","repeater_bind":"","gt_translate_keys":["label","placeholder","description","tooltip","repeater_field_label","quantity_label"],"price_dependency":false,"cl_dependency":false,"value":""}],[{"elementId":"separator_76619078bba67e","separatorType":"blank","className":"","height":"10","enableCl":false,"relations":false,"cl_rule":"show","col":6,"type":"separator","gt_translate_keys":[],"price_dependency":false,"cl_dependency":false,"value":""}],[{"active":true,"col":6,"relations":false,"cl_rule":"show","enableCl":false,"price":"","enablePrice":false,"className":"","label_position":"default","desc_position":"default","type":"content","required":false,"elementId":"content_106619078bba68a","label":"People","name":"content_106619078bba68a","contentType":"plain","value":"","error":false,"show_in_checkout":true,"inline":false,"gt_translate_keys":["label","value"],"price_dependency":false,"cl_dependency":false}],[{"active":true,"col":6,"relations":[{"operator":false,"rules":[{"operator":"AND","rules":{"cl_field":"","cl_relation":"","cl_val":""}}]}],"cl_rule":"show","enableCl":true,"price":"145","enablePrice":true,"className":"","label_position":"default","desc_position":"default","type":"radio-group","required":false,"elementId":"radio-group_96619078bba696","label":"","name":"radio-group_96619078bba696","values":[{"label":"\ud83d\udc64 Adult (145\u20ac)","value":"Adult","selected":true,"tempId":"aco_32","tooltip":"+12 Years","description":"","gt_translate_keys":["label","tooltip","description"]}],"layOut":"","error":false,"checkUi":"button","priceOptions":"fixed_for_all","pricingType":"fixed","enable_quantity":true,"quantity_label":"","min_quantity":"0","options_tooltip":true,"options_description":true,"gt_translate_keys":["label","quantity_label"],"price_dependency":false,"cl_dependency":false,"value":""}],[{"label":"","active":true,"required":false,"elementId":"radio-group_56619078bba6a2","name":"radio-group_56619078bba6a2","label_position":"default","desc_position":"default","enablePrice":true,"className":"","enableCl":false,"relations":false,"enable_quantity":true,"quantity_label":"","min_quantity":"0","checkUi":"button","layOut":"","values":[{"label":"\ud83d\udc66 Child (118\u20ac)","value":"Child","selected":true,"tempId":"aco_32","tooltip":"3-11 Years","description":"","gt_translate_keys":["label","tooltip","description"]}],"priceOptions":"fixed_for_all","pricingType":"fixed","price":"118","cl_rule":"show","col":6,"type":"radio-group","error":false,"options_tooltip":true,"options_description":true,"gt_translate_keys":["label","quantity_label"],"price_dependency":false,"cl_dependency":false,"value":""}],[{"label":"","active":true,"required":false,"elementId":"radio-group_96619078bba6ad","name":"radio-group_96619078bba6ad","label_position":"default","desc_position":"default","enablePrice":true,"className":"","enableCl":false,"relations":false,"enable_quantity":true,"quantity_label":"","min_quantity":"0","checkUi":"button","layOut":"","options_tooltip":true,"options_description":true,"values":[{"label":"\ud83d\udc76 Toddler (6,25\u20ac)","value":"Toddler","selected":true,"tempId":"aco_32","tooltip":"0-2 Years","description":"","gt_translate_keys":["label","tooltip","description"]}],"priceOptions":"fixed_for_all","pricingType":"fixed","price":"6,25","cl_rule":"show","col":6,"type":"radio-group","error":false,"gt_translate_keys":["label","quantity_label"],"price_dependency":false,"cl_dependency":false,"value":""}],[{"active":true,"col":6,"relations":false,"cl_rule":"show","enableCl":false,"price":"","enablePrice":false,"className":"","label_position":"default","desc_position":"default","type":"separator","required":false,"elementId":"separator_86619078bba6c1","label":"Separator Field","height":"7","separatorType":"blank","error":false,"gt_translate_keys":["label"],"price_dependency":false,"cl_dependency":false,"value":""}],[{"active":true,"col":6,"relations":false,"cl_rule":"show","enableCl":false,"price":"","enablePrice":false,"className":"","label_position":"default","desc_position":"default","type":"text","subtype":"text","required":true,"elementId":"text_76619078bba6ca","label":"\ud83d\ude8c Pickup Location","name":"text_76619078bba6ca","value":"","description":"Free pick-up service in Tenerife South. Simply provide your address or hotel name.","error":false,"isWeightTemplate":false,"isTemplate":false,"min_quantity":"1","quantity_decimal":false,"quantity_step":"1","quantity_label":"Quantity","repeater_field_label":"{field_label}","repeater_bind":"","gt_translate_keys":["label","description","value","repeater_field_label","quantity_label"],"price_dependency":false,"cl_dependency":false}]]}},"config":{"price_override":"always","enable_recaptcha":false,"bind_quantity":false,"quantity_bind_formula":false,"disp_summ_show_option_price":true,"disp_summ_show_product_price":false,"disp_summ_show_total_price":true,"disp_summ_show_fee":true,"disp_summ_show_discount":true,"summary_title":"","options_total_label":"Options Price","total_label":"Total Amount","options_product_label":"Product Price","fee_label":"Fee","discount_label":"Discount","has_price":true,"has_quantity_formula":false},"mc_unit":1,"tax_rate":1,"tax_rate_real":1,"discount":{"percentage":0,"fixed":0},"design":{"conf":{"LabelPosition":"above","DescPosition":"above","UploadField":"custom_1","QuantityFieldStyle":"custom_1"},"css":{"LeftLabelWidth":"120px"}},"formulas":[],"lookuptables":[],"clones":false,"cartKey":false}},"_links":{"self":[{"href":"https:\/\/canaryvip.com\/sl\/wp-json\/wp\/v2\/product\/11181","targetHints":{"allow":["GET"]}}],"collection":[{"href":"https:\/\/canaryvip.com\/sl\/wp-json\/wp\/v2\/product"}],"about":[{"href":"https:\/\/canaryvip.com\/sl\/wp-json\/wp\/v2\/types\/product"}],"replies":[{"embeddable":true,"href":"https:\/\/canaryvip.com\/sl\/wp-json\/wp\/v2\/comments?post=11181"}],"wp:featuredmedia":[{"embeddable":true,"href":"https:\/\/canaryvip.com\/sl\/wp-json\/wp\/v2\/media\/11183"}],"wp:attachment":[{"href":"https:\/\/canaryvip.com\/sl\/wp-json\/wp\/v2\/media?parent=11181"}],"wp:term":[{"taxonomy":"product_brand","embeddable":true,"href":"https:\/\/canaryvip.com\/sl\/wp-json\/wp\/v2\/product_brand?post=11181"},{"taxonomy":"product_cat","embeddable":true,"href":"https:\/\/canaryvip.com\/sl\/wp-json\/wp\/v2\/product_cat?post=11181"},{"taxonomy":"product_tag","embeddable":true,"href":"https:\/\/canaryvip.com\/sl\/wp-json\/wp\/v2\/product_tag?post=11181"}],"curies":[{"name":"wp","href":"https:\/\/api.w.org\/{rel}","templated":true}]}}