{"id":11043,"date":"2024-04-11T00:15:30","date_gmt":"2024-04-10T23:15:30","guid":{"rendered":"https:\/\/canaryvip.com\/?post_type=product&#038;p=11043"},"modified":"2025-08-09T12:45:04","modified_gmt":"2025-08-09T11:45:04","slug":"jeep-teide-masca-guided-tour","status":"publish","type":"product","link":"https:\/\/canaryvip.com\/sl\/shop\/jeep-teide-masca-guided-tour\/","title":{"rendered":"Teide &amp; Masca Jeep Safari Tenerife"},"content":{"rendered":"<h2>\ud83c\udf1f Odkrijte <strong>Teide in Masca z na\u0161im vodenim izletom z d\u017eipom<\/strong> \ud83d\ude99<\/h2>\n<p>Z dru\u017ebo CanaryVIP se podajte na o\u010darljivo potovanje, saj vas bomo z na\u0161im vodenim izletom z d\u017eipom Teide in Masca popeljali na ekskluzivno raziskovanje najbolj \u010dudovitih pokrajin in prikupnih vasic na Tenerifih. Ta pustolov\u0161\u010dina je kot nala\u0161\u010d za dru\u017eine, posameznike ali majhne skupine in zagotavlja intimno in nepozabno do\u017eivetje za najve\u010d 8 oseb na d\u017eip.<\/p>\n<p>Potopite se v osr\u010dje Tenerifov, spoznajte njihove osupljive naravne lepote in bogato kulturno dedi\u0161\u010dino v udobju na\u0161ih robustnih terenskih d\u017eipov 4\u00d74 pod vodstvom izku\u0161enih in ve\u010djezi\u010dnih voznikov.<\/p>\n<h3><strong>Poudarki raz\u0161irjene pustolov\u0161\u010dine: Teide in Masca<\/strong><\/h3>\n<ul>\n<li>\ud83c\udf0b <strong>Pico Viejo<\/strong>: Do\u017eivite navdu\u0161ujo\u010do lepoto Pico Vieja. Ta znameniti vulkan, znan po svojem osupljivem ve\u010dbarvnem kraterju s premerom 800 metrov, je \u010dudovit pogled, saj ponuja razgled brez primere in \u017eivahen prikaz umetni\u0161kega dela narave.<\/li>\n<li>\ud83c\udfdc\ufe0f <strong>Roques de Garc\u00eda<\/strong>: Ob\u010dudujte Roques de Garc\u00eda, visoke skalne formacije, ki se razprostirajo na nebu nad narodnim parkom Teide. Te nenavadne strukture, ki so nastale iz plasti razli\u010dnih materialov, so med najbolj edinstvenimi znamenitostmi potovanja.<\/li>\n<li>\ud83c\udf04 <strong>Aripe in Chirche<\/strong>: Sprehodite se po o\u010darljivih ulicah Aripe in Chircheja, prikupnih zaselkov z izvirno arhitekturo iz 18. in 19. stoletja. Do\u017eivite pristno pode\u017eelsko \u017eivljenje na Tenerifih, obkro\u017eeni z naravo in spokojnostjo.<\/li>\n<li>\ud83c\udfde\ufe0f <strong>Nacionalni park Teide<\/strong>: Razi\u0161\u010dite narodni park Teide, ki je uvr\u0161\u010den na seznam Unescove svetovne dedi\u0161\u010dine in je naravna de\u017eela, nad katero kraljuje veli\u010dastna gora Teide. Zaradi raznolikih barv, divjih \u017eivali in nadrealisti\u010dnih pokrajin je park osrednji del na\u0161ega izleta.<\/li>\n<li>\ud83c\udf32 <strong>Vilaflor<\/strong>: Obi\u0161\u010dite Vilaflor, ki se nahaja med borovci blizu vrha vulkana. Odkrijte mirnost \u017eivljenja na tak\u0161ni vi\u0161ini, u\u017eivajte v \u010distem zraku in \u010dudovitem razgledu na nacionalni park.<\/li>\n<li>\ud83c\udfde\ufe0f <strong>Masca<\/strong>: Masca, ena najbolj slikovitih vasi na Tenerifih, ki pooseblja kanarsko naravno arhitekturo, vas bo o\u010darala. Z na\u0161im izletom boste iz prve roke spoznali ta o\u010darljivi kraj.<\/li>\n<\/ul>\n<h3><strong>Podrobnosti o raz\u0161irjeni turneji:<\/strong><\/h3>\n<ul>\n<li>\ud83d\ude99 <strong>Vozila in prevoz:<\/strong> Z na\u0161imi d\u017eipi s \u0161tirikolesnim pogonom lahko premagujete razgibane terene in si zagotovite udobno in vznemirljivo pustolov\u0161\u010dino. Pri potovanjih med otoki so vklju\u010deni trajektni prevozi, ki zagotavljajo brezhibno izku\u0161njo.<\/li>\n<li>\ud83d\udc65 <strong>Jamstvo za majhne skupine:<\/strong> U\u017eivajte v bolj prilagojeni pustolov\u0161\u010dini v majhnih skupinah z najve\u010d 8 potniki na d\u017eip, vklju\u010dno z voznikom, kot del konvoja.<\/li>\n<li>\ud83d\udd12 <strong>Na voljo je zasebna mo\u017enost:<\/strong> Za ekskluzivno do\u017eivetje se odlo\u010dite za VIP ali zasebno turo, kjer si lahko sami izberete sopotnike na potovanju.<\/li>\n<li>\ud83d\udd01 <strong>Vklju\u010dujo\u010d prevoz:<\/strong> Ponujamo priro\u010dne storitve prevzema in odvoza iz va\u0161e nastanitve ali bli\u017enje to\u010dke, tako da bo va\u0161a izku\u0161nja od za\u010detka do konca brez te\u017eav.<\/li>\n<\/ul>\n<h3><strong>Iz\u010drpne informacije o turneji:<\/strong><\/h3>\n<ul>\n<li>\ud83d\udd58 <strong>Trajanje in \u010dasovni razpored:<\/strong> Izlet traja pribli\u017eno 7 ur in traja od 9.00 do 16.00 ter vam omogo\u010da, da se v celoti potopite v lepote Tenerifov.<\/li>\n<li>\ud83d\uddd3\ufe0f <strong>Razpolo\u017eljivi dnevi:<\/strong> Odpravite se na to pustolov\u0161\u010dino od ponedeljka do sobote, pri \u010demer so vam na voljo prilagodljive mo\u017enosti, da se prilagodite svojemu urniku.<\/li>\n<li>\ud83c\udf0d <strong>Ponujeni jeziki:<\/strong> Na\u0161i ogledi potekajo v ve\u010d jezikih, vklju\u010dno s \u0161pan\u0161\u010dino, angle\u0161\u010dino, nem\u0161\u010dino, franco\u0161\u010dino, italijan\u0161\u010dino, nizozem\u0161\u010dino in polj\u0161\u010dino, in so namenjeni globalnemu ob\u010dinstvu.<\/li>\n<\/ul>\n<h3><strong>Posodobljena pravila rezervacij in odpovedi:<\/strong><\/h3>\n<ul>\n<li>\ud83d\udd04 <strong>Prilagodljive odpovedi:<\/strong> Zavedamo se, da se na\u010drti lahko spremenijo, zato vam ponujamo mo\u017enost odpovedi ali prestavitve ogleda do 24 ur vnaprej, da boste \u010dim bolj mirni.<\/li>\n<li>\u26c5 <strong>Vremensko jamstvo:<\/strong> \u010ce je zaradi neugodnih vremenskih razmer potovanje odpovedano, lahko spremenite termin ali prejmete celotno povra\u010dilo, kar vam zagotavlja brezskrbno izku\u0161njo rezervacije.<\/li>\n<li>\ud83d\udce9 <strong>Enostaven stik:<\/strong> Za kakr\u0161ne koli poizvedbe ali prilagoditve preprosto <a href=\"https:\/\/canaryvip.com\/sl\/contact\/\">se obrnite na nas<\/a>in poskrbeli bomo za izpolnitev va\u0161ih potreb.<\/li>\n<\/ul>\n<h4><strong>Rezervirajte svojo pustolov\u0161\u010dino z d\u017eipom na Tenerifih \u017ee zdaj!<\/strong><\/h4>\n<p>Ne zamudite te edinstvene prilo\u017enosti, da z dru\u017ebo CanaryVIP razi\u0161\u010dete \u010dudovitost Tenerifov. Od vulkanske veli\u010dine <a href=\"https:\/\/canaryvip.com\/sl\/discover-the-teide-the-ultimate-guide-iconic-volcano\/\">Nacionalni park Teide<\/a> do zgodovinsko privla\u010dnega mesta Masca in \u0161e dlje se odpravite na potovanje, polno lepote, pustolov\u0161\u010din in zgodb, ki \u010dakajo, da jih odkrijete.<\/p>","protected":false},"excerpt":{"rendered":"<p><strong>\ud83d\udd0d Poudarki turneje:<\/strong><br \/>\n\u2705 Varno pla\u010dilo.<br \/>\n\ud83d\uddfb Obi\u0161\u010dite nacionalni park Teide.<br \/>\n\ud83d\udee4\ufe0f Obi\u0161\u010dite vas Masca.<br \/>\n\u23f0 Trajanje Pribli\u017eno 7 ur.<br \/>\n\ud83d\udcc5 od ponedeljka do sobote.<br \/>\n\ud83d\ude8c Prevzem in odvoz iz hotela.<br \/>\n\ud83d\udd04 24-urna brezpla\u010dna odpoved.<br \/>\n\ud83e\udd11 Zagotovljena najbolj\u0161a cena.<br \/>\n\ud83c\udf81 Skupinski popusti na voljo.<br \/>\n\ud83c\udf0d Podpora v ve\u010d jezikih.<br \/>\n\ud83c\udf1f Rezervirajte zdaj in prihranite!<\/p>","protected":false},"featured_media":11145,"comment_status":"open","ping_status":"closed","template":"","meta":{"_acf_changed":false},"product_brand":[],"product_cat":[67],"product_tag":[],"class_list":{"0":"post-11043","1":"product","2":"type-product","3":"status-publish","4":"has-post-thumbnail","6":"product_cat-jeep-tours","7":"wcpa_has_options","9":"first","10":"instock","11":"virtual","12":"purchasable","13":"product-type-simple"},"acf":[],"wcpa_form_fields":{"wcpaData":{"product":{"product_price":66,"price_html":"From&nbsp;<span class=\"woocommerce-Price-amount amount\"><bdi>66,00&nbsp;<span class=\"woocommerce-Price-currencySymbol\">&euro;<\/span><\/bdi><\/span>","original_product_price":66,"price_including_tax":66,"price_excluding_tax":66,"product_id":{"parent":11043,"variation":false},"is_variable":false,"stock_status":"instock","stock_quantity":null,"parent_sku":"CV11043","product_attributes":[],"custom_fields":[],"is_taxable":false,"product_name":"Teide & Masca Jeep Safari Tenerife","hasImage":false},"fields":{"sec_2661916538e0c2":{"extra":{"key":"sec_2661916538e0c2","section_id":"sec_2661916538e0c2","name":"Tickets","status":1,"cl_rule":"show","enableCl":false,"relations":[{"operator":false,"rules":[{"operator":"AND","rules":{"cl_field":"radio-group_665df45fcbc30b","cl_relation":"is","cl_val":"Siam Park Regular Tickets"}}]}],"toggle":true,"title_tag":"h4","show_title":false,"showPrice":"default","form_id":11191,"form_rules":{"exclude_from_discount":true,"fee_label":"Fee","disp_hide_options_price":true,"disp_show_section_price":false,"disp_show_field_price":true,"layout_option":"standard","pric_use_as_fee":false,"process_fee_as":"woo_fee"},"layout_option":"standard"},"fields":[[{"active":true,"col":6,"relations":false,"cl_rule":"show","enableCl":false,"price":"","enablePrice":false,"className":"","label_position":"default","desc_position":"default","type":"select","required":true,"elementId":"select_9661916538e0e4","label":"\ud83c\udf0e Language","name":"select_9661916538e0e4","values":[{"label":"English","value":"English","selected":false,"tempId":"aco_1213","gt_translate_keys":["label"]},{"label":"Dutch","value":"Dutch","selected":false,"tempId":"aco_693","gt_translate_keys":["label"]},{"label":"German","value":"German","selected":false,"tempId":"aco_1567","gt_translate_keys":["label"]},{"label":"French","value":"French","selected":false,"tempId":"aco_1215","gt_translate_keys":["label"]},{"label":"Polish","value":"Polish","selected":false,"tempId":"aco_1212","gt_translate_keys":["label"]},{"label":"Italian","value":"Italian","selected":false,"tempId":"aco_611","gt_translate_keys":["label"]},{"label":"Spanish","value":"Spanish","selected":false,"tempId":"aco_1214","gt_translate_keys":["label"]}],"dropdown_type":"basic","error":false,"placeholder":"Select Language","gt_translate_keys":["label","placeholder"],"price_dependency":false,"cl_dependency":["date_8661916538e0f2","date_8661916538e0f2","date_8661916538e0f2","date_8661916538e0f2","date_6661916538e0fc","date_1661916538e106","date_8661916538e10f","radio-group_10661916538e130","radio-group-3329476112","radio-group_2661916538e13c","radio-group-3332331927","radio-group_6661916538e147"],"value":""}],[{"label":"\ud83d\udcc5 Date","active":true,"required":true,"elementId":"date_8661916538e0f2","picker_type":"custom","picker_mode":"single","placeholder":"","description":"","tooltip":"","name":"date_8661916538e0f2","label_position":"default","desc_position":"default","enablePrice":false,"className":"","enableCl":true,"relations":[{"operator":"and","rules":[{"operator":"or","rules":{"cl_field":"select_9661916538e0e4","cl_relation":"is","cl_val":"Dutch"}},{"operator":"or","rules":{"cl_field":"select_9661916538e0e4","cl_relation":"is","cl_val":"German"}},{"operator":"or","rules":{"cl_field":"select_9661916538e0e4","cl_relation":"is","cl_val":"French"}},{"operator":"AND","rules":{"cl_field":"select_9661916538e0e4","cl_relation":"is","cl_val":"English"}}]}],"date_pic_inline":true,"date_pic_inline_hide":true,"min_date":{"type":"days","val":"4"},"max_date":{"type":"days","val":"80"},"date_pic_conf":{"disabledWeeks":[0],"disabledDates":["2025-04-11"]},"price":"","cl_rule":"show","col":6,"type":"date","error":false,"enableDesign":false,"LabelColor":"","isWeightTemplate":false,"isTemplate":false,"min_quantity":"1","quantity_decimal":false,"quantity_step":"1","quantity_label":"Quantity","repeater_field_label":"{field_label}","repeater_bind":"","gt_translate_keys":["label","placeholder","description","tooltip","repeater_field_label","quantity_label"],"price_dependency":false,"cl_dependency":false,"value":""}],[{"label":"\ud83d\udcc5 Date","active":true,"required":true,"elementId":"date_6661916538e0fc","picker_type":"custom","picker_mode":"single","placeholder":"","description":"","tooltip":"","name":"date_6661916538e0fc","label_position":"default","desc_position":"default","enablePrice":false,"className":"","enableCl":true,"relations":[{"operator":"and","rules":[{"operator":false,"rules":{"cl_field":"select_9661916538e0e4","cl_relation":"is","cl_val":"Spanish"}}]}],"enableDesign":false,"LabelColor":"","date_pic_inline":true,"date_pic_inline_hide":true,"min_date":{"type":"days","val":"4"},"max_date":{"type":"days","val":"365"},"date_pic_conf":{"disabledWeeks":[0,1,3,5,6]},"price":"","cl_rule":"show","col":6,"type":"date","error":false,"isWeightTemplate":false,"isTemplate":false,"min_quantity":"1","quantity_decimal":false,"quantity_step":"1","quantity_label":"Quantity","repeater_field_label":"{field_label}","repeater_bind":"","gt_translate_keys":["label","placeholder","description","tooltip","repeater_field_label","quantity_label"],"price_dependency":false,"cl_dependency":false,"value":""}],[{"label":"\ud83d\udcc5 Date","active":true,"required":true,"elementId":"date_1661916538e106","picker_type":"custom","picker_mode":"single","placeholder":"","description":"","tooltip":"","name":"date_1661916538e106","label_position":"default","desc_position":"default","enablePrice":false,"className":"","enableCl":true,"relations":[{"operator":"and","rules":[{"operator":false,"rules":{"cl_field":"select_9661916538e0e4","cl_relation":"is","cl_val":"Polish"}}]}],"enableDesign":false,"LabelColor":"","date_pic_inline":true,"date_pic_inline_hide":true,"min_date":{"type":"days","val":"4"},"max_date":{"type":"days","val":"365"},"date_pic_conf":{"disabledWeeks":[0,1,3,4,5,6]},"price":"","cl_rule":"show","col":6,"type":"date","error":false,"isWeightTemplate":false,"isTemplate":false,"min_quantity":"1","quantity_decimal":false,"quantity_step":"1","quantity_label":"Quantity","repeater_field_label":"{field_label}","repeater_bind":"","gt_translate_keys":["label","placeholder","description","tooltip","repeater_field_label","quantity_label"],"price_dependency":false,"cl_dependency":false,"value":""}],[{"label":"\ud83d\udcc5 Date","active":true,"required":true,"elementId":"date_8661916538e10f","picker_type":"custom","picker_mode":"single","placeholder":"","description":"","tooltip":"","name":"date_8661916538e10f","label_position":"default","desc_position":"default","enablePrice":false,"className":"","enableCl":true,"relations":[{"operator":"and","rules":[{"operator":false,"rules":{"cl_field":"select_9661916538e0e4","cl_relation":"is","cl_val":"Italian"}}]}],"enableDesign":false,"LabelColor":"","date_pic_inline":true,"date_pic_inline_hide":true,"min_date":{"type":"days","val":"4"},"max_date":{"type":"days","val":"365"},"date_pic_conf":{"disabledWeeks":[0,1,2,5,4]},"price":"","cl_rule":"show","col":6,"type":"date","error":false,"isWeightTemplate":false,"isTemplate":false,"min_quantity":"1","quantity_decimal":false,"quantity_step":"1","quantity_label":"Quantity","repeater_field_label":"{field_label}","repeater_bind":"","gt_translate_keys":["label","placeholder","description","tooltip","repeater_field_label","quantity_label"],"price_dependency":false,"cl_dependency":false,"value":""}],[{"elementId":"separator_7661916538e11a","separatorType":"blank","className":"","height":"10","enableCl":false,"relations":false,"cl_rule":"show","col":6,"type":"separator","gt_translate_keys":[],"price_dependency":false,"cl_dependency":false,"value":""}],[{"active":true,"col":6,"relations":[{"operator":false,"rules":[{"operator":"AND","rules":{"cl_field":"select_9661916538e0e4","cl_relation":"is_not","cl_val":"Polish"}}]}],"cl_rule":"show","enableCl":true,"price":"66","enablePrice":true,"className":"","label_position":"default","desc_position":"default","type":"radio-group","required":false,"elementId":"radio-group_10661916538e130","label":"","name":"radio-group_10661916538e130","values":[{"label":"\ud83d\udc64 Adult (66\u20ac)","value":"Adult","selected":true,"tempId":"aco_32","tooltip":"+12 Years","description":"","gt_translate_keys":["label","tooltip","description"]}],"layOut":"","error":false,"checkUi":"button","priceOptions":"fixed_for_all","pricingType":"fixed","enable_quantity":true,"quantity_label":"","min_quantity":"0","options_tooltip":true,"options_description":true,"gt_translate_keys":["label","quantity_label"],"price_dependency":false,"cl_dependency":false,"value":""}],[{"label":"","active":true,"required":false,"elementId":"radio-group-3329476112","name":"radio-group-3329476112","label_position":"default","desc_position":"default","enablePrice":true,"className":"","enableCl":true,"relations":[{"operator":false,"rules":[{"operator":"AND","rules":{"cl_field":"select_9661916538e0e4","cl_relation":"is","cl_val":"Polish"}}]}],"enable_quantity":true,"quantity_label":"","min_quantity":"0","checkUi":"button","layOut":"","options_tooltip":true,"options_description":true,"values":[{"label":"\ud83d\udc64 Adult (70\u20ac)","value":"Adult","selected":true,"tempId":"aco_32","tooltip":"+12 Years","description":"","gt_translate_keys":["label","tooltip","description"]}],"priceOptions":"fixed_for_all","pricingType":"fixed","price":"70","cl_rule":"show","col":6,"type":"radio-group","error":false,"gt_translate_keys":["label","quantity_label"],"price_dependency":false,"cl_dependency":false,"value":""}],[{"label":"","active":true,"required":false,"elementId":"radio-group_2661916538e13c","name":"radio-group_2661916538e13c","label_position":"default","desc_position":"default","enablePrice":true,"className":"","enableCl":true,"relations":[{"operator":false,"rules":[{"operator":"AND","rules":{"cl_field":"select_9661916538e0e4","cl_relation":"is_not","cl_val":"Polish"}}]}],"enable_quantity":true,"quantity_label":"","min_quantity":"0","checkUi":"button","layOut":"","values":[{"label":"\ud83d\udc66 Child (52\u20ac)","value":"Child","selected":true,"tempId":"aco_32","tooltip":"3-11 Years","description":"","gt_translate_keys":["label","tooltip","description"]}],"priceOptions":"fixed_for_all","pricingType":"fixed","price":"52","cl_rule":"show","col":6,"type":"radio-group","error":false,"options_tooltip":true,"options_description":true,"gt_translate_keys":["label","quantity_label"],"price_dependency":false,"cl_dependency":false,"value":""}],[{"label":"","active":true,"required":false,"elementId":"radio-group-3332331927","name":"radio-group-3332331927","label_position":"default","desc_position":"default","enablePrice":true,"className":"","enableCl":true,"relations":[{"operator":false,"rules":[{"operator":"AND","rules":{"cl_field":"select_9661916538e0e4","cl_relation":"is","cl_val":"Polish"}}]}],"enable_quantity":true,"quantity_label":"","min_quantity":"0","checkUi":"button","layOut":"","options_tooltip":true,"options_description":true,"values":[{"label":"\ud83d\udc66 Child (55\u20ac)","value":"Child","selected":true,"tempId":"aco_32","tooltip":"3-11 Years","description":"","gt_translate_keys":["label","tooltip","description"]}],"priceOptions":"fixed_for_all","pricingType":"fixed","price":"55","cl_rule":"show","col":6,"type":"radio-group","error":false,"gt_translate_keys":["label","quantity_label"],"price_dependency":false,"cl_dependency":false,"value":""}],[{"label":"","active":true,"required":false,"elementId":"radio-group_6661916538e147","name":"radio-group_6661916538e147","label_position":"default","desc_position":"default","enablePrice":true,"className":"","enableCl":true,"relations":[{"operator":false,"rules":[{"operator":"AND","rules":{"cl_field":"select_9661916538e0e4","cl_relation":"is_not_empty","cl_val":""}}]}],"enable_quantity":true,"quantity_label":"","min_quantity":"0","checkUi":"button","layOut":"","options_tooltip":true,"options_description":true,"values":[{"label":"\ud83d\udc76 Toddler (Free)","value":"Toddler","selected":true,"tempId":"aco_32","tooltip":"0-2 Years","description":"","gt_translate_keys":["label","tooltip","description"]}],"priceOptions":"fixed_for_all","pricingType":"fixed","price":"0","cl_rule":"show","col":6,"type":"radio-group","error":false,"gt_translate_keys":["label","quantity_label"],"price_dependency":false,"cl_dependency":false,"value":""}],[{"active":true,"col":6,"relations":false,"cl_rule":"show","enableCl":false,"price":"","enablePrice":false,"className":"","label_position":"default","desc_position":"default","type":"separator","required":false,"elementId":"separator_6661916538e151","label":"Separator Field","height":"7","separatorType":"blank","error":false,"gt_translate_keys":["label"],"price_dependency":false,"cl_dependency":false,"value":""}],[{"active":true,"col":6,"relations":false,"cl_rule":"show","enableCl":false,"price":"","enablePrice":false,"className":"","label_position":"default","desc_position":"default","type":"text","subtype":"text","required":false,"elementId":"text_4661916538e15b","label":"\ud83d\ude8c Pickup Location","name":"text_4661916538e15b","value":"","description":"Free pick-up service in Tenerife South. Simply provide your address or hotel name.","error":false,"gt_translate_keys":["label","description","value"],"price_dependency":false,"cl_dependency":false}]]}},"config":{"price_override":"always","enable_recaptcha":false,"bind_quantity":false,"quantity_bind_formula":false,"disp_summ_show_option_price":true,"disp_summ_show_product_price":false,"disp_summ_show_total_price":true,"disp_summ_show_fee":true,"disp_summ_show_discount":true,"summary_title":"","options_total_label":"Options Price","total_label":"Total Amount","options_product_label":"Product Price","fee_label":"Fee","discount_label":"Discount","has_price":true,"has_quantity_formula":false},"mc_unit":1,"tax_rate":1,"tax_rate_real":1,"discount":{"percentage":0,"fixed":0},"design":{"conf":{"LabelPosition":"above","DescPosition":"above","UploadField":"custom_1","QuantityFieldStyle":"custom_1"},"css":{"LeftLabelWidth":"120px"}},"formulas":[],"lookuptables":[],"clones":false,"cartKey":false}},"_links":{"self":[{"href":"https:\/\/canaryvip.com\/sl\/wp-json\/wp\/v2\/product\/11043","targetHints":{"allow":["GET"]}}],"collection":[{"href":"https:\/\/canaryvip.com\/sl\/wp-json\/wp\/v2\/product"}],"about":[{"href":"https:\/\/canaryvip.com\/sl\/wp-json\/wp\/v2\/types\/product"}],"replies":[{"embeddable":true,"href":"https:\/\/canaryvip.com\/sl\/wp-json\/wp\/v2\/comments?post=11043"}],"wp:featuredmedia":[{"embeddable":true,"href":"https:\/\/canaryvip.com\/sl\/wp-json\/wp\/v2\/media\/11145"}],"wp:attachment":[{"href":"https:\/\/canaryvip.com\/sl\/wp-json\/wp\/v2\/media?parent=11043"}],"wp:term":[{"taxonomy":"product_brand","embeddable":true,"href":"https:\/\/canaryvip.com\/sl\/wp-json\/wp\/v2\/product_brand?post=11043"},{"taxonomy":"product_cat","embeddable":true,"href":"https:\/\/canaryvip.com\/sl\/wp-json\/wp\/v2\/product_cat?post=11043"},{"taxonomy":"product_tag","embeddable":true,"href":"https:\/\/canaryvip.com\/sl\/wp-json\/wp\/v2\/product_tag?post=11043"}],"curies":[{"name":"wp","href":"https:\/\/api.w.org\/{rel}","templated":true}]}}