{"id":10904,"date":"2024-04-08T11:19:03","date_gmt":"2024-04-08T10:19:03","guid":{"rendered":"https:\/\/canaryvip.com\/?post_type=product&#038;p=10904"},"modified":"2025-06-28T21:05:29","modified_gmt":"2025-06-28T20:05:29","slug":"rent-boat-saxdor-200-with-license","status":"publish","type":"product","link":"https:\/\/canaryvip.com\/sl\/shop\/rent-boat-saxdor-200-with-license\/","title":{"rendered":"Najem \u010dolna Saxdor 200 z licenco Tenerife"},"content":{"rendered":"<h2>\ud83d\udea4 Najem Saxdor 200 z licenco na CanaryVIP<\/h2>\n<p><strong>Prevzemite krmilo svoje navti\u010dne pustolov\u0161\u010dine z CanaryVIP:<\/strong> S Saxdorjem 200, odli\u010dnim odprtim \u010dolnom, ki zdru\u017euje sodobno obliko in mo\u017enost celodnevnega jadranja, si lahko privo\u0161\u010dite svoj dan na morju.<\/p>\n<p>To plovilo, rojeno leta 2023, je s svojo elegantno dol\u017eino 6 m kot nala\u0161\u010d za tiste, ki \u017eelijo v slogu in brez te\u017eav pluti po vodah Tenerifa.<br \/>\nIzplutje iz slikovitega <a href=\"https:\/\/maps.app.goo.gl\/F7XZ1rpbWXBTYFND9\" target=\"_blank\" rel=\"noopener\">Los Gigantes,<\/a> . <strong>Saxdor 200 z licenco<\/strong>\u00a0predstavlja ekskluzivno prilo\u017enost za odkrivanje skritih zalivov, son\u010denje na palubi ali kosilo na krovu sredi azurnega objema Atlantika.<\/p>\n<p><strong>Elegantno in zmogljivo plovilo:<\/strong>\u00a0Saxdor 200 je zasnovan za odli\u010dnost, saj ima motor s 115 KM, ki natan\u010dno drsi po vodi. Z zmogljivostjo za 6 potnikov in rezervoarjem za gorivo, pripravljenim na pustolov\u0161\u010dine, je ta \u010doln va\u0161a vrata do zakladov ju\u017enega Tenerifa.<\/p>\n<h3>\ud83d\udea4 Saxdor 200 Tenerife: Va\u0161 dan, va\u0161a pot<\/h3>\n<ul>\n<li><strong>Prefinjeno oblikovanje:<\/strong> U\u017eivajte v razko\u0161ju, ki ga ponuja plovilo Saxdor 200 iz leta 2023, znano po svojem elegantnem videzu in udobnih sede\u017eih.<\/li>\n<li><strong>Nepozabni razgledi:<\/strong> Podajte se proti znamenitim pe\u010dinam Masca in Los Gigantes, kjer morsko \u017eivljenje uspeva v svojem naravnem okolju.<\/li>\n<li><strong>Umaknjeno plavanje:<\/strong> Zasidrajte se v mirnih zalivih, ki so kot nala\u0161\u010d za plavanje, potapljanje ali preprosto son\u010denje.<\/li>\n<li><strong>U\u017eitki na krovu:<\/strong> Va\u0161 najem vklju\u010duje mo\u017enost u\u017eivanja v obrokih na vodi, kar vam omogo\u010da, da si izku\u0161njo popestrite s kulinari\u010dnimi dobrotami.<\/li>\n<li><strong>Brezhibno jadranje:<\/strong> Saxdor 200 z zmogljivim motorjem in uporabniku prijaznim upravljanjem zagotavlja nemoteno potovanje po valovih.<\/li>\n<\/ul>\n<h3>\u2728 Podrobnosti o najemu naprave Saxdor 200<\/h3>\n<p><strong>Izku\u0161nje po va\u0161i meri:<\/strong> Na\u0161 Saxdor 200, ki sprejme do 6 oseb, je opremljen za vse prilo\u017enosti, ne glede na to, ali gre za intimen izlet v dvoje ali \u017eivahen izlet s prijatelji. Vsak najem je opremljen z iz\u010drpnim vodenjem, ki zagotavlja, da bo va\u0161 \u010das na morju varen in prijeten.<\/p>\n<p><strong>Najem, ki je primeren za vsakogar:<\/strong> Saxdor 200 z licenco je idealen za dru\u017eine, skupine ali samostojne avanturiste, saj ponuja neprimerljivo me\u0161anico razko\u0161ja in pustolov\u0161\u010dine, ki jo dopolnjuje osupljiva kulisa obale otoka Tenerife.<\/p>\n<h3>\ud83d\udea4 Priprava na potovanje s saksofonom 200<\/h3>\n<p>Pripravite se na izjemen dan na vodi z osnovnimi potreb\u0161\u010dinami, kot so kopalke in krema za son\u010denje. Zagotavljamo vso potrebno navigacijsko opremo, tako da se lahko osredoto\u010dite na raziskovanje in veselje do jadranja.<\/p>\n<p>Poskrbite, da bo va\u0161 fotoaparat pri roki, da boste lahko ujeli lepoto obale Tenerifov in morskega \u017eivljenja, ki ple\u0161e pod valovi. Z CanaryVIP je vsak trenutek na krovu plovila Saxdor 200 zasnovan tako, da bo nepozaben.<\/p>\n<h3>\ud83d\ude99 Vstopno mesto in parkiri\u0161\u010de<\/h3>\n<p><strong>Odstavljeno iz <a href=\"https:\/\/maps.app.goo.gl\/F7XZ1rpbWXBTYFND9\" target=\"_blank\" rel=\"noopener\">Los Gigantes<\/a>:<\/strong> Va\u0161a navti\u010dna pustolov\u0161\u010dina se za\u010dne pri <strong>Puerto de Los Gigantes.<\/strong> Udobno parkiri\u0161\u010de v pristani\u0161\u010du omogo\u010da, da izlet za\u010dnete brez stresa. Priporo\u010damo, da pridete nekoliko prej, da zagotovite nemoten odhod.<\/p>\n<h3>\ud83d\udea4 Na voljo tudi: Najem Compass 160e brez licence<\/h3>\n<p>Za tiste, ki imajo raje bolj svobodomiselno jadranje, ponujamo tudi<strong> <a href=\"https:\/\/canaryvip.com\/sl\/shop\/rent-boat-compass-160e-without-license\/\">Kompas 160e,<\/a><\/strong> na voljo za najem \u010dolna brez licence. Ta mo\u017enost je kot nala\u0161\u010d za pustolovce, ki \u017eelijo sami krmariti po \u010dudovitih vodah Tenerifov.<\/p>\n<p>Odplujte z iste priro\u010dne lokacije v Puerto de Los Gigantes in odkrijte svobodo morja, ne da bi za to potrebovali dovoljenje za plovbo. Ne glede na to, ali \u017eelite raziskovati osamljene zalive ali preprosto u\u017eivati na odprtem morju v svojem ritmu, je Compass 160e zanesljiva in elegantna izbira.<\/p>\n<h3>\ud83c\udf1f Zaveza CanaryVIP do vas<\/h3>\n<p>V podjetju CanaryVIP je va\u0161e zadovoljstvo na\u0161a najve\u010dja skrb. Pri rezervaciji najema vozila Saxdor 200 u\u017eivajte v prilagodljivih pravilih odpovedi in si zagotovite miren spanec. Posve\u010damo se ponudbi izjemne izku\u0161nje, ki jo poudarjata skrbna pozornost do varnosti in strast do deljenja \u010dudovitih morij Tenerifa.<\/p>\n<p>Odpravite se na pot odkrivanja z <strong>Saxdor 200 z licenco,<\/strong>\u00a0, plovbo po veli\u010dastnih vodah Tenerifa in odkrivanje skritih draguljev ob obali <strong>Los Gigantes.<\/strong><\/p>\n<p>Rezervirajte zdaj za ekskluzivno pomorsko pustolov\u0161\u010dino, ki zdru\u017euje svobodo, razko\u0161je in naravne lepote Kanarskih otokov.<\/p>","protected":false},"excerpt":{"rendered":"<p><strong>\ud83d\udd0d No Worries Listina:<\/strong><br \/>\n\u2705 Varno pla\u010dilo.<br \/>\n\ud83e\udeaa Potrebno je dovoljenje za \u010doln.<br \/>\n\ud83d\udee5\ufe0f 6m dolg \u010doln.<br \/>\n\u23f3 Dnevni najem 3-8 ur.<br \/>\n\ud83d\udd59 Prilagodljivi \u010dasi odhoda.<br \/>\n\ud83d\udc65 Do 6 gostov.<br \/>\n\ud83e\udd3f Oprema za potapljanje je na voljo.<br \/>\n\ud83e\udd11 Zagotovljena najbolj\u0161a cena.<br \/>\n\ud83d\udc6a Aktivirani popusti.<br \/>\n\ud83d\udd01 Do 4 dni odpovedi.<br \/>\n\ud83c\udf0d Ve\u010djezi\u010dna posadka.<br \/>\n\ud83c\udf1f Rezervirajte zgodaj in prihranite!<br \/>\n\ud83d\udccd Odhod iz\u00a0<a href=\"https:\/\/maps.app.goo.gl\/F7XZ1rpbWXBTYFND9\">Los Gigantes<\/a>.<\/p>","protected":false},"featured_media":11029,"comment_status":"open","ping_status":"closed","template":"","meta":{"_acf_changed":false},"product_brand":[],"product_cat":[130],"product_tag":[],"class_list":{"0":"post-10904","1":"product","2":"type-product","3":"status-publish","4":"has-post-thumbnail","6":"product_cat-self-drive-boat-hire","7":"wcpa_has_options","9":"first","10":"instock","11":"virtual","12":"purchasable","13":"product-type-simple"},"acf":[],"wcpa_form_fields":{"wcpaData":{"product":{"product_price":300,"price_html":"From&nbsp;<span class=\"woocommerce-Price-amount amount\"><bdi>300,00&nbsp;<span class=\"woocommerce-Price-currencySymbol\">&euro;<\/span><\/bdi><\/span>","original_product_price":300,"price_including_tax":300,"price_excluding_tax":300,"product_id":{"parent":10904,"variation":false},"is_variable":false,"stock_status":"instock","stock_quantity":null,"parent_sku":"CV10904","product_attributes":[],"custom_fields":[],"is_taxable":false,"product_name":"Rent Boat Saxdor 200 with License Tenerife","hasImage":false},"fields":{"sec_4668282996d361":{"extra":{"key":"sec_4668282996d361","section_id":"sec_4668282996d361","name":"Contact us","status":1,"cl_rule":"show","enableCl":false,"relations":[],"toggle":true,"title_tag":"h3","show_title":false,"showPrice":"default","form_id":12153,"form_rules":{"exclude_from_discount":true,"fee_label":"Fee","disp_hide_options_price":true,"disp_show_section_price":false,"disp_show_field_price":true,"layout_option":"standard","pric_use_as_fee":false,"process_fee_as":"woo_fee"},"layout_option":"standard"},"fields":[[{"active":true,"col":6,"relations":false,"cl_rule":"show","enableCl":false,"price":"","enablePrice":false,"className":"","label_position":"default","desc_position":"default","type":"content","required":false,"elementId":"content_8291538701","label":"","name":"content_8291538701","contentType":"rich","value":"<p><a href=\"https:\/\/api.whatsapp.com\/send\/?phone=34629670312&amp;text&amp;type=phone_number&amp;app_absent=0\" target=\"_blank\"><strong>Contact us on WhatsApp<\/strong><\/a><strong> to get a personalized price for this activity\/excursion\/rental.<\/strong><\/p>","error":false,"subtype":"div","gt_translate_keys":["label","value"],"price_dependency":false,"cl_dependency":false}]]}},"config":{"price_override":"","enable_recaptcha":false,"bind_quantity":false,"quantity_bind_formula":false,"disp_summ_show_option_price":true,"disp_summ_show_product_price":true,"disp_summ_show_total_price":true,"disp_summ_show_fee":true,"disp_summ_show_discount":true,"summary_title":"","options_total_label":"Options Price","total_label":"Total","options_product_label":"Product Price","fee_label":"Fee","discount_label":"Discount","has_price":true,"has_quantity_formula":false},"mc_unit":1,"tax_rate":1,"tax_rate_real":1,"discount":{"percentage":0,"fixed":0},"design":{"conf":{"LabelPosition":"above","DescPosition":"above","UploadField":"custom_1","QuantityFieldStyle":"custom_1"},"css":{"LeftLabelWidth":"120px"}},"formulas":[],"lookuptables":[],"clones":false,"cartKey":false}},"_links":{"self":[{"href":"https:\/\/canaryvip.com\/sl\/wp-json\/wp\/v2\/product\/10904","targetHints":{"allow":["GET"]}}],"collection":[{"href":"https:\/\/canaryvip.com\/sl\/wp-json\/wp\/v2\/product"}],"about":[{"href":"https:\/\/canaryvip.com\/sl\/wp-json\/wp\/v2\/types\/product"}],"replies":[{"embeddable":true,"href":"https:\/\/canaryvip.com\/sl\/wp-json\/wp\/v2\/comments?post=10904"}],"wp:featuredmedia":[{"embeddable":true,"href":"https:\/\/canaryvip.com\/sl\/wp-json\/wp\/v2\/media\/11029"}],"wp:attachment":[{"href":"https:\/\/canaryvip.com\/sl\/wp-json\/wp\/v2\/media?parent=10904"}],"wp:term":[{"taxonomy":"product_brand","embeddable":true,"href":"https:\/\/canaryvip.com\/sl\/wp-json\/wp\/v2\/product_brand?post=10904"},{"taxonomy":"product_cat","embeddable":true,"href":"https:\/\/canaryvip.com\/sl\/wp-json\/wp\/v2\/product_cat?post=10904"},{"taxonomy":"product_tag","embeddable":true,"href":"https:\/\/canaryvip.com\/sl\/wp-json\/wp\/v2\/product_tag?post=10904"}],"curies":[{"name":"wp","href":"https:\/\/api.w.org\/{rel}","templated":true}]}}