{"id":10467,"date":"2024-03-22T01:33:12","date_gmt":"2024-03-22T01:33:12","guid":{"rendered":"https:\/\/canaryvip.com\/?post_type=product&#038;p=10467"},"modified":"2026-03-06T18:09:54","modified_gmt":"2026-03-06T18:09:54","slug":"viking-boat-tour-tenerife","status":"publish","type":"product","link":"https:\/\/canaryvip.com\/sl\/shop\/viking-boat-tour-tenerife\/","title":{"rendered":"Izlet z vikin\u0161kim \u010dolnom na Tenerife"},"content":{"rendered":"<h2>\u2693 Izlet z vikin\u0161ko ladjo po Tenerifih: Vikin\u0161ki vikend: Izplujte na ladji Ragnarok<\/h2>\n<p>Obstaja samo en <strong>Vikin\u0161ka ladja<\/strong> pluje po vodah Tenerifa, njeno ime pa je <strong>Ragnarok<\/strong>. To v celoti tematsko opremljeno norve\u0161ko plovilo vsak dan odpluje iz Los Cristianosa in spremeni klasi\u010dno <strong>izlet z ladjo Los Cristianos<\/strong> v nekaj povsem drugega: v <strong>opazovanje kitov Tenerife<\/strong> pustolov\u0161\u010dino, ki jo spremljajo vikin\u0161ka zgodovina, zabava v \u017eivo in pogled na Atlantski ocean.<\/p>\n<p>\u010ce ste si \u017ee ogledali mo\u017enosti, kot sta Peter Pan ali Shogun <strong>izleti z ladjo,<\/strong> Ragnarok se razlikuje. Posadka je oble\u010dena v pristna vikin\u0161ka obla\u010dila, vzdu\u0161je na krovu vas popelje v \u010das nordijskih pomor\u0161\u010dakov, pot pa je zgrajena na podlagi najbolj\u0161ih <strong>opazovanje delfinov Tenerife<\/strong> in . <strong>opazovanje kitov<\/strong> mesta ob jugozahodni obali.<\/p>\n<h3>\ud83d\udc0b Opazovanje kitov in delfinov z vikin\u0161ke ladje<\/h3>\n<p>Spletna stran <strong>Izlet z vikin\u0161kim \u010dolnom na Tenerife<\/strong> deluje kot <strong>2- ali 3-urno potovanje<\/strong> iz pristani\u0161\u010da Los Cristianos, ki sledi habitatom kitov in delfinov, kjer jih je mogo\u010de opazovati vse leto. To ni le \u0161e en <strong>izlet z ladjo Tenerife<\/strong> Ogled znamenitosti: pot ladje Ragnarok je posebej zasnovana tako, da so va\u0161e mo\u017enosti za bli\u017enja sre\u010danja z morskimi \u017eivalmi \u010dim ve\u010dje, medtem ko na krovu u\u017eivate v polnem do\u017eivetju Vikingov.<\/p>\n<p>Primerno za vse starosti. Ne glede na to, ali potujete kot dru\u017eina, par ali skupina prijateljev. <strong>izlet z ladjo Tenerife<\/strong> ponuja me\u0161anico divjih \u017eivali, zgodovine in zabave, ki vsakogar od odhoda do vrnitve pritegne.<\/p>\n<h3>\ud83d\udee1\ufe0f Na krovu ladje Ragnarok: kaj vas \u010daka<\/h3>\n<p>Ragnarok je veliko ve\u010d kot le razgledna plo\u0161\u010dad. Na krovu boste na\u0161li popoln bar in restavracijo s pija\u010do, prigrizki in dobrotami, ki bodo na voljo ves \u010das potovanja. Udobni sede\u017ei so razporejeni po vsej ladji, tako da lahko najdete svoj popoln prostor. Vedno so na voljo \u010dista strani\u0161\u010da in dostopni prostori. Ve\u010djezi\u010dna posadka vam bo med potovanjem pomagala pri vsem, kar boste potrebovali.<\/p>\n<p>Poleg osnovnih elementov je to kraj, kjer o\u017eivi vikin\u0161ki duh. Pri\u010dakujte tematske predstave, interaktivne igre in prilo\u017enost, da se seznanite z avtenti\u010dno vikin\u0161ko opremo. To je vrsta vikin\u0161kega do\u017eivetja. <strong>izlet z ladjo na Tenerife<\/strong> kjer ne boste le opazovali oceana, temve\u010d do\u017eivljali izku\u0161njo.<\/p>\n<p>Varnost je prednostna naloga pri vsakem odhodu, pri \u010demer so na voljo popolna oprema in protokoli, tako da se lahko osredoto\u010dite na u\u017eivanje v vo\u017enji.<\/p>\n<h3>\ud83d\udccd Zbirno mesto: Puerto de Los Cristianos<\/h3>\n<p>Va\u0161 <strong>izlet z ladjo Los Cristianos<\/strong> se za\u010dne pri <strong>ZONA EXCURSIONES A<\/strong> v <a href=\"https:\/\/maps.app.goo.gl\/23UxnivzFPMsN4zi6\" target=\"_blank\" rel=\"noopener\">Puerto de Los Cristianos<\/a>.<\/p>\n<p>Prosimo, da pridete <strong>10 do 20 minut pred odhodom<\/strong> za nemoteno prijavo in vkrcanje.<\/p>\n<p>Pla\u010dljivo javno parkiri\u0161\u010de je na voljo tik ob pristani\u0161\u010du.<\/p>\n<h3>\ud83d\udcb0 Knjiga z CanaryVIP<\/h3>\n<p>CanaryVIP je eden najbolj zaupanja vrednih organizatorjev potovanj na Kanarskih otokih in ta ugled podpiramo z resni\u010dno vrednostjo na vsakem <strong>izlet z ladjo Tenerife<\/strong> rezervacije:<\/p>\n<ul>\n<li><strong>Jamstvo najbolj\u0161e cene:<\/strong> Ponujamo najbolj konkuren\u010dne cene za to do\u017eivetje z ladjo Viking na Tenerifih.<\/li>\n<li><strong>Brezpla\u010dna odpoved do 24 ur pred:<\/strong> Za vra\u010dilo denarja v celoti prekli\u010dite potovanje vsaj 24 ur pred na\u010drtovanim odhodom. \u010ce se ne prika\u017eete ali odpoveste v 24 urah, se denar ne povrne.<\/li>\n<li><strong>Vremenske nepredvidljive razmere:<\/strong> \u010ce pogoji niso primerni, imamo rezervne na\u010drte za za\u0161\u010dito va\u0161e izku\u0161nje.<\/li>\n<\/ul>\n<p>Kot vodilni upravljavec <strong><a href=\"https:\/\/canaryvip.com\/sl\/tenerife\/boat-excursions\/\">izleti z ladjo na Tenerife<\/a>,<\/strong> CanaryVIP je kraj, kjer potniki rezervirajo, kadar \u017eelijo po\u0161tene cene, zanesljive storitve in nepozabna do\u017eivetja na vodi.<\/p>\n<h3>\ud83c\udf0a Ste pripravljeni na vkrcanje?<\/h3>\n<p>Ladja Ragnarok \u010daka v pristani\u0161\u010du Los Cristianos. Ali je to <strong>opazovanje kitov Tenerife<\/strong> izku\u0161nje, <strong>opazovanje delfinov<\/strong> sre\u010danja ali vznemirljivo jadranje na edini avtenti\u010dni vikin\u0161ki ladji na Tenerifih, je to ena od <strong>izlet z ladjo Los Cristianos<\/strong> ne boste pozabili.<\/p>\n<p>Rezervirajte zdaj in se odpravite na pustolov\u0161\u010dino, ki zdru\u017euje naravna \u010dudesa atlantskih voda Tenerifov z legendarnim duhom norve\u0161kih raziskovalcev.<\/p>","protected":false},"excerpt":{"rendered":"<p><strong>\ud83d\udd0d Izlet z vikin\u0161ko ladjo:<\/strong><br \/>\n\u2705 Varno pla\u010dilo.<br \/>\n\ud83d\udc0b Opazovanje kitov in delfinov.<br \/>\n\ud83d\ude80 2h in 3h potovanja.<br \/>\n\u2694\ufe0f Viking Posadka.<br \/>\n\ud83d\udee1\ufe0f Poskusite z opremo Viking Gear.<br \/>\n\ud83d\udcc5 Tor, \u010cet, Pet, Sob in Ned.<br \/>\n\u23f0 Odhodi ob 11:00 in 13:30.<br \/>\n\ud83e\udd11 Zagotovljena najbolj\u0161a cena.<br \/>\n\ud83d\udd01 Do 48 ur Preklic.<br \/>\n\ud83c\udf0d Ve\u010djezi\u010dna posadka.<br \/>\n\ud83c\udf1f Rezervirajte zdaj in prihranite!<br \/>\n\ud83d\udccd Odhod iz <a href=\"https:\/\/maps.app.goo.gl\/23UxnivzFPMsN4zi6\" target=\"_blank\" rel=\"noopener\">Los Cristianos<\/a>.<\/p>","protected":false},"featured_media":10714,"comment_status":"open","ping_status":"closed","template":"","meta":{"_acf_changed":false},"product_brand":[],"product_cat":[46],"product_tag":[],"class_list":{"0":"post-10467","1":"product","2":"type-product","3":"status-publish","4":"has-post-thumbnail","6":"product_cat-boat-excursions","7":"wcpa_has_options","9":"first","10":"instock","11":"sale","12":"virtual","13":"purchasable","14":"product-type-simple"},"acf":[],"wcpa_form_fields":{"wcpaData":{"product":{"product_price":25,"price_html":"From&nbsp;<del aria-hidden=\"true\"><span class=\"woocommerce-Price-amount amount\"><bdi>30,00&nbsp;<span class=\"woocommerce-Price-currencySymbol\">&euro;<\/span><\/bdi><\/span><\/del> <span class=\"screen-reader-text\">Prvotna cena je bila: 30,00&nbsp;&euro;.<\/span><ins aria-hidden=\"true\"><span class=\"woocommerce-Price-amount amount\"><bdi>25,00&nbsp;<span class=\"woocommerce-Price-currencySymbol\">&euro;<\/span><\/bdi><\/span><\/ins><span class=\"screen-reader-text\">Trenutna cena je: 25,00&nbsp;&euro;.<\/span>","original_product_price":30,"price_including_tax":25,"price_excluding_tax":25,"product_id":{"parent":10467,"variation":false},"is_variable":false,"stock_status":"instock","stock_quantity":null,"parent_sku":"CV10467","product_attributes":[],"custom_fields":[],"is_taxable":false,"product_name":"Viking Boat Tour Tenerife","hasImage":false},"fields":{"sec_86634d72f6ab5d":{"extra":{"key":"sec_86634d72f6ab5d","section_id":"sec_86634d72f6ab5d","name":"Default","status":1,"cl_rule":"show","enableCl":false,"relations":[],"toggle":true,"title_tag":"h3","show_title":false,"showPrice":"default","form_id":11373,"form_rules":{"exclude_from_discount":true,"fee_label":"Fee","disp_hide_options_price":true,"disp_show_section_price":false,"disp_show_field_price":true,"layout_option":"standard","pric_use_as_fee":false,"process_fee_as":"woo_fee"},"layout_option":"standard"},"fields":[[{"active":true,"col":6,"relations":[{"operator":false,"rules":[{"operator":"AND","rules":{"cl_field":"","cl_relation":"","cl_val":""}}]}],"cl_rule":"show","enableCl":false,"price":"","enablePrice":false,"className":"","label_position":"default","desc_position":"default","type":"radio-group","required":true,"elementId":"radio-group_86634d72f6ab7f","label":"\u231b\ufe0f Trip Duration","name":"radio-group_86634d72f6ab7f","values":[{"label":"2 Hour Trip (25\u20ac)","value":"2 Hour Trip","selected":false,"tempId":"aco_32","description":"Viking cruise with entertainment, games, and whale\/dolphin sightings.","tooltip":"","gt_translate_keys":["label","tooltip","description"]},{"label":"3 Hour Trip (38\u20ac)","value":"3 Hour Trip","selected":false,"tempId":"aco_33","description":"Extended Viking cruise with a viking live show and snorkeling. Whale\/dolphin sightings.","tooltip":"","gt_translate_keys":["label","tooltip","description"]}],"layOut":"","error":false,"checkUi":"toggle","enableDesign":false,"scrollBar":false,"description":"","other":false,"options_description":true,"show_selected_option":false,"options_tooltip":true,"gt_translate_keys":["label","description"],"price_dependency":false,"cl_dependency":[false,false],"value":""}]]},"sec_06634d72f6ab80":{"extra":{"key":"sec_06634d72f6ab80","section_id":"sec_06634d72f6ab80","name":"2H Trip","status":1,"cl_rule":"show","enableCl":true,"relations":[{"operator":false,"rules":[{"operator":"AND","rules":{"cl_field":"radio-group_86634d72f6ab7f","cl_relation":"is","cl_val":"2 Hour Trip"}}]}],"toggle":true,"title_tag":"h4","show_title":false,"showPrice":"default","form_id":11373,"form_rules":{"exclude_from_discount":true,"fee_label":"Fee","disp_hide_options_price":true,"disp_show_section_price":false,"disp_show_field_price":true,"layout_option":"standard","pric_use_as_fee":false,"process_fee_as":"woo_fee"},"layout_option":"standard"},"fields":[[{"label":"\ud83d\udcc5 Date","active":true,"required":true,"elementId":"date_106634d72f6ab8d","picker_type":"custom","picker_mode":"single","placeholder":"","description":"","tooltip":"","name":"date_106634d72f6ab8d","label_position":"default","desc_position":"default","enablePrice":false,"className":"","enableCl":false,"relations":[{"operator":"and","rules":[{"operator":"AND","rules":{"cl_field":"radio-group_86634d72f6ab7f","cl_relation":"is","cl_val":"4.5 Hour Trip from North Tenerife"}}]}],"date_pic_inline":true,"date_pic_inline_hide":true,"min_date":{"type":"days","val":"1"},"max_date":{"type":"days","val":"130"},"date_pic_conf":{"disabledWeeks":[],"disabledDates":["2026-02-22 to 2026-03-01"]},"price":"","cl_rule":"show","col":6,"type":"date","error":false,"isWeightTemplate":false,"isTemplate":false,"min_quantity":"1","quantity_decimal":false,"quantity_step":"1","quantity_label":"Quantity","repeater_field_label":"{field_label}","repeater_bind":"","gt_translate_keys":["label","placeholder","description","tooltip","repeater_field_label","quantity_label"],"price_dependency":false,"cl_dependency":["select_36634d72f6ab98","select-0607912373","select-3976579874","select-2509731365"],"value":""}],[{"label":"\u23f0 Departure","active":true,"required":true,"elementId":"select_36634d72f6ab98","dropdown_type":"basic","name":"select_36634d72f6ab98","label_position":"default","desc_position":"default","enablePrice":false,"className":"","enableCl":true,"relations":[{"operator":false,"rules":[{"operator":"AND","rules":{"cl_field":"date_106634d72f6ab8d","cl_relation":"week_day_is","cl_val":[1,0]}}]}],"values":[{"label":"10:30","value":"10:30","selected":false,"tempId":"aco_1097","gt_translate_keys":["label"]},{"label":"12:30","value":"12:30","selected":false,"tempId":"aco_1098","gt_translate_keys":["label"]},{"label":"14:30","value":"14:30","selected":false,"tempId":"aco_1099","gt_translate_keys":["label"]}],"price":"","cl_rule":"show","col":6,"type":"select","error":false,"placeholder":"Select Departure Time","isWeightTemplate":false,"isTemplate":false,"min_quantity":"1","quantity_decimal":false,"quantity_step":"1","quantity_label":"Quantity","repeater_field_label":"{field_label}","repeater_bind":"","gt_translate_keys":["label","placeholder","repeater_field_label","quantity_label"],"price_dependency":false,"cl_dependency":false,"value":""}],[{"label":"\u23f0 Departure","active":true,"required":true,"elementId":"select-0607912373","dropdown_type":"basic","placeholder":"Select Departure Time","name":"select-0607912373","label_position":"default","desc_position":"default","enablePrice":false,"className":"","enableCl":true,"relations":[{"operator":false,"rules":[{"operator":"AND","rules":{"cl_field":"date_106634d72f6ab8d","cl_relation":"week_day_is","cl_val":[2,4]}}]}],"values":[{"label":"11:00","value":"11:00","selected":false,"tempId":"aco_1097","gt_translate_keys":["label"]},{"label":"16:00","value":"16:00","selected":false,"tempId":"aco_401","gt_translate_keys":["label"]}],"price":"","cl_rule":"show","col":6,"type":"select","error":false,"isWeightTemplate":false,"isTemplate":false,"min_quantity":"1","quantity_decimal":false,"quantity_step":"1","quantity_label":"Quantity","repeater_field_label":"{field_label}","repeater_bind":"","gt_translate_keys":["label","placeholder","repeater_field_label","quantity_label"],"price_dependency":false,"cl_dependency":false,"value":""}],[{"label":"\u23f0 Departure","active":true,"required":true,"elementId":"select-3976579874","dropdown_type":"basic","placeholder":"Select Departure Time","name":"select-3976579874","label_position":"default","desc_position":"default","enablePrice":false,"className":"","enableCl":true,"relations":[{"operator":false,"rules":[{"operator":"AND","rules":{"cl_field":"date_106634d72f6ab8d","cl_relation":"week_day_is","cl_val":[3,5]}}]}],"values":[{"label":"11:00","value":"11:00","selected":false,"tempId":"aco_1097","gt_translate_keys":["label"]},{"label":"13:00","value":"13:00","selected":false,"tempId":"aco_655","gt_translate_keys":["label"]},{"label":"15:00","value":"15:00","selected":false,"tempId":"aco_719","gt_translate_keys":["label"]}],"price":"","cl_rule":"show","col":6,"type":"select","error":false,"isWeightTemplate":false,"isTemplate":false,"min_quantity":"1","quantity_decimal":false,"quantity_step":"1","quantity_label":"Quantity","repeater_field_label":"{field_label}","repeater_bind":"","gt_translate_keys":["label","placeholder","repeater_field_label","quantity_label"],"price_dependency":false,"cl_dependency":false,"value":""}],[{"label":"\u23f0 Departure","active":true,"required":true,"elementId":"select-2509731365","dropdown_type":"basic","placeholder":"Select Departure Time","name":"select-2509731365","label_position":"default","desc_position":"default","enablePrice":false,"className":"","enableCl":true,"relations":[{"operator":false,"rules":[{"operator":"AND","rules":{"cl_field":"date_106634d72f6ab8d","cl_relation":"week_day_is","cl_val":[6]}}]}],"values":[{"label":"11:00","value":"11:00","selected":true,"tempId":"aco_1097","gt_translate_keys":["label"]}],"price":"","cl_rule":"show","col":6,"type":"select","error":false,"isWeightTemplate":false,"isTemplate":false,"min_quantity":"1","quantity_decimal":false,"quantity_step":"1","quantity_label":"Quantity","repeater_field_label":"{field_label}","repeater_bind":"","gt_translate_keys":["label","placeholder","repeater_field_label","quantity_label"],"price_dependency":false,"cl_dependency":false,"value":""}],[{"elementId":"separator_86634d72f6aba3","separatorType":"blank","className":"","height":"10","enableCl":false,"relations":false,"cl_rule":"show","col":6,"type":"separator","gt_translate_keys":[],"price_dependency":false,"cl_dependency":false,"value":""}],[{"contentType":"plain","active":true,"label":"People","elementId":"content_106634d72f6abb5","value":"","inline":false,"show_in_checkout":true,"name":"content_106634d72f6abb5","enablePrice":false,"className":"","enableCl":false,"relations":false,"price":"","cl_rule":"show","col":6,"type":"content","gt_translate_keys":["label","value"],"price_dependency":false,"cl_dependency":false}],[{"label":"","active":true,"required":false,"elementId":"radio-group_76634d72f6abc0","name":"radio-group_76634d72f6abc0","label_position":"default","desc_position":"default","enablePrice":true,"className":"","enableCl":true,"relations":[{"operator":false,"rules":[{"operator":"AND","rules":{"cl_field":"","cl_relation":"","cl_val":""}}]}],"enable_quantity":true,"quantity_label":"","min_quantity":"0","checkUi":"button","layOut":"","options_tooltip":true,"values":[{"label":"\ud83d\udc64 Adult (25\u20ac)","value":"Adult 2H","selected":true,"tempId":"aco_32","tooltip":"+12 Years","gt_translate_keys":["label","tooltip"]}],"priceOptions":"fixed_for_all","pricingType":"fixed","price":"25","cl_rule":"show","col":6,"type":"radio-group","error":false,"gt_translate_keys":["label","quantity_label"],"price_dependency":false,"cl_dependency":false,"value":""}],[{"label":"","active":true,"required":false,"elementId":"radio-group_06634d72f6abca","name":"radio-group_06634d72f6abca","label_position":"default","desc_position":"default","enablePrice":true,"className":"","enableCl":false,"relations":false,"enable_quantity":true,"quantity_label":"","min_quantity":"0","checkUi":"button","layOut":"","options_tooltip":true,"values":[{"label":"\ud83d\udc66 Child (20\u20ac)","value":"Child 2H","selected":true,"tempId":"aco_32","tooltip":"4-11 Years","gt_translate_keys":["label","tooltip"]}],"priceOptions":"fixed_for_all","pricingType":"fixed","price":"20","cl_rule":"show","col":6,"type":"radio-group","error":false,"gt_translate_keys":["label","quantity_label"],"price_dependency":false,"cl_dependency":false,"value":""}],[{"label":"","active":true,"required":false,"elementId":"radio-group_16634d72f6abd4","name":"radio-group_16634d72f6abd4","label_position":"default","desc_position":"default","enablePrice":true,"className":"","enableCl":false,"relations":false,"enable_quantity":true,"quantity_label":"","min_quantity":"0","checkUi":"button","layOut":"","options_tooltip":true,"values":[{"label":"\ud83d\udc76 Infant (5\u20ac)","value":"Infant","selected":true,"tempId":"aco_32","tooltip":"0-3 Years","gt_translate_keys":["label","tooltip"]}],"priceOptions":"fixed_for_all","pricingType":"fixed","price":"5","cl_rule":"show","col":6,"type":"radio-group","error":false,"gt_translate_keys":["label","quantity_label"],"price_dependency":false,"cl_dependency":false,"value":""}]]},"sec_he22042k0":{"extra":{"key":"sec_he22042k0","section_id":"sec_he22042k0","name":"3H Trip","status":1,"cl_rule":"show","enableCl":true,"relations":[{"operator":false,"rules":[{"operator":"AND","rules":{"cl_field":"radio-group_86634d72f6ab7f","cl_relation":"is","cl_val":"3 Hour Trip"}}]}],"toggle":true,"title_tag":"h4","show_title":false,"showPrice":"default","form_id":11373,"form_rules":{"exclude_from_discount":true,"fee_label":"Fee","disp_hide_options_price":true,"disp_show_section_price":false,"disp_show_field_price":true,"layout_option":"standard","pric_use_as_fee":false,"process_fee_as":"woo_fee"},"layout_option":"standard"},"fields":[[{"label":"\ud83d\udcc5 Date","active":true,"required":true,"elementId":"date-0004920609","picker_type":"custom","picker_mode":"single","placeholder":"","description":"","tooltip":"","name":"date-0004920609","label_position":"default","desc_position":"default","enablePrice":false,"className":"","enableCl":false,"relations":[{"operator":"and","rules":[{"operator":"AND","rules":{"cl_field":"radio-group_86634d72f6ab7f","cl_relation":"is","cl_val":"4.5 Hour Trip from North Tenerife"}}]}],"date_pic_inline":true,"date_pic_inline_hide":true,"min_date":{"type":"days","val":"1"},"max_date":{"type":"days","val":"130"},"date_pic_conf":{"disabledWeeks":[0,1,3,5],"disabledDates":["2026-02-24 to 2026-03-01"]},"price":"","cl_rule":"show","col":6,"type":"date","error":false,"isWeightTemplate":false,"isTemplate":false,"min_quantity":"1","quantity_decimal":false,"quantity_step":"1","quantity_label":"Quantity","repeater_field_label":"{field_label}","repeater_bind":"","gt_translate_keys":["label","placeholder","description","tooltip","repeater_field_label","quantity_label"],"price_dependency":false,"cl_dependency":false,"value":""}],[{"label":"\u23f0 Departure","active":true,"required":true,"elementId":"select-0004920610","dropdown_type":"basic","placeholder":"Select Departure Time","name":"select-0004920610","label_position":"default","desc_position":"default","enablePrice":false,"className":"","enableCl":false,"relations":[{"operator":false,"rules":[{"operator":"AND","rules":{"cl_field":"date_106634d72f6ab8d","cl_relation":"week_day_is","cl_val":[2,3,4,5,6]}}]}],"values":[{"label":"13:00","value":"13:00","selected":true,"tempId":"aco_1097","gt_translate_keys":["label"]}],"price":"","cl_rule":"show","col":6,"type":"select","error":false,"isWeightTemplate":false,"isTemplate":false,"min_quantity":"1","quantity_decimal":false,"quantity_step":"1","quantity_label":"Quantity","repeater_field_label":"{field_label}","repeater_bind":"","gt_translate_keys":["label","placeholder","repeater_field_label","quantity_label"],"price_dependency":false,"cl_dependency":false,"value":""}],[{"elementId":"separator-0004921614","separatorType":"blank","className":"","height":"10","enableCl":false,"relations":false,"cl_rule":"show","col":6,"type":"separator","gt_translate_keys":[],"price_dependency":false,"cl_dependency":false,"value":""}],[{"contentType":"plain","active":true,"label":"People","elementId":"content-0004921615","value":"","inline":false,"show_in_checkout":true,"name":"content-0004921615","enablePrice":false,"className":"","enableCl":false,"relations":false,"price":"","cl_rule":"show","col":6,"type":"content","gt_translate_keys":["label","value"],"price_dependency":false,"cl_dependency":false}],[{"label":"","active":true,"required":false,"elementId":"radio-group-0004921616","name":"radio-group-0004921616","label_position":"default","desc_position":"default","enablePrice":true,"className":"","enableCl":false,"relations":[{"operator":false,"rules":[{"operator":"AND","rules":{"cl_field":"","cl_relation":"","cl_val":""}}]}],"enable_quantity":true,"quantity_label":"","min_quantity":"0","checkUi":"button","layOut":"","options_tooltip":true,"values":[{"label":"\ud83d\udc64 Adult (38\u20ac)","value":"Adult 3H","selected":true,"tempId":"aco_32","tooltip":"+12 Years","gt_translate_keys":["label","tooltip"]}],"priceOptions":"fixed_for_all","pricingType":"fixed","price":"38","cl_rule":"show","col":6,"type":"radio-group","error":false,"gt_translate_keys":["label","quantity_label"],"price_dependency":false,"cl_dependency":false,"value":""}],[{"label":"","active":true,"required":false,"elementId":"radio-group-0004921617","name":"radio-group-0004921617","label_position":"default","desc_position":"default","enablePrice":true,"className":"","enableCl":false,"relations":false,"enable_quantity":true,"quantity_label":"","min_quantity":"0","checkUi":"button","layOut":"","options_tooltip":true,"values":[{"label":"\ud83d\udc66 Child (25\u20ac)","value":"Child 3H","selected":true,"tempId":"aco_32","tooltip":"4-11 Years","gt_translate_keys":["label","tooltip"]}],"priceOptions":"fixed_for_all","pricingType":"fixed","price":"25","cl_rule":"show","col":6,"type":"radio-group","error":false,"gt_translate_keys":["label","quantity_label"],"price_dependency":false,"cl_dependency":false,"value":""}],[{"label":"","active":true,"required":false,"elementId":"radio-group-0004921618","name":"radio-group-0004921618","label_position":"default","desc_position":"default","enablePrice":true,"className":"","enableCl":false,"relations":false,"enable_quantity":true,"quantity_label":"","min_quantity":"0","checkUi":"button","layOut":"","options_tooltip":true,"values":[{"label":"\ud83d\udc76 Infant (5\u20ac)","value":"Infant","selected":true,"tempId":"aco_32","tooltip":"0-3 Years","gt_translate_keys":["label","tooltip"]}],"priceOptions":"fixed_for_all","pricingType":"fixed","price":"5","cl_rule":"show","col":6,"type":"radio-group","error":false,"gt_translate_keys":["label","quantity_label"],"price_dependency":false,"cl_dependency":false,"value":""}]]}},"config":{"price_override":"always","enable_recaptcha":false,"bind_quantity":false,"quantity_bind_formula":false,"disp_summ_show_option_price":true,"disp_summ_show_product_price":false,"disp_summ_show_total_price":true,"disp_summ_show_fee":true,"disp_summ_show_discount":true,"summary_title":"","options_total_label":"Options Price","total_label":"Total Amount","options_product_label":"Product Price","fee_label":"Fee","discount_label":"Discount","has_price":true,"has_quantity_formula":false},"mc_unit":1,"tax_rate":1,"tax_rate_real":1,"discount":{"percentage":0,"fixed":0},"design":{"conf":{"LabelPosition":"above","DescPosition":"above","UploadField":"custom_1","QuantityFieldStyle":"custom_1"},"css":{"LeftLabelWidth":"120px"}},"formulas":[],"lookuptables":[],"clones":false,"cartKey":false}},"_links":{"self":[{"href":"https:\/\/canaryvip.com\/sl\/wp-json\/wp\/v2\/product\/10467","targetHints":{"allow":["GET"]}}],"collection":[{"href":"https:\/\/canaryvip.com\/sl\/wp-json\/wp\/v2\/product"}],"about":[{"href":"https:\/\/canaryvip.com\/sl\/wp-json\/wp\/v2\/types\/product"}],"replies":[{"embeddable":true,"href":"https:\/\/canaryvip.com\/sl\/wp-json\/wp\/v2\/comments?post=10467"}],"wp:featuredmedia":[{"embeddable":true,"href":"https:\/\/canaryvip.com\/sl\/wp-json\/wp\/v2\/media\/10714"}],"wp:attachment":[{"href":"https:\/\/canaryvip.com\/sl\/wp-json\/wp\/v2\/media?parent=10467"}],"wp:term":[{"taxonomy":"product_brand","embeddable":true,"href":"https:\/\/canaryvip.com\/sl\/wp-json\/wp\/v2\/product_brand?post=10467"},{"taxonomy":"product_cat","embeddable":true,"href":"https:\/\/canaryvip.com\/sl\/wp-json\/wp\/v2\/product_cat?post=10467"},{"taxonomy":"product_tag","embeddable":true,"href":"https:\/\/canaryvip.com\/sl\/wp-json\/wp\/v2\/product_tag?post=10467"}],"curies":[{"name":"wp","href":"https:\/\/api.w.org\/{rel}","templated":true}]}}