{"id":10465,"date":"2024-03-22T00:31:19","date_gmt":"2024-03-22T00:31:19","guid":{"rendered":"https:\/\/canaryvip.com\/?post_type=product&#038;p=10465"},"modified":"2025-08-09T12:48:53","modified_gmt":"2025-08-09T11:48:53","slug":"kayaking-tenerife","status":"publish","type":"product","link":"https:\/\/canaryvip.com\/sl\/shop\/kayaking-tenerife\/","title":{"rendered":"Kajaka\u0161tvo z \u017eelvami Tenerife"},"content":{"rendered":"<h2><strong>\ud83d\udea3 Kajaka\u0161tvo Tenerife - veslanje po raju<\/strong><\/h2>\n<p>Odkrijte lepoto mirnih voda Tenerifov z na\u0161imi neprekosljivimi <strong>Pustolov\u0161\u010dine s kajakom.<\/strong>\u00a0. Ob\u010dutite veselje ob pre\u010dkanju morja, kjer se navdu\u0161enje nad aktivnimi \u0161porti prepleta s pomirjujo\u010dim objemom narave. Z na\u0161imi <strong>kajaka\u0161tvo Tenerife<\/strong> ogledi, pri\u010da <a href=\"https:\/\/canaryvip.com\/sl\/tenerife\/boat-excursions\/\"><strong>opa\u017eanja delfinov<\/strong><\/a> in . <strong>potapljanje z \u017eelvami<\/strong> na spo\u0161tljiv in nevsiljiv na\u010din ter ponuja idealno zato\u010di\u0161\u010de za ljubitelje narave.<\/p>\n<h3><strong>\u23f1\ufe0f Raziskovanje oceanov s kajaka\u0161tvom na Tenerifih<\/strong><\/h3>\n<ul>\n<li><strong>Pustolov\u0161\u010dina:<\/strong> Spro\u017eite svoj <strong>kajaka\u0161tvo Tenerife<\/strong> odplujte z obale Los Cristianosa in se podajte na me\u0161anico vodne vadbe in \u010darobnosti odprtega morja. Na\u0161e ture obljubljajo \u017eivahno veslanje in osebna sre\u010danja z \u017eivahnim morskim \u017eivljenjem Tenerifov.<\/li>\n<li><strong>Lastnosti:<\/strong> \u010ceprav se opazovanja divjih \u017eivali lahko razlikujejo, je na\u0161a predanost zagotavljanju izjemnega <strong>kajaka\u0161tvo Tenerife<\/strong> izku\u0161nje ostajajo nespremenjene.<\/li>\n<li><strong>Dodane ugodnosti:<\/strong> Poleg vznemirljivega kajaka\u0161kega do\u017eivetja izkoristite prilo\u017enost za snorklanje v kristalnih vodah Palm Mar, ki so zato\u010di\u0161\u010de morskih \u017eelv in \u0161tevilnih morskih vrst. To obogati va\u0161o pustolov\u0161\u010dino in vam omogo\u010di bli\u017enje sre\u010danje s \u010dudesi oceana.<\/li>\n<\/ul>\n<h3><strong>\ud83c\udf0a Sre\u010danje z morskim \u017eivljenjem med vo\u017enjo s kajakom na Tenerifih<\/strong><\/h3>\n<ul>\n<li><strong>Izku\u0161nje:<\/strong> Veslanje po mirnih vodah Tenerifov na na\u0161i <strong>izleti s kajakom<\/strong> za opazovanje delfinov v njihovem naravnem okolju. \u010ceprav ne dovolimo plavanja z delfini, na na\u0161ih izletih gojimo ob\u010dutek spo\u0161tovanja in ob\u010dudovanja do teh \u010dudovitih bitij.<\/li>\n<li><strong>Poudarki:<\/strong> Pri potapljanju se lahko potopite v podvodni svet z veliko verjetnostjo, da boste plavali ob \u017eelvah in rajah, ter si ogledate razko\u0161je in raznolikost morskega \u017eivljenja na Tenerifih.<\/li>\n<li><strong>Udobje:<\/strong> Za majhno dodatno pla\u010dilo se odlo\u010dite za na\u0161o brezskrbno storitev prevzema in si zagotovite nemoten za\u010detek <strong>kajaka\u0161tvo Tenerife<\/strong> pustolov\u0161\u010dina. Na prvo mesto postavljamo va\u0161e udobje in poskrbimo, da bo vsak del va\u0161ega potovanja potekal brez te\u017eav.<\/li>\n<\/ul>\n<h3>\ud83c\udf1f Bistvene informacije za va\u0161e do\u017eivetje s kajakom na Tenerifih<\/h3>\n<ul>\n<li><strong>Zagotavljanje varnosti<\/strong>: Vsako <strong>kajaka\u0161tvo Tenerife<\/strong> turnejo podpira na\u0161a zavezanost k varnosti. Pred vsakim izletom opravimo podrobno varnostno izobra\u017eevanje in vse udele\u017eence opremimo z osnovno opremo, vklju\u010dno z re\u0161ilnimi jopi\u010di in kompleti za potapljanje, za varno in prijetno pustolov\u0161\u010dino.<\/li>\n<li><strong>Ve\u010djezi\u010dni vodniki<\/strong>: Na\u0161i usposobljeni vodniki znajo angle\u0161ko in \u0161pansko ter vam ves \u010das nudijo osebne in informativne komentarje. <strong>kajaka\u0161tvo Tenerife<\/strong> izlet. To zagotavlja prijazno vzdu\u0161je za mednarodne avanturiste, zaradi \u010desar je vsak trenutek va\u0161e ture zanimiv in pou\u010den.<\/li>\n<li><strong>Strokovna navodila<\/strong>: Pred za\u010detkom <strong>kajaka\u0161tvo Tenerife<\/strong> izku\u0161nje, na\u0161a ekipa pa vam nudi strokovne nasvete o tehnikah vo\u017enje s kajakom in varnostnih praksah. Ne glede na to, ali ste za\u010detnik ali \u017ee imate izku\u0161nje, je cilj na\u0161ega vodenja pove\u010dati va\u0161o samozavest in u\u017eivanje na vodi.<\/li>\n<\/ul>\n<h3>\ud83d\udcc5 <strong>Zagotovite si svojo kajaka\u0161ko avanturo na Tenerifih in rezervirajte zdaj<\/strong><\/h3>\n<p>Na\u0161 <strong>Tenerife kajaka\u0161ki izleti<\/strong> so premi\u0161ljeno izbrani tako, da vas popeljejo v naravna \u010dudesa otoka in vam nudijo edinstveno do\u017eivetje, ki vas tesno pove\u017ee z morjem.<br \/>\nKer se mesta hitro zapolnijo, priporo\u010damo zgodnjo rezervacijo. Izberite <strong>CanaryVIP<\/strong> za nemoten postopek rezervacije in si zagotovite mesto v tem vodnem raju.<\/p>\n<h3>\u2705 <strong>Kaj je vklju\u010deno v va\u0161e potovanje s kajakom po Tenerifih?<\/strong><\/h3>\n<ul>\n<li>Po \u017eelji lahko za simboli\u010dno pla\u010dilo poskrbite za storitev prevzema in odvoza, ki bo va\u0161o pustolov\u0161\u010dino popestrila s priro\u010dnostjo.<\/li>\n<li>Voden izlet pod vodstvom izku\u0161enih in\u0161truktorjev, ki zdru\u017euje vo\u017enjo s kajakom in potapljanje.<\/li>\n<li>Pribli\u017eno 1,5 ure vo\u017enje s kajakom, ki jo dopolnjuje 30-minutno potapljanje z dihalko za raziskovanje podvodnega sveta.<\/li>\n<li>omarice za varno shranjevanje stvari, medtem ko u\u017eivate v vodnih do\u017eivetjih.<\/li>\n<li>Ve\u010djezi\u010dni vodnik zagotavlja jasno komunikacijo in bogato izku\u0161njo.<\/li>\n<\/ul>\n<h3><strong>\u2696\ufe0f Rezervacije in pravilnik o odpovedi za kajaka\u0161tvo na Tenerifih:<\/strong><\/h3>\n<ul>\n<li><strong>Na\u010drtujte vnaprej:<\/strong> Rezervirajte zgodaj, da si zagotovite svoje mesto, in izkoristite poseben popust prek storitve CanaryVIP. Ne pozabite, da je povpra\u0161evanje po kajaka\u0161kih dogodiv\u0161\u010dinah, zlasti tistih, ki ponujajo sre\u010danja z divjimi \u017eivalmi, veliko.<\/li>\n<li><strong>Prilagodljive odpovedi:<\/strong> \u017divljenje je lahko nepredvidljivo. Za vra\u010dilo denarja v celoti prekli\u010dite rezervacijo do 24 ur pred potovanjem. Za izku\u0161njo brez stresa se zavedamo, da je potrebna prilagodljivost.<\/li>\n<li><strong>Zahteve za udele\u017eence:<\/strong> Primerno za posameznike, ki so dovolj zdravi in se dobro po\u010dutijo v vodi. Predhodne izku\u0161nje s kajakom niso potrebne, udele\u017eenci pa morajo znati plavati za potapljanje.<\/li>\n<\/ul>\n<h3><strong>\ud83c\udf92 Priprava na kajaka\u0161ko pustolov\u0161\u010dino:<\/strong><\/h3>\n<ul>\n<li><strong>Kaj prinesi s seboj:<\/strong> Udobje je klju\u010dnega pomena za va\u0161o pustolov\u0161\u010dino. V hladnej\u0161ih dneh se oblecite v kopalke pod neoprensko obleko. \u010ceprav japonke niso priporo\u010dljive, so za potovanje nujni trpe\u017eni \u010devlji. Ne pozabite spakirati kreme za son\u010denje, klobuka za dnevne izlete in brisa\u010de za \u010das po potapljanju.<\/li>\n<li><strong>Foto spomini:<\/strong> \u010ceprav ne nudimo fotografskih storitev, lahko s seboj prinesete fotoaparat ali telefon, s katerim boste ujeli \u010dudovite razglede. Zavedajte se, da je no\u0161enje teh predmetov na lastno odgovornost.<\/li>\n<li><strong>Zdravje in varnost:<\/strong> Da bi zagotovili varnost in zadovoljstvo vseh udele\u017eencev, dejavnost ni priporo\u010dljiva za osebe, ki so nose\u010de ve\u010d kot 5 mesecev. Klju\u010dnega pomena je, da imajo vsi kajaka\u0161i osnovno sposobnost plavanja, zlasti za del ture s potapljanjem.<\/li>\n<\/ul>\n<h3>\u2753 <strong>Pogosta vpra\u0161anja: Odgovore na va\u0161a vpra\u0161anja o kajaka\u0161tvu<\/strong><\/h3>\n<ul>\n<li><strong>Ali potrebujem predhodne izku\u0161nje s kajakom?<\/strong> Nikakor ne, na\u0161i vodniki vas bodo opremili z osnovnimi tehnikami veslanja. Le udobno se po\u010dutite v vodi in bodite pripravljeni na zanimiv dan.<\/li>\n<li><strong>Kaj naj oble\u010dem?<\/strong> Poleg kopalk in son\u010dne kreme je v hladnej\u0161ih dneh priporo\u010dljivo nositi tudi neoprensko obleko. Zagotavljamo vso potrebno varnostno opremo in opremo za potapljanje.<\/li>\n<li><strong>Ali obstajajo starostne omejitve?<\/strong> Kajaka\u0161i morajo biti stari 6 let ali ve\u010d. Otroci od 6 do 11 let morajo biti v spremstvu odrasle osebe.<\/li>\n<li><strong>Ali lahko zamenjam kajak?<\/strong> Vsekakor se lahko odlo\u010dite za samostojno vo\u017enjo s kajakom, s partnerjem ali v skupini treh oseb, kar pa ne vpliva na ceno.<\/li>\n<\/ul>\n<h4><strong>\ud83c\udf1e Ste pripravljeni na morje?<\/strong><\/h4>\n<p>Potopite se v nepozabno izku\u0161njo vo\u017enje s kajakom ob obali otoka Tenerife. Ne glede na to, ali plujete po vodah Los Cristianosa, ob\u010dudujete <strong>delfini,<\/strong>\u00a0ali <strong>potapljanje z \u017eelvami,<\/strong>\u00a0svojo pustolov\u0161\u010dino z <strong>CanaryVIP<\/strong> obljublja me\u0161anico lepote, navdu\u0161enja in trajnih spominov.<br \/>\nRezervirajte svoje mesto \u0161e danes in se pripravite, da vas presenetijo \u010dudesa oceana! \ud83d\udea3\u200d\u2640\ufe0f\ud83d\udc2c\ud83d\udc22<\/p>\n<p>\u010ce \u017eelite do\u017eiveti nepozabno pustolov\u0161\u010dino v nedotaknjenih vodah Tenerifov, \u0161e danes rezervirajte svoj izlet s kajakom pri nas!<\/p>","protected":false},"excerpt":{"rendered":"<p><strong>\ud83d\udd0d Kajaka\u0161tvo Tenerife:<\/strong><br \/>\n\u2705 Varno pla\u010dilo.<br \/>\n\ud83d\udc0b Opazovanje delfinov in \u017eelv.<br \/>\n\ud83d\ude80 2h dogodiv\u0161\u010dine.<br \/>\n\ud83e\udd3f Oprema za potapljanje je na voljo.<br \/>\n\ud83d\udd59 Ve\u010d \u010dasov odhoda.<br \/>\n\ud83d\udcc5 Na voljo vsak dan.<br \/>\n\ud83e\udd11 Zagotovljena najbolj\u0161a cena.<br \/>\n\ud83d\ude8d Izbirna storitev prevoza.<br \/>\n\ud83d\udc6a Dru\u017einski in skupinski popusti.<br \/>\n\ud83d\udd01 24 urna odpoved.<br \/>\n\ud83c\udf0d Vodniki v angle\u0161\u010dini in \u0161pan\u0161\u010dini.<br \/>\n\ud83c\udf1f Rezervirajte zgodaj in prihranite.<br \/>\n\ud83d\udccd Odhod iz <a href=\"https:\/\/maps.app.goo.gl\/g9c9rZaJv7igjr3t8\">Los Cristianos<\/a>.<\/p>","protected":false},"featured_media":10794,"comment_status":"open","ping_status":"closed","template":"","meta":{"_acf_changed":false},"product_brand":[],"product_cat":[53],"product_tag":[],"class_list":{"0":"post-10465","1":"product","2":"type-product","3":"status-publish","4":"has-post-thumbnail","6":"product_cat-water-sports","7":"wcpa_has_options","9":"first","10":"instock","11":"sale","12":"virtual","13":"purchasable","14":"product-type-simple"},"acf":[],"wcpa_form_fields":{"wcpaData":{"product":{"product_price":35,"price_html":"From&nbsp;<del aria-hidden=\"true\"><span class=\"woocommerce-Price-amount amount\"><bdi>45,00&nbsp;<span class=\"woocommerce-Price-currencySymbol\">&euro;<\/span><\/bdi><\/span><\/del> <span class=\"screen-reader-text\">Prvotna cena je bila: 45,00&nbsp;&euro;.<\/span><ins aria-hidden=\"true\"><span class=\"woocommerce-Price-amount amount\"><bdi>35,00&nbsp;<span class=\"woocommerce-Price-currencySymbol\">&euro;<\/span><\/bdi><\/span><\/ins><span class=\"screen-reader-text\">Trenutna cena je: 35,00&nbsp;&euro;.<\/span>","original_product_price":45,"price_including_tax":35,"price_excluding_tax":35,"product_id":{"parent":10465,"variation":false},"is_variable":false,"stock_status":"instock","stock_quantity":null,"parent_sku":"CV10465","product_attributes":[],"custom_fields":[],"is_taxable":false,"product_name":"Kayaking with Turtles Tenerife","hasImage":false},"fields":{"sec_1066337d57eb5e3":{"extra":{"key":"sec_1066337d57eb5e3","section_id":"sec_1066337d57eb5e3","name":"Default","status":1,"cl_rule":"show","enableCl":false,"relations":[],"toggle":true,"title_tag":"h3","show_title":false,"showPrice":"default","form_id":11372,"form_rules":{"exclude_from_discount":true,"fee_label":"Fee","disp_hide_options_price":true,"disp_show_section_price":false,"disp_show_field_price":true,"layout_option":"standard","pric_use_as_fee":false,"process_fee_as":"woo_fee"},"layout_option":"standard"},"fields":[[{"label":"\ud83d\udcc5 Date","active":true,"required":true,"elementId":"date_666337d57eb607","picker_type":"custom","picker_mode":"single","placeholder":"","description":"","tooltip":"","name":"date_666337d57eb607","label_position":"default","desc_position":"default","enablePrice":false,"className":"","enableCl":false,"relations":[{"operator":"and","rules":[{"operator":"AND","rules":{"cl_field":"radio-group_5661bc90f5e8f5","cl_relation":"is_not_empty","cl_val":"3 Hour Trip"}}]}],"date_pic_inline":true,"date_pic_inline_hide":true,"min_date":{"type":"days","val":"0"},"max_date":{"type":"days","val":"365"},"date_pic_conf":{"disabledWeeks":[]},"price":"","cl_rule":"show","col":6,"type":"date","error":false,"enableDesign":false,"LabelColor":"","gt_translate_keys":["label","placeholder","description","tooltip"],"price_dependency":false,"cl_dependency":false,"value":""}],[{"active":true,"col":6,"relations":false,"cl_rule":"show","enableCl":false,"price":"","enablePrice":false,"className":"","label_position":"default","desc_position":"default","type":"select","required":true,"elementId":"select_566337d57eb62f","label":"\u23f0 Departure Time","name":"select_566337d57eb62f","values":[{"label":"Whichever Time is Best","value":"Whichever Time is Best","selected":false,"tempId":"aco_312","gt_translate_keys":["label"]},{"label":"10:00","value":"10:00","selected":false,"tempId":"aco_313","gt_translate_keys":["label"]},{"label":"12:30 (12:30 PM)","value":"12:30","selected":false,"tempId":"aco_314","gt_translate_keys":["label"]},{"label":"14:00 (2:00 PM)","value":"14:00","selected":false,"tempId":"aco_711","gt_translate_keys":["label"]}],"dropdown_type":"basic","error":false,"multiple":false,"placeholder":"None","gt_translate_keys":["label","placeholder"],"price_dependency":false,"cl_dependency":false,"value":""}],[{"active":true,"col":6,"relations":false,"cl_rule":"show","enableCl":false,"price":"","enablePrice":false,"className":"","label_position":"default","desc_position":"default","type":"content","required":false,"elementId":"content_1042762875","label":"","name":"content_1042762875","contentType":"rich","value":"<p>\ud83c\udf9f\ufe0f <strong>Reservation<\/strong>: Pay only a deposit now to reserve; the rest is due on the day of the activity upon arrival.<\/p>","show_in_checkout":true,"error":false,"gt_translate_keys":["label","value"],"price_dependency":false,"cl_dependency":false}],[{"active":true,"col":6,"relations":[{"operator":false,"rules":[{"operator":"AND","rules":{"cl_field":"","cl_relation":"","cl_val":""}}]}],"cl_rule":"show","enableCl":true,"price":"35","enablePrice":true,"className":"","label_position":"default","desc_position":"default","type":"radio-group","required":false,"elementId":"radio-group_166337d57eb617","label":"","name":"radio-group_166337d57eb617","values":[{"label":"\ud83d\udc64 Adult (35\u20ac)","value":"Adult","selected":true,"tempId":"aco_32","tooltip":"+11 Years","description":"","gt_translate_keys":["label","tooltip","description"]}],"layOut":"","error":false,"checkUi":"button","priceOptions":"fixed_for_all","pricingType":"fixed","enable_quantity":true,"quantity_label":"","min_quantity":"0","options_tooltip":true,"options_description":true,"is_show_price":true,"gt_translate_keys":["label","quantity_label"],"price_dependency":false,"cl_dependency":false,"value":""}],[{"label":"","active":true,"required":false,"elementId":"radio-group_166337d57eb624","name":"radio-group_166337d57eb624","label_position":"default","desc_position":"default","enablePrice":true,"className":"","enableCl":true,"relations":[{"operator":false,"rules":[{"operator":"AND","rules":{"cl_field":"","cl_relation":"","cl_val":""}}]}],"enable_quantity":true,"quantity_label":"","min_quantity":"0","checkUi":"button","layOut":"","options_tooltip":true,"options_description":true,"values":[{"label":"\ud83d\udc66 Child (20\u20ac)","value":"Child","selected":true,"tempId":"aco_32","tooltip":"6-10 Years","description":"","gt_translate_keys":["label","tooltip","description"]}],"priceOptions":"fixed_for_all","pricingType":"fixed","price":"20","cl_rule":"show","col":6,"type":"radio-group","error":false,"is_show_price":true,"gt_translate_keys":["label","quantity_label"],"price_dependency":false,"cl_dependency":false,"value":""}],[{"active":true,"col":6,"relations":false,"cl_rule":"show","enableCl":false,"price":"","enablePrice":false,"className":"","label_position":"default","desc_position":"default","type":"separator","required":false,"elementId":"separator_9019492152","label":"Separator Field","height":"6","separatorType":"fill","error":false,"separatorColor":"#66a6b6","gt_translate_keys":["label"],"price_dependency":false,"cl_dependency":false,"value":""}],[{"active":true,"col":6,"relations":false,"cl_rule":"show","enableCl":false,"price":"({field.radio-group_166337d57eb617.quantity}*10)+({field.radio-group_166337d57eb624.quantity}*7.50)","enablePrice":true,"className":"","label_position":"default","desc_position":"default","type":"content","required":false,"elementId":"content_8712621725","label":"Deposit Now","name":"content_8712621725","contentType":"plain","value":"","error":false,"pricingType":"custom","isTemplate":false,"is_show_price":false,"show_in_checkout":true,"enableDesign":true,"LabelSize":"14px","inline":true,"gt_translate_keys":["label","value"],"price_dependency":["content-8850121983"],"cl_dependency":false}],[{"contentType":"plain","active":true,"label":"Payment at Arrival","elementId":"content-8797651822","value":"","name":"content-8797651822","enablePrice":true,"className":"","enableCl":false,"relations":false,"price":"({field.radio-group_166337d57eb617.quantity}*25)+({field.radio-group_166337d57eb624.quantity}*12.50)","cl_rule":"show","col":6,"type":"content","error":false,"is_show_price":true,"pricingType":"custom","isTemplate":false,"show_in_checkout":true,"enableDesign":true,"LabelSize":"14px","inline":true,"gt_translate_keys":["label","value"],"price_dependency":["content-8850121983"],"cl_dependency":false}],[{"contentType":"plain","active":true,"label":"Total Amount","elementId":"content-8850121983","value":"","name":"content-8850121983","enablePrice":true,"className":"","enableCl":false,"relations":false,"price":"{field.content_8712621725.price}+{field.content-8797651822.price}","cl_rule":"show","col":6,"type":"content","error":false,"is_show_price":true,"pricingType":"custom","isTemplate":false,"show_in_checkout":true,"enableDesign":true,"LabelSize":"14px","inline":true,"gt_translate_keys":["label","value"],"price_dependency":false,"cl_dependency":false}]]},"sec_he1t7j115":{"extra":{"key":"sec_he1t7j115","section_id":"sec_he1t7j115","name":"Pickup","status":1,"cl_rule":"show","enableCl":false,"relations":[],"toggle":true,"title_tag":"h4","show_title":false,"showPrice":"default","form_id":11372,"form_rules":{"exclude_from_discount":true,"fee_label":"Fee","disp_hide_options_price":true,"disp_show_section_price":false,"disp_show_field_price":true,"layout_option":"standard","pric_use_as_fee":false,"process_fee_as":"woo_fee"},"layout_option":"standard"},"fields":[[{"active":true,"col":6,"relations":false,"cl_rule":"show","enableCl":false,"price":"","enablePrice":false,"className":"","label_position":"default","desc_position":"default","type":"text","subtype":"text","required":false,"elementId":"text_0736264724","label":"\ud83d\ude8c Pickup Location","name":"text_0736264724","value":"","error":false,"description":"Pick-up service in Tenerife South available for an extra 2\u20ac per person, to be paid on arrival. Please provide your address or hotel name to book the shuttle service; if not needed, leave it blank. | For Callao Salvaje and Palm-Mar, the extra cost is 4\u20ac per person | El M\u00e9dano: 15\u20ac per car | Golf del Sur: 10\u20ac per car.","gt_translate_keys":["label","description","value"],"price_dependency":false,"cl_dependency":false}]]}},"config":{"price_override":"always","enable_recaptcha":false,"bind_quantity":false,"quantity_bind_formula":false,"disp_summ_show_option_price":true,"disp_summ_show_product_price":false,"disp_summ_show_total_price":false,"disp_summ_show_fee":true,"disp_summ_show_discount":true,"summary_title":"","options_total_label":"Options Price","total_label":"Total Amount","options_product_label":"Product Price","fee_label":"Fee","discount_label":"Discount","has_price":true,"has_quantity_formula":false},"mc_unit":1,"tax_rate":1,"tax_rate_real":1,"discount":{"percentage":0,"fixed":0},"design":{"conf":{"LabelPosition":"above","DescPosition":"above","UploadField":"custom_1","QuantityFieldStyle":"custom_1"},"css":{"LeftLabelWidth":"120px"}},"formulas":[],"lookuptables":[],"clones":false,"cartKey":false}},"_links":{"self":[{"href":"https:\/\/canaryvip.com\/sl\/wp-json\/wp\/v2\/product\/10465","targetHints":{"allow":["GET"]}}],"collection":[{"href":"https:\/\/canaryvip.com\/sl\/wp-json\/wp\/v2\/product"}],"about":[{"href":"https:\/\/canaryvip.com\/sl\/wp-json\/wp\/v2\/types\/product"}],"replies":[{"embeddable":true,"href":"https:\/\/canaryvip.com\/sl\/wp-json\/wp\/v2\/comments?post=10465"}],"wp:featuredmedia":[{"embeddable":true,"href":"https:\/\/canaryvip.com\/sl\/wp-json\/wp\/v2\/media\/10794"}],"wp:attachment":[{"href":"https:\/\/canaryvip.com\/sl\/wp-json\/wp\/v2\/media?parent=10465"}],"wp:term":[{"taxonomy":"product_brand","embeddable":true,"href":"https:\/\/canaryvip.com\/sl\/wp-json\/wp\/v2\/product_brand?post=10465"},{"taxonomy":"product_cat","embeddable":true,"href":"https:\/\/canaryvip.com\/sl\/wp-json\/wp\/v2\/product_cat?post=10465"},{"taxonomy":"product_tag","embeddable":true,"href":"https:\/\/canaryvip.com\/sl\/wp-json\/wp\/v2\/product_tag?post=10465"}],"curies":[{"name":"wp","href":"https:\/\/api.w.org\/{rel}","templated":true}]}}