{"id":10186,"date":"2024-03-28T05:27:33","date_gmt":"2024-03-28T05:27:33","guid":{"rendered":"https:\/\/canaryvip.com\/?post_type=product&#038;p=10186"},"modified":"2025-06-28T23:11:45","modified_gmt":"2025-06-28T22:11:45","slug":"rent-a-car-tenerife","status":"publish","type":"product","link":"https:\/\/canaryvip.com\/sl\/shop\/rent-a-car-tenerife\/","title":{"rendered":"Najem avtomobila Tenerife"},"content":{"rendered":"<h2>\ud83d\ude99 Odkrijte Tenerife z na\u0161o vrhunsko storitvijo najema avtomobila<\/h2>\n<p>Do\u017eivite popolno svobodo pri raziskovanju osupljivih pokrajin Tenerifov v svojem ritmu. Na\u0161 <strong>Najem avtomobila Tenerife<\/strong> storitev na <strong>CanaryVIP<\/strong> ponuja neprimerljivo udobje in prilagodljivost za va\u0161e potovanje po otoku. Od son\u010denja na nedotaknjenih pla\u017eah do trekinga po veli\u010dastnih <a href=\"https:\/\/canaryvip.com\/sl\/discover-the-teide-the-ultimate-guide-iconic-volcano\/\">Nacionalni park Teide,<\/a>\u00a0in odkrivanje skritih draguljev otoka, je na\u0161a raznolika flota va\u0161a vstopnica za nepozabno pustolov\u0161\u010dino.<\/p>\n<h3>\u2b50\ufe0f Zakaj izbrati Rent a Car Tenerife?<\/h3>\n<p>Izbira za <strong>najem avtomobila na Tenerifih<\/strong> z CanaryVIP pomeni, da si podarite svobodo. Niste ve\u010d vezani na omejitve javnega prevoza ali toge \u010dasovne okvire organiziranih izletov, temve\u010d lahko ta osupljivi otok raziskujete v svojem tempu in v skladu s svojimi interesi.<\/p>\n<ul>\n<li><strong>Prilagodljivost:<\/strong> Na\u0161 <strong>najem avtomobila v Tenerife<\/strong> vam omogo\u010da, da sami oblikujete svoj na\u010drt potovanja. Od son\u010dnega vzhoda do zahoda se sami odlo\u010dite, kaj boste videli in kdaj.<\/li>\n<li><strong>Raznolikost:<\/strong> Na\u0161 vozni park je raznolik in ustreza vsem \u017eeljam in potrebam. Ne glede na to, ali i\u0161\u010dete kompaktni avtomobil za izlete po mestu ali prostoren SUV za pustolov\u0161\u010dine na razgibanem terenu v <strong>Ju\u017eni Tenerife,<\/strong>\u00a0poskrbeli smo za vas.<\/li>\n<li><strong>Konkuren\u010dne cene:<\/strong> Prizadevamo si za cenovno dostopnost brez \u017ertvovanja kakovosti. Na\u0161 <strong>najem avtomobila<\/strong> na Tenerifih so cenovno ugodne in zagotavljajo cenovno ugodno raziskovanje otoka.<\/li>\n<li><strong>Udobje:<\/strong> Prevzem vozila iz najema na klju\u010dnih lokacijah, kot so <strong><a href=\"https:\/\/maps.app.goo.gl\/YAWX2KPn75tN8YMUA\" target=\"_blank\" rel=\"noopener\">Letali\u0161\u010de Tenerife South<\/a>.<\/strong>\u00a0Od trenutka, ko pristanete, se va\u0161a pustolov\u0161\u010dina na Tenerifih nemudoma za\u010dne.<\/li>\n<\/ul>\n<h4>\ud83c\udf0d Razi\u0161\u010dite Tenerife kot \u0161e nikoli prej<\/h4>\n<p>Tenerife ne o\u010darajo le znamenite pla\u017ee in turisti\u010dne to\u010dke, temve\u010d tudi manj znani kraji. Na spletni strani <strong>najem avtomobila Tenerife,<\/strong>\u00a0boste lahko raziskovali bogato zgodovino, \u017eivahno kulturo in osupljive naravne lepote otoka. Vozite se skozi prikupne vasi, obi\u0161\u010dite lokalne tr\u017enice in poi\u0161\u010dite svoj ko\u0161\u010dek raja na osamljenih pla\u017eah.<\/p>\n<h4>\ud83d\udd0d Odkrijte ve\u010d z najemom avtomobila na Tenerifih<\/h4>\n<p>Vsak korak na Tenerifih predstavlja novo odkritje, z <strong>CanaryVIP's rent a car v Tenerife,<\/strong>\u00a0svobodno lahko lovite vsak son\u010dni zahod, se povzpnete na vsako goro in u\u017eivate v vsakem razgledu. Prese\u017eite okvire vodnikov in iz svojega potovanja naredite antologijo osebnih izku\u0161enj in nepozabnih spominov.<\/p>\n<h4>\u2705 Enostavna rezervacija<\/h4>\n<p>Na\u0161 postopek rezervacije je preprost in uporabniku prijazen. Izberite \u017eeleno vozilo, izberite obdobje najema in dodajte morebitne dodatke - vse to z le nekaj kliki. Na\u0161 cilj je, da bi va\u0161 <strong>najem avtomobila v Tenerife<\/strong> \u010dim bolj gladko in brez te\u017eav.<\/p>\n<h4>\ud83d\udee1\ufe0f Varnost in udobje<\/h4>\n<p>Va\u0161a varnost in udobje sta najpomembnej\u0161a. Vsako vozilo v na\u0161em voznem parku je skrbno vzdr\u017eevano, da izpolnjuje najvi\u0161je standarde varnosti in zmogljivosti. Ko se odlo\u010dite za <strong>najem avtomobila v Tenerife South,<\/strong>\u00a0ste lahko prepri\u010dani, da je poskrbljeno za va\u0161e udobje in dobro po\u010dutje.<\/p>\n<h4>\ud83c\udf31 Trajnostna potovanja<\/h4>\n<p>Zavzemamo se za okolju prijazne potovalne pobude. Na\u0161 izbor vozil vklju\u010duje mo\u017enosti, ki so prijazne do okolja, tako da lahko raziskujete naravne lepote Tenerifov in hkrati zmanj\u0161ate svoj oglji\u010dni odtis.<\/p>\n<h4>\ud83d\udd11 Odkrijte najbolj\u0161e na Tenerifih<\/h4>\n<p>Tenerife je otok neskon\u010dnih pustolov\u0161\u010din in lepot, od s soncem obsijanih obal do misti\u010dne vi\u0161ine Teide. Z na\u0161imi <strong>storitve najema avtomobilov,<\/strong>\u00a0vsak koti\u010dek tega o\u010darljivega otoka je na dosegu roke. <strong>Najem avtomobila v Tenerife<\/strong> in se odpravite na pot odkrivanja in \u010dudenja.<\/p>\n<h3>\ud83d\udcd6 Kako rezervirati najem avtomobila<\/h3>\n<p>Pridobivanje <strong>najem avtomobila na Tenerifih<\/strong> le nekaj klikov stran. Na\u0161 intuitivni spletni sistem rezervacij je zasnovan za va\u0161e udobje in vam omogo\u010da, da izberete avtomobil, dolo\u010dite obdobje najema in preprosto upravljate svojo rezervacijo. Potrditev je hitra, tako da ste takoj po prihodu pripravljeni na raziskovanje.<\/p>\n<h4>\ud83d\ude80 \u010caka vas pustolov\u0161\u010dina<\/h4>\n<p>Pustolov\u0161\u010dina na Tenerifih ni le cilj, temve\u010d tudi potovanje med njimi. Vsaka pot, ki jo opravite s svojim <strong>najem avtomobila v Tenerife<\/strong> odkrijete nekaj novega - skrito uvalo, \u010dudovito razgledno to\u010dko ali lokalno restavracijo z okusi, ki jih \u0161e niste okusili. S storitvijo CanaryVIP postanejo najbolj varovane skrivnosti otoka dostopne, va\u0161e potovanje pa se spremeni v lov za zakladom do\u017eivetij.<\/p>\n<h4>\u23f3 Naj \u0161teje vsak trenutek<\/h4>\n<p>Ko <strong>najem avtomobila na Tenerifih,<\/strong>\u00a0ne prihranite le \u010dasa, temve\u010d poskrbite, da bo vsak trenutek va\u0161ih po\u010ditnic pomemben. Zapeljite se do osupljivih klifov Los Gigantes in opazujte son\u010dni zahod ali poi\u0161\u010dite uteho na mirnih poteh pode\u017eelskega parka Anaga. \u010cas na Tenerifih lahko pre\u017eivite po lastnih \u017eeljah, brez omejitev na\u010drtovanih ogledov in javnega prevoza.<\/p>\n<h4>\ud83e\uddf3 Prilagojeno va\u0161im potrebam<\/h4>\n<p>Ker se zavedamo, da ima vsak potnik edinstvene potrebe. <strong>najem avtomobila Tenerife<\/strong> storitve ponujajo \u0161iroko paleto mo\u017enosti, ki ustrezajo vsem \u017eeljam in zahtevam. Od luksuznih kabrioletov, v katerih lahko ob\u010dutite morski vetri\u010d, do dru\u017einam prijaznih minivanov, opremljenih za udobje, <strong>CanaryVIP<\/strong> poskrbi, da bo va\u0161e vozilo ustrezalo potovanju, ki si ga predstavljate.<\/p>\n<h3>\ud83c\udf1f Zaveza k odli\u010dnosti<\/h3>\n<p>Na spletni strani <strong>CanaryVIP<\/strong>, je odli\u010dnost v sredi\u0161\u010du vsega, kar po\u010dnemo. Od kakovosti na\u0161ih vozil do storitev za stranke si prizadevamo prese\u010di va\u0161a pri\u010dakovanja. Na\u0161a ekipa je vedno pripravljena ponuditi priporo\u010dila, pomagati pri izbiri poti ali zagotoviti kakr\u0161no koli podporo, ki jo potrebujete med <strong>najem avtomobila v Tenerife<\/strong> izku\u0161nje. Nismo le storitev, smo va\u0161 partner na potovanjih po Tenerifih.<\/p>\n<h4>\ud83d\udddd\ufe0f Izkoristite prilo\u017enost<\/h4>\n<p>Lepote Tenerifov ne \u010dakajo na nikogar, s storitvijo CanaryVIP pa \u0161e nikoli ni bilo la\u017eje izkoristiti prilo\u017enost za raziskovanje tega rajskega otoka. Ne dovolite, da vam prilo\u017enost za lastno pustolov\u0161\u010dino uide med prste. <strong>Najem avtomobila v Tenerife<\/strong> \u0161e danes prevzamite nadzor nad svojimi po\u010ditnicami in si pripravite potovanje, ki bo tako edinstveno, kot ste vi.<\/p>\n<h4>\u2764\ufe0f Rezervirajte svojo sanjsko vo\u017enjo \u0161e danes<\/h4>\n<p>Ste pripravljeni na raziskovanje Tenerifov pod svojimi pogoji?<\/p>\n<p>Obi\u0161\u010dite spletno stran <strong>CanaryVIP<\/strong> Obi\u0161\u010dite CanaryVIP in rezervirajte popoln najem avtomobila. Z le nekaj kliki boste na poti na nepozabno potovanje, polno odkrivanja, svobode in \u010distega veselja do raziskovanja.<\/p>\n<p>Va\u0161a pustolov\u0161\u010dina \u010daka s storitvijo CanaryVIP Rent a Car Tenerife - rezervirajte zdaj in odkrijte \u010darobnost Tenerifov.<\/p>","protected":false},"excerpt":{"rendered":"<p><strong>\ud83d\udd0d Rent a Car Tenerife:<\/strong><br \/>\n\u2705 Varno pla\u010dilo.<br \/>\n\ud83d\ude99 Ve\u010d mo\u017enosti avtomobilov.<br \/>\n\ud83d\ude80 Od 1 do 30 dni.<br \/>\n\u2705 Vklju\u010deno zavarovanje.<br \/>\n\ud83c\udfc1 Neomejeno \u0161tevilo kilometrov.<br \/>\n\ud83d\udc64 +25 let lahko vozite.<br \/>\n\ud83e\udd11 Zagotovljena najbolj\u0161a cena.<br \/>\n\ud83d\ude8d Brezpla\u010dna dostava v va\u0161 hotel.<br \/>\n\u2708\ufe0f Dostava in prevzem na letali\u0161\u010du.<br \/>\n\ud83d\udc6a Aktivirani popusti.<br \/>\n\ud83c\udf1f Rezervirajte zdaj in prihranite!<\/p>","protected":false},"featured_media":10916,"comment_status":"open","ping_status":"closed","template":"","meta":{"_acf_changed":false},"product_brand":[],"product_cat":[83],"product_tag":[],"class_list":{"0":"post-10186","1":"product","2":"type-product","3":"status-publish","4":"has-post-thumbnail","6":"product_cat-rentals","7":"wcpa_has_options","9":"first","10":"instock","11":"virtual","12":"purchasable","13":"product-type-simple"},"acf":[],"wcpa_form_fields":{"wcpaData":{"product":{"product_price":50,"price_html":"From&nbsp;<span class=\"woocommerce-Price-amount amount\"><bdi>50,00&nbsp;<span class=\"woocommerce-Price-currencySymbol\">&euro;<\/span><\/bdi><\/span>","original_product_price":50,"price_including_tax":50,"price_excluding_tax":50,"product_id":{"parent":10186,"variation":false},"is_variable":false,"stock_status":"instock","stock_quantity":null,"parent_sku":"CV10186","product_attributes":[],"custom_fields":[],"is_taxable":false,"product_name":"Rent a Car Tenerife","hasImage":false},"fields":{"sec_4668282996d361":{"extra":{"key":"sec_4668282996d361","section_id":"sec_4668282996d361","name":"Contact us","status":1,"cl_rule":"show","enableCl":false,"relations":[],"toggle":true,"title_tag":"h3","show_title":false,"showPrice":"default","form_id":12153,"form_rules":{"exclude_from_discount":true,"fee_label":"Fee","disp_hide_options_price":true,"disp_show_section_price":false,"disp_show_field_price":true,"layout_option":"standard","pric_use_as_fee":false,"process_fee_as":"woo_fee"},"layout_option":"standard"},"fields":[[{"active":true,"col":6,"relations":false,"cl_rule":"show","enableCl":false,"price":"","enablePrice":false,"className":"","label_position":"default","desc_position":"default","type":"content","required":false,"elementId":"content_8291538701","label":"","name":"content_8291538701","contentType":"rich","value":"<p><a href=\"https:\/\/api.whatsapp.com\/send\/?phone=34629670312&amp;text&amp;type=phone_number&amp;app_absent=0\" target=\"_blank\"><strong>Contact us on WhatsApp<\/strong><\/a><strong> to get a personalized price for this activity\/excursion\/rental.<\/strong><\/p>","error":false,"subtype":"div","gt_translate_keys":["label","value"],"price_dependency":false,"cl_dependency":false}]]},"sec_16644ac1d03e64":{"extra":{"key":"sec_16644ac1d03e64","section_id":"sec_16644ac1d03e64","name":"Default","status":1,"cl_rule":"show","enableCl":false,"relations":[],"toggle":true,"title_tag":"h3","show_title":false,"showPrice":"default","form_id":11506,"form_rules":{"exclude_from_discount":true,"fee_label":"Fee","disp_hide_options_price":true,"disp_show_section_price":false,"disp_show_field_price":true,"layout_option":"standard","pric_use_as_fee":false,"process_fee_as":"woo_fee"},"layout_option":"standard"},"fields":[]}},"config":{"price_override":"","enable_recaptcha":false,"bind_quantity":false,"quantity_bind_formula":false,"disp_summ_show_option_price":true,"disp_summ_show_product_price":true,"disp_summ_show_total_price":true,"disp_summ_show_fee":true,"disp_summ_show_discount":true,"summary_title":"","options_total_label":"Options Price","total_label":"Total","options_product_label":"Product Price","fee_label":"Fee","discount_label":"Discount","has_price":true,"has_quantity_formula":false},"mc_unit":1,"tax_rate":1,"tax_rate_real":1,"discount":{"percentage":0,"fixed":0},"design":{"conf":{"LabelPosition":"above","DescPosition":"above","UploadField":"custom_1","QuantityFieldStyle":"custom_1"},"css":{"LeftLabelWidth":"120px"}},"formulas":[],"lookuptables":[],"clones":false,"cartKey":false}},"_links":{"self":[{"href":"https:\/\/canaryvip.com\/sl\/wp-json\/wp\/v2\/product\/10186","targetHints":{"allow":["GET"]}}],"collection":[{"href":"https:\/\/canaryvip.com\/sl\/wp-json\/wp\/v2\/product"}],"about":[{"href":"https:\/\/canaryvip.com\/sl\/wp-json\/wp\/v2\/types\/product"}],"replies":[{"embeddable":true,"href":"https:\/\/canaryvip.com\/sl\/wp-json\/wp\/v2\/comments?post=10186"}],"wp:featuredmedia":[{"embeddable":true,"href":"https:\/\/canaryvip.com\/sl\/wp-json\/wp\/v2\/media\/10916"}],"wp:attachment":[{"href":"https:\/\/canaryvip.com\/sl\/wp-json\/wp\/v2\/media?parent=10186"}],"wp:term":[{"taxonomy":"product_brand","embeddable":true,"href":"https:\/\/canaryvip.com\/sl\/wp-json\/wp\/v2\/product_brand?post=10186"},{"taxonomy":"product_cat","embeddable":true,"href":"https:\/\/canaryvip.com\/sl\/wp-json\/wp\/v2\/product_cat?post=10186"},{"taxonomy":"product_tag","embeddable":true,"href":"https:\/\/canaryvip.com\/sl\/wp-json\/wp\/v2\/product_tag?post=10186"}],"curies":[{"name":"wp","href":"https:\/\/api.w.org\/{rel}","templated":true}]}}