{"id":10109,"date":"2024-02-25T19:09:18","date_gmt":"2024-02-25T19:09:18","guid":{"rendered":"https:\/\/canaryvip.com\/?post_type=product&#038;p=10109"},"modified":"2025-11-25T16:28:10","modified_gmt":"2025-11-25T16:28:10","slug":"gulliver-private-yacht-charter-tenerife","status":"publish","type":"product","link":"https:\/\/canaryvip.com\/sl\/shop\/gulliver-private-yacht-charter-tenerife\/","title":{"rendered":"Gulliver: Najem jaht Tenerife"},"content":{"rendered":"<h2><strong>\ud83d\udee5\ufe0f Gulliver Yacht = Nepozabni trenutki<\/strong><\/h2>\n<p>Z jahto Gulliver Yacht, najbolj\u0161o dru\u017eini prijazno jahto na Tenerifih, ki je zasnovana tako, da ponuja popolno me\u0161anico vznemirjenja, prostega \u010dasa in nepozabnih do\u017eivetij, vstopite v svet pomorskih u\u017eitkov. Ta 20-metrski dragulj je oder za morsko pustolov\u0161\u010dino brez primere, kot nala\u0161\u010d za dru\u017eine in skupine, ki i\u0161\u010dejo ekskluzivni ko\u0161\u010dek oceanskega raja.<\/p>\n<h3>\u2b50\ufe0f <strong>Brezmejno veselje in udobje na krovu<\/strong><\/h3>\n<p><span style=\"text-decoration: underline;\"><strong>Spoznajte izjemne lastnosti Gulliverja:<\/strong><\/span><\/p>\n<ul>\n<li>Prostoren krov je zasnovan za popolno dru\u017einsko u\u017eivanje.<\/li>\n<li>Vabljive son\u010dne blazine za udobno u\u017eivanje v soncu.<\/li>\n<li>Osve\u017eilne vodne igra\u010de, vklju\u010dno z napihljivim toboganom, vesli in podvodnimi skuterji za vse starosti.<\/li>\n<li>Razko\u0161ne restavracije za razli\u010dne prehranske potrebe, vklju\u010dno z brezglutenskimi jedmi.<\/li>\n<li>Neomejene osve\u017eilne pija\u010de: brezalkoholne pija\u010de, vino, pivo, sangrija in cava, ki bodo popestrile va\u0161e potovanje po morju.<\/li>\n<\/ul>\n<h4>\ud83d\udea4 <strong>Odpravite se na odkrivalno potovanje<\/strong><\/h4>\n<p>Va\u0161a pustolov\u0161\u010dina se za\u010dne v <a href=\"https:\/\/www.google.com\/maps\/place\/Puerto+Col%C3%B3n\/@28.078002,-16.7394902,17z\/data=!3m2!4b1!5s0xc6a97433884bdf9:0x76d293b7b99db23a!4m6!3m5!1s0xc6a9743509c9ebf:0xd62345524f768247!8m2!3d28.078002!4d-16.7369153!16s%2Fg%2F11c6cqryw_?entry=ttu\" target=\"_blank\" rel=\"noopener\">Puerto Col\u00f3n<\/a>, v osr\u010dju \u017eivahnega morskega \u017eivljenja Costa Adeje, kjer vas ladja Gulliver \u010daka na intimnem potovanju, omejenem na 12 gostov. To zagotavlja osebno in ekskluzivno izku\u0161njo, ne glede na to, ali boste pluli nekaj ur ali se podali na veliko raziskovanje.<\/p>\n<h4>\ud83c\udf0a <strong>Vklju\u010dite se v neprimerljive pomorske dejavnosti<\/strong><\/h4>\n<p>Ko se vkrcate na ladjo Gulliver, vas pri\u010daka pustolov\u0161\u010dina. O\u010darljive vode Tenerifov postanejo va\u0161e igri\u0161\u010de, ki ponuja neomejene mo\u017enosti za zabavo in odkrivanje. Potopite se v osve\u017eujo\u010d objem morja, jahajte valove na vesla\u0161ki deski ali raziskujte podvodni svet z na\u0161o vrhunsko opremo za potapljanje. Vsaka dejavnost je zasnovana tako, da bo va\u0161a morska pustolov\u0161\u010dina resni\u010dno nepozabna, in vas vabi k ustvarjanju spominov, ki vam bodo ostali za vse \u017eivljenje.<\/p>\n<h4>\ud83d\udc2c <strong>Vi\u0161ja eleganca po izjemni ceni<\/strong><\/h4>\n<p>CanaryVIP povzdiguje <a href=\"https:\/\/canaryvip.com\/sl\/tenerife\/boat-hire-tenerife\/?swcfpc=1\">Yacht Charter<\/a> Gulliver, ki zdru\u017euje razko\u0161no razko\u0161je in neprekosljivo vrednost. Odkrijte pustolov\u0161\u010dino, kjer se cenovna dostopnost sre\u010da s prefinjenostjo, s konkuren\u010dnimi cenami, ki vklju\u010dujejo vse udobje in storitve, potrebne za izjemno morsko potovanje.<\/p>\n<h3>\ud83d\udd52 <strong>Izberi svojo pustolov\u0161\u010dino: Od enodnevnih \u010darterjev do podalj\u0161anega bivanja<\/strong><\/h3>\n<ul>\n<li><b>3,5-urna karta: <\/b>I\u0161\u010dete zabaven in enostaven na\u010din za u\u017eivanje v oceanu? Ta 3,5-urni zasebni \u010darter je kot nala\u0161\u010d za dru\u017eine ali skupine, ki \u017eelijo spro\u0161\u010deno spoznati osupljivo obalo Tenerifov. Plavajte, potapljajte in u\u017eivajte v morskem vetru, pri tem pa kar najbolje izkoristite na\u0161 tobogan na krovu, ki je priljubljen tako pri otrocih kot pri odraslih!<\/li>\n<li><b>5-urna listina: <\/b><span style=\"font-weight: 400;\">Potrebujete ve\u010d \u010dasa za raziskovanje? Peturna \u010darterska vo\u017enja vam ponuja popolno ravnovesje med pustolov\u0161\u010dino in sprostitvijo. Kri\u017earili boste vzdol\u017e obale, se zasidrali v skritih zalivih ter u\u017eivali v plavanju, potapljanju in son\u010denju. Seveda je za dodatno zabavo na vodi vedno pripravljen vodni tobogan. Idealno za tiste, ki si \u017eelijo, da bi se stvari odvijale v njihovem lastnem tempu.<\/span><\/li>\n<li><b>7-urna karta - Izlet v Los Gigantes: <\/b><span style=\"font-weight: 400;\">Za resni\u010dno nepozaben dan na morju vas bo na\u0161 7-urni \u010darter popeljal vse do dramati\u010dnih klifov Los Gigantes - enega najbolj znamenitih naravnih \u010dudes Tenerifa. Na poti boste imeli veliko \u010dasa za plavanje, potapljanje in u\u017eivanje v vsakem koti\u010dku tega dih jemajo\u010dega potovanja. Vodni tobogan na krovu doda igriv pridih, zato je to pravi hit za skupine, dru\u017eine ali pare, ki \u017eelijo do\u017eiveti Tenerife s povsem nove perspektive.<\/span><\/li>\n<\/ul>\n<h3>\u2705 <strong>Vse, kar potrebujete za popoln dan na morju<\/strong><\/h3>\n<ul>\n<li>Brezpla\u010dni gurmanski gri\u017eljaji in neomejena koli\u010dina pija\u010de za vse starosti.<\/li>\n<li>Izku\u0161ena ve\u010djezi\u010dna posadka, ki je pripravljena poskrbeti za vse va\u0161e potrebe, vklju\u010dno s posebno natakarico in kapitanom.<\/li>\n<li>Popolna oprema za potapljanje pod vodo za podvodne dogodiv\u0161\u010dine.<\/li>\n<li>VIP-obravnava z udobnimi sede\u017ei in dovolj prostora za vsakega gosta.<\/li>\n<\/ul>\n<h3>\ud83d\udccd <strong>Vkrcanje iz pristani\u0161\u010da Puerto Col\u00f3n: Vrata do pustolov\u0161\u010dine<\/strong><\/h3>\n<p>Puerto Col\u00f3n se nahaja pri vratih 3 v \u017eivahnem sredi\u0161\u010du Costa Adeje in je odli\u010dna izhodi\u0161\u010dna to\u010dka za va\u0161o izku\u0161njo z Gulliver Yacht. Prispevajte le 15 minut pred na\u010drtovanim odhodom in si tako zagotovite nemoten za\u010detek svoje pustolov\u0161\u010dine, saj je v pristani\u0161\u010du na voljo priro\u010dno parkiri\u0161\u010de za la\u017eji dostop.<\/p>\n<h4>\ud83d\udcdc <strong>Brezskrbne rezervacije in jasna pravila za miren spanec<\/strong><\/h4>\n<p>Od trenutka, ko rezervirate, do trenutka, ko se vkrcate na plovilo, je potovanje z Gulliver Yacht zasnovano tako, da je \u010dim bolj nemoteno. CanaryVIP daje prednost va\u0161emu udobju in varnosti ter poskrbi, da je vsak vidik va\u0161ega potovanja obravnavan jasno in skrbno.<\/p>\n<ul>\n<li><strong>Vremensko jamstvo<\/strong>: Spremljamo morja za nemoteno plovbo. V primeru neugodnih razmer lahko izbirate med prestavitvijo ali vra\u010dilom celotne kupnine, pri \u010demer sta va\u0161a varnost in zadovoljstvo na prvem mestu.<\/li>\n<li><strong>Prilagodljiva odpoved<\/strong>: Na\u010drti se spreminjajo in to razumemo. Odjavite se do 5 dni pred potovanjem in dobite celotno povra\u010dilo. \u010ce ste obve\u0161\u010deni manj kot 5 dni prej ali \u010de se ne pojavite, vam \u017eal ne moremo povrniti stro\u0161kov. Upo\u0161tevajte, da se stro\u0161ki obdelave pla\u010dila, ki zna\u0161ajo 3% celotnega pla\u010dila, v nobenem primeru ne povrnejo.<\/li>\n<li><strong>Vstopnice za enostaven dostop<\/strong>: Vstopno karto imejte pri roki v telefonu ali natisnjeno, da vam bo priro\u010dno. Na\u0161e digitalne vozovnice vam zagotavljajo, da ste brez te\u017eav pripravljeni na plovbo.<\/li>\n<li><strong>Celovita oskrba<\/strong>: \u010ce se po\u010dutite slabo ali se odlo\u010dite pred\u010dasno kon\u010dati potovanje, vam je na\u0161a ekipa pripravljena pomagati, \u010deprav v tak\u0161nih primerih ne moremo vrniti denarja.<\/li>\n<li><strong>Prilagodljivost pla\u010dila<\/strong>: Izberite na\u010din pla\u010dila, ki vam ustreza.<\/li>\n<\/ul>\n<p><strong>\ud83c\udf0a\ud83c\udf1f\ud83d\udee5\ufe0f Rezervirajte svoje do\u017eivetje na jahti Gulliver pri CanaryVIP \u0161e danes in odklenite vrata nepozabnim trenutkom na morju.<\/strong><\/p>","protected":false},"excerpt":{"rendered":"<p><strong>\ud83d\udd0d Gulliverjeva listina:<\/strong><br \/>\n\u2705 Varno pla\u010dilo.<br \/>\n\ud83d\udd10 Na voljo so zasebni ogledi.<br \/>\n<span>\ud83d\udc65 Na voljo so skupni izleti.<\/span><br \/>\n\ud83d\udee5\ufe0f 20m Yacht Comfort.<br \/>\n\u23f3 Dnevni ogledi od 3 do 9 ur.<br \/>\n\ud83d\udd59 Prilagodljivi \u010dasi odhoda.<br \/>\n\ud83c\udf74 Vklju\u010dena je prehrana in pija\u010da.<br \/>\n\ud83d\udc65 Do 12 gostov.<br \/>\n\ud83e\udd29 Zabavni napihljivi izdelki.<br \/>\n\ud83d\udef6 Vklju\u010deni kajaki.<br \/>\n\ud83d\udeb2 Kolesa z morsko vodo.<br \/>\n\ud83d\udedd Zadnji tobogan.<br \/>\n\ud83c\udfc4\u200d\u2640\ufe0f Vklju\u010dena so vesla.<br \/>\n\ud83e\udd3f Oprema za potapljanje je na voljo.<br \/>\n\ud83d\udd0a Predvajajte glasbo.<br \/>\n\ud83e\udd11 Zagotovljena najbolj\u0161a cena.<br \/>\n\ud83d\udc6a Aktivirani popusti.<br \/>\n\ud83d\udd01 Odpoved do 5 dni.<br \/>\n\ud83c\udf0d Ve\u010djezi\u010dna posadka.<br \/>\n\ud83c\udf1f Rezervirajte zgodaj in prihranite!<br \/>\n\ud83d\udccd Odhod iz\u00a0<a href=\"https:\/\/maps.app.goo.gl\/ocJuu7A8R1JWjPbS9\">Puerto Colon<\/a>.<\/p>","protected":false},"featured_media":10114,"comment_status":"open","ping_status":"closed","template":"","meta":{"_acf_changed":false},"product_brand":[],"product_cat":[47],"product_tag":[],"class_list":{"0":"post-10109","1":"product","2":"type-product","3":"status-publish","4":"has-post-thumbnail","6":"product_cat-boat-hire-tenerife","7":"wcpa_has_options","9":"first","10":"instock","11":"sale","12":"virtual","13":"purchasable","14":"product-type-simple"},"acf":[],"wcpa_form_fields":{"wcpaData":{"product":{"product_price":895,"price_html":"From&nbsp;<del aria-hidden=\"true\"><span class=\"woocommerce-Price-amount amount\"><bdi>950,00&nbsp;<span class=\"woocommerce-Price-currencySymbol\">&euro;<\/span><\/bdi><\/span><\/del> <span class=\"screen-reader-text\">Prvotna cena je bila: 950,00&nbsp;&euro;.<\/span><ins aria-hidden=\"true\"><span class=\"woocommerce-Price-amount amount\"><bdi>895,00&nbsp;<span class=\"woocommerce-Price-currencySymbol\">&euro;<\/span><\/bdi><\/span><\/ins><span class=\"screen-reader-text\">Trenutna cena je: 895,00&nbsp;&euro;.<\/span>","original_product_price":950,"price_including_tax":895,"price_excluding_tax":895,"product_id":{"parent":10109,"variation":false},"is_variable":false,"stock_status":"instock","stock_quantity":null,"parent_sku":"CV10109","product_attributes":[],"custom_fields":[],"is_taxable":false,"product_name":"Gulliver: Yacht Hire Tenerife","hasImage":false},"fields":{"sec_96638f078b8951":{"extra":{"key":"sec_96638f078b8951","section_id":"sec_96638f078b8951","name":"Default","status":1,"cl_rule":"show","enableCl":false,"relations":[],"toggle":true,"title_tag":"h3","show_title":false,"showPrice":"default","form_id":11398,"form_rules":{"exclude_from_discount":true,"fee_label":"Fee","disp_hide_options_price":true,"disp_show_section_price":false,"disp_show_field_price":true,"layout_option":"standard","pric_use_as_fee":false,"process_fee_as":"woo_fee"},"layout_option":"standard"},"fields":[[{"label":"\ud83d\udcc5 Date","active":true,"required":true,"elementId":"date_106638f078b8973","picker_type":"custom","picker_mode":"single","placeholder":"","description":"","tooltip":"","name":"date_106638f078b8973","label_position":"default","desc_position":"default","enablePrice":false,"className":"","enableCl":false,"relations":[{"operator":"and","rules":[{"operator":"AND","rules":{"cl_field":"radio-group_565c78ffa81208","cl_relation":"is","cl_val":"3 Hour Trip"}}]}],"date_pic_inline":true,"date_pic_inline_hide":true,"min_date":{"type":"days","val":"1"},"max_date":{"type":"days","val":"365"},"date_pic_conf":{"disabledWeeks":[],"disabledDates":["2024-06-30","2024-07-25","2024-11-28 to 2024-12-04","2025-03-29"]},"price":"","cl_rule":"show","col":6,"type":"date","error":false,"enableDesign":false,"LabelColor":"","gt_translate_keys":["label","placeholder","description","tooltip"],"price_dependency":false,"cl_dependency":false,"value":""}],[{"elementId":"separator_66638f078b898d","separatorType":"blank","className":"","height":"3","enableCl":false,"relations":false,"cl_rule":"show","col":6,"type":"separator","error":false,"gt_translate_keys":[],"price_dependency":false,"cl_dependency":false,"value":""}],[{"active":true,"col":6,"relations":false,"cl_rule":"show","enableCl":false,"price":"","enablePrice":true,"className":"","label_position":"default","desc_position":"default","type":"select","required":true,"elementId":"select_96638f078b8998","label":"\u23f3 Trip Duration","name":"select_96638f078b8998","values":[{"label":"3.5 Hours (895\u20ac)","value":"3","selected":false,"tempId":"aco_556","price":"895","gt_translate_keys":["label"]},{"label":"5 Hours (1.200\u20ac)","value":"5","selected":false,"tempId":"aco_141","price":"1200","gt_translate_keys":["label"]},{"label":"7 Hours (1.750\u20ac)","value":"7","selected":false,"tempId":"aco_151","price":"1750","gt_translate_keys":["label"]}],"dropdown_type":"basic","error":false,"placeholder":"Select Trip Duration","priceOptions":"different_for_all","pricingType":"fixed","is_show_price":false,"gt_translate_keys":["label","placeholder"],"price_dependency":false,"cl_dependency":false,"value":""}],[{"active":true,"col":6,"relations":false,"cl_rule":"show","enableCl":false,"price":"","enablePrice":true,"className":"","label_position":"default","desc_position":"default","type":"select","required":false,"elementId":"select_0041641856","label":"\ud83d\udca6 Add jet-skis?","name":"select_0041641856","values":[{"label":"2 JetSkis for 1 Hour (500\u20ac)","value":"2 x JetSki for 1 Hour","selected":false,"tempId":"aco_2502","price":"500","gt_translate_keys":["label"]},{"label":"1 JetSki for 2 Hours (500\u20ac)","value":"1 x JetSki for 2 Hours","selected":false,"tempId":"aco_2503","price":"500","gt_translate_keys":["label"]},{"label":"2 JetSkis for 2 Hours (800\u20ac)","value":"2 x JetSki for 2 Hours","selected":false,"tempId":"aco_2927","price":"800","gt_translate_keys":["label"]}],"dropdown_type":"basic","error":false,"description":"Private JetSki tour from the boat with a JetSki instructor.","placeholder":"None","priceOptions":"different_for_all","pricingType":"fixed","is_show_price":false,"isWeightTemplate":false,"isTemplate":false,"min_quantity":"1","quantity_decimal":false,"quantity_step":"1","quantity_label":"Quantity","repeater_field_label":"{field_label}","repeater_bind":"","gt_translate_keys":["label","placeholder","description","repeater_field_label","quantity_label"],"price_dependency":false,"cl_dependency":false,"value":""}],[{"elementId":"separator_16638f078b89f1","separatorType":"blank","className":"","height":"1","enableCl":false,"relations":false,"cl_rule":"show","col":6,"type":"separator","error":false,"gt_translate_keys":[],"price_dependency":false,"cl_dependency":false,"value":""}],[{"active":true,"col":6,"relations":[{"operator":false,"rules":[{"operator":"AND","rules":{"cl_field":"radio-group_565c78ffa81208","cl_relation":"is","cl_val":"3 Hour Trip"}}]}],"cl_rule":"show","enableCl":false,"price":"","enablePrice":false,"className":"","label_position":"default","desc_position":"default","type":"select","required":false,"elementId":"select_76638f078b89d4","label":"\u23f0 Departure Time","name":"select_76638f078b89d4","values":[{"label":"10:00","value":"10:00","selected":false,"tempId":"aco_1472","gt_translate_keys":["label"]},{"label":"14:00 (2:00 PM)","value":"14:00","selected":false,"tempId":"aco_1728","gt_translate_keys":["label"]},{"label":"17:30 (5:30 PM)","value":"17:30","selected":false,"tempId":"aco_28","gt_translate_keys":["label"]}],"dropdown_type":"basic","error":false,"placeholder":"Whichever Time is Best","gt_translate_keys":["label","placeholder"],"price_dependency":false,"cl_dependency":false,"value":""}],[{"elementId":"separator-2954713577","separatorType":"blank","className":"","height":"1","enableCl":false,"relations":false,"cl_rule":"show","col":6,"type":"separator","gt_translate_keys":[],"price_dependency":false,"cl_dependency":false,"value":""}],[{"label":"\u2705 Number of People","active":true,"required":true,"elementId":"select_76638f078b89e7","dropdown_type":"basic","placeholder":"Select Number of People","name":"select_76638f078b89e7","label_position":"default","desc_position":"default","enablePrice":true,"className":"","enableCl":false,"relations":[{"operator":false,"rules":[{"operator":"AND","rules":{"cl_field":"radio-group_565c78ffa81208","cl_relation":"is","cl_val":"3 Hour Trip"}}]}],"values":[{"label":"1 person","value":"1","selected":false,"tempId":"aco_1471","gt_translate_keys":["label"]},{"label":"2 people","value":"2","selected":false,"tempId":"aco_1472","gt_translate_keys":["label"]},{"label":"3 people (+10\u20ac)","value":"3","selected":false,"tempId":"aco_1500","price":"10","gt_translate_keys":["label"]},{"label":"4 people (+20\u20ac)","value":"4","selected":false,"tempId":"aco_1510","price":"20","gt_translate_keys":["label"]},{"label":"5 people (+30\u20ac)","value":"5","selected":false,"tempId":"aco_1520","price":"30","gt_translate_keys":["label"]},{"label":"6 people (+40\u20ac)","value":"6","selected":false,"tempId":"aco_1728","price":"40","gt_translate_keys":["label"]},{"label":"7 people (+50\u20ac)","value":"7","selected":false,"tempId":"aco_1738","price":"50","gt_translate_keys":["label"]},{"label":"8 people (+60\u20ac)","value":"8","selected":false,"tempId":"aco_1748","price":"60","gt_translate_keys":["label"]},{"label":"9 people (+70\u20ac)","value":"9","selected":false,"tempId":"aco_1912","price":"70","gt_translate_keys":["label"]},{"label":"10 people (+80\u20ac)","value":"10","selected":false,"tempId":"aco_1922","price":"80","gt_translate_keys":["label"]},{"label":"11 People (+90\u20ac)","value":"11","selected":false,"tempId":"aco_19","price":"90","gt_translate_keys":["label"]},{"label":"12 People (+100\u20ac)","value":"12","selected":false,"tempId":"aco_29","price":"100","gt_translate_keys":["label"]}],"price":"","cl_rule":"show","col":6,"type":"select","error":false,"priceOptions":"different_for_all","pricingType":"fixed","gt_translate_keys":["label","placeholder"],"price_dependency":false,"cl_dependency":false,"value":""}],[{"elementId":"separator_26638f078b89de","separatorType":"blank","className":"","height":"1","enableCl":false,"relations":false,"cl_rule":"show","col":6,"type":"separator","gt_translate_keys":[],"price_dependency":false,"cl_dependency":false,"value":""}]]}},"config":{"price_override":"always","enable_recaptcha":false,"bind_quantity":false,"quantity_bind_formula":false,"disp_summ_show_option_price":true,"disp_summ_show_product_price":false,"disp_summ_show_total_price":true,"disp_summ_show_fee":true,"disp_summ_show_discount":true,"summary_title":"","options_total_label":"Options Price","total_label":"Total Amount","options_product_label":"Product Price","fee_label":"Fee","discount_label":"Discount","has_price":true,"has_quantity_formula":false},"mc_unit":1,"tax_rate":1,"tax_rate_real":1,"discount":{"percentage":0,"fixed":0},"design":{"conf":{"LabelPosition":"above","DescPosition":"above","UploadField":"custom_1","QuantityFieldStyle":"custom_1"},"css":{"LeftLabelWidth":"120px"}},"formulas":{"fmla_1708360988969136756":"(({field.select_56638eb5b235ae.value}>=3)?(1200):(({field.select_56638eb5b235ae.value}>=2)?(850):(({field.select_56638eb5b235ae.value}>=1)?(540):(0))))","fmla_1708364241278155361":"(({field.select_5841412719.value}>=8)?({field.select_5841412719.price}):(({field.select_5841412719.value}>=5)?({field.select_5841412719.price}):(({field.select_5841412719.value}>=3)?({field.select_5841412719.price}):(0))))"},"lookuptables":[],"clones":false,"cartKey":false}},"_links":{"self":[{"href":"https:\/\/canaryvip.com\/sl\/wp-json\/wp\/v2\/product\/10109","targetHints":{"allow":["GET"]}}],"collection":[{"href":"https:\/\/canaryvip.com\/sl\/wp-json\/wp\/v2\/product"}],"about":[{"href":"https:\/\/canaryvip.com\/sl\/wp-json\/wp\/v2\/types\/product"}],"replies":[{"embeddable":true,"href":"https:\/\/canaryvip.com\/sl\/wp-json\/wp\/v2\/comments?post=10109"}],"wp:featuredmedia":[{"embeddable":true,"href":"https:\/\/canaryvip.com\/sl\/wp-json\/wp\/v2\/media\/10114"}],"wp:attachment":[{"href":"https:\/\/canaryvip.com\/sl\/wp-json\/wp\/v2\/media?parent=10109"}],"wp:term":[{"taxonomy":"product_brand","embeddable":true,"href":"https:\/\/canaryvip.com\/sl\/wp-json\/wp\/v2\/product_brand?post=10109"},{"taxonomy":"product_cat","embeddable":true,"href":"https:\/\/canaryvip.com\/sl\/wp-json\/wp\/v2\/product_cat?post=10109"},{"taxonomy":"product_tag","embeddable":true,"href":"https:\/\/canaryvip.com\/sl\/wp-json\/wp\/v2\/product_tag?post=10109"}],"curies":[{"name":"wp","href":"https:\/\/api.w.org\/{rel}","templated":true}]}}