{"id":9195,"date":"2024-01-28T19:23:23","date_gmt":"2024-01-28T19:23:23","guid":{"rendered":"https:\/\/canaryvip.com\/?page_id=9195"},"modified":"2026-03-04T18:17:48","modified_gmt":"2026-03-04T18:17:48","slug":"collaborate-with-canaryvip","status":"publish","type":"page","link":"https:\/\/canaryvip.com\/sl\/collaborate-with-canaryvip\/","title":{"rendered":"Partnerstvo z CanaryVIP: ponudite svoja do\u017eivetja mednarodnim potnikom"},"content":{"rendered":"<p>Postanite partner CanaryVIP in predstavite svoje dejavnosti popotnikom z vsega sveta. Ker se na\u0161a platforma na Tenerifih, Gran Canarii, Fuerteventuri, Lanzarotu, La Palmi in El Hierru \u0161e naprej razvija, aktivno i\u0161\u010demo sodelovanje s profesionalnimi ponudniki dejavnosti in organizatorji potovanj.<\/p>\n<p>Na\u0161 cilj je preprost: povezati visokokakovostna lokalna do\u017eivetja z mednarodnimi obiskovalci, ki \u017eelijo odkriti najbolj\u0161e, kar Kanarski otoki ponujajo.<\/p>\n<h2>Organizatorji izletov in dejavnosti<\/h2>\n<p>\u010ce na Kanarskih otokih izvajate izlete, oglede z ladjo, pustolov\u0161\u010dine na prostem, vodne \u0161porte, vodena do\u017eivetja ali druge edinstvene dejavnosti, vam lahko CanaryVIP pomaga dose\u010di \u0161ir\u0161e ob\u010dinstvo.<\/p>\n<p>Z na\u0161o platformo lahko va\u0161a dejavnost postane vidna med mednarodnimi potniki, ki aktivno i\u0161\u010dejo stvari, ki jih lahko po\u010dnejo med svojim bivanjem na Kanarskih otokih.<\/p>\n<p>S sodelovanjem s podjetjem CanaryVIP lahko va\u0161a dejavnost koristi od:<\/p>\n<p>- Ve\u010dja izpostavljenost mednarodnim obiskovalcem<br \/>\n- Dodatne rezervacije prek na\u0161e spletne platforme<br \/>\n- Promocija prek na\u0161ih kanalov digitalnega tr\u017eenja<br \/>\n- Preprost in pregleden model sodelovanja<\/p>\n<p>Sodelujemo s skrbno izbranimi partnerji, ki obiskovalcem zagotavljajo strokovna, varna in nepozabna do\u017eivetja.<\/p>\n<h2>Zahteve za sodelovanje<\/h2>\n<p>Da bi svojim strankam zagotovili najbolj\u0161o izku\u0161njo, sodelujemo z operaterji, ki izpolnjujejo strokovne in pravne standarde. To vklju\u010duje ustrezne licence, zavarovanje in skladnost z lokalnimi predpisi, kjer je to primerno.<\/p>\n<p>Cenimo partnerje, ki so zanesljivi, jasno komunicirajo in zagotavljajo visoko raven storitev za goste.<\/p>\n<h2>Dejavnosti, ki jih i\u0161\u010demo<\/h2>\n<p>Zanima nas sodelovanje s \u0161tevilnimi ponudniki dejavnosti na Kanarskih otokih, vklju\u010dno z:<\/p>\n<p>- Izleti z ladjo in zasebni \u010darterji za jahte<br \/>\n- Izleti za opazovanje kitov in delfinov<br \/>\n- Vo\u017enja z vodnimi skuterji in vodni \u0161porti<br \/>\n- Dogodiv\u0161\u010dine s \u0161tirikolesniki in buggyji<br \/>\n- Pohodni\u0161tvo in izleti v naravo<br \/>\n- Kulturna in vodena do\u017eivetja<br \/>\n- Potapljanje, snorklanje in dejavnosti v oceanu<\/p>\n<p>\u010ce ponujate edinstveno do\u017eivetje, ki bi bilo zanimivo za obiskovalce Kanarskih otokov, vas z veseljem pri\u010dakujemo.<\/p>\n<h2>Pove\u010dajte \u0161tevilo rezervacij s storitvijo CanaryVIP<\/h2>\n<p>Na\u0161e poslanstvo je podpirati lokalne ponudnike in potnikom olaj\u0161ati odkrivanje in rezervacijo pristnih do\u017eivetij na Kanarskih otokih.<\/p>\n<p>\u010ce \u017eelite, da bi bili va\u0161i izleti ali storitve predstavljeni na CanaryVIP, se obrnite na na\u0161o ekipo in nam povejte ve\u010d o svoji dejavnosti.<\/p>\n<p><strong>Vas zanima sodelovanje? Stopite v stik z nami \u0161e danes in razi\u0161\u010dimo, kako lahko skupaj rastemo.<\/strong><\/p>","protected":false},"excerpt":{"rendered":"<p>Become a partner of CanaryVIP and showcase your activities to travelers from around the world. As our platform continues to grow across Tenerife, Gran Canaria, Fuerteventura, Lanzarote, La Palma, and El Hierro, we are actively looking to collaborate with professional activity providers and tour operators. Our goal is simple: connect high-quality local experiences with international&#8230;<\/p>","protected":false},"author":1,"featured_media":0,"parent":0,"menu_order":0,"comment_status":"closed","ping_status":"closed","template":"","meta":{"_acf_changed":false,"footnotes":""},"class_list":["post-9195","page","type-page","status-publish","hentry"],"acf":[],"_links":{"self":[{"href":"https:\/\/canaryvip.com\/sl\/wp-json\/wp\/v2\/pages\/9195","targetHints":{"allow":["GET"]}}],"collection":[{"href":"https:\/\/canaryvip.com\/sl\/wp-json\/wp\/v2\/pages"}],"about":[{"href":"https:\/\/canaryvip.com\/sl\/wp-json\/wp\/v2\/types\/page"}],"author":[{"embeddable":true,"href":"https:\/\/canaryvip.com\/sl\/wp-json\/wp\/v2\/users\/1"}],"replies":[{"embeddable":true,"href":"https:\/\/canaryvip.com\/sl\/wp-json\/wp\/v2\/comments?post=9195"}],"version-history":[{"count":8,"href":"https:\/\/canaryvip.com\/sl\/wp-json\/wp\/v2\/pages\/9195\/revisions"}],"predecessor-version":[{"id":16786,"href":"https:\/\/canaryvip.com\/sl\/wp-json\/wp\/v2\/pages\/9195\/revisions\/16786"}],"wp:attachment":[{"href":"https:\/\/canaryvip.com\/sl\/wp-json\/wp\/v2\/media?parent=9195"}],"curies":[{"name":"wp","href":"https:\/\/api.w.org\/{rel}","templated":true}]}}