{"id":13824,"date":"2025-02-24T13:59:27","date_gmt":"2025-02-24T13:59:27","guid":{"rendered":"https:\/\/canaryvip.com\/?page_id=13824"},"modified":"2025-02-24T15:06:00","modified_gmt":"2025-02-24T15:06:00","slug":"about-us","status":"publish","type":"page","link":"https:\/\/canaryvip.com\/sl\/about-us\/","title":{"rendered":"O nas"},"content":{"rendered":"<section class=\"l-section wpb_row height_medium width_custom\" style=\"--site-content-width:700px;\"><div class=\"l-section-h i-cf\"><div class=\"g-cols vc_row via_flex valign_top type_default stacking_default\"><div class=\"vc_col-sm-12 wpb_column vc_column_container\"><div class=\"vc_column-inner\"><div class=\"wpb_wrapper\"><h1 class=\"w-text\"><span class=\"w-text-h\"><span class=\"w-text-value\">O nas - CanaryVIP<\/span><\/span><\/h1><h2 class=\"w-text us_custom_fe162ea1\"><span class=\"w-text-h\"><span class=\"w-text-value\">Kdo smo<\/span><\/span><\/h2><div class=\"wpb_text_column\"><div class=\"wpb_wrapper\"><p>CanaryVIP je vrhunska spletna platforma, ki ponuja najbolj\u0161e dejavnosti in izlete na Kanarskih otokih. Kot del Tu Nido Tenerife, ene najbolj\u0161ih nepremi\u010dninskih agencij na Tenerifih z ve\u010d kot 20-letnimi izku\u0161njami na podro\u010dju nepremi\u010dnin in gradnje nepremi\u010dnin, \u017ee od leta 2010 ponujamo nepozabna do\u017eivetja na Kanarskih otokih.<\/p>\n<\/div><\/div><\/div><\/div><\/div><div class=\"vc_col-sm-12 wpb_column vc_column_container\"><div class=\"vc_column-inner\"><div class=\"wpb_wrapper\"><h2 class=\"w-text us_custom_9d8033b1\"><span class=\"w-text-h\"><span class=\"w-text-value\">Na\u0161e potovanje<\/span><\/span><\/h2><div class=\"wpb_text_column\"><div class=\"wpb_wrapper\"><p data-pm-slice=\"1 1 &#091;&#093;\"><span>Na\u0161e podjetje se \u017ee od leta 2003 ukvarja z gradbeni\u0161tvom na Tenerifih in je postavilo trdne temelje v nepremi\u010dninskem sektorju. Leta 2010 smo svoje storitve raz\u0161irili pod imenom Tu Nido Tenerife in delujemo v pisarni v Playa Fa\u00f1ab\u00e9. Z rastjo poslovanja smo se preselili v Plaza Fa\u00f1ab\u00e9 in se kasneje raz\u0161irili z drugo pisarno v Vista Sur. Danes je na\u0161 novi sede\u017e v Madro\u00f1al de Fa\u00f1ab\u00e9, kjer delujeta tako Tu Nido Tenerife kot CanaryVIP, ki \u0161e naprej zagotavljata vrhunske storitve na\u0161im strankam.<\/span><\/p>\n<\/div><\/div><\/div><\/div><\/div><div class=\"vc_col-sm-12 wpb_column vc_column_container\"><div class=\"vc_column-inner\"><div class=\"wpb_wrapper\"><div class=\"w-image us_custom_af6a9b6a align_none\"><div class=\"w-image-h\"><img decoding=\"async\" width=\"1024\" height=\"683\" src=\"https:\/\/canaryvip.com\/wp-content\/uploads\/2025\/02\/TuNido-Office_Web-1.webp\" class=\"attachment-large size-large\" alt=\"Pisarna\" loading=\"lazy\" srcset=\"https:\/\/canaryvip.com\/wp-content\/uploads\/2025\/02\/TuNido-Office_Web-1.webp 1024w, https:\/\/canaryvip.com\/wp-content\/uploads\/2025\/02\/TuNido-Office_Web-1-300x200.webp 300w, https:\/\/canaryvip.com\/wp-content\/uploads\/2025\/02\/TuNido-Office_Web-1-18x12.webp 18w, https:\/\/canaryvip.com\/wp-content\/uploads\/2025\/02\/TuNido-Office_Web-1-600x400.webp 600w\" sizes=\"auto, (max-width: 1024px) 100vw, 1024px\" title=\"\"><\/div><\/div><h2 class=\"w-text us_custom_9d8033b1\"><span class=\"w-text-h\"><span class=\"w-text-value\">Rojstvo CanaryVIP<\/span><\/span><\/h2><div class=\"wpb_text_column\"><div class=\"wpb_wrapper\"><p data-pm-slice=\"1 1 &#091;&#093;\"><span>Leta 2024 smo sprejeli strate\u0161ko odlo\u010ditev, da iz podjetja Tu Nido Tenerife izlo\u010dimo dejavnosti in izlete ter tako ustanovimo CanaryVIP kot samostojno blagovno znamko, namenjeno izklju\u010dno turisti\u010dnim do\u017eivetjem na Kanarskih otokih. Medtem ko Tu Nido Tenerife ostaja dobro uveljavljeno ime v <a href=\"https:\/\/www.tunidotenerife.com\/en\/inmobiliaria-tenerife\/\" target=\"_blank\" rel=\"noopener\">nepremi\u010dnine Tenerife<\/a> sektor, <strong>CanaryVIP<\/strong> se je hitro razvil v vodilno spletno blagovno znamko, ki obiskovalcem omogo\u010da, da la\u017eje kot kdaj koli prej rezervirajo neverjetne dejavnosti, izlete in pustolov\u0161\u010dine na otokih.<\/span><\/p>\n<\/div><\/div><div class=\"w-html us_custom_af6a9b6a\"><iframe src=\"https:\/\/www.google.com\/maps\/embed?pb=!1m18!1m12!1m3!1d5215.387122659485!2d-16.72642792321668!3d28.09472697596261!2m3!1f0!2f0!3f0!3m2!1i1024!2i768!4f13.1!3m3!1m2!1s0xc6a996288a2335b%3A0x6e5358268b00a79!2sCanaryVIP%20-%20Tours%20and%20Excursions!5e1!3m2!1sen!2ses!4v1740406697434!5m2!1sen!2ses\" width=\"700\" height=\"300\" style=\"border:0;\" allowfullscreen=\"\" loading=\"lazy\" referrerpolicy=\"no-referrer-when-downgrade\"><\/iframe><\/div><\/div><\/div><\/div><div class=\"vc_col-sm-12 wpb_column vc_column_container\"><div class=\"vc_column-inner\"><div class=\"wpb_wrapper\"><h2 class=\"w-text us_custom_9d8033b1\"><span class=\"w-text-h\"><span class=\"w-text-value\">Na\u0161e poslanstvo<\/span><\/span><\/h2><div class=\"wpb_text_column\"><div class=\"wpb_wrapper\"><p data-pm-slice=\"1 1 &#091;&#093;\"><span>V podjetju CanaryVIP smo navdu\u0161eni nad zagotavljanjem edinstvenih, visokokakovostnih do\u017eivetij, ki predstavljajo najbolj\u0161e Kanarske otoke. Ne glede na to, ali i\u0161\u010dete izlete z ladjo, vodne \u0161porte, pohodni\u0161ke pustolov\u0161\u010dine ali ekskluzivne zasebne izlete, zagotavljamo nepozabno potovanje, prilagojeno va\u0161im potrebam.<\/span><\/p>\n<\/div><\/div><div class=\"w-separator size_medium\"><\/div><\/div><\/div><\/div><\/div><\/div><\/section>","protected":false},"excerpt":{"rendered":"O nas - CanaryVIPKdo smoCanaryVIP je vodilna spletna platforma, ki ponuja najbolj\u0161e dejavnosti in izlete na Kanarskih otokih. Kot del Tu Nido Tenerife, ene najbolj\u0161ih nepremi\u010dninskih agencij na Tenerifih z ve\u010d kot 20-letnimi izku\u0161njami na podro\u010dju nepremi\u010dnin in gradnje nepremi\u010dnin, vam \u017ee ve\u010d let ponujamo nepozabne...","protected":false},"author":1,"featured_media":0,"parent":0,"menu_order":0,"comment_status":"closed","ping_status":"closed","template":"","meta":{"_acf_changed":false,"footnotes":""},"class_list":["post-13824","page","type-page","status-publish","hentry"],"acf":[],"_links":{"self":[{"href":"https:\/\/canaryvip.com\/sl\/wp-json\/wp\/v2\/pages\/13824","targetHints":{"allow":["GET"]}}],"collection":[{"href":"https:\/\/canaryvip.com\/sl\/wp-json\/wp\/v2\/pages"}],"about":[{"href":"https:\/\/canaryvip.com\/sl\/wp-json\/wp\/v2\/types\/page"}],"author":[{"embeddable":true,"href":"https:\/\/canaryvip.com\/sl\/wp-json\/wp\/v2\/users\/1"}],"replies":[{"embeddable":true,"href":"https:\/\/canaryvip.com\/sl\/wp-json\/wp\/v2\/comments?post=13824"}],"version-history":[{"count":5,"href":"https:\/\/canaryvip.com\/sl\/wp-json\/wp\/v2\/pages\/13824\/revisions"}],"predecessor-version":[{"id":13832,"href":"https:\/\/canaryvip.com\/sl\/wp-json\/wp\/v2\/pages\/13824\/revisions\/13832"}],"wp:attachment":[{"href":"https:\/\/canaryvip.com\/sl\/wp-json\/wp\/v2\/media?parent=13824"}],"curies":[{"name":"wp","href":"https:\/\/api.w.org\/{rel}","templated":true}]}}