{"id":9938,"date":"2024-02-19T15:00:26","date_gmt":"2024-02-19T15:00:26","guid":{"rendered":"https:\/\/canaryvip.com\/?post_type=product&#038;p=9938"},"modified":"2025-08-13T23:29:03","modified_gmt":"2025-08-13T22:29:03","slug":"no-worries-private-yacht-charter-tenerife","status":"publish","type":"product","link":"https:\/\/canaryvip.com\/sk\/shop\/no-worries-private-yacht-charter-tenerife\/","title":{"rendered":"No Worries Yacht Charter Tenerife"},"content":{"rendered":"<h2><strong>\ud83c\udf0a Objavte pren\u00e1jom j\u00e1cht bez ob\u00e1v na Tenerife<\/strong><\/h2>\n<p>Nast\u00fapi\u0165 na palubu <strong>\u017diadne obavy,<\/strong> elegantn\u00fd <strong>Antares 42 jachta,<\/strong>\u00a0a vydajte sa na ve\u013ekolep\u00fa cestu pozd\u013a\u017e n\u00e1dhern\u00e9ho pobre\u017eia Tenerife. Tento pren\u00e1jom lode na Tenerife, ktor\u00fd je zameran\u00fd na poskytovanie int\u00edmnych a individu\u00e1lnych z\u00e1\u017eitkov, sl\u00fa\u017ei ako va\u0161a osobn\u00e1 o\u00e1za luxusu, pohodlia a dobrodru\u017estva.<\/p>\n<p>Doprajte si mno\u017estvo prvotriedneho vybavenia a zauj\u00edmav\u00fdch aktiv\u00edt, aby ka\u017ed\u00fd okamih na palube prekonal va\u0161e o\u010dak\u00e1vania t\u00fdkaj\u00face sa mimoriadneho n\u00e1morn\u00e9ho dobrodru\u017estva.<\/p>\n<h3>\u2b50\ufe0f <strong>Pr\u00e9miov\u00fd komfort a exkluz\u00edvne s\u00fakromie<\/strong><\/h3>\n<p><span style=\"text-decoration: underline;\"><strong>V\u00fdnimo\u010dn\u00fd komfort, ktor\u00fd rob\u00ed tento pren\u00e1jom lod\u00ed na Tenerife jedine\u010dn\u00fdm:<\/strong><\/span><\/p>\n<ul>\n<li>Luxusn\u00e9 predn\u00e9 lodn\u00e9 vank\u00fa\u0161e a priestrann\u00fd most\u00edk Fly Bridge, ide\u00e1lny na relax\u00e1ciu a opa\u013eovanie.<\/li>\n<li>Modern\u00e9 k\u00fape\u013ene so sprchovac\u00edm k\u00fatom.<\/li>\n<li>R\u00f4zne luxusn\u00e9 vybavenie navrhnut\u00e9 tak, aby v\u00e1m spr\u00edjemnilo \u010das str\u00e1ven\u00fd na palube.<\/li>\n<\/ul>\n<h3>\ud83d\udd52 <strong>Flexibiln\u00e9 mo\u017enosti pren\u00e1jmu pod\u013ea ka\u017ed\u00e9ho \u017eelania<\/strong><\/h3>\n<ul>\n<li><strong>2-hodinov\u00e1 prehliadka<\/strong>: Kr\u00e1tky, ale nezabudnute\u013en\u00fd poh\u013ead na morsk\u00e9 kr\u00e1sy Tenerife, s kapacitou a\u017e 10 cestuj\u00facich. Tento v\u00fdlet zah\u0155\u0148a v\u0161etky n\u00e1poje, bagety, tapas, \u010derstv\u00e9 ovocie, vybavenie na \u0161norchlovanie, p\u00e1dla a vyhraden\u00e9ho \u010da\u0161n\u00edka.<\/li>\n<li><strong>3-hodinov\u00e1 plavba s podpisom<\/strong>: Ponorte sa hlb\u0161ie do pobre\u017enej n\u00e1dhery Tenerife s touto trojhodinovou prehliadkou, ktor\u00e1 zah\u0155\u0148a aj v\u0161etky n\u00e1poje, bagety, tapas, \u010derstv\u00e9 ovocie, vybavenie na \u0161norchlovanie, p\u00e1dlovacie dosky a vyhraden\u00e9ho \u010da\u0161n\u00edka.<\/li>\n<li><strong>4-hodinov\u00e1 pred\u013a\u017een\u00e1 cesta<\/strong>: Tento charter pon\u00faka viac \u010dasu na vode a zah\u0155\u0148a v\u0161etky vymo\u017eenosti krat\u0161\u00edch v\u00fdletov, ako aj pl\u00e1vaj\u00faci pl\u00e1\u017eov\u00fd klub pre lep\u0161iu relax\u00e1ciu a z\u00e1bavu. V\u0161etky n\u00e1poje, bagety, tapas, \u010derstv\u00e9 ovocie, vybavenie na \u0161norchlovanie a p\u00e1dla s\u00fa k dispoz\u00edcii spolu s \u010da\u0161n\u00edkom, ktor\u00fd sa postar\u00e1 o va\u0161e potreby.<\/li>\n<li><strong>6-hodinov\u00fd prieskum Premium<\/strong>: T\u00e1to pred\u013a\u017een\u00e1 plavba umo\u017e\u0148uje hlb\u0161ie presk\u00fama\u0165 o\u010daruj\u00face pobre\u017eie ostrova, poskytuje pl\u00e1vaj\u00faci pl\u00e1\u017eov\u00fd klub a \u010fal\u0161ie mo\u017enosti menu, ako je kan\u00e1rske pe\u010den\u00e9 kur\u010da so zemiakmi a \u0161al\u00e1tom alebo paella, spolu so v\u0161etk\u00fdmi n\u00e1pojmi, bagetami, tapas, vybaven\u00edm na \u0161norchlovanie a p\u00e1dlami. S\u00fa\u010das\u0165ou je aj vyhraden\u00fd \u010da\u0161n\u00edk, ktor\u00fd umocn\u00ed v\u00e1\u0161 z\u00e1\u017eitok.<\/li>\n<li><strong>8-hodinov\u00e9 dobrodru\u017estvo<\/strong>: Najkomplexnej\u0161ia mo\u017enos\u0165 pren\u00e1jmu a\u017e pre 10 cestuj\u00facich s rovnak\u00fdm luxusn\u00fdm vybaven\u00edm ako pri \u0161es\u0165hodinovej prehliadke vr\u00e1tane pl\u00e1vaj\u00faceho pl\u00e1\u017eov\u00e9ho klubu, rozmanit\u00fdch mo\u017enost\u00ed stravovania a v\u0161etk\u00e9ho potrebn\u00e9ho vybavenia na de\u0148 pln\u00fd luxusu a objavovania.<\/li>\n<li>K dispoz\u00edcii s\u00fa prisp\u00f4sobite\u013en\u00e9 mo\u017enosti a alternat\u00edvne menu vr\u00e1tane sushi, jed\u00e1l z r\u00fdb, vegetari\u00e1nskych menu a exkluz\u00edvnych \u0161ampansk\u00fdch a destil\u00e1tov, aby va\u0161a plavba dokonale vyhovovala va\u0161im preferenci\u00e1m.<\/li>\n<\/ul>\n<h4>\ud83d\udea4 <strong>\ud83d\udea4 Plachtenie na mieru s na\u0161ou odbornou pos\u00e1dkou<\/strong><\/h4>\n<p>Na\u0161a sk\u00fasen\u00e1 a viacjazy\u010dn\u00e1 pos\u00e1dka sa sna\u017e\u00ed poskytn\u00fa\u0165 z\u00e1\u017eitok z plavby, ktor\u00fd je presne prisp\u00f4soben\u00fd v\u00e1\u0161mu vkusu, a sprev\u00e1dza v\u00e1s po niektor\u00fdch z naj\u00fachvatnej\u0161\u00edch pamiatok Kan\u00e1rskych ostrovov, aby ste za\u017eili osobn\u00fa cestu.<\/p>\n<h4>\ud83c\udf0a <strong>\ud83c\udf0a Pokro\u010dil\u00e9 naviga\u010dn\u00e9 vybavenie pre bezprobl\u00e9mov\u00fa plavbu<\/strong><\/h4>\n<p><strong>\u017diadne starosti<\/strong> je vybaven\u00e1 najmodernej\u0161ou naviga\u010dnou technol\u00f3giou, ktor\u00e1 zabezpe\u010duje hladk\u00fa a pokojn\u00fa plavbu po az\u00farov\u00fdch vod\u00e1ch Tenerife, tak\u017ee va\u0161a cesta bude vzru\u0161uj\u00faca a pokojn\u00e1.<\/p>\n<h3>\u2705 <strong>Exkluz\u00edvne vlastnosti aplik\u00e1cie No Worries<\/strong><\/h3>\n<ul>\n<li>\u00dapln\u00fd all inclusive luxus: od neobmedzen\u00fdch pr\u00e9miov\u00fdch n\u00e1pojov a\u017e po gurm\u00e1nske jedl\u00e1 spolu s r\u00f4znymi aktivitami, ako je napr\u00edklad \u0161norchlovanie a veslovanie, ka\u017ed\u00fd detail je starostlivo pripraven\u00fd pre va\u0161e pote\u0161enie.<\/li>\n<li>Na po\u017eiadanie s\u00fa k dispoz\u00edcii \u0161peci\u00e1lne di\u00e9tne jedl\u00e1, ktor\u00e9 pon\u00fakaj\u00fa kulin\u00e1rsky z\u00e1\u017eitok \u0161it\u00fd na mieru.<\/li>\n<li>\u013dahko dostupn\u00e9 miesto stretnutia na adrese <a href=\"https:\/\/www.google.com\/maps\/place\/Puerto+Col%C3%B3n\/@28.0780067,-16.7394902,17z\/data=!3m2!4b1!5s0xc6a97433884bdf9:0x76d293b7b99db23a!4m6!3m5!1s0xc6a9743509c9ebf:0xd62345524f768247!8m2!3d28.078002!4d-16.7369153!16s%2Fg%2F11c6cqryw_?entry=tts&amp;g_ep=EgoyMDI0MDUwNS4wKgBIAVAD\" target=\"_blank\" rel=\"noopener\">Puerto Col\u00f3n,<\/a> Costa Adeje s jednoduch\u00fdmi mo\u017enos\u0165ami parkovania.<\/li>\n<\/ul>\n<h4>\ud83d\udd53 <strong>Bezprobl\u00e9mov\u00fd proces rezerv\u00e1cie a n\u00e1stupu na palubu<\/strong><\/h4>\n<ul>\n<li>Rezervujte si cestu vopred, aby ste si zabezpe\u010dili preferovan\u00fd term\u00edn a za\u017eili bezkonkuren\u010dn\u00fd luxus.<\/li>\n<li>Pr\u00edchod 15 min\u00fat pred odchodom zaru\u010duje hladk\u00fd za\u010diatok va\u0161ej luxusnej plavby.<\/li>\n<\/ul>\n<h4>\ud83d\udcdc <strong>Komplexn\u00e1 flexibilita rezerv\u00e1ci\u00ed a zru\u0161enia<\/strong><\/h4>\n<ul>\n<li><strong>Robustn\u00fd pohotovostn\u00fd pl\u00e1n pre pr\u00edpad nepriazniv\u00e9ho po\u010dasia:<\/strong> Ak nie s\u00fa podmienky na plavbu priazniv\u00e9, vyberte si in\u00fd d\u00e1tum alebo vr\u00e1tenie pe\u0148az\u00ed v plnej v\u00fd\u0161ke.<\/li>\n<li><strong>Flexibiln\u00e9 storno podmienky:<\/strong> Zru\u0161enie rezerv\u00e1cie do 4 dn\u00ed pred krat\u0161\u00edmi v\u00fdletmi a do 6 dn\u00ed pred dlh\u0161\u00edmi v\u00fdletmi bez ak\u00fdchko\u013evek sankci\u00ed.<\/li>\n<li>Ozn\u00e1mte n\u00e1m ak\u00e9ko\u013evek stravovacie obmedzenia 48 hod\u00edn pred charterom, aby sme mohli prisp\u00f4sobi\u0165 v\u00e1\u0161 kulin\u00e1rsky z\u00e1\u017eitok.<\/li>\n<\/ul>\n<p>Vydajte sa na mimoriadnu plavbu pln\u00fa luxusu, s\u00fakromia a dobrodru\u017estva so s\u00fakromnou jachtou No Worries.<\/p>\n<p><a href=\"https:\/\/canaryvip.com\/sk\/tenerife\/boat-hire-tenerife\/\">Pren\u00e1jom lod\u00ed na Tenerife<\/a> a spoznajte dokonal\u00fd sp\u00f4sob, ako za\u017ei\u0165 majest\u00e1tne vody Tenerife. \ud83c\udf1f\ud83d\udee5\ufe0f\ud83c\udf0a<\/p>","protected":false},"excerpt":{"rendered":"<p><strong>\ud83d\udd0d No Worries Lo\u010f:<\/strong><br \/>\n\u2705 Bezpe\u010dn\u00e1 platba.<br \/>\n\ud83d\udee5\ufe0f 13,5 m Yacht Comfort.<br \/>\n\u23f3 Denn\u00e9 prehliadky v trvan\u00ed 2-12 hod\u00edn.<br \/>\n\ud83d\udd59 Prisp\u00f4sobite\u013en\u00e9 \u010dasy odchodu.<br \/>\n\ud83c\udf74 Strava a n\u00e1poje v cene.<br \/>\n\ud83d\udc65 Maxim\u00e1lne 10 host\u00ed.<br \/>\n\ud83d\udedd Vodn\u00e1 \u0161m\u00fdka\u010dka pre +6H v\u00fdlety.<br \/>\n\ud83c\udfc4\u200d\u2640\ufe0f Vr\u00e1tane p\u00e1dlov\u00fdch dosiek.<br \/>\n\ud83e\udd3f Vybavenie na \u0161norchlovanie je k dispoz\u00edcii.<br \/>\n\ud83d\udd0a Prehr\u00e1vajte svoju hudbu.<br \/>\n\ud83e\udd11 Garancia najlep\u0161ej ceny.<br \/>\n\ud83d\udc6a Z\u013eavy aktivovan\u00e9.<br \/>\n\ud83d\udd01 Storno do 4 dn\u00ed.<br \/>\n\ud83c\udf0d Viacjazy\u010dn\u00e1 pos\u00e1dka.<br \/>\n\ud83c\udf1f Rezervujte si v\u010das a u\u0161etrite!<br \/>\n\ud83d\udccd Odchod z\u00a0<a href=\"https:\/\/maps.app.goo.gl\/ocJuu7A8R1JWjPbS9\">Puerto Colon<\/a>.<\/p>","protected":false},"featured_media":13629,"comment_status":"open","ping_status":"closed","template":"","meta":{"_acf_changed":false},"product_brand":[],"product_cat":[47],"product_tag":[],"class_list":{"0":"post-9938","1":"product","2":"type-product","3":"status-publish","4":"has-post-thumbnail","6":"product_cat-boat-hire-tenerife","7":"wcpa_has_options","9":"first","10":"instock","11":"sale","12":"virtual","13":"purchasable","14":"product-type-simple"},"acf":[],"wcpa_form_fields":{"wcpaData":{"product":{"product_price":745,"price_html":"From&nbsp;<del aria-hidden=\"true\"><span class=\"woocommerce-Price-amount amount\"><bdi>800,00&nbsp;<span class=\"woocommerce-Price-currencySymbol\">&euro;<\/span><\/bdi><\/span><\/del> <span class=\"screen-reader-text\">P\u00f4vodn\u00e1 cena bola: 800,00&nbsp;&euro;.<\/span><ins aria-hidden=\"true\"><span class=\"woocommerce-Price-amount amount\"><bdi>745,00&nbsp;<span class=\"woocommerce-Price-currencySymbol\">&euro;<\/span><\/bdi><\/span><\/ins><span class=\"screen-reader-text\">Aktu\u00e1lna cena je: 745,00&nbsp;&euro;.<\/span>","original_product_price":800,"price_including_tax":745,"price_excluding_tax":745,"product_id":{"parent":9938,"variation":false},"is_variable":false,"stock_status":"instock","stock_quantity":null,"parent_sku":"CV9938","product_attributes":[],"custom_fields":[],"is_taxable":false,"product_name":"No Worries Yacht Charter Tenerife","hasImage":false},"fields":{"sec_7663b89a2e2f8f":{"extra":{"key":"sec_7663b89a2e2f8f","section_id":"sec_7663b89a2e2f8f","name":"Default","status":1,"cl_rule":"show","enableCl":false,"relations":[],"toggle":true,"title_tag":"h3","show_title":false,"showPrice":"default","form_id":11415,"form_rules":{"exclude_from_discount":true,"fee_label":"Fee","disp_hide_options_price":true,"disp_show_section_price":false,"disp_show_field_price":true,"layout_option":"standard","pric_use_as_fee":false,"process_fee_as":"woo_fee"},"layout_option":"standard"},"fields":[[{"label":"\ud83d\udcc5 Date","active":true,"required":true,"elementId":"date_9663b89a2e2faf","picker_type":"custom","picker_mode":"single","placeholder":"","description":"","tooltip":"","name":"date_9663b89a2e2faf","label_position":"default","desc_position":"default","enablePrice":false,"className":"","enableCl":false,"relations":[{"operator":"and","rules":[{"operator":"AND","rules":{"cl_field":"radio-group_565c78ffa81208","cl_relation":"is","cl_val":"3 Hour Trip"}}]}],"date_pic_inline":true,"date_pic_inline_hide":true,"min_date":{"type":"days","val":"2"},"max_date":{"type":"days","val":"365"},"date_pic_conf":{"disabledWeeks":[],"disabledDates":["2025-08-25","2025-08-28 to 2025-08-29"]},"price":"","cl_rule":"show","col":6,"type":"date","error":false,"enableDesign":false,"LabelColor":"","isWeightTemplate":false,"isTemplate":false,"min_quantity":"1","quantity_decimal":false,"quantity_step":"1","quantity_label":"Quantity","repeater_field_label":"{field_label}","repeater_bind":"","gt_translate_keys":["label","placeholder","description","tooltip","repeater_field_label","quantity_label"],"price_dependency":false,"cl_dependency":false,"value":""}],[{"contentType":"rich","active":true,"label":"","elementId":"content_4663b89a2e2fbd","value":"<p>\ud83c\udf9f\ufe0f <strong>Reservation<\/strong>: Pay only a deposit now to reserve; the rest is due on the day of the activity upon arrival.<\/p>","inline":false,"name":"content_4663b89a2e2fbd","enablePrice":false,"className":"","subtype":"p","enableCl":false,"relations":false,"price":"","cl_rule":"show","col":6,"type":"content","error":false,"pricingType":"custom","isTemplate":false,"is_show_price":true,"show_in_checkout":true,"gt_translate_keys":["label","value"],"price_dependency":false,"cl_dependency":false}],[{"elementId":"separator_2663b89a2e2fc9","separatorType":"blank","className":"","height":"3","enableCl":false,"relations":false,"cl_rule":"show","col":6,"type":"separator","error":false,"gt_translate_keys":[],"price_dependency":false,"cl_dependency":false,"value":""}],[{"active":true,"col":6,"relations":false,"cl_rule":"show","enableCl":false,"price":"","enablePrice":true,"className":"","label_position":"default","desc_position":"default","type":"select","required":true,"elementId":"select_2663b89a2e2fd3","label":"\u23f3 Trip Duration","name":"select_2663b89a2e2fd3","values":[{"label":"2 Hours (745\u20ac)","value":"2","selected":false,"tempId":"aco_212","price":"745","gt_translate_keys":["label"]},{"label":"3 Hours (825\u20ac)","value":"3","selected":false,"tempId":"aco_556","price":"825","gt_translate_keys":["label"]},{"label":"4 Hours (1.065\u20ac)","value":"4","selected":false,"tempId":"aco_640","price":"1065","gt_translate_keys":["label"]},{"label":"5 Hours (1.330\u20ac","value":"5","selected":false,"tempId":"aco_100","price":"1330","gt_translate_keys":["label"]},{"label":"6 Hours (1.595\u20ac)","value":"6","selected":false,"tempId":"aco_660","price":"1595","gt_translate_keys":["label"]},{"label":"8 Hours (1.995\u20ac)","value":"8","selected":false,"tempId":"aco_19","price":"1995","gt_translate_keys":["label"]}],"dropdown_type":"basic","error":false,"placeholder":"Select Trip Duration","priceOptions":"different_for_all","pricingType":"fixed","is_show_price":true,"isWeightTemplate":false,"isTemplate":false,"min_quantity":"1","quantity_decimal":false,"quantity_step":"1","quantity_label":"Quantity","repeater_field_label":"{field_label}","repeater_bind":"","gt_translate_keys":["label","placeholder","repeater_field_label","quantity_label"],"price_dependency":["content_3663b89a2e2ff1","content_7663b89a2e2ffb"],"cl_dependency":false,"value":""}],[{"label":"\u2705 Number of People","active":true,"required":true,"elementId":"select_10663b89a2e2fdd","dropdown_type":"basic","placeholder":"Select Number of People","name":"select_10663b89a2e2fdd","label_position":"default","desc_position":"default","enablePrice":false,"className":"","enableCl":false,"relations":[{"operator":false,"rules":[{"operator":"AND","rules":{"cl_field":"radio-group_565c78ffa81208","cl_relation":"is","cl_val":"3 Hour Trip"}}]}],"values":[{"label":"1 person","value":"1","selected":false,"tempId":"aco_1471","price":"0","gt_translate_keys":["label"]},{"label":"2 people","value":"2","selected":false,"tempId":"aco_1472","price":"0","gt_translate_keys":["label"]},{"label":"3 people","value":"3","selected":false,"tempId":"aco_1500","price":"0","gt_translate_keys":["label"]},{"label":"4 people","value":"4","selected":false,"tempId":"aco_1510","price":"0","gt_translate_keys":["label"]},{"label":"5 people","value":"5","selected":false,"tempId":"aco_1520","price":"0","gt_translate_keys":["label"]},{"label":"6 people","value":"6","selected":false,"tempId":"aco_1728","price":"0","gt_translate_keys":["label"]},{"label":"7 people","value":"7","selected":false,"tempId":"aco_1738","price":"20","gt_translate_keys":["label"]},{"label":"8 people","value":"8","selected":false,"tempId":"aco_1748","price":"40","gt_translate_keys":["label"]},{"label":"9 people","value":"9","selected":false,"tempId":"aco_1912","price":"60","gt_translate_keys":["label"]},{"label":"10 people","value":"10","selected":false,"tempId":"aco_1922","price":"80","gt_translate_keys":["label"]}],"price":"","cl_rule":"show","col":6,"type":"select","error":false,"priceOptions":"different_for_all","pricingType":"fixed","is_show_price":true,"isWeightTemplate":false,"isTemplate":false,"min_quantity":"1","quantity_decimal":false,"quantity_step":"1","quantity_label":"Quantity","repeater_field_label":"{field_label}","repeater_bind":"","gt_translate_keys":["label","placeholder","repeater_field_label","quantity_label"],"price_dependency":false,"cl_dependency":false,"value":""}],[{"active":true,"col":6,"relations":false,"cl_rule":"show","enableCl":false,"price":"","enablePrice":true,"className":"","label_position":"default","desc_position":"default","type":"select","required":false,"elementId":"select_8764721131","label":"\ud83d\udca6 Add jet-skis?","name":"select_8764721131","values":[{"label":"1 JetSki for 1 Hour (250\u20ac)","value":"1JetSki 1H","selected":false,"tempId":"aco_167","price":"250","gt_translate_keys":["label"]},{"label":"2 JetSkis for 1 Hour (500\u20ac)","value":"2JetSkis 1H","selected":false,"tempId":"aco_168","price":"500","gt_translate_keys":["label"]}],"isWeightTemplate":false,"error":false,"isTemplate":false,"min_quantity":"1","quantity_decimal":false,"quantity_step":"1","quantity_label":"Quantity","repeater_field_label":"{field_label}","repeater_bind":"","dropdown_type":"basic","description":"Private JetSki tour from the boat with a JetSki instructor.","placeholder":"None","priceOptions":"different_for_all","pricingType":"fixed","is_show_price":true,"gt_translate_keys":["label","placeholder","description","repeater_field_label","quantity_label"],"price_dependency":["content_3663b89a2e2ff1"],"cl_dependency":false,"value":""}],[{"elementId":"separator_6663b89a2e2fe7","separatorType":"fill","className":"","height":"6","enableCl":false,"relations":false,"cl_rule":"show","col":6,"type":"separator","error":false,"separatorColor":"#66a6b6","gt_translate_keys":[],"price_dependency":false,"cl_dependency":false,"value":""}],[{"active":true,"col":6,"relations":false,"cl_rule":"show","enableCl":false,"price":"(({field.select_2663b89a2e2fd3.price})*0.20)+({field.select_8764721131.price})","enablePrice":true,"className":"","label_position":"default","desc_position":"default","type":"content","required":false,"elementId":"content_3663b89a2e2ff1","label":"Deposit Payment","name":"content_3663b89a2e2ff1","contentType":"plain","value":"","error":false,"pricingType":"custom","isTemplate":false,"is_show_price":false,"enableDesign":true,"scrollBar":false,"use_as_fee":false,"fee_label":"Payment Now","inline":true,"show_in_checkout":true,"subtype":"div","formulaId":"fmla_1708364241278155361","LabelSize":"14px","gt_translate_keys":["label","value"],"price_dependency":["content_3663b89a2e3004"],"cl_dependency":false}],[{"contentType":"plain","active":true,"label":"Payment at Arrival","elementId":"content_7663b89a2e2ffb","value":"","inline":true,"show_in_checkout":true,"name":"content_7663b89a2e2ffb","enablePrice":true,"className":"","fee_label":"Payment at Arrival","subtype":"div","enableCl":false,"relations":false,"scrollBar":false,"enableDesign":true,"pricingType":"custom","isTemplate":false,"price":"({field.select_2663b89a2e2fd3.price})*0.80","use_as_fee":false,"is_show_price":true,"cl_rule":"show","col":6,"type":"content","error":false,"formulaId":"fmla_1708360988969136756","LabelSize":"14px","gt_translate_keys":["label","value"],"price_dependency":["content_3663b89a2e3004"],"cl_dependency":false}],[{"contentType":"plain","active":true,"label":"Total Price","elementId":"content_3663b89a2e3004","value":"","inline":true,"show_in_checkout":true,"name":"content_3663b89a2e3004","enablePrice":true,"className":"","fee_label":"Payment at Arrival","subtype":"div","enableCl":false,"relations":false,"scrollBar":false,"enableDesign":true,"LabelSize":"14px","pricingType":"custom","isTemplate":false,"price":"({field.content_3663b89a2e2ff1.price}) + ({field.content_7663b89a2e2ffb.price})","formulaId":"fmla_1708360988969136756","use_as_fee":false,"is_show_price":true,"cl_rule":"show","col":6,"type":"content","error":false,"gt_translate_keys":["label","value"],"price_dependency":false,"cl_dependency":false}],[{"elementId":"separator_10663b89a2e300e","separatorType":"blank","className":"","height":"3","enableCl":false,"relations":false,"cl_rule":"show","col":6,"type":"separator","error":false,"gt_translate_keys":[],"price_dependency":false,"cl_dependency":false,"value":""}],[{"active":true,"col":6,"relations":[{"operator":false,"rules":[{"operator":"AND","rules":{"cl_field":"radio-group_565c78ffa81208","cl_relation":"is","cl_val":"3 Hour Trip"}}]}],"cl_rule":"show","enableCl":false,"price":"","enablePrice":false,"className":"","label_position":"default","desc_position":"default","type":"select","required":false,"elementId":"select_2663b89a2e3017","label":"\u23f0 Departure","name":"select_2663b89a2e3017","values":[{"label":"09:00","value":"09:00","selected":false,"tempId":"aco_1471","gt_translate_keys":["label"]},{"label":"10:00","value":"10:00","selected":false,"tempId":"aco_1472","gt_translate_keys":["label"]},{"label":"11:00","value":"11:00","selected":false,"tempId":"aco_1500","gt_translate_keys":["label"]},{"label":"12:00","value":"12:00","selected":false,"tempId":"aco_1510","gt_translate_keys":["label"]},{"label":"13:00 (1:00 PM)","value":"13:00","selected":false,"tempId":"aco_1520","gt_translate_keys":["label"]},{"label":"14:00 (2:00 PM)","value":"14:00","selected":false,"tempId":"aco_1728","gt_translate_keys":["label"]},{"label":"15:00 (3:00 PM)","value":"15:00","selected":false,"tempId":"aco_1738","gt_translate_keys":["label"]},{"label":"16:30 (4:30 PM)","value":"16:30","selected":false,"tempId":"aco_100","gt_translate_keys":["label"]}],"dropdown_type":"basic","error":false,"placeholder":"Whichever Time is Best","isWeightTemplate":false,"isTemplate":false,"min_quantity":"1","quantity_decimal":false,"quantity_step":"1","quantity_label":"Quantity","repeater_field_label":"{field_label}","repeater_bind":"","gt_translate_keys":["label","placeholder","repeater_field_label","quantity_label"],"price_dependency":false,"cl_dependency":false,"value":""}],[{"elementId":"separator_8663b89a2e3021","separatorType":"blank","className":"","height":"1","enableCl":false,"relations":false,"cl_rule":"show","col":6,"type":"separator","error":false,"gt_translate_keys":[],"price_dependency":false,"cl_dependency":false,"value":""}]]}},"config":{"price_override":"always","enable_recaptcha":false,"bind_quantity":false,"quantity_bind_formula":false,"disp_summ_show_option_price":true,"disp_summ_show_product_price":false,"disp_summ_show_total_price":false,"disp_summ_show_fee":true,"disp_summ_show_discount":true,"summary_title":"","options_total_label":"Options Price","total_label":"Deposit Amount","options_product_label":"Product Price","fee_label":"Fee","discount_label":"Discount","has_price":true,"has_quantity_formula":false},"mc_unit":1,"tax_rate":1,"tax_rate_real":1,"discount":{"percentage":0,"fixed":0},"design":{"conf":{"LabelPosition":"above","DescPosition":"above","UploadField":"custom_1","QuantityFieldStyle":"custom_1"},"css":{"LeftLabelWidth":"120px"}},"formulas":{"fmla_1708360988969136756":"(({field.select_2663a0ecdc488f.value}>=5)?(640):(({field.select_2663a0ecdc488f.value}>=4)?(520):(({field.select_2663a0ecdc488f.value}>=3)?(440):(0))))","fmla_1708364241278155361":"(({field.select_5841412719.value}>=8)?({field.select_5841412719.price}):(({field.select_5841412719.value}>=5)?({field.select_5841412719.price}):(({field.select_5841412719.value}>=3)?({field.select_5841412719.price}):(0))))"},"lookuptables":[],"clones":false,"cartKey":false}},"_links":{"self":[{"href":"https:\/\/canaryvip.com\/sk\/wp-json\/wp\/v2\/product\/9938","targetHints":{"allow":["GET"]}}],"collection":[{"href":"https:\/\/canaryvip.com\/sk\/wp-json\/wp\/v2\/product"}],"about":[{"href":"https:\/\/canaryvip.com\/sk\/wp-json\/wp\/v2\/types\/product"}],"replies":[{"embeddable":true,"href":"https:\/\/canaryvip.com\/sk\/wp-json\/wp\/v2\/comments?post=9938"}],"wp:featuredmedia":[{"embeddable":true,"href":"https:\/\/canaryvip.com\/sk\/wp-json\/wp\/v2\/media\/13629"}],"wp:attachment":[{"href":"https:\/\/canaryvip.com\/sk\/wp-json\/wp\/v2\/media?parent=9938"}],"wp:term":[{"taxonomy":"product_brand","embeddable":true,"href":"https:\/\/canaryvip.com\/sk\/wp-json\/wp\/v2\/product_brand?post=9938"},{"taxonomy":"product_cat","embeddable":true,"href":"https:\/\/canaryvip.com\/sk\/wp-json\/wp\/v2\/product_cat?post=9938"},{"taxonomy":"product_tag","embeddable":true,"href":"https:\/\/canaryvip.com\/sk\/wp-json\/wp\/v2\/product_tag?post=9938"}],"curies":[{"name":"wp","href":"https:\/\/api.w.org\/{rel}","templated":true}]}}