{"id":9834,"date":"2024-02-15T22:11:39","date_gmt":"2024-02-15T22:11:39","guid":{"rendered":"https:\/\/canaryvip.com\/?post_type=product&#038;p=9834"},"modified":"2025-08-09T12:53:55","modified_gmt":"2025-08-09T11:53:55","slug":"forestal-park-tenerife","status":"publish","type":"product","link":"https:\/\/canaryvip.com\/sk\/shop\/forestal-park-tenerife\/","title":{"rendered":"Park Forestal Tenerife"},"content":{"rendered":"<h2><strong>\ud83c\udf32 Lesopark Tenerife: Ponorte sa na pr\u00edrodn\u00e9 ihrisko!<\/strong><\/h2>\n<p>Vydajte sa na dobrodru\u017estvo ako \u017eiadne in\u00e9 v <strong>Park Forestal Tenerife,<\/strong> kde sa stret\u00e1va vzru\u0161enie z pobytu v pr\u00edrode s pokojnou kr\u00e1sou storo\u010dn\u00fdch borovicov\u00fdch lesov. Za\u017eite vzru\u0161enie pri prech\u00e1dzan\u00ed najv\u00e4\u010d\u0161ou zipsovou dr\u00e1hou a dobrodru\u017en\u00fdm parkom na Kan\u00e1rskych ostrovoch. S viac ako 90 jedine\u010dn\u00fdmi v\u00fd\u0161kov\u00fdmi v\u00fdzvami vr\u00e1tane visut\u00fdch mostov, siet\u00ed, li\u00e1n a dychber\u00facich zipsov sa v\u00e1\u0161 dobrodru\u017en\u00fd duch vznesie do nov\u00fdch v\u00fd\u0161in.<\/p>\n<h3><strong>\ud83c\udfa2 Pre\u010do si vybra\u0165 na\u0161e dobrodru\u017estvo?<\/strong><\/h3>\n<ul>\n<li><strong>Zaru\u010den\u00e1 z\u00e1bava:<\/strong> Zabezpe\u010dte si miesto vopred a vyhnite sa sklamaniu z pln\u00e9ho parku.<\/li>\n<li><strong>Exkluz\u00edvne z\u013eavy:<\/strong> Vyu\u017eite exkluz\u00edvne z\u013eavy pri rezerv\u00e1cii v\u00e1\u0161ho \u010fal\u0161ieho dobrodru\u017estva s nami!<\/li>\n<li><strong>Flexibiln\u00e9 pl\u00e1ny:<\/strong> Zmena pl\u00e1nov? Na\u0161e zhovievav\u00e9 storno podmienky s\u00fa pre v\u00e1s pripraven\u00e9.<\/li>\n<li><strong>Zasv\u00e4ten\u00e9 rady:<\/strong> Vyu\u017eite na\u0161e sk\u00fasenosti z prvej ruky a odpor\u00fa\u010dania pre najlep\u0161ie dobrodru\u017estvo.<\/li>\n<\/ul>\n<h3><strong>\ud83d\udc65 Teambuilding a skupinov\u00e9 dobrodru\u017estv\u00e1<\/strong><\/h3>\n<p>Zlep\u0161ite kamar\u00e1tstvo a vytvorte trval\u00e9 vz\u0165ahy v r\u00e1mci ka\u017edej skupiny prostredn\u00edctvom na\u0161ich rozmanit\u00fdch teambuildingov\u00fdch dobrodru\u017estiev. <strong>Park Forestal Tenerife<\/strong> pon\u00faka v\u00fdrazn\u00e9 pozadie ide\u00e1lne na posilnenie t\u00edmov\u00e9ho ducha medzi <strong>skupiny podnikov,<\/strong>\u00a0oslava v\u00fdnimo\u010dn\u00fdch okamihov s <strong>priatelia,<\/strong>\u00a0ozna\u010dovanie m\u00ed\u013enikov ako <strong>narodeniny,<\/strong>\u00a0alebo prinies\u0165 <strong>ve\u013ek\u00e9 rodinn\u00e9 stretnutia<\/strong> bli\u017e\u0161ie k sebe.<\/p>\n<p>bli\u017e\u0161ie k sebe. Na\u0161e starostlivo pripraven\u00e9 v\u00fdzvy nielen zab\u00e1vaj\u00fa, ale aj podporuj\u00fa t\u00edmov\u00fa pr\u00e1cu, komunik\u00e1ciu a spolo\u010dn\u00fd pocit v\u00ed\u0165azstva a jednoty vo v\u0161etk\u00fdch typoch skup\u00edn. \u010ci u\u017e chcete posilni\u0165 firemn\u00e9 t\u00edmy, vytvori\u0165 nezabudnute\u013en\u00e9 spomienky na narodeniny, spoji\u0165 priate\u013eov v dobrodru\u017estve alebo zhroma\u017edi\u0165 rozvetven\u00e9 rodiny na celodenn\u00fa z\u00e1bavu, n\u00e1\u0161 park zaru\u010duje inkluz\u00edvny, p\u00fatav\u00fd a nezabudnute\u013en\u00fd z\u00e1\u017eitok pre v\u0161etk\u00fdch.<\/p>\n<h3><strong>\ud83d\udee0\ufe0f Pr\u00edprava na dobrodru\u017estvo<\/strong><\/h3>\n<ul>\n<li><strong>Rezervujte si vopred:<\/strong> Zaistite si vstup rezerv\u00e1ciou vopred.<\/li>\n<li><strong>Tipy na pr\u00edchod<\/strong>: Ubytovan\u00fdm hos\u0165om v meste La Esperanza na juhu Tenerife odpor\u00fa\u010dame, aby si svoju n\u00e1v\u0161tevu vopred d\u00f4kladne napl\u00e1novali, preto\u017ee cesta autom trv\u00e1 minim\u00e1lne 1 hodinu. Pros\u00edm, po\u010d\u00edtajte s mo\u017en\u00fdmi me\u0161kaniami sp\u00f4soben\u00fdmi miestnymi cyklistami a stavom horsk\u00fdch ciest, aby ste si zabezpe\u010dili hladk\u00fd a v\u010dasn\u00fd pr\u00edchod.<\/li>\n<li><strong>\u0160aty vpravo:<\/strong> Oble\u010dte si vhodn\u00e9 oble\u010denie na akt\u00edvny de\u0148 vonku.<\/li>\n<li><strong>Pred n\u00e1v\u0161tevou:<\/strong> Prihl\u00e1ste sa 30 min\u00fat pred rezerv\u00e1ciou, aby ste sa mohli obozn\u00e1mi\u0165 s vybaven\u00edm parku.<\/li>\n<\/ul>\n<h3><strong>\ud83c\udf33 Dobrodru\u017estvo \u010dak\u00e1 na ka\u017edom rohu<\/strong><\/h3>\n<ul>\n<li><strong>R\u00f4zne v\u00fdzvy:<\/strong> N\u00e1\u0161 park je ur\u010den\u00fd pre v\u0161etk\u00fdch milovn\u00edkov dobrodru\u017estva - od pokojn\u00fdch prech\u00e1dzok a\u017e po extr\u00e9mne z\u00e1\u017eitky.<\/li>\n<li><strong>Neust\u00e1la bezpe\u010dnos\u0165:<\/strong> N\u00e1\u0161 profesion\u00e1lny t\u00edm sa postar\u00e1 o to, aby ste boli v\u017edy bezpe\u010dne pripojen\u00ed a mohli si u\u017e\u00edva\u0165 bezstarostn\u00fd z\u00e1\u017eitok.<\/li>\n<li><strong>Viac na presk\u00famanie:<\/strong> Objavte \u0161irok\u00fa \u0161k\u00e1lu dobrodru\u017estiev, ktor\u00e9 Tenerife pon\u00faka aj za korunami stromov.<\/li>\n<\/ul>\n<h3><strong>\ud83c\udfde\ufe0f Vlastnosti n\u00e1\u0161ho vonkaj\u0161ieho parku<\/strong><\/h3>\n<ul>\n<li><strong>N\u00e1dhern\u00e1 pr\u00edroda:<\/strong> Ponorte sa do bujnej biodiverzity lesov Tenerife.<\/li>\n<li><strong>Aktivity pre v\u0161etk\u00fdch:<\/strong> Vychutnajte si r\u00f4zne v\u00fdzvy v korun\u00e1ch stromov vhodn\u00e9 pre ka\u017ed\u00fd vek a \u00farove\u0148 zru\u010dnost\u00ed.<\/li>\n<li><strong>Odborn\u00e9 poradenstvo:<\/strong> Na\u0161i kvalifikovan\u00ed in\u0161truktori sa postaraj\u00fa o z\u00e1bavn\u00e9 a bezpe\u010dn\u00e9 dobrodru\u017estvo pre ka\u017ed\u00e9ho.<\/li>\n<li><strong>Ekologicky uvedomel\u00fd:<\/strong> N\u00e1\u0161 z\u00e1v\u00e4zok k udr\u017eate\u013enosti znamen\u00e1 u\u017e\u00edva\u0165 si pr\u00edrodu bez jej po\u0161kodzovania.<\/li>\n<li><strong>Vybavenie:<\/strong> Dopl\u0148te si palivo v na\u0161ej kaviarni a vyu\u017eite na\u0161e \u010dist\u00e9 priestory na pohodln\u00fd de\u0148.<\/li>\n<\/ul>\n<h3><strong>\ud83d\udcc5 Napl\u00e1nujte si n\u00e1v\u0161tevu<\/strong><\/h3>\n<ul>\n<li><strong>Hodiny dobrodru\u017estva:<\/strong> Otvoren\u00e9 denne od 10:00 do 18:00. Nezabudnite pr\u00eds\u0165 do 16:30, aby ste mali posledn\u00fd vstup.<\/li>\n<li><strong>Jednoduch\u00e1 online rezerv\u00e1cia:<\/strong> Vyhnite sa radom a rezervujte si l\u00edstky online. Pozrite si \u0161peci\u00e1lne ceny a z\u013eavy!<\/li>\n<\/ul>\n<h3><strong>\ud83d\udee1\ufe0f Rezerv\u00e1cia Pokoj v du\u0161i<\/strong><\/h3>\n<ul>\n<li><strong>Okam\u017eit\u00e9 potvrdenie:<\/strong> Dostanete potvrdzuj\u00faci e-mail s \u00fadajmi o rezerv\u00e1cii a jedine\u010dn\u00fdm referen\u010dn\u00fdm \u010d\u00edslom.<\/li>\n<li><strong>\u0160peci\u00e1lne ponuky:<\/strong> V\u0161etky rezerv\u00e1cie s\u00fa spojen\u00e9 so \u0161peci\u00e1lnou z\u013eavou na va\u0161e \u010fal\u0161ie dobrodru\u017estvo a skupinov\u00fdmi z\u013eavami.<\/li>\n<li><strong>Z\u00e1v\u00e4zok k bezpe\u010dnosti:<\/strong> Dodr\u017eiavanie na\u0161ich bezpe\u010dnostn\u00fdch pokynov je nevyhnutn\u00e9 pre z\u00e1bavn\u00fa a bezpe\u010dn\u00fa n\u00e1v\u0161tevu.<\/li>\n<li><strong>Rozv\u00e1\u017ene zru\u0161enie:<\/strong> Flexibiln\u00e9 storno podmienky umo\u017e\u0148uj\u00face bezplatn\u00e9 zmeny do 48 hod\u00edn pred rezerv\u00e1ciou. Za zru\u0161enie rezerv\u00e1cie do 48 hod\u00edn sa \u00fa\u010dtuje poplatok 50% a suma za neuskuto\u010dnenie rezerv\u00e1cie sa nevracia.<\/li>\n<\/ul>\n<h4><strong>\ud83c\udf04 Ste pripraven\u00ed za\u017ei\u0165 dokonal\u00e9 dobrodru\u017estvo v pr\u00edrode?<\/strong><\/h4>\n<p>Vydajte sa s nami na cestu v korun\u00e1ch stromov a objavte pr\u00edrodn\u00e9 kr\u00e1sy Tenerife zhora. Rezervujte si svoje dobrodru\u017estvo teraz a vst\u00fapte do sveta vzru\u0161enia a objavovania! \ud83c\udf32\ud83c\udfde\ufe0f<\/p>","protected":false},"excerpt":{"rendered":"<p>\ud83d\udd0d <strong>Park Forestal Tenerife<\/strong>:<br \/>\n\u2705 Bezpe\u010dn\u00e1 platba.<br \/>\n\ud83c\udf32 Najv\u00e4\u010d\u0161\u00ed Zip Line &amp; Adventure Park.<br \/>\n\ud83d\udc64 Aktivity pre v\u0161etky vekov\u00e9 kateg\u00f3rie.<br \/>\n\ud83d\udd56 Otvoren\u00e9 od 10:00 do 18:00.<br \/>\n\ud83d\udcc5 Pia, So a Ne.<br \/>\n\ud83d\ude97 Parkovanie pre n\u00e1v\u0161tevn\u00edkov.<br \/>\n\ud83e\udd7e Bezpe\u010dnostn\u00e9 vybavenie.<br \/>\n\ud83e\udd11 Garancia najlep\u0161ej ceny.<br \/>\n\ud83d\udc68\u200d\ud83d\udc69\u200d\ud83d\udc67\u200d\ud83d\udc66 Skupinov\u00e9 a rodinn\u00e9 z\u013eavy.<br \/>\n\ud83c\udf10 viacjazy\u010dn\u00fd person\u00e1l.<br \/>\n\ud83c\udf32 Odpor\u00fa\u010dame rezerv\u00e1ciu vopred.<br \/>\n\ud83d\udccd Nach\u00e1dza sa v <a href=\"https:\/\/maps.app.goo.gl\/JbRxgrnnevPucnau9\">La Esperanza, Tenerife<\/a>.<\/p>","protected":false},"featured_media":9837,"comment_status":"open","ping_status":"closed","template":"","meta":{"_acf_changed":false},"product_brand":[],"product_cat":[82],"product_tag":[],"class_list":{"0":"post-9834","1":"product","2":"type-product","3":"status-publish","4":"has-post-thumbnail","6":"product_cat-fun-activities","7":"wcpa_has_options","9":"first","10":"instock","11":"virtual","12":"purchasable","13":"product-type-simple"},"acf":[],"wcpa_form_fields":{"wcpaData":{"product":{"product_price":26,"price_html":"From&nbsp;<span class=\"woocommerce-Price-amount amount\"><bdi>26,00&nbsp;<span class=\"woocommerce-Price-currencySymbol\">&euro;<\/span><\/bdi><\/span>","original_product_price":26,"price_including_tax":26,"price_excluding_tax":26,"product_id":{"parent":9834,"variation":false},"is_variable":false,"stock_status":"instock","stock_quantity":null,"parent_sku":"CV9834","product_attributes":[],"custom_fields":[],"is_taxable":false,"product_name":"Forestal Park Tenerife","hasImage":false},"fields":{"sec_465e50fd642ff4":{"extra":{"key":"sec_465e50fd642ff4","section_id":"sec_465e50fd642ff4","name":"Default","status":1,"cl_rule":"show","enableCl":false,"relations":[],"toggle":true,"title_tag":"h3","show_title":false,"showPrice":"default","form_id":10220,"form_rules":{"exclude_from_discount":true,"fee_label":"Fee","disp_hide_options_price":true,"disp_show_section_price":false,"disp_show_field_price":true,"layout_option":"standard","pric_use_as_fee":false,"process_fee_as":"woo_fee"},"layout_option":"standard"},"fields":[[{"label":"\ud83d\udcc5 Date","active":true,"required":true,"elementId":"date_365e50fd643030","picker_type":"custom","picker_mode":"single","placeholder":"","description":"","tooltip":"","name":"date_365e50fd643030","label_position":"default","desc_position":"default","enablePrice":false,"className":"","enableCl":false,"relations":[{"operator":"and","rules":[{"operator":"AND","rules":{"cl_field":"radio-group_365e50fd643015","cl_relation":"is","cl_val":"3 Hour Trip"}}]}],"date_pic_inline":true,"date_pic_inline_hide":true,"min_date":{"type":"days","val":"2"},"max_date":{"type":"days","val":"365"},"date_pic_conf":{"disabledWeeks":[1,2,3,4]},"price":"","cl_rule":"show","col":6,"type":"date","error":false,"enableDesign":false,"LabelColor":"","gt_translate_keys":["label","placeholder","description","tooltip"],"price_dependency":false,"cl_dependency":false,"value":""}],[{"active":true,"col":6,"relations":[{"operator":false,"rules":[{"operator":"AND","rules":{"cl_field":"","cl_relation":"","cl_val":""}}]}],"cl_rule":"show","enableCl":false,"price":"","enablePrice":false,"className":"","label_position":"default","desc_position":"default","type":"radio-group","required":true,"elementId":"radio-group_365e50fd643015","label":"\ud83c\udf1f Type of Ticket","name":"radio-group_365e50fd643015","values":[{"label":"Regular Tickets (26\u20ac)","value":"Regular Tickets","selected":false,"tempId":"aco_28","description":"Regular Admission Tickets.","gt_translate_keys":["label","description"]},{"label":"Resident Tickets (22\u20ac)","value":"Resident Tickets","selected":false,"tempId":"aco_30","description":"Regular Tickets for Canary Island Residents. You must present a valid document as proof of residency.","gt_translate_keys":["label","description"]}],"layOut":"","error":false,"checkUi":"toggle","enableDesign":false,"scrollBar":false,"description":"","other":false,"options_description":true,"show_selected_option":false,"gt_translate_keys":["label","description"],"price_dependency":false,"cl_dependency":[false,false],"value":""}]]},"sec_665e50fd643017":{"extra":{"key":"sec_665e50fd643017","section_id":"sec_665e50fd643017","name":"Regular Tickets","status":1,"cl_rule":"show","enableCl":true,"relations":[{"operator":false,"rules":[{"operator":"AND","rules":{"cl_field":"radio-group_365e50fd643015","cl_relation":"is","cl_val":"Regular Tickets"}}]}],"toggle":true,"title_tag":"h4","show_title":false,"showPrice":"default","form_id":10220,"form_rules":{"exclude_from_discount":true,"fee_label":"Fee","disp_hide_options_price":true,"disp_show_section_price":false,"disp_show_field_price":true,"layout_option":"standard","pric_use_as_fee":false,"process_fee_as":"woo_fee"},"layout_option":"standard"},"fields":[[{"elementId":"separator_1065e50fd64303b","separatorType":"blank","className":"","height":"10","enableCl":false,"relations":false,"cl_rule":"show","col":6,"type":"separator","gt_translate_keys":[],"price_dependency":false,"cl_dependency":false,"value":""}],[{"active":true,"col":6,"relations":false,"cl_rule":"show","enableCl":false,"price":"","enablePrice":false,"className":"","label_position":"default","desc_position":"default","type":"content","required":false,"elementId":"content_565e50fd643045","label":"People","name":"content_565e50fd643045","contentType":"plain","value":"","error":false,"show_in_checkout":true,"inline":false,"gt_translate_keys":["label","value"],"price_dependency":false,"cl_dependency":false}],[{"active":true,"col":6,"relations":[{"operator":false,"rules":[{"operator":"AND","rules":{"cl_field":"","cl_relation":"","cl_val":""}}]}],"cl_rule":"show","enableCl":true,"price":"26","enablePrice":true,"className":"","label_position":"default","desc_position":"default","type":"radio-group","required":false,"elementId":"radio-group_565e50fd643051","label":"","name":"radio-group_565e50fd643051","values":[{"label":"\ud83d\udc64 Adult (26\u20ac)","value":"Adult (26<\u20ac)","selected":true,"tempId":"aco_32","tooltip":"+13 Years","description":"","gt_translate_keys":["label","tooltip","description"]}],"layOut":"","error":false,"checkUi":"button","priceOptions":"fixed_for_all","pricingType":"fixed","enable_quantity":true,"quantity_label":"","min_quantity":"0","options_tooltip":true,"options_description":true,"gt_translate_keys":["label","quantity_label"],"price_dependency":false,"cl_dependency":false,"value":""}],[{"label":"","active":true,"required":false,"elementId":"radio-group_965e50fd64305c","name":"radio-group_965e50fd64305c","label_position":"default","desc_position":"default","enablePrice":true,"className":"","enableCl":false,"relations":false,"enable_quantity":true,"quantity_label":"","min_quantity":"0","checkUi":"button","layOut":"","values":[{"label":"\ud83d\udc66 Child (21\u20ac)","value":"Child (21\u20ac)","selected":true,"tempId":"aco_32","tooltip":"5-12 Years","description":"","gt_translate_keys":["label","tooltip","description"]}],"priceOptions":"fixed_for_all","pricingType":"fixed","price":"21","cl_rule":"show","col":6,"type":"radio-group","error":false,"options_tooltip":true,"options_description":true,"gt_translate_keys":["label","quantity_label"],"price_dependency":false,"cl_dependency":false,"value":""}]]},"sec_965e50fd6430a4":{"extra":{"key":"sec_965e50fd6430a4","section_id":"sec_965e50fd6430a4","name":"Resident Tickets","status":1,"cl_rule":"show","enableCl":true,"relations":[{"operator":false,"rules":[{"operator":"AND","rules":{"cl_field":"radio-group_365e50fd643015","cl_relation":"is","cl_val":"Resident Tickets"}}]}],"toggle":true,"title_tag":"h4","show_title":false,"showPrice":"default","form_id":10220,"form_rules":{"exclude_from_discount":true,"fee_label":"Fee","disp_hide_options_price":true,"disp_show_section_price":false,"disp_show_field_price":true,"layout_option":"standard","pric_use_as_fee":false,"process_fee_as":"woo_fee"},"layout_option":"standard"},"fields":[[{"elementId":"separator_465e50fd6430c1","separatorType":"blank","className":"","height":"10","enableCl":false,"relations":false,"cl_rule":"show","col":6,"type":"separator","gt_translate_keys":[],"price_dependency":false,"cl_dependency":false,"value":""}],[{"contentType":"plain","active":true,"label":"People","elementId":"content_865e50fd6430cb","value":"","inline":false,"show_in_checkout":true,"name":"content_865e50fd6430cb","enablePrice":false,"className":"","enableCl":false,"relations":false,"price":"","cl_rule":"show","col":6,"type":"content","gt_translate_keys":["label","value"],"price_dependency":false,"cl_dependency":false}],[{"label":"","active":true,"required":false,"elementId":"radio-group_665e50fd6430d6","name":"radio-group_665e50fd6430d6","label_position":"default","desc_position":"default","enablePrice":true,"className":"","enableCl":true,"relations":[{"operator":false,"rules":[{"operator":"AND","rules":{"cl_field":"","cl_relation":"","cl_val":""}}]}],"enable_quantity":true,"quantity_label":"","min_quantity":"0","checkUi":"button","layOut":"","options_tooltip":true,"values":[{"label":"\ud83d\udc64 Adult (22\u20ac)","value":"Adult (22\u20ac)","selected":true,"tempId":"aco_32","tooltip":"+13 Years","gt_translate_keys":["label","tooltip"]}],"priceOptions":"fixed_for_all","pricingType":"fixed","price":"22","cl_rule":"show","col":6,"type":"radio-group","error":false,"gt_translate_keys":["label","quantity_label"],"price_dependency":false,"cl_dependency":false,"value":""}],[{"label":"","active":true,"required":false,"elementId":"radio-group_465e50fd6430e0","name":"radio-group_465e50fd6430e0","label_position":"default","desc_position":"default","enablePrice":true,"className":"","enableCl":false,"relations":false,"enable_quantity":true,"quantity_label":"","min_quantity":"0","checkUi":"button","layOut":"","options_tooltip":true,"values":[{"label":"\ud83d\udc66 Child (15\u20ac)","value":"Children (15\u20ac)","selected":true,"tempId":"aco_32","tooltip":"5-12 Years","gt_translate_keys":["label","tooltip"]}],"priceOptions":"fixed_for_all","pricingType":"fixed","price":"15","cl_rule":"show","col":6,"type":"radio-group","error":false,"gt_translate_keys":["label","quantity_label"],"price_dependency":false,"cl_dependency":false,"value":""}]]}},"config":{"price_override":"always","enable_recaptcha":false,"bind_quantity":false,"quantity_bind_formula":false,"disp_summ_show_option_price":true,"disp_summ_show_product_price":false,"disp_summ_show_total_price":true,"disp_summ_show_fee":true,"disp_summ_show_discount":true,"summary_title":"","options_total_label":"Options Price","total_label":"Total Amount","options_product_label":"Product Price","fee_label":"Fee","discount_label":"Discount","has_price":true,"has_quantity_formula":false},"mc_unit":1,"tax_rate":1,"tax_rate_real":1,"discount":{"percentage":0,"fixed":0},"design":{"conf":{"LabelPosition":"above","DescPosition":"above","UploadField":"custom_1","QuantityFieldStyle":"custom_1"},"css":{"LeftLabelWidth":"120px"}},"formulas":[],"lookuptables":[],"clones":false,"cartKey":false}},"_links":{"self":[{"href":"https:\/\/canaryvip.com\/sk\/wp-json\/wp\/v2\/product\/9834","targetHints":{"allow":["GET"]}}],"collection":[{"href":"https:\/\/canaryvip.com\/sk\/wp-json\/wp\/v2\/product"}],"about":[{"href":"https:\/\/canaryvip.com\/sk\/wp-json\/wp\/v2\/types\/product"}],"replies":[{"embeddable":true,"href":"https:\/\/canaryvip.com\/sk\/wp-json\/wp\/v2\/comments?post=9834"}],"wp:featuredmedia":[{"embeddable":true,"href":"https:\/\/canaryvip.com\/sk\/wp-json\/wp\/v2\/media\/9837"}],"wp:attachment":[{"href":"https:\/\/canaryvip.com\/sk\/wp-json\/wp\/v2\/media?parent=9834"}],"wp:term":[{"taxonomy":"product_brand","embeddable":true,"href":"https:\/\/canaryvip.com\/sk\/wp-json\/wp\/v2\/product_brand?post=9834"},{"taxonomy":"product_cat","embeddable":true,"href":"https:\/\/canaryvip.com\/sk\/wp-json\/wp\/v2\/product_cat?post=9834"},{"taxonomy":"product_tag","embeddable":true,"href":"https:\/\/canaryvip.com\/sk\/wp-json\/wp\/v2\/product_tag?post=9834"}],"curies":[{"name":"wp","href":"https:\/\/api.w.org\/{rel}","templated":true}]}}