{"id":9783,"date":"2024-02-14T19:30:57","date_gmt":"2024-02-14T19:30:57","guid":{"rendered":"https:\/\/canaryvip.com\/?post_type=product&#038;p=9783"},"modified":"2025-08-09T12:54:45","modified_gmt":"2025-08-09T11:54:45","slug":"book-medieval-show-tenerife","status":"publish","type":"product","link":"https:\/\/canaryvip.com\/sk\/shop\/book-medieval-show-tenerife\/","title":{"rendered":"Stredovek\u00e1 ve\u010dern\u00e1 show Tenerife"},"content":{"rendered":"<h2>\ud83d\udee1\ufe0f Stredovek\u00e9 divadlo na Tenerife<\/h2>\n<p><strong>Cesta \u010dasom s rytiermi, sviatkami a sl\u00e1vnos\u0165ami.<\/strong><\/p>\n<p>Vr\u00e1\u0165te sa sp\u00e4\u0165 v \u010dase a ponorte sa do ve\u013ekoleposti stredoveku v\u010faka Stredovekej noci na Tenerife. Toto podujatie, ktor\u00e9 sa kon\u00e1 na majest\u00e1tnom hrade Castillo San Miguel, je spojen\u00edm hist\u00f3rie, vzru\u0161enia a kulin\u00e1rskeho p\u00f4\u017eitku a je ide\u00e1lne pre t\u00fdch, ktor\u00ed h\u013eadaj\u00fa neoby\u010dajn\u00e9 dobrodru\u017estvo.<\/p>\n<p>Pridajte sa k n\u00e1m a preneste sa do obdobia rytierov, \u017eartov a rytierskych turnajov, ktor\u00e9 miestnym obyvate\u013eom aj turistom pon\u00fakaj\u00fa o\u010daruj\u00face z\u00e1\u017eitky.<\/p>\n<h3><strong>\ud83c\udff0 Itiner\u00e1r noci<\/strong><\/h3>\n<ul>\n<li><strong>Harmonogram:<\/strong> Dvere sa otvoria o 18:30, predstavenie sa za\u010dne o 19:00 a skon\u010d\u00ed o 21:30. Ve\u010der s\u013eubuje mno\u017estvo vzru\u0161uj\u00facich stredovek\u00fdch vyst\u00fapen\u00ed vr\u00e1tane rytierskych s\u00fabojov, \u0161ermiarskych s\u00fabojov a p\u00f4sobiv\u00fdch jazdeck\u00fdch vyst\u00fapen\u00ed, ktor\u00e9 host\u00ed zaujm\u00fa od za\u010diatku a\u017e do konca.<\/li>\n<li><strong>Umiestnenie:<\/strong> Castillo San Miguel sa nach\u00e1dza len 20 min\u00fat od Costa Adeje a Playa de las Am\u00e9ricas a je maj\u00e1kom stredovekej n\u00e1dhery, pripraven\u00fd priv\u00edta\u0165 v\u00e1s po pr\u00edchode s rytiermi v brnen\u00ed.<\/li>\n<li><strong>Kuchy\u0148a:<\/strong> Vychutnajte si luxusn\u00fa stredovek\u00fa hostinu o troch chodoch, ktor\u00e1 je premyslene pripraven\u00e1 tak, aby pote\u0161ila va\u0161e chu\u0165ov\u00e9 bunky, a k nej v\u00fdber v\u00edna, vody a nealkoholick\u00fdch n\u00e1pojov, \u010do zaru\u010duje z\u00e1\u017eitok ako stvoren\u00fd pre kr\u00e1\u013eovsk\u00fa rodinu.<\/li>\n<\/ul>\n<h3><strong>\ud83c\udfab Prisp\u00f4sobte si svoj stredovek\u00fd z\u00e1\u017eitok<\/strong><\/h3>\n<ul>\n<li><strong>VIP pr\u00edstup:<\/strong> Pozdvihnite svoj ve\u010der v\u010faka VIP z\u00e1\u017eitku, ktor\u00fd zah\u0155\u0148a prednostn\u00fd vstup, poh\u00e1r cavy na priv\u00edtanie a pr\u00e9miov\u00e9 sedenie, ktor\u00e9 v\u00e1m zabezpe\u010d\u00ed jedine\u010dn\u00fd v\u00fdh\u013ead na sl\u00e1vnos\u0165.<\/li>\n<li><strong>Skupinov\u00e9 dobrodru\u017estv\u00e1:<\/strong> Pre skupiny s\u00fa k dispoz\u00edcii zv\u00fdhodnen\u00e9 ceny, \u010do je ide\u00e1lna vo\u013eba pre oslavy alebo firemn\u00e9 podujatia. <a href=\"https:\/\/canaryvip.com\/sk\/contact\/\">Kontaktujte n\u00e1\u0161 t\u00edm<\/a> pre individu\u00e1lne \u00fapravy.<\/li>\n<\/ul>\n<h3><strong>\ud83d\udde1\ufe0f Zapojte sa do vzru\u0161enia<\/strong><\/h3>\n<ul>\n<li>Ar\u00e9na s \u00f4smimi rytiermi a ich jazdcami je predstaven\u00edm stredovekej udatnosti a pon\u00faka ka\u017ed\u00e9mu hos\u0165ovi miesto v prvej rade. Ve\u010der je pln\u00fd interakt\u00edvnej z\u00e1bavy, ktor\u00e1 v\u00e1m umo\u017en\u00ed fandi\u0165 svojmu rytierovi a c\u00edti\u0165 sa ako s\u00fa\u010das\u0165 historickej dr\u00e1my.<\/li>\n<\/ul>\n<h3><strong>\ud83c\udf89 Usporiadajte podujatie na z\u00e1mku<\/strong><\/h3>\n<ul>\n<li>Castillo San Miguel nie je len miestom konania Stredovekej noci, ale je k dispoz\u00edcii aj na s\u00fakromn\u00e9 rezerv\u00e1cie. \u010ci u\u017e pl\u00e1nujete narodeniny, svadbu alebo firemn\u00e9 stretnutie, hrad poskytuje jedine\u010dn\u00fa kulisu, ktor\u00e1 s\u013eubuje, \u017ee va\u0161a udalos\u0165 bude nezabudnute\u013en\u00e1.<\/li>\n<\/ul>\n<h3><strong>\ud83c\udf72 Hostina na veky:<\/strong><\/h3>\n<p>Doprajte si menu, ktor\u00e9 vyhovie v\u0161etk\u00fdm chutiam, vr\u00e1tane vegetari\u00e1nskych a detsk\u00fdch jed\u00e1l na po\u017eiadanie. Hostina sa za\u010d\u00edna kr\u00e9movou zeleninovou polievkou, nasleduje jemn\u00e9 kuracie fil\u00e9 v hubovej om\u00e1\u010dke a kon\u010d\u00ed sa lahodnou zmrzlinovou tortou poliatou \u010dokol\u00e1dovou om\u00e1\u010dkou.<\/p>\n<h3><strong>\u2696\ufe0f Z\u00e1sady rezerv\u00e1cie a zru\u0161enia rezerv\u00e1cie:<\/strong><\/h3>\n<ul>\n<li><strong>Predbe\u017en\u00e9 rezerv\u00e1cie:<\/strong> Zabezpe\u010dte si svoje miesto v\u010das, aby ste mohli vyu\u017ei\u0165 na\u0161e najlep\u0161ie ceny a zjednodu\u0161ili si pl\u00e1novanie. CanaryVIP zaru\u010duje najlep\u0161iu cenu za nezabudnute\u013en\u00fa noc.<\/li>\n<li><strong>Flexibiln\u00e9 zru\u0161enie:<\/strong> U\u017eite si pokoj s bezplatn\u00fdm zru\u0161en\u00edm rezerv\u00e1cie a\u017e 24 hod\u00edn pred pl\u00e1novanou n\u00e1v\u0161tevou. T\u00e1to flexibilita zaru\u010duje, \u017ee sa va\u0161e pl\u00e1ny m\u00f4\u017eu prisp\u00f4sobi\u0165 pod\u013ea potreby bez sankci\u00ed.<\/li>\n<\/ul>\n<h3><strong>\ud83d\ude97 Cesta na hrad:<\/strong><\/h3>\n<ul>\n<li><strong>Pr\u00edchod:<\/strong> Nach\u00e1dza sa v <a href=\"https:\/\/maps.app.goo.gl\/RrDijRjT4TvLiJkT6\" target=\"_blank\" rel=\"noopener\">San Miguel,<\/a>\u00a0, hrad pon\u00faka dostatok bezplatn\u00e9ho parkoviska. Pre t\u00fdch, ktor\u00ed vyu\u017e\u00edvaj\u00fa verejn\u00fa dopravu alebo volite\u013en\u00fa slu\u017ebu vyzdvihnutia, bud\u00fa podrobnosti poskytnut\u00e9 pri rezerv\u00e1cii.<\/li>\n<\/ul>\n<h4><strong>\ud83c\udf0c \u010cak\u00e1 v\u00e1s ve\u010der pln\u00fd stredovekej m\u00e1gie<\/strong><\/h4>\n<p>Nech je stredovek\u00e1 noc na hrade Castillo San Miguel vrcholom va\u0161ej n\u00e1v\u0161tevy Tenerife. Rezervujte si svoje dobrodru\u017estvo e\u0161te dnes a vst\u00fapte do sveta, v ktorom o\u017e\u00edva hist\u00f3ria spolu so vzru\u0161uj\u00facou z\u00e1bavou, vynikaj\u00facou kuchy\u0148ou a srde\u010dnou stredovekou pohostinnos\u0165ou. \ud83c\udff0\ud83c\udf56<\/p>","protected":false},"excerpt":{"rendered":"<p><strong>\ud83d\udd0d Stredovek\u00e1 v\u00fdstava Highlights:<\/strong><br \/>\n\u2705 Bezpe\u010dn\u00e1 platba.<br \/>\n\ud83d\udd25 \u00da\u017easn\u00e9 a z\u00e1bavn\u00e9 predstavenie.<br \/>\n\ud83d\udcc5 Utorky, \u0161tvrtky a soboty.<br \/>\n\u23f0 Zobrazi\u0165: 19:00 - 21:30.<br \/>\n\ud83c\udf5b Ve\u010dera v cene.<br \/>\n\ud83c\udf77 Vr\u00e1tane v\u00edna, d\u017e\u00fasu a vody.<br \/>\n\ud83c\udf0d Angli\u010dtina Hostite\u013e.<br \/>\n\ud83d\ude8c Volite\u013en\u00fd kyvadlov\u00fd autobus.<br \/>\n\ud83e\udd11 Garancia najlep\u0161ej ceny.<br \/>\n\ud83d\udc6a Z\u013eavy pre skupinov\u00e9 rezerv\u00e1cie.<br \/>\n\ud83d\udd01 Bezplatn\u00e9 zru\u0161enie rezerv\u00e1cie do 24 hod\u00edn.<br \/>\n\ud83c\udf1f V\u010dasn\u00e1 rezerv\u00e1cia, r\u00fdchlo sa zap\u013a\u0148a!<br \/>\n\ud83d\udccd Miesto konania na adrese <a href=\"https:\/\/maps.app.goo.gl\/RrDijRjT4TvLiJkT6\">Castillo San Miguel<\/a>.<\/p>","protected":false},"featured_media":9786,"comment_status":"open","ping_status":"closed","template":"","meta":{"_acf_changed":false},"product_brand":[],"product_cat":[59],"product_tag":[],"class_list":{"0":"post-9783","1":"product","2":"type-product","3":"status-publish","4":"has-post-thumbnail","6":"product_cat-evening-shows","7":"wcpa_has_options","9":"first","10":"instock","11":"virtual","12":"purchasable","13":"product-type-simple"},"acf":[],"wcpa_form_fields":{"wcpaData":{"product":{"product_price":49.5,"price_html":"From&nbsp;<span class=\"woocommerce-Price-amount amount\"><bdi>49,50&nbsp;<span class=\"woocommerce-Price-currencySymbol\">&euro;<\/span><\/bdi><\/span>","original_product_price":49.5,"price_including_tax":49.5,"price_excluding_tax":49.5,"product_id":{"parent":9783,"variation":false},"is_variable":false,"stock_status":"instock","stock_quantity":null,"parent_sku":"CV9783","product_attributes":[],"custom_fields":[],"is_taxable":false,"product_name":"Book Medieval Dinner Show Tenerife","hasImage":false},"fields":{"sec_2661b048086dd5":{"extra":{"key":"sec_2661b048086dd5","section_id":"sec_2661b048086dd5","name":"Default","status":1,"cl_rule":"show","enableCl":false,"relations":[],"toggle":true,"title_tag":"h3","show_title":false,"showPrice":"default","form_id":11248,"form_rules":{"exclude_from_discount":true,"fee_label":"Fee","disp_hide_options_price":true,"disp_show_section_price":false,"disp_show_field_price":true,"layout_option":"standard","pric_use_as_fee":false,"process_fee_as":"woo_fee"},"layout_option":"standard"},"fields":[[{"label":"\ud83d\udcc5 Date","active":true,"required":true,"elementId":"date_6661b048086df5","picker_type":"custom","picker_mode":"single","placeholder":"","description":"","tooltip":"","name":"date_6661b048086df5","label_position":"default","desc_position":"default","enablePrice":false,"className":"","enableCl":false,"relations":[{"operator":"and","rules":[{"operator":"AND","rules":{"cl_field":"radio-group_0661b048086e04","cl_relation":"is_not_empty","cl_val":"3 Hour Trip"}}]}],"date_pic_inline":true,"date_pic_inline_hide":true,"min_date":{"type":"days","val":"1"},"max_date":{"type":"days","val":"365"},"date_pic_conf":{"disabledWeeks":[0,1,3,5]},"price":"","cl_rule":"show","col":6,"type":"date","error":false,"enableDesign":false,"LabelColor":"","gt_translate_keys":["label","placeholder","description","tooltip"],"price_dependency":false,"cl_dependency":false,"value":""}],[{"active":true,"col":6,"relations":[{"operator":false,"rules":[{"operator":"AND","rules":{"cl_field":"","cl_relation":"","cl_val":""}}]}],"cl_rule":"show","enableCl":false,"price":"","enablePrice":false,"className":"","label_position":"default","desc_position":"default","type":"radio-group","required":true,"elementId":"radio-group_0661b048086e04","label":"\ud83c\udf1f Type of Ticket","name":"radio-group_0661b048086e04","values":[{"label":"Regular Entrance (49,50\u20ac)","value":"Regular Entrance","selected":false,"tempId":"aco_28","description":"Enjoy the live show, dinner and unlimited drinks.","gt_translate_keys":["label","description"]},{"label":"VIP Entrance (59,50\u20ac)","value":"VIP Entrance","selected":false,"tempId":"aco_29","description":"Enjoy the live show, dinner, and unlimited drinks. Upgrade to VIP for priority entry, a welcome glass of cava, and premium seating for the best views.","gt_translate_keys":["label","description"]}],"layOut":"","error":false,"checkUi":"toggle","enableDesign":false,"scrollBar":false,"description":"","other":false,"options_description":true,"show_selected_option":false,"gt_translate_keys":["label","description"],"price_dependency":false,"cl_dependency":[false,false,false],"value":""}]]},"sec_10661b048086e05":{"extra":{"key":"sec_10661b048086e05","section_id":"sec_10661b048086e05","name":"Regular","status":1,"cl_rule":"show","enableCl":true,"relations":[{"operator":false,"rules":[{"operator":"AND","rules":{"cl_field":"radio-group_0661b048086e04","cl_relation":"is","cl_val":"Regular Entrance"}}]}],"toggle":true,"title_tag":"h4","show_title":false,"showPrice":"default","form_id":11248,"form_rules":{"exclude_from_discount":true,"fee_label":"Fee","disp_hide_options_price":true,"disp_show_section_price":false,"disp_show_field_price":true,"layout_option":"standard","pric_use_as_fee":false,"process_fee_as":"woo_fee"},"layout_option":"standard"},"fields":[[{"elementId":"separator_6661b048086e1c","separatorType":"blank","className":"","height":"5","enableCl":false,"relations":false,"cl_rule":"show","col":6,"type":"separator","error":false,"gt_translate_keys":[],"price_dependency":false,"cl_dependency":false,"value":""}],[{"active":true,"col":6,"relations":false,"cl_rule":"show","enableCl":false,"price":"","enablePrice":false,"className":"","label_position":"default","desc_position":"default","type":"content","required":false,"elementId":"content_4661b048086e26","label":"People","name":"content_4661b048086e26","contentType":"plain","value":"","error":false,"show_in_checkout":true,"inline":false,"gt_translate_keys":["label","value"],"price_dependency":false,"cl_dependency":false}],[{"active":true,"col":6,"relations":[{"operator":false,"rules":[{"operator":"AND","rules":{"cl_field":"","cl_relation":"","cl_val":""}}]}],"cl_rule":"show","enableCl":true,"price":"49,50","enablePrice":true,"className":"","label_position":"default","desc_position":"default","type":"radio-group","required":false,"elementId":"radio-group_5661b048086e31","label":"","name":"radio-group_5661b048086e31","values":[{"label":"\ud83d\udc64 Adult (49,50\u20ac)","value":"Adult","selected":true,"tempId":"aco_32","tooltip":"+14 Years","description":"","gt_translate_keys":["label","tooltip","description"]}],"layOut":"","error":false,"checkUi":"button","priceOptions":"fixed_for_all","pricingType":"fixed","enable_quantity":true,"quantity_label":"","min_quantity":"0","options_tooltip":true,"options_description":true,"gt_translate_keys":["label","quantity_label"],"price_dependency":false,"cl_dependency":false,"value":""}],[{"label":"","active":true,"required":false,"elementId":"radio-group_9661b048086e3b","name":"radio-group_9661b048086e3b","label_position":"default","desc_position":"default","enablePrice":true,"className":"","enableCl":true,"relations":[{"operator":false,"rules":[{"operator":"AND","rules":{"cl_field":"","cl_relation":"","cl_val":""}}]}],"enable_quantity":true,"quantity_label":"","min_quantity":"0","checkUi":"button","layOut":"","options_tooltip":true,"options_description":true,"values":[{"label":"\ud83d\udc66 Child (29\u20ac)","value":"Child","selected":true,"tempId":"aco_32","tooltip":"2-13 Years","description":"","gt_translate_keys":["label","tooltip","description"]}],"priceOptions":"fixed_for_all","pricingType":"fixed","price":"29","cl_rule":"show","col":6,"type":"radio-group","error":false,"gt_translate_keys":["label","quantity_label"],"price_dependency":false,"cl_dependency":false,"value":""}]]},"sec_6661b048086e3c":{"extra":{"key":"sec_6661b048086e3c","section_id":"sec_6661b048086e3c","name":"VIP","status":1,"cl_rule":"show","enableCl":true,"relations":[{"operator":false,"rules":[{"operator":"AND","rules":{"cl_field":"radio-group_0661b048086e04","cl_relation":"is","cl_val":"VIP Entrance"}}]}],"toggle":true,"title_tag":"h4","show_title":false,"showPrice":"default","form_id":11248,"form_rules":{"exclude_from_discount":true,"fee_label":"Fee","disp_hide_options_price":true,"disp_show_section_price":false,"disp_show_field_price":true,"layout_option":"standard","pric_use_as_fee":false,"process_fee_as":"woo_fee"},"layout_option":"standard"},"fields":[[{"elementId":"separator_3661b048086e46","separatorType":"blank","className":"","height":"5","enableCl":false,"relations":false,"cl_rule":"show","col":6,"type":"separator","error":false,"gt_translate_keys":[],"price_dependency":false,"cl_dependency":false,"value":""}],[{"contentType":"plain","active":true,"label":"People","elementId":"content_3661b048086e4f","value":"","inline":false,"show_in_checkout":true,"name":"content_3661b048086e4f","enablePrice":false,"className":"","enableCl":false,"relations":false,"price":"","cl_rule":"show","col":6,"type":"content","error":false,"gt_translate_keys":["label","value"],"price_dependency":false,"cl_dependency":false}],[{"label":"","active":true,"required":false,"elementId":"radio-group_4661b048086e5a","name":"radio-group_4661b048086e5a","label_position":"default","desc_position":"default","enablePrice":true,"className":"","enableCl":false,"relations":[{"operator":false,"rules":[{"operator":"AND","rules":{"cl_field":"","cl_relation":"","cl_val":""}}]}],"enable_quantity":true,"quantity_label":"","min_quantity":"0","checkUi":"button","layOut":"","options_tooltip":true,"values":[{"label":"\ud83d\udc64 Adult (59,50\u20ac)","value":"Adult","selected":true,"tempId":"aco_32","tooltip":"+14 Years","gt_translate_keys":["label","tooltip"]}],"priceOptions":"fixed_for_all","pricingType":"fixed","price":"59,50","cl_rule":"show","col":6,"type":"radio-group","error":false,"gt_translate_keys":["label","quantity_label"],"price_dependency":false,"cl_dependency":false,"value":""}],[{"label":"","active":true,"required":false,"elementId":"radio-group_2661b048086e64","name":"radio-group_2661b048086e64","label_position":"default","desc_position":"default","enablePrice":true,"className":"","enableCl":true,"relations":[{"operator":false,"rules":[{"operator":"AND","rules":{"cl_field":"","cl_relation":"","cl_val":""}}]}],"enable_quantity":true,"quantity_label":"","min_quantity":"0","checkUi":"button","layOut":"","options_tooltip":true,"options_description":true,"values":[{"label":"\ud83d\udc66 Child (35\u20ac)","value":"Child","selected":true,"tempId":"aco_32","tooltip":"2-13 Years","description":"","gt_translate_keys":["label","tooltip","description"]}],"priceOptions":"fixed_for_all","pricingType":"fixed","price":"35","cl_rule":"show","col":6,"type":"radio-group","error":false,"gt_translate_keys":["label","quantity_label"],"price_dependency":false,"cl_dependency":false,"value":""}]]},"sec_8661b048086e65":{"extra":{"key":"sec_8661b048086e65","section_id":"sec_8661b048086e65","name":"Shuttle Service?","status":1,"cl_rule":"show","enableCl":true,"relations":[{"operator":false,"rules":[{"operator":"AND","rules":{"cl_field":"radio-group_0661b048086e04","cl_relation":"is_not_empty","cl_val":""}}]}],"toggle":true,"title_tag":"h4","show_title":false,"showPrice":"default","form_id":11248,"form_rules":{"exclude_from_discount":true,"fee_label":"Fee","disp_hide_options_price":true,"disp_show_section_price":false,"disp_show_field_price":true,"layout_option":"standard","pric_use_as_fee":false,"process_fee_as":"woo_fee"},"layout_option":"standard"},"fields":[[{"active":true,"col":6,"relations":false,"cl_rule":"show","enableCl":false,"price":"({field.radio-group_5661b048086e31.quantity}*15)+({field.radio-group_9661b048086e3b.quantity}*10)+({field.radio-group_4661b048086e5a.quantity}*15)+({field.radio-group_2661b048086e64.quantity}*10)","enablePrice":true,"className":"","label_position":"default","desc_position":"below","type":"checkbox","required":false,"elementId":"checkbox_9661b048086e6e","label":"Bus Transfer? (15\u20ac)","name":"checkbox_9661b048086e6e","value":"","check_value":"Yes","checkUi":"toggle","error":false,"description":"Pick-up from your hotel in south Tenerife available for an extra \u20ac15\/adult and \u20ac10\/child.","pricingType":"custom","isTemplate":false,"gt_translate_keys":["label","description","value","check_value"],"price_dependency":false,"cl_dependency":["text_0974037831"]}],[{"active":true,"col":6,"relations":[{"operator":false,"rules":[{"operator":"AND","rules":{"cl_field":"checkbox_9661b048086e6e","cl_relation":"is","cl_val":true}}]}],"cl_rule":"show","enableCl":true,"price":"","enablePrice":false,"className":"","label_position":"default","desc_position":"default","type":"text","subtype":"text","required":false,"elementId":"text_0974037831","label":"\ud83d\ude8c Pickup Location","name":"text_0974037831","value":"","error":false,"description":"Pick-up service in South Tenerife. Simply provide your address or hotel name.","gt_translate_keys":["label","description","value"],"price_dependency":false,"cl_dependency":false}]]}},"config":{"price_override":"always","enable_recaptcha":false,"bind_quantity":false,"quantity_bind_formula":false,"disp_summ_show_option_price":true,"disp_summ_show_product_price":false,"disp_summ_show_total_price":true,"disp_summ_show_fee":true,"disp_summ_show_discount":true,"summary_title":"","options_total_label":"Options Price","total_label":"Total Amount","options_product_label":"Product Price","fee_label":"Fee","discount_label":"Discount","has_price":true,"has_quantity_formula":false},"mc_unit":1,"tax_rate":1,"tax_rate_real":1,"discount":{"percentage":0,"fixed":0},"design":{"conf":{"LabelPosition":"above","DescPosition":"above","UploadField":"custom_1","QuantityFieldStyle":"custom_1"},"css":{"LeftLabelWidth":"120px"}},"formulas":[],"lookuptables":[],"clones":false,"cartKey":false}},"_links":{"self":[{"href":"https:\/\/canaryvip.com\/sk\/wp-json\/wp\/v2\/product\/9783","targetHints":{"allow":["GET"]}}],"collection":[{"href":"https:\/\/canaryvip.com\/sk\/wp-json\/wp\/v2\/product"}],"about":[{"href":"https:\/\/canaryvip.com\/sk\/wp-json\/wp\/v2\/types\/product"}],"replies":[{"embeddable":true,"href":"https:\/\/canaryvip.com\/sk\/wp-json\/wp\/v2\/comments?post=9783"}],"wp:featuredmedia":[{"embeddable":true,"href":"https:\/\/canaryvip.com\/sk\/wp-json\/wp\/v2\/media\/9786"}],"wp:attachment":[{"href":"https:\/\/canaryvip.com\/sk\/wp-json\/wp\/v2\/media?parent=9783"}],"wp:term":[{"taxonomy":"product_brand","embeddable":true,"href":"https:\/\/canaryvip.com\/sk\/wp-json\/wp\/v2\/product_brand?post=9783"},{"taxonomy":"product_cat","embeddable":true,"href":"https:\/\/canaryvip.com\/sk\/wp-json\/wp\/v2\/product_cat?post=9783"},{"taxonomy":"product_tag","embeddable":true,"href":"https:\/\/canaryvip.com\/sk\/wp-json\/wp\/v2\/product_tag?post=9783"}],"curies":[{"name":"wp","href":"https:\/\/api.w.org\/{rel}","templated":true}]}}